{"id":19265,"date":"2025-04-19T12:17:14","date_gmt":"2025-04-19T12:17:14","guid":{"rendered":"https:\/\/protectiva.pl\/?post_type=product&amp;p=19187"},"modified":"2025-04-19T12:17:14","modified_gmt":"2025-04-19T12:17:14","slug":"easy-hd-fistel-on-off-kit-iv-i","status":"publish","type":"product","link":"https:\/\/protectiva.de\/de\/produkt\/easy-hd-fistel-on-off-kit-iv-i\/","title":{"rendered":"EASY HD Fistula On\/Off KIT IV.I"},"content":{"rendered":"<table class=\"inverse-table\" style=\"height: 184px;\" width=\"528\">\n<tbody>\n<tr>\n<td>Anschlussset<\/td>\n<td><\/td>\n<\/tr>\n<tr>\n<td>1x schlichtes Tuch<\/td>\n<td>40x50cm<\/td>\n<\/tr>\n<tr>\n<td>6x Vliestupfer<\/td>\n<td>7,5\u00d77,5cm<\/td>\n<\/tr>\n<tr>\n<td>8x Gips<\/td>\n<td>2,5x15cm<\/td>\n<\/tr>\n<tr>\n<td>Trennset<\/td>\n<td><\/td>\n<\/tr>\n<tr>\n<td>4x Vliesball<\/td>\n<td>\u00d83<\/td>\n<\/tr>\n<tr>\n<td>2x Wundauflage<\/td>\n<td>5\u00d77,5cm<\/td>\n<\/tr>\n<\/tbody>\n<\/table>","protected":false},"excerpt":{"rendered":"<p>Protectiva entwirft, entwickelt und individualisiert Behandlungssets speziell f\u00fcr Fistel- und Kathetertherapien. EASY HD Kits werden unter Ber\u00fccksichtigung von Pflegegewohnheiten, Verfahrensstandards und vor allem der Patientensicherheit und des Patientenkomforts hergestellt. EASY HD Kits sind umfassend und enthalten alle notwendigen Verbandmaterialien und Komponenten f\u00fcr die Fistel- und Katheterkonnektion. Neben der Reduzierung des Infektionsrisikos, die bei der Dialyse entscheidend ist, bieten EASY HD Kits weitere Vorteile:<\/p>\n<ul class=\"mt-3\">\n<li>Mehr Zeit f\u00fcr die direkte Patientenversorgung<\/li>\n<li>Verk\u00fcrzung der Reaktionszeiten im Notfall<\/li>\n<li>R\u00fcckgang des Klinikabfalls in den Zentren<\/li>\n<li>Verbesserte R\u00fcckverfolgbarkeit im Einkauf und Lager<\/li>\n<li>Reduzierung der Einkaufs- und Verwaltungskosten<\/li>\n<li>Standardisierung der Verfahren<\/li>\n<li>Optimierung des Dialysebetriebs<\/li>\n<li>Patientenzufriedenheit<\/li>\n<li>Kosteneffizienz<\/li>\n<\/ul>\n<div id=\"gtx-trans\" style=\"position: absolute; left: -207px; top: -10px;\">\n<div class=\"gtx-trans-icon\"><\/div>\n<\/div>","protected":false},"featured_media":19322,"comment_status":"open","ping_status":"closed","template":"","meta":[],"product_brand":[],"product_cat":[258,270],"product_tag":[],"class_list":{"0":"post-19265","1":"product","2":"type-product","3":"status-publish","4":"has-post-thumbnail","6":"product_cat-easy-hd","7":"product_cat-easy-hd-fistula-kits","9":"first","10":"instock","11":"shipping-taxable","12":"product-type-simple"},"yoast_head":"<!-- This site is optimized with the Yoast SEO plugin v26.2 - https:\/\/yoast.com\/wordpress\/plugins\/seo\/ -->\n<title>EASY HD Fistula On\/Off KIT IV.I - Protectiva.pl \u2013 Professionelle Medizinische und Hygieneprodukte | CE- &amp; ISO-zertifiziert<\/title>\n<meta name=\"robots\" content=\"index, follow, max-snippet:-1, max-image-preview:large, max-video-preview:-1\" \/>\n<link rel=\"canonical\" href=\"https:\/\/protectiva.de\/de\/?product=easy-hd-fistula-on-off-kit-iv-i\" \/>\n<meta property=\"og:locale\" content=\"de_DE\" \/>\n<meta property=\"og:type\" content=\"article\" \/>\n<meta property=\"og:title\" content=\"EASY HD Fistula On\/Off KIT IV.I - Protectiva.pl \u2013 Professionelle Medizinische und Hygieneprodukte | CE- &amp; ISO-zertifiziert\" \/>\n<meta property=\"og:description\" content=\"Protectiva designs, develops and customizes procedure kits specifically tailored for fistula and catheter therapies. EASY HD Kits are produced according to nursing habits, procedural standards, and most importantly patient safety and comfort. EASY HD Kits are comprehensive, containing all the necessary dressing materials and components for fistula and catheter connection&amp;disconnection procedures. Beyond the reduction of infection risks, which is crucial in dialysis, EASY HD Kits brings several additional benefits:  More time for direct patient care  Reduction in emergency response times  Decrease in clinical waste in the centers  Enhanced traceability in purchasing and inventory  Reduction in purchasing and administration costs  Standardization in procedures  Optimizing dialysis operations  Patient satisfaction  Cost-effectiveness\" \/>\n<meta property=\"og:url\" content=\"https:\/\/protectiva.de\/de\/?product=easy-hd-fistula-on-off-kit-iv-i\" \/>\n<meta property=\"og:site_name\" content=\"Protectiva.pl \u2013 Professionelle Medizinische und Hygieneprodukte | CE- &amp; ISO-zertifiziert\" \/>\n<meta property=\"og:image\" content=\"https:\/\/protectiva.de\/wp-content\/uploads\/2025\/04\/59.jpg\" \/>\n\t<meta property=\"og:image:width\" content=\"688\" \/>\n\t<meta property=\"og:image:height\" content=\"459\" \/>\n\t<meta property=\"og:image:type\" content=\"image\/jpeg\" \/>\n<meta name=\"twitter:card\" content=\"summary_large_image\" \/>\n<script type=\"application\/ld+json\" class=\"yoast-schema-graph\">{\"@context\":\"https:\/\/schema.org\",\"@graph\":[{\"@type\":\"WebPage\",\"@id\":\"https:\/\/protectiva.de\/?product=easy-hd-fistula-on-off-kit-iv-i\",\"url\":\"https:\/\/protectiva.de\/?product=easy-hd-fistula-on-off-kit-iv-i\",\"name\":\"EASY HD Fistula On\/Off KIT IV.I - Protectiva.pl \u2013 Professionelle Medizinische und Hygieneprodukte | CE- &amp; ISO-zertifiziert\",\"isPartOf\":{\"@id\":\"https:\/\/protectiva.de\/#website\"},\"primaryImageOfPage\":{\"@id\":\"https:\/\/protectiva.de\/?product=easy-hd-fistula-on-off-kit-iv-i#primaryimage\"},\"image\":{\"@id\":\"https:\/\/protectiva.de\/?product=easy-hd-fistula-on-off-kit-iv-i#primaryimage\"},\"thumbnailUrl\":\"https:\/\/protectiva.de\/wp-content\/uploads\/2025\/04\/59.jpg\",\"datePublished\":\"2025-04-19T12:17:14+00:00\",\"breadcrumb\":{\"@id\":\"https:\/\/protectiva.de\/?product=easy-hd-fistula-on-off-kit-iv-i#breadcrumb\"},\"inLanguage\":\"de\",\"potentialAction\":[{\"@type\":\"ReadAction\",\"target\":[\"https:\/\/protectiva.de\/?product=easy-hd-fistula-on-off-kit-iv-i\"]}]},{\"@type\":\"ImageObject\",\"inLanguage\":\"de\",\"@id\":\"https:\/\/protectiva.de\/?product=easy-hd-fistula-on-off-kit-iv-i#primaryimage\",\"url\":\"https:\/\/protectiva.de\/wp-content\/uploads\/2025\/04\/59.jpg\",\"contentUrl\":\"https:\/\/protectiva.de\/wp-content\/uploads\/2025\/04\/59.jpg\",\"width\":688,\"height\":459},{\"@type\":\"BreadcrumbList\",\"@id\":\"https:\/\/protectiva.de\/?product=easy-hd-fistula-on-off-kit-iv-i#breadcrumb\",\"itemListElement\":[{\"@type\":\"ListItem\",\"position\":1,\"name\":\"Home\",\"item\":\"https:\/\/protectiva.de\/\"},{\"@type\":\"ListItem\",\"position\":2,\"name\":\"All Products\",\"item\":\"https:\/\/protectiva.de\/shop\/\"},{\"@type\":\"ListItem\",\"position\":3,\"name\":\"EASY HD Fistula On\/Off KIT IV.I\"}]},{\"@type\":\"WebSite\",\"@id\":\"https:\/\/protectiva.de\/#website\",\"url\":\"https:\/\/protectiva.de\/\",\"name\":\"Protectiva\",\"description\":\"Innovative Medical Solutions Protectiva.de bietet hochwertige medizinische und Hygieneprodukte. Zuverl\u00e4ssige Schutzausr\u00fcstung, Sterilisationsl\u00f6sungen und Gesundheitsversorgung gem\u00e4\u00df CE- und ISO-Standards f\u00fcr Krankenh\u00e4user und Kliniken. Die ideale Wahl f\u00fcr sichere und komfortable Gesundheitsumgebungen.\",\"publisher\":{\"@id\":\"https:\/\/protectiva.de\/#organization\"},\"potentialAction\":[{\"@type\":\"SearchAction\",\"target\":{\"@type\":\"EntryPoint\",\"urlTemplate\":\"https:\/\/protectiva.de\/?s={search_term_string}\"},\"query-input\":{\"@type\":\"PropertyValueSpecification\",\"valueRequired\":true,\"valueName\":\"search_term_string\"}}],\"inLanguage\":\"de\"},{\"@type\":\"Organization\",\"@id\":\"https:\/\/protectiva.de\/#organization\",\"name\":\"Protectiva\",\"url\":\"https:\/\/protectiva.de\/\",\"logo\":{\"@type\":\"ImageObject\",\"inLanguage\":\"de\",\"@id\":\"https:\/\/protectiva.de\/#\/schema\/logo\/image\/\",\"url\":\"https:\/\/protectiva.de\/wp-content\/uploads\/2025\/03\/logo-protectiva-son-hali.png\",\"contentUrl\":\"https:\/\/protectiva.de\/wp-content\/uploads\/2025\/03\/logo-protectiva-son-hali.png\",\"width\":1140,\"height\":585,\"caption\":\"Protectiva\"},\"image\":{\"@id\":\"https:\/\/protectiva.de\/#\/schema\/logo\/image\/\"}}]}<\/script>\n<!-- \/ Yoast SEO plugin. -->","yoast_head_json":{"title":"EASY HD Fistula On\/Off KIT IV.I - Protectiva.pl \u2013 Professionelle Medizinische und Hygieneprodukte | CE- &amp; ISO-zertifiziert","robots":{"index":"index","follow":"follow","max-snippet":"max-snippet:-1","max-image-preview":"max-image-preview:large","max-video-preview":"max-video-preview:-1"},"canonical":"https:\/\/protectiva.de\/de\/?product=easy-hd-fistula-on-off-kit-iv-i","og_locale":"de_DE","og_type":"article","og_title":"EASY HD Fistula On\/Off KIT IV.I - Protectiva.pl \u2013 Professionelle Medizinische und Hygieneprodukte | CE- &amp; ISO-zertifiziert","og_description":"Protectiva designs, develops and customizes procedure kits specifically tailored for fistula and catheter therapies. EASY HD Kits are produced according to nursing habits, procedural standards, and most importantly patient safety and comfort. EASY HD Kits are comprehensive, containing all the necessary dressing materials and components for fistula and catheter connection&amp;disconnection procedures. Beyond the reduction of infection risks, which is crucial in dialysis, EASY HD Kits brings several additional benefits:  More time for direct patient care  Reduction in emergency response times  Decrease in clinical waste in the centers  Enhanced traceability in purchasing and inventory  Reduction in purchasing and administration costs  Standardization in procedures  Optimizing dialysis operations  Patient satisfaction  Cost-effectiveness","og_url":"https:\/\/protectiva.de\/de\/?product=easy-hd-fistula-on-off-kit-iv-i","og_site_name":"Protectiva.pl \u2013 Professionelle Medizinische und Hygieneprodukte | CE- &amp; ISO-zertifiziert","og_image":[{"width":688,"height":459,"url":"https:\/\/protectiva.de\/wp-content\/uploads\/2025\/04\/59.jpg","type":"image\/jpeg"}],"twitter_card":"summary_large_image","schema":{"@context":"https:\/\/schema.org","@graph":[{"@type":"WebPage","@id":"https:\/\/protectiva.de\/?product=easy-hd-fistula-on-off-kit-iv-i","url":"https:\/\/protectiva.de\/?product=easy-hd-fistula-on-off-kit-iv-i","name":"EASY HD Fistula On\/Off KIT IV.I - Protectiva.pl \u2013 Professionelle Medizinische und Hygieneprodukte | CE- &amp; ISO-zertifiziert","isPartOf":{"@id":"https:\/\/protectiva.de\/#website"},"primaryImageOfPage":{"@id":"https:\/\/protectiva.de\/?product=easy-hd-fistula-on-off-kit-iv-i#primaryimage"},"image":{"@id":"https:\/\/protectiva.de\/?product=easy-hd-fistula-on-off-kit-iv-i#primaryimage"},"thumbnailUrl":"https:\/\/protectiva.de\/wp-content\/uploads\/2025\/04\/59.jpg","datePublished":"2025-04-19T12:17:14+00:00","breadcrumb":{"@id":"https:\/\/protectiva.de\/?product=easy-hd-fistula-on-off-kit-iv-i#breadcrumb"},"inLanguage":"de","potentialAction":[{"@type":"ReadAction","target":["https:\/\/protectiva.de\/?product=easy-hd-fistula-on-off-kit-iv-i"]}]},{"@type":"ImageObject","inLanguage":"de","@id":"https:\/\/protectiva.de\/?product=easy-hd-fistula-on-off-kit-iv-i#primaryimage","url":"https:\/\/protectiva.de\/wp-content\/uploads\/2025\/04\/59.jpg","contentUrl":"https:\/\/protectiva.de\/wp-content\/uploads\/2025\/04\/59.jpg","width":688,"height":459},{"@type":"BreadcrumbList","@id":"https:\/\/protectiva.de\/?product=easy-hd-fistula-on-off-kit-iv-i#breadcrumb","itemListElement":[{"@type":"ListItem","position":1,"name":"Home","item":"https:\/\/protectiva.de\/"},{"@type":"ListItem","position":2,"name":"All Products","item":"https:\/\/protectiva.de\/shop\/"},{"@type":"ListItem","position":3,"name":"EASY HD Fistula On\/Off KIT IV.I"}]},{"@type":"WebSite","@id":"https:\/\/protectiva.de\/#website","url":"https:\/\/protectiva.de\/","name":"Protectiva","description":"Innovative Medical Solutions Protectiva.de bietet hochwertige medizinische und Hygieneprodukte. Zuverl\u00e4ssige Schutzausr\u00fcstung, Sterilisationsl\u00f6sungen und Gesundheitsversorgung gem\u00e4\u00df CE- und ISO-Standards f\u00fcr Krankenh\u00e4user und Kliniken. Die ideale Wahl f\u00fcr sichere und komfortable Gesundheitsumgebungen.","publisher":{"@id":"https:\/\/protectiva.de\/#organization"},"potentialAction":[{"@type":"SearchAction","target":{"@type":"EntryPoint","urlTemplate":"https:\/\/protectiva.de\/?s={search_term_string}"},"query-input":{"@type":"PropertyValueSpecification","valueRequired":true,"valueName":"search_term_string"}}],"inLanguage":"de"},{"@type":"Organization","@id":"https:\/\/protectiva.de\/#organization","name":"Protectiva","url":"https:\/\/protectiva.de\/","logo":{"@type":"ImageObject","inLanguage":"de","@id":"https:\/\/protectiva.de\/#\/schema\/logo\/image\/","url":"https:\/\/protectiva.de\/wp-content\/uploads\/2025\/03\/logo-protectiva-son-hali.png","contentUrl":"https:\/\/protectiva.de\/wp-content\/uploads\/2025\/03\/logo-protectiva-son-hali.png","width":1140,"height":585,"caption":"Protectiva"},"image":{"@id":"https:\/\/protectiva.de\/#\/schema\/logo\/image\/"}}]}},"_links":{"self":[{"href":"https:\/\/protectiva.de\/de\/wp-json\/wp\/v2\/product\/19265","targetHints":{"allow":["GET"]}}],"collection":[{"href":"https:\/\/protectiva.de\/de\/wp-json\/wp\/v2\/product"}],"about":[{"href":"https:\/\/protectiva.de\/de\/wp-json\/wp\/v2\/types\/product"}],"replies":[{"embeddable":true,"href":"https:\/\/protectiva.de\/de\/wp-json\/wp\/v2\/comments?post=19265"}],"wp:featuredmedia":[{"embeddable":true,"href":"https:\/\/protectiva.de\/de\/wp-json\/wp\/v2\/media\/19322"}],"wp:attachment":[{"href":"https:\/\/protectiva.de\/de\/wp-json\/wp\/v2\/media?parent=19265"}],"wp:term":[{"taxonomy":"product_brand","embeddable":true,"href":"https:\/\/protectiva.de\/de\/wp-json\/wp\/v2\/product_brand?post=19265"},{"taxonomy":"product_cat","embeddable":true,"href":"https:\/\/protectiva.de\/de\/wp-json\/wp\/v2\/product_cat?post=19265"},{"taxonomy":"product_tag","embeddable":true,"href":"https:\/\/protectiva.de\/de\/wp-json\/wp\/v2\/product_tag?post=19265"}],"curies":[{"name":"wp","href":"https:\/\/api.w.org\/{rel}","templated":true}]}}