{"id":19250,"date":"2025-04-19T11:56:39","date_gmt":"2025-04-19T11:56:39","guid":{"rendered":"https:\/\/protectiva.pl\/?post_type=product&amp;p=19159"},"modified":"2025-04-19T11:56:39","modified_gmt":"2025-04-19T11:56:39","slug":"Protectiva-type-iir-mask","status":"publish","type":"product","link":"https:\/\/protectiva.de\/de\/produkt\/protectiva-typ-iir-maske-2\/","title":{"rendered":"Protectiva Typ IIR-Maske"},"content":{"rendered":"<table class=\"inverse-table\" style=\"height: 419px;\" width=\"857\">\n<tbody>\n<tr>\n<td>L\u00e4nge :<\/td>\n<td>175 mm<\/td>\n<\/tr>\n<tr>\n<td>Breite :<\/td>\n<td>95 mm<\/td>\n<\/tr>\n<tr>\n<td>H\u00f6he der Ohrschlaufe:<\/td>\n<td>75 mm<\/td>\n<\/tr>\n<tr>\n<td>Faltentiefe:<\/td>\n<td>10 mm<\/td>\n<\/tr>\n<tr>\n<td>L\u00e4nge der Nasenfl\u00e4che:<\/td>\n<td>85 mm<\/td>\n<\/tr>\n<tr>\n<td>Farbe :<\/td>\n<td>Blau<\/td>\n<\/tr>\n<tr>\n<td>Angewandte Normen:<\/td>\n<td>EN 14683+AC 2019-TYP IIR<\/td>\n<\/tr>\n<tr>\n<td>Qualit\u00e4tszertifikate:<\/td>\n<td>EN ISO 13485:2016, EN ISO 9001:2015<\/td>\n<\/tr>\n<tr>\n<td>Produktklassifizierung:<\/td>\n<td>Medizinprodukt nach RL 93\/42\/EWG, CE Klasse 1<\/td>\n<\/tr>\n<tr>\n<td>Bakterielle Filtrationseffizienz (BFE), %:<\/td>\n<td>=98<\/td>\n<\/tr>\n<tr>\n<td>Differenzdruck (Pa\/cm2):<\/td>\n<td>&lt;60<\/td>\n<\/tr>\n<tr>\n<td>Spritzwasserschutzdruck (kPa):<\/td>\n<td>=16,0<\/td>\n<\/tr>\n<tr>\n<td>Mikrobielle Sauberkeit (KBE\/g):<\/td>\n<td>=30<\/td>\n<\/tr>\n<tr>\n<td>Obermaterial<\/td>\n<td>Spinnvlies 25gr<\/td>\n<\/tr>\n<\/tbody>\n<\/table>","protected":false},"excerpt":{"rendered":"<p>Protectiva-Masken entsprechen internationalen Standards f\u00fcr bakterielle Filtrationseffizienz. Sie gew\u00e4hrleisten hohen Atemkomfort und reduzieren gleichzeitig die Partikel\u00fcbertragung. Protectiva-Masken sind in verschiedenen Farben f\u00fcr Erwachsene und Kinder erh\u00e4ltlich.<\/p>","protected":false},"featured_media":19310,"comment_status":"open","ping_status":"closed","template":"","meta":[],"product_brand":[],"product_cat":[262],"product_tag":[],"class_list":{"0":"post-19250","1":"product","2":"type-product","3":"status-publish","4":"has-post-thumbnail","6":"product_cat-masks","8":"first","9":"instock","10":"shipping-taxable","11":"product-type-simple"},"yoast_head":"<!-- This site is optimized with the Yoast SEO plugin v26.2 - https:\/\/yoast.com\/wordpress\/plugins\/seo\/ -->\n<title>Protectiva Type IIR Mask - Protectiva.pl \u2013 Professionelle Medizinische und Hygieneprodukte | CE- &amp; ISO-zertifiziert<\/title>\n<meta name=\"robots\" content=\"index, follow, max-snippet:-1, max-image-preview:large, max-video-preview:-1\" \/>\n<link rel=\"canonical\" href=\"https:\/\/protectiva.de\/de\/?product=Protectiva-type-iir-mask\" \/>\n<meta property=\"og:locale\" content=\"de_DE\" \/>\n<meta property=\"og:type\" content=\"article\" \/>\n<meta property=\"og:title\" content=\"Protectiva Type IIR Mask - Protectiva.pl \u2013 Professionelle Medizinische und Hygieneprodukte | CE- &amp; ISO-zertifiziert\" \/>\n<meta property=\"og:description\" content=\"Protectiva Masks are designed according to international Bacterial Filtration Effiency levels. They ensure high comfort in breathing while reduce the transfer of particles. Protectiva Masks are available in various colour for adults and children.\" \/>\n<meta property=\"og:url\" content=\"https:\/\/protectiva.de\/de\/?product=Protectiva-type-iir-mask\" \/>\n<meta property=\"og:site_name\" content=\"Protectiva.pl \u2013 Professionelle Medizinische und Hygieneprodukte | CE- &amp; ISO-zertifiziert\" \/>\n<meta property=\"og:image\" content=\"https:\/\/protectiva.de\/wp-content\/uploads\/2025\/04\/153.jpg\" \/>\n\t<meta property=\"og:image:width\" content=\"572\" \/>\n\t<meta property=\"og:image:height\" content=\"521\" \/>\n\t<meta property=\"og:image:type\" content=\"image\/jpeg\" \/>\n<meta name=\"twitter:card\" content=\"summary_large_image\" \/>\n<script type=\"application\/ld+json\" class=\"yoast-schema-graph\">{\"@context\":\"https:\/\/schema.org\",\"@graph\":[{\"@type\":\"WebPage\",\"@id\":\"https:\/\/protectiva.de\/?product=Protectiva-type-iir-mask\",\"url\":\"https:\/\/protectiva.de\/?product=Protectiva-type-iir-mask\",\"name\":\"Protectiva Type IIR Mask - Protectiva.pl \u2013 Professionelle Medizinische und Hygieneprodukte | CE- &amp; ISO-zertifiziert\",\"isPartOf\":{\"@id\":\"https:\/\/protectiva.de\/#website\"},\"primaryImageOfPage\":{\"@id\":\"https:\/\/protectiva.de\/?product=Protectiva-type-iir-mask#primaryimage\"},\"image\":{\"@id\":\"https:\/\/protectiva.de\/?product=Protectiva-type-iir-mask#primaryimage\"},\"thumbnailUrl\":\"https:\/\/protectiva.de\/wp-content\/uploads\/2025\/04\/153.jpg\",\"datePublished\":\"2025-04-19T11:56:39+00:00\",\"breadcrumb\":{\"@id\":\"https:\/\/protectiva.de\/?product=Protectiva-type-iir-mask#breadcrumb\"},\"inLanguage\":\"de\",\"potentialAction\":[{\"@type\":\"ReadAction\",\"target\":[\"https:\/\/protectiva.de\/?product=Protectiva-type-iir-mask\"]}]},{\"@type\":\"ImageObject\",\"inLanguage\":\"de\",\"@id\":\"https:\/\/protectiva.de\/?product=Protectiva-type-iir-mask#primaryimage\",\"url\":\"https:\/\/protectiva.de\/wp-content\/uploads\/2025\/04\/153.jpg\",\"contentUrl\":\"https:\/\/protectiva.de\/wp-content\/uploads\/2025\/04\/153.jpg\",\"width\":572,\"height\":521},{\"@type\":\"BreadcrumbList\",\"@id\":\"https:\/\/protectiva.de\/?product=Protectiva-type-iir-mask#breadcrumb\",\"itemListElement\":[{\"@type\":\"ListItem\",\"position\":1,\"name\":\"Home\",\"item\":\"https:\/\/protectiva.de\/\"},{\"@type\":\"ListItem\",\"position\":2,\"name\":\"All Products\",\"item\":\"https:\/\/protectiva.de\/shop\/\"},{\"@type\":\"ListItem\",\"position\":3,\"name\":\"Protectiva Type IIR Mask\"}]},{\"@type\":\"WebSite\",\"@id\":\"https:\/\/protectiva.de\/#website\",\"url\":\"https:\/\/protectiva.de\/\",\"name\":\"Protectiva\",\"description\":\"Innovative Medical Solutions Protectiva.de bietet hochwertige medizinische und Hygieneprodukte. Zuverl\u00e4ssige Schutzausr\u00fcstung, Sterilisationsl\u00f6sungen und Gesundheitsversorgung gem\u00e4\u00df CE- und ISO-Standards f\u00fcr Krankenh\u00e4user und Kliniken. Die ideale Wahl f\u00fcr sichere und komfortable Gesundheitsumgebungen.\",\"publisher\":{\"@id\":\"https:\/\/protectiva.de\/#organization\"},\"potentialAction\":[{\"@type\":\"SearchAction\",\"target\":{\"@type\":\"EntryPoint\",\"urlTemplate\":\"https:\/\/protectiva.de\/?s={search_term_string}\"},\"query-input\":{\"@type\":\"PropertyValueSpecification\",\"valueRequired\":true,\"valueName\":\"search_term_string\"}}],\"inLanguage\":\"de\"},{\"@type\":\"Organization\",\"@id\":\"https:\/\/protectiva.de\/#organization\",\"name\":\"Protectiva\",\"url\":\"https:\/\/protectiva.de\/\",\"logo\":{\"@type\":\"ImageObject\",\"inLanguage\":\"de\",\"@id\":\"https:\/\/protectiva.de\/#\/schema\/logo\/image\/\",\"url\":\"https:\/\/protectiva.de\/wp-content\/uploads\/2025\/03\/logo-protectiva-son-hali.png\",\"contentUrl\":\"https:\/\/protectiva.de\/wp-content\/uploads\/2025\/03\/logo-protectiva-son-hali.png\",\"width\":1140,\"height\":585,\"caption\":\"Protectiva\"},\"image\":{\"@id\":\"https:\/\/protectiva.de\/#\/schema\/logo\/image\/\"}}]}<\/script>\n<!-- \/ Yoast SEO plugin. -->","yoast_head_json":{"title":"Protectiva Type IIR Mask - Protectiva.pl \u2013 Professionelle Medizinische und Hygieneprodukte | CE- &amp; ISO-zertifiziert","robots":{"index":"index","follow":"follow","max-snippet":"max-snippet:-1","max-image-preview":"max-image-preview:large","max-video-preview":"max-video-preview:-1"},"canonical":"https:\/\/protectiva.de\/de\/?product=Protectiva-type-iir-mask","og_locale":"de_DE","og_type":"article","og_title":"Protectiva Type IIR Mask - Protectiva.pl \u2013 Professionelle Medizinische und Hygieneprodukte | CE- &amp; ISO-zertifiziert","og_description":"Protectiva Masks are designed according to international Bacterial Filtration Effiency levels. They ensure high comfort in breathing while reduce the transfer of particles. Protectiva Masks are available in various colour for adults and children.","og_url":"https:\/\/protectiva.de\/de\/?product=Protectiva-type-iir-mask","og_site_name":"Protectiva.pl \u2013 Professionelle Medizinische und Hygieneprodukte | CE- &amp; ISO-zertifiziert","og_image":[{"width":572,"height":521,"url":"https:\/\/protectiva.de\/wp-content\/uploads\/2025\/04\/153.jpg","type":"image\/jpeg"}],"twitter_card":"summary_large_image","schema":{"@context":"https:\/\/schema.org","@graph":[{"@type":"WebPage","@id":"https:\/\/protectiva.de\/?product=Protectiva-type-iir-mask","url":"https:\/\/protectiva.de\/?product=Protectiva-type-iir-mask","name":"Protectiva Type IIR Mask - Protectiva.pl \u2013 Professionelle Medizinische und Hygieneprodukte | CE- &amp; ISO-zertifiziert","isPartOf":{"@id":"https:\/\/protectiva.de\/#website"},"primaryImageOfPage":{"@id":"https:\/\/protectiva.de\/?product=Protectiva-type-iir-mask#primaryimage"},"image":{"@id":"https:\/\/protectiva.de\/?product=Protectiva-type-iir-mask#primaryimage"},"thumbnailUrl":"https:\/\/protectiva.de\/wp-content\/uploads\/2025\/04\/153.jpg","datePublished":"2025-04-19T11:56:39+00:00","breadcrumb":{"@id":"https:\/\/protectiva.de\/?product=Protectiva-type-iir-mask#breadcrumb"},"inLanguage":"de","potentialAction":[{"@type":"ReadAction","target":["https:\/\/protectiva.de\/?product=Protectiva-type-iir-mask"]}]},{"@type":"ImageObject","inLanguage":"de","@id":"https:\/\/protectiva.de\/?product=Protectiva-type-iir-mask#primaryimage","url":"https:\/\/protectiva.de\/wp-content\/uploads\/2025\/04\/153.jpg","contentUrl":"https:\/\/protectiva.de\/wp-content\/uploads\/2025\/04\/153.jpg","width":572,"height":521},{"@type":"BreadcrumbList","@id":"https:\/\/protectiva.de\/?product=Protectiva-type-iir-mask#breadcrumb","itemListElement":[{"@type":"ListItem","position":1,"name":"Home","item":"https:\/\/protectiva.de\/"},{"@type":"ListItem","position":2,"name":"All Products","item":"https:\/\/protectiva.de\/shop\/"},{"@type":"ListItem","position":3,"name":"Protectiva Type IIR Mask"}]},{"@type":"WebSite","@id":"https:\/\/protectiva.de\/#website","url":"https:\/\/protectiva.de\/","name":"Protectiva","description":"Innovative Medical Solutions Protectiva.de bietet hochwertige medizinische und Hygieneprodukte. Zuverl\u00e4ssige Schutzausr\u00fcstung, Sterilisationsl\u00f6sungen und Gesundheitsversorgung gem\u00e4\u00df CE- und ISO-Standards f\u00fcr Krankenh\u00e4user und Kliniken. Die ideale Wahl f\u00fcr sichere und komfortable Gesundheitsumgebungen.","publisher":{"@id":"https:\/\/protectiva.de\/#organization"},"potentialAction":[{"@type":"SearchAction","target":{"@type":"EntryPoint","urlTemplate":"https:\/\/protectiva.de\/?s={search_term_string}"},"query-input":{"@type":"PropertyValueSpecification","valueRequired":true,"valueName":"search_term_string"}}],"inLanguage":"de"},{"@type":"Organization","@id":"https:\/\/protectiva.de\/#organization","name":"Protectiva","url":"https:\/\/protectiva.de\/","logo":{"@type":"ImageObject","inLanguage":"de","@id":"https:\/\/protectiva.de\/#\/schema\/logo\/image\/","url":"https:\/\/protectiva.de\/wp-content\/uploads\/2025\/03\/logo-protectiva-son-hali.png","contentUrl":"https:\/\/protectiva.de\/wp-content\/uploads\/2025\/03\/logo-protectiva-son-hali.png","width":1140,"height":585,"caption":"Protectiva"},"image":{"@id":"https:\/\/protectiva.de\/#\/schema\/logo\/image\/"}}]}},"_links":{"self":[{"href":"https:\/\/protectiva.de\/de\/wp-json\/wp\/v2\/product\/19250","targetHints":{"allow":["GET"]}}],"collection":[{"href":"https:\/\/protectiva.de\/de\/wp-json\/wp\/v2\/product"}],"about":[{"href":"https:\/\/protectiva.de\/de\/wp-json\/wp\/v2\/types\/product"}],"replies":[{"embeddable":true,"href":"https:\/\/protectiva.de\/de\/wp-json\/wp\/v2\/comments?post=19250"}],"wp:featuredmedia":[{"embeddable":true,"href":"https:\/\/protectiva.de\/de\/wp-json\/wp\/v2\/media\/19310"}],"wp:attachment":[{"href":"https:\/\/protectiva.de\/de\/wp-json\/wp\/v2\/media?parent=19250"}],"wp:term":[{"taxonomy":"product_brand","embeddable":true,"href":"https:\/\/protectiva.de\/de\/wp-json\/wp\/v2\/product_brand?post=19250"},{"taxonomy":"product_cat","embeddable":true,"href":"https:\/\/protectiva.de\/de\/wp-json\/wp\/v2\/product_cat?post=19250"},{"taxonomy":"product_tag","embeddable":true,"href":"https:\/\/protectiva.de\/de\/wp-json\/wp\/v2\/product_tag?post=19250"}],"curies":[{"name":"wp","href":"https:\/\/api.w.org\/{rel}","templated":true}]}}