{"id":19235,"date":"2025-04-19T06:57:35","date_gmt":"2025-04-19T06:57:35","guid":{"rendered":"https:\/\/protectiva.pl\/?post_type=product&amp;p=19108"},"modified":"2025-04-19T06:57:35","modified_gmt":"2025-04-19T06:57:35","slug":"neuroradiologie-paket","status":"publish","type":"product","link":"https:\/\/protectiva.de\/de\/produkt\/neuroradiologie-paket\/","title":{"rendered":"Neuroradiologie-Paket"},"content":{"rendered":"<table class=\"inverse-table\" style=\"height: 716px;\" width=\"874\">\n<tbody>\n<tr>\n<td>1x Neuro-Tuch<\/td>\n<td>240x325cm<\/td>\n<\/tr>\n<tr>\n<td>1x schlichtes Tuch<\/td>\n<td>100x100cm<\/td>\n<\/tr>\n<tr>\n<td>1x schlichtes Tuch<\/td>\n<td>50x50cm<\/td>\n<\/tr>\n<tr>\n<td>1x schlichtes Tuch<\/td>\n<td>75x75cm<\/td>\n<\/tr>\n<tr>\n<td>1x Tischdecke<\/td>\n<td>150x200cm<\/td>\n<\/tr>\n<tr>\n<td>1x Spritze, Luer-Lock<\/td>\n<td>2 ml<\/td>\n<\/tr>\n<tr>\n<td>1x Spritze, Luer-Lock<\/td>\n<td>5 ml<\/td>\n<\/tr>\n<tr>\n<td>1x Spritze, Luer-Lock<\/td>\n<td>10 ml<\/td>\n<\/tr>\n<tr>\n<td>1x Spritze, Luer-Lock<\/td>\n<td>12 ml<\/td>\n<\/tr>\n<tr>\n<td>1x Injektionsnadel<\/td>\n<td>18 g<\/td>\n<\/tr>\n<tr>\n<td>1x Injektionsnadel<\/td>\n<td>22 g<\/td>\n<\/tr>\n<tr>\n<td>1x Nadelseldinger<\/td>\n<td>18 g 70 mm<\/td>\n<\/tr>\n<tr>\n<td>40x Mulltupfer<\/td>\n<td>10x10cm<\/td>\n<\/tr>\n<tr>\n<td>10x Mullballen<\/td>\n<td><\/td>\n<\/tr>\n<tr>\n<td>4x Handtuch<\/td>\n<td>40x40cm<\/td>\n<\/tr>\n<tr>\n<td>2x Standard-OP-Kittel<\/td>\n<td>XL<\/td>\n<\/tr>\n<tr>\n<td>1x Nadelhalter<\/td>\n<td><\/td>\n<\/tr>\n<tr>\n<td>1x Schwammklemme<\/td>\n<td>19 cm<\/td>\n<\/tr>\n<tr>\n<td>5x Schwammstab<\/td>\n<td>21 cm<\/td>\n<\/tr>\n<tr>\n<td>2x Gallipot<\/td>\n<td>250 ml<\/td>\n<\/tr>\n<tr>\n<td>2x Gallipot<\/td>\n<td>500 ml<\/td>\n<\/tr>\n<tr>\n<td>1x F\u00fchrungsdrahtschale<\/td>\n<td><\/td>\n<\/tr>\n<tr>\n<td>1x Pinzette Aerrty Mosquito Gerade<\/td>\n<td><\/td>\n<\/tr>\n<tr>\n<td>1x Skalpell<\/td>\n<td>Nr. 11<\/td>\n<\/tr>\n<tr>\n<td>1x Vliesverband<\/td>\n<td>10x10cm<\/td>\n<\/tr>\n<\/tbody>\n<\/table>","protected":false},"excerpt":{"rendered":"<p>Protectiva PACKS sind f\u00fcr die Unterst\u00fctzung gr\u00f6\u00dferer und routinem\u00e4\u00dfiger chirurgischer Eingriffe in der Kardiologie, Orthop\u00e4die, Gyn\u00e4kologie, Radiologie usw. konzipiert. Unser breites Sortiment und unsere Produktionsflexibilit\u00e4t erm\u00f6glichen Ihnen die individuelle Anpassung spezifischer und ma\u00dfgeschneiderter Pakete basierend auf Ihren pers\u00f6nlichen W\u00fcnschen und Verfahrensgewohnheiten.<\/p>","protected":false},"featured_media":19278,"comment_status":"open","ping_status":"closed","template":"","meta":[],"product_brand":[],"product_cat":[274,263],"product_tag":[],"class_list":{"0":"post-19235","1":"product","2":"type-product","3":"status-publish","4":"has-post-thumbnail","6":"product_cat-neurological","7":"product_cat-packs","9":"first","10":"instock","11":"shipping-taxable","12":"product-type-simple"},"yoast_head":"<!-- This site is optimized with the Yoast SEO plugin v26.2 - https:\/\/yoast.com\/wordpress\/plugins\/seo\/ -->\n<title>Neuro Radiology Pack - Protectiva.pl \u2013 Professionelle Medizinische und Hygieneprodukte | CE- &amp; ISO-zertifiziert<\/title>\n<meta name=\"robots\" content=\"index, follow, max-snippet:-1, max-image-preview:large, max-video-preview:-1\" \/>\n<link rel=\"canonical\" href=\"https:\/\/protectiva.de\/de\/?product=neuro-radiology-pack\" \/>\n<meta property=\"og:locale\" content=\"de_DE\" \/>\n<meta property=\"og:type\" content=\"article\" \/>\n<meta property=\"og:title\" content=\"Neuro Radiology Pack - Protectiva.pl \u2013 Professionelle Medizinische und Hygieneprodukte | CE- &amp; ISO-zertifiziert\" \/>\n<meta property=\"og:description\" content=\"Protectiva PACKS are designed to support major and routine surgical procedures in cardiology, orthopedy, gynaecology, radiology etc. Our wide range and production flexibility allow you to customise more specific and tailor made packs based on your personal choice and procedural habbits\" \/>\n<meta property=\"og:url\" content=\"https:\/\/protectiva.de\/de\/?product=neuro-radiology-pack\" \/>\n<meta property=\"og:site_name\" content=\"Protectiva.pl \u2013 Professionelle Medizinische und Hygieneprodukte | CE- &amp; ISO-zertifiziert\" \/>\n<meta property=\"og:image\" content=\"https:\/\/protectiva.de\/wp-content\/uploads\/2025\/04\/75.jpg\" \/>\n\t<meta property=\"og:image:width\" content=\"1350\" \/>\n\t<meta property=\"og:image:height\" content=\"898\" \/>\n\t<meta property=\"og:image:type\" content=\"image\/jpeg\" \/>\n<meta name=\"twitter:card\" content=\"summary_large_image\" \/>\n<meta name=\"twitter:label1\" content=\"Gesch\u00e4tzte Lesezeit\" \/>\n\t<meta name=\"twitter:data1\" content=\"1\u00a0Minute\" \/>\n<script type=\"application\/ld+json\" class=\"yoast-schema-graph\">{\"@context\":\"https:\/\/schema.org\",\"@graph\":[{\"@type\":\"WebPage\",\"@id\":\"https:\/\/protectiva.de\/?product=neuro-radiology-pack\",\"url\":\"https:\/\/protectiva.de\/?product=neuro-radiology-pack\",\"name\":\"Neuro Radiology Pack - Protectiva.pl \u2013 Professionelle Medizinische und Hygieneprodukte | CE- &amp; ISO-zertifiziert\",\"isPartOf\":{\"@id\":\"https:\/\/protectiva.de\/#website\"},\"primaryImageOfPage\":{\"@id\":\"https:\/\/protectiva.de\/?product=neuro-radiology-pack#primaryimage\"},\"image\":{\"@id\":\"https:\/\/protectiva.de\/?product=neuro-radiology-pack#primaryimage\"},\"thumbnailUrl\":\"https:\/\/protectiva.de\/wp-content\/uploads\/2025\/04\/75.jpg\",\"datePublished\":\"2025-04-19T06:57:35+00:00\",\"breadcrumb\":{\"@id\":\"https:\/\/protectiva.de\/?product=neuro-radiology-pack#breadcrumb\"},\"inLanguage\":\"de\",\"potentialAction\":[{\"@type\":\"ReadAction\",\"target\":[\"https:\/\/protectiva.de\/?product=neuro-radiology-pack\"]}]},{\"@type\":\"ImageObject\",\"inLanguage\":\"de\",\"@id\":\"https:\/\/protectiva.de\/?product=neuro-radiology-pack#primaryimage\",\"url\":\"https:\/\/protectiva.de\/wp-content\/uploads\/2025\/04\/75.jpg\",\"contentUrl\":\"https:\/\/protectiva.de\/wp-content\/uploads\/2025\/04\/75.jpg\",\"width\":1350,\"height\":898},{\"@type\":\"BreadcrumbList\",\"@id\":\"https:\/\/protectiva.de\/?product=neuro-radiology-pack#breadcrumb\",\"itemListElement\":[{\"@type\":\"ListItem\",\"position\":1,\"name\":\"Home\",\"item\":\"https:\/\/protectiva.de\/\"},{\"@type\":\"ListItem\",\"position\":2,\"name\":\"All Products\",\"item\":\"https:\/\/protectiva.de\/shop\/\"},{\"@type\":\"ListItem\",\"position\":3,\"name\":\"Neuro Radiology Pack\"}]},{\"@type\":\"WebSite\",\"@id\":\"https:\/\/protectiva.de\/#website\",\"url\":\"https:\/\/protectiva.de\/\",\"name\":\"Protectiva\",\"description\":\"Innovative Medical Solutions Protectiva.de bietet hochwertige medizinische und Hygieneprodukte. Zuverl\u00e4ssige Schutzausr\u00fcstung, Sterilisationsl\u00f6sungen und Gesundheitsversorgung gem\u00e4\u00df CE- und ISO-Standards f\u00fcr Krankenh\u00e4user und Kliniken. Die ideale Wahl f\u00fcr sichere und komfortable Gesundheitsumgebungen.\",\"publisher\":{\"@id\":\"https:\/\/protectiva.de\/#organization\"},\"potentialAction\":[{\"@type\":\"SearchAction\",\"target\":{\"@type\":\"EntryPoint\",\"urlTemplate\":\"https:\/\/protectiva.de\/?s={search_term_string}\"},\"query-input\":{\"@type\":\"PropertyValueSpecification\",\"valueRequired\":true,\"valueName\":\"search_term_string\"}}],\"inLanguage\":\"de\"},{\"@type\":\"Organization\",\"@id\":\"https:\/\/protectiva.de\/#organization\",\"name\":\"Protectiva\",\"url\":\"https:\/\/protectiva.de\/\",\"logo\":{\"@type\":\"ImageObject\",\"inLanguage\":\"de\",\"@id\":\"https:\/\/protectiva.de\/#\/schema\/logo\/image\/\",\"url\":\"https:\/\/protectiva.de\/wp-content\/uploads\/2025\/03\/logo-protectiva-son-hali.png\",\"contentUrl\":\"https:\/\/protectiva.de\/wp-content\/uploads\/2025\/03\/logo-protectiva-son-hali.png\",\"width\":1140,\"height\":585,\"caption\":\"Protectiva\"},\"image\":{\"@id\":\"https:\/\/protectiva.de\/#\/schema\/logo\/image\/\"}}]}<\/script>\n<!-- \/ Yoast SEO plugin. -->","yoast_head_json":{"title":"Neuro Radiology Pack - Protectiva.pl \u2013 Professionelle Medizinische und Hygieneprodukte | CE- &amp; ISO-zertifiziert","robots":{"index":"index","follow":"follow","max-snippet":"max-snippet:-1","max-image-preview":"max-image-preview:large","max-video-preview":"max-video-preview:-1"},"canonical":"https:\/\/protectiva.de\/de\/?product=neuro-radiology-pack","og_locale":"de_DE","og_type":"article","og_title":"Neuro Radiology Pack - Protectiva.pl \u2013 Professionelle Medizinische und Hygieneprodukte | CE- &amp; ISO-zertifiziert","og_description":"Protectiva PACKS are designed to support major and routine surgical procedures in cardiology, orthopedy, gynaecology, radiology etc. Our wide range and production flexibility allow you to customise more specific and tailor made packs based on your personal choice and procedural habbits","og_url":"https:\/\/protectiva.de\/de\/?product=neuro-radiology-pack","og_site_name":"Protectiva.pl \u2013 Professionelle Medizinische und Hygieneprodukte | CE- &amp; ISO-zertifiziert","og_image":[{"width":1350,"height":898,"url":"https:\/\/protectiva.de\/wp-content\/uploads\/2025\/04\/75.jpg","type":"image\/jpeg"}],"twitter_card":"summary_large_image","twitter_misc":{"Gesch\u00e4tzte Lesezeit":"1\u00a0Minute"},"schema":{"@context":"https:\/\/schema.org","@graph":[{"@type":"WebPage","@id":"https:\/\/protectiva.de\/?product=neuro-radiology-pack","url":"https:\/\/protectiva.de\/?product=neuro-radiology-pack","name":"Neuro Radiology Pack - Protectiva.pl \u2013 Professionelle Medizinische und Hygieneprodukte | CE- &amp; ISO-zertifiziert","isPartOf":{"@id":"https:\/\/protectiva.de\/#website"},"primaryImageOfPage":{"@id":"https:\/\/protectiva.de\/?product=neuro-radiology-pack#primaryimage"},"image":{"@id":"https:\/\/protectiva.de\/?product=neuro-radiology-pack#primaryimage"},"thumbnailUrl":"https:\/\/protectiva.de\/wp-content\/uploads\/2025\/04\/75.jpg","datePublished":"2025-04-19T06:57:35+00:00","breadcrumb":{"@id":"https:\/\/protectiva.de\/?product=neuro-radiology-pack#breadcrumb"},"inLanguage":"de","potentialAction":[{"@type":"ReadAction","target":["https:\/\/protectiva.de\/?product=neuro-radiology-pack"]}]},{"@type":"ImageObject","inLanguage":"de","@id":"https:\/\/protectiva.de\/?product=neuro-radiology-pack#primaryimage","url":"https:\/\/protectiva.de\/wp-content\/uploads\/2025\/04\/75.jpg","contentUrl":"https:\/\/protectiva.de\/wp-content\/uploads\/2025\/04\/75.jpg","width":1350,"height":898},{"@type":"BreadcrumbList","@id":"https:\/\/protectiva.de\/?product=neuro-radiology-pack#breadcrumb","itemListElement":[{"@type":"ListItem","position":1,"name":"Home","item":"https:\/\/protectiva.de\/"},{"@type":"ListItem","position":2,"name":"All Products","item":"https:\/\/protectiva.de\/shop\/"},{"@type":"ListItem","position":3,"name":"Neuro Radiology Pack"}]},{"@type":"WebSite","@id":"https:\/\/protectiva.de\/#website","url":"https:\/\/protectiva.de\/","name":"Protectiva","description":"Innovative Medical Solutions Protectiva.de bietet hochwertige medizinische und Hygieneprodukte. Zuverl\u00e4ssige Schutzausr\u00fcstung, Sterilisationsl\u00f6sungen und Gesundheitsversorgung gem\u00e4\u00df CE- und ISO-Standards f\u00fcr Krankenh\u00e4user und Kliniken. Die ideale Wahl f\u00fcr sichere und komfortable Gesundheitsumgebungen.","publisher":{"@id":"https:\/\/protectiva.de\/#organization"},"potentialAction":[{"@type":"SearchAction","target":{"@type":"EntryPoint","urlTemplate":"https:\/\/protectiva.de\/?s={search_term_string}"},"query-input":{"@type":"PropertyValueSpecification","valueRequired":true,"valueName":"search_term_string"}}],"inLanguage":"de"},{"@type":"Organization","@id":"https:\/\/protectiva.de\/#organization","name":"Protectiva","url":"https:\/\/protectiva.de\/","logo":{"@type":"ImageObject","inLanguage":"de","@id":"https:\/\/protectiva.de\/#\/schema\/logo\/image\/","url":"https:\/\/protectiva.de\/wp-content\/uploads\/2025\/03\/logo-protectiva-son-hali.png","contentUrl":"https:\/\/protectiva.de\/wp-content\/uploads\/2025\/03\/logo-protectiva-son-hali.png","width":1140,"height":585,"caption":"Protectiva"},"image":{"@id":"https:\/\/protectiva.de\/#\/schema\/logo\/image\/"}}]}},"_links":{"self":[{"href":"https:\/\/protectiva.de\/de\/wp-json\/wp\/v2\/product\/19235","targetHints":{"allow":["GET"]}}],"collection":[{"href":"https:\/\/protectiva.de\/de\/wp-json\/wp\/v2\/product"}],"about":[{"href":"https:\/\/protectiva.de\/de\/wp-json\/wp\/v2\/types\/product"}],"replies":[{"embeddable":true,"href":"https:\/\/protectiva.de\/de\/wp-json\/wp\/v2\/comments?post=19235"}],"wp:featuredmedia":[{"embeddable":true,"href":"https:\/\/protectiva.de\/de\/wp-json\/wp\/v2\/media\/19278"}],"wp:attachment":[{"href":"https:\/\/protectiva.de\/de\/wp-json\/wp\/v2\/media?parent=19235"}],"wp:term":[{"taxonomy":"product_brand","embeddable":true,"href":"https:\/\/protectiva.de\/de\/wp-json\/wp\/v2\/product_brand?post=19235"},{"taxonomy":"product_cat","embeddable":true,"href":"https:\/\/protectiva.de\/de\/wp-json\/wp\/v2\/product_cat?post=19235"},{"taxonomy":"product_tag","embeddable":true,"href":"https:\/\/protectiva.de\/de\/wp-json\/wp\/v2\/product_tag?post=19235"}],"curies":[{"name":"wp","href":"https:\/\/api.w.org\/{rel}","templated":true}]}}