{"id":19234,"date":"2025-04-19T06:55:43","date_gmt":"2025-04-19T06:55:43","guid":{"rendered":"https:\/\/protectiva.pl\/?post_type=product&amp;p=19106"},"modified":"2025-04-19T06:55:43","modified_gmt":"2025-04-19T06:55:43","slug":"angiographie-paket-v","status":"publish","type":"product","link":"https:\/\/protectiva.de\/de\/produkt\/angiographie-paket-v\/","title":{"rendered":"Angiographie-Paket V"},"content":{"rendered":"<table class=\"inverse-table\" style=\"height: 532px;\" width=\"831\">\n<tbody>\n<tr>\n<td>1x Angiographie-Abdeckung<\/td>\n<td>220x320cm, \u00d89cm, \u00d86x9cm<\/td>\n<\/tr>\n<tr>\n<td>2x einfaches Tuch<\/td>\n<td>100x100cm<\/td>\n<\/tr>\n<tr>\n<td>1x Abdecktuch<\/td>\n<td>150X150cm<\/td>\n<\/tr>\n<tr>\n<td>3x Gallipot<\/td>\n<td>120 ml<\/td>\n<\/tr>\n<tr>\n<td>1x Injektionsnadel<\/td>\n<td>25 g<\/td>\n<\/tr>\n<tr>\n<td>1x Angiographie-Einf\u00fchrnadel<\/td>\n<td>18 g<\/td>\n<\/tr>\n<tr>\n<td>3x Spritze, Luer Lock<\/td>\n<td>10 ml<\/td>\n<\/tr>\n<tr>\n<td>3x Spritze, Luer Slip<\/td>\n<td>10 ml<\/td>\n<\/tr>\n<tr>\n<td>2x Spritze, Luer Slip<\/td>\n<td>20 ml<\/td>\n<\/tr>\n<tr>\n<td>1x Skalpell<\/td>\n<td>Nr. 11<\/td>\n<\/tr>\n<tr>\n<td>30x Mulltupfer, XRD<\/td>\n<td>7,5\u00d77,5cm<\/td>\n<\/tr>\n<tr>\n<td>5x Mulltupfer, XRD<\/td>\n<td>10x10cm<\/td>\n<\/tr>\n<tr>\n<td>1x Pinzette<\/td>\n<td>18 g<\/td>\n<\/tr>\n<tr>\n<td>1x Sammelbeutel<\/td>\n<td><\/td>\n<\/tr>\n<tr>\n<td>1x Absperrhahn<\/td>\n<td><\/td>\n<\/tr>\n<tr>\n<td>2x Durchleuchtungsabdeckung<\/td>\n<td>80x80cm<\/td>\n<\/tr>\n<tr>\n<td>1x Tasche mit Fluid Admin Set<\/td>\n<td><\/td>\n<\/tr>\n<tr>\n<td>1x Streistrip<\/td>\n<td>2x3cm<\/td>\n<\/tr>\n<\/tbody>\n<\/table>","protected":false},"excerpt":{"rendered":"<p>Protectiva PACKS sind f\u00fcr die Unterst\u00fctzung gr\u00f6\u00dferer und routinem\u00e4\u00dfiger chirurgischer Eingriffe in der Kardiologie, Orthop\u00e4die, Gyn\u00e4kologie, Radiologie usw. konzipiert. Unser breites Sortiment und unsere Produktionsflexibilit\u00e4t erm\u00f6glichen Ihnen die individuelle Anpassung spezifischer und ma\u00dfgeschneiderter Pakete basierend auf Ihren pers\u00f6nlichen W\u00fcnschen und Verfahrensgewohnheiten.<\/p>","protected":false},"featured_media":19277,"comment_status":"open","ping_status":"closed","template":"","meta":[],"product_brand":[],"product_cat":[265,263],"product_tag":[],"class_list":{"0":"post-19234","1":"product","2":"type-product","3":"status-publish","4":"has-post-thumbnail","6":"product_cat-angiography","7":"product_cat-packs","9":"first","10":"instock","11":"shipping-taxable","12":"product-type-simple"},"yoast_head":"<!-- This site is optimized with the Yoast SEO plugin v26.2 - https:\/\/yoast.com\/wordpress\/plugins\/seo\/ -->\n<title>Angiography Pack V - Protectiva.pl \u2013 Professionelle Medizinische und Hygieneprodukte | CE- &amp; ISO-zertifiziert<\/title>\n<meta name=\"robots\" content=\"index, follow, max-snippet:-1, max-image-preview:large, max-video-preview:-1\" \/>\n<link rel=\"canonical\" href=\"https:\/\/protectiva.de\/de\/?product=angiography-pack-v\" \/>\n<meta property=\"og:locale\" content=\"de_DE\" \/>\n<meta property=\"og:type\" content=\"article\" \/>\n<meta property=\"og:title\" content=\"Angiography Pack V - Protectiva.pl \u2013 Professionelle Medizinische und Hygieneprodukte | CE- &amp; ISO-zertifiziert\" \/>\n<meta property=\"og:description\" content=\"Protectiva PACKS are designed to support major and routine surgical procedures in cardiology, orthopedy, gynaecology, radiology etc. Our wide range and production flexibility allow you to customise more specific and tailor made packs based on your personal choice and procedural habbits\" \/>\n<meta property=\"og:url\" content=\"https:\/\/protectiva.de\/de\/?product=angiography-pack-v\" \/>\n<meta property=\"og:site_name\" content=\"Protectiva.pl \u2013 Professionelle Medizinische und Hygieneprodukte | CE- &amp; ISO-zertifiziert\" \/>\n<meta property=\"og:image\" content=\"https:\/\/protectiva.de\/wp-content\/uploads\/2025\/04\/65.jpg\" \/>\n\t<meta property=\"og:image:width\" content=\"1350\" \/>\n\t<meta property=\"og:image:height\" content=\"898\" \/>\n\t<meta property=\"og:image:type\" content=\"image\/jpeg\" \/>\n<meta name=\"twitter:card\" content=\"summary_large_image\" \/>\n<script type=\"application\/ld+json\" class=\"yoast-schema-graph\">{\"@context\":\"https:\/\/schema.org\",\"@graph\":[{\"@type\":\"WebPage\",\"@id\":\"https:\/\/protectiva.de\/?product=angiography-pack-v\",\"url\":\"https:\/\/protectiva.de\/?product=angiography-pack-v\",\"name\":\"Angiography Pack V - Protectiva.pl \u2013 Professionelle Medizinische und Hygieneprodukte | CE- &amp; ISO-zertifiziert\",\"isPartOf\":{\"@id\":\"https:\/\/protectiva.de\/#website\"},\"primaryImageOfPage\":{\"@id\":\"https:\/\/protectiva.de\/?product=angiography-pack-v#primaryimage\"},\"image\":{\"@id\":\"https:\/\/protectiva.de\/?product=angiography-pack-v#primaryimage\"},\"thumbnailUrl\":\"https:\/\/protectiva.de\/wp-content\/uploads\/2025\/04\/65.jpg\",\"datePublished\":\"2025-04-19T06:55:43+00:00\",\"breadcrumb\":{\"@id\":\"https:\/\/protectiva.de\/?product=angiography-pack-v#breadcrumb\"},\"inLanguage\":\"de\",\"potentialAction\":[{\"@type\":\"ReadAction\",\"target\":[\"https:\/\/protectiva.de\/?product=angiography-pack-v\"]}]},{\"@type\":\"ImageObject\",\"inLanguage\":\"de\",\"@id\":\"https:\/\/protectiva.de\/?product=angiography-pack-v#primaryimage\",\"url\":\"https:\/\/protectiva.de\/wp-content\/uploads\/2025\/04\/65.jpg\",\"contentUrl\":\"https:\/\/protectiva.de\/wp-content\/uploads\/2025\/04\/65.jpg\",\"width\":1350,\"height\":898},{\"@type\":\"BreadcrumbList\",\"@id\":\"https:\/\/protectiva.de\/?product=angiography-pack-v#breadcrumb\",\"itemListElement\":[{\"@type\":\"ListItem\",\"position\":1,\"name\":\"Home\",\"item\":\"https:\/\/protectiva.de\/\"},{\"@type\":\"ListItem\",\"position\":2,\"name\":\"All Products\",\"item\":\"https:\/\/protectiva.de\/shop\/\"},{\"@type\":\"ListItem\",\"position\":3,\"name\":\"Angiography Pack V\"}]},{\"@type\":\"WebSite\",\"@id\":\"https:\/\/protectiva.de\/#website\",\"url\":\"https:\/\/protectiva.de\/\",\"name\":\"Protectiva\",\"description\":\"Innovative Medical Solutions Protectiva.de bietet hochwertige medizinische und Hygieneprodukte. Zuverl\u00e4ssige Schutzausr\u00fcstung, Sterilisationsl\u00f6sungen und Gesundheitsversorgung gem\u00e4\u00df CE- und ISO-Standards f\u00fcr Krankenh\u00e4user und Kliniken. Die ideale Wahl f\u00fcr sichere und komfortable Gesundheitsumgebungen.\",\"publisher\":{\"@id\":\"https:\/\/protectiva.de\/#organization\"},\"potentialAction\":[{\"@type\":\"SearchAction\",\"target\":{\"@type\":\"EntryPoint\",\"urlTemplate\":\"https:\/\/protectiva.de\/?s={search_term_string}\"},\"query-input\":{\"@type\":\"PropertyValueSpecification\",\"valueRequired\":true,\"valueName\":\"search_term_string\"}}],\"inLanguage\":\"de\"},{\"@type\":\"Organization\",\"@id\":\"https:\/\/protectiva.de\/#organization\",\"name\":\"Protectiva\",\"url\":\"https:\/\/protectiva.de\/\",\"logo\":{\"@type\":\"ImageObject\",\"inLanguage\":\"de\",\"@id\":\"https:\/\/protectiva.de\/#\/schema\/logo\/image\/\",\"url\":\"https:\/\/protectiva.de\/wp-content\/uploads\/2025\/03\/logo-protectiva-son-hali.png\",\"contentUrl\":\"https:\/\/protectiva.de\/wp-content\/uploads\/2025\/03\/logo-protectiva-son-hali.png\",\"width\":1140,\"height\":585,\"caption\":\"Protectiva\"},\"image\":{\"@id\":\"https:\/\/protectiva.de\/#\/schema\/logo\/image\/\"}}]}<\/script>\n<!-- \/ Yoast SEO plugin. -->","yoast_head_json":{"title":"Angiography Pack V - Protectiva.pl \u2013 Professionelle Medizinische und Hygieneprodukte | CE- &amp; ISO-zertifiziert","robots":{"index":"index","follow":"follow","max-snippet":"max-snippet:-1","max-image-preview":"max-image-preview:large","max-video-preview":"max-video-preview:-1"},"canonical":"https:\/\/protectiva.de\/de\/?product=angiography-pack-v","og_locale":"de_DE","og_type":"article","og_title":"Angiography Pack V - Protectiva.pl \u2013 Professionelle Medizinische und Hygieneprodukte | CE- &amp; ISO-zertifiziert","og_description":"Protectiva PACKS are designed to support major and routine surgical procedures in cardiology, orthopedy, gynaecology, radiology etc. Our wide range and production flexibility allow you to customise more specific and tailor made packs based on your personal choice and procedural habbits","og_url":"https:\/\/protectiva.de\/de\/?product=angiography-pack-v","og_site_name":"Protectiva.pl \u2013 Professionelle Medizinische und Hygieneprodukte | CE- &amp; ISO-zertifiziert","og_image":[{"width":1350,"height":898,"url":"https:\/\/protectiva.de\/wp-content\/uploads\/2025\/04\/65.jpg","type":"image\/jpeg"}],"twitter_card":"summary_large_image","schema":{"@context":"https:\/\/schema.org","@graph":[{"@type":"WebPage","@id":"https:\/\/protectiva.de\/?product=angiography-pack-v","url":"https:\/\/protectiva.de\/?product=angiography-pack-v","name":"Angiography Pack V - Protectiva.pl \u2013 Professionelle Medizinische und Hygieneprodukte | CE- &amp; ISO-zertifiziert","isPartOf":{"@id":"https:\/\/protectiva.de\/#website"},"primaryImageOfPage":{"@id":"https:\/\/protectiva.de\/?product=angiography-pack-v#primaryimage"},"image":{"@id":"https:\/\/protectiva.de\/?product=angiography-pack-v#primaryimage"},"thumbnailUrl":"https:\/\/protectiva.de\/wp-content\/uploads\/2025\/04\/65.jpg","datePublished":"2025-04-19T06:55:43+00:00","breadcrumb":{"@id":"https:\/\/protectiva.de\/?product=angiography-pack-v#breadcrumb"},"inLanguage":"de","potentialAction":[{"@type":"ReadAction","target":["https:\/\/protectiva.de\/?product=angiography-pack-v"]}]},{"@type":"ImageObject","inLanguage":"de","@id":"https:\/\/protectiva.de\/?product=angiography-pack-v#primaryimage","url":"https:\/\/protectiva.de\/wp-content\/uploads\/2025\/04\/65.jpg","contentUrl":"https:\/\/protectiva.de\/wp-content\/uploads\/2025\/04\/65.jpg","width":1350,"height":898},{"@type":"BreadcrumbList","@id":"https:\/\/protectiva.de\/?product=angiography-pack-v#breadcrumb","itemListElement":[{"@type":"ListItem","position":1,"name":"Home","item":"https:\/\/protectiva.de\/"},{"@type":"ListItem","position":2,"name":"All Products","item":"https:\/\/protectiva.de\/shop\/"},{"@type":"ListItem","position":3,"name":"Angiography Pack V"}]},{"@type":"WebSite","@id":"https:\/\/protectiva.de\/#website","url":"https:\/\/protectiva.de\/","name":"Protectiva","description":"Innovative Medical Solutions Protectiva.de bietet hochwertige medizinische und Hygieneprodukte. Zuverl\u00e4ssige Schutzausr\u00fcstung, Sterilisationsl\u00f6sungen und Gesundheitsversorgung gem\u00e4\u00df CE- und ISO-Standards f\u00fcr Krankenh\u00e4user und Kliniken. Die ideale Wahl f\u00fcr sichere und komfortable Gesundheitsumgebungen.","publisher":{"@id":"https:\/\/protectiva.de\/#organization"},"potentialAction":[{"@type":"SearchAction","target":{"@type":"EntryPoint","urlTemplate":"https:\/\/protectiva.de\/?s={search_term_string}"},"query-input":{"@type":"PropertyValueSpecification","valueRequired":true,"valueName":"search_term_string"}}],"inLanguage":"de"},{"@type":"Organization","@id":"https:\/\/protectiva.de\/#organization","name":"Protectiva","url":"https:\/\/protectiva.de\/","logo":{"@type":"ImageObject","inLanguage":"de","@id":"https:\/\/protectiva.de\/#\/schema\/logo\/image\/","url":"https:\/\/protectiva.de\/wp-content\/uploads\/2025\/03\/logo-protectiva-son-hali.png","contentUrl":"https:\/\/protectiva.de\/wp-content\/uploads\/2025\/03\/logo-protectiva-son-hali.png","width":1140,"height":585,"caption":"Protectiva"},"image":{"@id":"https:\/\/protectiva.de\/#\/schema\/logo\/image\/"}}]}},"_links":{"self":[{"href":"https:\/\/protectiva.de\/de\/wp-json\/wp\/v2\/product\/19234","targetHints":{"allow":["GET"]}}],"collection":[{"href":"https:\/\/protectiva.de\/de\/wp-json\/wp\/v2\/product"}],"about":[{"href":"https:\/\/protectiva.de\/de\/wp-json\/wp\/v2\/types\/product"}],"replies":[{"embeddable":true,"href":"https:\/\/protectiva.de\/de\/wp-json\/wp\/v2\/comments?post=19234"}],"wp:featuredmedia":[{"embeddable":true,"href":"https:\/\/protectiva.de\/de\/wp-json\/wp\/v2\/media\/19277"}],"wp:attachment":[{"href":"https:\/\/protectiva.de\/de\/wp-json\/wp\/v2\/media?parent=19234"}],"wp:term":[{"taxonomy":"product_brand","embeddable":true,"href":"https:\/\/protectiva.de\/de\/wp-json\/wp\/v2\/product_brand?post=19234"},{"taxonomy":"product_cat","embeddable":true,"href":"https:\/\/protectiva.de\/de\/wp-json\/wp\/v2\/product_cat?post=19234"},{"taxonomy":"product_tag","embeddable":true,"href":"https:\/\/protectiva.de\/de\/wp-json\/wp\/v2\/product_tag?post=19234"}],"curies":[{"name":"wp","href":"https:\/\/api.w.org\/{rel}","templated":true}]}}