{"id":19189,"date":"2025-04-18T21:20:19","date_gmt":"2025-04-18T21:20:19","guid":{"rendered":"https:\/\/protectiva.pl\/?post_type=product&amp;p=19076"},"modified":"2025-04-18T21:20:19","modified_gmt":"2025-04-18T21:20:19","slug":"hno-hals-nasen-ohren-set-ii","status":"publish","type":"product","link":"https:\/\/protectiva.de\/de\/produkt\/hno-hals-nasen-ohren-set-ii\/","title":{"rendered":"HNO (Hals-Nasen-Ohren) Set II"},"content":{"rendered":"<table class=\"inverse-table\" style=\"height: 187px;\" width=\"647\">\n<tbody>\n<tr>\n<td>1x Tuch<\/td>\n<td>75x90cm<\/td>\n<\/tr>\n<tr>\n<td>1x Klebetuch<\/td>\n<td>75x90cm<\/td>\n<\/tr>\n<tr>\n<td>1x U-Split-Abdeckung<\/td>\n<td>150x200cm, geteilt 10x10cm<\/td>\n<\/tr>\n<tr>\n<td>1x Tischdecke<\/td>\n<td>150x200cm<\/td>\n<\/tr>\n<tr>\n<td>2x einfaches Tuch<\/td>\n<td>45x75cm<\/td>\n<\/tr>\n<tr>\n<td>2x OP-B\u00e4nder<\/td>\n<td>10x50cm<\/td>\n<\/tr>\n<tr>\n<td>1x Mayo-St\u00e4nderabdeckung<\/td>\n<td>80x145cm<\/td>\n<\/tr>\n<tr>\n<td>4x Handtuch<\/td>\n<td>20x40cm<\/td>\n<\/tr>\n<\/tbody>\n<\/table>","protected":false},"excerpt":{"rendered":"<p>Protectiva bietet eine breite Palette an Abdecksets, die f\u00fcr die Vorbereitung von Operationss\u00e4len und die Patientensicherheit unverzichtbar sind. Der Unterschied zwischen Protectiva PACK und Protectiva SURGICAL besteht darin, dass Protectiva SURGICAL vergleichsweise mehr Basisartikel und verschiedene OP-Abdeckungen umfasst. Unsere OP-Abdecksets garantieren Effizienz und Flexibilit\u00e4t im Operationsablauf. Standard-Protectiva SURGICAL-Sets sind wie unten aufgef\u00fchrt erh\u00e4ltlich, oder Sie k\u00f6nnen Ihre eigene ma\u00dfgeschneiderte L\u00f6sung w\u00e4hlen.<\/p>","protected":false},"featured_media":19084,"comment_status":"open","ping_status":"closed","template":"","meta":[],"product_brand":[],"product_cat":[264],"product_tag":[],"class_list":{"0":"post-19189","1":"product","2":"type-product","3":"status-publish","4":"has-post-thumbnail","6":"product_cat-sets","8":"first","9":"instock","10":"shipping-taxable","11":"product-type-simple"},"yoast_head":"<!-- This site is optimized with the Yoast SEO plugin v26.2 - https:\/\/yoast.com\/wordpress\/plugins\/seo\/ -->\n<title>ENT (Ear Nose Throath) Set II - Protectiva.pl \u2013 Professionelle Medizinische und Hygieneprodukte | CE- &amp; ISO-zertifiziert<\/title>\n<meta name=\"robots\" content=\"index, follow, max-snippet:-1, max-image-preview:large, max-video-preview:-1\" \/>\n<link rel=\"canonical\" href=\"https:\/\/protectiva.de\/de\/?product=ent-ear-nose-throath-set-ii\" \/>\n<meta property=\"og:locale\" content=\"de_DE\" \/>\n<meta property=\"og:type\" content=\"article\" \/>\n<meta property=\"og:title\" content=\"ENT (Ear Nose Throath) Set II - Protectiva.pl \u2013 Professionelle Medizinische und Hygieneprodukte | CE- &amp; ISO-zertifiziert\" \/>\n<meta property=\"og:description\" content=\"Protectiva offers a wide range of drape sets which are key products in preparation of the operation rooms and patient safety. The difference between Protectiva PACK and Protectiva SURGICAL, Protectiva SURGICAL is comparatively compose of more basic items and any type of surgical drapes. Our surgical drape sets guarantees efficiency and flexibility in procedural flow. Standard Protectiva SURGICAL sets are available as listed below or you may have with your own tailor made solution\" \/>\n<meta property=\"og:url\" content=\"https:\/\/protectiva.de\/de\/?product=ent-ear-nose-throath-set-ii\" \/>\n<meta property=\"og:site_name\" content=\"Protectiva.pl \u2013 Professionelle Medizinische und Hygieneprodukte | CE- &amp; ISO-zertifiziert\" \/>\n<meta property=\"og:image\" content=\"https:\/\/protectiva.de\/wp-content\/uploads\/2025\/04\/129-1.jpg\" \/>\n\t<meta property=\"og:image:width\" content=\"1200\" \/>\n\t<meta property=\"og:image:height\" content=\"1200\" \/>\n\t<meta property=\"og:image:type\" content=\"image\/jpeg\" \/>\n<meta name=\"twitter:card\" content=\"summary_large_image\" \/>\n<script type=\"application\/ld+json\" class=\"yoast-schema-graph\">{\"@context\":\"https:\/\/schema.org\",\"@graph\":[{\"@type\":\"WebPage\",\"@id\":\"https:\/\/protectiva.de\/?product=ent-ear-nose-throath-set-ii\",\"url\":\"https:\/\/protectiva.de\/?product=ent-ear-nose-throath-set-ii\",\"name\":\"ENT (Ear Nose Throath) Set II - Protectiva.pl \u2013 Professionelle Medizinische und Hygieneprodukte | CE- &amp; ISO-zertifiziert\",\"isPartOf\":{\"@id\":\"https:\/\/protectiva.de\/#website\"},\"primaryImageOfPage\":{\"@id\":\"https:\/\/protectiva.de\/?product=ent-ear-nose-throath-set-ii#primaryimage\"},\"image\":{\"@id\":\"https:\/\/protectiva.de\/?product=ent-ear-nose-throath-set-ii#primaryimage\"},\"thumbnailUrl\":\"https:\/\/protectiva.de\/wp-content\/uploads\/2025\/04\/129-1.jpg\",\"datePublished\":\"2025-04-18T21:20:19+00:00\",\"breadcrumb\":{\"@id\":\"https:\/\/protectiva.de\/?product=ent-ear-nose-throath-set-ii#breadcrumb\"},\"inLanguage\":\"de\",\"potentialAction\":[{\"@type\":\"ReadAction\",\"target\":[\"https:\/\/protectiva.de\/?product=ent-ear-nose-throath-set-ii\"]}]},{\"@type\":\"ImageObject\",\"inLanguage\":\"de\",\"@id\":\"https:\/\/protectiva.de\/?product=ent-ear-nose-throath-set-ii#primaryimage\",\"url\":\"https:\/\/protectiva.de\/wp-content\/uploads\/2025\/04\/129-1.jpg\",\"contentUrl\":\"https:\/\/protectiva.de\/wp-content\/uploads\/2025\/04\/129-1.jpg\",\"width\":1200,\"height\":1200},{\"@type\":\"BreadcrumbList\",\"@id\":\"https:\/\/protectiva.de\/?product=ent-ear-nose-throath-set-ii#breadcrumb\",\"itemListElement\":[{\"@type\":\"ListItem\",\"position\":1,\"name\":\"Home\",\"item\":\"https:\/\/protectiva.de\/\"},{\"@type\":\"ListItem\",\"position\":2,\"name\":\"All Products\",\"item\":\"https:\/\/protectiva.de\/shop\/\"},{\"@type\":\"ListItem\",\"position\":3,\"name\":\"ENT (Ear Nose Throath) Set II\"}]},{\"@type\":\"WebSite\",\"@id\":\"https:\/\/protectiva.de\/#website\",\"url\":\"https:\/\/protectiva.de\/\",\"name\":\"Protectiva\",\"description\":\"Innovative Medical Solutions Protectiva.de bietet hochwertige medizinische und Hygieneprodukte. Zuverl\u00e4ssige Schutzausr\u00fcstung, Sterilisationsl\u00f6sungen und Gesundheitsversorgung gem\u00e4\u00df CE- und ISO-Standards f\u00fcr Krankenh\u00e4user und Kliniken. Die ideale Wahl f\u00fcr sichere und komfortable Gesundheitsumgebungen.\",\"publisher\":{\"@id\":\"https:\/\/protectiva.de\/#organization\"},\"potentialAction\":[{\"@type\":\"SearchAction\",\"target\":{\"@type\":\"EntryPoint\",\"urlTemplate\":\"https:\/\/protectiva.de\/?s={search_term_string}\"},\"query-input\":{\"@type\":\"PropertyValueSpecification\",\"valueRequired\":true,\"valueName\":\"search_term_string\"}}],\"inLanguage\":\"de\"},{\"@type\":\"Organization\",\"@id\":\"https:\/\/protectiva.de\/#organization\",\"name\":\"Protectiva\",\"url\":\"https:\/\/protectiva.de\/\",\"logo\":{\"@type\":\"ImageObject\",\"inLanguage\":\"de\",\"@id\":\"https:\/\/protectiva.de\/#\/schema\/logo\/image\/\",\"url\":\"https:\/\/protectiva.de\/wp-content\/uploads\/2025\/03\/logo-protectiva-son-hali.png\",\"contentUrl\":\"https:\/\/protectiva.de\/wp-content\/uploads\/2025\/03\/logo-protectiva-son-hali.png\",\"width\":1140,\"height\":585,\"caption\":\"Protectiva\"},\"image\":{\"@id\":\"https:\/\/protectiva.de\/#\/schema\/logo\/image\/\"}}]}<\/script>\n<!-- \/ Yoast SEO plugin. -->","yoast_head_json":{"title":"ENT (Ear Nose Throath) Set II - Protectiva.pl \u2013 Professionelle Medizinische und Hygieneprodukte | CE- &amp; ISO-zertifiziert","robots":{"index":"index","follow":"follow","max-snippet":"max-snippet:-1","max-image-preview":"max-image-preview:large","max-video-preview":"max-video-preview:-1"},"canonical":"https:\/\/protectiva.de\/de\/?product=ent-ear-nose-throath-set-ii","og_locale":"de_DE","og_type":"article","og_title":"ENT (Ear Nose Throath) Set II - Protectiva.pl \u2013 Professionelle Medizinische und Hygieneprodukte | CE- &amp; ISO-zertifiziert","og_description":"Protectiva offers a wide range of drape sets which are key products in preparation of the operation rooms and patient safety. The difference between Protectiva PACK and Protectiva SURGICAL, Protectiva SURGICAL is comparatively compose of more basic items and any type of surgical drapes. Our surgical drape sets guarantees efficiency and flexibility in procedural flow. Standard Protectiva SURGICAL sets are available as listed below or you may have with your own tailor made solution","og_url":"https:\/\/protectiva.de\/de\/?product=ent-ear-nose-throath-set-ii","og_site_name":"Protectiva.pl \u2013 Professionelle Medizinische und Hygieneprodukte | CE- &amp; ISO-zertifiziert","og_image":[{"width":1200,"height":1200,"url":"https:\/\/protectiva.de\/wp-content\/uploads\/2025\/04\/129-1.jpg","type":"image\/jpeg"}],"twitter_card":"summary_large_image","schema":{"@context":"https:\/\/schema.org","@graph":[{"@type":"WebPage","@id":"https:\/\/protectiva.de\/?product=ent-ear-nose-throath-set-ii","url":"https:\/\/protectiva.de\/?product=ent-ear-nose-throath-set-ii","name":"ENT (Ear Nose Throath) Set II - Protectiva.pl \u2013 Professionelle Medizinische und Hygieneprodukte | CE- &amp; ISO-zertifiziert","isPartOf":{"@id":"https:\/\/protectiva.de\/#website"},"primaryImageOfPage":{"@id":"https:\/\/protectiva.de\/?product=ent-ear-nose-throath-set-ii#primaryimage"},"image":{"@id":"https:\/\/protectiva.de\/?product=ent-ear-nose-throath-set-ii#primaryimage"},"thumbnailUrl":"https:\/\/protectiva.de\/wp-content\/uploads\/2025\/04\/129-1.jpg","datePublished":"2025-04-18T21:20:19+00:00","breadcrumb":{"@id":"https:\/\/protectiva.de\/?product=ent-ear-nose-throath-set-ii#breadcrumb"},"inLanguage":"de","potentialAction":[{"@type":"ReadAction","target":["https:\/\/protectiva.de\/?product=ent-ear-nose-throath-set-ii"]}]},{"@type":"ImageObject","inLanguage":"de","@id":"https:\/\/protectiva.de\/?product=ent-ear-nose-throath-set-ii#primaryimage","url":"https:\/\/protectiva.de\/wp-content\/uploads\/2025\/04\/129-1.jpg","contentUrl":"https:\/\/protectiva.de\/wp-content\/uploads\/2025\/04\/129-1.jpg","width":1200,"height":1200},{"@type":"BreadcrumbList","@id":"https:\/\/protectiva.de\/?product=ent-ear-nose-throath-set-ii#breadcrumb","itemListElement":[{"@type":"ListItem","position":1,"name":"Home","item":"https:\/\/protectiva.de\/"},{"@type":"ListItem","position":2,"name":"All Products","item":"https:\/\/protectiva.de\/shop\/"},{"@type":"ListItem","position":3,"name":"ENT (Ear Nose Throath) Set II"}]},{"@type":"WebSite","@id":"https:\/\/protectiva.de\/#website","url":"https:\/\/protectiva.de\/","name":"Protectiva","description":"Innovative Medical Solutions Protectiva.de bietet hochwertige medizinische und Hygieneprodukte. Zuverl\u00e4ssige Schutzausr\u00fcstung, Sterilisationsl\u00f6sungen und Gesundheitsversorgung gem\u00e4\u00df CE- und ISO-Standards f\u00fcr Krankenh\u00e4user und Kliniken. Die ideale Wahl f\u00fcr sichere und komfortable Gesundheitsumgebungen.","publisher":{"@id":"https:\/\/protectiva.de\/#organization"},"potentialAction":[{"@type":"SearchAction","target":{"@type":"EntryPoint","urlTemplate":"https:\/\/protectiva.de\/?s={search_term_string}"},"query-input":{"@type":"PropertyValueSpecification","valueRequired":true,"valueName":"search_term_string"}}],"inLanguage":"de"},{"@type":"Organization","@id":"https:\/\/protectiva.de\/#organization","name":"Protectiva","url":"https:\/\/protectiva.de\/","logo":{"@type":"ImageObject","inLanguage":"de","@id":"https:\/\/protectiva.de\/#\/schema\/logo\/image\/","url":"https:\/\/protectiva.de\/wp-content\/uploads\/2025\/03\/logo-protectiva-son-hali.png","contentUrl":"https:\/\/protectiva.de\/wp-content\/uploads\/2025\/03\/logo-protectiva-son-hali.png","width":1140,"height":585,"caption":"Protectiva"},"image":{"@id":"https:\/\/protectiva.de\/#\/schema\/logo\/image\/"}}]}},"_links":{"self":[{"href":"https:\/\/protectiva.de\/de\/wp-json\/wp\/v2\/product\/19189","targetHints":{"allow":["GET"]}}],"collection":[{"href":"https:\/\/protectiva.de\/de\/wp-json\/wp\/v2\/product"}],"about":[{"href":"https:\/\/protectiva.de\/de\/wp-json\/wp\/v2\/types\/product"}],"replies":[{"embeddable":true,"href":"https:\/\/protectiva.de\/de\/wp-json\/wp\/v2\/comments?post=19189"}],"wp:featuredmedia":[{"embeddable":true,"href":"https:\/\/protectiva.de\/de\/wp-json\/wp\/v2\/media\/19084"}],"wp:attachment":[{"href":"https:\/\/protectiva.de\/de\/wp-json\/wp\/v2\/media?parent=19189"}],"wp:term":[{"taxonomy":"product_brand","embeddable":true,"href":"https:\/\/protectiva.de\/de\/wp-json\/wp\/v2\/product_brand?post=19189"},{"taxonomy":"product_cat","embeddable":true,"href":"https:\/\/protectiva.de\/de\/wp-json\/wp\/v2\/product_cat?post=19189"},{"taxonomy":"product_tag","embeddable":true,"href":"https:\/\/protectiva.de\/de\/wp-json\/wp\/v2\/product_tag?post=19189"}],"curies":[{"name":"wp","href":"https:\/\/api.w.org\/{rel}","templated":true}]}}