{"id":18960,"date":"2025-04-18T19:53:54","date_gmt":"2025-04-18T19:53:54","guid":{"rendered":"https:\/\/protectiva.pl\/?post_type=product&amp;p=18960"},"modified":"2025-04-18T19:53:54","modified_gmt":"2025-04-18T19:53:54","slug":"ophtalmic-kit","status":"publish","type":"product","link":"https:\/\/protectiva.de\/de\/produkt\/ophtalmic-kit\/","title":{"rendered":"Augenset"},"content":{"rendered":"<table class=\"inverse-table\" style=\"height: 304px;\" width=\"712\">\n<tbody>\n<tr>\n<td>4x Gauze Swabs<\/td>\n<td>10x10cm<\/td>\n<\/tr>\n<tr>\n<td>2x Latex Powder Free Gloves<\/td>\n<td>M<\/td>\n<\/tr>\n<tr>\n<td>1x Cotton Swab Sticks<\/td>\n<td><\/td>\n<\/tr>\n<tr>\n<td>1x Eye Spear<\/td>\n<td><\/td>\n<\/tr>\n<tr>\n<td>1x Syringe LS<\/td>\n<td>1ml<\/td>\n<\/tr>\n<tr>\n<td>1x Needle<\/td>\n<td>30g<\/td>\n<\/tr>\n<tr>\n<td>1x Needle<\/td>\n<td>27g<\/td>\n<\/tr>\n<tr>\n<td>2x Needle<\/td>\n<td>18 g<\/td>\n<\/tr>\n<tr>\n<td>1x Kunststoffpinzette<\/td>\n<td><\/td>\n<\/tr>\n<tr>\n<td>1x Schwammklemme<\/td>\n<td>24 cm<\/td>\n<\/tr>\n<tr>\n<td>1x Barraquer Eyelid Speculum<\/td>\n<td>Erwachsene<\/td>\n<\/tr>\n<tr>\n<td>1x Nierenschale<\/td>\n<td>800 ml<\/td>\n<\/tr>\n<\/tbody>\n<\/table>","protected":false},"excerpt":{"rendered":"<p>Protectiva bietet Operationssets f\u00fcr kleinere chirurgische Eingriffe wie Infusionstherapie, Desinfektion, Verbandsbildung, Nahttechnik, Katheterisierung usw. an. Die Operationssets sind eine Kombination aus unseren eigenen Produkten und einem umfangreichen Sortiment an erg\u00e4nzenden Einwegartikeln. Individuell angepasste sterile Sets erm\u00f6glichen Ihnen eine sichere und einfache Durchf\u00fchrung Ihrer Eingriffe.<\/p>","protected":false},"featured_media":18957,"comment_status":"open","ping_status":"closed","template":"","meta":[],"product_brand":[],"product_cat":[261],"product_tag":[],"class_list":{"0":"post-18960","1":"product","2":"type-product","3":"status-publish","4":"has-post-thumbnail","6":"product_cat-kits","8":"first","9":"instock","10":"shipping-taxable","11":"product-type-simple"},"yoast_head":"<!-- This site is optimized with the Yoast SEO plugin v26.2 - https:\/\/yoast.com\/wordpress\/plugins\/seo\/ -->\n<title>Ophtalmic Kit - Protectiva.pl \u2013 Professionelle Medizinische und Hygieneprodukte | CE- &amp; ISO-zertifiziert<\/title>\n<meta name=\"robots\" content=\"index, follow, max-snippet:-1, max-image-preview:large, max-video-preview:-1\" \/>\n<link rel=\"canonical\" href=\"https:\/\/protectiva.de\/de\/?product=ophtalmic-kit\" \/>\n<meta property=\"og:locale\" content=\"de_DE\" \/>\n<meta property=\"og:type\" content=\"article\" \/>\n<meta property=\"og:title\" content=\"Ophtalmic Kit - Protectiva.pl \u2013 Professionelle Medizinische und Hygieneprodukte | CE- &amp; ISO-zertifiziert\" \/>\n<meta property=\"og:description\" content=\"Protectiva offers Surgical Kits for minor surgery interventions such as IV Therapy, Disinfection, Dressing, Suturing, Catheterization etc. Surgical Kits are combination of our own manucatured products and wide range single use complementary item inventory. Fully customised sterile kits provide you safe and easy way in your procedural praxis.\" \/>\n<meta property=\"og:url\" content=\"https:\/\/protectiva.de\/de\/?product=ophtalmic-kit\" \/>\n<meta property=\"og:site_name\" content=\"Protectiva.pl \u2013 Professionelle Medizinische und Hygieneprodukte | CE- &amp; ISO-zertifiziert\" \/>\n<meta property=\"og:image\" content=\"https:\/\/protectiva.de\/wp-content\/uploads\/2025\/04\/31-1.jpg\" \/>\n\t<meta property=\"og:image:width\" content=\"687\" \/>\n\t<meta property=\"og:image:height\" content=\"453\" \/>\n\t<meta property=\"og:image:type\" content=\"image\/jpeg\" \/>\n<meta name=\"twitter:card\" content=\"summary_large_image\" \/>\n<script type=\"application\/ld+json\" class=\"yoast-schema-graph\">{\"@context\":\"https:\/\/schema.org\",\"@graph\":[{\"@type\":\"WebPage\",\"@id\":\"https:\/\/protectiva.de\/?product=ophtalmic-kit\",\"url\":\"https:\/\/protectiva.de\/?product=ophtalmic-kit\",\"name\":\"Ophtalmic Kit - Protectiva.pl \u2013 Professionelle Medizinische und Hygieneprodukte | CE- &amp; ISO-zertifiziert\",\"isPartOf\":{\"@id\":\"https:\/\/protectiva.de\/#website\"},\"primaryImageOfPage\":{\"@id\":\"https:\/\/protectiva.de\/?product=ophtalmic-kit#primaryimage\"},\"image\":{\"@id\":\"https:\/\/protectiva.de\/?product=ophtalmic-kit#primaryimage\"},\"thumbnailUrl\":\"https:\/\/protectiva.de\/wp-content\/uploads\/2025\/04\/31-1.jpg\",\"datePublished\":\"2025-04-18T19:53:54+00:00\",\"breadcrumb\":{\"@id\":\"https:\/\/protectiva.de\/?product=ophtalmic-kit#breadcrumb\"},\"inLanguage\":\"de\",\"potentialAction\":[{\"@type\":\"ReadAction\",\"target\":[\"https:\/\/protectiva.de\/?product=ophtalmic-kit\"]}]},{\"@type\":\"ImageObject\",\"inLanguage\":\"de\",\"@id\":\"https:\/\/protectiva.de\/?product=ophtalmic-kit#primaryimage\",\"url\":\"https:\/\/protectiva.de\/wp-content\/uploads\/2025\/04\/31-1.jpg\",\"contentUrl\":\"https:\/\/protectiva.de\/wp-content\/uploads\/2025\/04\/31-1.jpg\",\"width\":687,\"height\":453},{\"@type\":\"BreadcrumbList\",\"@id\":\"https:\/\/protectiva.de\/?product=ophtalmic-kit#breadcrumb\",\"itemListElement\":[{\"@type\":\"ListItem\",\"position\":1,\"name\":\"Home\",\"item\":\"https:\/\/protectiva.de\/\"},{\"@type\":\"ListItem\",\"position\":2,\"name\":\"All Products\",\"item\":\"https:\/\/protectiva.de\/shop\/\"},{\"@type\":\"ListItem\",\"position\":3,\"name\":\"Ophtalmic Kit\"}]},{\"@type\":\"WebSite\",\"@id\":\"https:\/\/protectiva.de\/#website\",\"url\":\"https:\/\/protectiva.de\/\",\"name\":\"Protectiva\",\"description\":\"Innovative Medical Solutions Protectiva.de bietet hochwertige medizinische und Hygieneprodukte. Zuverl\u00e4ssige Schutzausr\u00fcstung, Sterilisationsl\u00f6sungen und Gesundheitsversorgung gem\u00e4\u00df CE- und ISO-Standards f\u00fcr Krankenh\u00e4user und Kliniken. Die ideale Wahl f\u00fcr sichere und komfortable Gesundheitsumgebungen.\",\"publisher\":{\"@id\":\"https:\/\/protectiva.de\/#organization\"},\"potentialAction\":[{\"@type\":\"SearchAction\",\"target\":{\"@type\":\"EntryPoint\",\"urlTemplate\":\"https:\/\/protectiva.de\/?s={search_term_string}\"},\"query-input\":{\"@type\":\"PropertyValueSpecification\",\"valueRequired\":true,\"valueName\":\"search_term_string\"}}],\"inLanguage\":\"de\"},{\"@type\":\"Organization\",\"@id\":\"https:\/\/protectiva.de\/#organization\",\"name\":\"Protectiva\",\"url\":\"https:\/\/protectiva.de\/\",\"logo\":{\"@type\":\"ImageObject\",\"inLanguage\":\"de\",\"@id\":\"https:\/\/protectiva.de\/#\/schema\/logo\/image\/\",\"url\":\"https:\/\/protectiva.de\/wp-content\/uploads\/2025\/03\/logo-protectiva-son-hali.png\",\"contentUrl\":\"https:\/\/protectiva.de\/wp-content\/uploads\/2025\/03\/logo-protectiva-son-hali.png\",\"width\":1140,\"height\":585,\"caption\":\"Protectiva\"},\"image\":{\"@id\":\"https:\/\/protectiva.de\/#\/schema\/logo\/image\/\"}}]}<\/script>\n<!-- \/ Yoast SEO plugin. -->","yoast_head_json":{"title":"Ophtalmic Kit - Protectiva.pl \u2013 Professionelle Medizinische und Hygieneprodukte | CE- &amp; ISO-zertifiziert","robots":{"index":"index","follow":"follow","max-snippet":"max-snippet:-1","max-image-preview":"max-image-preview:large","max-video-preview":"max-video-preview:-1"},"canonical":"https:\/\/protectiva.de\/de\/?product=ophtalmic-kit","og_locale":"de_DE","og_type":"article","og_title":"Ophtalmic Kit - Protectiva.pl \u2013 Professionelle Medizinische und Hygieneprodukte | CE- &amp; ISO-zertifiziert","og_description":"Protectiva offers Surgical Kits for minor surgery interventions such as IV Therapy, Disinfection, Dressing, Suturing, Catheterization etc. Surgical Kits are combination of our own manucatured products and wide range single use complementary item inventory. Fully customised sterile kits provide you safe and easy way in your procedural praxis.","og_url":"https:\/\/protectiva.de\/de\/?product=ophtalmic-kit","og_site_name":"Protectiva.pl \u2013 Professionelle Medizinische und Hygieneprodukte | CE- &amp; ISO-zertifiziert","og_image":[{"width":687,"height":453,"url":"https:\/\/protectiva.de\/wp-content\/uploads\/2025\/04\/31-1.jpg","type":"image\/jpeg"}],"twitter_card":"summary_large_image","schema":{"@context":"https:\/\/schema.org","@graph":[{"@type":"WebPage","@id":"https:\/\/protectiva.de\/?product=ophtalmic-kit","url":"https:\/\/protectiva.de\/?product=ophtalmic-kit","name":"Ophtalmic Kit - Protectiva.pl \u2013 Professionelle Medizinische und Hygieneprodukte | CE- &amp; ISO-zertifiziert","isPartOf":{"@id":"https:\/\/protectiva.de\/#website"},"primaryImageOfPage":{"@id":"https:\/\/protectiva.de\/?product=ophtalmic-kit#primaryimage"},"image":{"@id":"https:\/\/protectiva.de\/?product=ophtalmic-kit#primaryimage"},"thumbnailUrl":"https:\/\/protectiva.de\/wp-content\/uploads\/2025\/04\/31-1.jpg","datePublished":"2025-04-18T19:53:54+00:00","breadcrumb":{"@id":"https:\/\/protectiva.de\/?product=ophtalmic-kit#breadcrumb"},"inLanguage":"de","potentialAction":[{"@type":"ReadAction","target":["https:\/\/protectiva.de\/?product=ophtalmic-kit"]}]},{"@type":"ImageObject","inLanguage":"de","@id":"https:\/\/protectiva.de\/?product=ophtalmic-kit#primaryimage","url":"https:\/\/protectiva.de\/wp-content\/uploads\/2025\/04\/31-1.jpg","contentUrl":"https:\/\/protectiva.de\/wp-content\/uploads\/2025\/04\/31-1.jpg","width":687,"height":453},{"@type":"BreadcrumbList","@id":"https:\/\/protectiva.de\/?product=ophtalmic-kit#breadcrumb","itemListElement":[{"@type":"ListItem","position":1,"name":"Home","item":"https:\/\/protectiva.de\/"},{"@type":"ListItem","position":2,"name":"All Products","item":"https:\/\/protectiva.de\/shop\/"},{"@type":"ListItem","position":3,"name":"Ophtalmic Kit"}]},{"@type":"WebSite","@id":"https:\/\/protectiva.de\/#website","url":"https:\/\/protectiva.de\/","name":"Protectiva","description":"Innovative Medical Solutions Protectiva.de bietet hochwertige medizinische und Hygieneprodukte. Zuverl\u00e4ssige Schutzausr\u00fcstung, Sterilisationsl\u00f6sungen und Gesundheitsversorgung gem\u00e4\u00df CE- und ISO-Standards f\u00fcr Krankenh\u00e4user und Kliniken. Die ideale Wahl f\u00fcr sichere und komfortable Gesundheitsumgebungen.","publisher":{"@id":"https:\/\/protectiva.de\/#organization"},"potentialAction":[{"@type":"SearchAction","target":{"@type":"EntryPoint","urlTemplate":"https:\/\/protectiva.de\/?s={search_term_string}"},"query-input":{"@type":"PropertyValueSpecification","valueRequired":true,"valueName":"search_term_string"}}],"inLanguage":"de"},{"@type":"Organization","@id":"https:\/\/protectiva.de\/#organization","name":"Protectiva","url":"https:\/\/protectiva.de\/","logo":{"@type":"ImageObject","inLanguage":"de","@id":"https:\/\/protectiva.de\/#\/schema\/logo\/image\/","url":"https:\/\/protectiva.de\/wp-content\/uploads\/2025\/03\/logo-protectiva-son-hali.png","contentUrl":"https:\/\/protectiva.de\/wp-content\/uploads\/2025\/03\/logo-protectiva-son-hali.png","width":1140,"height":585,"caption":"Protectiva"},"image":{"@id":"https:\/\/protectiva.de\/#\/schema\/logo\/image\/"}}]}},"_links":{"self":[{"href":"https:\/\/protectiva.de\/de\/wp-json\/wp\/v2\/product\/18960","targetHints":{"allow":["GET"]}}],"collection":[{"href":"https:\/\/protectiva.de\/de\/wp-json\/wp\/v2\/product"}],"about":[{"href":"https:\/\/protectiva.de\/de\/wp-json\/wp\/v2\/types\/product"}],"replies":[{"embeddable":true,"href":"https:\/\/protectiva.de\/de\/wp-json\/wp\/v2\/comments?post=18960"}],"wp:featuredmedia":[{"embeddable":true,"href":"https:\/\/protectiva.de\/de\/wp-json\/wp\/v2\/media\/18957"}],"wp:attachment":[{"href":"https:\/\/protectiva.de\/de\/wp-json\/wp\/v2\/media?parent=18960"}],"wp:term":[{"taxonomy":"product_brand","embeddable":true,"href":"https:\/\/protectiva.de\/de\/wp-json\/wp\/v2\/product_brand?post=18960"},{"taxonomy":"product_cat","embeddable":true,"href":"https:\/\/protectiva.de\/de\/wp-json\/wp\/v2\/product_cat?post=18960"},{"taxonomy":"product_tag","embeddable":true,"href":"https:\/\/protectiva.de\/de\/wp-json\/wp\/v2\/product_tag?post=18960"}],"curies":[{"name":"wp","href":"https:\/\/api.w.org\/{rel}","templated":true}]}}