{"id":18885,"date":"2025-04-04T13:12:15","date_gmt":"2025-04-04T13:12:15","guid":{"rendered":"https:\/\/protectiva.pl\/?post_type=product&#038;p=18885"},"modified":"2025-04-04T13:18:18","modified_gmt":"2025-04-04T13:18:18","slug":"konix-af-gebrauchsfertiger-bodenbelag-auf-alkoholbasis","status":"publish","type":"product","link":"https:\/\/protectiva.de\/de\/produkt\/konix-af-gebrauchsfertiger-bodenbelag-auf-alkoholbasis\/","title":{"rendered":"Konix AF Gebrauchsfertiger Bodenreiniger auf Alkoholbasis"},"content":{"rendered":"<h2 data-start=\"0\" data-end=\"60\">Konix AF \u2013 Gebrauchsfertiges Desinfektionsmittel auf Alkoholbasis<\/h2>\n<p class=\"\" data-start=\"62\" data-end=\"127\"><strong data-start=\"62\" data-end=\"125\"><img loading=\"lazy\" decoding=\"async\" class=\"alignnone size-full wp-image-18880\" src=\"https:\/\/protectiva.de\/wp-content\/uploads\/2025\/04\/konix_mini.2png.png\" alt=\"konix\" width=\"185\" height=\"65\" \/><\/strong><\/p>\n<p class=\"\" data-start=\"62\" data-end=\"127\"><strong data-start=\"62\" data-end=\"125\">Breite Materialvertr\u00e4glichkeit mit alkoholbest\u00e4ndigen Oberfl\u00e4chen<\/strong><\/p>\n<p>\u2013 Sorgt f\u00fcr eine schnelle und effektive Desinfektion.<\/p>\n<p>\u2013 Trocknet schnell und r\u00fcckstandslos.<\/p>\n<p>\u2013 Muss nicht abgesp\u00fclt werden.<\/p>\n<p class=\"\" data-start=\"249\" data-end=\"519\">Konix AF ist ein gebrauchsfertiges Desinfektionsmittel auf Alkoholbasis, formuliert nach <strong data-start=\"333\" data-end=\"365\">Biozidprodukteverordnung<\/strong>. Es ist <strong data-start=\"373\" data-end=\"389\">nicht-invasiv<\/strong> und eignet sich zur Schnelldesinfektion aller alkoholbest\u00e4ndigen Ger\u00e4te. Speziell entwickelt f\u00fcr <strong data-start=\"490\" data-end=\"516\">schwer zug\u00e4ngliche Oberfl\u00e4chen<\/strong>.<\/p>\n<p class=\"\" data-start=\"521\" data-end=\"726\">Es ist <strong data-start=\"525\" data-end=\"554\">aldehydfreie Zusammensetzung<\/strong> sorgt f\u00fcr eine gute Materialvertr\u00e4glichkeit und <strong data-start=\"595\" data-end=\"624\">r\u00fcckstandsfreie Desinfektion<\/strong>. Konix AF bietet <strong data-start=\"642\" data-end=\"684\">umfassende mikrobiologische Wirksamkeit<\/strong> und hinterl\u00e4sst ein <strong data-start=\"698\" data-end=\"723\">frischer, angenehmer Duft<\/strong>.<\/p>\n<h3 class=\"\" data-start=\"728\" data-end=\"755\"><strong data-start=\"732\" data-end=\"753\">ANWENDUNGSBEREICHE<\/strong><\/h3>\n<p class=\"\" data-start=\"756\" data-end=\"832\">Geeignet f\u00fcr alle Bereiche mit <strong data-start=\"796\" data-end=\"818\">Schnelldesinfektion<\/strong>, einschlie\u00dflich:<\/p>\n<p>\u2013 Operationstische, Lampen und Ausr\u00fcstung.<br \/>\n\u2013 Medizinische Transportfahrzeuge wie Einsatzfahrzeuge, Krankentragen und Krankenwagen.<br \/>\n\u2013 Zahn\u00e4rztliche Ger\u00e4te und Instrumente (z. B. Bohrerspitzen, Airotor-K\u00f6pfe).<br \/>\n\u2013 Schwesternstationen, Schreibtische, St\u00fchle, Verbandwagen und andere Oberfl\u00e4chen in Kliniken und Arztpraxen.<br \/>\n\u2013 Monitore am Patientenbett und h\u00e4ufig ber\u00fchrte Oberfl\u00e4chen wie Toiletten, Waschbecken, Wasserh\u00e4hne und T\u00fcrklinken.<br \/>\n\u2013 B\u00fcrobedarf in Patientenpflegeeinheiten, einschlie\u00dflich Infusionsst\u00e4ndern, Bettgittern und Mikroskopoberfl\u00e4chen, die mit H\u00e4nden oder Haut in Kontakt kommen.<br \/>\n\u2013 Medizinische Instrumente, die mit der Haut des Patienten in Kontakt kommen, wie Stethoskope, Thermometer, Blutdruckmessger\u00e4te, Otoskope und Ophthalmoskope.<br \/>\n\u2013 \u00d6ffentliche R\u00e4ume wie Wohnungen, Arbeitspl\u00e4tze und Schulen zur allgemeinen Desinfektion.<\/p>\n<h3 class=\"\" data-start=\"1671\" data-end=\"1701\"><strong data-start=\"1675\" data-end=\"1699\">CHEMISCHE ZUSAMMENSETZUNG<\/strong><\/h3>\n<p class=\"\" data-start=\"1702\" data-end=\"1727\"><strong data-start=\"1702\" data-end=\"1725\">Wirkstoffe:<\/strong><\/p>\n<p>\u2013 50% Ethylalkohol (w\/w)<br \/>\n\u2013 10% Propan-2-ol (w\/w)<br \/>\n\u2013 0,25% Didecyldimethylammoniumchlorid (80% a\/w)<\/p>\n<p class=\"\" data-start=\"1850\" data-end=\"1912\"><strong data-start=\"1850\" data-end=\"1872\">Weitere Zutaten:<\/strong> Deionisiertes Wasser, nichtionisches Tensid.<\/p>\n<h3 class=\"\" data-start=\"1914\" data-end=\"1943\"><strong data-start=\"1918\" data-end=\"1941\">PHYSIKALISCHE EIGENSCHAFTEN<\/strong><\/h3>\n<p>\u2013 Form: Fl\u00fcssigkeit<br \/>\n\u2013 Dichte: 0,80 \u2013 1,10 g\/cm\u00b3<br \/>\n\u2013 pH: 5 \u2013 8<br \/>\n\u2013 Geruch: Charakteristisch<br \/>\n\u2013 Aussehen: Transparent<br \/>\n\u2013 Farbe: Einzigartig<br \/>\n\u2013 Lagerbedingungen: 5\u02daC \u2013 30\u02daC<br \/>\n\u2013 Haltbarkeit: 2 Jahre (6 Monate nach dem \u00d6ffnen)<\/p>\n<h3 class=\"\" data-start=\"2194\" data-end=\"2217\"><strong data-start=\"2198\" data-end=\"2215\">ZERTIFIZIERUNG<\/strong><\/h3>\n<p class=\"\" data-start=\"2218\" data-end=\"2364\">Zertifiziert durch die <strong data-start=\"2235\" data-end=\"2290\">T\u00fcrkisches Gesundheitsministerium (Biozid-Zertifizierung)<\/strong>.<br data-start=\"2291\" data-end=\"2294\" \/><strong data-start=\"2294\" data-end=\"2341\">Datum und Nummer der Lizenz des Gesundheitsministeriums:<\/strong><br data-start=\"2341\" data-end=\"2344\" \/>17.10.2018 \u2013 2018\/99<\/p>","protected":false},"excerpt":{"rendered":"<p class=\"\" data-start=\"62\" data-end=\"127\"><strong data-start=\"62\" data-end=\"125\"><img loading=\"lazy\" decoding=\"async\" class=\"alignnone size-full wp-image-18880\" src=\"https:\/\/protectiva.de\/wp-content\/uploads\/2025\/04\/konix_mini.2png.png\" alt=\"konix\" width=\"185\" height=\"65\" \/><\/strong><\/p>\n<p class=\"\" data-start=\"62\" data-end=\"127\"><strong data-start=\"62\" data-end=\"125\">Breite Materialvertr\u00e4glichkeit mit alkoholbest\u00e4ndigen Oberfl\u00e4chen<\/strong><\/p>\n<p>\u2013 Sorgt f\u00fcr eine schnelle und effektive Desinfektion.<br \/>\n\u2013 Trocknet schnell und r\u00fcckstandslos.<br \/>\n\u2013 Muss nicht abgesp\u00fclt werden.<\/p>","protected":false},"featured_media":18886,"comment_status":"open","ping_status":"closed","template":"","meta":[],"product_brand":[],"product_cat":[195],"product_tag":[],"class_list":{"0":"post-18885","1":"product","2":"type-product","3":"status-publish","4":"has-post-thumbnail","6":"product_cat-sterilization-reels-pouches","8":"first","9":"instock","10":"shipping-taxable","11":"product-type-simple"},"yoast_head":"<!-- This site is optimized with the Yoast SEO plugin v26.2 - https:\/\/yoast.com\/wordpress\/plugins\/seo\/ -->\n<title>Konix AF Ready-to-Use Alcohol-Based Floor - Protectiva.pl \u2013 Professionelle Medizinische und Hygieneprodukte | CE- &amp; ISO-zertifiziert<\/title>\n<meta name=\"robots\" content=\"index, follow, max-snippet:-1, max-image-preview:large, max-video-preview:-1\" \/>\n<link rel=\"canonical\" href=\"https:\/\/protectiva.de\/de\/?product=konix-af-ready-to-use-alcohol-based-floor\" \/>\n<meta property=\"og:locale\" content=\"de_DE\" \/>\n<meta property=\"og:type\" content=\"article\" \/>\n<meta property=\"og:title\" content=\"Konix AF Ready-to-Use Alcohol-Based Floor - Protectiva.pl \u2013 Professionelle Medizinische und Hygieneprodukte | CE- &amp; ISO-zertifiziert\" \/>\n<meta property=\"og:description\" content=\"Wide Material Compatibility with Alcohol-Resistant Surfaces - Provides fast and effective disinfection. - Dries quickly without leaving residues. - Does not require rinsing.\" \/>\n<meta property=\"og:url\" content=\"https:\/\/protectiva.de\/de\/?product=konix-af-ready-to-use-alcohol-based-floor\" \/>\n<meta property=\"og:site_name\" content=\"Protectiva.pl \u2013 Professionelle Medizinische und Hygieneprodukte | CE- &amp; ISO-zertifiziert\" \/>\n<meta property=\"article:modified_time\" content=\"2025-04-04T13:18:18+00:00\" \/>\n<meta property=\"og:image\" content=\"https:\/\/protectiva.de\/wp-content\/uploads\/2025\/04\/konix-af-ready-to-use-alcohol-based-floor.jpg\" \/>\n\t<meta property=\"og:image:width\" content=\"1000\" \/>\n\t<meta property=\"og:image:height\" content=\"1000\" \/>\n\t<meta property=\"og:image:type\" content=\"image\/jpeg\" \/>\n<meta name=\"twitter:card\" content=\"summary_large_image\" \/>\n<meta name=\"twitter:label1\" content=\"Gesch\u00e4tzte Lesezeit\" \/>\n\t<meta name=\"twitter:data1\" content=\"1\u00a0Minute\" \/>\n<script type=\"application\/ld+json\" class=\"yoast-schema-graph\">{\"@context\":\"https:\/\/schema.org\",\"@graph\":[{\"@type\":\"WebPage\",\"@id\":\"https:\/\/protectiva.de\/?product=konix-af-ready-to-use-alcohol-based-floor\",\"url\":\"https:\/\/protectiva.de\/?product=konix-af-ready-to-use-alcohol-based-floor\",\"name\":\"Konix AF Ready-to-Use Alcohol-Based Floor - Protectiva.pl \u2013 Professionelle Medizinische und Hygieneprodukte | CE- &amp; ISO-zertifiziert\",\"isPartOf\":{\"@id\":\"https:\/\/protectiva.de\/#website\"},\"primaryImageOfPage\":{\"@id\":\"https:\/\/protectiva.de\/?product=konix-af-ready-to-use-alcohol-based-floor#primaryimage\"},\"image\":{\"@id\":\"https:\/\/protectiva.de\/?product=konix-af-ready-to-use-alcohol-based-floor#primaryimage\"},\"thumbnailUrl\":\"https:\/\/protectiva.de\/wp-content\/uploads\/2025\/04\/konix-af-ready-to-use-alcohol-based-floor.jpg\",\"datePublished\":\"2025-04-04T13:12:15+00:00\",\"dateModified\":\"2025-04-04T13:18:18+00:00\",\"breadcrumb\":{\"@id\":\"https:\/\/protectiva.de\/?product=konix-af-ready-to-use-alcohol-based-floor#breadcrumb\"},\"inLanguage\":\"de\",\"potentialAction\":[{\"@type\":\"ReadAction\",\"target\":[\"https:\/\/protectiva.de\/?product=konix-af-ready-to-use-alcohol-based-floor\"]}]},{\"@type\":\"ImageObject\",\"inLanguage\":\"de\",\"@id\":\"https:\/\/protectiva.de\/?product=konix-af-ready-to-use-alcohol-based-floor#primaryimage\",\"url\":\"https:\/\/protectiva.de\/wp-content\/uploads\/2025\/04\/konix-af-ready-to-use-alcohol-based-floor.jpg\",\"contentUrl\":\"https:\/\/protectiva.de\/wp-content\/uploads\/2025\/04\/konix-af-ready-to-use-alcohol-based-floor.jpg\",\"width\":1000,\"height\":1000},{\"@type\":\"BreadcrumbList\",\"@id\":\"https:\/\/protectiva.de\/?product=konix-af-ready-to-use-alcohol-based-floor#breadcrumb\",\"itemListElement\":[{\"@type\":\"ListItem\",\"position\":1,\"name\":\"Home\",\"item\":\"https:\/\/protectiva.de\/\"},{\"@type\":\"ListItem\",\"position\":2,\"name\":\"All Products\",\"item\":\"https:\/\/protectiva.de\/shop\/\"},{\"@type\":\"ListItem\",\"position\":3,\"name\":\"Konix AF Ready-to-Use Alcohol-Based Floor\"}]},{\"@type\":\"WebSite\",\"@id\":\"https:\/\/protectiva.de\/#website\",\"url\":\"https:\/\/protectiva.de\/\",\"name\":\"Protectiva\",\"description\":\"Innovative Medical Solutions Protectiva.de bietet hochwertige medizinische und Hygieneprodukte. Zuverl\u00e4ssige Schutzausr\u00fcstung, Sterilisationsl\u00f6sungen und Gesundheitsversorgung gem\u00e4\u00df CE- und ISO-Standards f\u00fcr Krankenh\u00e4user und Kliniken. Die ideale Wahl f\u00fcr sichere und komfortable Gesundheitsumgebungen.\",\"publisher\":{\"@id\":\"https:\/\/protectiva.de\/#organization\"},\"potentialAction\":[{\"@type\":\"SearchAction\",\"target\":{\"@type\":\"EntryPoint\",\"urlTemplate\":\"https:\/\/protectiva.de\/?s={search_term_string}\"},\"query-input\":{\"@type\":\"PropertyValueSpecification\",\"valueRequired\":true,\"valueName\":\"search_term_string\"}}],\"inLanguage\":\"de\"},{\"@type\":\"Organization\",\"@id\":\"https:\/\/protectiva.de\/#organization\",\"name\":\"Protectiva\",\"url\":\"https:\/\/protectiva.de\/\",\"logo\":{\"@type\":\"ImageObject\",\"inLanguage\":\"de\",\"@id\":\"https:\/\/protectiva.de\/#\/schema\/logo\/image\/\",\"url\":\"https:\/\/protectiva.de\/wp-content\/uploads\/2025\/03\/logo-protectiva-son-hali.png\",\"contentUrl\":\"https:\/\/protectiva.de\/wp-content\/uploads\/2025\/03\/logo-protectiva-son-hali.png\",\"width\":1140,\"height\":585,\"caption\":\"Protectiva\"},\"image\":{\"@id\":\"https:\/\/protectiva.de\/#\/schema\/logo\/image\/\"}}]}<\/script>\n<!-- \/ Yoast SEO plugin. -->","yoast_head_json":{"title":"Konix AF Ready-to-Use Alcohol-Based Floor - Protectiva.pl \u2013 Professionelle Medizinische und Hygieneprodukte | CE- &amp; ISO-zertifiziert","robots":{"index":"index","follow":"follow","max-snippet":"max-snippet:-1","max-image-preview":"max-image-preview:large","max-video-preview":"max-video-preview:-1"},"canonical":"https:\/\/protectiva.de\/de\/?product=konix-af-ready-to-use-alcohol-based-floor","og_locale":"de_DE","og_type":"article","og_title":"Konix AF Ready-to-Use Alcohol-Based Floor - Protectiva.pl \u2013 Professionelle Medizinische und Hygieneprodukte | CE- &amp; ISO-zertifiziert","og_description":"Wide Material Compatibility with Alcohol-Resistant Surfaces - Provides fast and effective disinfection. - Dries quickly without leaving residues. - Does not require rinsing.","og_url":"https:\/\/protectiva.de\/de\/?product=konix-af-ready-to-use-alcohol-based-floor","og_site_name":"Protectiva.pl \u2013 Professionelle Medizinische und Hygieneprodukte | CE- &amp; ISO-zertifiziert","article_modified_time":"2025-04-04T13:18:18+00:00","og_image":[{"width":1000,"height":1000,"url":"https:\/\/protectiva.de\/wp-content\/uploads\/2025\/04\/konix-af-ready-to-use-alcohol-based-floor.jpg","type":"image\/jpeg"}],"twitter_card":"summary_large_image","twitter_misc":{"Gesch\u00e4tzte Lesezeit":"1\u00a0Minute"},"schema":{"@context":"https:\/\/schema.org","@graph":[{"@type":"WebPage","@id":"https:\/\/protectiva.de\/?product=konix-af-ready-to-use-alcohol-based-floor","url":"https:\/\/protectiva.de\/?product=konix-af-ready-to-use-alcohol-based-floor","name":"Konix AF Ready-to-Use Alcohol-Based Floor - Protectiva.pl \u2013 Professionelle Medizinische und Hygieneprodukte | CE- &amp; ISO-zertifiziert","isPartOf":{"@id":"https:\/\/protectiva.de\/#website"},"primaryImageOfPage":{"@id":"https:\/\/protectiva.de\/?product=konix-af-ready-to-use-alcohol-based-floor#primaryimage"},"image":{"@id":"https:\/\/protectiva.de\/?product=konix-af-ready-to-use-alcohol-based-floor#primaryimage"},"thumbnailUrl":"https:\/\/protectiva.de\/wp-content\/uploads\/2025\/04\/konix-af-ready-to-use-alcohol-based-floor.jpg","datePublished":"2025-04-04T13:12:15+00:00","dateModified":"2025-04-04T13:18:18+00:00","breadcrumb":{"@id":"https:\/\/protectiva.de\/?product=konix-af-ready-to-use-alcohol-based-floor#breadcrumb"},"inLanguage":"de","potentialAction":[{"@type":"ReadAction","target":["https:\/\/protectiva.de\/?product=konix-af-ready-to-use-alcohol-based-floor"]}]},{"@type":"ImageObject","inLanguage":"de","@id":"https:\/\/protectiva.de\/?product=konix-af-ready-to-use-alcohol-based-floor#primaryimage","url":"https:\/\/protectiva.de\/wp-content\/uploads\/2025\/04\/konix-af-ready-to-use-alcohol-based-floor.jpg","contentUrl":"https:\/\/protectiva.de\/wp-content\/uploads\/2025\/04\/konix-af-ready-to-use-alcohol-based-floor.jpg","width":1000,"height":1000},{"@type":"BreadcrumbList","@id":"https:\/\/protectiva.de\/?product=konix-af-ready-to-use-alcohol-based-floor#breadcrumb","itemListElement":[{"@type":"ListItem","position":1,"name":"Home","item":"https:\/\/protectiva.de\/"},{"@type":"ListItem","position":2,"name":"All Products","item":"https:\/\/protectiva.de\/shop\/"},{"@type":"ListItem","position":3,"name":"Konix AF Ready-to-Use Alcohol-Based Floor"}]},{"@type":"WebSite","@id":"https:\/\/protectiva.de\/#website","url":"https:\/\/protectiva.de\/","name":"Protectiva","description":"Innovative Medical Solutions Protectiva.de bietet hochwertige medizinische und Hygieneprodukte. Zuverl\u00e4ssige Schutzausr\u00fcstung, Sterilisationsl\u00f6sungen und Gesundheitsversorgung gem\u00e4\u00df CE- und ISO-Standards f\u00fcr Krankenh\u00e4user und Kliniken. Die ideale Wahl f\u00fcr sichere und komfortable Gesundheitsumgebungen.","publisher":{"@id":"https:\/\/protectiva.de\/#organization"},"potentialAction":[{"@type":"SearchAction","target":{"@type":"EntryPoint","urlTemplate":"https:\/\/protectiva.de\/?s={search_term_string}"},"query-input":{"@type":"PropertyValueSpecification","valueRequired":true,"valueName":"search_term_string"}}],"inLanguage":"de"},{"@type":"Organization","@id":"https:\/\/protectiva.de\/#organization","name":"Protectiva","url":"https:\/\/protectiva.de\/","logo":{"@type":"ImageObject","inLanguage":"de","@id":"https:\/\/protectiva.de\/#\/schema\/logo\/image\/","url":"https:\/\/protectiva.de\/wp-content\/uploads\/2025\/03\/logo-protectiva-son-hali.png","contentUrl":"https:\/\/protectiva.de\/wp-content\/uploads\/2025\/03\/logo-protectiva-son-hali.png","width":1140,"height":585,"caption":"Protectiva"},"image":{"@id":"https:\/\/protectiva.de\/#\/schema\/logo\/image\/"}}]}},"_links":{"self":[{"href":"https:\/\/protectiva.de\/de\/wp-json\/wp\/v2\/product\/18885","targetHints":{"allow":["GET"]}}],"collection":[{"href":"https:\/\/protectiva.de\/de\/wp-json\/wp\/v2\/product"}],"about":[{"href":"https:\/\/protectiva.de\/de\/wp-json\/wp\/v2\/types\/product"}],"replies":[{"embeddable":true,"href":"https:\/\/protectiva.de\/de\/wp-json\/wp\/v2\/comments?post=18885"}],"wp:featuredmedia":[{"embeddable":true,"href":"https:\/\/protectiva.de\/de\/wp-json\/wp\/v2\/media\/18886"}],"wp:attachment":[{"href":"https:\/\/protectiva.de\/de\/wp-json\/wp\/v2\/media?parent=18885"}],"wp:term":[{"taxonomy":"product_brand","embeddable":true,"href":"https:\/\/protectiva.de\/de\/wp-json\/wp\/v2\/product_brand?post=18885"},{"taxonomy":"product_cat","embeddable":true,"href":"https:\/\/protectiva.de\/de\/wp-json\/wp\/v2\/product_cat?post=18885"},{"taxonomy":"product_tag","embeddable":true,"href":"https:\/\/protectiva.de\/de\/wp-json\/wp\/v2\/product_tag?post=18885"}],"curies":[{"name":"wp","href":"https:\/\/api.w.org\/{rel}","templated":true}]}}