{"id":18882,"date":"2025-04-04T12:59:51","date_gmt":"2025-04-04T12:59:51","guid":{"rendered":"https:\/\/protectiva.pl\/?post_type=product&#038;p=18882"},"modified":"2025-04-04T13:00:48","modified_gmt":"2025-04-04T13:00:48","slug":"konix-af-gebrauchsfertiges-boden-und-oberflachendesinfektionsmittel-auf-alkoholbasis","status":"publish","type":"product","link":"https:\/\/protectiva.de\/de\/produkt\/konix-af-gebrauchsfertiges-boden-und-oberflachendesinfektionsmittel-auf-alkoholbasis\/","title":{"rendered":"Konix AF Gebrauchsfertiges Boden- und Oberfl\u00e4chendesinfektionsmittel auf Alkoholbasis"},"content":{"rendered":"<div class=\"wpb-content-wrapper\">\t<div  class=\"vc_row wpb_row vc_row-fluid vc_column-gap-default ts-row-wide\"  ><div class=\"wpb_column vc_column_container vc_col-sm-12\">\n\t<div class=\"wpb_wrapper\">\n\t\n\t<div class=\"wpb_text_column wpb_content_element\" >\n\t\t<div class=\"wpb_wrapper\">\n\t\t\t<h2>Konix AF Gebrauchsfertiges Boden- und Oberfl\u00e4chendesinfektionsmittel auf Alkoholbasis<\/h2>\n<p><img loading=\"lazy\" decoding=\"async\" class=\"alignnone size-full wp-image-18880\" src=\"https:\/\/protectiva.de\/wp-content\/uploads\/2025\/04\/konix_mini.2png.png\" alt=\"konix\" width=\"185\" height=\"65\" \/><\/p>\n<p>Breite Materialvertr\u00e4glichkeit mit alkoholbest\u00e4ndigen Oberfl\u00e4chen und guter Benetzung<br \/>\nSchnelles und umfassendes Handeln<br \/>\nSchnelles und r\u00fcckstandsfreies Trocknen<br \/>\nKein Sp\u00fclen erforderlich<\/p>\n<p>Konix AF ist ein alkoholisches, gebrauchsfertiges Desinfektionsmittel gem\u00e4\u00df der Biozidprodukteverordnung.<\/p>\n<h3>Nicht-invasiv<\/h3>\n<p>Es dient zur Schnelldesinfektion aller alkoholbest\u00e4ndigen Ger\u00e4te. Es eignet sich besonders f\u00fcr unzug\u00e4ngliche Oberfl\u00e4chen.<\/p>\n<p>Es hat eine mikrobiologische Aktivit\u00e4t und hinterl\u00e4sst einen frischen und angenehmen Duft.<\/p>\n<p><strong>EINSATZBEREICH<\/strong><\/p>\n<p><strong>Es kommt \u00fcberall dort zum Einsatz, wo eine schnelle Desinfektion erforderlich ist:<\/strong><\/p>\n<p>Operationstische, Lampen und Vorrichtungen, Transportfahrzeuge; Einsatzwagen, Krankentragen und Krankenwagen, zahn\u00e4rztliche Ger\u00e4te und Instrumente; Bohrer, Bel\u00fcfterk\u00f6pfe usw., Schwesterntische, Tische und St\u00fchle, Verbandwagen, in Bereichen, in denen eine schnelle Desinfektion in Arzt- und Zahnarztpraxen erforderlich ist. Nachttischmonitore, Bereiche mit h\u00e4ufigem Hand- und Hautkontakt; Schr\u00e4nke, Waschbecken, Wasserh\u00e4hne, T\u00fcrgriffe usw., B\u00fcrobedarf in Patientenpflegeeinheiten, Infusionsst\u00e4nder, Patientenbettkanten, medizinische Instrumente in Kontakt mit der Haut des Patienten in den Bereichen von Mikroskopen, die mit Hand und Haut in Kontakt kommen; wie Stethoskop, Grad, Blutdruckmessger\u00e4t, Otoskop, Ophthalmoskop.<\/p>\n<p>Es wird auch zur Desinfektion in \u00f6ffentlichen Bereichen wie zu Hause, am Arbeitsplatz, in der Schule usw. verwendet.<\/p>\n<h3>CHEMISCHE ZUSAMMENSETZUNG<\/h3>\n<p><strong>Wirkstoff:<\/strong> 50% Ethylalkohol (v\/v), 10% 2-Propanol<\/p>\n<p>(v \/ v), 0,25% Didesyldimethylammonium<\/p>\n<p>Chlorit 80% (w\/v).<\/p>\n<p><strong>Hilfsstoffe:<\/strong> Deionisiertes Wasser, nichtionisches Tensid<\/p>\n<h3>PHYSIKALISCHE EIGENSCHAFTEN<\/h3>\n<p><strong>Physikalischer Zustand:<\/strong> Fl\u00fcssig<\/p>\n<p><strong>Dichte:<\/strong> 0,80 \u2013 1,10 g \/ cm3<\/p>\n<p><strong>pH-Wert:<\/strong> 5 &#8211; 8<\/p>\n<p><strong>Geruch:<\/strong> Merkmal<\/p>\n<p><strong>Aussehen:<\/strong> Transparent<\/p>\n<p><strong>Farbe:<\/strong> Einzigartig<\/p>\n<p><strong>Lagerbedingungen:<\/strong> 5 \u00b0C \u2013 30 \u00b0C<\/p>\n<p><strong>Haltbarkeit:<\/strong> 2 Jahre (6 Monate nach dem \u00d6ffnen)<\/p>\n<p>ZERTIFIZIERUNG<\/p>\n<p>TR-Gesundheitsministerium, Biozid-zertifiziert.<\/p>\n<p>Datum und Nummer der Lizenz des Gesundheitsministeriums:<\/p>\n<p>17\/10\/2018 &#8211; 2018\/99<\/p>\n\n\t\t<\/div>\n\t<\/div>\n\t<\/div>\n<\/div><\/div>\n<\/div>","protected":false},"excerpt":{"rendered":"<p><img loading=\"lazy\" decoding=\"async\" class=\"alignnone size-full wp-image-18880\" src=\"https:\/\/protectiva.de\/wp-content\/uploads\/2025\/04\/konix_mini.2png.png\" alt=\"konix\" width=\"185\" height=\"65\" \/><\/p>\n<p>Breite Materialvertr\u00e4glichkeit mit alkoholbest\u00e4ndigen Oberfl\u00e4chen und guter Benetzung<br \/>\nSchnelles und umfassendes Handeln<br \/>\nSchnelles und r\u00fcckstandsfreies Trocknen<br \/>\nKein Sp\u00fclen erforderlich<\/p>\n<p>Konix AF ist ein alkoholisches, gebrauchsfertiges Desinfektionsmittel gem\u00e4\u00df der Biozidprodukteverordnung.<\/p>","protected":false},"featured_media":18883,"comment_status":"open","ping_status":"closed","template":"","meta":[],"product_brand":[],"product_cat":[198,195],"product_tag":[],"class_list":{"0":"post-18882","1":"product","2":"type-product","3":"status-publish","4":"has-post-thumbnail","6":"product_cat-sterilization","7":"product_cat-sterilization-reels-pouches","9":"first","10":"instock","11":"shipping-taxable","12":"product-type-simple"},"yoast_head":"<!-- This site is optimized with the Yoast SEO plugin v26.2 - https:\/\/yoast.com\/wordpress\/plugins\/seo\/ -->\n<title>Konix AF Ready-to-Use Alcohol-Based Floor and Surface Disinfectant - Protectiva.pl \u2013 Professionelle Medizinische und Hygieneprodukte | CE- &amp; ISO-zertifiziert<\/title>\n<meta name=\"robots\" content=\"index, follow, max-snippet:-1, max-image-preview:large, max-video-preview:-1\" \/>\n<link rel=\"canonical\" href=\"https:\/\/protectiva.de\/de\/?product=konix-af-ready-to-use-alcohol-based-floor-and-surface-disinfectant\" \/>\n<meta property=\"og:locale\" content=\"de_DE\" \/>\n<meta property=\"og:type\" content=\"article\" \/>\n<meta property=\"og:title\" content=\"Konix AF Ready-to-Use Alcohol-Based Floor and Surface Disinfectant - Protectiva.pl \u2013 Professionelle Medizinische und Hygieneprodukte | CE- &amp; ISO-zertifiziert\" \/>\n<meta property=\"og:description\" content=\"Broad material compatibility with alcohol-resistant surfaces and good wetting Rapid and comprehensive action Fast and residual-free drying Not require rinsing  Konix AF is an alcohol-based ready-to-use disinfectant according to the Biocidal Products Regulation.\" \/>\n<meta property=\"og:url\" content=\"https:\/\/protectiva.de\/de\/?product=konix-af-ready-to-use-alcohol-based-floor-and-surface-disinfectant\" \/>\n<meta property=\"og:site_name\" content=\"Protectiva.pl \u2013 Professionelle Medizinische und Hygieneprodukte | CE- &amp; ISO-zertifiziert\" \/>\n<meta property=\"article:modified_time\" content=\"2025-04-04T13:00:48+00:00\" \/>\n<meta property=\"og:image\" content=\"https:\/\/protectiva.de\/wp-content\/uploads\/2025\/04\/konix-af-ready-to-use-alcohol-based-floor-and-surface-disinfectant.jpg\" \/>\n\t<meta property=\"og:image:width\" content=\"512\" \/>\n\t<meta property=\"og:image:height\" content=\"512\" \/>\n\t<meta property=\"og:image:type\" content=\"image\/jpeg\" \/>\n<meta name=\"twitter:card\" content=\"summary_large_image\" \/>\n<meta name=\"twitter:label1\" content=\"Gesch\u00e4tzte Lesezeit\" \/>\n\t<meta name=\"twitter:data1\" content=\"1\u00a0Minute\" \/>\n<script type=\"application\/ld+json\" class=\"yoast-schema-graph\">{\"@context\":\"https:\/\/schema.org\",\"@graph\":[{\"@type\":\"WebPage\",\"@id\":\"https:\/\/protectiva.de\/?product=konix-af-ready-to-use-alcohol-based-floor-and-surface-disinfectant\",\"url\":\"https:\/\/protectiva.de\/?product=konix-af-ready-to-use-alcohol-based-floor-and-surface-disinfectant\",\"name\":\"Konix AF Ready-to-Use Alcohol-Based Floor and Surface Disinfectant - Protectiva.pl \u2013 Professionelle Medizinische und Hygieneprodukte | CE- &amp; ISO-zertifiziert\",\"isPartOf\":{\"@id\":\"https:\/\/protectiva.de\/#website\"},\"primaryImageOfPage\":{\"@id\":\"https:\/\/protectiva.de\/?product=konix-af-ready-to-use-alcohol-based-floor-and-surface-disinfectant#primaryimage\"},\"image\":{\"@id\":\"https:\/\/protectiva.de\/?product=konix-af-ready-to-use-alcohol-based-floor-and-surface-disinfectant#primaryimage\"},\"thumbnailUrl\":\"https:\/\/protectiva.de\/wp-content\/uploads\/2025\/04\/konix-af-ready-to-use-alcohol-based-floor-and-surface-disinfectant.jpg\",\"datePublished\":\"2025-04-04T12:59:51+00:00\",\"dateModified\":\"2025-04-04T13:00:48+00:00\",\"breadcrumb\":{\"@id\":\"https:\/\/protectiva.de\/?product=konix-af-ready-to-use-alcohol-based-floor-and-surface-disinfectant#breadcrumb\"},\"inLanguage\":\"de\",\"potentialAction\":[{\"@type\":\"ReadAction\",\"target\":[\"https:\/\/protectiva.de\/?product=konix-af-ready-to-use-alcohol-based-floor-and-surface-disinfectant\"]}]},{\"@type\":\"ImageObject\",\"inLanguage\":\"de\",\"@id\":\"https:\/\/protectiva.de\/?product=konix-af-ready-to-use-alcohol-based-floor-and-surface-disinfectant#primaryimage\",\"url\":\"https:\/\/protectiva.de\/wp-content\/uploads\/2025\/04\/konix-af-ready-to-use-alcohol-based-floor-and-surface-disinfectant.jpg\",\"contentUrl\":\"https:\/\/protectiva.de\/wp-content\/uploads\/2025\/04\/konix-af-ready-to-use-alcohol-based-floor-and-surface-disinfectant.jpg\",\"width\":512,\"height\":512},{\"@type\":\"BreadcrumbList\",\"@id\":\"https:\/\/protectiva.de\/?product=konix-af-ready-to-use-alcohol-based-floor-and-surface-disinfectant#breadcrumb\",\"itemListElement\":[{\"@type\":\"ListItem\",\"position\":1,\"name\":\"Home\",\"item\":\"https:\/\/protectiva.de\/\"},{\"@type\":\"ListItem\",\"position\":2,\"name\":\"All Products\",\"item\":\"https:\/\/protectiva.de\/shop\/\"},{\"@type\":\"ListItem\",\"position\":3,\"name\":\"Konix AF Ready-to-Use Alcohol-Based Floor and Surface Disinfectant\"}]},{\"@type\":\"WebSite\",\"@id\":\"https:\/\/protectiva.de\/#website\",\"url\":\"https:\/\/protectiva.de\/\",\"name\":\"Protectiva\",\"description\":\"Innovative Medical Solutions Protectiva.de bietet hochwertige medizinische und Hygieneprodukte. Zuverl\u00e4ssige Schutzausr\u00fcstung, Sterilisationsl\u00f6sungen und Gesundheitsversorgung gem\u00e4\u00df CE- und ISO-Standards f\u00fcr Krankenh\u00e4user und Kliniken. Die ideale Wahl f\u00fcr sichere und komfortable Gesundheitsumgebungen.\",\"publisher\":{\"@id\":\"https:\/\/protectiva.de\/#organization\"},\"potentialAction\":[{\"@type\":\"SearchAction\",\"target\":{\"@type\":\"EntryPoint\",\"urlTemplate\":\"https:\/\/protectiva.de\/?s={search_term_string}\"},\"query-input\":{\"@type\":\"PropertyValueSpecification\",\"valueRequired\":true,\"valueName\":\"search_term_string\"}}],\"inLanguage\":\"de\"},{\"@type\":\"Organization\",\"@id\":\"https:\/\/protectiva.de\/#organization\",\"name\":\"Protectiva\",\"url\":\"https:\/\/protectiva.de\/\",\"logo\":{\"@type\":\"ImageObject\",\"inLanguage\":\"de\",\"@id\":\"https:\/\/protectiva.de\/#\/schema\/logo\/image\/\",\"url\":\"https:\/\/protectiva.de\/wp-content\/uploads\/2025\/03\/logo-protectiva-son-hali.png\",\"contentUrl\":\"https:\/\/protectiva.de\/wp-content\/uploads\/2025\/03\/logo-protectiva-son-hali.png\",\"width\":1140,\"height\":585,\"caption\":\"Protectiva\"},\"image\":{\"@id\":\"https:\/\/protectiva.de\/#\/schema\/logo\/image\/\"}}]}<\/script>\n<!-- \/ Yoast SEO plugin. -->","yoast_head_json":{"title":"Konix AF Ready-to-Use Alcohol-Based Floor and Surface Disinfectant - Protectiva.pl \u2013 Professionelle Medizinische und Hygieneprodukte | CE- &amp; ISO-zertifiziert","robots":{"index":"index","follow":"follow","max-snippet":"max-snippet:-1","max-image-preview":"max-image-preview:large","max-video-preview":"max-video-preview:-1"},"canonical":"https:\/\/protectiva.de\/de\/?product=konix-af-ready-to-use-alcohol-based-floor-and-surface-disinfectant","og_locale":"de_DE","og_type":"article","og_title":"Konix AF Ready-to-Use Alcohol-Based Floor and Surface Disinfectant - Protectiva.pl \u2013 Professionelle Medizinische und Hygieneprodukte | CE- &amp; ISO-zertifiziert","og_description":"Broad material compatibility with alcohol-resistant surfaces and good wetting Rapid and comprehensive action Fast and residual-free drying Not require rinsing  Konix AF is an alcohol-based ready-to-use disinfectant according to the Biocidal Products Regulation.","og_url":"https:\/\/protectiva.de\/de\/?product=konix-af-ready-to-use-alcohol-based-floor-and-surface-disinfectant","og_site_name":"Protectiva.pl \u2013 Professionelle Medizinische und Hygieneprodukte | CE- &amp; ISO-zertifiziert","article_modified_time":"2025-04-04T13:00:48+00:00","og_image":[{"width":512,"height":512,"url":"https:\/\/protectiva.de\/wp-content\/uploads\/2025\/04\/konix-af-ready-to-use-alcohol-based-floor-and-surface-disinfectant.jpg","type":"image\/jpeg"}],"twitter_card":"summary_large_image","twitter_misc":{"Gesch\u00e4tzte Lesezeit":"1\u00a0Minute"},"schema":{"@context":"https:\/\/schema.org","@graph":[{"@type":"WebPage","@id":"https:\/\/protectiva.de\/?product=konix-af-ready-to-use-alcohol-based-floor-and-surface-disinfectant","url":"https:\/\/protectiva.de\/?product=konix-af-ready-to-use-alcohol-based-floor-and-surface-disinfectant","name":"Konix AF Ready-to-Use Alcohol-Based Floor and Surface Disinfectant - Protectiva.pl \u2013 Professionelle Medizinische und Hygieneprodukte | CE- &amp; ISO-zertifiziert","isPartOf":{"@id":"https:\/\/protectiva.de\/#website"},"primaryImageOfPage":{"@id":"https:\/\/protectiva.de\/?product=konix-af-ready-to-use-alcohol-based-floor-and-surface-disinfectant#primaryimage"},"image":{"@id":"https:\/\/protectiva.de\/?product=konix-af-ready-to-use-alcohol-based-floor-and-surface-disinfectant#primaryimage"},"thumbnailUrl":"https:\/\/protectiva.de\/wp-content\/uploads\/2025\/04\/konix-af-ready-to-use-alcohol-based-floor-and-surface-disinfectant.jpg","datePublished":"2025-04-04T12:59:51+00:00","dateModified":"2025-04-04T13:00:48+00:00","breadcrumb":{"@id":"https:\/\/protectiva.de\/?product=konix-af-ready-to-use-alcohol-based-floor-and-surface-disinfectant#breadcrumb"},"inLanguage":"de","potentialAction":[{"@type":"ReadAction","target":["https:\/\/protectiva.de\/?product=konix-af-ready-to-use-alcohol-based-floor-and-surface-disinfectant"]}]},{"@type":"ImageObject","inLanguage":"de","@id":"https:\/\/protectiva.de\/?product=konix-af-ready-to-use-alcohol-based-floor-and-surface-disinfectant#primaryimage","url":"https:\/\/protectiva.de\/wp-content\/uploads\/2025\/04\/konix-af-ready-to-use-alcohol-based-floor-and-surface-disinfectant.jpg","contentUrl":"https:\/\/protectiva.de\/wp-content\/uploads\/2025\/04\/konix-af-ready-to-use-alcohol-based-floor-and-surface-disinfectant.jpg","width":512,"height":512},{"@type":"BreadcrumbList","@id":"https:\/\/protectiva.de\/?product=konix-af-ready-to-use-alcohol-based-floor-and-surface-disinfectant#breadcrumb","itemListElement":[{"@type":"ListItem","position":1,"name":"Home","item":"https:\/\/protectiva.de\/"},{"@type":"ListItem","position":2,"name":"All Products","item":"https:\/\/protectiva.de\/shop\/"},{"@type":"ListItem","position":3,"name":"Konix AF Ready-to-Use Alcohol-Based Floor and Surface Disinfectant"}]},{"@type":"WebSite","@id":"https:\/\/protectiva.de\/#website","url":"https:\/\/protectiva.de\/","name":"Protectiva","description":"Innovative Medical Solutions Protectiva.de bietet hochwertige medizinische und Hygieneprodukte. Zuverl\u00e4ssige Schutzausr\u00fcstung, Sterilisationsl\u00f6sungen und Gesundheitsversorgung gem\u00e4\u00df CE- und ISO-Standards f\u00fcr Krankenh\u00e4user und Kliniken. Die ideale Wahl f\u00fcr sichere und komfortable Gesundheitsumgebungen.","publisher":{"@id":"https:\/\/protectiva.de\/#organization"},"potentialAction":[{"@type":"SearchAction","target":{"@type":"EntryPoint","urlTemplate":"https:\/\/protectiva.de\/?s={search_term_string}"},"query-input":{"@type":"PropertyValueSpecification","valueRequired":true,"valueName":"search_term_string"}}],"inLanguage":"de"},{"@type":"Organization","@id":"https:\/\/protectiva.de\/#organization","name":"Protectiva","url":"https:\/\/protectiva.de\/","logo":{"@type":"ImageObject","inLanguage":"de","@id":"https:\/\/protectiva.de\/#\/schema\/logo\/image\/","url":"https:\/\/protectiva.de\/wp-content\/uploads\/2025\/03\/logo-protectiva-son-hali.png","contentUrl":"https:\/\/protectiva.de\/wp-content\/uploads\/2025\/03\/logo-protectiva-son-hali.png","width":1140,"height":585,"caption":"Protectiva"},"image":{"@id":"https:\/\/protectiva.de\/#\/schema\/logo\/image\/"}}]}},"_links":{"self":[{"href":"https:\/\/protectiva.de\/de\/wp-json\/wp\/v2\/product\/18882","targetHints":{"allow":["GET"]}}],"collection":[{"href":"https:\/\/protectiva.de\/de\/wp-json\/wp\/v2\/product"}],"about":[{"href":"https:\/\/protectiva.de\/de\/wp-json\/wp\/v2\/types\/product"}],"replies":[{"embeddable":true,"href":"https:\/\/protectiva.de\/de\/wp-json\/wp\/v2\/comments?post=18882"}],"wp:featuredmedia":[{"embeddable":true,"href":"https:\/\/protectiva.de\/de\/wp-json\/wp\/v2\/media\/18883"}],"wp:attachment":[{"href":"https:\/\/protectiva.de\/de\/wp-json\/wp\/v2\/media?parent=18882"}],"wp:term":[{"taxonomy":"product_brand","embeddable":true,"href":"https:\/\/protectiva.de\/de\/wp-json\/wp\/v2\/product_brand?post=18882"},{"taxonomy":"product_cat","embeddable":true,"href":"https:\/\/protectiva.de\/de\/wp-json\/wp\/v2\/product_cat?post=18882"},{"taxonomy":"product_tag","embeddable":true,"href":"https:\/\/protectiva.de\/de\/wp-json\/wp\/v2\/product_tag?post=18882"}],"curies":[{"name":"wp","href":"https:\/\/api.w.org\/{rel}","templated":true}]}}