{"id":18876,"date":"2025-04-04T12:51:40","date_gmt":"2025-04-04T12:51:40","guid":{"rendered":"https:\/\/protectiva.pl\/?post_type=product&#038;p=18876"},"modified":"2025-04-04T12:56:41","modified_gmt":"2025-04-04T12:56:41","slug":"konix-hand-und-hautantiseptikum-auf-alkoholbasis-1-l","status":"publish","type":"product","link":"https:\/\/protectiva.de\/de\/produkt\/konix-hand-und-hautantiseptikum-auf-alkoholbasis-1-l\/","title":{"rendered":"Konix Hand- und Hautantiseptikum auf Alkoholbasis, 1 l"},"content":{"rendered":"<div class=\"wpb-content-wrapper\">\t<div  class=\"vc_row wpb_row vc_row-fluid vc_column-gap-default ts-row-wide\"  ><div class=\"wpb_column vc_column_container vc_col-sm-12\">\n\t<div class=\"wpb_wrapper\">\n\t\n\t<div class=\"wpb_text_column wpb_content_element\" >\n\t\t<div class=\"wpb_wrapper\">\n\t\t\t<h2 data-start=\"0\" data-end=\"75\">Konix Hand- und Hautantiseptikum auf Alkoholbasis 1L \u2013 Produktdetails<\/h2>\n<p class=\"\" data-start=\"77\" data-end=\"180\"><strong data-start=\"77\" data-end=\"122\"><img loading=\"lazy\" decoding=\"async\" class=\"alignnone size-full wp-image-18880\" src=\"https:\/\/protectiva.de\/wp-content\/uploads\/2025\/04\/konix_mini.2png.png\" alt=\"konix\" width=\"185\" height=\"65\" \/><\/strong><\/p>\n<p class=\"\" data-start=\"77\" data-end=\"180\"><strong data-start=\"77\" data-end=\"122\">%70 Ethyl Alcohol Content for Fast Action<\/strong><br data-start=\"122\" data-end=\"125\" \/>Bietet antimikrobielle Wirksamkeit und schnellen Schutz.<\/p>\n<p class=\"\" data-start=\"182\" data-end=\"291\"><strong data-start=\"182\" data-end=\"229\">Zertifiziert durch das t\u00fcrkische Gesundheitsministerium<\/strong><br data-start=\"229\" data-end=\"232\" \/>Vom Gesundheitsministerium als Biozidprodukt zugelassen.<\/p>\n<p class=\"\" data-start=\"293\" data-end=\"370\"><strong data-start=\"293\" data-end=\"309\">FDA-Zulassung<\/strong><br data-start=\"309\" data-end=\"312\" \/>Zugelassen von der US-amerikanischen Food and Drug Administration (FDA).<\/p>\n<p class=\"\" data-start=\"372\" data-end=\"526\"><strong data-start=\"372\" data-end=\"414\">Gepr\u00fcft nach EN 14476<\/strong><br data-start=\"414\" data-end=\"417\" \/>Nachgewiesene viruzide Wirkung gegen Viren der MERS- und SARS-Familie gem\u00e4\u00df EN 14476-Norm.<\/p>\n<p class=\"\" data-start=\"528\" data-end=\"625\"><strong data-start=\"528\" data-end=\"552\">Feuchtigkeitsspendende Formel<\/strong><br data-start=\"552\" data-end=\"555\" \/>Beugt durch Alkohol verursachten Hautreizungen vor und h\u00e4lt die H\u00e4nde feucht.<\/p>\n<p class=\"\" data-start=\"627\" data-end=\"745\"><strong data-start=\"627\" data-end=\"670\">Nicht klebrig, schnelltrocknend und sp\u00fclfrei<\/strong><br data-start=\"670\" data-end=\"673\" \/>Hinterl\u00e4sst keine klebrigen R\u00fcckst\u00e4nde, trocknet schnell und muss nicht abgesp\u00fclt werden.<\/p>\n<p class=\"\" data-start=\"747\" data-end=\"831\"><strong data-start=\"747\" data-end=\"774\">Angenehmes Gef\u00fchl und Duft<\/strong><br data-start=\"774\" data-end=\"777\" \/>Hinterl\u00e4sst ein weiches Gef\u00fchl auf den H\u00e4nden und einen angenehmen Duft.<\/p>\n<p class=\"\" data-start=\"833\" data-end=\"922\"><strong data-start=\"833\" data-end=\"858\">Sicher f\u00fcr den Einsatz \u00fcberall<\/strong><br data-start=\"858\" data-end=\"861\" \/>Kann sicher \u00fcberall dort verwendet werden, wo Wasser und Seife nicht verf\u00fcgbar sind.<\/p>\n<p class=\"\" data-start=\"924\" data-end=\"1077\"><strong data-start=\"924\" data-end=\"966\">Wasserloses Gel zur Infektionspr\u00e4vention<\/strong><br data-start=\"966\" data-end=\"969\" \/>Entwickelt, um die Ausbreitung von Infektionen zu reduzieren. Enth\u00e4lt 70%-Alkohol sowie hautsch\u00fctzende Feuchtigkeitsspender.<\/p>\n<h3 class=\"\" data-start=\"1079\" data-end=\"1106\">ANWENDUNGSBEREICHE<\/h3>\n<ul data-start=\"1107\" data-end=\"1283\">\n<li class=\"\" data-start=\"1107\" data-end=\"1143\">\n<p class=\"\" data-start=\"1109\" data-end=\"1143\">Wenn eine H\u00e4ndedesinfektion erforderlich ist<\/p>\n<\/li>\n<li class=\"\" data-start=\"1144\" data-end=\"1189\">\n<p class=\"\" data-start=\"1146\" data-end=\"1189\">Zur hygienischen und chirurgischen H\u00e4ndedesinfektion<\/p>\n<\/li>\n<li class=\"\" data-start=\"1190\" data-end=\"1225\">\n<p class=\"\" data-start=\"1192\" data-end=\"1225\">Vor und nach dem Tragen von Handschuhen<\/p>\n<\/li>\n<li class=\"\" data-start=\"1226\" data-end=\"1283\">\n<p class=\"\" data-start=\"1228\" data-end=\"1283\">Vor und nach dem Kontakt mit der intakten Haut eines Patienten<\/p>\n<\/li>\n<\/ul>\n<h3 class=\"\" data-start=\"1285\" data-end=\"1315\">CHEMISCHE ZUSAMMENSETZUNG<\/h3>\n<p class=\"\" data-start=\"1316\" data-end=\"1444\"><strong data-start=\"1316\" data-end=\"1338\">Wirkstoff:<\/strong> 70% Ethylalkohol (w\/w).<br data-start=\"1363\" data-end=\"1366\" \/><strong data-start=\"1366\" data-end=\"1388\">Weitere Zutaten:<\/strong> Deionisiertes Wasser, Glycerin, Carbomer, Triethanolamin.<\/p>\n<h3 class=\"\" data-start=\"1446\" data-end=\"1475\">PHYSIKALISCHE EIGENSCHAFTEN<\/h3>\n<p>\u2013 Form: Gel<br \/>\n\u2013 Dichte: 0,8 \u2013 1 g\/cm\u00b3<br \/>\n\u2013 pH-Wert: 6 \u2013 8<br \/>\n\u2013 Geruch: Charakteristisch<br \/>\n\u2013 Aussehen: Transparent<br \/>\n\u2013 Farbe: Einzigartig<br \/>\n\u2013 Lagerbedingungen: 5\u02daC \u2013 30\u02daC<br \/>\n\u2013 Haltbarkeit: 2 Jahre (3 Monate nach dem \u00d6ffnen)<\/p>\n<p data-start=\"1719\" data-end=\"1742\"><em><strong>ZERTIFIZIERUNG<\/strong><\/em><\/p>\n<p class=\"\" data-start=\"1743\" data-end=\"1887\">Zertifiziert durch das t\u00fcrkische Gesundheitsministerium (Biozid-Zertifizierung).<br data-start=\"1812\" data-end=\"1815\" \/><strong data-start=\"1815\" data-end=\"1862\">Datum und Nummer der Lizenz des Gesundheitsministeriums:<\/strong><br data-start=\"1862\" data-end=\"1865\" \/>02.09.2020 \u2013 2020\/G472<\/p>\n\n\t\t<\/div>\n\t<\/div>\n\t<\/div>\n<\/div><\/div>\n<\/div>","protected":false},"excerpt":{"rendered":"<p>%70 Ethyl Alcohol Content for Fast Action<br \/>\nBietet antimikrobielle Wirksamkeit und schnellen Schutz.<br \/>\nZertifiziert durch das t\u00fcrkische Gesundheitsministerium<br \/>\nVom Gesundheitsministerium als Biozidprodukt zugelassen.<br \/>\nFDA-Zulassung<br \/>\nZugelassen von der US-amerikanischen Food and Drug Administration (FDA).<\/p>","protected":false},"featured_media":18879,"comment_status":"open","ping_status":"closed","template":"","meta":[],"product_brand":[],"product_cat":[15,198,195],"product_tag":[],"class_list":{"0":"post-18876","1":"product","2":"type-product","3":"status-publish","4":"has-post-thumbnail","6":"product_cat-uncategorized","7":"product_cat-sterilization","8":"product_cat-sterilization-reels-pouches","10":"first","11":"instock","12":"shipping-taxable","13":"product-type-simple"},"yoast_head":"<!-- This site is optimized with the Yoast SEO plugin v26.2 - https:\/\/yoast.com\/wordpress\/plugins\/seo\/ -->\n<title>Konix Alcohol-Based Hand and Skin Antiseptic 1L - Protectiva.pl \u2013 Professionelle Medizinische und Hygieneprodukte | CE- &amp; ISO-zertifiziert<\/title>\n<meta name=\"robots\" content=\"index, follow, max-snippet:-1, max-image-preview:large, max-video-preview:-1\" \/>\n<link rel=\"canonical\" href=\"https:\/\/protectiva.de\/de\/?product=konix-alcohol-based-hand-and-skin-antiseptic-1l\" \/>\n<meta property=\"og:locale\" content=\"de_DE\" \/>\n<meta property=\"og:type\" content=\"article\" \/>\n<meta property=\"og:title\" content=\"Konix Alcohol-Based Hand and Skin Antiseptic 1L - Protectiva.pl \u2013 Professionelle Medizinische und Hygieneprodukte | CE- &amp; ISO-zertifiziert\" \/>\n<meta property=\"og:description\" content=\"%70 Ethyl Alcohol Content for Fast Action Provides antimicrobial efficacy and rapid protection. Certified by the Turkish Ministry of Health Licensed as a biocidal product by the Ministry of Health. FDA Approved Approved by the U.S. Food and Drug Administration (FDA).\" \/>\n<meta property=\"og:url\" content=\"https:\/\/protectiva.de\/de\/?product=konix-alcohol-based-hand-and-skin-antiseptic-1l\" \/>\n<meta property=\"og:site_name\" content=\"Protectiva.pl \u2013 Professionelle Medizinische und Hygieneprodukte | CE- &amp; ISO-zertifiziert\" \/>\n<meta property=\"article:modified_time\" content=\"2025-04-04T12:56:41+00:00\" \/>\n<meta property=\"og:image\" content=\"https:\/\/protectiva.de\/wp-content\/uploads\/2025\/04\/konix-alcohol-based-hand-and-skin-antiseptic-1L.jpg\" \/>\n\t<meta property=\"og:image:width\" content=\"1000\" \/>\n\t<meta property=\"og:image:height\" content=\"1000\" \/>\n\t<meta property=\"og:image:type\" content=\"image\/jpeg\" \/>\n<meta name=\"twitter:card\" content=\"summary_large_image\" \/>\n<meta name=\"twitter:label1\" content=\"Gesch\u00e4tzte Lesezeit\" \/>\n\t<meta name=\"twitter:data1\" content=\"1\u00a0Minute\" \/>\n<script type=\"application\/ld+json\" class=\"yoast-schema-graph\">{\"@context\":\"https:\/\/schema.org\",\"@graph\":[{\"@type\":\"WebPage\",\"@id\":\"https:\/\/protectiva.de\/?product=konix-alcohol-based-hand-and-skin-antiseptic-1l\",\"url\":\"https:\/\/protectiva.de\/?product=konix-alcohol-based-hand-and-skin-antiseptic-1l\",\"name\":\"Konix Alcohol-Based Hand and Skin Antiseptic 1L - Protectiva.pl \u2013 Professionelle Medizinische und Hygieneprodukte | CE- &amp; ISO-zertifiziert\",\"isPartOf\":{\"@id\":\"https:\/\/protectiva.de\/#website\"},\"primaryImageOfPage\":{\"@id\":\"https:\/\/protectiva.de\/?product=konix-alcohol-based-hand-and-skin-antiseptic-1l#primaryimage\"},\"image\":{\"@id\":\"https:\/\/protectiva.de\/?product=konix-alcohol-based-hand-and-skin-antiseptic-1l#primaryimage\"},\"thumbnailUrl\":\"https:\/\/protectiva.de\/wp-content\/uploads\/2025\/04\/konix-alcohol-based-hand-and-skin-antiseptic-1L.jpg\",\"datePublished\":\"2025-04-04T12:51:40+00:00\",\"dateModified\":\"2025-04-04T12:56:41+00:00\",\"breadcrumb\":{\"@id\":\"https:\/\/protectiva.de\/?product=konix-alcohol-based-hand-and-skin-antiseptic-1l#breadcrumb\"},\"inLanguage\":\"de\",\"potentialAction\":[{\"@type\":\"ReadAction\",\"target\":[\"https:\/\/protectiva.de\/?product=konix-alcohol-based-hand-and-skin-antiseptic-1l\"]}]},{\"@type\":\"ImageObject\",\"inLanguage\":\"de\",\"@id\":\"https:\/\/protectiva.de\/?product=konix-alcohol-based-hand-and-skin-antiseptic-1l#primaryimage\",\"url\":\"https:\/\/protectiva.de\/wp-content\/uploads\/2025\/04\/konix-alcohol-based-hand-and-skin-antiseptic-1L.jpg\",\"contentUrl\":\"https:\/\/protectiva.de\/wp-content\/uploads\/2025\/04\/konix-alcohol-based-hand-and-skin-antiseptic-1L.jpg\",\"width\":1000,\"height\":1000,\"caption\":\"alcohol based hand and skin antiseptic\"},{\"@type\":\"BreadcrumbList\",\"@id\":\"https:\/\/protectiva.de\/?product=konix-alcohol-based-hand-and-skin-antiseptic-1l#breadcrumb\",\"itemListElement\":[{\"@type\":\"ListItem\",\"position\":1,\"name\":\"Home\",\"item\":\"https:\/\/protectiva.de\/\"},{\"@type\":\"ListItem\",\"position\":2,\"name\":\"All Products\",\"item\":\"https:\/\/protectiva.de\/shop\/\"},{\"@type\":\"ListItem\",\"position\":3,\"name\":\"Konix Alcohol-Based Hand and Skin Antiseptic 1L\"}]},{\"@type\":\"WebSite\",\"@id\":\"https:\/\/protectiva.de\/#website\",\"url\":\"https:\/\/protectiva.de\/\",\"name\":\"Protectiva\",\"description\":\"Innovative Medical Solutions Protectiva.de bietet hochwertige medizinische und Hygieneprodukte. Zuverl\u00e4ssige Schutzausr\u00fcstung, Sterilisationsl\u00f6sungen und Gesundheitsversorgung gem\u00e4\u00df CE- und ISO-Standards f\u00fcr Krankenh\u00e4user und Kliniken. Die ideale Wahl f\u00fcr sichere und komfortable Gesundheitsumgebungen.\",\"publisher\":{\"@id\":\"https:\/\/protectiva.de\/#organization\"},\"potentialAction\":[{\"@type\":\"SearchAction\",\"target\":{\"@type\":\"EntryPoint\",\"urlTemplate\":\"https:\/\/protectiva.de\/?s={search_term_string}\"},\"query-input\":{\"@type\":\"PropertyValueSpecification\",\"valueRequired\":true,\"valueName\":\"search_term_string\"}}],\"inLanguage\":\"de\"},{\"@type\":\"Organization\",\"@id\":\"https:\/\/protectiva.de\/#organization\",\"name\":\"Protectiva\",\"url\":\"https:\/\/protectiva.de\/\",\"logo\":{\"@type\":\"ImageObject\",\"inLanguage\":\"de\",\"@id\":\"https:\/\/protectiva.de\/#\/schema\/logo\/image\/\",\"url\":\"https:\/\/protectiva.de\/wp-content\/uploads\/2025\/03\/logo-protectiva-son-hali.png\",\"contentUrl\":\"https:\/\/protectiva.de\/wp-content\/uploads\/2025\/03\/logo-protectiva-son-hali.png\",\"width\":1140,\"height\":585,\"caption\":\"Protectiva\"},\"image\":{\"@id\":\"https:\/\/protectiva.de\/#\/schema\/logo\/image\/\"}}]}<\/script>\n<!-- \/ Yoast SEO plugin. -->","yoast_head_json":{"title":"Konix Alcohol-Based Hand and Skin Antiseptic 1L - Protectiva.pl \u2013 Professionelle Medizinische und Hygieneprodukte | CE- &amp; ISO-zertifiziert","robots":{"index":"index","follow":"follow","max-snippet":"max-snippet:-1","max-image-preview":"max-image-preview:large","max-video-preview":"max-video-preview:-1"},"canonical":"https:\/\/protectiva.de\/de\/?product=konix-alcohol-based-hand-and-skin-antiseptic-1l","og_locale":"de_DE","og_type":"article","og_title":"Konix Alcohol-Based Hand and Skin Antiseptic 1L - Protectiva.pl \u2013 Professionelle Medizinische und Hygieneprodukte | CE- &amp; ISO-zertifiziert","og_description":"%70 Ethyl Alcohol Content for Fast Action Provides antimicrobial efficacy and rapid protection. Certified by the Turkish Ministry of Health Licensed as a biocidal product by the Ministry of Health. FDA Approved Approved by the U.S. Food and Drug Administration (FDA).","og_url":"https:\/\/protectiva.de\/de\/?product=konix-alcohol-based-hand-and-skin-antiseptic-1l","og_site_name":"Protectiva.pl \u2013 Professionelle Medizinische und Hygieneprodukte | CE- &amp; ISO-zertifiziert","article_modified_time":"2025-04-04T12:56:41+00:00","og_image":[{"width":1000,"height":1000,"url":"https:\/\/protectiva.de\/wp-content\/uploads\/2025\/04\/konix-alcohol-based-hand-and-skin-antiseptic-1L.jpg","type":"image\/jpeg"}],"twitter_card":"summary_large_image","twitter_misc":{"Gesch\u00e4tzte Lesezeit":"1\u00a0Minute"},"schema":{"@context":"https:\/\/schema.org","@graph":[{"@type":"WebPage","@id":"https:\/\/protectiva.de\/?product=konix-alcohol-based-hand-and-skin-antiseptic-1l","url":"https:\/\/protectiva.de\/?product=konix-alcohol-based-hand-and-skin-antiseptic-1l","name":"Konix Alcohol-Based Hand and Skin Antiseptic 1L - Protectiva.pl \u2013 Professionelle Medizinische und Hygieneprodukte | CE- &amp; ISO-zertifiziert","isPartOf":{"@id":"https:\/\/protectiva.de\/#website"},"primaryImageOfPage":{"@id":"https:\/\/protectiva.de\/?product=konix-alcohol-based-hand-and-skin-antiseptic-1l#primaryimage"},"image":{"@id":"https:\/\/protectiva.de\/?product=konix-alcohol-based-hand-and-skin-antiseptic-1l#primaryimage"},"thumbnailUrl":"https:\/\/protectiva.de\/wp-content\/uploads\/2025\/04\/konix-alcohol-based-hand-and-skin-antiseptic-1L.jpg","datePublished":"2025-04-04T12:51:40+00:00","dateModified":"2025-04-04T12:56:41+00:00","breadcrumb":{"@id":"https:\/\/protectiva.de\/?product=konix-alcohol-based-hand-and-skin-antiseptic-1l#breadcrumb"},"inLanguage":"de","potentialAction":[{"@type":"ReadAction","target":["https:\/\/protectiva.de\/?product=konix-alcohol-based-hand-and-skin-antiseptic-1l"]}]},{"@type":"ImageObject","inLanguage":"de","@id":"https:\/\/protectiva.de\/?product=konix-alcohol-based-hand-and-skin-antiseptic-1l#primaryimage","url":"https:\/\/protectiva.de\/wp-content\/uploads\/2025\/04\/konix-alcohol-based-hand-and-skin-antiseptic-1L.jpg","contentUrl":"https:\/\/protectiva.de\/wp-content\/uploads\/2025\/04\/konix-alcohol-based-hand-and-skin-antiseptic-1L.jpg","width":1000,"height":1000,"caption":"alcohol based hand and skin antiseptic"},{"@type":"BreadcrumbList","@id":"https:\/\/protectiva.de\/?product=konix-alcohol-based-hand-and-skin-antiseptic-1l#breadcrumb","itemListElement":[{"@type":"ListItem","position":1,"name":"Home","item":"https:\/\/protectiva.de\/"},{"@type":"ListItem","position":2,"name":"All Products","item":"https:\/\/protectiva.de\/shop\/"},{"@type":"ListItem","position":3,"name":"Konix Alcohol-Based Hand and Skin Antiseptic 1L"}]},{"@type":"WebSite","@id":"https:\/\/protectiva.de\/#website","url":"https:\/\/protectiva.de\/","name":"Protectiva","description":"Innovative Medical Solutions Protectiva.de bietet hochwertige medizinische und Hygieneprodukte. Zuverl\u00e4ssige Schutzausr\u00fcstung, Sterilisationsl\u00f6sungen und Gesundheitsversorgung gem\u00e4\u00df CE- und ISO-Standards f\u00fcr Krankenh\u00e4user und Kliniken. Die ideale Wahl f\u00fcr sichere und komfortable Gesundheitsumgebungen.","publisher":{"@id":"https:\/\/protectiva.de\/#organization"},"potentialAction":[{"@type":"SearchAction","target":{"@type":"EntryPoint","urlTemplate":"https:\/\/protectiva.de\/?s={search_term_string}"},"query-input":{"@type":"PropertyValueSpecification","valueRequired":true,"valueName":"search_term_string"}}],"inLanguage":"de"},{"@type":"Organization","@id":"https:\/\/protectiva.de\/#organization","name":"Protectiva","url":"https:\/\/protectiva.de\/","logo":{"@type":"ImageObject","inLanguage":"de","@id":"https:\/\/protectiva.de\/#\/schema\/logo\/image\/","url":"https:\/\/protectiva.de\/wp-content\/uploads\/2025\/03\/logo-protectiva-son-hali.png","contentUrl":"https:\/\/protectiva.de\/wp-content\/uploads\/2025\/03\/logo-protectiva-son-hali.png","width":1140,"height":585,"caption":"Protectiva"},"image":{"@id":"https:\/\/protectiva.de\/#\/schema\/logo\/image\/"}}]}},"_links":{"self":[{"href":"https:\/\/protectiva.de\/de\/wp-json\/wp\/v2\/product\/18876","targetHints":{"allow":["GET"]}}],"collection":[{"href":"https:\/\/protectiva.de\/de\/wp-json\/wp\/v2\/product"}],"about":[{"href":"https:\/\/protectiva.de\/de\/wp-json\/wp\/v2\/types\/product"}],"replies":[{"embeddable":true,"href":"https:\/\/protectiva.de\/de\/wp-json\/wp\/v2\/comments?post=18876"}],"wp:featuredmedia":[{"embeddable":true,"href":"https:\/\/protectiva.de\/de\/wp-json\/wp\/v2\/media\/18879"}],"wp:attachment":[{"href":"https:\/\/protectiva.de\/de\/wp-json\/wp\/v2\/media?parent=18876"}],"wp:term":[{"taxonomy":"product_brand","embeddable":true,"href":"https:\/\/protectiva.de\/de\/wp-json\/wp\/v2\/product_brand?post=18876"},{"taxonomy":"product_cat","embeddable":true,"href":"https:\/\/protectiva.de\/de\/wp-json\/wp\/v2\/product_cat?post=18876"},{"taxonomy":"product_tag","embeddable":true,"href":"https:\/\/protectiva.de\/de\/wp-json\/wp\/v2\/product_tag?post=18876"}],"curies":[{"name":"wp","href":"https:\/\/api.w.org\/{rel}","templated":true}]}}