{"id":18814,"date":"2025-03-30T17:29:01","date_gmt":"2025-03-30T17:29:01","guid":{"rendered":"https:\/\/protectiva.pl\/?post_type=product&#038;p=18814"},"modified":"2025-03-30T18:39:46","modified_gmt":"2025-03-30T18:39:46","slug":"dor-zeo","status":"publish","type":"product","link":"https:\/\/protectiva.de\/de\/produkt\/dor-zeo\/","title":{"rendered":"Dor Zeo"},"content":{"rendered":"<div class=\"wpb-content-wrapper\"><div class=\"vc_row wpb_row vc_row-fluid vc_column-gap-default ts-row-wide\"  ><div class=\"wpb_column vc_column_container vc_col-sm-12\">\n\t<div class=\"wpb_wrapper\">\n\t\n\t<div class=\"wpb_text_column wpb_content_element\" >\n\t\t<div class=\"wpb_wrapper\">\n\t\t\t<h3 data-start=\"54\" data-end=\"139\">Nahrungserg\u00e4nzungsmittel mit Zeolith, Vitamin K2-D3, Methylfolat und Inulin<\/h3>\n<p data-pm-slice=\"1 1 &#091;&#093;\">Es wird zur Absorption, Chelatisierung und Entfernung sch\u00e4dlicher und giftiger Substanzen wie Schwermetalle, Nitrosamine, Ammoniak, Ethanol, Mykotoxine, Kationen, radioaktiver Substanzen und Pestizide aus dem Magen-Darm-System und zur Verringerung ihrer Absorption im K\u00f6rper verschrieben.<\/p>\n<p class=\"\" data-start=\"141\" data-end=\"162\"><strong data-start=\"141\" data-end=\"160\">\u201eORANGEN\u201c-GESCHMACK<\/strong><\/p>\n<p class=\"\" data-start=\"164\" data-end=\"210\"><strong data-start=\"164\" data-end=\"208\">Monatsbedarf: 60 Beutel<\/strong><\/p>\n<h3 data-start=\"164\" data-end=\"210\">Dor Zero<\/h3>\n<p data-start=\"212\" data-end=\"245\"><em><strong>ZUTATEN: (Pro 1 Beutel)<\/strong><\/em><\/p>\n<p class=\"\" data-start=\"248\" data-end=\"265\">\u2013 3000 mg Zeolith<\/p>\n<p class=\"\" data-start=\"268\" data-end=\"284\">\u2013 1250 mg Inulin<\/p>\n<p class=\"\" data-start=\"287\" data-end=\"305\">\u2013 20 \u00b5g Vitamin K2<\/p>\n<p class=\"\" data-start=\"308\" data-end=\"337\">\u2013 12,5 \u00b5g \/ 500 IE Vitamin D3<\/p>\n<p class=\"\" data-start=\"340\" data-end=\"384\">\u2013 200 \u00b5g Fols\u00e4ure (Calcium-L-Methylfolat)<\/p>\n<p data-start=\"386\" data-end=\"411\"><em><strong>GEBRAUCHSANWEISUNG:<\/strong><\/em><\/p>\n<p class=\"\" data-start=\"414\" data-end=\"604\"><strong data-start=\"414\" data-end=\"441\">\u2013 F\u00fcr Kinder im Alter von 4-10 Jahren:<\/strong> 1 Beutel pro Tag, gemischt mit 1 Glas (240 ml) zimmerwarmem Wasser, zu den Mahlzeiten einnehmen. Es wird empfohlen, anschlie\u00dfend ein zus\u00e4tzliches Glas Wasser zu trinken.<\/p>\n<p><strong data-start=\"607\" data-end=\"645\">\u2013 F\u00fcr Personen ab 11 Jahren:<\/strong> 2 Beutel t\u00e4glich \u2013 einen morgens und einen abends \u2013 mit 1 Glas (240 ml) zimmerwarmem Wasser zu den Mahlzeiten verzehren. Es wird empfohlen, anschlie\u00dfend ein weiteres Glas Wasser zu trinken.<\/p>\n<p data-start=\"852\" data-end=\"892\"><em><strong>ALLGEMEINE INFORMATIONEN \u00dcBER ZEOLITH:<\/strong><\/em><\/p>\n<p class=\"\" data-start=\"895\" data-end=\"951\">\u2013 Zeolithe sind kristalline, hydratisierte Aluminiumsilikate.<\/p>\n<p class=\"\" data-start=\"954\" data-end=\"1063\">\u2013 Sie entstanden vor Millionen von Jahren, als Vulkanasche und Lava chemisch mit See- oder Meerwasser reagierten.<\/p>\n<p class=\"\" data-start=\"1066\" data-end=\"1150\">\u2013 Ihre Verwendung in der Lebensmittel- und Pharmaindustrie wird immer h\u00e4ufiger.<\/p>\n<p class=\"\" data-start=\"1153\" data-end=\"1283\">\u2013 Zeolith hat eine k\u00e4figartige Struktur und bietet eine gro\u00dfe innere und \u00e4u\u00dfere Oberfl\u00e4che f\u00fcr Ionenaustausch und chemische Reaktionen.<\/p>\n<p class=\"\" data-start=\"1286\" data-end=\"1360\">\u2013 Es ist von Natur aus negativ geladen und hat eine hohe Ionenaustauschkapazit\u00e4t.<\/p>\n<p class=\"\" data-start=\"1363\" data-end=\"1427\">\u2013 Es kann Ammonium, Giftstoffe und Schwermetalle einfangen.<\/p>\n<h3 class=\"\" data-start=\"1429\" data-end=\"1441\">INULIN<\/h3>\n<p class=\"\" data-start=\"1444\" data-end=\"1561\">\u2013 Inulinhaltige Pflanzen geh\u00f6ren im Allgemeinen zu den <strong data-start=\"1493\" data-end=\"1549\">Liliaceae, Amaryllidaceae, Gramineae und Compositae<\/strong> Familien.<\/p>\n<p class=\"\" data-start=\"1564\" data-end=\"1671\">\u2013 Inulin ist ein Fructose-Oligomer, das in Gem\u00fcse wie Zwiebeln, Knoblauch, Lauch, Chicor\u00e9e und Artischocken vorkommt.<\/p>\n<p class=\"\" data-start=\"1674\" data-end=\"1781\">\u2013 Da Inulin im D\u00fcnndarm nicht absorbiert wird, ist sein Energiewert im Vergleich zu Kohlenhydraten niedriger.<\/p>\n<p class=\"\" data-start=\"1784\" data-end=\"1866\">\u2013 Inulin wird aufgrund seiner Zucker- und Fettersatzeigenschaften in verschiedenen Lebensmitteln verwendet.<\/p>\n<p class=\"\" data-start=\"1869\" data-end=\"1923\">\u2013 Bei der Fermentation entstehen kurzkettige Fetts\u00e4uren.<\/p>\n<p class=\"\" data-start=\"1926\" data-end=\"2003\">\u2013 Es hat Anwendungen in funktionellen Lebensmitteln und wird in diesem Bereich zunehmend eingesetzt.<\/p>\n<p class=\"\" data-start=\"2006\" data-end=\"2061\">\u2013 Inulin hat pr\u00e4biotische und teilweise probiotische Wirkungen.<\/p>\n<p class=\"\" data-start=\"2064\" data-end=\"2154\">\u2013 Es kann den Bifidobakterienanteil in der Stuhlmikroflora von 20% auf bis zu 71% erh\u00f6hen.<\/p>\n<p class=\"\" data-start=\"2157\" data-end=\"2207\">\u2013 Es wird \u00fcblicherweise extrahiert aus <strong data-start=\"2187\" data-end=\"2204\">Chicor\u00e9ewurzeln<\/strong>.<\/p>\n<p class=\"\" data-start=\"2210\" data-end=\"2315\">Inulin ist ein <strong data-start=\"2222\" data-end=\"2246\">Makron\u00e4hrstoffquelle<\/strong> das den Ballaststoffgehalt des Lebensmittels erh\u00f6ht, dem es zugesetzt wird.<\/p>\n<h3 class=\"\" data-start=\"2317\" data-end=\"2336\">D3K2-VITAMINE<\/h3>\n<p class=\"\" data-start=\"2339\" data-end=\"2425\"><strong data-start=\"2339\" data-end=\"2352\">\u2013 Vitamin D<\/strong> ist ein fettl\u00f6sliches Vitamin, das als Reaktion auf Sonneneinstrahlung synthetisiert wird.<\/p>\n<p class=\"\" data-start=\"2428\" data-end=\"2504\">\u2013 Aufrechterhaltung angemessener <strong data-start=\"2449\" data-end=\"2469\">Vitamin-D-Spiegel<\/strong> ist f\u00fcr die allgemeine Gesundheit unerl\u00e4sslich.<\/p>\n<p class=\"\" data-start=\"2507\" data-end=\"2606\">\u2013 Menschen und andere Lebewesen ben\u00f6tigen Vitamin D in bestimmten Mengen f\u00fcr ein starkes und gesundes Leben.<\/p>\n<p class=\"\" data-start=\"2609\" data-end=\"2745\">- Es ist ein <strong data-start=\"2617\" data-end=\"2634\">Mikron\u00e4hrstoff<\/strong> und ein <strong data-start=\"2642\" data-end=\"2662\">organisches Molek\u00fcl<\/strong>, und spielen neben anderen Vitaminen eine aktive Rolle in verschiedenen biologischen Mechanismen.<\/p>\n<p class=\"\" data-start=\"2748\" data-end=\"2856\">- Um <strong data-start=\"2754\" data-end=\"2774\">95% Vitamin D<\/strong> wird in der Haut synthetisiert als <strong data-start=\"2805\" data-end=\"2824\">Cholecalciferol<\/strong> unter der Einwirkung von Sonnenlicht.<\/p>\n<p class=\"\" data-start=\"2859\" data-end=\"2955\">\u2013 Die Effizienz der Vitamin D-Synthese h\u00e4ngt ab von <strong data-start=\"2908\" data-end=\"2952\">Dauer und Intensit\u00e4t der UV-Bestrahlung<\/strong>.<\/p>\n<p class=\"\" data-start=\"2958\" data-end=\"3023\"><em><strong>UV-B-Strahlen sind f\u00fcr die Vitamin-D-Produktion in der Haut verantwortlich.<\/strong><\/em><\/p>\n<p class=\"\" data-start=\"3026\" data-end=\"3248\">\u2013 Die Vitamin-D-Synthese durch Sonnenlicht wird von Faktoren wie Jahreszeit, Tageszeit, Breitengrad, H\u00f6he, Luftverschmutzung, Hautpigmentierung, Hauttyp, Verwendung von Sonnenschutzmitteln, Glas-\/Kunststoffbarrieren, K\u00f6rpertemperatur und Alterung beeinflusst.<\/p>\n<p class=\"\" data-start=\"3251\" data-end=\"3369\"><strong data-start=\"3251\" data-end=\"3287\">\u2013 UV-B-Strahlen k\u00f6nnen Glas nicht durchdringen<\/strong>, daher ist Sonnenlicht, das durch Fenster einf\u00e4llt, f\u00fcr die Vitamin-D-Synthese nicht wirksam.<\/p>\n<p class=\"\" data-start=\"3372\" data-end=\"3547\"><strong data-start=\"3372\" data-end=\"3385\">\u2013 Vitamin K<\/strong> ist ein fettl\u00f6sliches Vitamin, das als Cofaktor f\u00fcr die <strong data-start=\"3448\" data-end=\"3481\">\u03b3-Glutamylcarboxylase-Enzym<\/strong>, das konvertiert <strong data-start=\"3498\" data-end=\"3544\">Glutamatreste in \u03b3-Carboxyglutamat<\/strong>.<\/p>\n<p class=\"\" data-start=\"3550\" data-end=\"3655\">\u2013 Es gibt zwei Hauptformen von <strong data-start=\"3578\" data-end=\"3591\">Vitamin K<\/strong>: <strong data-start=\"3593\" data-end=\"3653\">Phyllochinon (Vitamin K1) und Menachinon (Vitamin K2).<\/strong><\/p>\n<p class=\"\" data-start=\"3658\" data-end=\"3841\"><strong data-start=\"3658\" data-end=\"3672\">\u2013 Vitamin K1<\/strong> Konten f\u00fcr <strong data-start=\"3686\" data-end=\"3696\">75-90%<\/strong> der Vitamin-K-Zufuhr \u00fcber die Nahrung mit <strong data-start=\"3731\" data-end=\"3757\">gr\u00fcnes Blattgem\u00fcse<\/strong> die besten Quellen sind, gefolgt von <strong data-start=\"3794\" data-end=\"3838\">Spargel, Kohl und Rosenkohl<\/strong>.<\/p>\n<p class=\"\" data-start=\"3844\" data-end=\"3926\"><strong data-start=\"3844\" data-end=\"3858\">\u2013 Vitamin K2<\/strong> wird synthetisiert durch <strong data-start=\"3877\" data-end=\"3893\">Darmbakterien<\/strong> und im Darm absorbiert.<\/p>\n<p class=\"\" data-start=\"3929\" data-end=\"4065\">\u2013 Die besten Quellen f\u00fcr <strong data-start=\"3949\" data-end=\"3963\">Vitamin K2<\/strong> enthalten <strong data-start=\"3972\" data-end=\"3984\">Sojabohnen<\/strong>, w\u00e4hrend gem\u00e4\u00dfigte Quellen umfassen <strong data-start=\"4017\" data-end=\"4062\">K\u00e4se, Sauerkraut, rotes Fleisch und Gefl\u00fcgel<\/strong>.<\/p>\n<p class=\"\" data-start=\"4068\" data-end=\"4144\"><strong data-start=\"4068\" data-end=\"4120\">Vitamin K sollte zusammen mit Vitamin D eingenommen werden<\/strong> f\u00fcr optimale Vorteile.<\/p>\n<h3 class=\"\" data-start=\"4146\" data-end=\"4165\">Methylfolat<\/h3>\n<p class=\"\" data-start=\"4168\" data-end=\"4223\">\u2013 Methylfolat ist das <strong data-start=\"4189\" data-end=\"4210\">aktiver Metabolit<\/strong> von Fols\u00e4ure.<\/p>\n<p class=\"\" data-start=\"4226\" data-end=\"4310\">\u2013 Es spielt eine <strong data-start=\"4237\" data-end=\"4253\">entscheidende Rolle<\/strong> bei der Synthese von <strong data-start=\"4274\" data-end=\"4307\">Nukleins\u00e4uren und Aminos\u00e4uren<\/strong>.<\/p>\n<p class=\"\" data-start=\"4313\" data-end=\"4418\">\u2013 Im Gegensatz zu synthetischer Fols\u00e4ure wird Methylfolat auch bei <strong data-start=\"4390\" data-end=\"4415\">Ver\u00e4nderungen des pH-Werts im Magen<\/strong>.<\/p>\n<p class=\"\" data-start=\"4421\" data-end=\"4486\">- Es ist <strong data-start=\"4425\" data-end=\"4483\">Die Bioverf\u00fcgbarkeit wird durch Stoffwechselst\u00f6rungen nicht beeintr\u00e4chtigt<\/strong>.<\/p>\n<p class=\"\" data-start=\"4489\" data-end=\"4577\"><strong data-start=\"4489\" data-end=\"4506\">\u2013 Methylfolat<\/strong> ist ein lebenswichtiges Vitamin, das wichtige <strong data-start=\"4550\" data-end=\"4574\">biologische Funktionen<\/strong>.<\/p>\n<p class=\"\" data-start=\"4580\" data-end=\"4617\">\u2013 Es ist auch bekannt als <strong data-start=\"4600\" data-end=\"4614\">Vitamin B9<\/strong>.<\/p>\n<p data-start=\"4619\" data-end=\"4635\"><em>REFERENZEN<\/em><\/p>\n<p class=\"\" data-start=\"4638\" data-end=\"4734\"><strong data-start=\"4638\" data-end=\"4670\">\u2013 Av\u015far E., \u015eahiner D. (2020).<\/strong> Ein allgemeiner \u00dcberblick \u00fcber Vitamin D. <strong data-start=\"4704\" data-end=\"4718\">Akd Med J.<\/strong>, 6(2):168-174<\/p>\n<p class=\"\" data-start=\"4737\" data-end=\"4826\"><strong data-start=\"4737\" data-end=\"4762\">\u2013 Koptagel H., Altun E.<\/strong> Vitamin K und Glukosehom\u00f6ostase. <strong data-start=\"4798\" data-end=\"4812\">Akd Med J.<\/strong>, 7(1):12-17<\/p>\n<p class=\"\" data-start=\"4829\" data-end=\"4988\"><strong data-start=\"4829\" data-end=\"4855\">\u2013 \u00d6zyi\u011fito\u011flu G. (2020).<\/strong> Biologie und nat\u00fcrliche Quellen von Vitamin D. <strong data-start=\"4898\" data-end=\"4959\">Mehmet Akif Ersoy Universit\u00e4t Journal of Science Institute<\/strong>, 11(Supplement 1): 380-391<\/p>\n<p class=\"\" data-start=\"4991\" data-end=\"5113\"><strong data-start=\"4991\" data-end=\"5022\">\u2013 \u00d6zyurt H., \u00d6tle\u015f S. (2014).<\/strong> Pr\u00e4biotika: Ein wichtiger Nahrungsbestandteil f\u00fcr den Stoffwechsel. <strong data-start=\"5079\" data-end=\"5096\">Akademisches Essen<\/strong>, 12(1):115-123<\/p>\n<p class=\"\" data-start=\"5116\" data-end=\"5237\"><strong data-start=\"5116\" data-end=\"5138\">\u2013 Yabanc\u0131 N. (2010).<\/strong> Auswirkungen von Inulin und Oligofructose auf die menschliche Gesundheit und Ern\u00e4hrung. <strong data-start=\"5206\" data-end=\"5223\">Akademisches Essen<\/strong>, 8(1):49-54<\/p>\n\n\t\t<\/div>\n\t<\/div>\n\t<\/div>\n<\/div><\/div>\t<div  class=\"vc_row wpb_row vc_row-fluid vc_column-gap-default ts-row-wide\"  ><div class=\"wpb_column vc_column_container vc_col-sm-12\">\n\t<div class=\"wpb_wrapper\">\n\t\n\t<div class=\"wpb_text_column wpb_content_element\" >\n\t\t<div class=\"wpb_wrapper\">\n\t\t\t<p><img loading=\"lazy\" decoding=\"async\" class=\"alignnone wp-image-18822 size-full\" src=\"https:\/\/protectiva.de\/wp-content\/uploads\/2025\/03\/doruk-pharma-iso.png\" alt=\"Doruk Pharma ISO\" width=\"597\" height=\"186\" srcset=\"https:\/\/protectiva.de\/wp-content\/uploads\/2025\/03\/doruk-pharma-iso.png 597w, https:\/\/protectiva.de\/wp-content\/uploads\/2025\/03\/doruk-pharma-iso-300x93.png 300w, https:\/\/protectiva.de\/wp-content\/uploads\/2025\/03\/doruk-pharma-iso-310x97.png 310w\" sizes=\"auto, (max-width: 597px) 100vw, 597px\" \/><\/p>\n\n\t\t<\/div>\n\t<\/div>\n\t<\/div>\n<\/div><\/div>\n<\/div>","protected":false},"excerpt":{"rendered":"<p>PDF <a href=\"https:\/\/protectiva.de\/wp-content\/uploads\/2025\/03\/DOR-ZEO.pdf\">DOR-ZEO<\/a><\/p>","protected":false},"featured_media":18818,"comment_status":"open","ping_status":"closed","template":"","meta":[],"product_brand":[],"product_cat":[251],"product_tag":[],"class_list":{"0":"post-18814","1":"product","2":"type-product","3":"status-publish","4":"has-post-thumbnail","6":"product_cat-medicine-and-food-supplements","8":"first","9":"instock","10":"shipping-taxable","11":"product-type-simple"},"yoast_head":"<!-- This site is optimized with the Yoast SEO plugin v26.2 - https:\/\/yoast.com\/wordpress\/plugins\/seo\/ -->\n<title>Dor Zeo - Protectiva.pl \u2013 Professionelle Medizinische und Hygieneprodukte | CE- &amp; ISO-zertifiziert<\/title>\n<meta name=\"robots\" content=\"index, follow, max-snippet:-1, max-image-preview:large, max-video-preview:-1\" \/>\n<link rel=\"canonical\" href=\"https:\/\/protectiva.de\/de\/?product=dor-zeo\" \/>\n<meta property=\"og:locale\" content=\"de_DE\" \/>\n<meta property=\"og:type\" content=\"article\" \/>\n<meta property=\"og:title\" content=\"Dor Zeo - Protectiva.pl \u2013 Professionelle Medizinische und Hygieneprodukte | CE- &amp; ISO-zertifiziert\" \/>\n<meta property=\"og:description\" content=\"PDF DOR-ZEO\" \/>\n<meta property=\"og:url\" content=\"https:\/\/protectiva.de\/de\/?product=dor-zeo\" \/>\n<meta property=\"og:site_name\" content=\"Protectiva.pl \u2013 Professionelle Medizinische und Hygieneprodukte | CE- &amp; ISO-zertifiziert\" \/>\n<meta property=\"article:modified_time\" content=\"2025-03-30T18:39:46+00:00\" \/>\n<meta property=\"og:image\" content=\"https:\/\/protectiva.de\/wp-content\/uploads\/2025\/03\/dor-zero.jpg\" \/>\n\t<meta property=\"og:image:width\" content=\"1000\" \/>\n\t<meta property=\"og:image:height\" content=\"1000\" \/>\n\t<meta property=\"og:image:type\" content=\"image\/jpeg\" \/>\n<meta name=\"twitter:card\" content=\"summary_large_image\" \/>\n<meta name=\"twitter:label1\" content=\"Gesch\u00e4tzte Lesezeit\" \/>\n\t<meta name=\"twitter:data1\" content=\"4\u00a0Minuten\" \/>\n<script type=\"application\/ld+json\" class=\"yoast-schema-graph\">{\"@context\":\"https:\/\/schema.org\",\"@graph\":[{\"@type\":\"WebPage\",\"@id\":\"https:\/\/protectiva.de\/?product=dor-zeo\",\"url\":\"https:\/\/protectiva.de\/?product=dor-zeo\",\"name\":\"Dor Zeo - Protectiva.pl \u2013 Professionelle Medizinische und Hygieneprodukte | CE- &amp; ISO-zertifiziert\",\"isPartOf\":{\"@id\":\"https:\/\/protectiva.de\/#website\"},\"primaryImageOfPage\":{\"@id\":\"https:\/\/protectiva.de\/?product=dor-zeo#primaryimage\"},\"image\":{\"@id\":\"https:\/\/protectiva.de\/?product=dor-zeo#primaryimage\"},\"thumbnailUrl\":\"https:\/\/protectiva.de\/wp-content\/uploads\/2025\/03\/dor-zero.jpg\",\"datePublished\":\"2025-03-30T17:29:01+00:00\",\"dateModified\":\"2025-03-30T18:39:46+00:00\",\"breadcrumb\":{\"@id\":\"https:\/\/protectiva.de\/?product=dor-zeo#breadcrumb\"},\"inLanguage\":\"de\",\"potentialAction\":[{\"@type\":\"ReadAction\",\"target\":[\"https:\/\/protectiva.de\/?product=dor-zeo\"]}]},{\"@type\":\"ImageObject\",\"inLanguage\":\"de\",\"@id\":\"https:\/\/protectiva.de\/?product=dor-zeo#primaryimage\",\"url\":\"https:\/\/protectiva.de\/wp-content\/uploads\/2025\/03\/dor-zero.jpg\",\"contentUrl\":\"https:\/\/protectiva.de\/wp-content\/uploads\/2025\/03\/dor-zero.jpg\",\"width\":1000,\"height\":1000,\"caption\":\"dor zero\"},{\"@type\":\"BreadcrumbList\",\"@id\":\"https:\/\/protectiva.de\/?product=dor-zeo#breadcrumb\",\"itemListElement\":[{\"@type\":\"ListItem\",\"position\":1,\"name\":\"Home\",\"item\":\"https:\/\/protectiva.de\/\"},{\"@type\":\"ListItem\",\"position\":2,\"name\":\"All Products\",\"item\":\"https:\/\/protectiva.de\/shop\/\"},{\"@type\":\"ListItem\",\"position\":3,\"name\":\"Dor Zeo\"}]},{\"@type\":\"WebSite\",\"@id\":\"https:\/\/protectiva.de\/#website\",\"url\":\"https:\/\/protectiva.de\/\",\"name\":\"Protectiva\",\"description\":\"Innovative Medical Solutions Protectiva.de bietet hochwertige medizinische und Hygieneprodukte. Zuverl\u00e4ssige Schutzausr\u00fcstung, Sterilisationsl\u00f6sungen und Gesundheitsversorgung gem\u00e4\u00df CE- und ISO-Standards f\u00fcr Krankenh\u00e4user und Kliniken. Die ideale Wahl f\u00fcr sichere und komfortable Gesundheitsumgebungen.\",\"publisher\":{\"@id\":\"https:\/\/protectiva.de\/#organization\"},\"potentialAction\":[{\"@type\":\"SearchAction\",\"target\":{\"@type\":\"EntryPoint\",\"urlTemplate\":\"https:\/\/protectiva.de\/?s={search_term_string}\"},\"query-input\":{\"@type\":\"PropertyValueSpecification\",\"valueRequired\":true,\"valueName\":\"search_term_string\"}}],\"inLanguage\":\"de\"},{\"@type\":\"Organization\",\"@id\":\"https:\/\/protectiva.de\/#organization\",\"name\":\"Protectiva\",\"url\":\"https:\/\/protectiva.de\/\",\"logo\":{\"@type\":\"ImageObject\",\"inLanguage\":\"de\",\"@id\":\"https:\/\/protectiva.de\/#\/schema\/logo\/image\/\",\"url\":\"https:\/\/protectiva.de\/wp-content\/uploads\/2025\/03\/logo-protectiva-son-hali.png\",\"contentUrl\":\"https:\/\/protectiva.de\/wp-content\/uploads\/2025\/03\/logo-protectiva-son-hali.png\",\"width\":1140,\"height\":585,\"caption\":\"Protectiva\"},\"image\":{\"@id\":\"https:\/\/protectiva.de\/#\/schema\/logo\/image\/\"}}]}<\/script>\n<!-- \/ Yoast SEO plugin. -->","yoast_head_json":{"title":"Dor Zeo - Protectiva.pl \u2013 Professionelle Medizinische und Hygieneprodukte | CE- &amp; ISO-zertifiziert","robots":{"index":"index","follow":"follow","max-snippet":"max-snippet:-1","max-image-preview":"max-image-preview:large","max-video-preview":"max-video-preview:-1"},"canonical":"https:\/\/protectiva.de\/de\/?product=dor-zeo","og_locale":"de_DE","og_type":"article","og_title":"Dor Zeo - Protectiva.pl \u2013 Professionelle Medizinische und Hygieneprodukte | CE- &amp; ISO-zertifiziert","og_description":"PDF DOR-ZEO","og_url":"https:\/\/protectiva.de\/de\/?product=dor-zeo","og_site_name":"Protectiva.pl \u2013 Professionelle Medizinische und Hygieneprodukte | CE- &amp; ISO-zertifiziert","article_modified_time":"2025-03-30T18:39:46+00:00","og_image":[{"width":1000,"height":1000,"url":"https:\/\/protectiva.de\/wp-content\/uploads\/2025\/03\/dor-zero.jpg","type":"image\/jpeg"}],"twitter_card":"summary_large_image","twitter_misc":{"Gesch\u00e4tzte Lesezeit":"4\u00a0Minuten"},"schema":{"@context":"https:\/\/schema.org","@graph":[{"@type":"WebPage","@id":"https:\/\/protectiva.de\/?product=dor-zeo","url":"https:\/\/protectiva.de\/?product=dor-zeo","name":"Dor Zeo - Protectiva.pl \u2013 Professionelle Medizinische und Hygieneprodukte | CE- &amp; ISO-zertifiziert","isPartOf":{"@id":"https:\/\/protectiva.de\/#website"},"primaryImageOfPage":{"@id":"https:\/\/protectiva.de\/?product=dor-zeo#primaryimage"},"image":{"@id":"https:\/\/protectiva.de\/?product=dor-zeo#primaryimage"},"thumbnailUrl":"https:\/\/protectiva.de\/wp-content\/uploads\/2025\/03\/dor-zero.jpg","datePublished":"2025-03-30T17:29:01+00:00","dateModified":"2025-03-30T18:39:46+00:00","breadcrumb":{"@id":"https:\/\/protectiva.de\/?product=dor-zeo#breadcrumb"},"inLanguage":"de","potentialAction":[{"@type":"ReadAction","target":["https:\/\/protectiva.de\/?product=dor-zeo"]}]},{"@type":"ImageObject","inLanguage":"de","@id":"https:\/\/protectiva.de\/?product=dor-zeo#primaryimage","url":"https:\/\/protectiva.de\/wp-content\/uploads\/2025\/03\/dor-zero.jpg","contentUrl":"https:\/\/protectiva.de\/wp-content\/uploads\/2025\/03\/dor-zero.jpg","width":1000,"height":1000,"caption":"dor zero"},{"@type":"BreadcrumbList","@id":"https:\/\/protectiva.de\/?product=dor-zeo#breadcrumb","itemListElement":[{"@type":"ListItem","position":1,"name":"Home","item":"https:\/\/protectiva.de\/"},{"@type":"ListItem","position":2,"name":"All Products","item":"https:\/\/protectiva.de\/shop\/"},{"@type":"ListItem","position":3,"name":"Dor Zeo"}]},{"@type":"WebSite","@id":"https:\/\/protectiva.de\/#website","url":"https:\/\/protectiva.de\/","name":"Protectiva","description":"Innovative Medical Solutions Protectiva.de bietet hochwertige medizinische und Hygieneprodukte. Zuverl\u00e4ssige Schutzausr\u00fcstung, Sterilisationsl\u00f6sungen und Gesundheitsversorgung gem\u00e4\u00df CE- und ISO-Standards f\u00fcr Krankenh\u00e4user und Kliniken. Die ideale Wahl f\u00fcr sichere und komfortable Gesundheitsumgebungen.","publisher":{"@id":"https:\/\/protectiva.de\/#organization"},"potentialAction":[{"@type":"SearchAction","target":{"@type":"EntryPoint","urlTemplate":"https:\/\/protectiva.de\/?s={search_term_string}"},"query-input":{"@type":"PropertyValueSpecification","valueRequired":true,"valueName":"search_term_string"}}],"inLanguage":"de"},{"@type":"Organization","@id":"https:\/\/protectiva.de\/#organization","name":"Protectiva","url":"https:\/\/protectiva.de\/","logo":{"@type":"ImageObject","inLanguage":"de","@id":"https:\/\/protectiva.de\/#\/schema\/logo\/image\/","url":"https:\/\/protectiva.de\/wp-content\/uploads\/2025\/03\/logo-protectiva-son-hali.png","contentUrl":"https:\/\/protectiva.de\/wp-content\/uploads\/2025\/03\/logo-protectiva-son-hali.png","width":1140,"height":585,"caption":"Protectiva"},"image":{"@id":"https:\/\/protectiva.de\/#\/schema\/logo\/image\/"}}]}},"_links":{"self":[{"href":"https:\/\/protectiva.de\/de\/wp-json\/wp\/v2\/product\/18814","targetHints":{"allow":["GET"]}}],"collection":[{"href":"https:\/\/protectiva.de\/de\/wp-json\/wp\/v2\/product"}],"about":[{"href":"https:\/\/protectiva.de\/de\/wp-json\/wp\/v2\/types\/product"}],"replies":[{"embeddable":true,"href":"https:\/\/protectiva.de\/de\/wp-json\/wp\/v2\/comments?post=18814"}],"wp:featuredmedia":[{"embeddable":true,"href":"https:\/\/protectiva.de\/de\/wp-json\/wp\/v2\/media\/18818"}],"wp:attachment":[{"href":"https:\/\/protectiva.de\/de\/wp-json\/wp\/v2\/media?parent=18814"}],"wp:term":[{"taxonomy":"product_brand","embeddable":true,"href":"https:\/\/protectiva.de\/de\/wp-json\/wp\/v2\/product_brand?post=18814"},{"taxonomy":"product_cat","embeddable":true,"href":"https:\/\/protectiva.de\/de\/wp-json\/wp\/v2\/product_cat?post=18814"},{"taxonomy":"product_tag","embeddable":true,"href":"https:\/\/protectiva.de\/de\/wp-json\/wp\/v2\/product_tag?post=18814"}],"curies":[{"name":"wp","href":"https:\/\/api.w.org\/{rel}","templated":true}]}}