{"id":18552,"date":"2025-03-27T13:19:36","date_gmt":"2025-03-27T13:19:36","guid":{"rendered":"https:\/\/protectiva.pl\/?post_type=product&#038;p=18552"},"modified":"2025-03-28T19:09:43","modified_gmt":"2025-03-28T19:09:43","slug":"sterilisations-zwickelbeutel-2","status":"publish","type":"product","link":"https:\/\/protectiva.de\/de\/produkt\/sterilisations-zwickelbeutel-2\/","title":{"rendered":"Sterilisations-Zwickelbeutel"},"content":{"rendered":"<table style=\"height: 106px\" border=\"0\" width=\"826\">\n<thead>\n<tr>\n<th>Produktcode<\/th>\n<th>Produktname<\/th>\n<th>MENGE<\/th>\n<th>Gr\u00f6\u00dfe<\/th>\n<\/tr>\n<\/thead>\n<tbody>\n<tr>\n<td>4ADXTR350834<\/td>\n<td><\/td>\n<td>1x<\/td>\n<td>200 mm x 400 mm<\/td>\n<\/tr>\n<tr>\n<td>4ADXTR350835<\/td>\n<td><\/td>\n<td>1x<\/td>\n<td>75 mm x 150 mm<\/td>\n<\/tr>\n<tr>\n<td>4ADXTR350836<\/td>\n<td><\/td>\n<td>1x<\/td>\n<td>100 mm x 300 mm<\/td>\n<\/tr>\n<tr>\n<td>4ADXTR350837<\/td>\n<td><\/td>\n<td>1x<\/td>\n<td>150 mm x 450 mm<\/td>\n<\/tr>\n<tr>\n<td>4ADXTR350838<\/td>\n<td><\/td>\n<td>1x<\/td>\n<td>200 mm x 400 mm<\/td>\n<\/tr>\n<\/tbody>\n<\/table>","protected":false},"excerpt":{"rendered":"<ul>\n<li>Datenblatt<\/li>\n<\/ul>\n<p>Medizinisches Papier bietet maximale Sicherheit. Beutel aus hochwertigem medizinischem Kraftpapier und mehrschichtiger transparenter Copolymerfolie. Starke Siegelfestigkeit. \u00dcberragende Barriere und Qualit\u00e4t mit 60 g\/m\u00b2 oder 70 g\/m\u00b2 medizinischem Kraftpapier. Indikatoren auf Wasserbasis, ungiftig und liefern genaue Ergebnisse f\u00fcr Dampf, EO-Gas und Formaldehyd (FO). Starke Siegelfestigkeit, sichtbare Siegellinien. Sauberes, faserfreies \u00d6ffnen. Alle Materialien entsprechen internationalen Standards. \u00d6ffnungsrichtung gekennzeichnet. Konformit\u00e4t mit EN 868-5. Seitenfaltenbeutel haben aufgrund der speziellen Konstruktion der Copolymerfolie ein gr\u00f6\u00dferes Innenvolumen als flache Beutel. Abgesehen von diesen Standardgr\u00f6\u00dfen gibt es keine L\u00e4ngenbeschr\u00e4nkung, solange die Breite einem der Standards entspricht. Seitenfaltenbeutel werden zu 100 St\u00fcck verpackt und entsprechend der gew\u00fcnschten Abmessung in Folie eingewickelt. Hinweis: Sterilisationsbeutel k\u00f6nnen mit Ihrem Markenzeichen hergestellt werden.<\/p>","protected":false},"featured_media":18210,"comment_status":"open","ping_status":"closed","template":"","meta":[],"product_brand":[],"product_cat":[109,195],"product_tag":[],"class_list":{"0":"post-18552","1":"product","2":"type-product","3":"status-publish","4":"has-post-thumbnail","6":"product_cat-sterilization-n","7":"product_cat-sterilization-reels-pouches","9":"first","10":"instock","11":"shipping-taxable","12":"product-type-grouped"},"yoast_head":"<!-- This site is optimized with the Yoast SEO plugin v26.2 - https:\/\/yoast.com\/wordpress\/plugins\/seo\/ -->\n<title>Sterilization Gusset Pouches - Protectiva.pl \u2013 Professionelle Medizinische und Hygieneprodukte | CE- &amp; ISO-zertifiziert<\/title>\n<meta name=\"robots\" content=\"index, follow, max-snippet:-1, max-image-preview:large, max-video-preview:-1\" \/>\n<link rel=\"canonical\" href=\"https:\/\/protectiva.de\/de\/?product=sterilization-gusset-pouches-2\" \/>\n<meta property=\"og:locale\" content=\"de_DE\" \/>\n<meta property=\"og:type\" content=\"article\" \/>\n<meta property=\"og:title\" content=\"Sterilization Gusset Pouches - Protectiva.pl \u2013 Professionelle Medizinische und Hygieneprodukte | CE- &amp; ISO-zertifiziert\" \/>\n<meta property=\"og:description\" content=\"Data Sheet  Medical Paper provides maximum safety. Pouches constructed from high grade medical kraft paper and multilayer transparent co-polymer film.Strong seal strength. Superior barrier and quality with 60gsm or 70gsm medical kraft paper.Indicators which are water based , non toxic and give accurate result for steam, EO Gas and Formaldehyde (FO) Strong seal-strength, visible sealing lines.Clean fibre-free opening.All materials comply with international standards. Opening direction marked.Conformity with EN 868-5. Gusset pouches have more internal volume comparing to flat pouches owing to the special design of the co-polymer film.Apart from those standard sizes, as long as the width is one of the standards, there is no limit at lengths. Gusset Pouches are packed as 100 pieces wrapped in film according to requested dimension.Note: Sterilization Bags can be produced with your trademark.\" \/>\n<meta property=\"og:url\" content=\"https:\/\/protectiva.de\/de\/?product=sterilization-gusset-pouches-2\" \/>\n<meta property=\"og:site_name\" content=\"Protectiva.pl \u2013 Professionelle Medizinische und Hygieneprodukte | CE- &amp; ISO-zertifiziert\" \/>\n<meta property=\"article:modified_time\" content=\"2025-03-28T19:09:43+00:00\" \/>\n<meta property=\"og:image\" content=\"https:\/\/protectiva.de\/wp-content\/uploads\/2025\/03\/4ADXR17.jpg\" \/>\n\t<meta property=\"og:image:width\" content=\"1000\" \/>\n\t<meta property=\"og:image:height\" content=\"1000\" \/>\n\t<meta property=\"og:image:type\" content=\"image\/jpeg\" \/>\n<meta name=\"twitter:card\" content=\"summary_large_image\" \/>\n<script type=\"application\/ld+json\" class=\"yoast-schema-graph\">{\"@context\":\"https:\/\/schema.org\",\"@graph\":[{\"@type\":\"WebPage\",\"@id\":\"https:\/\/protectiva.de\/?product=sterilization-gusset-pouches-2\",\"url\":\"https:\/\/protectiva.de\/?product=sterilization-gusset-pouches-2\",\"name\":\"Sterilization Gusset Pouches - Protectiva.pl \u2013 Professionelle Medizinische und Hygieneprodukte | CE- &amp; ISO-zertifiziert\",\"isPartOf\":{\"@id\":\"https:\/\/protectiva.de\/#website\"},\"primaryImageOfPage\":{\"@id\":\"https:\/\/protectiva.de\/?product=sterilization-gusset-pouches-2#primaryimage\"},\"image\":{\"@id\":\"https:\/\/protectiva.de\/?product=sterilization-gusset-pouches-2#primaryimage\"},\"thumbnailUrl\":\"https:\/\/protectiva.de\/wp-content\/uploads\/2025\/03\/4ADXR17.jpg\",\"datePublished\":\"2025-03-27T13:19:36+00:00\",\"dateModified\":\"2025-03-28T19:09:43+00:00\",\"breadcrumb\":{\"@id\":\"https:\/\/protectiva.de\/?product=sterilization-gusset-pouches-2#breadcrumb\"},\"inLanguage\":\"de\",\"potentialAction\":[{\"@type\":\"ReadAction\",\"target\":[\"https:\/\/protectiva.de\/?product=sterilization-gusset-pouches-2\"]}]},{\"@type\":\"ImageObject\",\"inLanguage\":\"de\",\"@id\":\"https:\/\/protectiva.de\/?product=sterilization-gusset-pouches-2#primaryimage\",\"url\":\"https:\/\/protectiva.de\/wp-content\/uploads\/2025\/03\/4ADXR17.jpg\",\"contentUrl\":\"https:\/\/protectiva.de\/wp-content\/uploads\/2025\/03\/4ADXR17.jpg\",\"width\":1000,\"height\":1000},{\"@type\":\"BreadcrumbList\",\"@id\":\"https:\/\/protectiva.de\/?product=sterilization-gusset-pouches-2#breadcrumb\",\"itemListElement\":[{\"@type\":\"ListItem\",\"position\":1,\"name\":\"Home\",\"item\":\"https:\/\/protectiva.de\/\"},{\"@type\":\"ListItem\",\"position\":2,\"name\":\"All Products\",\"item\":\"https:\/\/protectiva.de\/shop\/\"},{\"@type\":\"ListItem\",\"position\":3,\"name\":\"Sterilization Gusset Pouches\"}]},{\"@type\":\"WebSite\",\"@id\":\"https:\/\/protectiva.de\/#website\",\"url\":\"https:\/\/protectiva.de\/\",\"name\":\"Protectiva\",\"description\":\"Innovative Medical Solutions Protectiva.de bietet hochwertige medizinische und Hygieneprodukte. Zuverl\u00e4ssige Schutzausr\u00fcstung, Sterilisationsl\u00f6sungen und Gesundheitsversorgung gem\u00e4\u00df CE- und ISO-Standards f\u00fcr Krankenh\u00e4user und Kliniken. Die ideale Wahl f\u00fcr sichere und komfortable Gesundheitsumgebungen.\",\"publisher\":{\"@id\":\"https:\/\/protectiva.de\/#organization\"},\"potentialAction\":[{\"@type\":\"SearchAction\",\"target\":{\"@type\":\"EntryPoint\",\"urlTemplate\":\"https:\/\/protectiva.de\/?s={search_term_string}\"},\"query-input\":{\"@type\":\"PropertyValueSpecification\",\"valueRequired\":true,\"valueName\":\"search_term_string\"}}],\"inLanguage\":\"de\"},{\"@type\":\"Organization\",\"@id\":\"https:\/\/protectiva.de\/#organization\",\"name\":\"Protectiva\",\"url\":\"https:\/\/protectiva.de\/\",\"logo\":{\"@type\":\"ImageObject\",\"inLanguage\":\"de\",\"@id\":\"https:\/\/protectiva.de\/#\/schema\/logo\/image\/\",\"url\":\"https:\/\/protectiva.de\/wp-content\/uploads\/2025\/03\/logo-protectiva-son-hali.png\",\"contentUrl\":\"https:\/\/protectiva.de\/wp-content\/uploads\/2025\/03\/logo-protectiva-son-hali.png\",\"width\":1140,\"height\":585,\"caption\":\"Protectiva\"},\"image\":{\"@id\":\"https:\/\/protectiva.de\/#\/schema\/logo\/image\/\"}}]}<\/script>\n<!-- \/ Yoast SEO plugin. -->","yoast_head_json":{"title":"Sterilization Gusset Pouches - Protectiva.pl \u2013 Professionelle Medizinische und Hygieneprodukte | CE- &amp; ISO-zertifiziert","robots":{"index":"index","follow":"follow","max-snippet":"max-snippet:-1","max-image-preview":"max-image-preview:large","max-video-preview":"max-video-preview:-1"},"canonical":"https:\/\/protectiva.de\/de\/?product=sterilization-gusset-pouches-2","og_locale":"de_DE","og_type":"article","og_title":"Sterilization Gusset Pouches - Protectiva.pl \u2013 Professionelle Medizinische und Hygieneprodukte | CE- &amp; ISO-zertifiziert","og_description":"Data Sheet  Medical Paper provides maximum safety. Pouches constructed from high grade medical kraft paper and multilayer transparent co-polymer film.Strong seal strength. Superior barrier and quality with 60gsm or 70gsm medical kraft paper.Indicators which are water based , non toxic and give accurate result for steam, EO Gas and Formaldehyde (FO) Strong seal-strength, visible sealing lines.Clean fibre-free opening.All materials comply with international standards. Opening direction marked.Conformity with EN 868-5. Gusset pouches have more internal volume comparing to flat pouches owing to the special design of the co-polymer film.Apart from those standard sizes, as long as the width is one of the standards, there is no limit at lengths. Gusset Pouches are packed as 100 pieces wrapped in film according to requested dimension.Note: Sterilization Bags can be produced with your trademark.","og_url":"https:\/\/protectiva.de\/de\/?product=sterilization-gusset-pouches-2","og_site_name":"Protectiva.pl \u2013 Professionelle Medizinische und Hygieneprodukte | CE- &amp; ISO-zertifiziert","article_modified_time":"2025-03-28T19:09:43+00:00","og_image":[{"width":1000,"height":1000,"url":"https:\/\/protectiva.de\/wp-content\/uploads\/2025\/03\/4ADXR17.jpg","type":"image\/jpeg"}],"twitter_card":"summary_large_image","schema":{"@context":"https:\/\/schema.org","@graph":[{"@type":"WebPage","@id":"https:\/\/protectiva.de\/?product=sterilization-gusset-pouches-2","url":"https:\/\/protectiva.de\/?product=sterilization-gusset-pouches-2","name":"Sterilization Gusset Pouches - Protectiva.pl \u2013 Professionelle Medizinische und Hygieneprodukte | CE- &amp; ISO-zertifiziert","isPartOf":{"@id":"https:\/\/protectiva.de\/#website"},"primaryImageOfPage":{"@id":"https:\/\/protectiva.de\/?product=sterilization-gusset-pouches-2#primaryimage"},"image":{"@id":"https:\/\/protectiva.de\/?product=sterilization-gusset-pouches-2#primaryimage"},"thumbnailUrl":"https:\/\/protectiva.de\/wp-content\/uploads\/2025\/03\/4ADXR17.jpg","datePublished":"2025-03-27T13:19:36+00:00","dateModified":"2025-03-28T19:09:43+00:00","breadcrumb":{"@id":"https:\/\/protectiva.de\/?product=sterilization-gusset-pouches-2#breadcrumb"},"inLanguage":"de","potentialAction":[{"@type":"ReadAction","target":["https:\/\/protectiva.de\/?product=sterilization-gusset-pouches-2"]}]},{"@type":"ImageObject","inLanguage":"de","@id":"https:\/\/protectiva.de\/?product=sterilization-gusset-pouches-2#primaryimage","url":"https:\/\/protectiva.de\/wp-content\/uploads\/2025\/03\/4ADXR17.jpg","contentUrl":"https:\/\/protectiva.de\/wp-content\/uploads\/2025\/03\/4ADXR17.jpg","width":1000,"height":1000},{"@type":"BreadcrumbList","@id":"https:\/\/protectiva.de\/?product=sterilization-gusset-pouches-2#breadcrumb","itemListElement":[{"@type":"ListItem","position":1,"name":"Home","item":"https:\/\/protectiva.de\/"},{"@type":"ListItem","position":2,"name":"All Products","item":"https:\/\/protectiva.de\/shop\/"},{"@type":"ListItem","position":3,"name":"Sterilization Gusset Pouches"}]},{"@type":"WebSite","@id":"https:\/\/protectiva.de\/#website","url":"https:\/\/protectiva.de\/","name":"Protectiva","description":"Innovative Medical Solutions Protectiva.de bietet hochwertige medizinische und Hygieneprodukte. Zuverl\u00e4ssige Schutzausr\u00fcstung, Sterilisationsl\u00f6sungen und Gesundheitsversorgung gem\u00e4\u00df CE- und ISO-Standards f\u00fcr Krankenh\u00e4user und Kliniken. Die ideale Wahl f\u00fcr sichere und komfortable Gesundheitsumgebungen.","publisher":{"@id":"https:\/\/protectiva.de\/#organization"},"potentialAction":[{"@type":"SearchAction","target":{"@type":"EntryPoint","urlTemplate":"https:\/\/protectiva.de\/?s={search_term_string}"},"query-input":{"@type":"PropertyValueSpecification","valueRequired":true,"valueName":"search_term_string"}}],"inLanguage":"de"},{"@type":"Organization","@id":"https:\/\/protectiva.de\/#organization","name":"Protectiva","url":"https:\/\/protectiva.de\/","logo":{"@type":"ImageObject","inLanguage":"de","@id":"https:\/\/protectiva.de\/#\/schema\/logo\/image\/","url":"https:\/\/protectiva.de\/wp-content\/uploads\/2025\/03\/logo-protectiva-son-hali.png","contentUrl":"https:\/\/protectiva.de\/wp-content\/uploads\/2025\/03\/logo-protectiva-son-hali.png","width":1140,"height":585,"caption":"Protectiva"},"image":{"@id":"https:\/\/protectiva.de\/#\/schema\/logo\/image\/"}}]}},"_links":{"self":[{"href":"https:\/\/protectiva.de\/de\/wp-json\/wp\/v2\/product\/18552","targetHints":{"allow":["GET"]}}],"collection":[{"href":"https:\/\/protectiva.de\/de\/wp-json\/wp\/v2\/product"}],"about":[{"href":"https:\/\/protectiva.de\/de\/wp-json\/wp\/v2\/types\/product"}],"replies":[{"embeddable":true,"href":"https:\/\/protectiva.de\/de\/wp-json\/wp\/v2\/comments?post=18552"}],"wp:featuredmedia":[{"embeddable":true,"href":"https:\/\/protectiva.de\/de\/wp-json\/wp\/v2\/media\/18210"}],"wp:attachment":[{"href":"https:\/\/protectiva.de\/de\/wp-json\/wp\/v2\/media?parent=18552"}],"wp:term":[{"taxonomy":"product_brand","embeddable":true,"href":"https:\/\/protectiva.de\/de\/wp-json\/wp\/v2\/product_brand?post=18552"},{"taxonomy":"product_cat","embeddable":true,"href":"https:\/\/protectiva.de\/de\/wp-json\/wp\/v2\/product_cat?post=18552"},{"taxonomy":"product_tag","embeddable":true,"href":"https:\/\/protectiva.de\/de\/wp-json\/wp\/v2\/product_tag?post=18552"}],"curies":[{"name":"wp","href":"https:\/\/api.w.org\/{rel}","templated":true}]}}