{"id":18548,"date":"2025-03-27T13:07:42","date_gmt":"2025-03-27T13:07:42","guid":{"rendered":"https:\/\/protectiva.pl\/?post_type=product&#038;p=18548"},"modified":"2025-03-28T19:09:44","modified_gmt":"2025-03-28T19:09:44","slug":"selbstversiegelter-beutel-2","status":"publish","type":"product","link":"https:\/\/protectiva.de\/de\/produkt\/selbstversiegelter-beutel-2\/","title":{"rendered":"Selbstversiegelter Beutel"},"content":{"rendered":"<table style=\"height: 170px\" border=\"0\" width=\"781\">\n<thead>\n<tr>\n<th>Produktcode<\/th>\n<th>Produktname<\/th>\n<th>MENGE<\/th>\n<th>Gr\u00f6\u00dfe<\/th>\n<\/tr>\n<\/thead>\n<tbody>\n<tr>\n<td>4ADXTR35075<\/td>\n<td><\/td>\n<td>1x<\/td>\n<td>200 mm x 400 mm<\/td>\n<\/tr>\n<tr>\n<td>4ADXTR35076<\/td>\n<td><\/td>\n<td>1x<\/td>\n<td>75 mm x 150 mm<\/td>\n<\/tr>\n<tr>\n<td>4ADXTR35077<\/td>\n<td><\/td>\n<td>1x<\/td>\n<td>100 mm x 300 mm<\/td>\n<\/tr>\n<tr>\n<td>4ADXTR35078<\/td>\n<td><\/td>\n<td>1x<\/td>\n<td>150 mm x 450 mm<\/td>\n<\/tr>\n<tr>\n<td>4ADXTR35079<\/td>\n<td><\/td>\n<td>1x<\/td>\n<td>200 mm x 400 mm<\/td>\n<\/tr>\n<\/tbody>\n<\/table>","protected":false},"excerpt":{"rendered":"<ul>\n<li>Datenblatt<\/li>\n<\/ul>\n<p>Selbstklebende Beutel lassen sich dank der selbstklebenden Verschlussfunktion ohne Versiegelung verschlie\u00dfen. Medizinisches Papier bietet maximale Sicherheit. Der hervorragende Klebstoff ist dampfbest\u00e4ndig. Hervorragende Barriere und hohe Qualit\u00e4t dank medizinischem Kraftpapier (60 g\/m\u00b2 oder 70 g\/m\u00b2). Dampf-, EO- und Formaldehyd-Indikatoren (FO) sind wasserbasiert und ungiftig. Starke Siegelfestigkeit, sichtbare Siegellinien. Sauberes, faserfreies \u00d6ffnen. Alle Materialien entsprechen internationalen Normen. \u00d6ffnungsrichtung gekennzeichnet. Entspricht EN 868-5. Abgesehen von diesen Standardgr\u00f6\u00dfen gibt es keine L\u00e4ngenbeschr\u00e4nkung, solange die Breite den Standards entspricht. Selbstklebende Beutel werden zu 100 St\u00fcck verpackt und in Folie nach Wunschma\u00df verpackt.<\/p>","protected":false},"featured_media":18196,"comment_status":"open","ping_status":"closed","template":"","meta":[],"product_brand":[],"product_cat":[109,195],"product_tag":[],"class_list":{"0":"post-18548","1":"product","2":"type-product","3":"status-publish","4":"has-post-thumbnail","6":"product_cat-sterilization-n","7":"product_cat-sterilization-reels-pouches","9":"first","10":"instock","11":"shipping-taxable","12":"product-type-grouped"},"yoast_head":"<!-- This site is optimized with the Yoast SEO plugin v26.2 - https:\/\/yoast.com\/wordpress\/plugins\/seo\/ -->\n<title>Self Sealed Pouch - Protectiva.pl \u2013 Professionelle Medizinische und Hygieneprodukte | CE- &amp; ISO-zertifiziert<\/title>\n<meta name=\"robots\" content=\"index, follow, max-snippet:-1, max-image-preview:large, max-video-preview:-1\" \/>\n<link rel=\"canonical\" href=\"https:\/\/protectiva.de\/de\/?product=self-sealed-pouch-2\" \/>\n<meta property=\"og:locale\" content=\"de_DE\" \/>\n<meta property=\"og:type\" content=\"article\" \/>\n<meta property=\"og:title\" content=\"Self Sealed Pouch - Protectiva.pl \u2013 Professionelle Medizinische und Hygieneprodukte | CE- &amp; ISO-zertifiziert\" \/>\n<meta property=\"og:description\" content=\"Data Sheet  Self Sealing Pouches can be sealed with their self-adhesive feature on the closing part of pouch without need of sealer. Medical Paper provides maximum safety. Excellent adhesive resistant to over-exposure of steam. Superior barrier and quality with 60gsm or 70gsm medical kraft paper. Steam, EO and Formaldehyde (FO) indicators are water based and non-toxic.Strong seal-strength, visible sealing lines.Clean fibre-free opening. All materials comply with international standards.Opening direction marked.Conformity with EN 868-5.Apart from those standard sizes, as long as the width is one of the standards, there is no limit at lengths. Self Sealing Pouches are packed as 100 pieces wrapped in film according to requested dimension.\" \/>\n<meta property=\"og:url\" content=\"https:\/\/protectiva.de\/de\/?product=self-sealed-pouch-2\" \/>\n<meta property=\"og:site_name\" content=\"Protectiva.pl \u2013 Professionelle Medizinische und Hygieneprodukte | CE- &amp; ISO-zertifiziert\" \/>\n<meta property=\"article:modified_time\" content=\"2025-03-28T19:09:44+00:00\" \/>\n<meta property=\"og:image\" content=\"https:\/\/protectiva.de\/wp-content\/uploads\/2025\/03\/4ADXR03.jpg\" \/>\n\t<meta property=\"og:image:width\" content=\"1000\" \/>\n\t<meta property=\"og:image:height\" content=\"1000\" \/>\n\t<meta property=\"og:image:type\" content=\"image\/jpeg\" \/>\n<meta name=\"twitter:card\" content=\"summary_large_image\" \/>\n<script type=\"application\/ld+json\" class=\"yoast-schema-graph\">{\"@context\":\"https:\/\/schema.org\",\"@graph\":[{\"@type\":\"WebPage\",\"@id\":\"https:\/\/protectiva.de\/?product=self-sealed-pouch-2\",\"url\":\"https:\/\/protectiva.de\/?product=self-sealed-pouch-2\",\"name\":\"Self Sealed Pouch - Protectiva.pl \u2013 Professionelle Medizinische und Hygieneprodukte | CE- &amp; ISO-zertifiziert\",\"isPartOf\":{\"@id\":\"https:\/\/protectiva.de\/#website\"},\"primaryImageOfPage\":{\"@id\":\"https:\/\/protectiva.de\/?product=self-sealed-pouch-2#primaryimage\"},\"image\":{\"@id\":\"https:\/\/protectiva.de\/?product=self-sealed-pouch-2#primaryimage\"},\"thumbnailUrl\":\"https:\/\/protectiva.de\/wp-content\/uploads\/2025\/03\/4ADXR03.jpg\",\"datePublished\":\"2025-03-27T13:07:42+00:00\",\"dateModified\":\"2025-03-28T19:09:44+00:00\",\"breadcrumb\":{\"@id\":\"https:\/\/protectiva.de\/?product=self-sealed-pouch-2#breadcrumb\"},\"inLanguage\":\"de\",\"potentialAction\":[{\"@type\":\"ReadAction\",\"target\":[\"https:\/\/protectiva.de\/?product=self-sealed-pouch-2\"]}]},{\"@type\":\"ImageObject\",\"inLanguage\":\"de\",\"@id\":\"https:\/\/protectiva.de\/?product=self-sealed-pouch-2#primaryimage\",\"url\":\"https:\/\/protectiva.de\/wp-content\/uploads\/2025\/03\/4ADXR03.jpg\",\"contentUrl\":\"https:\/\/protectiva.de\/wp-content\/uploads\/2025\/03\/4ADXR03.jpg\",\"width\":1000,\"height\":1000},{\"@type\":\"BreadcrumbList\",\"@id\":\"https:\/\/protectiva.de\/?product=self-sealed-pouch-2#breadcrumb\",\"itemListElement\":[{\"@type\":\"ListItem\",\"position\":1,\"name\":\"Home\",\"item\":\"https:\/\/protectiva.de\/\"},{\"@type\":\"ListItem\",\"position\":2,\"name\":\"All Products\",\"item\":\"https:\/\/protectiva.de\/shop\/\"},{\"@type\":\"ListItem\",\"position\":3,\"name\":\"Self Sealed Pouch\"}]},{\"@type\":\"WebSite\",\"@id\":\"https:\/\/protectiva.de\/#website\",\"url\":\"https:\/\/protectiva.de\/\",\"name\":\"Protectiva\",\"description\":\"Innovative Medical Solutions Protectiva.de bietet hochwertige medizinische und Hygieneprodukte. Zuverl\u00e4ssige Schutzausr\u00fcstung, Sterilisationsl\u00f6sungen und Gesundheitsversorgung gem\u00e4\u00df CE- und ISO-Standards f\u00fcr Krankenh\u00e4user und Kliniken. Die ideale Wahl f\u00fcr sichere und komfortable Gesundheitsumgebungen.\",\"publisher\":{\"@id\":\"https:\/\/protectiva.de\/#organization\"},\"potentialAction\":[{\"@type\":\"SearchAction\",\"target\":{\"@type\":\"EntryPoint\",\"urlTemplate\":\"https:\/\/protectiva.de\/?s={search_term_string}\"},\"query-input\":{\"@type\":\"PropertyValueSpecification\",\"valueRequired\":true,\"valueName\":\"search_term_string\"}}],\"inLanguage\":\"de\"},{\"@type\":\"Organization\",\"@id\":\"https:\/\/protectiva.de\/#organization\",\"name\":\"Protectiva\",\"url\":\"https:\/\/protectiva.de\/\",\"logo\":{\"@type\":\"ImageObject\",\"inLanguage\":\"de\",\"@id\":\"https:\/\/protectiva.de\/#\/schema\/logo\/image\/\",\"url\":\"https:\/\/protectiva.de\/wp-content\/uploads\/2025\/03\/logo-protectiva-son-hali.png\",\"contentUrl\":\"https:\/\/protectiva.de\/wp-content\/uploads\/2025\/03\/logo-protectiva-son-hali.png\",\"width\":1140,\"height\":585,\"caption\":\"Protectiva\"},\"image\":{\"@id\":\"https:\/\/protectiva.de\/#\/schema\/logo\/image\/\"}}]}<\/script>\n<!-- \/ Yoast SEO plugin. -->","yoast_head_json":{"title":"Self Sealed Pouch - Protectiva.pl \u2013 Professionelle Medizinische und Hygieneprodukte | CE- &amp; ISO-zertifiziert","robots":{"index":"index","follow":"follow","max-snippet":"max-snippet:-1","max-image-preview":"max-image-preview:large","max-video-preview":"max-video-preview:-1"},"canonical":"https:\/\/protectiva.de\/de\/?product=self-sealed-pouch-2","og_locale":"de_DE","og_type":"article","og_title":"Self Sealed Pouch - Protectiva.pl \u2013 Professionelle Medizinische und Hygieneprodukte | CE- &amp; ISO-zertifiziert","og_description":"Data Sheet  Self Sealing Pouches can be sealed with their self-adhesive feature on the closing part of pouch without need of sealer. Medical Paper provides maximum safety. Excellent adhesive resistant to over-exposure of steam. Superior barrier and quality with 60gsm or 70gsm medical kraft paper. Steam, EO and Formaldehyde (FO) indicators are water based and non-toxic.Strong seal-strength, visible sealing lines.Clean fibre-free opening. All materials comply with international standards.Opening direction marked.Conformity with EN 868-5.Apart from those standard sizes, as long as the width is one of the standards, there is no limit at lengths. Self Sealing Pouches are packed as 100 pieces wrapped in film according to requested dimension.","og_url":"https:\/\/protectiva.de\/de\/?product=self-sealed-pouch-2","og_site_name":"Protectiva.pl \u2013 Professionelle Medizinische und Hygieneprodukte | CE- &amp; ISO-zertifiziert","article_modified_time":"2025-03-28T19:09:44+00:00","og_image":[{"width":1000,"height":1000,"url":"https:\/\/protectiva.de\/wp-content\/uploads\/2025\/03\/4ADXR03.jpg","type":"image\/jpeg"}],"twitter_card":"summary_large_image","schema":{"@context":"https:\/\/schema.org","@graph":[{"@type":"WebPage","@id":"https:\/\/protectiva.de\/?product=self-sealed-pouch-2","url":"https:\/\/protectiva.de\/?product=self-sealed-pouch-2","name":"Self Sealed Pouch - Protectiva.pl \u2013 Professionelle Medizinische und Hygieneprodukte | CE- &amp; ISO-zertifiziert","isPartOf":{"@id":"https:\/\/protectiva.de\/#website"},"primaryImageOfPage":{"@id":"https:\/\/protectiva.de\/?product=self-sealed-pouch-2#primaryimage"},"image":{"@id":"https:\/\/protectiva.de\/?product=self-sealed-pouch-2#primaryimage"},"thumbnailUrl":"https:\/\/protectiva.de\/wp-content\/uploads\/2025\/03\/4ADXR03.jpg","datePublished":"2025-03-27T13:07:42+00:00","dateModified":"2025-03-28T19:09:44+00:00","breadcrumb":{"@id":"https:\/\/protectiva.de\/?product=self-sealed-pouch-2#breadcrumb"},"inLanguage":"de","potentialAction":[{"@type":"ReadAction","target":["https:\/\/protectiva.de\/?product=self-sealed-pouch-2"]}]},{"@type":"ImageObject","inLanguage":"de","@id":"https:\/\/protectiva.de\/?product=self-sealed-pouch-2#primaryimage","url":"https:\/\/protectiva.de\/wp-content\/uploads\/2025\/03\/4ADXR03.jpg","contentUrl":"https:\/\/protectiva.de\/wp-content\/uploads\/2025\/03\/4ADXR03.jpg","width":1000,"height":1000},{"@type":"BreadcrumbList","@id":"https:\/\/protectiva.de\/?product=self-sealed-pouch-2#breadcrumb","itemListElement":[{"@type":"ListItem","position":1,"name":"Home","item":"https:\/\/protectiva.de\/"},{"@type":"ListItem","position":2,"name":"All Products","item":"https:\/\/protectiva.de\/shop\/"},{"@type":"ListItem","position":3,"name":"Self Sealed Pouch"}]},{"@type":"WebSite","@id":"https:\/\/protectiva.de\/#website","url":"https:\/\/protectiva.de\/","name":"Protectiva","description":"Innovative Medical Solutions Protectiva.de bietet hochwertige medizinische und Hygieneprodukte. Zuverl\u00e4ssige Schutzausr\u00fcstung, Sterilisationsl\u00f6sungen und Gesundheitsversorgung gem\u00e4\u00df CE- und ISO-Standards f\u00fcr Krankenh\u00e4user und Kliniken. Die ideale Wahl f\u00fcr sichere und komfortable Gesundheitsumgebungen.","publisher":{"@id":"https:\/\/protectiva.de\/#organization"},"potentialAction":[{"@type":"SearchAction","target":{"@type":"EntryPoint","urlTemplate":"https:\/\/protectiva.de\/?s={search_term_string}"},"query-input":{"@type":"PropertyValueSpecification","valueRequired":true,"valueName":"search_term_string"}}],"inLanguage":"de"},{"@type":"Organization","@id":"https:\/\/protectiva.de\/#organization","name":"Protectiva","url":"https:\/\/protectiva.de\/","logo":{"@type":"ImageObject","inLanguage":"de","@id":"https:\/\/protectiva.de\/#\/schema\/logo\/image\/","url":"https:\/\/protectiva.de\/wp-content\/uploads\/2025\/03\/logo-protectiva-son-hali.png","contentUrl":"https:\/\/protectiva.de\/wp-content\/uploads\/2025\/03\/logo-protectiva-son-hali.png","width":1140,"height":585,"caption":"Protectiva"},"image":{"@id":"https:\/\/protectiva.de\/#\/schema\/logo\/image\/"}}]}},"_links":{"self":[{"href":"https:\/\/protectiva.de\/de\/wp-json\/wp\/v2\/product\/18548","targetHints":{"allow":["GET"]}}],"collection":[{"href":"https:\/\/protectiva.de\/de\/wp-json\/wp\/v2\/product"}],"about":[{"href":"https:\/\/protectiva.de\/de\/wp-json\/wp\/v2\/types\/product"}],"replies":[{"embeddable":true,"href":"https:\/\/protectiva.de\/de\/wp-json\/wp\/v2\/comments?post=18548"}],"wp:featuredmedia":[{"embeddable":true,"href":"https:\/\/protectiva.de\/de\/wp-json\/wp\/v2\/media\/18196"}],"wp:attachment":[{"href":"https:\/\/protectiva.de\/de\/wp-json\/wp\/v2\/media?parent=18548"}],"wp:term":[{"taxonomy":"product_brand","embeddable":true,"href":"https:\/\/protectiva.de\/de\/wp-json\/wp\/v2\/product_brand?post=18548"},{"taxonomy":"product_cat","embeddable":true,"href":"https:\/\/protectiva.de\/de\/wp-json\/wp\/v2\/product_cat?post=18548"},{"taxonomy":"product_tag","embeddable":true,"href":"https:\/\/protectiva.de\/de\/wp-json\/wp\/v2\/product_tag?post=18548"}],"curies":[{"name":"wp","href":"https:\/\/api.w.org\/{rel}","templated":true}]}}