{"id":18545,"date":"2025-03-27T13:01:04","date_gmt":"2025-03-27T13:01:04","guid":{"rendered":"https:\/\/protectiva.pl\/?post_type=product&#038;p=18545"},"modified":"2025-03-28T19:09:44","modified_gmt":"2025-03-28T19:09:44","slug":"tyvek-rolle-2","status":"publish","type":"product","link":"https:\/\/protectiva.de\/de\/produkt\/tyvek-rolle-2\/","title":{"rendered":"Tyvek-Rolle"},"content":{"rendered":"<p data-sourcepos=\"28:1-28:24\"><strong>TECHNISCHES DATENBLATT<\/strong><\/p>\n<p data-sourcepos=\"30:1-30:20\"><strong>BEH\u00c4LTERFILTER<\/strong><\/p>\n<p data-sourcepos=\"3:1-3:22\"><strong>PRODUKTCODE:<\/strong> 4ACF<\/p>\n<p data-sourcepos=\"5:1-5:120\"><strong>ZUGEH\u00d6RIGE STANDARDS:<\/strong> Der Indikator des medizinischen Beh\u00e4lterfilters 4A wird gem\u00e4\u00df der Norm ISO 11140-1 als Typ 1 klassifiziert.<\/p>\n<p data-sourcepos=\"7:1-7:204\"><strong>VERWENDUNGSZWECK:<\/strong> Der 4A Medical Containerfilter wird in Sterilisationsbeh\u00e4ltern als Filter und Indikator zur Kontrolle des Sterilisationsprozesses verwendet. 4A Medical bietet runde und rechteckige Containerfilter an.<\/p>\n<p data-sourcepos=\"9:1-9:193\"><strong>BETRIEBSBEDINGUNGEN:<\/strong> 4A Medizinische Beh\u00e4lterfilter sind f\u00fcr den Betrieb im Dampfkreislauf konzipiert. Der Filter ist zum Einmalgebrauch bestimmt. Er besteht aus wei\u00dfem Krepppapier und ungiftiger Sterilisationstinte.<\/p>\n<p data-sourcepos=\"11:1-11:124\"><strong>CHEMISCHE ZUSAMMENSETZUNG:<\/strong> Die zum Drucken verwendete Sterilisationsindikatortinte enth\u00e4lt die folgenden Komponenten in ppm-Werten:<\/p>\n<ul data-sourcepos=\"12:1-15:0\">\n<li data-sourcepos=\"12:1-12:28\">Wasser (CAS#7732-18-5): 35%<\/li>\n<li data-sourcepos=\"13:1-13:38\">Diacetonalkohol (CAS#123-42-2): 3%<\/li>\n<li data-sourcepos=\"14:1-15:0\">Propriet\u00e4re Mischung (CAS #N\/A): 62%<\/li>\n<\/ul>\n<p data-sourcepos=\"16:1-16:108\">Enth\u00e4lt keine als gef\u00e4hrlich eingestuften Stoffe, die gem\u00e4\u00df EG-Richtlinien zu ber\u00fccksichtigen sind.<\/p>\n<div class=\"horizontal-scroll-wrapper\">\n<div class=\"table-block-component\">\n<div class=\"table-block table-formatting\">\n<div class=\"table-content not-end-of-paragraph\">\n<table class=\"table-formatting\" data-sourcepos=\"18:1-20:60\">\n<tbody>\n<tr data-sourcepos=\"18:1-18:60\">\n<th data-sourcepos=\"18:1-18:13\"><\/th>\n<th data-sourcepos=\"18:15-18:36\">Vor der Sterilisation<\/th>\n<th data-sourcepos=\"18:38-18:58\">Nach der Sterilisation<\/th>\n<\/tr>\n<tr data-sourcepos=\"20:1-20:60\">\n<td data-sourcepos=\"20:1-20:13\">Indikator<\/td>\n<td data-sourcepos=\"20:15-20:36\"><\/td>\n<td data-sourcepos=\"20:38-20:58\"><\/td>\n<\/tr>\n<\/tbody>\n<\/table>\n<\/div>\n<\/div>\n<\/div>\n<\/div>\n<p data-sourcepos=\"22:1-22:122\"><strong>PRODUKTSPEZIFIKATIONEN:<\/strong> Jede Packung enth\u00e4lt 100 St\u00fcck. Der Indikator ist temperatur- und dampfkonzentrationsempfindlich.<\/p>\n<p data-sourcepos=\"24:1-24:346\"><strong>LAGERUNG UND ENTSORGUNG:<\/strong> Abgelaufene Produkte d\u00fcrfen nicht verwendet werden. Sie werden bei Raumtemperatur, ohne Feuchtigkeit und Sonnenlicht gelagert. Kontakt mit Fl\u00fcssigkeiten ist zu vermeiden. Besch\u00e4digte oder defekte Produkte d\u00fcrfen nicht verwendet werden. Die Haltbarkeit betr\u00e4gt 5 Jahre ab Produktionsdatum. Nach der Sterilisation beh\u00e4lt der Indikator seine Sterilisationsfarbe f\u00fcr 6 Monate.<\/p>\n<p data-sourcepos=\"26:1-26:35\"><strong>VERPACKUNG:<\/strong> Verpackt in Kartons.<\/p>\n<table style=\"height: 226px\" border=\"0\" width=\"863\">\n<thead>\n<tr>\n<th>Produktcode<\/th>\n<th>Produktname<\/th>\n<th>MENGE<\/th>\n<th>Gr\u00f6\u00dfe<\/th>\n<\/tr>\n<\/thead>\n<tbody>\n<tr>\n<td>4ATR7570<\/td>\n<td><\/td>\n<td>1x<\/td>\n<td>75 mm x 70 m<\/td>\n<\/tr>\n<tr>\n<td>4ATR10070<\/td>\n<td><\/td>\n<td>1x<\/td>\n<td>100 mm x 70 m<\/td>\n<\/tr>\n<tr>\n<td>4ATR15070<\/td>\n<td><\/td>\n<td>1x<\/td>\n<td>150 mm x 70 m<\/td>\n<\/tr>\n<tr>\n<td>4ATR20070<\/td>\n<td><\/td>\n<td>1x<\/td>\n<td>200 mm x 70 m<\/td>\n<\/tr>\n<tr>\n<td>4ATR25070<\/td>\n<td><\/td>\n<td>1x<\/td>\n<td>250 mm x 70 m<\/td>\n<\/tr>\n<tr>\n<td>4ATR30070<\/td>\n<td><\/td>\n<td>1x<\/td>\n<td>300 mm x 70 m<\/td>\n<\/tr>\n<tr>\n<td>4ATR35070<\/td>\n<td><\/td>\n<td>1x<\/td>\n<td>350 mm x 70 m<\/td>\n<\/tr>\n<tr>\n<td>4ATR40070<\/td>\n<td><\/td>\n<td>1x<\/td>\n<td>400 mm x 70 m<\/td>\n<\/tr>\n<\/tbody>\n<\/table>\n<p>&nbsp;<\/p>","protected":false},"excerpt":{"rendered":"<ul>\n<li>Datenblatt<\/li>\n<li><a href=\"https:\/\/protectiva.de\/wp-content\/uploads\/2025\/03\/4ADXR04.pdf\">4ADXR04<\/a><\/li>\n<\/ul>\n<p>Es ist speziell f\u00fcr die Wasserstoffperoxid-Gasplasma-Sterilisation entwickelt. Die transparente, mehrschichtige Copolymerfolie erm\u00f6glicht eine einfache Identifizierung. Die verst\u00e4rkte Folie verhindert Risse beim \u00d6ffnen. Wasserbasiert, Wasserstoffperoxid-Indikator. Starke Siegelfestigkeit, sichtbare Siegellinien. Sauberes, faserfreies \u00d6ffnen. Alle Materialien entsprechen internationalen Standards. \u00d6ffnungsrichtung gekennzeichnet. Entspricht EN 868-5. Es ist kompatibel mit Wasserstoffperoxid-Sterilisationssystemen und kann bei Bedarf auch f\u00fcr die Ethylenoxid- und Gammastrahlen-Sterilisation verwendet werden.<\/p>","protected":false},"featured_media":18197,"comment_status":"open","ping_status":"closed","template":"","meta":[],"product_brand":[],"product_cat":[109,195],"product_tag":[],"class_list":{"0":"post-18545","1":"product","2":"type-product","3":"status-publish","4":"has-post-thumbnail","6":"product_cat-sterilization-n","7":"product_cat-sterilization-reels-pouches","9":"first","10":"instock","11":"shipping-taxable","12":"product-type-grouped"},"yoast_head":"<!-- This site is optimized with the Yoast SEO plugin v26.2 - https:\/\/yoast.com\/wordpress\/plugins\/seo\/ -->\n<title>Tyvek Reel - Protectiva.pl \u2013 Professionelle Medizinische und Hygieneprodukte | CE- &amp; ISO-zertifiziert<\/title>\n<meta name=\"robots\" content=\"index, follow, max-snippet:-1, max-image-preview:large, max-video-preview:-1\" \/>\n<link rel=\"canonical\" href=\"https:\/\/protectiva.de\/de\/?product=tyvek-reel-2\" \/>\n<meta property=\"og:locale\" content=\"de_DE\" \/>\n<meta property=\"og:type\" content=\"article\" \/>\n<meta property=\"og:title\" content=\"Tyvek Reel - Protectiva.pl \u2013 Professionelle Medizinische und Hygieneprodukte | CE- &amp; ISO-zertifiziert\" \/>\n<meta property=\"og:description\" content=\"Data Sheet  4ADXR04  It is specifically made for Hydrogen Peroxide gas plasma sterilization. Transparent , multilayer co-polymer film allows easy identification. Reinforced film to avoid tear during opening. Water based, Hydrogen Peroxide indicator. Strong seal-strength, visible sealing lines Clean fibre-free opening. All materials comply with international standards. Opening direction marked. Conformity with EN 868-5. While it is compatible with Hydrogen Peroxide sterilization system, it\u2019s also used for ethylen oxide and gamma sterilization if needed.\" \/>\n<meta property=\"og:url\" content=\"https:\/\/protectiva.de\/de\/?product=tyvek-reel-2\" \/>\n<meta property=\"og:site_name\" content=\"Protectiva.pl \u2013 Professionelle Medizinische und Hygieneprodukte | CE- &amp; ISO-zertifiziert\" \/>\n<meta property=\"article:modified_time\" content=\"2025-03-28T19:09:44+00:00\" \/>\n<meta property=\"og:image\" content=\"https:\/\/protectiva.de\/wp-content\/uploads\/2025\/03\/4ADXR04.jpg\" \/>\n\t<meta property=\"og:image:width\" content=\"1000\" \/>\n\t<meta property=\"og:image:height\" content=\"1000\" \/>\n\t<meta property=\"og:image:type\" content=\"image\/jpeg\" \/>\n<meta name=\"twitter:card\" content=\"summary_large_image\" \/>\n<meta name=\"twitter:label1\" content=\"Gesch\u00e4tzte Lesezeit\" \/>\n\t<meta name=\"twitter:data1\" content=\"1\u00a0Minute\" \/>\n<script type=\"application\/ld+json\" class=\"yoast-schema-graph\">{\"@context\":\"https:\/\/schema.org\",\"@graph\":[{\"@type\":\"WebPage\",\"@id\":\"https:\/\/protectiva.de\/?product=tyvek-reel-2\",\"url\":\"https:\/\/protectiva.de\/?product=tyvek-reel-2\",\"name\":\"Tyvek Reel - Protectiva.pl \u2013 Professionelle Medizinische und Hygieneprodukte | CE- &amp; ISO-zertifiziert\",\"isPartOf\":{\"@id\":\"https:\/\/protectiva.de\/#website\"},\"primaryImageOfPage\":{\"@id\":\"https:\/\/protectiva.de\/?product=tyvek-reel-2#primaryimage\"},\"image\":{\"@id\":\"https:\/\/protectiva.de\/?product=tyvek-reel-2#primaryimage\"},\"thumbnailUrl\":\"https:\/\/protectiva.de\/wp-content\/uploads\/2025\/03\/4ADXR04.jpg\",\"datePublished\":\"2025-03-27T13:01:04+00:00\",\"dateModified\":\"2025-03-28T19:09:44+00:00\",\"breadcrumb\":{\"@id\":\"https:\/\/protectiva.de\/?product=tyvek-reel-2#breadcrumb\"},\"inLanguage\":\"de\",\"potentialAction\":[{\"@type\":\"ReadAction\",\"target\":[\"https:\/\/protectiva.de\/?product=tyvek-reel-2\"]}]},{\"@type\":\"ImageObject\",\"inLanguage\":\"de\",\"@id\":\"https:\/\/protectiva.de\/?product=tyvek-reel-2#primaryimage\",\"url\":\"https:\/\/protectiva.de\/wp-content\/uploads\/2025\/03\/4ADXR04.jpg\",\"contentUrl\":\"https:\/\/protectiva.de\/wp-content\/uploads\/2025\/03\/4ADXR04.jpg\",\"width\":1000,\"height\":1000},{\"@type\":\"BreadcrumbList\",\"@id\":\"https:\/\/protectiva.de\/?product=tyvek-reel-2#breadcrumb\",\"itemListElement\":[{\"@type\":\"ListItem\",\"position\":1,\"name\":\"Home\",\"item\":\"https:\/\/protectiva.de\/\"},{\"@type\":\"ListItem\",\"position\":2,\"name\":\"All Products\",\"item\":\"https:\/\/protectiva.de\/shop\/\"},{\"@type\":\"ListItem\",\"position\":3,\"name\":\"Tyvek Reel\"}]},{\"@type\":\"WebSite\",\"@id\":\"https:\/\/protectiva.de\/#website\",\"url\":\"https:\/\/protectiva.de\/\",\"name\":\"Protectiva\",\"description\":\"Innovative Medical Solutions Protectiva.de bietet hochwertige medizinische und Hygieneprodukte. Zuverl\u00e4ssige Schutzausr\u00fcstung, Sterilisationsl\u00f6sungen und Gesundheitsversorgung gem\u00e4\u00df CE- und ISO-Standards f\u00fcr Krankenh\u00e4user und Kliniken. Die ideale Wahl f\u00fcr sichere und komfortable Gesundheitsumgebungen.\",\"publisher\":{\"@id\":\"https:\/\/protectiva.de\/#organization\"},\"potentialAction\":[{\"@type\":\"SearchAction\",\"target\":{\"@type\":\"EntryPoint\",\"urlTemplate\":\"https:\/\/protectiva.de\/?s={search_term_string}\"},\"query-input\":{\"@type\":\"PropertyValueSpecification\",\"valueRequired\":true,\"valueName\":\"search_term_string\"}}],\"inLanguage\":\"de\"},{\"@type\":\"Organization\",\"@id\":\"https:\/\/protectiva.de\/#organization\",\"name\":\"Protectiva\",\"url\":\"https:\/\/protectiva.de\/\",\"logo\":{\"@type\":\"ImageObject\",\"inLanguage\":\"de\",\"@id\":\"https:\/\/protectiva.de\/#\/schema\/logo\/image\/\",\"url\":\"https:\/\/protectiva.de\/wp-content\/uploads\/2025\/03\/logo-protectiva-son-hali.png\",\"contentUrl\":\"https:\/\/protectiva.de\/wp-content\/uploads\/2025\/03\/logo-protectiva-son-hali.png\",\"width\":1140,\"height\":585,\"caption\":\"Protectiva\"},\"image\":{\"@id\":\"https:\/\/protectiva.de\/#\/schema\/logo\/image\/\"}}]}<\/script>\n<!-- \/ Yoast SEO plugin. -->","yoast_head_json":{"title":"Tyvek Reel - Protectiva.pl \u2013 Professionelle Medizinische und Hygieneprodukte | CE- &amp; ISO-zertifiziert","robots":{"index":"index","follow":"follow","max-snippet":"max-snippet:-1","max-image-preview":"max-image-preview:large","max-video-preview":"max-video-preview:-1"},"canonical":"https:\/\/protectiva.de\/de\/?product=tyvek-reel-2","og_locale":"de_DE","og_type":"article","og_title":"Tyvek Reel - Protectiva.pl \u2013 Professionelle Medizinische und Hygieneprodukte | CE- &amp; ISO-zertifiziert","og_description":"Data Sheet  4ADXR04  It is specifically made for Hydrogen Peroxide gas plasma sterilization. Transparent , multilayer co-polymer film allows easy identification. Reinforced film to avoid tear during opening. Water based, Hydrogen Peroxide indicator. Strong seal-strength, visible sealing lines Clean fibre-free opening. All materials comply with international standards. Opening direction marked. Conformity with EN 868-5. While it is compatible with Hydrogen Peroxide sterilization system, it\u2019s also used for ethylen oxide and gamma sterilization if needed.","og_url":"https:\/\/protectiva.de\/de\/?product=tyvek-reel-2","og_site_name":"Protectiva.pl \u2013 Professionelle Medizinische und Hygieneprodukte | CE- &amp; ISO-zertifiziert","article_modified_time":"2025-03-28T19:09:44+00:00","og_image":[{"width":1000,"height":1000,"url":"https:\/\/protectiva.de\/wp-content\/uploads\/2025\/03\/4ADXR04.jpg","type":"image\/jpeg"}],"twitter_card":"summary_large_image","twitter_misc":{"Gesch\u00e4tzte Lesezeit":"1\u00a0Minute"},"schema":{"@context":"https:\/\/schema.org","@graph":[{"@type":"WebPage","@id":"https:\/\/protectiva.de\/?product=tyvek-reel-2","url":"https:\/\/protectiva.de\/?product=tyvek-reel-2","name":"Tyvek Reel - Protectiva.pl \u2013 Professionelle Medizinische und Hygieneprodukte | CE- &amp; ISO-zertifiziert","isPartOf":{"@id":"https:\/\/protectiva.de\/#website"},"primaryImageOfPage":{"@id":"https:\/\/protectiva.de\/?product=tyvek-reel-2#primaryimage"},"image":{"@id":"https:\/\/protectiva.de\/?product=tyvek-reel-2#primaryimage"},"thumbnailUrl":"https:\/\/protectiva.de\/wp-content\/uploads\/2025\/03\/4ADXR04.jpg","datePublished":"2025-03-27T13:01:04+00:00","dateModified":"2025-03-28T19:09:44+00:00","breadcrumb":{"@id":"https:\/\/protectiva.de\/?product=tyvek-reel-2#breadcrumb"},"inLanguage":"de","potentialAction":[{"@type":"ReadAction","target":["https:\/\/protectiva.de\/?product=tyvek-reel-2"]}]},{"@type":"ImageObject","inLanguage":"de","@id":"https:\/\/protectiva.de\/?product=tyvek-reel-2#primaryimage","url":"https:\/\/protectiva.de\/wp-content\/uploads\/2025\/03\/4ADXR04.jpg","contentUrl":"https:\/\/protectiva.de\/wp-content\/uploads\/2025\/03\/4ADXR04.jpg","width":1000,"height":1000},{"@type":"BreadcrumbList","@id":"https:\/\/protectiva.de\/?product=tyvek-reel-2#breadcrumb","itemListElement":[{"@type":"ListItem","position":1,"name":"Home","item":"https:\/\/protectiva.de\/"},{"@type":"ListItem","position":2,"name":"All Products","item":"https:\/\/protectiva.de\/shop\/"},{"@type":"ListItem","position":3,"name":"Tyvek Reel"}]},{"@type":"WebSite","@id":"https:\/\/protectiva.de\/#website","url":"https:\/\/protectiva.de\/","name":"Protectiva","description":"Innovative Medical Solutions Protectiva.de bietet hochwertige medizinische und Hygieneprodukte. Zuverl\u00e4ssige Schutzausr\u00fcstung, Sterilisationsl\u00f6sungen und Gesundheitsversorgung gem\u00e4\u00df CE- und ISO-Standards f\u00fcr Krankenh\u00e4user und Kliniken. Die ideale Wahl f\u00fcr sichere und komfortable Gesundheitsumgebungen.","publisher":{"@id":"https:\/\/protectiva.de\/#organization"},"potentialAction":[{"@type":"SearchAction","target":{"@type":"EntryPoint","urlTemplate":"https:\/\/protectiva.de\/?s={search_term_string}"},"query-input":{"@type":"PropertyValueSpecification","valueRequired":true,"valueName":"search_term_string"}}],"inLanguage":"de"},{"@type":"Organization","@id":"https:\/\/protectiva.de\/#organization","name":"Protectiva","url":"https:\/\/protectiva.de\/","logo":{"@type":"ImageObject","inLanguage":"de","@id":"https:\/\/protectiva.de\/#\/schema\/logo\/image\/","url":"https:\/\/protectiva.de\/wp-content\/uploads\/2025\/03\/logo-protectiva-son-hali.png","contentUrl":"https:\/\/protectiva.de\/wp-content\/uploads\/2025\/03\/logo-protectiva-son-hali.png","width":1140,"height":585,"caption":"Protectiva"},"image":{"@id":"https:\/\/protectiva.de\/#\/schema\/logo\/image\/"}}]}},"_links":{"self":[{"href":"https:\/\/protectiva.de\/de\/wp-json\/wp\/v2\/product\/18545","targetHints":{"allow":["GET"]}}],"collection":[{"href":"https:\/\/protectiva.de\/de\/wp-json\/wp\/v2\/product"}],"about":[{"href":"https:\/\/protectiva.de\/de\/wp-json\/wp\/v2\/types\/product"}],"replies":[{"embeddable":true,"href":"https:\/\/protectiva.de\/de\/wp-json\/wp\/v2\/comments?post=18545"}],"wp:featuredmedia":[{"embeddable":true,"href":"https:\/\/protectiva.de\/de\/wp-json\/wp\/v2\/media\/18197"}],"wp:attachment":[{"href":"https:\/\/protectiva.de\/de\/wp-json\/wp\/v2\/media?parent=18545"}],"wp:term":[{"taxonomy":"product_brand","embeddable":true,"href":"https:\/\/protectiva.de\/de\/wp-json\/wp\/v2\/product_brand?post=18545"},{"taxonomy":"product_cat","embeddable":true,"href":"https:\/\/protectiva.de\/de\/wp-json\/wp\/v2\/product_cat?post=18545"},{"taxonomy":"product_tag","embeddable":true,"href":"https:\/\/protectiva.de\/de\/wp-json\/wp\/v2\/product_tag?post=18545"}],"curies":[{"name":"wp","href":"https:\/\/api.w.org\/{rel}","templated":true}]}}