{"id":18541,"date":"2025-03-27T12:57:10","date_gmt":"2025-03-27T12:57:10","guid":{"rendered":"https:\/\/protectiva.pl\/?post_type=product&#038;p=18541"},"modified":"2025-03-28T19:09:44","modified_gmt":"2025-03-28T19:09:44","slug":"zwickelrolle-2","status":"publish","type":"product","link":"https:\/\/protectiva.de\/de\/produkt\/zwickelrolle-2\/","title":{"rendered":"Zwickelrolle"},"content":{"rendered":"<table style=\"height: 289px\" border=\"0\" width=\"747\">\n<thead>\n<tr>\n<th>Produktcode<\/th>\n<th>Produktname<\/th>\n<th>MENGE<\/th>\n<th>Gr\u00f6\u00dfe<\/th>\n<\/tr>\n<\/thead>\n<tbody>\n<tr>\n<td>4AGR75100<\/td>\n<td><\/td>\n<td>1x<\/td>\n<td>75 mm x 100 m<\/td>\n<\/tr>\n<tr>\n<td>4AGR100100<\/td>\n<td><\/td>\n<td>1x<\/td>\n<td>100 mm x 100 m<\/td>\n<\/tr>\n<tr>\n<td>4AGR150200<\/td>\n<td><\/td>\n<td>1x<\/td>\n<td>150 mm x 100 m<\/td>\n<\/tr>\n<tr>\n<td>4AGR200100<\/td>\n<td><\/td>\n<td>1x<\/td>\n<td>200 mm x 100 m<\/td>\n<\/tr>\n<tr>\n<td>4AGR250100<\/td>\n<td><\/td>\n<td>1x<\/td>\n<td>250 mm x 100 m<\/td>\n<\/tr>\n<tr>\n<td>4AGR300100<\/td>\n<td><\/td>\n<td>1x<\/td>\n<td>300 mm x 100 m<\/td>\n<\/tr>\n<tr>\n<td>4AGR350100<\/td>\n<td><\/td>\n<td>1x<\/td>\n<td>350 mm x 100 m<\/td>\n<\/tr>\n<tr>\n<td>4AGR400100<\/td>\n<td><\/td>\n<td>1x<\/td>\n<td>400 mm x 100 m<\/td>\n<\/tr>\n<tr>\n<td>4AGR450100<\/td>\n<td><\/td>\n<td>1x<\/td>\n<td>450 mm x 100 m<\/td>\n<\/tr>\n<tr>\n<td>4AGR500100<\/td>\n<td><\/td>\n<td>1x<\/td>\n<td>500 mm x 100 m<\/td>\n<\/tr>\n<\/tbody>\n<\/table>\n<p>&nbsp;<\/p>","protected":false},"excerpt":{"rendered":"<ul>\n<li>Datenblatt<\/li>\n<\/ul>\n<p>Medizinisches Papier bietet maximale Sicherheit. F\u00fcr dicke Verpackungen medizinischer Ger\u00e4te. Der gesamte Aufdruck befindet sich au\u00dferhalb des Verpackungsbereichs, um die Migration von Tintenpigmenten auf das Produkt zu verhindern. Transparente, mehrschichtige Copolymerfolie erm\u00f6glicht einfache Identifizierung. Verst\u00e4rkte Folie verhindert Einrei\u00dfen beim \u00d6ffnen. \u00dcberragende Barriere und Qualit\u00e4t mit 60 g\/m\u00b2 oder 70 g\/m\u00b2 medizinischem Kraftpapier. Indikatoren auf Wasserbasis, ungiftig und liefern genaue Ergebnisse f\u00fcr Dampf, EO-Gas und Formaldehyd (FO). Starke Siegelfestigkeit, sichtbare Siegellinien. Sauberes, faserfreies \u00d6ffnen. Alle Materialien entsprechen internationalen Standards. \u00d6ffnungsrichtung gekennzeichnet. Konform mit EN 868-5. Seitenfaltenrollen haben ein erh\u00f6htes F\u00fcllvolumen und k\u00f6nnen im Vergleich zu Flachrollen ein gr\u00f6\u00dferes Volumen aufnehmen.<\/p>","protected":false},"featured_media":18195,"comment_status":"open","ping_status":"closed","template":"","meta":[],"product_brand":[],"product_cat":[109,195],"product_tag":[],"class_list":{"0":"post-18541","1":"product","2":"type-product","3":"status-publish","4":"has-post-thumbnail","6":"product_cat-sterilization-n","7":"product_cat-sterilization-reels-pouches","9":"first","10":"instock","11":"shipping-taxable","12":"product-type-grouped"},"yoast_head":"<!-- This site is optimized with the Yoast SEO plugin v26.2 - https:\/\/yoast.com\/wordpress\/plugins\/seo\/ -->\n<title>Gusset Reel - Protectiva.pl \u2013 Professionelle Medizinische und Hygieneprodukte | CE- &amp; ISO-zertifiziert<\/title>\n<meta name=\"robots\" content=\"index, follow, max-snippet:-1, max-image-preview:large, max-video-preview:-1\" \/>\n<link rel=\"canonical\" href=\"https:\/\/protectiva.de\/de\/?product=gusset-reel-2\" \/>\n<meta property=\"og:locale\" content=\"de_DE\" \/>\n<meta property=\"og:type\" content=\"article\" \/>\n<meta property=\"og:title\" content=\"Gusset Reel - Protectiva.pl \u2013 Professionelle Medizinische und Hygieneprodukte | CE- &amp; ISO-zertifiziert\" \/>\n<meta property=\"og:description\" content=\"Data Sheet  Medical Paper provides maximum safety. For thick medical device packaging. All imprint are located outside the packaging area to prevent ink pigment migration to the product. Transparent , multilayer co-polymer film allows easy identification. Reinforced film to avoid tear during opening. Superior barrier and quality with 60gsm or 70gsm medical kraft paper. Indicators which are water based , non toxic and give accurate result for steam, EO Gas and Formaldehyde (FO) Strong seal-strength, visible sealing lines. Clean fibre-free opening.All materials comply with international standards. Opening direction marked. Conformity with EN 868-5Gusset Rolls has increased filling volume and can hold an increased amount of volume in comparison with Flat Reels.\" \/>\n<meta property=\"og:url\" content=\"https:\/\/protectiva.de\/de\/?product=gusset-reel-2\" \/>\n<meta property=\"og:site_name\" content=\"Protectiva.pl \u2013 Professionelle Medizinische und Hygieneprodukte | CE- &amp; ISO-zertifiziert\" \/>\n<meta property=\"article:modified_time\" content=\"2025-03-28T19:09:44+00:00\" \/>\n<meta property=\"og:image\" content=\"https:\/\/protectiva.de\/wp-content\/uploads\/2025\/03\/4ADXR02.jpg\" \/>\n\t<meta property=\"og:image:width\" content=\"1000\" \/>\n\t<meta property=\"og:image:height\" content=\"1000\" \/>\n\t<meta property=\"og:image:type\" content=\"image\/jpeg\" \/>\n<meta name=\"twitter:card\" content=\"summary_large_image\" \/>\n<script type=\"application\/ld+json\" class=\"yoast-schema-graph\">{\"@context\":\"https:\/\/schema.org\",\"@graph\":[{\"@type\":\"WebPage\",\"@id\":\"https:\/\/protectiva.de\/?product=gusset-reel-2\",\"url\":\"https:\/\/protectiva.de\/?product=gusset-reel-2\",\"name\":\"Gusset Reel - Protectiva.pl \u2013 Professionelle Medizinische und Hygieneprodukte | CE- &amp; ISO-zertifiziert\",\"isPartOf\":{\"@id\":\"https:\/\/protectiva.de\/#website\"},\"primaryImageOfPage\":{\"@id\":\"https:\/\/protectiva.de\/?product=gusset-reel-2#primaryimage\"},\"image\":{\"@id\":\"https:\/\/protectiva.de\/?product=gusset-reel-2#primaryimage\"},\"thumbnailUrl\":\"https:\/\/protectiva.de\/wp-content\/uploads\/2025\/03\/4ADXR02.jpg\",\"datePublished\":\"2025-03-27T12:57:10+00:00\",\"dateModified\":\"2025-03-28T19:09:44+00:00\",\"breadcrumb\":{\"@id\":\"https:\/\/protectiva.de\/?product=gusset-reel-2#breadcrumb\"},\"inLanguage\":\"de\",\"potentialAction\":[{\"@type\":\"ReadAction\",\"target\":[\"https:\/\/protectiva.de\/?product=gusset-reel-2\"]}]},{\"@type\":\"ImageObject\",\"inLanguage\":\"de\",\"@id\":\"https:\/\/protectiva.de\/?product=gusset-reel-2#primaryimage\",\"url\":\"https:\/\/protectiva.de\/wp-content\/uploads\/2025\/03\/4ADXR02.jpg\",\"contentUrl\":\"https:\/\/protectiva.de\/wp-content\/uploads\/2025\/03\/4ADXR02.jpg\",\"width\":1000,\"height\":1000},{\"@type\":\"BreadcrumbList\",\"@id\":\"https:\/\/protectiva.de\/?product=gusset-reel-2#breadcrumb\",\"itemListElement\":[{\"@type\":\"ListItem\",\"position\":1,\"name\":\"Home\",\"item\":\"https:\/\/protectiva.de\/\"},{\"@type\":\"ListItem\",\"position\":2,\"name\":\"All Products\",\"item\":\"https:\/\/protectiva.de\/shop\/\"},{\"@type\":\"ListItem\",\"position\":3,\"name\":\"Gusset Reel\"}]},{\"@type\":\"WebSite\",\"@id\":\"https:\/\/protectiva.de\/#website\",\"url\":\"https:\/\/protectiva.de\/\",\"name\":\"Protectiva\",\"description\":\"Innovative Medical Solutions Protectiva.de bietet hochwertige medizinische und Hygieneprodukte. Zuverl\u00e4ssige Schutzausr\u00fcstung, Sterilisationsl\u00f6sungen und Gesundheitsversorgung gem\u00e4\u00df CE- und ISO-Standards f\u00fcr Krankenh\u00e4user und Kliniken. Die ideale Wahl f\u00fcr sichere und komfortable Gesundheitsumgebungen.\",\"publisher\":{\"@id\":\"https:\/\/protectiva.de\/#organization\"},\"potentialAction\":[{\"@type\":\"SearchAction\",\"target\":{\"@type\":\"EntryPoint\",\"urlTemplate\":\"https:\/\/protectiva.de\/?s={search_term_string}\"},\"query-input\":{\"@type\":\"PropertyValueSpecification\",\"valueRequired\":true,\"valueName\":\"search_term_string\"}}],\"inLanguage\":\"de\"},{\"@type\":\"Organization\",\"@id\":\"https:\/\/protectiva.de\/#organization\",\"name\":\"Protectiva\",\"url\":\"https:\/\/protectiva.de\/\",\"logo\":{\"@type\":\"ImageObject\",\"inLanguage\":\"de\",\"@id\":\"https:\/\/protectiva.de\/#\/schema\/logo\/image\/\",\"url\":\"https:\/\/protectiva.de\/wp-content\/uploads\/2025\/03\/logo-protectiva-son-hali.png\",\"contentUrl\":\"https:\/\/protectiva.de\/wp-content\/uploads\/2025\/03\/logo-protectiva-son-hali.png\",\"width\":1140,\"height\":585,\"caption\":\"Protectiva\"},\"image\":{\"@id\":\"https:\/\/protectiva.de\/#\/schema\/logo\/image\/\"}}]}<\/script>\n<!-- \/ Yoast SEO plugin. -->","yoast_head_json":{"title":"Gusset Reel - Protectiva.pl \u2013 Professionelle Medizinische und Hygieneprodukte | CE- &amp; ISO-zertifiziert","robots":{"index":"index","follow":"follow","max-snippet":"max-snippet:-1","max-image-preview":"max-image-preview:large","max-video-preview":"max-video-preview:-1"},"canonical":"https:\/\/protectiva.de\/de\/?product=gusset-reel-2","og_locale":"de_DE","og_type":"article","og_title":"Gusset Reel - Protectiva.pl \u2013 Professionelle Medizinische und Hygieneprodukte | CE- &amp; ISO-zertifiziert","og_description":"Data Sheet  Medical Paper provides maximum safety. For thick medical device packaging. All imprint are located outside the packaging area to prevent ink pigment migration to the product. Transparent , multilayer co-polymer film allows easy identification. Reinforced film to avoid tear during opening. Superior barrier and quality with 60gsm or 70gsm medical kraft paper. Indicators which are water based , non toxic and give accurate result for steam, EO Gas and Formaldehyde (FO) Strong seal-strength, visible sealing lines. Clean fibre-free opening.All materials comply with international standards. Opening direction marked. Conformity with EN 868-5Gusset Rolls has increased filling volume and can hold an increased amount of volume in comparison with Flat Reels.","og_url":"https:\/\/protectiva.de\/de\/?product=gusset-reel-2","og_site_name":"Protectiva.pl \u2013 Professionelle Medizinische und Hygieneprodukte | CE- &amp; ISO-zertifiziert","article_modified_time":"2025-03-28T19:09:44+00:00","og_image":[{"width":1000,"height":1000,"url":"https:\/\/protectiva.de\/wp-content\/uploads\/2025\/03\/4ADXR02.jpg","type":"image\/jpeg"}],"twitter_card":"summary_large_image","schema":{"@context":"https:\/\/schema.org","@graph":[{"@type":"WebPage","@id":"https:\/\/protectiva.de\/?product=gusset-reel-2","url":"https:\/\/protectiva.de\/?product=gusset-reel-2","name":"Gusset Reel - Protectiva.pl \u2013 Professionelle Medizinische und Hygieneprodukte | CE- &amp; ISO-zertifiziert","isPartOf":{"@id":"https:\/\/protectiva.de\/#website"},"primaryImageOfPage":{"@id":"https:\/\/protectiva.de\/?product=gusset-reel-2#primaryimage"},"image":{"@id":"https:\/\/protectiva.de\/?product=gusset-reel-2#primaryimage"},"thumbnailUrl":"https:\/\/protectiva.de\/wp-content\/uploads\/2025\/03\/4ADXR02.jpg","datePublished":"2025-03-27T12:57:10+00:00","dateModified":"2025-03-28T19:09:44+00:00","breadcrumb":{"@id":"https:\/\/protectiva.de\/?product=gusset-reel-2#breadcrumb"},"inLanguage":"de","potentialAction":[{"@type":"ReadAction","target":["https:\/\/protectiva.de\/?product=gusset-reel-2"]}]},{"@type":"ImageObject","inLanguage":"de","@id":"https:\/\/protectiva.de\/?product=gusset-reel-2#primaryimage","url":"https:\/\/protectiva.de\/wp-content\/uploads\/2025\/03\/4ADXR02.jpg","contentUrl":"https:\/\/protectiva.de\/wp-content\/uploads\/2025\/03\/4ADXR02.jpg","width":1000,"height":1000},{"@type":"BreadcrumbList","@id":"https:\/\/protectiva.de\/?product=gusset-reel-2#breadcrumb","itemListElement":[{"@type":"ListItem","position":1,"name":"Home","item":"https:\/\/protectiva.de\/"},{"@type":"ListItem","position":2,"name":"All Products","item":"https:\/\/protectiva.de\/shop\/"},{"@type":"ListItem","position":3,"name":"Gusset Reel"}]},{"@type":"WebSite","@id":"https:\/\/protectiva.de\/#website","url":"https:\/\/protectiva.de\/","name":"Protectiva","description":"Innovative Medical Solutions Protectiva.de bietet hochwertige medizinische und Hygieneprodukte. Zuverl\u00e4ssige Schutzausr\u00fcstung, Sterilisationsl\u00f6sungen und Gesundheitsversorgung gem\u00e4\u00df CE- und ISO-Standards f\u00fcr Krankenh\u00e4user und Kliniken. Die ideale Wahl f\u00fcr sichere und komfortable Gesundheitsumgebungen.","publisher":{"@id":"https:\/\/protectiva.de\/#organization"},"potentialAction":[{"@type":"SearchAction","target":{"@type":"EntryPoint","urlTemplate":"https:\/\/protectiva.de\/?s={search_term_string}"},"query-input":{"@type":"PropertyValueSpecification","valueRequired":true,"valueName":"search_term_string"}}],"inLanguage":"de"},{"@type":"Organization","@id":"https:\/\/protectiva.de\/#organization","name":"Protectiva","url":"https:\/\/protectiva.de\/","logo":{"@type":"ImageObject","inLanguage":"de","@id":"https:\/\/protectiva.de\/#\/schema\/logo\/image\/","url":"https:\/\/protectiva.de\/wp-content\/uploads\/2025\/03\/logo-protectiva-son-hali.png","contentUrl":"https:\/\/protectiva.de\/wp-content\/uploads\/2025\/03\/logo-protectiva-son-hali.png","width":1140,"height":585,"caption":"Protectiva"},"image":{"@id":"https:\/\/protectiva.de\/#\/schema\/logo\/image\/"}}]}},"_links":{"self":[{"href":"https:\/\/protectiva.de\/de\/wp-json\/wp\/v2\/product\/18541","targetHints":{"allow":["GET"]}}],"collection":[{"href":"https:\/\/protectiva.de\/de\/wp-json\/wp\/v2\/product"}],"about":[{"href":"https:\/\/protectiva.de\/de\/wp-json\/wp\/v2\/types\/product"}],"replies":[{"embeddable":true,"href":"https:\/\/protectiva.de\/de\/wp-json\/wp\/v2\/comments?post=18541"}],"wp:featuredmedia":[{"embeddable":true,"href":"https:\/\/protectiva.de\/de\/wp-json\/wp\/v2\/media\/18195"}],"wp:attachment":[{"href":"https:\/\/protectiva.de\/de\/wp-json\/wp\/v2\/media?parent=18541"}],"wp:term":[{"taxonomy":"product_brand","embeddable":true,"href":"https:\/\/protectiva.de\/de\/wp-json\/wp\/v2\/product_brand?post=18541"},{"taxonomy":"product_cat","embeddable":true,"href":"https:\/\/protectiva.de\/de\/wp-json\/wp\/v2\/product_cat?post=18541"},{"taxonomy":"product_tag","embeddable":true,"href":"https:\/\/protectiva.de\/de\/wp-json\/wp\/v2\/product_tag?post=18541"}],"curies":[{"name":"wp","href":"https:\/\/api.w.org\/{rel}","templated":true}]}}