{"id":18540,"date":"2025-03-27T12:53:51","date_gmt":"2025-03-27T12:53:51","guid":{"rendered":"https:\/\/protectiva.pl\/?post_type=product&#038;p=18540"},"modified":"2025-03-28T19:09:44","modified_gmt":"2025-03-28T19:09:44","slug":"flachrollen-2","status":"publish","type":"product","link":"https:\/\/protectiva.de\/de\/produkt\/flachrollen-2\/","title":{"rendered":"Flache Rollen"},"content":{"rendered":"<table style=\"height: 331px\" border=\"0\" width=\"745\">\n<thead>\n<tr>\n<th>Produktcode<\/th>\n<th>Produktname<\/th>\n<th>MENGE<\/th>\n<th>Gr\u00f6\u00dfe<\/th>\n<\/tr>\n<\/thead>\n<tbody>\n<tr>\n<td>4AFR50200<\/td>\n<td><\/td>\n<td>1x<\/td>\n<td>50 mm x 200 m<\/td>\n<\/tr>\n<tr>\n<td>4AFR75200<\/td>\n<td><\/td>\n<td>1x<\/td>\n<td>75 mm x 200 m<\/td>\n<\/tr>\n<tr>\n<td>4AFR100200<\/td>\n<td><\/td>\n<td>1x<\/td>\n<td>100 mm x 200 m<\/td>\n<\/tr>\n<tr>\n<td>4AFR150200<\/td>\n<td><\/td>\n<td>1x<\/td>\n<td>150 mm x 200 m<\/td>\n<\/tr>\n<tr>\n<td>4AFR200200<\/td>\n<td><\/td>\n<td>1x<\/td>\n<td>200 mm x 200 m<\/td>\n<\/tr>\n<tr>\n<td>4AFR250200<\/td>\n<td><\/td>\n<td>1x<\/td>\n<td>250 mm x 200 m<\/td>\n<\/tr>\n<tr>\n<td>4AFR300200<\/td>\n<td><\/td>\n<td>1x<\/td>\n<td>300 mm x 200 m<\/td>\n<\/tr>\n<tr>\n<td>4AFR350200<\/td>\n<td><\/td>\n<td>1x<\/td>\n<td>350 mm x 200 m<\/td>\n<\/tr>\n<tr>\n<td>4AFR400200<\/td>\n<td><\/td>\n<td>1x<\/td>\n<td>400 mm x 200 m<\/td>\n<\/tr>\n<tr>\n<td>4AFR450200<\/td>\n<td><\/td>\n<td>1x<\/td>\n<td>450 mm x 200 m<\/td>\n<\/tr>\n<tr>\n<td>4AFR500200<\/td>\n<td><\/td>\n<td>1x<\/td>\n<td>500 mm x 200 m<\/td>\n<\/tr>\n<\/tbody>\n<\/table>","protected":false},"excerpt":{"rendered":"<ul>\n<li>Datenblatt<\/li>\n<\/ul>\n<p>Medizinisches Papier bietet maximale Sicherheit. Alle Aufdrucke befinden sich au\u00dferhalb der Verpackung, um die Migration von Farbpigmenten in das Produkt zu verhindern. Transparente, mehrschichtige Copolymerfolie erm\u00f6glicht einfache Identifizierung. Verst\u00e4rkte Folie verhindert Einrei\u00dfen beim \u00d6ffnen. \u00dcberragende Barriere und Qualit\u00e4t mit 60 g\/m\u00b2 oder 70 g\/m\u00b2 medizinischem Kraftpapier. Wasserbasierte, ungiftige Indikatoren liefern pr\u00e4zise Ergebnisse f\u00fcr Dampf, EO-Gas und Formaldehyd (FO). Starke Siegelfestigkeit, sichtbare Siegellinien. Sauberes, faserfreies \u00d6ffnen. Alle Materialien entsprechen internationalen Standards. \u00d6ffnungsrichtung gekennzeichnet. Konformit\u00e4t mit EN 868-5.<\/p>","protected":false},"featured_media":18194,"comment_status":"open","ping_status":"closed","template":"","meta":[],"product_brand":[],"product_cat":[109,195],"product_tag":[],"class_list":{"0":"post-18540","1":"product","2":"type-product","3":"status-publish","4":"has-post-thumbnail","6":"product_cat-sterilization-n","7":"product_cat-sterilization-reels-pouches","9":"first","10":"instock","11":"shipping-taxable","12":"product-type-grouped"},"yoast_head":"<!-- This site is optimized with the Yoast SEO plugin v26.2 - https:\/\/yoast.com\/wordpress\/plugins\/seo\/ -->\n<title>Flat Reels - Protectiva.pl \u2013 Professionelle Medizinische und Hygieneprodukte | CE- &amp; ISO-zertifiziert<\/title>\n<meta name=\"robots\" content=\"index, follow, max-snippet:-1, max-image-preview:large, max-video-preview:-1\" \/>\n<link rel=\"canonical\" href=\"https:\/\/protectiva.de\/de\/?product=flat-reels-2\" \/>\n<meta property=\"og:locale\" content=\"de_DE\" \/>\n<meta property=\"og:type\" content=\"article\" \/>\n<meta property=\"og:title\" content=\"Flat Reels - Protectiva.pl \u2013 Professionelle Medizinische und Hygieneprodukte | CE- &amp; ISO-zertifiziert\" \/>\n<meta property=\"og:description\" content=\"Data Sheet  Medical Paper provides maximum safety. All imprint are located outside the packaging area to prevent ink pigment migration to the product. Transparent , multilayer co-polymer film allows easy identification. Reinforced film to avoid tear during opening. Superior barrier and quality with 60gsm or 70gsm medical kraft paper. Indicators which are water based, non toxic and give accurate result for steam, EO Gas and Formaldehyde (FO). Strong seal-strength, visible sealing lines. Clean fibre-free opening. All materials comply with international standards. Opening direction marked. Conformity with EN 868-5.\" \/>\n<meta property=\"og:url\" content=\"https:\/\/protectiva.de\/de\/?product=flat-reels-2\" \/>\n<meta property=\"og:site_name\" content=\"Protectiva.pl \u2013 Professionelle Medizinische und Hygieneprodukte | CE- &amp; ISO-zertifiziert\" \/>\n<meta property=\"article:modified_time\" content=\"2025-03-28T19:09:44+00:00\" \/>\n<meta property=\"og:image\" content=\"https:\/\/protectiva.de\/wp-content\/uploads\/2025\/03\/4ADXR01.jpg\" \/>\n\t<meta property=\"og:image:width\" content=\"1000\" \/>\n\t<meta property=\"og:image:height\" content=\"1000\" \/>\n\t<meta property=\"og:image:type\" content=\"image\/jpeg\" \/>\n<meta name=\"twitter:card\" content=\"summary_large_image\" \/>\n<script type=\"application\/ld+json\" class=\"yoast-schema-graph\">{\"@context\":\"https:\/\/schema.org\",\"@graph\":[{\"@type\":\"WebPage\",\"@id\":\"https:\/\/protectiva.de\/?product=flat-reels-2\",\"url\":\"https:\/\/protectiva.de\/?product=flat-reels-2\",\"name\":\"Flat Reels - Protectiva.pl \u2013 Professionelle Medizinische und Hygieneprodukte | CE- &amp; ISO-zertifiziert\",\"isPartOf\":{\"@id\":\"https:\/\/protectiva.de\/#website\"},\"primaryImageOfPage\":{\"@id\":\"https:\/\/protectiva.de\/?product=flat-reels-2#primaryimage\"},\"image\":{\"@id\":\"https:\/\/protectiva.de\/?product=flat-reels-2#primaryimage\"},\"thumbnailUrl\":\"https:\/\/protectiva.de\/wp-content\/uploads\/2025\/03\/4ADXR01.jpg\",\"datePublished\":\"2025-03-27T12:53:51+00:00\",\"dateModified\":\"2025-03-28T19:09:44+00:00\",\"breadcrumb\":{\"@id\":\"https:\/\/protectiva.de\/?product=flat-reels-2#breadcrumb\"},\"inLanguage\":\"de\",\"potentialAction\":[{\"@type\":\"ReadAction\",\"target\":[\"https:\/\/protectiva.de\/?product=flat-reels-2\"]}]},{\"@type\":\"ImageObject\",\"inLanguage\":\"de\",\"@id\":\"https:\/\/protectiva.de\/?product=flat-reels-2#primaryimage\",\"url\":\"https:\/\/protectiva.de\/wp-content\/uploads\/2025\/03\/4ADXR01.jpg\",\"contentUrl\":\"https:\/\/protectiva.de\/wp-content\/uploads\/2025\/03\/4ADXR01.jpg\",\"width\":1000,\"height\":1000},{\"@type\":\"BreadcrumbList\",\"@id\":\"https:\/\/protectiva.de\/?product=flat-reels-2#breadcrumb\",\"itemListElement\":[{\"@type\":\"ListItem\",\"position\":1,\"name\":\"Home\",\"item\":\"https:\/\/protectiva.de\/\"},{\"@type\":\"ListItem\",\"position\":2,\"name\":\"All Products\",\"item\":\"https:\/\/protectiva.de\/shop\/\"},{\"@type\":\"ListItem\",\"position\":3,\"name\":\"Flat Reels\"}]},{\"@type\":\"WebSite\",\"@id\":\"https:\/\/protectiva.de\/#website\",\"url\":\"https:\/\/protectiva.de\/\",\"name\":\"Protectiva\",\"description\":\"Innovative Medical Solutions Protectiva.de bietet hochwertige medizinische und Hygieneprodukte. Zuverl\u00e4ssige Schutzausr\u00fcstung, Sterilisationsl\u00f6sungen und Gesundheitsversorgung gem\u00e4\u00df CE- und ISO-Standards f\u00fcr Krankenh\u00e4user und Kliniken. Die ideale Wahl f\u00fcr sichere und komfortable Gesundheitsumgebungen.\",\"publisher\":{\"@id\":\"https:\/\/protectiva.de\/#organization\"},\"potentialAction\":[{\"@type\":\"SearchAction\",\"target\":{\"@type\":\"EntryPoint\",\"urlTemplate\":\"https:\/\/protectiva.de\/?s={search_term_string}\"},\"query-input\":{\"@type\":\"PropertyValueSpecification\",\"valueRequired\":true,\"valueName\":\"search_term_string\"}}],\"inLanguage\":\"de\"},{\"@type\":\"Organization\",\"@id\":\"https:\/\/protectiva.de\/#organization\",\"name\":\"Protectiva\",\"url\":\"https:\/\/protectiva.de\/\",\"logo\":{\"@type\":\"ImageObject\",\"inLanguage\":\"de\",\"@id\":\"https:\/\/protectiva.de\/#\/schema\/logo\/image\/\",\"url\":\"https:\/\/protectiva.de\/wp-content\/uploads\/2025\/03\/logo-protectiva-son-hali.png\",\"contentUrl\":\"https:\/\/protectiva.de\/wp-content\/uploads\/2025\/03\/logo-protectiva-son-hali.png\",\"width\":1140,\"height\":585,\"caption\":\"Protectiva\"},\"image\":{\"@id\":\"https:\/\/protectiva.de\/#\/schema\/logo\/image\/\"}}]}<\/script>\n<!-- \/ Yoast SEO plugin. -->","yoast_head_json":{"title":"Flat Reels - Protectiva.pl \u2013 Professionelle Medizinische und Hygieneprodukte | CE- &amp; ISO-zertifiziert","robots":{"index":"index","follow":"follow","max-snippet":"max-snippet:-1","max-image-preview":"max-image-preview:large","max-video-preview":"max-video-preview:-1"},"canonical":"https:\/\/protectiva.de\/de\/?product=flat-reels-2","og_locale":"de_DE","og_type":"article","og_title":"Flat Reels - Protectiva.pl \u2013 Professionelle Medizinische und Hygieneprodukte | CE- &amp; ISO-zertifiziert","og_description":"Data Sheet  Medical Paper provides maximum safety. All imprint are located outside the packaging area to prevent ink pigment migration to the product. Transparent , multilayer co-polymer film allows easy identification. Reinforced film to avoid tear during opening. Superior barrier and quality with 60gsm or 70gsm medical kraft paper. Indicators which are water based, non toxic and give accurate result for steam, EO Gas and Formaldehyde (FO). Strong seal-strength, visible sealing lines. Clean fibre-free opening. All materials comply with international standards. Opening direction marked. Conformity with EN 868-5.","og_url":"https:\/\/protectiva.de\/de\/?product=flat-reels-2","og_site_name":"Protectiva.pl \u2013 Professionelle Medizinische und Hygieneprodukte | CE- &amp; ISO-zertifiziert","article_modified_time":"2025-03-28T19:09:44+00:00","og_image":[{"width":1000,"height":1000,"url":"https:\/\/protectiva.de\/wp-content\/uploads\/2025\/03\/4ADXR01.jpg","type":"image\/jpeg"}],"twitter_card":"summary_large_image","schema":{"@context":"https:\/\/schema.org","@graph":[{"@type":"WebPage","@id":"https:\/\/protectiva.de\/?product=flat-reels-2","url":"https:\/\/protectiva.de\/?product=flat-reels-2","name":"Flat Reels - Protectiva.pl \u2013 Professionelle Medizinische und Hygieneprodukte | CE- &amp; ISO-zertifiziert","isPartOf":{"@id":"https:\/\/protectiva.de\/#website"},"primaryImageOfPage":{"@id":"https:\/\/protectiva.de\/?product=flat-reels-2#primaryimage"},"image":{"@id":"https:\/\/protectiva.de\/?product=flat-reels-2#primaryimage"},"thumbnailUrl":"https:\/\/protectiva.de\/wp-content\/uploads\/2025\/03\/4ADXR01.jpg","datePublished":"2025-03-27T12:53:51+00:00","dateModified":"2025-03-28T19:09:44+00:00","breadcrumb":{"@id":"https:\/\/protectiva.de\/?product=flat-reels-2#breadcrumb"},"inLanguage":"de","potentialAction":[{"@type":"ReadAction","target":["https:\/\/protectiva.de\/?product=flat-reels-2"]}]},{"@type":"ImageObject","inLanguage":"de","@id":"https:\/\/protectiva.de\/?product=flat-reels-2#primaryimage","url":"https:\/\/protectiva.de\/wp-content\/uploads\/2025\/03\/4ADXR01.jpg","contentUrl":"https:\/\/protectiva.de\/wp-content\/uploads\/2025\/03\/4ADXR01.jpg","width":1000,"height":1000},{"@type":"BreadcrumbList","@id":"https:\/\/protectiva.de\/?product=flat-reels-2#breadcrumb","itemListElement":[{"@type":"ListItem","position":1,"name":"Home","item":"https:\/\/protectiva.de\/"},{"@type":"ListItem","position":2,"name":"All Products","item":"https:\/\/protectiva.de\/shop\/"},{"@type":"ListItem","position":3,"name":"Flat Reels"}]},{"@type":"WebSite","@id":"https:\/\/protectiva.de\/#website","url":"https:\/\/protectiva.de\/","name":"Protectiva","description":"Innovative Medical Solutions Protectiva.de bietet hochwertige medizinische und Hygieneprodukte. Zuverl\u00e4ssige Schutzausr\u00fcstung, Sterilisationsl\u00f6sungen und Gesundheitsversorgung gem\u00e4\u00df CE- und ISO-Standards f\u00fcr Krankenh\u00e4user und Kliniken. Die ideale Wahl f\u00fcr sichere und komfortable Gesundheitsumgebungen.","publisher":{"@id":"https:\/\/protectiva.de\/#organization"},"potentialAction":[{"@type":"SearchAction","target":{"@type":"EntryPoint","urlTemplate":"https:\/\/protectiva.de\/?s={search_term_string}"},"query-input":{"@type":"PropertyValueSpecification","valueRequired":true,"valueName":"search_term_string"}}],"inLanguage":"de"},{"@type":"Organization","@id":"https:\/\/protectiva.de\/#organization","name":"Protectiva","url":"https:\/\/protectiva.de\/","logo":{"@type":"ImageObject","inLanguage":"de","@id":"https:\/\/protectiva.de\/#\/schema\/logo\/image\/","url":"https:\/\/protectiva.de\/wp-content\/uploads\/2025\/03\/logo-protectiva-son-hali.png","contentUrl":"https:\/\/protectiva.de\/wp-content\/uploads\/2025\/03\/logo-protectiva-son-hali.png","width":1140,"height":585,"caption":"Protectiva"},"image":{"@id":"https:\/\/protectiva.de\/#\/schema\/logo\/image\/"}}]}},"_links":{"self":[{"href":"https:\/\/protectiva.de\/de\/wp-json\/wp\/v2\/product\/18540","targetHints":{"allow":["GET"]}}],"collection":[{"href":"https:\/\/protectiva.de\/de\/wp-json\/wp\/v2\/product"}],"about":[{"href":"https:\/\/protectiva.de\/de\/wp-json\/wp\/v2\/types\/product"}],"replies":[{"embeddable":true,"href":"https:\/\/protectiva.de\/de\/wp-json\/wp\/v2\/comments?post=18540"}],"wp:featuredmedia":[{"embeddable":true,"href":"https:\/\/protectiva.de\/de\/wp-json\/wp\/v2\/media\/18194"}],"wp:attachment":[{"href":"https:\/\/protectiva.de\/de\/wp-json\/wp\/v2\/media?parent=18540"}],"wp:term":[{"taxonomy":"product_brand","embeddable":true,"href":"https:\/\/protectiva.de\/de\/wp-json\/wp\/v2\/product_brand?post=18540"},{"taxonomy":"product_cat","embeddable":true,"href":"https:\/\/protectiva.de\/de\/wp-json\/wp\/v2\/product_cat?post=18540"},{"taxonomy":"product_tag","embeddable":true,"href":"https:\/\/protectiva.de\/de\/wp-json\/wp\/v2\/product_tag?post=18540"}],"curies":[{"name":"wp","href":"https:\/\/api.w.org\/{rel}","templated":true}]}}