{"id":18536,"date":"2025-03-27T12:48:30","date_gmt":"2025-03-27T12:48:30","guid":{"rendered":"https:\/\/protectiva.pl\/?post_type=product&#038;p=18536"},"modified":"2025-03-28T19:09:44","modified_gmt":"2025-03-28T19:09:44","slug":"sms-geschenkpapier-blau-2","status":"publish","type":"product","link":"https:\/\/protectiva.de\/de\/produkt\/sms-geschenkpapier-blau-2\/","title":{"rendered":"SMS-Geschenkpapier Blau"},"content":{"rendered":"<p data-sourcepos=\"3:1-3:24\"><strong>TECHNISCHES DATENBLATT<\/strong><\/p>\n<p data-sourcepos=\"5:1-5:48\"><strong>SICHERHEITSPLATTE (MIT &amp; OHNE INDIKATOR)<\/strong><\/p>\n<p data-sourcepos=\"7:1-7:22\"><strong>PRODUKTCODE:<\/strong> 4ASS<\/p>\n<p data-sourcepos=\"9:1-9:118\"><strong>ZUGEH\u00d6RIGE STANDARDS:<\/strong> Der Indikator des medizinischen Sicherheitssiegels 4A ist gem\u00e4\u00df der Norm ISO 11140-1 als Typ 1 klassifiziert.<\/p>\n<p data-sourcepos=\"11:1-11:460\"><strong>VERWENDUNGSZWECK:<\/strong> 4A Medical Security Seal wird verwendet <span class=\"citation-0 interactive-span-selected-v2\">um den Beh\u00e4lter vor dem \u00d6ffnen durch Unbefugte zu sichern. Die <\/span><span class=\"citation-0 citation-1 citation-end-0 interactive-span-selected-v2\">Containerplomben stellen eine wichtige Fessel in der Qualit\u00e4tsmanagementkette dar. Verhindert das \u00d6ffnen durch Unbefugte<sup class=\"superscript visible highlight\" data-turn-source-index=\"1\"> 1 <\/sup><\/span><span class=\"citation-1 citation-end-1 interactive-span-selected-v2\"> Personal. Nur durch Aufbrechen des Siegels kann der Beh\u00e4lter ge\u00f6ffnet werden. Eine Kontrolle im OP auf gebrochene Siegel gew\u00e4hrleistet die Sterilit\u00e4t der Materialien vom Zeitpunkt der Sterilisation bis zur tats\u00e4chlichen Verwendung.<sup class=\"superscript visible highlight\" data-turn-source-index=\"2\">\u00a0<\/sup><\/span><\/p>\n<div class=\"container ng-tns-c253558143-143\">\n<div class=\"carousel-container ng-tns-c253558143-143\">\n<div class=\"carousel-content ng-tns-c253558143-143\">\n<div class=\"sources-carousel-source ng-tns-c253558143-143 ng-star-inserted\" data-test-id=\"sources-carousel-source\">\n<div class=\"source-card-container\">\n<div class=\"source-card-content\">\n<div class=\"source-card-body\">\n<div class=\"source-card-header\">\n<div class=\"source-card-title\"><span class=\"source-card-title-index ng-star-inserted\">1.<\/span><span class=\"ellipsis clamp-two-lines\"> www.sterismartgroup.com <\/span><\/div>\n<\/div>\n<\/div>\n<div class=\"source-card-footer\">\n<div class=\"source-card-attribution\"><span class=\"source-card-attribution-text ellipsis\">www.sterismartgroup.com<\/span><\/div>\n<\/div>\n<\/div>\n<\/div>\n<\/div>\n<div class=\"sources-carousel-source ng-tns-c253558143-143 ng-star-inserted\" data-test-id=\"sources-carousel-source\">\n<div class=\"source-card-container\">\n<div class=\"source-card-content\">\n<div class=\"source-card-body\">\n<div class=\"source-card-header\">\n<div class=\"source-card-title\"><span class=\"source-card-title-index ng-star-inserted\">2.<\/span><span class=\"ellipsis clamp-two-lines\"> www.spmedikal.com <\/span><\/div>\n<\/div>\n<\/div>\n<div class=\"source-card-footer\">\n<div class=\"source-card-attribution\"><span class=\"source-card-attribution-text ellipsis\">www.spmedikal.com<\/span><\/div>\n<\/div>\n<\/div>\n<\/div>\n<\/div>\n<\/div>\n<\/div>\n<\/div>\n<p data-sourcepos=\"13:1-13:91\"><strong>BETRIEBSBEDINGUNGEN:<\/strong> 4A Medical Security Seals sind f\u00fcr den Betrieb im Dampfkreislauf ausgelegt.<\/p>\n<p data-sourcepos=\"15:1-15:124\"><strong>CHEMISCHE ZUSAMMENSETZUNG:<\/strong> Die zum Drucken verwendete Sterilisationsindikatortinte enth\u00e4lt die folgenden Komponenten in ppm-Werten:<\/p>\n<ul data-sourcepos=\"16:1-19:0\">\n<li data-sourcepos=\"16:1-16:30\">Wasser (CAS # 7732-18-5): 35%<\/li>\n<li data-sourcepos=\"17:1-17:40\">Diacetonalkohol (CAS # 123-42-2): 3%<\/li>\n<li data-sourcepos=\"18:1-19:0\">Propriet\u00e4re Mischung (CAS #N\/A): 62%<\/li>\n<\/ul>\n<p data-sourcepos=\"20:1-20:108\">Enth\u00e4lt keine als gef\u00e4hrlich eingestuften Stoffe, die gem\u00e4\u00df EG-Richtlinien zu ber\u00fccksichtigen sind.<\/p>\n<div class=\"horizontal-scroll-wrapper\">\n<div class=\"table-block-component\">\n<div class=\"table-block table-formatting\">\n<div class=\"table-content not-end-of-paragraph\">\n<table class=\"table-formatting\" data-sourcepos=\"22:1-24:60\">\n<tbody>\n<tr data-sourcepos=\"22:1-22:60\">\n<th data-sourcepos=\"22:1-22:13\"><\/th>\n<th data-sourcepos=\"22:15-22:36\">Vor der Sterilisation<\/th>\n<th data-sourcepos=\"22:38-22:58\">Nach der Sterilisation<\/th>\n<\/tr>\n<tr data-sourcepos=\"24:1-24:60\">\n<td data-sourcepos=\"24:1-24:13\">Indikator<\/td>\n<td data-sourcepos=\"24:15-24:36\"><\/td>\n<td data-sourcepos=\"24:38-24:58\"><\/td>\n<\/tr>\n<\/tbody>\n<\/table>\n<\/div>\n<\/div>\n<\/div>\n<\/div>\n<p data-sourcepos=\"26:1-26:128\"><strong>PRODUKTSPEZIFIKATIONEN:<\/strong> Jede Packung enth\u00e4lt 100 St\u00fcck. Der Indikator reagiert auf Temperatur, Zeit und Dampfkonzentration.<\/p>\n<p data-sourcepos=\"28:1-28:338\"><strong>LAGERUNG UND ENTSORGUNG:<\/strong> Abgelaufene Produkte d\u00fcrfen nicht verwendet werden. Sie werden bei Raumtemperatur, ohne Feuchtigkeit und Sonneneinstrahlung gelagert. Kontakt mit Fl\u00fcssigkeiten ist zu vermeiden. Besch\u00e4digte oder defekte Produkte d\u00fcrfen nicht verwendet werden. Die Haltbarkeit betr\u00e4gt 5 Jahre ab Produktionsdatum. Nach der Sterilisation bleibt die Sterilisationsfarbe 6 Monate lang erhalten.<\/p>\n<p data-sourcepos=\"30:1-30:52\"><strong>VERPACKUNG:<\/strong> 100 St\u00fcck sind in Plastikt\u00fcten verpackt.<\/p>\n<p>&nbsp;<\/p>\n<table style=\"height: 199px\" border=\"0\" width=\"861\">\n<thead>\n<tr>\n<th>Produktcode<\/th>\n<th>Produktname<\/th>\n<th>MENGE<\/th>\n<th>Gr\u00f6\u00dfe<\/th>\n<\/tr>\n<\/thead>\n<tbody>\n<tr>\n<td>4ASMS300300<\/td>\n<td><\/td>\n<td>1x<\/td>\n<td>300 mm x 300 mm<\/td>\n<\/tr>\n<tr>\n<td>4ASMS400400<\/td>\n<td><\/td>\n<td>1x<\/td>\n<td>400 mm x 400 mm<\/td>\n<\/tr>\n<tr>\n<td>4ASMS500500<\/td>\n<td><\/td>\n<td>1x<\/td>\n<td>500 mm x 500 mm<\/td>\n<\/tr>\n<tr>\n<td>4ASMS600600<\/td>\n<td><\/td>\n<td>1x<\/td>\n<td>600 mm x 600 mm<\/td>\n<\/tr>\n<tr>\n<td>4ASMS750750<\/td>\n<td><\/td>\n<td>1x<\/td>\n<td>750 mm x 750 mm<\/td>\n<\/tr>\n<tr>\n<td>4ASMS900900<\/td>\n<td><\/td>\n<td>1x<\/td>\n<td>900 mm x 900 mm<\/td>\n<\/tr>\n<tr>\n<td>4ASMS10001000<\/td>\n<td><\/td>\n<td>1x<\/td>\n<td>1000 mm x 1000 mm<\/td>\n<\/tr>\n<tr>\n<td>4ASMS12001200<\/td>\n<td><\/td>\n<td>1x<\/td>\n<td>1200 mm x 1200 mm<\/td>\n<\/tr>\n<\/tbody>\n<\/table>","protected":false},"excerpt":{"rendered":"<ul>\n<li>Datenblatt<\/li>\n<li><a href=\"https:\/\/protectiva.de\/wp-content\/uploads\/2025\/03\/4ADXR05.pdf\">4ADXR05<\/a><\/li>\n<\/ul>\n<p>SMS-Verpackungspapiere sind Verpackungsh\u00fcllen f\u00fcr die Plasmasterilisation. Sie k\u00f6nnen je nach Bedarf des Anwenders in verschiedenen L\u00e4ngen hergestellt werden. Nur in der Farbe Blau erh\u00e4ltlich.<\/p>","protected":false},"featured_media":18198,"comment_status":"open","ping_status":"closed","template":"","meta":[],"product_brand":[],"product_cat":[194,109],"product_tag":[],"class_list":{"0":"post-18536","1":"product","2":"type-product","3":"status-publish","4":"has-post-thumbnail","6":"product_cat-sms-wrapping-paper-blue","7":"product_cat-sterilization-n","9":"first","10":"instock","11":"shipping-taxable","12":"product-type-grouped"},"yoast_head":"<!-- This site is optimized with the Yoast SEO plugin v26.2 - https:\/\/yoast.com\/wordpress\/plugins\/seo\/ -->\n<title>SMS Wrapping Paper Blue - Protectiva.pl \u2013 Professionelle Medizinische und Hygieneprodukte | CE- &amp; ISO-zertifiziert<\/title>\n<meta name=\"robots\" content=\"index, follow, max-snippet:-1, max-image-preview:large, max-video-preview:-1\" \/>\n<link rel=\"canonical\" href=\"https:\/\/protectiva.de\/de\/?product=sms-wrapping-paper-blue-2\" \/>\n<meta property=\"og:locale\" content=\"de_DE\" \/>\n<meta property=\"og:type\" content=\"article\" \/>\n<meta property=\"og:title\" content=\"SMS Wrapping Paper Blue - Protectiva.pl \u2013 Professionelle Medizinische und Hygieneprodukte | CE- &amp; ISO-zertifiziert\" \/>\n<meta property=\"og:description\" content=\"Data Sheet  4ADXR05  SMS Wrapping Papers are packing covers used in the sterilization with plasma. They can be manifactured with different lenghts according to demand of the user. Only blue color is available.\" \/>\n<meta property=\"og:url\" content=\"https:\/\/protectiva.de\/de\/?product=sms-wrapping-paper-blue-2\" \/>\n<meta property=\"og:site_name\" content=\"Protectiva.pl \u2013 Professionelle Medizinische und Hygieneprodukte | CE- &amp; ISO-zertifiziert\" \/>\n<meta property=\"article:modified_time\" content=\"2025-03-28T19:09:44+00:00\" \/>\n<meta property=\"og:image\" content=\"https:\/\/protectiva.de\/wp-content\/uploads\/2025\/03\/4ADXR05.jpg\" \/>\n\t<meta property=\"og:image:width\" content=\"1000\" \/>\n\t<meta property=\"og:image:height\" content=\"1000\" \/>\n\t<meta property=\"og:image:type\" content=\"image\/jpeg\" \/>\n<meta name=\"twitter:card\" content=\"summary_large_image\" \/>\n<meta name=\"twitter:label1\" content=\"Gesch\u00e4tzte Lesezeit\" \/>\n\t<meta name=\"twitter:data1\" content=\"1\u00a0Minute\" \/>\n<script type=\"application\/ld+json\" class=\"yoast-schema-graph\">{\"@context\":\"https:\/\/schema.org\",\"@graph\":[{\"@type\":\"WebPage\",\"@id\":\"https:\/\/protectiva.de\/?product=sms-wrapping-paper-blue-2\",\"url\":\"https:\/\/protectiva.de\/?product=sms-wrapping-paper-blue-2\",\"name\":\"SMS Wrapping Paper Blue - Protectiva.pl \u2013 Professionelle Medizinische und Hygieneprodukte | CE- &amp; ISO-zertifiziert\",\"isPartOf\":{\"@id\":\"https:\/\/protectiva.de\/#website\"},\"primaryImageOfPage\":{\"@id\":\"https:\/\/protectiva.de\/?product=sms-wrapping-paper-blue-2#primaryimage\"},\"image\":{\"@id\":\"https:\/\/protectiva.de\/?product=sms-wrapping-paper-blue-2#primaryimage\"},\"thumbnailUrl\":\"https:\/\/protectiva.de\/wp-content\/uploads\/2025\/03\/4ADXR05.jpg\",\"datePublished\":\"2025-03-27T12:48:30+00:00\",\"dateModified\":\"2025-03-28T19:09:44+00:00\",\"breadcrumb\":{\"@id\":\"https:\/\/protectiva.de\/?product=sms-wrapping-paper-blue-2#breadcrumb\"},\"inLanguage\":\"de\",\"potentialAction\":[{\"@type\":\"ReadAction\",\"target\":[\"https:\/\/protectiva.de\/?product=sms-wrapping-paper-blue-2\"]}]},{\"@type\":\"ImageObject\",\"inLanguage\":\"de\",\"@id\":\"https:\/\/protectiva.de\/?product=sms-wrapping-paper-blue-2#primaryimage\",\"url\":\"https:\/\/protectiva.de\/wp-content\/uploads\/2025\/03\/4ADXR05.jpg\",\"contentUrl\":\"https:\/\/protectiva.de\/wp-content\/uploads\/2025\/03\/4ADXR05.jpg\",\"width\":1000,\"height\":1000},{\"@type\":\"BreadcrumbList\",\"@id\":\"https:\/\/protectiva.de\/?product=sms-wrapping-paper-blue-2#breadcrumb\",\"itemListElement\":[{\"@type\":\"ListItem\",\"position\":1,\"name\":\"Home\",\"item\":\"https:\/\/protectiva.de\/\"},{\"@type\":\"ListItem\",\"position\":2,\"name\":\"All Products\",\"item\":\"https:\/\/protectiva.de\/shop\/\"},{\"@type\":\"ListItem\",\"position\":3,\"name\":\"SMS Wrapping Paper Blue\"}]},{\"@type\":\"WebSite\",\"@id\":\"https:\/\/protectiva.de\/#website\",\"url\":\"https:\/\/protectiva.de\/\",\"name\":\"Protectiva\",\"description\":\"Innovative Medical Solutions Protectiva.de bietet hochwertige medizinische und Hygieneprodukte. Zuverl\u00e4ssige Schutzausr\u00fcstung, Sterilisationsl\u00f6sungen und Gesundheitsversorgung gem\u00e4\u00df CE- und ISO-Standards f\u00fcr Krankenh\u00e4user und Kliniken. Die ideale Wahl f\u00fcr sichere und komfortable Gesundheitsumgebungen.\",\"publisher\":{\"@id\":\"https:\/\/protectiva.de\/#organization\"},\"potentialAction\":[{\"@type\":\"SearchAction\",\"target\":{\"@type\":\"EntryPoint\",\"urlTemplate\":\"https:\/\/protectiva.de\/?s={search_term_string}\"},\"query-input\":{\"@type\":\"PropertyValueSpecification\",\"valueRequired\":true,\"valueName\":\"search_term_string\"}}],\"inLanguage\":\"de\"},{\"@type\":\"Organization\",\"@id\":\"https:\/\/protectiva.de\/#organization\",\"name\":\"Protectiva\",\"url\":\"https:\/\/protectiva.de\/\",\"logo\":{\"@type\":\"ImageObject\",\"inLanguage\":\"de\",\"@id\":\"https:\/\/protectiva.de\/#\/schema\/logo\/image\/\",\"url\":\"https:\/\/protectiva.de\/wp-content\/uploads\/2025\/03\/logo-protectiva-son-hali.png\",\"contentUrl\":\"https:\/\/protectiva.de\/wp-content\/uploads\/2025\/03\/logo-protectiva-son-hali.png\",\"width\":1140,\"height\":585,\"caption\":\"Protectiva\"},\"image\":{\"@id\":\"https:\/\/protectiva.de\/#\/schema\/logo\/image\/\"}}]}<\/script>\n<!-- \/ Yoast SEO plugin. -->","yoast_head_json":{"title":"SMS Wrapping Paper Blue - Protectiva.pl \u2013 Professionelle Medizinische und Hygieneprodukte | CE- &amp; ISO-zertifiziert","robots":{"index":"index","follow":"follow","max-snippet":"max-snippet:-1","max-image-preview":"max-image-preview:large","max-video-preview":"max-video-preview:-1"},"canonical":"https:\/\/protectiva.de\/de\/?product=sms-wrapping-paper-blue-2","og_locale":"de_DE","og_type":"article","og_title":"SMS Wrapping Paper Blue - Protectiva.pl \u2013 Professionelle Medizinische und Hygieneprodukte | CE- &amp; ISO-zertifiziert","og_description":"Data Sheet  4ADXR05  SMS Wrapping Papers are packing covers used in the sterilization with plasma. They can be manifactured with different lenghts according to demand of the user. Only blue color is available.","og_url":"https:\/\/protectiva.de\/de\/?product=sms-wrapping-paper-blue-2","og_site_name":"Protectiva.pl \u2013 Professionelle Medizinische und Hygieneprodukte | CE- &amp; ISO-zertifiziert","article_modified_time":"2025-03-28T19:09:44+00:00","og_image":[{"width":1000,"height":1000,"url":"https:\/\/protectiva.de\/wp-content\/uploads\/2025\/03\/4ADXR05.jpg","type":"image\/jpeg"}],"twitter_card":"summary_large_image","twitter_misc":{"Gesch\u00e4tzte Lesezeit":"1\u00a0Minute"},"schema":{"@context":"https:\/\/schema.org","@graph":[{"@type":"WebPage","@id":"https:\/\/protectiva.de\/?product=sms-wrapping-paper-blue-2","url":"https:\/\/protectiva.de\/?product=sms-wrapping-paper-blue-2","name":"SMS Wrapping Paper Blue - Protectiva.pl \u2013 Professionelle Medizinische und Hygieneprodukte | CE- &amp; ISO-zertifiziert","isPartOf":{"@id":"https:\/\/protectiva.de\/#website"},"primaryImageOfPage":{"@id":"https:\/\/protectiva.de\/?product=sms-wrapping-paper-blue-2#primaryimage"},"image":{"@id":"https:\/\/protectiva.de\/?product=sms-wrapping-paper-blue-2#primaryimage"},"thumbnailUrl":"https:\/\/protectiva.de\/wp-content\/uploads\/2025\/03\/4ADXR05.jpg","datePublished":"2025-03-27T12:48:30+00:00","dateModified":"2025-03-28T19:09:44+00:00","breadcrumb":{"@id":"https:\/\/protectiva.de\/?product=sms-wrapping-paper-blue-2#breadcrumb"},"inLanguage":"de","potentialAction":[{"@type":"ReadAction","target":["https:\/\/protectiva.de\/?product=sms-wrapping-paper-blue-2"]}]},{"@type":"ImageObject","inLanguage":"de","@id":"https:\/\/protectiva.de\/?product=sms-wrapping-paper-blue-2#primaryimage","url":"https:\/\/protectiva.de\/wp-content\/uploads\/2025\/03\/4ADXR05.jpg","contentUrl":"https:\/\/protectiva.de\/wp-content\/uploads\/2025\/03\/4ADXR05.jpg","width":1000,"height":1000},{"@type":"BreadcrumbList","@id":"https:\/\/protectiva.de\/?product=sms-wrapping-paper-blue-2#breadcrumb","itemListElement":[{"@type":"ListItem","position":1,"name":"Home","item":"https:\/\/protectiva.de\/"},{"@type":"ListItem","position":2,"name":"All Products","item":"https:\/\/protectiva.de\/shop\/"},{"@type":"ListItem","position":3,"name":"SMS Wrapping Paper Blue"}]},{"@type":"WebSite","@id":"https:\/\/protectiva.de\/#website","url":"https:\/\/protectiva.de\/","name":"Protectiva","description":"Innovative Medical Solutions Protectiva.de bietet hochwertige medizinische und Hygieneprodukte. Zuverl\u00e4ssige Schutzausr\u00fcstung, Sterilisationsl\u00f6sungen und Gesundheitsversorgung gem\u00e4\u00df CE- und ISO-Standards f\u00fcr Krankenh\u00e4user und Kliniken. Die ideale Wahl f\u00fcr sichere und komfortable Gesundheitsumgebungen.","publisher":{"@id":"https:\/\/protectiva.de\/#organization"},"potentialAction":[{"@type":"SearchAction","target":{"@type":"EntryPoint","urlTemplate":"https:\/\/protectiva.de\/?s={search_term_string}"},"query-input":{"@type":"PropertyValueSpecification","valueRequired":true,"valueName":"search_term_string"}}],"inLanguage":"de"},{"@type":"Organization","@id":"https:\/\/protectiva.de\/#organization","name":"Protectiva","url":"https:\/\/protectiva.de\/","logo":{"@type":"ImageObject","inLanguage":"de","@id":"https:\/\/protectiva.de\/#\/schema\/logo\/image\/","url":"https:\/\/protectiva.de\/wp-content\/uploads\/2025\/03\/logo-protectiva-son-hali.png","contentUrl":"https:\/\/protectiva.de\/wp-content\/uploads\/2025\/03\/logo-protectiva-son-hali.png","width":1140,"height":585,"caption":"Protectiva"},"image":{"@id":"https:\/\/protectiva.de\/#\/schema\/logo\/image\/"}}]}},"_links":{"self":[{"href":"https:\/\/protectiva.de\/de\/wp-json\/wp\/v2\/product\/18536","targetHints":{"allow":["GET"]}}],"collection":[{"href":"https:\/\/protectiva.de\/de\/wp-json\/wp\/v2\/product"}],"about":[{"href":"https:\/\/protectiva.de\/de\/wp-json\/wp\/v2\/types\/product"}],"replies":[{"embeddable":true,"href":"https:\/\/protectiva.de\/de\/wp-json\/wp\/v2\/comments?post=18536"}],"wp:featuredmedia":[{"embeddable":true,"href":"https:\/\/protectiva.de\/de\/wp-json\/wp\/v2\/media\/18198"}],"wp:attachment":[{"href":"https:\/\/protectiva.de\/de\/wp-json\/wp\/v2\/media?parent=18536"}],"wp:term":[{"taxonomy":"product_brand","embeddable":true,"href":"https:\/\/protectiva.de\/de\/wp-json\/wp\/v2\/product_brand?post=18536"},{"taxonomy":"product_cat","embeddable":true,"href":"https:\/\/protectiva.de\/de\/wp-json\/wp\/v2\/product_cat?post=18536"},{"taxonomy":"product_tag","embeddable":true,"href":"https:\/\/protectiva.de\/de\/wp-json\/wp\/v2\/product_tag?post=18536"}],"curies":[{"name":"wp","href":"https:\/\/api.w.org\/{rel}","templated":true}]}}