{"id":18532,"date":"2025-03-27T12:31:03","date_gmt":"2025-03-27T12:31:03","guid":{"rendered":"https:\/\/protectiva.pl\/?post_type=product&#038;p=18532"},"modified":"2025-03-28T19:09:44","modified_gmt":"2025-03-28T19:09:44","slug":"krepppapier-2","status":"publish","type":"product","link":"https:\/\/protectiva.de\/de\/produkt\/krepppapier-2\/","title":{"rendered":"Krepppapier"},"content":{"rendered":"<p data-sourcepos=\"3:1-3:24\"><strong>TECHNISCHES DATENBLATT<\/strong><\/p>\n<p data-sourcepos=\"5:1-5:29\"><strong>Krepppapier (Gr\u00fcn, Blau)<\/strong><\/p>\n<p data-sourcepos=\"7:1-7:22\"><strong>PRODUKTCODE:<\/strong> 4ACP<\/p>\n<p data-sourcepos=\"9:1-9:147\"><strong>ZUGEH\u00d6RIGE STANDARDS:<\/strong> Krepppapiere der Marke 4A entsprechen den Bestimmungen der Medizinprodukteverordnung 2017\/745 f\u00fcr Medizinprodukte.<\/p>\n<p data-sourcepos=\"11:1-11:480\"><strong>VERWENDUNGSZWECK:<\/strong> Die Gew\u00e4hrleistung der Sterilit\u00e4t ist ein entscheidender Eckpfeiler einer effektiven Patientenversorgung. Daher ist die Verpackung medizinischer Ger\u00e4te ein sehr wichtiger Schritt im Sterilisationsprozess. Geeignete Verpackungstechniken und die Verwendung des richtigen Verpackungsmaterials gew\u00e4hrleisten eine sterile Barriere w\u00e4hrend und nach dem Sterilisationsprozess. 4A-Krepppapier wird zum Verpacken von zu sterilisierenden Materialien wie Tabletts und Operationsbesteck verwendet. Aufgrund der kleineren Porenstruktur wird Krepppapier gegen\u00fcber Gewebe bevorzugt.<\/p>\n<p data-sourcepos=\"13:1-13:242\"><strong>BETRIEBSBEDINGUNGEN:<\/strong> 4A Krepppapiere werden f\u00fcr Sterilisationsverfahren mit Dampf, Ethylenoxid, Formaldehyd und Gammabestrahlung verwendet. Die Sterilisationsbedingungen sollten vom Endverbraucher in Bezug auf das zu sterilisierende Material festgelegt werden.<\/p>\n<p data-sourcepos=\"15:1-15:19\"><strong>SPEZIFIKATIONEN:<\/strong><\/p>\n<div class=\"horizontal-scroll-wrapper\">\n<div class=\"table-block-component\">\n<div class=\"table-block table-formatting\">\n<div class=\"table-content not-end-of-paragraph\">\n<table class=\"table-formatting\" data-sourcepos=\"17:1-32:98\">\n<tbody>\n<tr data-sourcepos=\"17:1-17:62\">\n<th data-sourcepos=\"17:1-17:23\">SPEZIFIKATION<\/th>\n<th data-sourcepos=\"17:25-17:44\">EINHEIT<\/th>\n<th data-sourcepos=\"17:46-17:60\">TYPISCHER WERT<\/th>\n<\/tr>\n<tr data-sourcepos=\"19:1-19:94\">\n<td data-sourcepos=\"19:1-19:22\">SUBSTANZ<\/td>\n<td data-sourcepos=\"19:24-19:76\"><span class=\"katex\"><span class=\"katex-html\" aria-hidden=\"true\"><span class=\"base\"><span class=\"mord mathnormal\">G<\/span><span class=\"mord\">\/<\/span><span class=\"mord\"><span class=\"mord mathnormal\">M<\/span><span class=\"msupsub\"><span class=\"vlist-t\"><span class=\"vlist-r\"><span class=\"vlist\"><span class=\"\"><span class=\"sizing reset-size6 size3 mtight\"><span class=\"mord mtight\">2<\/span><\/span><\/span><\/span><\/span><\/span><\/span><\/span><\/span><\/span><\/span><\/td>\n<td data-sourcepos=\"19:78-19:92\">60.6<\/td>\n<\/tr>\n<tr data-sourcepos=\"20:1-20:61\">\n<td data-sourcepos=\"20:1-20:22\">DICKE<\/td>\n<td data-sourcepos=\"20:24-20:43\">Mikron<\/td>\n<td data-sourcepos=\"20:45-20:59\">141.00<\/td>\n<\/tr>\n<tr data-sourcepos=\"21:1-21:92\">\n<td data-sourcepos=\"21:1-21:22\">ZUGFESTIGKEIT MD<\/td>\n<td data-sourcepos=\"21:24-21:74\"><span class=\"katex\"><span class=\"katex-html\" aria-hidden=\"true\"><span class=\"base\"><span class=\"mord mathnormal\">N<\/span><span class=\"mord\">\/15<\/span><span class=\"mord mathnormal\">mm<\/span><\/span><\/span><\/span><\/td>\n<td data-sourcepos=\"21:76-21:90\">21.3<\/td>\n<\/tr>\n<tr data-sourcepos=\"22:1-22:92\">\n<td data-sourcepos=\"22:1-22:22\">ZUGFESTIGKEIT CD<\/td>\n<td data-sourcepos=\"22:24-22:74\"><span class=\"katex\"><span class=\"katex-html\" aria-hidden=\"true\"><span class=\"base\"><span class=\"mord mathnormal\">N<\/span><span class=\"mord\">\/15<\/span><span class=\"mord mathnormal\">mm<\/span><\/span><\/span><\/span><\/td>\n<td data-sourcepos=\"22:76-22:90\">17.1<\/td>\n<\/tr>\n<tr data-sourcepos=\"23:1-23:92\">\n<td data-sourcepos=\"23:1-23:22\">NASSFESTIGKEIT MD<\/td>\n<td data-sourcepos=\"23:24-23:74\"><span class=\"katex\"><span class=\"katex-html\" aria-hidden=\"true\"><span class=\"base\"><span class=\"mord mathnormal\">N<\/span><span class=\"mord\">\/15<\/span><span class=\"mord mathnormal\">mm<\/span><\/span><\/span><\/span><\/td>\n<td data-sourcepos=\"23:76-23:90\">6.8<\/td>\n<\/tr>\n<tr data-sourcepos=\"24:1-24:92\">\n<td data-sourcepos=\"24:1-24:22\">NASSFESTIGKEITS-CD<\/td>\n<td data-sourcepos=\"24:24-24:74\"><span class=\"katex\"><span class=\"katex-html\" aria-hidden=\"true\"><span class=\"base\"><span class=\"mord mathnormal\">N<\/span><span class=\"mord\">\/15<\/span><span class=\"mord mathnormal\">mm<\/span><\/span><\/span><\/span><\/td>\n<td data-sourcepos=\"24:76-24:90\">5.2<\/td>\n<\/tr>\n<tr data-sourcepos=\"25:1-25:61\">\n<td data-sourcepos=\"25:1-25:22\">Bruchl\u00e4nge MD<\/td>\n<td data-sourcepos=\"25:24-25:43\">km<\/td>\n<td data-sourcepos=\"25:45-25:59\">2.4<\/td>\n<\/tr>\n<tr data-sourcepos=\"26:1-26:61\">\n<td data-sourcepos=\"26:1-26:22\">BREAKING LENGTH CD<\/td>\n<td data-sourcepos=\"26:24-26:43\">km<\/td>\n<td data-sourcepos=\"26:45-26:59\">1.8<\/td>\n<\/tr>\n<tr data-sourcepos=\"27:1-27:93\">\n<td data-sourcepos=\"27:1-27:22\">STRETCH MD<\/td>\n<td data-sourcepos=\"27:24-27:75\"><span class=\"katex\"><span class=\"katex-html\" aria-hidden=\"true\"><span class=\"base\"><span class=\"mord\">%<\/span><\/span><\/span><\/span><\/td>\n<td data-sourcepos=\"27:77-27:91\">9.2<\/td>\n<\/tr>\n<tr data-sourcepos=\"28:1-28:61\">\n<td data-sourcepos=\"28:1-28:22\">Berstkraft<\/td>\n<td data-sourcepos=\"28:24-28:43\">kPa<\/td>\n<td data-sourcepos=\"28:45-28:59\">117<\/td>\n<\/tr>\n<tr data-sourcepos=\"29:1-29:92\">\n<td data-sourcepos=\"29:1-29:22\">LUFTDURCHL\u00c4SSIGKEIT<\/td>\n<td data-sourcepos=\"29:24-29:74\"><span class=\"katex\"><span class=\"katex-html\" aria-hidden=\"true\"><span class=\"base\"><span class=\"mord mathnormal\">M<\/span><span class=\"mord mathnormal\">l<\/span><span class=\"mord\">\/<\/span><span class=\"mord mathnormal\">Min<\/span><\/span><\/span><\/span><\/td>\n<td data-sourcepos=\"29:76-29:90\">4581<\/td>\n<\/tr>\n<tr data-sourcepos=\"30:1-30:94\">\n<td data-sourcepos=\"30:1-30:22\">Wasseraufnahmef\u00e4higkeit<\/td>\n<td data-sourcepos=\"30:24-30:76\"><span class=\"katex\"><span class=\"katex-html\" aria-hidden=\"true\"><span class=\"base\"><span class=\"mord mathnormal\">G<\/span><span class=\"mord\">\/<\/span><span class=\"mord\"><span class=\"mord mathnormal\">M<\/span><span class=\"msupsub\"><span class=\"vlist-t\"><span class=\"vlist-r\"><span class=\"vlist\"><span class=\"\"><span class=\"sizing reset-size6 size3 mtight\"><span class=\"mord mtight\">2<\/span><\/span><\/span><\/span><\/span><\/span><\/span><\/span><\/span><\/span><\/span><\/td>\n<td data-sourcepos=\"30:78-30:92\">23<\/td>\n<\/tr>\n<tr data-sourcepos=\"31:1-31:61\">\n<td data-sourcepos=\"31:1-31:22\">pH<\/td>\n<td data-sourcepos=\"31:24-31:43\"><\/td>\n<td data-sourcepos=\"31:45-31:59\">6.3<\/td>\n<\/tr>\n<tr data-sourcepos=\"32:1-32:98\">\n<td data-sourcepos=\"32:1-32:27\">Absoluter Feuchtigkeitsgehalt<\/td>\n<td data-sourcepos=\"32:29-32:80\"><span class=\"katex\"><span class=\"katex-html\" aria-hidden=\"true\"><span class=\"base\"><span class=\"mord\">%<\/span><\/span><\/span><\/span><\/td>\n<td data-sourcepos=\"32:82-32:96\">5.6<\/td>\n<\/tr>\n<\/tbody>\n<\/table>\n<\/div>\n<div class=\"table-footer table-formatting hide-from-message-actions ng-star-inserted\"><button class=\"mdc-button mat-mdc-button-base mat-mdc-button mat-unthemed\"><span class=\"mdc-button__label\"><span class=\"export-sheets-button table-formatting\">Arkuszy-Export<\/span><\/span><\/button><\/div>\n<\/div>\n<\/div>\n<\/div>\n<p data-sourcepos=\"34:1-34:320\"><strong>LAGERUNG UND ENTSORGUNG:<\/strong> Es muss in Polyethylenbeuteln verpackt werden, um Sch\u00e4den durch \u00e4u\u00dfere Einfl\u00fcsse w\u00e4hrend der Lagerung und des Transports zu vermeiden. Es muss von giftigen Substanzen ferngehalten werden. Das Herstellungs- und Verfallsdatum sind auf der Au\u00dfenverpackung angegeben. Die Haltbarkeit betr\u00e4gt 5 Jahre ab Produktionsdatum.<\/p>\n<p data-sourcepos=\"36:1-36:14\"><strong>VERPACKUNG:<\/strong><\/p>\n<div class=\"horizontal-scroll-wrapper\">\n<div class=\"table-block-component\">\n<div class=\"table-block table-formatting\">\n<div class=\"table-content not-end-of-paragraph\">\n<table class=\"table-formatting\" data-sourcepos=\"38:1-45:71\">\n<tbody>\n<tr data-sourcepos=\"38:1-38:40\">\n<th data-sourcepos=\"38:1-38:19\">Ma\u00dfe<\/th>\n<th data-sourcepos=\"38:21-38:38\">St\u00fcck im Karton<\/th>\n<\/tr>\n<tr data-sourcepos=\"40:1-40:70\">\n<td data-sourcepos=\"40:1-40:51\"><span class=\"katex\"><span class=\"katex-html\" aria-hidden=\"true\"><span class=\"base\"><span class=\"mord\">500<\/span><span class=\"mbin\">\u00d7<\/span><\/span><span class=\"base\"><span class=\"mord\">500<\/span><\/span><\/span><\/span><\/td>\n<td data-sourcepos=\"40:53-40:68\">500<\/td>\n<\/tr>\n<tr data-sourcepos=\"41:1-41:70\">\n<td data-sourcepos=\"41:1-41:51\"><span class=\"katex\"><span class=\"katex-html\" aria-hidden=\"true\"><span class=\"base\"><span class=\"mord\">600<\/span><span class=\"mbin\">\u00d7<\/span><\/span><span class=\"base\"><span class=\"mord\">600<\/span><\/span><\/span><\/span><\/td>\n<td data-sourcepos=\"41:53-41:68\">500<\/td>\n<\/tr>\n<tr data-sourcepos=\"42:1-42:70\">\n<td data-sourcepos=\"42:1-42:51\"><span class=\"katex\"><span class=\"katex-html\" aria-hidden=\"true\"><span class=\"base\"><span class=\"mord\">750<\/span><span class=\"mbin\">\u00d7<\/span><\/span><span class=\"base\"><span class=\"mord\">750<\/span><\/span><\/span><\/span><\/td>\n<td data-sourcepos=\"42:53-42:68\">250<\/td>\n<\/tr>\n<tr data-sourcepos=\"43:1-43:70\">\n<td data-sourcepos=\"43:1-43:51\"><span class=\"katex\"><span class=\"katex-html\" aria-hidden=\"true\"><span class=\"base\"><span class=\"mord\">900<\/span><span class=\"mbin\">\u00d7<\/span><\/span><span class=\"base\"><span class=\"mord\">900<\/span><\/span><\/span><\/span><\/td>\n<td data-sourcepos=\"43:53-43:68\">250<\/td>\n<\/tr>\n<tr data-sourcepos=\"44:1-44:71\">\n<td data-sourcepos=\"44:1-44:52\"><span class=\"katex\"><span class=\"katex-html\" aria-hidden=\"true\"><span class=\"base\"><span class=\"mord\">1000<\/span><span class=\"mbin\">\u00d7<\/span><\/span><span class=\"base\"><span class=\"mord\">1000<\/span><\/span><\/span><\/span><\/td>\n<td data-sourcepos=\"44:54-44:69\">250<\/td>\n<\/tr>\n<tr data-sourcepos=\"45:1-45:71\">\n<td data-sourcepos=\"45:1-45:52\"><span class=\"katex\"><span class=\"katex-html\" aria-hidden=\"true\"><span class=\"base\"><span class=\"mord\">1200<\/span><span class=\"mbin\">\u00d7<\/span><\/span><span class=\"base\"><span class=\"mord\">1200<\/span><\/span><\/span><\/span><\/td>\n<td data-sourcepos=\"45:54-45:69\">250<\/td>\n<\/tr>\n<\/tbody>\n<\/table>\n<\/div>\n<div class=\"table-footer table-formatting hide-from-message-actions ng-star-inserted\"><button class=\"mdc-button mat-mdc-button-base mat-mdc-button mat-unthemed\"><span class=\"mdc-button__label\"><span class=\"export-sheets-button table-formatting\">Arkuszy-Export<\/span><\/span><\/button><\/div>\n<\/div>\n<\/div>\n<\/div>\n<p data-sourcepos=\"47:1-47:17\"><strong>HERSTELLER:<\/strong><\/p>\n<p data-sourcepos=\"49:1-52:57\">DORT-A TIPP MALZEMELERI SAN. ITH. IHR. TIC. LTD. STI. Bal\u0131khisar Mahallesi, K\u00f6yi\u00e7i Serpmeleri, No:795 Akyurt, Ankara, T\u00fcrkei Tel.: +90 312 363 50 52\/53 Fax: +90 312 363 52 10 Web: <a href=\"http:\/\/www.4amedical.com\" target=\"_blank\" rel=\"noopener\">http:\/\/www.4amedical.com<\/a><\/p>\n<table style=\"height: 187px\" border=\"0\" width=\"519\">\n<thead>\n<tr>\n<th>Produktcode<\/th>\n<th>Produktname<\/th>\n<th>MENGE<\/th>\n<th>Gr\u00f6\u00dfe<\/th>\n<\/tr>\n<\/thead>\n<tbody>\n<tr>\n<td>4ACP300300<\/td>\n<td><\/td>\n<td>1x<\/td>\n<td>300 mm x 300 mm<\/td>\n<\/tr>\n<tr>\n<td>4ACP400400<\/td>\n<td><\/td>\n<td>1x<\/td>\n<td>400 mm x 400 mm<\/td>\n<\/tr>\n<tr>\n<td>4ACP500500<\/td>\n<td><\/td>\n<td>1x<\/td>\n<td>500 mm x 500 mm<\/td>\n<\/tr>\n<tr>\n<td>4ACP600600<\/td>\n<td><\/td>\n<td>1x<\/td>\n<td>600 mm x 600 mm<\/td>\n<\/tr>\n<tr>\n<td>4ACP750750<\/td>\n<td><\/td>\n<td>1x<\/td>\n<td>750 mm x 750 mm<\/td>\n<\/tr>\n<tr>\n<td>4ACP000900<\/td>\n<td><\/td>\n<td>1x<\/td>\n<td>900 mm x 900 mm<\/td>\n<\/tr>\n<tr>\n<td>4ACP10001000<\/td>\n<td><\/td>\n<td>1x<\/td>\n<td>1000 mm x 1000 mm<\/td>\n<\/tr>\n<tr>\n<td>4ACP12001200<\/td>\n<td><\/td>\n<td>1x<\/td>\n<td>1200 mm x 1200 mm<\/td>\n<\/tr>\n<\/tbody>\n<\/table>","protected":false},"excerpt":{"rendered":"<ul>\n<li>Datenblatt<\/li>\n<li><a href=\"https:\/\/protectiva.de\/wp-content\/uploads\/2025\/03\/4ADXR06.pdf\">4ADXR06<\/a><\/li>\n<\/ul>\n<p>Krepppapier eignet sich zum Verpacken von Materialien, die mit Dampf, Ethylenoxid und Formaldehyd (FO) sterilisiert werden. Unsere Produkte werden je nach Bedarf in unterschiedlichen L\u00e4ngen und Gewichten hergestellt und bieten den Anwendern in Sterilisationseinheiten hohen Komfort. Krepppapier ist in den Farben Blau und Gr\u00fcn erh\u00e4ltlich.<\/p>","protected":false},"featured_media":18199,"comment_status":"open","ping_status":"closed","template":"","meta":[],"product_brand":[],"product_cat":[193,109],"product_tag":[],"class_list":{"0":"post-18532","1":"product","2":"type-product","3":"status-publish","4":"has-post-thumbnail","6":"product_cat-crepe-paper","7":"product_cat-sterilization-n","9":"first","10":"instock","11":"shipping-taxable","12":"product-type-grouped"},"yoast_head":"<!-- This site is optimized with the Yoast SEO plugin v26.2 - https:\/\/yoast.com\/wordpress\/plugins\/seo\/ -->\n<title>Crepe Paper - Protectiva.pl \u2013 Professionelle Medizinische und Hygieneprodukte | CE- &amp; ISO-zertifiziert<\/title>\n<meta name=\"robots\" content=\"index, follow, max-snippet:-1, max-image-preview:large, max-video-preview:-1\" \/>\n<link rel=\"canonical\" href=\"https:\/\/protectiva.de\/de\/?product=crepe-paper-2\" \/>\n<meta property=\"og:locale\" content=\"de_DE\" \/>\n<meta property=\"og:type\" content=\"article\" \/>\n<meta property=\"og:title\" content=\"Crepe Paper - Protectiva.pl \u2013 Professionelle Medizinische und Hygieneprodukte | CE- &amp; ISO-zertifiziert\" \/>\n<meta property=\"og:description\" content=\"Data Sheet  4ADXR06  Crepe Paper is product that can be used for wrapping materials to be sterilized in steam, Ethylen Oxide and Formaldehyde (FO). Our products which are manifactured with different lenght and weight based on the demands of users, provide significant convenience for the users in the sterilization units. Crepe Papers can be produced in blue and green colors.\" \/>\n<meta property=\"og:url\" content=\"https:\/\/protectiva.de\/de\/?product=crepe-paper-2\" \/>\n<meta property=\"og:site_name\" content=\"Protectiva.pl \u2013 Professionelle Medizinische und Hygieneprodukte | CE- &amp; ISO-zertifiziert\" \/>\n<meta property=\"article:modified_time\" content=\"2025-03-28T19:09:44+00:00\" \/>\n<meta property=\"og:image\" content=\"https:\/\/protectiva.de\/wp-content\/uploads\/2025\/03\/4ADXR06.jpg\" \/>\n\t<meta property=\"og:image:width\" content=\"1000\" \/>\n\t<meta property=\"og:image:height\" content=\"1000\" \/>\n\t<meta property=\"og:image:type\" content=\"image\/jpeg\" \/>\n<meta name=\"twitter:card\" content=\"summary_large_image\" \/>\n<meta name=\"twitter:label1\" content=\"Gesch\u00e4tzte Lesezeit\" \/>\n\t<meta name=\"twitter:data1\" content=\"2\u00a0Minuten\" \/>\n<script type=\"application\/ld+json\" class=\"yoast-schema-graph\">{\"@context\":\"https:\/\/schema.org\",\"@graph\":[{\"@type\":\"WebPage\",\"@id\":\"https:\/\/protectiva.de\/?product=crepe-paper-2\",\"url\":\"https:\/\/protectiva.de\/?product=crepe-paper-2\",\"name\":\"Crepe Paper - Protectiva.pl \u2013 Professionelle Medizinische und Hygieneprodukte | CE- &amp; ISO-zertifiziert\",\"isPartOf\":{\"@id\":\"https:\/\/protectiva.de\/#website\"},\"primaryImageOfPage\":{\"@id\":\"https:\/\/protectiva.de\/?product=crepe-paper-2#primaryimage\"},\"image\":{\"@id\":\"https:\/\/protectiva.de\/?product=crepe-paper-2#primaryimage\"},\"thumbnailUrl\":\"https:\/\/protectiva.de\/wp-content\/uploads\/2025\/03\/4ADXR06.jpg\",\"datePublished\":\"2025-03-27T12:31:03+00:00\",\"dateModified\":\"2025-03-28T19:09:44+00:00\",\"breadcrumb\":{\"@id\":\"https:\/\/protectiva.de\/?product=crepe-paper-2#breadcrumb\"},\"inLanguage\":\"de\",\"potentialAction\":[{\"@type\":\"ReadAction\",\"target\":[\"https:\/\/protectiva.de\/?product=crepe-paper-2\"]}]},{\"@type\":\"ImageObject\",\"inLanguage\":\"de\",\"@id\":\"https:\/\/protectiva.de\/?product=crepe-paper-2#primaryimage\",\"url\":\"https:\/\/protectiva.de\/wp-content\/uploads\/2025\/03\/4ADXR06.jpg\",\"contentUrl\":\"https:\/\/protectiva.de\/wp-content\/uploads\/2025\/03\/4ADXR06.jpg\",\"width\":1000,\"height\":1000},{\"@type\":\"BreadcrumbList\",\"@id\":\"https:\/\/protectiva.de\/?product=crepe-paper-2#breadcrumb\",\"itemListElement\":[{\"@type\":\"ListItem\",\"position\":1,\"name\":\"Home\",\"item\":\"https:\/\/protectiva.de\/\"},{\"@type\":\"ListItem\",\"position\":2,\"name\":\"All Products\",\"item\":\"https:\/\/protectiva.de\/shop\/\"},{\"@type\":\"ListItem\",\"position\":3,\"name\":\"Crepe Paper\"}]},{\"@type\":\"WebSite\",\"@id\":\"https:\/\/protectiva.de\/#website\",\"url\":\"https:\/\/protectiva.de\/\",\"name\":\"Protectiva\",\"description\":\"Innovative Medical Solutions Protectiva.de bietet hochwertige medizinische und Hygieneprodukte. Zuverl\u00e4ssige Schutzausr\u00fcstung, Sterilisationsl\u00f6sungen und Gesundheitsversorgung gem\u00e4\u00df CE- und ISO-Standards f\u00fcr Krankenh\u00e4user und Kliniken. Die ideale Wahl f\u00fcr sichere und komfortable Gesundheitsumgebungen.\",\"publisher\":{\"@id\":\"https:\/\/protectiva.de\/#organization\"},\"potentialAction\":[{\"@type\":\"SearchAction\",\"target\":{\"@type\":\"EntryPoint\",\"urlTemplate\":\"https:\/\/protectiva.de\/?s={search_term_string}\"},\"query-input\":{\"@type\":\"PropertyValueSpecification\",\"valueRequired\":true,\"valueName\":\"search_term_string\"}}],\"inLanguage\":\"de\"},{\"@type\":\"Organization\",\"@id\":\"https:\/\/protectiva.de\/#organization\",\"name\":\"Protectiva\",\"url\":\"https:\/\/protectiva.de\/\",\"logo\":{\"@type\":\"ImageObject\",\"inLanguage\":\"de\",\"@id\":\"https:\/\/protectiva.de\/#\/schema\/logo\/image\/\",\"url\":\"https:\/\/protectiva.de\/wp-content\/uploads\/2025\/03\/logo-protectiva-son-hali.png\",\"contentUrl\":\"https:\/\/protectiva.de\/wp-content\/uploads\/2025\/03\/logo-protectiva-son-hali.png\",\"width\":1140,\"height\":585,\"caption\":\"Protectiva\"},\"image\":{\"@id\":\"https:\/\/protectiva.de\/#\/schema\/logo\/image\/\"}}]}<\/script>\n<!-- \/ Yoast SEO plugin. -->","yoast_head_json":{"title":"Crepe Paper - Protectiva.pl \u2013 Professionelle Medizinische und Hygieneprodukte | CE- &amp; ISO-zertifiziert","robots":{"index":"index","follow":"follow","max-snippet":"max-snippet:-1","max-image-preview":"max-image-preview:large","max-video-preview":"max-video-preview:-1"},"canonical":"https:\/\/protectiva.de\/de\/?product=crepe-paper-2","og_locale":"de_DE","og_type":"article","og_title":"Crepe Paper - Protectiva.pl \u2013 Professionelle Medizinische und Hygieneprodukte | CE- &amp; ISO-zertifiziert","og_description":"Data Sheet  4ADXR06  Crepe Paper is product that can be used for wrapping materials to be sterilized in steam, Ethylen Oxide and Formaldehyde (FO). Our products which are manifactured with different lenght and weight based on the demands of users, provide significant convenience for the users in the sterilization units. Crepe Papers can be produced in blue and green colors.","og_url":"https:\/\/protectiva.de\/de\/?product=crepe-paper-2","og_site_name":"Protectiva.pl \u2013 Professionelle Medizinische und Hygieneprodukte | CE- &amp; ISO-zertifiziert","article_modified_time":"2025-03-28T19:09:44+00:00","og_image":[{"width":1000,"height":1000,"url":"https:\/\/protectiva.de\/wp-content\/uploads\/2025\/03\/4ADXR06.jpg","type":"image\/jpeg"}],"twitter_card":"summary_large_image","twitter_misc":{"Gesch\u00e4tzte Lesezeit":"2\u00a0Minuten"},"schema":{"@context":"https:\/\/schema.org","@graph":[{"@type":"WebPage","@id":"https:\/\/protectiva.de\/?product=crepe-paper-2","url":"https:\/\/protectiva.de\/?product=crepe-paper-2","name":"Crepe Paper - Protectiva.pl \u2013 Professionelle Medizinische und Hygieneprodukte | CE- &amp; ISO-zertifiziert","isPartOf":{"@id":"https:\/\/protectiva.de\/#website"},"primaryImageOfPage":{"@id":"https:\/\/protectiva.de\/?product=crepe-paper-2#primaryimage"},"image":{"@id":"https:\/\/protectiva.de\/?product=crepe-paper-2#primaryimage"},"thumbnailUrl":"https:\/\/protectiva.de\/wp-content\/uploads\/2025\/03\/4ADXR06.jpg","datePublished":"2025-03-27T12:31:03+00:00","dateModified":"2025-03-28T19:09:44+00:00","breadcrumb":{"@id":"https:\/\/protectiva.de\/?product=crepe-paper-2#breadcrumb"},"inLanguage":"de","potentialAction":[{"@type":"ReadAction","target":["https:\/\/protectiva.de\/?product=crepe-paper-2"]}]},{"@type":"ImageObject","inLanguage":"de","@id":"https:\/\/protectiva.de\/?product=crepe-paper-2#primaryimage","url":"https:\/\/protectiva.de\/wp-content\/uploads\/2025\/03\/4ADXR06.jpg","contentUrl":"https:\/\/protectiva.de\/wp-content\/uploads\/2025\/03\/4ADXR06.jpg","width":1000,"height":1000},{"@type":"BreadcrumbList","@id":"https:\/\/protectiva.de\/?product=crepe-paper-2#breadcrumb","itemListElement":[{"@type":"ListItem","position":1,"name":"Home","item":"https:\/\/protectiva.de\/"},{"@type":"ListItem","position":2,"name":"All Products","item":"https:\/\/protectiva.de\/shop\/"},{"@type":"ListItem","position":3,"name":"Crepe Paper"}]},{"@type":"WebSite","@id":"https:\/\/protectiva.de\/#website","url":"https:\/\/protectiva.de\/","name":"Protectiva","description":"Innovative Medical Solutions Protectiva.de bietet hochwertige medizinische und Hygieneprodukte. Zuverl\u00e4ssige Schutzausr\u00fcstung, Sterilisationsl\u00f6sungen und Gesundheitsversorgung gem\u00e4\u00df CE- und ISO-Standards f\u00fcr Krankenh\u00e4user und Kliniken. Die ideale Wahl f\u00fcr sichere und komfortable Gesundheitsumgebungen.","publisher":{"@id":"https:\/\/protectiva.de\/#organization"},"potentialAction":[{"@type":"SearchAction","target":{"@type":"EntryPoint","urlTemplate":"https:\/\/protectiva.de\/?s={search_term_string}"},"query-input":{"@type":"PropertyValueSpecification","valueRequired":true,"valueName":"search_term_string"}}],"inLanguage":"de"},{"@type":"Organization","@id":"https:\/\/protectiva.de\/#organization","name":"Protectiva","url":"https:\/\/protectiva.de\/","logo":{"@type":"ImageObject","inLanguage":"de","@id":"https:\/\/protectiva.de\/#\/schema\/logo\/image\/","url":"https:\/\/protectiva.de\/wp-content\/uploads\/2025\/03\/logo-protectiva-son-hali.png","contentUrl":"https:\/\/protectiva.de\/wp-content\/uploads\/2025\/03\/logo-protectiva-son-hali.png","width":1140,"height":585,"caption":"Protectiva"},"image":{"@id":"https:\/\/protectiva.de\/#\/schema\/logo\/image\/"}}]}},"_links":{"self":[{"href":"https:\/\/protectiva.de\/de\/wp-json\/wp\/v2\/product\/18532","targetHints":{"allow":["GET"]}}],"collection":[{"href":"https:\/\/protectiva.de\/de\/wp-json\/wp\/v2\/product"}],"about":[{"href":"https:\/\/protectiva.de\/de\/wp-json\/wp\/v2\/types\/product"}],"replies":[{"embeddable":true,"href":"https:\/\/protectiva.de\/de\/wp-json\/wp\/v2\/comments?post=18532"}],"wp:featuredmedia":[{"embeddable":true,"href":"https:\/\/protectiva.de\/de\/wp-json\/wp\/v2\/media\/18199"}],"wp:attachment":[{"href":"https:\/\/protectiva.de\/de\/wp-json\/wp\/v2\/media?parent=18532"}],"wp:term":[{"taxonomy":"product_brand","embeddable":true,"href":"https:\/\/protectiva.de\/de\/wp-json\/wp\/v2\/product_brand?post=18532"},{"taxonomy":"product_cat","embeddable":true,"href":"https:\/\/protectiva.de\/de\/wp-json\/wp\/v2\/product_cat?post=18532"},{"taxonomy":"product_tag","embeddable":true,"href":"https:\/\/protectiva.de\/de\/wp-json\/wp\/v2\/product_tag?post=18532"}],"curies":[{"name":"wp","href":"https:\/\/api.w.org\/{rel}","templated":true}]}}