{"id":18522,"date":"2025-03-27T12:09:53","date_gmt":"2025-03-27T12:09:53","guid":{"rendered":"https:\/\/protectiva.pl\/?post_type=product&#038;p=18522"},"modified":"2025-03-28T19:09:45","modified_gmt":"2025-03-28T19:09:45","slug":"behalterfilter-2","status":"publish","type":"product","link":"https:\/\/protectiva.de\/de\/produkt\/behalterfilter-2\/","title":{"rendered":"Containerfilter"},"content":{"rendered":"<p data-sourcepos=\"28:1-28:24\"><strong>TECHNISCHES DATENBLATT<\/strong><\/p>\n<p data-sourcepos=\"30:1-30:20\"><strong>BEH\u00c4LTERFILTER<\/strong><\/p>\n<p data-sourcepos=\"3:1-3:22\"><strong>PRODUKTCODE:<\/strong> 4ACF<\/p>\n<p data-sourcepos=\"5:1-5:120\"><strong>ZUGEH\u00d6RIGE STANDARDS:<\/strong> Der Indikator des medizinischen Beh\u00e4lterfilters 4A wird gem\u00e4\u00df der Norm ISO 11140-1 als Typ 1 klassifiziert.<\/p>\n<p data-sourcepos=\"7:1-7:204\"><strong>VERWENDUNGSZWECK:<\/strong> Der 4A Medical Containerfilter wird in Sterilisationsbeh\u00e4ltern als Filter und Indikator zur Kontrolle des Sterilisationsprozesses verwendet. 4A Medical bietet runde und rechteckige Containerfilter an.<\/p>\n<p data-sourcepos=\"9:1-9:193\"><strong>BETRIEBSBEDINGUNGEN:<\/strong> 4A Medizinische Beh\u00e4lterfilter sind f\u00fcr den Betrieb im Dampfkreislauf konzipiert. Der Filter ist zum Einmalgebrauch bestimmt. Er besteht aus wei\u00dfem Krepppapier und ungiftiger Sterilisationstinte.<\/p>\n<p data-sourcepos=\"11:1-11:124\"><strong>CHEMISCHE ZUSAMMENSETZUNG:<\/strong> Die zum Drucken verwendete Sterilisationsindikatortinte enth\u00e4lt die folgenden Komponenten in ppm-Werten:<\/p>\n<ul data-sourcepos=\"12:1-15:0\">\n<li data-sourcepos=\"12:1-12:28\">Wasser (CAS#7732-18-5): 35%<\/li>\n<li data-sourcepos=\"13:1-13:38\">Diacetonalkohol (CAS#123-42-2): 3%<\/li>\n<li data-sourcepos=\"14:1-15:0\">Propriet\u00e4re Mischung (CAS #N\/A): 62%<\/li>\n<\/ul>\n<p data-sourcepos=\"16:1-16:108\">Enth\u00e4lt keine als gef\u00e4hrlich eingestuften Stoffe, die gem\u00e4\u00df EG-Richtlinien zu ber\u00fccksichtigen sind.<\/p>\n<div class=\"horizontal-scroll-wrapper\">\n<div class=\"table-block-component\">\n<div class=\"table-block table-formatting\">\n<div class=\"table-content not-end-of-paragraph\">\n<table class=\"table-formatting\" data-sourcepos=\"18:1-20:60\">\n<tbody>\n<tr data-sourcepos=\"18:1-18:60\">\n<th data-sourcepos=\"18:1-18:13\"><\/th>\n<th data-sourcepos=\"18:15-18:36\">Vor der Sterilisation<\/th>\n<th data-sourcepos=\"18:38-18:58\">Nach der Sterilisation<\/th>\n<\/tr>\n<tr data-sourcepos=\"20:1-20:60\">\n<td data-sourcepos=\"20:1-20:13\">Indikator<\/td>\n<td data-sourcepos=\"20:15-20:36\"><\/td>\n<td data-sourcepos=\"20:38-20:58\"><\/td>\n<\/tr>\n<\/tbody>\n<\/table>\n<\/div>\n<\/div>\n<\/div>\n<\/div>\n<p data-sourcepos=\"22:1-22:122\"><strong>PRODUKTSPEZIFIKATIONEN:<\/strong> Jede Packung enth\u00e4lt 100 St\u00fcck. Der Indikator ist temperatur- und dampfkonzentrationsempfindlich.<\/p>\n<p data-sourcepos=\"24:1-24:346\"><strong>LAGERUNG UND ENTSORGUNG:<\/strong> Abgelaufene Produkte d\u00fcrfen nicht verwendet werden. Sie werden bei Raumtemperatur, ohne Feuchtigkeit und Sonnenlicht gelagert. Kontakt mit Fl\u00fcssigkeiten ist zu vermeiden. Besch\u00e4digte oder defekte Produkte d\u00fcrfen nicht verwendet werden. Die Haltbarkeit betr\u00e4gt 5 Jahre ab Produktionsdatum. Nach der Sterilisation beh\u00e4lt der Indikator seine Sterilisationsfarbe f\u00fcr 6 Monate.<\/p>\n<p data-sourcepos=\"26:1-26:35\"><strong>VERPACKUNG:<\/strong> Verpackt in Kartons.<\/p>\n<div class=\"products-left-area mt-5\">\n<div class=\"products-bottom table-responsive\">\n<table style=\"height: 91px\" border=\"0\" width=\"655\">\n<thead>\n<tr>\n<th>Produktcode<\/th>\n<th>Produktname<\/th>\n<th>MENGE<\/th>\n<th>Gr\u00f6\u00dfe<\/th>\n<\/tr>\n<\/thead>\n<tbody>\n<tr>\n<td>4ACF120230<\/td>\n<td><\/td>\n<td>1x<\/td>\n<td>100 St\u00fcck \/ Packung<\/td>\n<\/tr>\n<tr>\n<td>4ACF165230<\/td>\n<td><\/td>\n<td>1x<\/td>\n<td>100 St\u00fcck \/ Packung<\/td>\n<\/tr>\n<\/tbody>\n<\/table>\n<\/div>\n<\/div>\n<p data-sourcepos=\"30:1-30:20\">\n<div id=\"gtx-trans\" style=\"position: absolute;left: -81px;top: 728px\">\n<div class=\"gtx-trans-icon\"><\/div>\n<\/div>","protected":false},"excerpt":{"rendered":"<ul>\n<li style=\"list-style-type: none\">\n<ul>\n<li>Datenblatt<\/li>\n<li><a href=\"https:\/\/protectiva.de\/wp-content\/uploads\/2025\/03\/4ACF.pdf\">4ACF<\/a><\/li>\n<\/ul>\n<\/li>\n<\/ul>\n<p>Containerfilter sind weiche, por\u00f6se Einweg-Papierfilter f\u00fcr medizinische Zwecke, die in Sterilisationsbeh\u00e4ltern in Kliniken und Krankenh\u00e4usern zur Sterilisation von Instrumenten und anderen chirurgischen Materialien durch Autoklavieren verwendet werden. Sie sind f\u00fcr alle Arten von Beh\u00e4ltern und K\u00f6rben geeignet. Containerfilter werden im Deckel und im Korpus des Sterilisationsbeh\u00e4lters eingesetzt, um das Eindringen von Dampf w\u00e4hrend der Sterilisation zu erm\u00f6glichen und die Sterilit\u00e4t nach der Sterilisation zu erhalten. Es gibt runde und rechteckige Containerfilter. Rechteckige Containerfilter sind in den Gr\u00f6\u00dfen 120 mm x 230 mm und 165 mm x 230 mm erh\u00e4ltlich.<\/p>","protected":false},"featured_media":18191,"comment_status":"open","ping_status":"closed","template":"","meta":[],"product_brand":[],"product_cat":[191,109],"product_tag":[],"class_list":{"0":"post-18522","1":"product","2":"type-product","3":"status-publish","4":"has-post-thumbnail","6":"product_cat-container-accessories","7":"product_cat-sterilization-n","9":"first","10":"instock","11":"shipping-taxable","12":"product-type-grouped"},"yoast_head":"<!-- This site is optimized with the Yoast SEO plugin v26.2 - https:\/\/yoast.com\/wordpress\/plugins\/seo\/ -->\n<title>Container Filter - Protectiva.pl \u2013 Professionelle Medizinische und Hygieneprodukte | CE- &amp; ISO-zertifiziert<\/title>\n<meta name=\"robots\" content=\"index, follow, max-snippet:-1, max-image-preview:large, max-video-preview:-1\" \/>\n<link rel=\"canonical\" href=\"https:\/\/protectiva.de\/de\/?product=container-filter-2\" \/>\n<meta property=\"og:locale\" content=\"de_DE\" \/>\n<meta property=\"og:type\" content=\"article\" \/>\n<meta property=\"og:title\" content=\"Container Filter - Protectiva.pl \u2013 Professionelle Medizinische und Hygieneprodukte | CE- &amp; ISO-zertifiziert\" \/>\n<meta property=\"og:description\" content=\"Data Sheet  4ACF    Container Filters are soft and porous single use medical grade paper filters used with sterilization containers in clinics and hospitals for sterilization by autoclaving of instruments and other materials for surgical use. They are suitable with all types of containers and baskets. Container Filters are placed in the lid and body of the sterilization container to allow steam penetration during sterilization and to maintain sterility post sterilization. Circular shape container filters and rectangular shape container filters. Rectangular shape container filters have assortments of 120mm x 230mm and 165mm x 230mm.\" \/>\n<meta property=\"og:url\" content=\"https:\/\/protectiva.de\/de\/?product=container-filter-2\" \/>\n<meta property=\"og:site_name\" content=\"Protectiva.pl \u2013 Professionelle Medizinische und Hygieneprodukte | CE- &amp; ISO-zertifiziert\" \/>\n<meta property=\"article:modified_time\" content=\"2025-03-28T19:09:45+00:00\" \/>\n<meta property=\"og:image\" content=\"https:\/\/protectiva.de\/wp-content\/uploads\/2025\/03\/4ACF.jpg\" \/>\n\t<meta property=\"og:image:width\" content=\"1000\" \/>\n\t<meta property=\"og:image:height\" content=\"1000\" \/>\n\t<meta property=\"og:image:type\" content=\"image\/jpeg\" \/>\n<meta name=\"twitter:card\" content=\"summary_large_image\" \/>\n<meta name=\"twitter:label1\" content=\"Gesch\u00e4tzte Lesezeit\" \/>\n\t<meta name=\"twitter:data1\" content=\"1\u00a0Minute\" \/>\n<script type=\"application\/ld+json\" class=\"yoast-schema-graph\">{\"@context\":\"https:\/\/schema.org\",\"@graph\":[{\"@type\":\"WebPage\",\"@id\":\"https:\/\/protectiva.de\/?product=container-filter-2\",\"url\":\"https:\/\/protectiva.de\/?product=container-filter-2\",\"name\":\"Container Filter - Protectiva.pl \u2013 Professionelle Medizinische und Hygieneprodukte | CE- &amp; ISO-zertifiziert\",\"isPartOf\":{\"@id\":\"https:\/\/protectiva.de\/#website\"},\"primaryImageOfPage\":{\"@id\":\"https:\/\/protectiva.de\/?product=container-filter-2#primaryimage\"},\"image\":{\"@id\":\"https:\/\/protectiva.de\/?product=container-filter-2#primaryimage\"},\"thumbnailUrl\":\"https:\/\/protectiva.de\/wp-content\/uploads\/2025\/03\/4ACF.jpg\",\"datePublished\":\"2025-03-27T12:09:53+00:00\",\"dateModified\":\"2025-03-28T19:09:45+00:00\",\"breadcrumb\":{\"@id\":\"https:\/\/protectiva.de\/?product=container-filter-2#breadcrumb\"},\"inLanguage\":\"de\",\"potentialAction\":[{\"@type\":\"ReadAction\",\"target\":[\"https:\/\/protectiva.de\/?product=container-filter-2\"]}]},{\"@type\":\"ImageObject\",\"inLanguage\":\"de\",\"@id\":\"https:\/\/protectiva.de\/?product=container-filter-2#primaryimage\",\"url\":\"https:\/\/protectiva.de\/wp-content\/uploads\/2025\/03\/4ACF.jpg\",\"contentUrl\":\"https:\/\/protectiva.de\/wp-content\/uploads\/2025\/03\/4ACF.jpg\",\"width\":1000,\"height\":1000},{\"@type\":\"BreadcrumbList\",\"@id\":\"https:\/\/protectiva.de\/?product=container-filter-2#breadcrumb\",\"itemListElement\":[{\"@type\":\"ListItem\",\"position\":1,\"name\":\"Home\",\"item\":\"https:\/\/protectiva.de\/\"},{\"@type\":\"ListItem\",\"position\":2,\"name\":\"All Products\",\"item\":\"https:\/\/protectiva.de\/shop\/\"},{\"@type\":\"ListItem\",\"position\":3,\"name\":\"Container Filter\"}]},{\"@type\":\"WebSite\",\"@id\":\"https:\/\/protectiva.de\/#website\",\"url\":\"https:\/\/protectiva.de\/\",\"name\":\"Protectiva\",\"description\":\"Innovative Medical Solutions Protectiva.de bietet hochwertige medizinische und Hygieneprodukte. Zuverl\u00e4ssige Schutzausr\u00fcstung, Sterilisationsl\u00f6sungen und Gesundheitsversorgung gem\u00e4\u00df CE- und ISO-Standards f\u00fcr Krankenh\u00e4user und Kliniken. Die ideale Wahl f\u00fcr sichere und komfortable Gesundheitsumgebungen.\",\"publisher\":{\"@id\":\"https:\/\/protectiva.de\/#organization\"},\"potentialAction\":[{\"@type\":\"SearchAction\",\"target\":{\"@type\":\"EntryPoint\",\"urlTemplate\":\"https:\/\/protectiva.de\/?s={search_term_string}\"},\"query-input\":{\"@type\":\"PropertyValueSpecification\",\"valueRequired\":true,\"valueName\":\"search_term_string\"}}],\"inLanguage\":\"de\"},{\"@type\":\"Organization\",\"@id\":\"https:\/\/protectiva.de\/#organization\",\"name\":\"Protectiva\",\"url\":\"https:\/\/protectiva.de\/\",\"logo\":{\"@type\":\"ImageObject\",\"inLanguage\":\"de\",\"@id\":\"https:\/\/protectiva.de\/#\/schema\/logo\/image\/\",\"url\":\"https:\/\/protectiva.de\/wp-content\/uploads\/2025\/03\/logo-protectiva-son-hali.png\",\"contentUrl\":\"https:\/\/protectiva.de\/wp-content\/uploads\/2025\/03\/logo-protectiva-son-hali.png\",\"width\":1140,\"height\":585,\"caption\":\"Protectiva\"},\"image\":{\"@id\":\"https:\/\/protectiva.de\/#\/schema\/logo\/image\/\"}}]}<\/script>\n<!-- \/ Yoast SEO plugin. -->","yoast_head_json":{"title":"Container Filter - Protectiva.pl \u2013 Professionelle Medizinische und Hygieneprodukte | CE- &amp; ISO-zertifiziert","robots":{"index":"index","follow":"follow","max-snippet":"max-snippet:-1","max-image-preview":"max-image-preview:large","max-video-preview":"max-video-preview:-1"},"canonical":"https:\/\/protectiva.de\/de\/?product=container-filter-2","og_locale":"de_DE","og_type":"article","og_title":"Container Filter - Protectiva.pl \u2013 Professionelle Medizinische und Hygieneprodukte | CE- &amp; ISO-zertifiziert","og_description":"Data Sheet  4ACF    Container Filters are soft and porous single use medical grade paper filters used with sterilization containers in clinics and hospitals for sterilization by autoclaving of instruments and other materials for surgical use. They are suitable with all types of containers and baskets. Container Filters are placed in the lid and body of the sterilization container to allow steam penetration during sterilization and to maintain sterility post sterilization. Circular shape container filters and rectangular shape container filters. Rectangular shape container filters have assortments of 120mm x 230mm and 165mm x 230mm.","og_url":"https:\/\/protectiva.de\/de\/?product=container-filter-2","og_site_name":"Protectiva.pl \u2013 Professionelle Medizinische und Hygieneprodukte | CE- &amp; ISO-zertifiziert","article_modified_time":"2025-03-28T19:09:45+00:00","og_image":[{"width":1000,"height":1000,"url":"https:\/\/protectiva.de\/wp-content\/uploads\/2025\/03\/4ACF.jpg","type":"image\/jpeg"}],"twitter_card":"summary_large_image","twitter_misc":{"Gesch\u00e4tzte Lesezeit":"1\u00a0Minute"},"schema":{"@context":"https:\/\/schema.org","@graph":[{"@type":"WebPage","@id":"https:\/\/protectiva.de\/?product=container-filter-2","url":"https:\/\/protectiva.de\/?product=container-filter-2","name":"Container Filter - Protectiva.pl \u2013 Professionelle Medizinische und Hygieneprodukte | CE- &amp; ISO-zertifiziert","isPartOf":{"@id":"https:\/\/protectiva.de\/#website"},"primaryImageOfPage":{"@id":"https:\/\/protectiva.de\/?product=container-filter-2#primaryimage"},"image":{"@id":"https:\/\/protectiva.de\/?product=container-filter-2#primaryimage"},"thumbnailUrl":"https:\/\/protectiva.de\/wp-content\/uploads\/2025\/03\/4ACF.jpg","datePublished":"2025-03-27T12:09:53+00:00","dateModified":"2025-03-28T19:09:45+00:00","breadcrumb":{"@id":"https:\/\/protectiva.de\/?product=container-filter-2#breadcrumb"},"inLanguage":"de","potentialAction":[{"@type":"ReadAction","target":["https:\/\/protectiva.de\/?product=container-filter-2"]}]},{"@type":"ImageObject","inLanguage":"de","@id":"https:\/\/protectiva.de\/?product=container-filter-2#primaryimage","url":"https:\/\/protectiva.de\/wp-content\/uploads\/2025\/03\/4ACF.jpg","contentUrl":"https:\/\/protectiva.de\/wp-content\/uploads\/2025\/03\/4ACF.jpg","width":1000,"height":1000},{"@type":"BreadcrumbList","@id":"https:\/\/protectiva.de\/?product=container-filter-2#breadcrumb","itemListElement":[{"@type":"ListItem","position":1,"name":"Home","item":"https:\/\/protectiva.de\/"},{"@type":"ListItem","position":2,"name":"All Products","item":"https:\/\/protectiva.de\/shop\/"},{"@type":"ListItem","position":3,"name":"Container Filter"}]},{"@type":"WebSite","@id":"https:\/\/protectiva.de\/#website","url":"https:\/\/protectiva.de\/","name":"Protectiva","description":"Innovative Medical Solutions Protectiva.de bietet hochwertige medizinische und Hygieneprodukte. Zuverl\u00e4ssige Schutzausr\u00fcstung, Sterilisationsl\u00f6sungen und Gesundheitsversorgung gem\u00e4\u00df CE- und ISO-Standards f\u00fcr Krankenh\u00e4user und Kliniken. Die ideale Wahl f\u00fcr sichere und komfortable Gesundheitsumgebungen.","publisher":{"@id":"https:\/\/protectiva.de\/#organization"},"potentialAction":[{"@type":"SearchAction","target":{"@type":"EntryPoint","urlTemplate":"https:\/\/protectiva.de\/?s={search_term_string}"},"query-input":{"@type":"PropertyValueSpecification","valueRequired":true,"valueName":"search_term_string"}}],"inLanguage":"de"},{"@type":"Organization","@id":"https:\/\/protectiva.de\/#organization","name":"Protectiva","url":"https:\/\/protectiva.de\/","logo":{"@type":"ImageObject","inLanguage":"de","@id":"https:\/\/protectiva.de\/#\/schema\/logo\/image\/","url":"https:\/\/protectiva.de\/wp-content\/uploads\/2025\/03\/logo-protectiva-son-hali.png","contentUrl":"https:\/\/protectiva.de\/wp-content\/uploads\/2025\/03\/logo-protectiva-son-hali.png","width":1140,"height":585,"caption":"Protectiva"},"image":{"@id":"https:\/\/protectiva.de\/#\/schema\/logo\/image\/"}}]}},"_links":{"self":[{"href":"https:\/\/protectiva.de\/de\/wp-json\/wp\/v2\/product\/18522","targetHints":{"allow":["GET"]}}],"collection":[{"href":"https:\/\/protectiva.de\/de\/wp-json\/wp\/v2\/product"}],"about":[{"href":"https:\/\/protectiva.de\/de\/wp-json\/wp\/v2\/types\/product"}],"replies":[{"embeddable":true,"href":"https:\/\/protectiva.de\/de\/wp-json\/wp\/v2\/comments?post=18522"}],"wp:featuredmedia":[{"embeddable":true,"href":"https:\/\/protectiva.de\/de\/wp-json\/wp\/v2\/media\/18191"}],"wp:attachment":[{"href":"https:\/\/protectiva.de\/de\/wp-json\/wp\/v2\/media?parent=18522"}],"wp:term":[{"taxonomy":"product_brand","embeddable":true,"href":"https:\/\/protectiva.de\/de\/wp-json\/wp\/v2\/product_brand?post=18522"},{"taxonomy":"product_cat","embeddable":true,"href":"https:\/\/protectiva.de\/de\/wp-json\/wp\/v2\/product_cat?post=18522"},{"taxonomy":"product_tag","embeddable":true,"href":"https:\/\/protectiva.de\/de\/wp-json\/wp\/v2\/product_tag?post=18522"}],"curies":[{"name":"wp","href":"https:\/\/api.w.org\/{rel}","templated":true}]}}