{"id":18512,"date":"2025-03-27T11:47:57","date_gmt":"2025-03-27T11:47:57","guid":{"rendered":"https:\/\/protectiva.pl\/?post_type=product&#038;p=18512"},"modified":"2025-03-28T19:09:46","modified_gmt":"2025-03-28T19:09:46","slug":"plasmaband-2","status":"publish","type":"product","link":"https:\/\/protectiva.de\/de\/produkt\/plasmaband-2\/","title":{"rendered":"Plasmaband"},"content":{"rendered":"<p data-sourcepos=\"3:1-3:24\"><strong>TECHNISCHES DATENBLATT<\/strong><\/p>\n<p data-sourcepos=\"5:1-5:35\"><strong>WASSERSTOFFPEROXID-(PLASMA)-BAND<\/strong><\/p>\n<p data-sourcepos=\"7:1-7:22\"><strong>PRODUKTCODE:<\/strong> 4APT<\/p>\n<p data-sourcepos=\"9:1-9:124\"><strong>ZUGEH\u00d6RIGE STANDARDS:<\/strong> 4A Medical Wasserstoffperoxid (Plasma)-Klebeband ist gem\u00e4\u00df der Norm ISO 11140-1 als Typ 1 klassifiziert.<\/p>\n<p data-sourcepos=\"11:1-11:372\"><strong>VERWENDUNGSZWECK:<\/strong> Der 4A-Plasma-Sterilisationsindikator wird in Niedertemperatur-Wasserstoffperoxid-Plasma-Sterilisationsanweisungen verwendet. Er dient zur Beurteilung des HP-Plasma-Sterilisationsprozesses. Ein Farbwechsel zeigt an, ob ein Gegenstand sterilisiert wurde oder nicht. Der HP-Plasma-Indikator ist ein wasserbasierter und ungiftiger chemischer Indikator. Das Klebeband ist latexfrei.<\/p>\n<p data-sourcepos=\"13:1-13:25\"><strong>BETRIEBSBEDINGUNGEN:<\/strong><\/p>\n<div class=\"horizontal-scroll-wrapper\">\n<div class=\"table-block-component\">\n<div class=\"table-block table-formatting\">\n<div class=\"table-content not-end-of-paragraph\">\n<table class=\"table-formatting\" data-sourcepos=\"15:1-17:60\">\n<tbody>\n<tr data-sourcepos=\"15:1-15:60\">\n<th data-sourcepos=\"15:1-15:13\"><\/th>\n<th data-sourcepos=\"15:15-15:36\">Vor der Sterilisation<\/th>\n<th data-sourcepos=\"15:38-15:58\">Nach der Sterilisation<\/th>\n<\/tr>\n<tr data-sourcepos=\"17:1-17:60\">\n<td data-sourcepos=\"17:1-17:13\">Indikator<\/td>\n<td data-sourcepos=\"17:15-17:36\"><\/td>\n<td data-sourcepos=\"17:38-17:58\"><\/td>\n<\/tr>\n<\/tbody>\n<\/table>\n<\/div>\n<div class=\"table-footer table-formatting hide-from-message-actions ng-star-inserted\"><\/div>\n<\/div>\n<\/div>\n<\/div>\n<p data-sourcepos=\"19:1-19:43\">Plasma Tape wird nicht als gef\u00e4hrlich eingestuft.<\/p>\n<p data-sourcepos=\"21:1-21:81\"><strong>PRODUKTSPEZIFIKATIONEN:<\/strong> 19 mm x 25 m, Indikator bedruckt und Tyvek-Papierband.<\/p>\n<div class=\"horizontal-scroll-wrapper\">\n<div class=\"table-block-component\">\n<div class=\"table-block table-formatting\">\n<div class=\"table-content not-end-of-paragraph\">\n<table class=\"table-formatting\" data-sourcepos=\"23:1-31:85\">\n<tbody>\n<tr data-sourcepos=\"23:1-23:65\">\n<th data-sourcepos=\"23:1-23:17\">SPEZIFIKATION<\/th>\n<th data-sourcepos=\"23:19-23:33\">EINHEIT<\/th>\n<th data-sourcepos=\"23:35-23:47\">STANDARD<\/th>\n<th data-sourcepos=\"23:49-23:63\">TYPISCHER WERT<\/th>\n<\/tr>\n<tr data-sourcepos=\"25:1-25:65\">\n<td data-sourcepos=\"25:1-25:17\">BREITE<\/td>\n<td data-sourcepos=\"25:19-25:33\">mm<\/td>\n<td data-sourcepos=\"25:35-25:47\"><\/td>\n<td data-sourcepos=\"25:49-25:63\">19\u00b11<\/td>\n<\/tr>\n<tr data-sourcepos=\"26:1-26:65\">\n<td data-sourcepos=\"26:1-26:17\">L\u00c4NGE<\/td>\n<td data-sourcepos=\"26:19-26:33\">M<\/td>\n<td data-sourcepos=\"26:35-26:47\"><\/td>\n<td data-sourcepos=\"26:49-26:63\">25\u00b1%1<\/td>\n<\/tr>\n<tr data-sourcepos=\"27:1-27:65\">\n<td data-sourcepos=\"27:1-27:17\">BAND<\/td>\n<td data-sourcepos=\"27:19-27:33\"><\/td>\n<td data-sourcepos=\"27:35-27:47\"><\/td>\n<td data-sourcepos=\"27:49-27:63\">Tyvek-Papier<\/td>\n<\/tr>\n<tr data-sourcepos=\"28:1-28:65\">\n<td data-sourcepos=\"28:1-28:17\">KLEBSTOFF<\/td>\n<td data-sourcepos=\"28:19-28:33\"><\/td>\n<td data-sourcepos=\"28:35-28:47\"><\/td>\n<td data-sourcepos=\"28:49-28:63\"><\/td>\n<\/tr>\n<tr data-sourcepos=\"29:1-29:98\">\n<td data-sourcepos=\"29:1-29:17\">SOFORTIGE HAFTBARKEIT<\/td>\n<td data-sourcepos=\"29:19-29:66\"><span class=\"katex\"><span class=\"katex-html\" aria-hidden=\"true\"><span class=\"base\"><span class=\"mord mathnormal\">G<\/span><span class=\"mord\">\/<\/span><span class=\"mord\"><span class=\"mord mathnormal\">M<\/span><span class=\"msupsub\"><span class=\"vlist-t\"><span class=\"vlist-r\"><span class=\"vlist\"><span class=\"\"><span class=\"sizing reset-size6 size3 mtight\"><span class=\"mord mtight\">2<\/span><\/span><\/span><\/span><\/span><\/span><\/span><\/span><\/span><\/span><\/span><\/td>\n<td data-sourcepos=\"29:68-29:80\">ASTM D3121<\/td>\n<td data-sourcepos=\"29:82-29:96\">28 \u00b1 3<\/td>\n<\/tr>\n<tr data-sourcepos=\"30:1-30:97\">\n<td data-sourcepos=\"30:1-30:17\">SCH\u00c4LHAFTUNG<\/td>\n<td data-sourcepos=\"30:19-30:65\"><span class=\"katex\"><span class=\"katex-html\" aria-hidden=\"true\"><span class=\"base\"><span class=\"mord mathnormal\">N<\/span><span class=\"mord\">\/25<\/span><span class=\"mspace nobreak\">\u00a0<\/span><span class=\"mord mathnormal\">mm<\/span><\/span><\/span><\/span><\/td>\n<td data-sourcepos=\"30:67-30:79\">ASTM D3121<\/td>\n<td data-sourcepos=\"30:81-30:95\">3,50 \u00b1 0,50<\/td>\n<\/tr>\n<tr data-sourcepos=\"31:1-31:85\">\n<td data-sourcepos=\"31:1-31:19\">BLINKERSTEUERUNG<\/td>\n<td data-sourcepos=\"31:21-31:35\"><\/td>\n<td data-sourcepos=\"31:37-31:49\">ISO 11140-1<\/td>\n<td data-sourcepos=\"31:51-31:83\">Muss die angegebene Farbe zur\u00fcckgeben<\/td>\n<\/tr>\n<\/tbody>\n<\/table>\n<\/div>\n<div class=\"table-footer table-formatting hide-from-message-actions ng-star-inserted\"><\/div>\n<\/div>\n<\/div>\n<\/div>\n<p data-sourcepos=\"33:1-33:269\"><strong>LAGERUNG UND ENTSORGUNG:<\/strong> Abgelaufene Produkte d\u00fcrfen nicht verwendet werden. Sie werden bei Raumtemperatur, ohne Feuchtigkeit und Sonneneinstrahlung gelagert. Der Kontakt mit Fl\u00fcssigkeiten ist zu vermeiden. Besch\u00e4digte oder defekte Produkte d\u00fcrfen nicht verwendet werden. Die Haltbarkeit betr\u00e4gt 4 Jahre ab Produktionsdatum.<\/p>\n<p data-sourcepos=\"35:1-36:56\"><strong>VERPACKUNG:<\/strong> Innenverpackung: Die Produkte sind in Aluminiumverpackungen verpackt. Verpackungsinhalt: 19 mm x 25 m, 30 St\u00fcck im Karton.<\/p>\n<table style=\"height: 73px\" border=\"0\" width=\"606\">\n<thead>\n<tr>\n<th>Produktname<\/th>\n<th>MENGE<\/th>\n<th>Gr\u00f6\u00dfe<\/th>\n<\/tr>\n<\/thead>\n<tbody>\n<tr>\n<td>Plasmaband<\/td>\n<td>1x<\/td>\n<td>19 mm x 25 m<\/td>\n<\/tr>\n<\/tbody>\n<\/table>","protected":false},"excerpt":{"rendered":"<ul>\n<li>Datenblatt<\/li>\n<li><a href=\"https:\/\/protectiva.de\/wp-content\/uploads\/2025\/03\/4APT.pdf\">4APT<\/a><\/li>\n<\/ul>\n<p>Wasserstoffperoxid-(Plasma-)Klebeband ist ein Klebeband, das bei der Plasmasterilisation verwendet wird, um anzuzeigen, ob ein bestimmtes Gas freigesetzt wurde. Autoklav-Klebeb\u00e4nder verf\u00fcgen \u00fcber einen Typ-1-Indikator. Wasserstoffperoxid-(Plasma-)Klebeb\u00e4nder wirken durch Farbver\u00e4nderung nach Sterilisationsprozessen. Ein chemischer Indikator best\u00e4tigt zudem die Sterilisation. Sie sind eine sichere L\u00f6sung zum Verschlie\u00dfen von Verpackungsmaterialien.<\/p>","protected":false},"featured_media":18219,"comment_status":"open","ping_status":"closed","template":"","meta":[],"product_brand":[],"product_cat":[189,109],"product_tag":[],"class_list":{"0":"post-18512","1":"product","2":"type-product","3":"status-publish","4":"has-post-thumbnail","6":"product_cat-autoclave-tapes","7":"product_cat-sterilization-n","9":"first","10":"instock","11":"shipping-taxable","12":"product-type-grouped"},"yoast_head":"<!-- This site is optimized with the Yoast SEO plugin v26.2 - https:\/\/yoast.com\/wordpress\/plugins\/seo\/ -->\n<title>Plasma Tape - Protectiva.pl \u2013 Professionelle Medizinische und Hygieneprodukte | CE- &amp; ISO-zertifiziert<\/title>\n<meta name=\"robots\" content=\"index, follow, max-snippet:-1, max-image-preview:large, max-video-preview:-1\" \/>\n<link rel=\"canonical\" href=\"https:\/\/protectiva.de\/de\/?product=plasma-tape-2\" \/>\n<meta property=\"og:locale\" content=\"de_DE\" \/>\n<meta property=\"og:type\" content=\"article\" \/>\n<meta property=\"og:title\" content=\"Plasma Tape - Protectiva.pl \u2013 Professionelle Medizinische und Hygieneprodukte | CE- &amp; ISO-zertifiziert\" \/>\n<meta property=\"og:description\" content=\"Data Sheet  4APT  Hydrogen Peroxide (Plasma) Tape is an adhesive tape used in plasma sterilization to indicate whether a specific gas has been exposed. Autoclave Tapes have a Type 1 indicator. Hydrogen Peroxide (Plasma) Tape works by changing color after exposure to sterilization processes. Tape also features a chemical indicator to verify that it has gone through the sterilization process. They are a safe solution for closing wrapping materials\" \/>\n<meta property=\"og:url\" content=\"https:\/\/protectiva.de\/de\/?product=plasma-tape-2\" \/>\n<meta property=\"og:site_name\" content=\"Protectiva.pl \u2013 Professionelle Medizinische und Hygieneprodukte | CE- &amp; ISO-zertifiziert\" \/>\n<meta property=\"article:modified_time\" content=\"2025-03-28T19:09:46+00:00\" \/>\n<meta property=\"og:image\" content=\"https:\/\/protectiva.de\/wp-content\/uploads\/2025\/03\/4APT.jpg\" \/>\n\t<meta property=\"og:image:width\" content=\"1000\" \/>\n\t<meta property=\"og:image:height\" content=\"1000\" \/>\n\t<meta property=\"og:image:type\" content=\"image\/jpeg\" \/>\n<meta name=\"twitter:card\" content=\"summary_large_image\" \/>\n<meta name=\"twitter:label1\" content=\"Gesch\u00e4tzte Lesezeit\" \/>\n\t<meta name=\"twitter:data1\" content=\"1\u00a0Minute\" \/>\n<script type=\"application\/ld+json\" class=\"yoast-schema-graph\">{\"@context\":\"https:\/\/schema.org\",\"@graph\":[{\"@type\":\"WebPage\",\"@id\":\"https:\/\/protectiva.de\/?product=plasma-tape-2\",\"url\":\"https:\/\/protectiva.de\/?product=plasma-tape-2\",\"name\":\"Plasma Tape - Protectiva.pl \u2013 Professionelle Medizinische und Hygieneprodukte | CE- &amp; ISO-zertifiziert\",\"isPartOf\":{\"@id\":\"https:\/\/protectiva.de\/#website\"},\"primaryImageOfPage\":{\"@id\":\"https:\/\/protectiva.de\/?product=plasma-tape-2#primaryimage\"},\"image\":{\"@id\":\"https:\/\/protectiva.de\/?product=plasma-tape-2#primaryimage\"},\"thumbnailUrl\":\"https:\/\/protectiva.de\/wp-content\/uploads\/2025\/03\/4APT.jpg\",\"datePublished\":\"2025-03-27T11:47:57+00:00\",\"dateModified\":\"2025-03-28T19:09:46+00:00\",\"breadcrumb\":{\"@id\":\"https:\/\/protectiva.de\/?product=plasma-tape-2#breadcrumb\"},\"inLanguage\":\"de\",\"potentialAction\":[{\"@type\":\"ReadAction\",\"target\":[\"https:\/\/protectiva.de\/?product=plasma-tape-2\"]}]},{\"@type\":\"ImageObject\",\"inLanguage\":\"de\",\"@id\":\"https:\/\/protectiva.de\/?product=plasma-tape-2#primaryimage\",\"url\":\"https:\/\/protectiva.de\/wp-content\/uploads\/2025\/03\/4APT.jpg\",\"contentUrl\":\"https:\/\/protectiva.de\/wp-content\/uploads\/2025\/03\/4APT.jpg\",\"width\":1000,\"height\":1000},{\"@type\":\"BreadcrumbList\",\"@id\":\"https:\/\/protectiva.de\/?product=plasma-tape-2#breadcrumb\",\"itemListElement\":[{\"@type\":\"ListItem\",\"position\":1,\"name\":\"Home\",\"item\":\"https:\/\/protectiva.de\/\"},{\"@type\":\"ListItem\",\"position\":2,\"name\":\"All Products\",\"item\":\"https:\/\/protectiva.de\/shop\/\"},{\"@type\":\"ListItem\",\"position\":3,\"name\":\"Plasma Tape\"}]},{\"@type\":\"WebSite\",\"@id\":\"https:\/\/protectiva.de\/#website\",\"url\":\"https:\/\/protectiva.de\/\",\"name\":\"Protectiva\",\"description\":\"Innovative Medical Solutions Protectiva.de bietet hochwertige medizinische und Hygieneprodukte. Zuverl\u00e4ssige Schutzausr\u00fcstung, Sterilisationsl\u00f6sungen und Gesundheitsversorgung gem\u00e4\u00df CE- und ISO-Standards f\u00fcr Krankenh\u00e4user und Kliniken. Die ideale Wahl f\u00fcr sichere und komfortable Gesundheitsumgebungen.\",\"publisher\":{\"@id\":\"https:\/\/protectiva.de\/#organization\"},\"potentialAction\":[{\"@type\":\"SearchAction\",\"target\":{\"@type\":\"EntryPoint\",\"urlTemplate\":\"https:\/\/protectiva.de\/?s={search_term_string}\"},\"query-input\":{\"@type\":\"PropertyValueSpecification\",\"valueRequired\":true,\"valueName\":\"search_term_string\"}}],\"inLanguage\":\"de\"},{\"@type\":\"Organization\",\"@id\":\"https:\/\/protectiva.de\/#organization\",\"name\":\"Protectiva\",\"url\":\"https:\/\/protectiva.de\/\",\"logo\":{\"@type\":\"ImageObject\",\"inLanguage\":\"de\",\"@id\":\"https:\/\/protectiva.de\/#\/schema\/logo\/image\/\",\"url\":\"https:\/\/protectiva.de\/wp-content\/uploads\/2025\/03\/logo-protectiva-son-hali.png\",\"contentUrl\":\"https:\/\/protectiva.de\/wp-content\/uploads\/2025\/03\/logo-protectiva-son-hali.png\",\"width\":1140,\"height\":585,\"caption\":\"Protectiva\"},\"image\":{\"@id\":\"https:\/\/protectiva.de\/#\/schema\/logo\/image\/\"}}]}<\/script>\n<!-- \/ Yoast SEO plugin. -->","yoast_head_json":{"title":"Plasma Tape - Protectiva.pl \u2013 Professionelle Medizinische und Hygieneprodukte | CE- &amp; ISO-zertifiziert","robots":{"index":"index","follow":"follow","max-snippet":"max-snippet:-1","max-image-preview":"max-image-preview:large","max-video-preview":"max-video-preview:-1"},"canonical":"https:\/\/protectiva.de\/de\/?product=plasma-tape-2","og_locale":"de_DE","og_type":"article","og_title":"Plasma Tape - Protectiva.pl \u2013 Professionelle Medizinische und Hygieneprodukte | CE- &amp; ISO-zertifiziert","og_description":"Data Sheet  4APT  Hydrogen Peroxide (Plasma) Tape is an adhesive tape used in plasma sterilization to indicate whether a specific gas has been exposed. Autoclave Tapes have a Type 1 indicator. Hydrogen Peroxide (Plasma) Tape works by changing color after exposure to sterilization processes. Tape also features a chemical indicator to verify that it has gone through the sterilization process. They are a safe solution for closing wrapping materials","og_url":"https:\/\/protectiva.de\/de\/?product=plasma-tape-2","og_site_name":"Protectiva.pl \u2013 Professionelle Medizinische und Hygieneprodukte | CE- &amp; ISO-zertifiziert","article_modified_time":"2025-03-28T19:09:46+00:00","og_image":[{"width":1000,"height":1000,"url":"https:\/\/protectiva.de\/wp-content\/uploads\/2025\/03\/4APT.jpg","type":"image\/jpeg"}],"twitter_card":"summary_large_image","twitter_misc":{"Gesch\u00e4tzte Lesezeit":"1\u00a0Minute"},"schema":{"@context":"https:\/\/schema.org","@graph":[{"@type":"WebPage","@id":"https:\/\/protectiva.de\/?product=plasma-tape-2","url":"https:\/\/protectiva.de\/?product=plasma-tape-2","name":"Plasma Tape - Protectiva.pl \u2013 Professionelle Medizinische und Hygieneprodukte | CE- &amp; ISO-zertifiziert","isPartOf":{"@id":"https:\/\/protectiva.de\/#website"},"primaryImageOfPage":{"@id":"https:\/\/protectiva.de\/?product=plasma-tape-2#primaryimage"},"image":{"@id":"https:\/\/protectiva.de\/?product=plasma-tape-2#primaryimage"},"thumbnailUrl":"https:\/\/protectiva.de\/wp-content\/uploads\/2025\/03\/4APT.jpg","datePublished":"2025-03-27T11:47:57+00:00","dateModified":"2025-03-28T19:09:46+00:00","breadcrumb":{"@id":"https:\/\/protectiva.de\/?product=plasma-tape-2#breadcrumb"},"inLanguage":"de","potentialAction":[{"@type":"ReadAction","target":["https:\/\/protectiva.de\/?product=plasma-tape-2"]}]},{"@type":"ImageObject","inLanguage":"de","@id":"https:\/\/protectiva.de\/?product=plasma-tape-2#primaryimage","url":"https:\/\/protectiva.de\/wp-content\/uploads\/2025\/03\/4APT.jpg","contentUrl":"https:\/\/protectiva.de\/wp-content\/uploads\/2025\/03\/4APT.jpg","width":1000,"height":1000},{"@type":"BreadcrumbList","@id":"https:\/\/protectiva.de\/?product=plasma-tape-2#breadcrumb","itemListElement":[{"@type":"ListItem","position":1,"name":"Home","item":"https:\/\/protectiva.de\/"},{"@type":"ListItem","position":2,"name":"All Products","item":"https:\/\/protectiva.de\/shop\/"},{"@type":"ListItem","position":3,"name":"Plasma Tape"}]},{"@type":"WebSite","@id":"https:\/\/protectiva.de\/#website","url":"https:\/\/protectiva.de\/","name":"Protectiva","description":"Innovative Medical Solutions Protectiva.de bietet hochwertige medizinische und Hygieneprodukte. Zuverl\u00e4ssige Schutzausr\u00fcstung, Sterilisationsl\u00f6sungen und Gesundheitsversorgung gem\u00e4\u00df CE- und ISO-Standards f\u00fcr Krankenh\u00e4user und Kliniken. Die ideale Wahl f\u00fcr sichere und komfortable Gesundheitsumgebungen.","publisher":{"@id":"https:\/\/protectiva.de\/#organization"},"potentialAction":[{"@type":"SearchAction","target":{"@type":"EntryPoint","urlTemplate":"https:\/\/protectiva.de\/?s={search_term_string}"},"query-input":{"@type":"PropertyValueSpecification","valueRequired":true,"valueName":"search_term_string"}}],"inLanguage":"de"},{"@type":"Organization","@id":"https:\/\/protectiva.de\/#organization","name":"Protectiva","url":"https:\/\/protectiva.de\/","logo":{"@type":"ImageObject","inLanguage":"de","@id":"https:\/\/protectiva.de\/#\/schema\/logo\/image\/","url":"https:\/\/protectiva.de\/wp-content\/uploads\/2025\/03\/logo-protectiva-son-hali.png","contentUrl":"https:\/\/protectiva.de\/wp-content\/uploads\/2025\/03\/logo-protectiva-son-hali.png","width":1140,"height":585,"caption":"Protectiva"},"image":{"@id":"https:\/\/protectiva.de\/#\/schema\/logo\/image\/"}}]}},"_links":{"self":[{"href":"https:\/\/protectiva.de\/de\/wp-json\/wp\/v2\/product\/18512","targetHints":{"allow":["GET"]}}],"collection":[{"href":"https:\/\/protectiva.de\/de\/wp-json\/wp\/v2\/product"}],"about":[{"href":"https:\/\/protectiva.de\/de\/wp-json\/wp\/v2\/types\/product"}],"replies":[{"embeddable":true,"href":"https:\/\/protectiva.de\/de\/wp-json\/wp\/v2\/comments?post=18512"}],"wp:featuredmedia":[{"embeddable":true,"href":"https:\/\/protectiva.de\/de\/wp-json\/wp\/v2\/media\/18219"}],"wp:attachment":[{"href":"https:\/\/protectiva.de\/de\/wp-json\/wp\/v2\/media?parent=18512"}],"wp:term":[{"taxonomy":"product_brand","embeddable":true,"href":"https:\/\/protectiva.de\/de\/wp-json\/wp\/v2\/product_brand?post=18512"},{"taxonomy":"product_cat","embeddable":true,"href":"https:\/\/protectiva.de\/de\/wp-json\/wp\/v2\/product_cat?post=18512"},{"taxonomy":"product_tag","embeddable":true,"href":"https:\/\/protectiva.de\/de\/wp-json\/wp\/v2\/product_tag?post=18512"}],"curies":[{"name":"wp","href":"https:\/\/api.w.org\/{rel}","templated":true}]}}