{"id":18509,"date":"2025-03-27T11:41:15","date_gmt":"2025-03-27T11:41:15","guid":{"rendered":"https:\/\/protectiva.pl\/?post_type=product&#038;p=18509"},"modified":"2025-03-28T19:09:46","modified_gmt":"2025-03-28T19:09:46","slug":"ethylenoxidband-2","status":"publish","type":"product","link":"https:\/\/protectiva.de\/de\/produkt\/ethylenoxidband-2\/","title":{"rendered":"Ethylenoxid-Band"},"content":{"rendered":"<p data-sourcepos=\"28:1-28:24\"><strong>TECHNISCHES DATENBLATT<\/strong><\/p>\n<p data-sourcepos=\"30:1-30:23\"><strong>ETHYLENOXIDBAND<\/strong><\/p>\n<p data-sourcepos=\"3:1-3:14\"><strong>DATENBLATT<\/strong><\/p>\n<p data-sourcepos=\"5:1-5:37\"><strong>PRODUKTCODE:<\/strong> 4AEOT1950\/4AEOT2550<\/p>\n<p data-sourcepos=\"7:1-7:112\"><strong>ZUGEH\u00d6RIGE STANDARDS:<\/strong> 4A Medical Ethylenoxidband wird gem\u00e4\u00df der Norm ISO 11140-1 als Typ 1 klassifiziert.<\/p>\n<p data-sourcepos=\"9:1-9:230\"><strong>VERWENDUNGSZWECK:<\/strong> 4A Medizinisches Ethylenoxid <span class=\"citation-0 citation-end-0 interactive-span-selected-v2\">B\u00e4nder werden zum Verschlie\u00dfen der Verpackungen der zu sterilisierenden medizinischen Ger\u00e4te verwendet und bieten eine visuelle Best\u00e4tigung, dass die Verpackung verarbeitet wurde<sup class=\"superscript visible highlight\" data-turn-source-index=\"1\"> 1 <\/sup><\/span> bei einer Ethylenoxid-Sterilisation.<span class=\"button-container hide-from-message-actions ng-star-inserted\"> \u00a0 <button class=\"mat-mdc-tooltip-trigger button image-fade-on button-selected hide-from-message-actions\" aria-controls=\"sources\" aria-expanded=\"true\" aria-describedby=\"cdk-describedby-message-ng-1-154\"><\/button><\/span><\/p>\n<div class=\"container ng-tns-c253558143-118\">\n<div class=\"carousel-container ng-tns-c253558143-118\">\n<div class=\"carousel-content ng-tns-c253558143-118\">\n<div class=\"sources-carousel-source ng-tns-c253558143-118 ng-star-inserted\" data-test-id=\"sources-carousel-source\">\n<div class=\"source-card-container\">\n<div class=\"source-card-content\">\n<div class=\"source-card-body\">\n<div class=\"source-card-header\">\n<div class=\"source-card-title\"><span class=\"source-card-title-index ng-star-inserted\">1.<\/span><span class=\"ellipsis clamp-two-lines\"> www.riversidesolution.in <\/span><\/div>\n<\/div>\n<\/div>\n<div class=\"source-card-footer\">\n<div class=\"source-card-attribution\"><span class=\"source-card-attribution-text ellipsis\">www.riversidesolution.in<\/span><\/div>\n<\/div>\n<\/div>\n<\/div>\n<\/div>\n<\/div>\n<\/div>\n<\/div>\n<p data-sourcepos=\"11:1-11:216\"><strong>BETRIEBSBEDINGUNGEN:<\/strong> 4A Medical Ethylenoxid-B\u00e4nder sind f\u00fcr den Einsatz bei 60%\u00b110% Luftfeuchtigkeit, 37 \u00b0C\u00b10,5 \u00b0C f\u00fcr 90 Minuten oder 54 \u00b0C\u00b10,5 \u00b0C f\u00fcr 30 Minuten bei einer Ethylenoxid-Konzentration von 600\u00b130 mg\/l ausgelegt. Das Band ist latexfrei.<\/p>\n<p data-sourcepos=\"13:1-13:111\"><strong>PRODUKTSPEZIFIKATIONEN:<\/strong> 19 mm x 50 m und 25 mm x 50 m Ethylenoxid-Indikator auf Krepppapierband gedruckt.<\/p>\n<div class=\"horizontal-scroll-wrapper\">\n<div class=\"table-block-component\">\n<div class=\"table-block table-formatting\">\n<div class=\"table-content not-end-of-paragraph\">\n<table class=\"table-formatting\" data-sourcepos=\"15:1-22:83\">\n<tbody>\n<tr data-sourcepos=\"15:1-15:65\">\n<th data-sourcepos=\"15:1-15:17\">SPEZIFIKATION<\/th>\n<th data-sourcepos=\"15:19-15:33\">EINHEIT<\/th>\n<th data-sourcepos=\"15:35-15:47\">STANDARD<\/th>\n<th data-sourcepos=\"15:49-15:63\">TYPISCHER WERT<\/th>\n<\/tr>\n<tr data-sourcepos=\"17:1-17:65\">\n<td data-sourcepos=\"17:1-17:17\">BREITE<\/td>\n<td data-sourcepos=\"17:19-17:33\">mm<\/td>\n<td data-sourcepos=\"17:35-17:47\">19\u00b11<\/td>\n<td data-sourcepos=\"17:49-17:63\"><\/td>\n<\/tr>\n<tr data-sourcepos=\"18:1-18:65\">\n<td data-sourcepos=\"18:1-18:17\">L\u00c4NGE<\/td>\n<td data-sourcepos=\"18:19-18:33\">M<\/td>\n<td data-sourcepos=\"18:35-18:47\">50\u00b11%<\/td>\n<td data-sourcepos=\"18:49-18:63\"><\/td>\n<\/tr>\n<tr data-sourcepos=\"19:1-19:65\">\n<td data-sourcepos=\"19:1-19:17\">DICKE<\/td>\n<td data-sourcepos=\"19:19-19:33\">Mikron<\/td>\n<td data-sourcepos=\"19:35-19:47\">110 \u00b1 10<\/td>\n<td data-sourcepos=\"19:49-19:63\"><\/td>\n<\/tr>\n<tr data-sourcepos=\"20:1-20:65\">\n<td data-sourcepos=\"20:1-20:17\">SOFORTIGE HAFTBARKEIT<\/td>\n<td data-sourcepos=\"20:19-20:33\">g\/m\u00b2<\/td>\n<td data-sourcepos=\"20:35-20:47\">ASTM D3121<\/td>\n<td data-sourcepos=\"20:49-20:63\">28 \u00b1 3<\/td>\n<\/tr>\n<tr data-sourcepos=\"21:1-21:65\">\n<td data-sourcepos=\"21:1-21:17\">SCH\u00c4LHAFTUNG<\/td>\n<td data-sourcepos=\"21:19-21:33\">N\/25 mm<\/td>\n<td data-sourcepos=\"21:35-21:47\">ASTM D3121<\/td>\n<td data-sourcepos=\"21:49-21:63\">3,50 \u00b1 0,50<\/td>\n<\/tr>\n<tr data-sourcepos=\"22:1-22:83\">\n<td data-sourcepos=\"22:1-22:19\">BLINKERSTEUERUNG<\/td>\n<td data-sourcepos=\"22:21-22:33\"><\/td>\n<td data-sourcepos=\"22:35-22:47\">ISO 11140-1<\/td>\n<td data-sourcepos=\"22:49-22:81\">Muss die angegebene Farbe zur\u00fcckgeben<\/td>\n<\/tr>\n<\/tbody>\n<\/table>\n<\/div>\n<div class=\"table-footer table-formatting hide-from-message-actions ng-star-inserted\"><\/div>\n<\/div>\n<\/div>\n<\/div>\n<p data-sourcepos=\"24:1-24:228\"><strong>LAGERUNG UND ENTSORGUNG:<\/strong> Nach dem Verpacken kann Klebeband verwendet werden, um das \u00d6ffnen von Krepp- und SMS-Papier zu verhindern. Besch\u00e4digte Produkte nicht verwenden. Bei Raumtemperatur (25 \u00b0C) lagern. Die Haltbarkeit betr\u00e4gt 4 Jahre ab Produktionsdatum.<\/p>\n<p data-sourcepos=\"26:1-26:97\"><strong>VERPACKUNG:<\/strong> 19 mm x 50 m: 50 St\u00fcck im Karton \/ 25 mm x 50 m: 40 St\u00fcck im Karton.<\/p>\n<table style=\"height: 39px\" border=\"0\" width=\"622\">\n<thead>\n<tr>\n<th>Produktcode<\/th>\n<th>Produktname<\/th>\n<th>MENGE<\/th>\n<th>Gr\u00f6\u00dfe<\/th>\n<\/tr>\n<\/thead>\n<tbody>\n<tr>\n<td>4AAT1950<\/td>\n<td><\/td>\n<td>1x<\/td>\n<td>19 mm x 50 m<\/td>\n<\/tr>\n<tr>\n<td>4AAT2550<\/td>\n<td><\/td>\n<td>1x<\/td>\n<td>25 mm x 50 m<\/td>\n<\/tr>\n<\/tbody>\n<\/table>","protected":false},"excerpt":{"rendered":"<ul>\n<li>Datenblatt<\/li>\n<li><a href=\"https:\/\/protectiva.de\/wp-content\/uploads\/2025\/03\/4AEOT1950.pdf\">4AEOT1950<\/a><\/li>\n<\/ul>\n<p>Ethylenoxid-Klebeband ist ein Klebeband, das bei der EO-Gassterilisation verwendet wird, um anzuzeigen, ob ein bestimmtes Gas freigesetzt wurde. EO-Klebeb\u00e4nder verf\u00fcgen \u00fcber einen Typ-1-Indikator. Ethylenoxid-Klebeb\u00e4nder ver\u00e4ndern nach dem Einwirken steriler Bedingungen ihre Farbe. Das Band verf\u00fcgt au\u00dferdem \u00fcber einen chemischen Indikator, der den Sterilisationsprozess best\u00e4tigt. Sie sind eine sichere L\u00f6sung zum Verschlie\u00dfen von Verpackungsmaterialien.<\/p>\n<div id=\"gtx-trans\" style=\"position: absolute;left: -26px;top: -10px\">\n<div class=\"gtx-trans-icon\"><\/div>\n<\/div>","protected":false},"featured_media":18213,"comment_status":"open","ping_status":"closed","template":"","meta":[],"product_brand":[],"product_cat":[189,109],"product_tag":[],"class_list":{"0":"post-18509","1":"product","2":"type-product","3":"status-publish","4":"has-post-thumbnail","6":"product_cat-autoclave-tapes","7":"product_cat-sterilization-n","9":"first","10":"instock","11":"shipping-taxable","12":"product-type-grouped"},"yoast_head":"<!-- This site is optimized with the Yoast SEO plugin v26.2 - https:\/\/yoast.com\/wordpress\/plugins\/seo\/ -->\n<title>Ethylene Oxide Tape - Protectiva.pl \u2013 Professionelle Medizinische und Hygieneprodukte | CE- &amp; ISO-zertifiziert<\/title>\n<meta name=\"robots\" content=\"index, follow, max-snippet:-1, max-image-preview:large, max-video-preview:-1\" \/>\n<link rel=\"canonical\" href=\"https:\/\/protectiva.de\/de\/?product=ethylene-oxide-tape-2\" \/>\n<meta property=\"og:locale\" content=\"de_DE\" \/>\n<meta property=\"og:type\" content=\"article\" \/>\n<meta property=\"og:title\" content=\"Ethylene Oxide Tape - Protectiva.pl \u2013 Professionelle Medizinische und Hygieneprodukte | CE- &amp; ISO-zertifiziert\" \/>\n<meta property=\"og:description\" content=\"Data Sheet  4AEOT1950  Ethylene Oxide Tape is an adhesive tape used in EO Gas sterilization to indicate whether a specific gas has been exposed. EO Tapes have a Type 1 indicator. Ethylene Oxide Tape works by changing color after exposure to sterilization conditions. The tape also features a chemical indicator to verify that it has gone through the sterilization process. They are a safe solution for closing wrapping materials.\" \/>\n<meta property=\"og:url\" content=\"https:\/\/protectiva.de\/de\/?product=ethylene-oxide-tape-2\" \/>\n<meta property=\"og:site_name\" content=\"Protectiva.pl \u2013 Professionelle Medizinische und Hygieneprodukte | CE- &amp; ISO-zertifiziert\" \/>\n<meta property=\"article:modified_time\" content=\"2025-03-28T19:09:46+00:00\" \/>\n<meta property=\"og:image\" content=\"https:\/\/protectiva.de\/wp-content\/uploads\/2025\/03\/4AEOT1950.jpg\" \/>\n\t<meta property=\"og:image:width\" content=\"1000\" \/>\n\t<meta property=\"og:image:height\" content=\"1000\" \/>\n\t<meta property=\"og:image:type\" content=\"image\/jpeg\" \/>\n<meta name=\"twitter:card\" content=\"summary_large_image\" \/>\n<meta name=\"twitter:label1\" content=\"Gesch\u00e4tzte Lesezeit\" \/>\n\t<meta name=\"twitter:data1\" content=\"1\u00a0Minute\" \/>\n<script type=\"application\/ld+json\" class=\"yoast-schema-graph\">{\"@context\":\"https:\/\/schema.org\",\"@graph\":[{\"@type\":\"WebPage\",\"@id\":\"https:\/\/protectiva.de\/?product=ethylene-oxide-tape-2\",\"url\":\"https:\/\/protectiva.de\/?product=ethylene-oxide-tape-2\",\"name\":\"Ethylene Oxide Tape - Protectiva.pl \u2013 Professionelle Medizinische und Hygieneprodukte | CE- &amp; ISO-zertifiziert\",\"isPartOf\":{\"@id\":\"https:\/\/protectiva.de\/#website\"},\"primaryImageOfPage\":{\"@id\":\"https:\/\/protectiva.de\/?product=ethylene-oxide-tape-2#primaryimage\"},\"image\":{\"@id\":\"https:\/\/protectiva.de\/?product=ethylene-oxide-tape-2#primaryimage\"},\"thumbnailUrl\":\"https:\/\/protectiva.de\/wp-content\/uploads\/2025\/03\/4AEOT1950.jpg\",\"datePublished\":\"2025-03-27T11:41:15+00:00\",\"dateModified\":\"2025-03-28T19:09:46+00:00\",\"breadcrumb\":{\"@id\":\"https:\/\/protectiva.de\/?product=ethylene-oxide-tape-2#breadcrumb\"},\"inLanguage\":\"de\",\"potentialAction\":[{\"@type\":\"ReadAction\",\"target\":[\"https:\/\/protectiva.de\/?product=ethylene-oxide-tape-2\"]}]},{\"@type\":\"ImageObject\",\"inLanguage\":\"de\",\"@id\":\"https:\/\/protectiva.de\/?product=ethylene-oxide-tape-2#primaryimage\",\"url\":\"https:\/\/protectiva.de\/wp-content\/uploads\/2025\/03\/4AEOT1950.jpg\",\"contentUrl\":\"https:\/\/protectiva.de\/wp-content\/uploads\/2025\/03\/4AEOT1950.jpg\",\"width\":1000,\"height\":1000},{\"@type\":\"BreadcrumbList\",\"@id\":\"https:\/\/protectiva.de\/?product=ethylene-oxide-tape-2#breadcrumb\",\"itemListElement\":[{\"@type\":\"ListItem\",\"position\":1,\"name\":\"Home\",\"item\":\"https:\/\/protectiva.de\/\"},{\"@type\":\"ListItem\",\"position\":2,\"name\":\"All Products\",\"item\":\"https:\/\/protectiva.de\/shop\/\"},{\"@type\":\"ListItem\",\"position\":3,\"name\":\"Ethylene Oxide Tape\"}]},{\"@type\":\"WebSite\",\"@id\":\"https:\/\/protectiva.de\/#website\",\"url\":\"https:\/\/protectiva.de\/\",\"name\":\"Protectiva\",\"description\":\"Innovative Medical Solutions Protectiva.de bietet hochwertige medizinische und Hygieneprodukte. Zuverl\u00e4ssige Schutzausr\u00fcstung, Sterilisationsl\u00f6sungen und Gesundheitsversorgung gem\u00e4\u00df CE- und ISO-Standards f\u00fcr Krankenh\u00e4user und Kliniken. Die ideale Wahl f\u00fcr sichere und komfortable Gesundheitsumgebungen.\",\"publisher\":{\"@id\":\"https:\/\/protectiva.de\/#organization\"},\"potentialAction\":[{\"@type\":\"SearchAction\",\"target\":{\"@type\":\"EntryPoint\",\"urlTemplate\":\"https:\/\/protectiva.de\/?s={search_term_string}\"},\"query-input\":{\"@type\":\"PropertyValueSpecification\",\"valueRequired\":true,\"valueName\":\"search_term_string\"}}],\"inLanguage\":\"de\"},{\"@type\":\"Organization\",\"@id\":\"https:\/\/protectiva.de\/#organization\",\"name\":\"Protectiva\",\"url\":\"https:\/\/protectiva.de\/\",\"logo\":{\"@type\":\"ImageObject\",\"inLanguage\":\"de\",\"@id\":\"https:\/\/protectiva.de\/#\/schema\/logo\/image\/\",\"url\":\"https:\/\/protectiva.de\/wp-content\/uploads\/2025\/03\/logo-protectiva-son-hali.png\",\"contentUrl\":\"https:\/\/protectiva.de\/wp-content\/uploads\/2025\/03\/logo-protectiva-son-hali.png\",\"width\":1140,\"height\":585,\"caption\":\"Protectiva\"},\"image\":{\"@id\":\"https:\/\/protectiva.de\/#\/schema\/logo\/image\/\"}}]}<\/script>\n<!-- \/ Yoast SEO plugin. -->","yoast_head_json":{"title":"Ethylene Oxide Tape - Protectiva.pl \u2013 Professionelle Medizinische und Hygieneprodukte | CE- &amp; ISO-zertifiziert","robots":{"index":"index","follow":"follow","max-snippet":"max-snippet:-1","max-image-preview":"max-image-preview:large","max-video-preview":"max-video-preview:-1"},"canonical":"https:\/\/protectiva.de\/de\/?product=ethylene-oxide-tape-2","og_locale":"de_DE","og_type":"article","og_title":"Ethylene Oxide Tape - Protectiva.pl \u2013 Professionelle Medizinische und Hygieneprodukte | CE- &amp; ISO-zertifiziert","og_description":"Data Sheet  4AEOT1950  Ethylene Oxide Tape is an adhesive tape used in EO Gas sterilization to indicate whether a specific gas has been exposed. EO Tapes have a Type 1 indicator. Ethylene Oxide Tape works by changing color after exposure to sterilization conditions. The tape also features a chemical indicator to verify that it has gone through the sterilization process. They are a safe solution for closing wrapping materials.","og_url":"https:\/\/protectiva.de\/de\/?product=ethylene-oxide-tape-2","og_site_name":"Protectiva.pl \u2013 Professionelle Medizinische und Hygieneprodukte | CE- &amp; ISO-zertifiziert","article_modified_time":"2025-03-28T19:09:46+00:00","og_image":[{"width":1000,"height":1000,"url":"https:\/\/protectiva.de\/wp-content\/uploads\/2025\/03\/4AEOT1950.jpg","type":"image\/jpeg"}],"twitter_card":"summary_large_image","twitter_misc":{"Gesch\u00e4tzte Lesezeit":"1\u00a0Minute"},"schema":{"@context":"https:\/\/schema.org","@graph":[{"@type":"WebPage","@id":"https:\/\/protectiva.de\/?product=ethylene-oxide-tape-2","url":"https:\/\/protectiva.de\/?product=ethylene-oxide-tape-2","name":"Ethylene Oxide Tape - Protectiva.pl \u2013 Professionelle Medizinische und Hygieneprodukte | CE- &amp; ISO-zertifiziert","isPartOf":{"@id":"https:\/\/protectiva.de\/#website"},"primaryImageOfPage":{"@id":"https:\/\/protectiva.de\/?product=ethylene-oxide-tape-2#primaryimage"},"image":{"@id":"https:\/\/protectiva.de\/?product=ethylene-oxide-tape-2#primaryimage"},"thumbnailUrl":"https:\/\/protectiva.de\/wp-content\/uploads\/2025\/03\/4AEOT1950.jpg","datePublished":"2025-03-27T11:41:15+00:00","dateModified":"2025-03-28T19:09:46+00:00","breadcrumb":{"@id":"https:\/\/protectiva.de\/?product=ethylene-oxide-tape-2#breadcrumb"},"inLanguage":"de","potentialAction":[{"@type":"ReadAction","target":["https:\/\/protectiva.de\/?product=ethylene-oxide-tape-2"]}]},{"@type":"ImageObject","inLanguage":"de","@id":"https:\/\/protectiva.de\/?product=ethylene-oxide-tape-2#primaryimage","url":"https:\/\/protectiva.de\/wp-content\/uploads\/2025\/03\/4AEOT1950.jpg","contentUrl":"https:\/\/protectiva.de\/wp-content\/uploads\/2025\/03\/4AEOT1950.jpg","width":1000,"height":1000},{"@type":"BreadcrumbList","@id":"https:\/\/protectiva.de\/?product=ethylene-oxide-tape-2#breadcrumb","itemListElement":[{"@type":"ListItem","position":1,"name":"Home","item":"https:\/\/protectiva.de\/"},{"@type":"ListItem","position":2,"name":"All Products","item":"https:\/\/protectiva.de\/shop\/"},{"@type":"ListItem","position":3,"name":"Ethylene Oxide Tape"}]},{"@type":"WebSite","@id":"https:\/\/protectiva.de\/#website","url":"https:\/\/protectiva.de\/","name":"Protectiva","description":"Innovative Medical Solutions Protectiva.de bietet hochwertige medizinische und Hygieneprodukte. Zuverl\u00e4ssige Schutzausr\u00fcstung, Sterilisationsl\u00f6sungen und Gesundheitsversorgung gem\u00e4\u00df CE- und ISO-Standards f\u00fcr Krankenh\u00e4user und Kliniken. Die ideale Wahl f\u00fcr sichere und komfortable Gesundheitsumgebungen.","publisher":{"@id":"https:\/\/protectiva.de\/#organization"},"potentialAction":[{"@type":"SearchAction","target":{"@type":"EntryPoint","urlTemplate":"https:\/\/protectiva.de\/?s={search_term_string}"},"query-input":{"@type":"PropertyValueSpecification","valueRequired":true,"valueName":"search_term_string"}}],"inLanguage":"de"},{"@type":"Organization","@id":"https:\/\/protectiva.de\/#organization","name":"Protectiva","url":"https:\/\/protectiva.de\/","logo":{"@type":"ImageObject","inLanguage":"de","@id":"https:\/\/protectiva.de\/#\/schema\/logo\/image\/","url":"https:\/\/protectiva.de\/wp-content\/uploads\/2025\/03\/logo-protectiva-son-hali.png","contentUrl":"https:\/\/protectiva.de\/wp-content\/uploads\/2025\/03\/logo-protectiva-son-hali.png","width":1140,"height":585,"caption":"Protectiva"},"image":{"@id":"https:\/\/protectiva.de\/#\/schema\/logo\/image\/"}}]}},"_links":{"self":[{"href":"https:\/\/protectiva.de\/de\/wp-json\/wp\/v2\/product\/18509","targetHints":{"allow":["GET"]}}],"collection":[{"href":"https:\/\/protectiva.de\/de\/wp-json\/wp\/v2\/product"}],"about":[{"href":"https:\/\/protectiva.de\/de\/wp-json\/wp\/v2\/types\/product"}],"replies":[{"embeddable":true,"href":"https:\/\/protectiva.de\/de\/wp-json\/wp\/v2\/comments?post=18509"}],"wp:featuredmedia":[{"embeddable":true,"href":"https:\/\/protectiva.de\/de\/wp-json\/wp\/v2\/media\/18213"}],"wp:attachment":[{"href":"https:\/\/protectiva.de\/de\/wp-json\/wp\/v2\/media?parent=18509"}],"wp:term":[{"taxonomy":"product_brand","embeddable":true,"href":"https:\/\/protectiva.de\/de\/wp-json\/wp\/v2\/product_brand?post=18509"},{"taxonomy":"product_cat","embeddable":true,"href":"https:\/\/protectiva.de\/de\/wp-json\/wp\/v2\/product_cat?post=18509"},{"taxonomy":"product_tag","embeddable":true,"href":"https:\/\/protectiva.de\/de\/wp-json\/wp\/v2\/product_tag?post=18509"}],"curies":[{"name":"wp","href":"https:\/\/api.w.org\/{rel}","templated":true}]}}