{"id":18506,"date":"2025-03-27T11:23:06","date_gmt":"2025-03-27T11:23:06","guid":{"rendered":"https:\/\/protectiva.pl\/?post_type=product&#038;p=18506"},"modified":"2025-03-28T19:09:47","modified_gmt":"2025-03-28T19:09:47","slug":"pcd-helix-2","status":"publish","type":"product","link":"https:\/\/protectiva.de\/de\/produkt\/pcd-helix-2\/","title":{"rendered":"PCD und Spirale"},"content":{"rendered":"<table style=\"height: 141px\" border=\"0\" width=\"706\">\n<thead>\n<tr>\n<th>Produktcode<\/th>\n<th>Produktname<\/th>\n<th>MENGE<\/th>\n<th>Gr\u00f6\u00dfe<\/th>\n<\/tr>\n<\/thead>\n<tbody>\n<tr>\n<td>4APCD400<\/td>\n<td><\/td>\n<td>1x<\/td>\n<td>400<\/td>\n<\/tr>\n<tr>\n<td>4AHLX400<\/td>\n<td><\/td>\n<td>1x<\/td>\n<td>400<\/td>\n<\/tr>\n<tr>\n<td>4APCD<\/td>\n<td><\/td>\n<td>1x<\/td>\n<td>100<\/td>\n<\/tr>\n<tr>\n<td>4AHLX<\/td>\n<td><\/td>\n<td>1x<\/td>\n<td>100<\/td>\n<\/tr>\n<\/tbody>\n<\/table>","protected":false},"excerpt":{"rendered":"<ul>\n<li>Datenblatt<\/li>\n<\/ul>\n<p>Der PCD-Helix-Beladungskontrolltest verf\u00fcgt \u00fcber einen selbstklebenden Indikator am hinteren Ende. Das PCD-Testkit hat einen 1 m langen Schlauch, das Helix-Testkit einen 1,5 m langen Schlauch. Jede Packung enth\u00e4lt 100 Indikatoren. Bei diesem Produkt zur Ladungskontrolle befindet sich der selbstklebende Indikator am hinteren Ende der Testvorrichtung. Der Dampfeinlass kann sich nur am Anfang des Schlauchs befinden und den chemischen Indikator am Ende des Schlauchs nur \u00fcber einen einzigen Punkt erreichen. Ein Farbwechsel des chemischen Indikators trotz schwieriger Bedingungen ist ein wichtiger Hinweis f\u00fcr den Sterilisationsprozess dieser Ladung und sollte als Nachweis f\u00fcr die erfolgreiche Sterilisation der Ladung dokumentiert werden.<\/p>","protected":false},"featured_media":18204,"comment_status":"open","ping_status":"closed","template":"","meta":[],"product_brand":[],"product_cat":[188,109],"product_tag":[],"class_list":{"0":"post-18506","1":"product","2":"type-product","3":"status-publish","4":"has-post-thumbnail","6":"product_cat-autoclave-test-package","7":"product_cat-sterilization-n","9":"first","10":"instock","11":"shipping-taxable","12":"product-type-grouped"},"yoast_head":"<!-- This site is optimized with the Yoast SEO plugin v26.2 - https:\/\/yoast.com\/wordpress\/plugins\/seo\/ -->\n<title>PCD &amp; Helix - Protectiva.pl \u2013 Professionelle Medizinische und Hygieneprodukte | CE- &amp; ISO-zertifiziert<\/title>\n<meta name=\"robots\" content=\"index, follow, max-snippet:-1, max-image-preview:large, max-video-preview:-1\" \/>\n<link rel=\"canonical\" href=\"https:\/\/protectiva.de\/de\/?product=pcd-helix-2\" \/>\n<meta property=\"og:locale\" content=\"de_DE\" \/>\n<meta property=\"og:type\" content=\"article\" \/>\n<meta property=\"og:title\" content=\"PCD &amp; Helix - Protectiva.pl \u2013 Professionelle Medizinische und Hygieneprodukte | CE- &amp; ISO-zertifiziert\" \/>\n<meta property=\"og:description\" content=\"Data Sheet  PCD- Helix Load Control Test has a self adhesive indicator on the far end. The PCD test kit has a 1 m long hose, and the Helix test kit has a 1.5 m long hose. There are 100 indicators in each package. In this product used for load control, the adhesive indicator is placed at the far end of the test apparatus, steam inlet only can be at the beginning of the hose and it can reach the chemical indicator at the end of the hose by passing at a single point. If the chemical indicator color change is achieved despite the difficult conditions, it is an important reference for the sterilization process in that load and should be recorded as a record for the successful sterilization of the load.\" \/>\n<meta property=\"og:url\" content=\"https:\/\/protectiva.de\/de\/?product=pcd-helix-2\" \/>\n<meta property=\"og:site_name\" content=\"Protectiva.pl \u2013 Professionelle Medizinische und Hygieneprodukte | CE- &amp; ISO-zertifiziert\" \/>\n<meta property=\"article:modified_time\" content=\"2025-03-28T19:09:47+00:00\" \/>\n<meta property=\"og:image\" content=\"https:\/\/protectiva.de\/wp-content\/uploads\/2025\/03\/4ADXR11.jpg\" \/>\n\t<meta property=\"og:image:width\" content=\"1000\" \/>\n\t<meta property=\"og:image:height\" content=\"1000\" \/>\n\t<meta property=\"og:image:type\" content=\"image\/jpeg\" \/>\n<meta name=\"twitter:card\" content=\"summary_large_image\" \/>\n<script type=\"application\/ld+json\" class=\"yoast-schema-graph\">{\"@context\":\"https:\/\/schema.org\",\"@graph\":[{\"@type\":\"WebPage\",\"@id\":\"https:\/\/protectiva.de\/?product=pcd-helix-2\",\"url\":\"https:\/\/protectiva.de\/?product=pcd-helix-2\",\"name\":\"PCD &amp; Helix - Protectiva.pl \u2013 Professionelle Medizinische und Hygieneprodukte | CE- &amp; ISO-zertifiziert\",\"isPartOf\":{\"@id\":\"https:\/\/protectiva.de\/#website\"},\"primaryImageOfPage\":{\"@id\":\"https:\/\/protectiva.de\/?product=pcd-helix-2#primaryimage\"},\"image\":{\"@id\":\"https:\/\/protectiva.de\/?product=pcd-helix-2#primaryimage\"},\"thumbnailUrl\":\"https:\/\/protectiva.de\/wp-content\/uploads\/2025\/03\/4ADXR11.jpg\",\"datePublished\":\"2025-03-27T11:23:06+00:00\",\"dateModified\":\"2025-03-28T19:09:47+00:00\",\"breadcrumb\":{\"@id\":\"https:\/\/protectiva.de\/?product=pcd-helix-2#breadcrumb\"},\"inLanguage\":\"de\",\"potentialAction\":[{\"@type\":\"ReadAction\",\"target\":[\"https:\/\/protectiva.de\/?product=pcd-helix-2\"]}]},{\"@type\":\"ImageObject\",\"inLanguage\":\"de\",\"@id\":\"https:\/\/protectiva.de\/?product=pcd-helix-2#primaryimage\",\"url\":\"https:\/\/protectiva.de\/wp-content\/uploads\/2025\/03\/4ADXR11.jpg\",\"contentUrl\":\"https:\/\/protectiva.de\/wp-content\/uploads\/2025\/03\/4ADXR11.jpg\",\"width\":1000,\"height\":1000},{\"@type\":\"BreadcrumbList\",\"@id\":\"https:\/\/protectiva.de\/?product=pcd-helix-2#breadcrumb\",\"itemListElement\":[{\"@type\":\"ListItem\",\"position\":1,\"name\":\"Home\",\"item\":\"https:\/\/protectiva.de\/\"},{\"@type\":\"ListItem\",\"position\":2,\"name\":\"All Products\",\"item\":\"https:\/\/protectiva.de\/shop\/\"},{\"@type\":\"ListItem\",\"position\":3,\"name\":\"PCD &amp; Helix\"}]},{\"@type\":\"WebSite\",\"@id\":\"https:\/\/protectiva.de\/#website\",\"url\":\"https:\/\/protectiva.de\/\",\"name\":\"Protectiva\",\"description\":\"Innovative Medical Solutions Protectiva.de bietet hochwertige medizinische und Hygieneprodukte. Zuverl\u00e4ssige Schutzausr\u00fcstung, Sterilisationsl\u00f6sungen und Gesundheitsversorgung gem\u00e4\u00df CE- und ISO-Standards f\u00fcr Krankenh\u00e4user und Kliniken. Die ideale Wahl f\u00fcr sichere und komfortable Gesundheitsumgebungen.\",\"publisher\":{\"@id\":\"https:\/\/protectiva.de\/#organization\"},\"potentialAction\":[{\"@type\":\"SearchAction\",\"target\":{\"@type\":\"EntryPoint\",\"urlTemplate\":\"https:\/\/protectiva.de\/?s={search_term_string}\"},\"query-input\":{\"@type\":\"PropertyValueSpecification\",\"valueRequired\":true,\"valueName\":\"search_term_string\"}}],\"inLanguage\":\"de\"},{\"@type\":\"Organization\",\"@id\":\"https:\/\/protectiva.de\/#organization\",\"name\":\"Protectiva\",\"url\":\"https:\/\/protectiva.de\/\",\"logo\":{\"@type\":\"ImageObject\",\"inLanguage\":\"de\",\"@id\":\"https:\/\/protectiva.de\/#\/schema\/logo\/image\/\",\"url\":\"https:\/\/protectiva.de\/wp-content\/uploads\/2025\/03\/logo-protectiva-son-hali.png\",\"contentUrl\":\"https:\/\/protectiva.de\/wp-content\/uploads\/2025\/03\/logo-protectiva-son-hali.png\",\"width\":1140,\"height\":585,\"caption\":\"Protectiva\"},\"image\":{\"@id\":\"https:\/\/protectiva.de\/#\/schema\/logo\/image\/\"}}]}<\/script>\n<!-- \/ Yoast SEO plugin. -->","yoast_head_json":{"title":"PCD &amp; Helix - Protectiva.pl \u2013 Professionelle Medizinische und Hygieneprodukte | CE- &amp; ISO-zertifiziert","robots":{"index":"index","follow":"follow","max-snippet":"max-snippet:-1","max-image-preview":"max-image-preview:large","max-video-preview":"max-video-preview:-1"},"canonical":"https:\/\/protectiva.de\/de\/?product=pcd-helix-2","og_locale":"de_DE","og_type":"article","og_title":"PCD &amp; Helix - Protectiva.pl \u2013 Professionelle Medizinische und Hygieneprodukte | CE- &amp; ISO-zertifiziert","og_description":"Data Sheet  PCD- Helix Load Control Test has a self adhesive indicator on the far end. The PCD test kit has a 1 m long hose, and the Helix test kit has a 1.5 m long hose. There are 100 indicators in each package. In this product used for load control, the adhesive indicator is placed at the far end of the test apparatus, steam inlet only can be at the beginning of the hose and it can reach the chemical indicator at the end of the hose by passing at a single point. If the chemical indicator color change is achieved despite the difficult conditions, it is an important reference for the sterilization process in that load and should be recorded as a record for the successful sterilization of the load.","og_url":"https:\/\/protectiva.de\/de\/?product=pcd-helix-2","og_site_name":"Protectiva.pl \u2013 Professionelle Medizinische und Hygieneprodukte | CE- &amp; ISO-zertifiziert","article_modified_time":"2025-03-28T19:09:47+00:00","og_image":[{"width":1000,"height":1000,"url":"https:\/\/protectiva.de\/wp-content\/uploads\/2025\/03\/4ADXR11.jpg","type":"image\/jpeg"}],"twitter_card":"summary_large_image","schema":{"@context":"https:\/\/schema.org","@graph":[{"@type":"WebPage","@id":"https:\/\/protectiva.de\/?product=pcd-helix-2","url":"https:\/\/protectiva.de\/?product=pcd-helix-2","name":"PCD &amp; Helix - Protectiva.pl \u2013 Professionelle Medizinische und Hygieneprodukte | CE- &amp; ISO-zertifiziert","isPartOf":{"@id":"https:\/\/protectiva.de\/#website"},"primaryImageOfPage":{"@id":"https:\/\/protectiva.de\/?product=pcd-helix-2#primaryimage"},"image":{"@id":"https:\/\/protectiva.de\/?product=pcd-helix-2#primaryimage"},"thumbnailUrl":"https:\/\/protectiva.de\/wp-content\/uploads\/2025\/03\/4ADXR11.jpg","datePublished":"2025-03-27T11:23:06+00:00","dateModified":"2025-03-28T19:09:47+00:00","breadcrumb":{"@id":"https:\/\/protectiva.de\/?product=pcd-helix-2#breadcrumb"},"inLanguage":"de","potentialAction":[{"@type":"ReadAction","target":["https:\/\/protectiva.de\/?product=pcd-helix-2"]}]},{"@type":"ImageObject","inLanguage":"de","@id":"https:\/\/protectiva.de\/?product=pcd-helix-2#primaryimage","url":"https:\/\/protectiva.de\/wp-content\/uploads\/2025\/03\/4ADXR11.jpg","contentUrl":"https:\/\/protectiva.de\/wp-content\/uploads\/2025\/03\/4ADXR11.jpg","width":1000,"height":1000},{"@type":"BreadcrumbList","@id":"https:\/\/protectiva.de\/?product=pcd-helix-2#breadcrumb","itemListElement":[{"@type":"ListItem","position":1,"name":"Home","item":"https:\/\/protectiva.de\/"},{"@type":"ListItem","position":2,"name":"All Products","item":"https:\/\/protectiva.de\/shop\/"},{"@type":"ListItem","position":3,"name":"PCD &amp; Helix"}]},{"@type":"WebSite","@id":"https:\/\/protectiva.de\/#website","url":"https:\/\/protectiva.de\/","name":"Protectiva","description":"Innovative Medical Solutions Protectiva.de bietet hochwertige medizinische und Hygieneprodukte. Zuverl\u00e4ssige Schutzausr\u00fcstung, Sterilisationsl\u00f6sungen und Gesundheitsversorgung gem\u00e4\u00df CE- und ISO-Standards f\u00fcr Krankenh\u00e4user und Kliniken. Die ideale Wahl f\u00fcr sichere und komfortable Gesundheitsumgebungen.","publisher":{"@id":"https:\/\/protectiva.de\/#organization"},"potentialAction":[{"@type":"SearchAction","target":{"@type":"EntryPoint","urlTemplate":"https:\/\/protectiva.de\/?s={search_term_string}"},"query-input":{"@type":"PropertyValueSpecification","valueRequired":true,"valueName":"search_term_string"}}],"inLanguage":"de"},{"@type":"Organization","@id":"https:\/\/protectiva.de\/#organization","name":"Protectiva","url":"https:\/\/protectiva.de\/","logo":{"@type":"ImageObject","inLanguage":"de","@id":"https:\/\/protectiva.de\/#\/schema\/logo\/image\/","url":"https:\/\/protectiva.de\/wp-content\/uploads\/2025\/03\/logo-protectiva-son-hali.png","contentUrl":"https:\/\/protectiva.de\/wp-content\/uploads\/2025\/03\/logo-protectiva-son-hali.png","width":1140,"height":585,"caption":"Protectiva"},"image":{"@id":"https:\/\/protectiva.de\/#\/schema\/logo\/image\/"}}]}},"_links":{"self":[{"href":"https:\/\/protectiva.de\/de\/wp-json\/wp\/v2\/product\/18506","targetHints":{"allow":["GET"]}}],"collection":[{"href":"https:\/\/protectiva.de\/de\/wp-json\/wp\/v2\/product"}],"about":[{"href":"https:\/\/protectiva.de\/de\/wp-json\/wp\/v2\/types\/product"}],"replies":[{"embeddable":true,"href":"https:\/\/protectiva.de\/de\/wp-json\/wp\/v2\/comments?post=18506"}],"wp:featuredmedia":[{"embeddable":true,"href":"https:\/\/protectiva.de\/de\/wp-json\/wp\/v2\/media\/18204"}],"wp:attachment":[{"href":"https:\/\/protectiva.de\/de\/wp-json\/wp\/v2\/media?parent=18506"}],"wp:term":[{"taxonomy":"product_brand","embeddable":true,"href":"https:\/\/protectiva.de\/de\/wp-json\/wp\/v2\/product_brand?post=18506"},{"taxonomy":"product_cat","embeddable":true,"href":"https:\/\/protectiva.de\/de\/wp-json\/wp\/v2\/product_cat?post=18506"},{"taxonomy":"product_tag","embeddable":true,"href":"https:\/\/protectiva.de\/de\/wp-json\/wp\/v2\/product_tag?post=18506"}],"curies":[{"name":"wp","href":"https:\/\/api.w.org\/{rel}","templated":true}]}}