{"id":18504,"date":"2025-03-27T11:19:27","date_gmt":"2025-03-27T11:19:27","guid":{"rendered":"https:\/\/protectiva.pl\/?post_type=product&#038;p=18504"},"modified":"2025-03-28T19:09:47","modified_gmt":"2025-03-28T19:09:47","slug":"bowie-dick-testpaket-2","status":"publish","type":"product","link":"https:\/\/protectiva.de\/de\/produkt\/bowie-dick-testpaket-2\/","title":{"rendered":"Bowie Dick Testpaket"},"content":{"rendered":"<table style=\"height: 198px\" border=\"0\" width=\"911\">\n<thead>\n<tr>\n<th>Produktcode<\/th>\n<th>Produktname<\/th>\n<th>MENGE<\/th>\n<th>Gr\u00f6\u00dfe<\/th>\n<\/tr>\n<\/thead>\n<tbody>\n<tr>\n<td>4ABD400<\/td>\n<td>Bowie Dick Testpaket<\/td>\n<td>1x<\/td>\n<td>400 Blatt<\/td>\n<\/tr>\n<tr>\n<td>4ABD200<\/td>\n<td>Bowie Dick Testpaket<\/td>\n<td>1x<\/td>\n<td>200 Blatt<\/td>\n<\/tr>\n<tr>\n<td>4ABDC200<\/td>\n<td>Bowie Dick Testpaket mit Krepppapier<\/td>\n<td>1x<\/td>\n<td>200 Blatt<\/td>\n<\/tr>\n<tr>\n<td>4ABDEWS<\/td>\n<td>Bowie Dick Testpaket mit Krepppapier und Fr\u00fchwarnblatt<\/td>\n<td>1x<\/td>\n<td>200 Blatt<\/td>\n<\/tr>\n<tr>\n<td>4ABDBX<\/td>\n<td>Bowie Dick Test in der Box<\/td>\n<td>1x<\/td>\n<td>200 Blatt<\/td>\n<\/tr>\n<\/tbody>\n<\/table>","protected":false},"excerpt":{"rendered":"<ul>\n<li>Datenblatt<\/li>\n<\/ul>\n<p>Bowie-Dick-Testpakete sind Testpakete, die vor dem t\u00e4glichen Sterilisationsprozess von Dampfsterilisatoren verwendet werden sollten. Mit dem Bowie-Dick-Testpaket wird gepr\u00fcft, ob Luft austritt und Dampf effizient in den Dampfsterilisatoren eindringt. Der Farbwechsel der Bowie-Dick-Testpakete erm\u00f6glicht die Sicherstellung, ob die Dampfsterilisatoren f\u00fcr die Sterilisation bereit sind. Es sind verschiedene Bowie-Dick-Testpakete erh\u00e4ltlich: Bowie-Dick-Testpaket 200 (in medizinischem Papier, in Krepppapier und BD in einer Box), Bowie-Dick-Testpaket 400 (in medizinischem Papier und in Krepppapier) und Bowie-Dick-Testpaket EWS (Early<\/p>","protected":false},"featured_media":18206,"comment_status":"open","ping_status":"closed","template":"","meta":[],"product_brand":[],"product_cat":[188,109],"product_tag":[],"class_list":{"0":"post-18504","1":"product","2":"type-product","3":"status-publish","4":"has-post-thumbnail","6":"product_cat-autoclave-test-package","7":"product_cat-sterilization-n","9":"first","10":"instock","11":"shipping-taxable","12":"product-type-grouped"},"yoast_head":"<!-- This site is optimized with the Yoast SEO plugin v26.2 - https:\/\/yoast.com\/wordpress\/plugins\/seo\/ -->\n<title>Bowie Dick Test Pack - Protectiva.pl \u2013 Professionelle Medizinische und Hygieneprodukte | CE- &amp; ISO-zertifiziert<\/title>\n<meta name=\"robots\" content=\"index, follow, max-snippet:-1, max-image-preview:large, max-video-preview:-1\" \/>\n<link rel=\"canonical\" href=\"https:\/\/protectiva.de\/de\/?product=bowie-dick-test-pack-2\" \/>\n<meta property=\"og:locale\" content=\"de_DE\" \/>\n<meta property=\"og:type\" content=\"article\" \/>\n<meta property=\"og:title\" content=\"Bowie Dick Test Pack - Protectiva.pl \u2013 Professionelle Medizinische und Hygieneprodukte | CE- &amp; ISO-zertifiziert\" \/>\n<meta property=\"og:description\" content=\"Data Sheet  Bowie Dick Test Packs are the testing packages that should be used before starting daily machine sterilization process for steam sterilization devices. Bowie Dick Test Pack is used for the purpose of testing whether there is air leakage and efficient steam penetration in the steam sterilizers. Bowie Dick Test Packs color change allows assurance of whether the steam sterilizers are ready for the sterilization or not. Different kinds of Bowie Dick Test Packs are available These are Bowie Dick Test Pack 200 (wrapped in medical paper, wrapped in crepe paper and BD in box), Bowie Dick Test Pack 400 (wrapped in medical paper and wrapped in crepe paper) and Bowie Dick Test Pack EWS (Early\" \/>\n<meta property=\"og:url\" content=\"https:\/\/protectiva.de\/de\/?product=bowie-dick-test-pack-2\" \/>\n<meta property=\"og:site_name\" content=\"Protectiva.pl \u2013 Professionelle Medizinische und Hygieneprodukte | CE- &amp; ISO-zertifiziert\" \/>\n<meta property=\"article:modified_time\" content=\"2025-03-28T19:09:47+00:00\" \/>\n<meta property=\"og:image\" content=\"https:\/\/protectiva.de\/wp-content\/uploads\/2025\/03\/4ADXR13.jpg\" \/>\n\t<meta property=\"og:image:width\" content=\"1000\" \/>\n\t<meta property=\"og:image:height\" content=\"1000\" \/>\n\t<meta property=\"og:image:type\" content=\"image\/jpeg\" \/>\n<meta name=\"twitter:card\" content=\"summary_large_image\" \/>\n<script type=\"application\/ld+json\" class=\"yoast-schema-graph\">{\"@context\":\"https:\/\/schema.org\",\"@graph\":[{\"@type\":\"WebPage\",\"@id\":\"https:\/\/protectiva.de\/?product=bowie-dick-test-pack-2\",\"url\":\"https:\/\/protectiva.de\/?product=bowie-dick-test-pack-2\",\"name\":\"Bowie Dick Test Pack - Protectiva.pl \u2013 Professionelle Medizinische und Hygieneprodukte | CE- &amp; ISO-zertifiziert\",\"isPartOf\":{\"@id\":\"https:\/\/protectiva.de\/#website\"},\"primaryImageOfPage\":{\"@id\":\"https:\/\/protectiva.de\/?product=bowie-dick-test-pack-2#primaryimage\"},\"image\":{\"@id\":\"https:\/\/protectiva.de\/?product=bowie-dick-test-pack-2#primaryimage\"},\"thumbnailUrl\":\"https:\/\/protectiva.de\/wp-content\/uploads\/2025\/03\/4ADXR13.jpg\",\"datePublished\":\"2025-03-27T11:19:27+00:00\",\"dateModified\":\"2025-03-28T19:09:47+00:00\",\"breadcrumb\":{\"@id\":\"https:\/\/protectiva.de\/?product=bowie-dick-test-pack-2#breadcrumb\"},\"inLanguage\":\"de\",\"potentialAction\":[{\"@type\":\"ReadAction\",\"target\":[\"https:\/\/protectiva.de\/?product=bowie-dick-test-pack-2\"]}]},{\"@type\":\"ImageObject\",\"inLanguage\":\"de\",\"@id\":\"https:\/\/protectiva.de\/?product=bowie-dick-test-pack-2#primaryimage\",\"url\":\"https:\/\/protectiva.de\/wp-content\/uploads\/2025\/03\/4ADXR13.jpg\",\"contentUrl\":\"https:\/\/protectiva.de\/wp-content\/uploads\/2025\/03\/4ADXR13.jpg\",\"width\":1000,\"height\":1000},{\"@type\":\"BreadcrumbList\",\"@id\":\"https:\/\/protectiva.de\/?product=bowie-dick-test-pack-2#breadcrumb\",\"itemListElement\":[{\"@type\":\"ListItem\",\"position\":1,\"name\":\"Home\",\"item\":\"https:\/\/protectiva.de\/\"},{\"@type\":\"ListItem\",\"position\":2,\"name\":\"All Products\",\"item\":\"https:\/\/protectiva.de\/shop\/\"},{\"@type\":\"ListItem\",\"position\":3,\"name\":\"Bowie Dick Test Pack\"}]},{\"@type\":\"WebSite\",\"@id\":\"https:\/\/protectiva.de\/#website\",\"url\":\"https:\/\/protectiva.de\/\",\"name\":\"Protectiva\",\"description\":\"Innovative Medical Solutions Protectiva.de bietet hochwertige medizinische und Hygieneprodukte. Zuverl\u00e4ssige Schutzausr\u00fcstung, Sterilisationsl\u00f6sungen und Gesundheitsversorgung gem\u00e4\u00df CE- und ISO-Standards f\u00fcr Krankenh\u00e4user und Kliniken. Die ideale Wahl f\u00fcr sichere und komfortable Gesundheitsumgebungen.\",\"publisher\":{\"@id\":\"https:\/\/protectiva.de\/#organization\"},\"potentialAction\":[{\"@type\":\"SearchAction\",\"target\":{\"@type\":\"EntryPoint\",\"urlTemplate\":\"https:\/\/protectiva.de\/?s={search_term_string}\"},\"query-input\":{\"@type\":\"PropertyValueSpecification\",\"valueRequired\":true,\"valueName\":\"search_term_string\"}}],\"inLanguage\":\"de\"},{\"@type\":\"Organization\",\"@id\":\"https:\/\/protectiva.de\/#organization\",\"name\":\"Protectiva\",\"url\":\"https:\/\/protectiva.de\/\",\"logo\":{\"@type\":\"ImageObject\",\"inLanguage\":\"de\",\"@id\":\"https:\/\/protectiva.de\/#\/schema\/logo\/image\/\",\"url\":\"https:\/\/protectiva.de\/wp-content\/uploads\/2025\/03\/logo-protectiva-son-hali.png\",\"contentUrl\":\"https:\/\/protectiva.de\/wp-content\/uploads\/2025\/03\/logo-protectiva-son-hali.png\",\"width\":1140,\"height\":585,\"caption\":\"Protectiva\"},\"image\":{\"@id\":\"https:\/\/protectiva.de\/#\/schema\/logo\/image\/\"}}]}<\/script>\n<!-- \/ Yoast SEO plugin. -->","yoast_head_json":{"title":"Bowie Dick Test Pack - Protectiva.pl \u2013 Professionelle Medizinische und Hygieneprodukte | CE- &amp; ISO-zertifiziert","robots":{"index":"index","follow":"follow","max-snippet":"max-snippet:-1","max-image-preview":"max-image-preview:large","max-video-preview":"max-video-preview:-1"},"canonical":"https:\/\/protectiva.de\/de\/?product=bowie-dick-test-pack-2","og_locale":"de_DE","og_type":"article","og_title":"Bowie Dick Test Pack - Protectiva.pl \u2013 Professionelle Medizinische und Hygieneprodukte | CE- &amp; ISO-zertifiziert","og_description":"Data Sheet  Bowie Dick Test Packs are the testing packages that should be used before starting daily machine sterilization process for steam sterilization devices. Bowie Dick Test Pack is used for the purpose of testing whether there is air leakage and efficient steam penetration in the steam sterilizers. Bowie Dick Test Packs color change allows assurance of whether the steam sterilizers are ready for the sterilization or not. Different kinds of Bowie Dick Test Packs are available These are Bowie Dick Test Pack 200 (wrapped in medical paper, wrapped in crepe paper and BD in box), Bowie Dick Test Pack 400 (wrapped in medical paper and wrapped in crepe paper) and Bowie Dick Test Pack EWS (Early","og_url":"https:\/\/protectiva.de\/de\/?product=bowie-dick-test-pack-2","og_site_name":"Protectiva.pl \u2013 Professionelle Medizinische und Hygieneprodukte | CE- &amp; ISO-zertifiziert","article_modified_time":"2025-03-28T19:09:47+00:00","og_image":[{"width":1000,"height":1000,"url":"https:\/\/protectiva.de\/wp-content\/uploads\/2025\/03\/4ADXR13.jpg","type":"image\/jpeg"}],"twitter_card":"summary_large_image","schema":{"@context":"https:\/\/schema.org","@graph":[{"@type":"WebPage","@id":"https:\/\/protectiva.de\/?product=bowie-dick-test-pack-2","url":"https:\/\/protectiva.de\/?product=bowie-dick-test-pack-2","name":"Bowie Dick Test Pack - Protectiva.pl \u2013 Professionelle Medizinische und Hygieneprodukte | CE- &amp; ISO-zertifiziert","isPartOf":{"@id":"https:\/\/protectiva.de\/#website"},"primaryImageOfPage":{"@id":"https:\/\/protectiva.de\/?product=bowie-dick-test-pack-2#primaryimage"},"image":{"@id":"https:\/\/protectiva.de\/?product=bowie-dick-test-pack-2#primaryimage"},"thumbnailUrl":"https:\/\/protectiva.de\/wp-content\/uploads\/2025\/03\/4ADXR13.jpg","datePublished":"2025-03-27T11:19:27+00:00","dateModified":"2025-03-28T19:09:47+00:00","breadcrumb":{"@id":"https:\/\/protectiva.de\/?product=bowie-dick-test-pack-2#breadcrumb"},"inLanguage":"de","potentialAction":[{"@type":"ReadAction","target":["https:\/\/protectiva.de\/?product=bowie-dick-test-pack-2"]}]},{"@type":"ImageObject","inLanguage":"de","@id":"https:\/\/protectiva.de\/?product=bowie-dick-test-pack-2#primaryimage","url":"https:\/\/protectiva.de\/wp-content\/uploads\/2025\/03\/4ADXR13.jpg","contentUrl":"https:\/\/protectiva.de\/wp-content\/uploads\/2025\/03\/4ADXR13.jpg","width":1000,"height":1000},{"@type":"BreadcrumbList","@id":"https:\/\/protectiva.de\/?product=bowie-dick-test-pack-2#breadcrumb","itemListElement":[{"@type":"ListItem","position":1,"name":"Home","item":"https:\/\/protectiva.de\/"},{"@type":"ListItem","position":2,"name":"All Products","item":"https:\/\/protectiva.de\/shop\/"},{"@type":"ListItem","position":3,"name":"Bowie Dick Test Pack"}]},{"@type":"WebSite","@id":"https:\/\/protectiva.de\/#website","url":"https:\/\/protectiva.de\/","name":"Protectiva","description":"Innovative Medical Solutions Protectiva.de bietet hochwertige medizinische und Hygieneprodukte. Zuverl\u00e4ssige Schutzausr\u00fcstung, Sterilisationsl\u00f6sungen und Gesundheitsversorgung gem\u00e4\u00df CE- und ISO-Standards f\u00fcr Krankenh\u00e4user und Kliniken. Die ideale Wahl f\u00fcr sichere und komfortable Gesundheitsumgebungen.","publisher":{"@id":"https:\/\/protectiva.de\/#organization"},"potentialAction":[{"@type":"SearchAction","target":{"@type":"EntryPoint","urlTemplate":"https:\/\/protectiva.de\/?s={search_term_string}"},"query-input":{"@type":"PropertyValueSpecification","valueRequired":true,"valueName":"search_term_string"}}],"inLanguage":"de"},{"@type":"Organization","@id":"https:\/\/protectiva.de\/#organization","name":"Protectiva","url":"https:\/\/protectiva.de\/","logo":{"@type":"ImageObject","inLanguage":"de","@id":"https:\/\/protectiva.de\/#\/schema\/logo\/image\/","url":"https:\/\/protectiva.de\/wp-content\/uploads\/2025\/03\/logo-protectiva-son-hali.png","contentUrl":"https:\/\/protectiva.de\/wp-content\/uploads\/2025\/03\/logo-protectiva-son-hali.png","width":1140,"height":585,"caption":"Protectiva"},"image":{"@id":"https:\/\/protectiva.de\/#\/schema\/logo\/image\/"}}]}},"_links":{"self":[{"href":"https:\/\/protectiva.de\/de\/wp-json\/wp\/v2\/product\/18504","targetHints":{"allow":["GET"]}}],"collection":[{"href":"https:\/\/protectiva.de\/de\/wp-json\/wp\/v2\/product"}],"about":[{"href":"https:\/\/protectiva.de\/de\/wp-json\/wp\/v2\/types\/product"}],"replies":[{"embeddable":true,"href":"https:\/\/protectiva.de\/de\/wp-json\/wp\/v2\/comments?post=18504"}],"wp:featuredmedia":[{"embeddable":true,"href":"https:\/\/protectiva.de\/de\/wp-json\/wp\/v2\/media\/18206"}],"wp:attachment":[{"href":"https:\/\/protectiva.de\/de\/wp-json\/wp\/v2\/media?parent=18504"}],"wp:term":[{"taxonomy":"product_brand","embeddable":true,"href":"https:\/\/protectiva.de\/de\/wp-json\/wp\/v2\/product_brand?post=18504"},{"taxonomy":"product_cat","embeddable":true,"href":"https:\/\/protectiva.de\/de\/wp-json\/wp\/v2\/product_cat?post=18504"},{"taxonomy":"product_tag","embeddable":true,"href":"https:\/\/protectiva.de\/de\/wp-json\/wp\/v2\/product_tag?post=18504"}],"curies":[{"name":"wp","href":"https:\/\/api.w.org\/{rel}","templated":true}]}}