{"id":18496,"date":"2025-03-27T11:05:31","date_gmt":"2025-03-27T11:05:31","guid":{"rendered":"https:\/\/protectiva.pl\/?post_type=product&#038;p=18496"},"modified":"2025-03-28T19:09:48","modified_gmt":"2025-03-28T19:09:48","slug":"waschmaschinentest-2","status":"publish","type":"product","link":"https:\/\/protectiva.de\/de\/produkt\/waschmaschinentest-2\/","title":{"rendered":"Waschmaschinentest"},"content":{"rendered":"<p data-sourcepos=\"15:1-15:24\"><strong>TECHNISCHES DATENBLATT<\/strong><\/p>\n<p data-sourcepos=\"17:1-17:15\"><strong>WASCHMASCHINENTEST<\/strong><\/p>\n<p data-sourcepos=\"3:1-3:22\"><strong>PRODUKTCODE:<\/strong> 4AWT<\/p>\n<p data-sourcepos=\"5:1-5:97\"><strong>ZUGEH\u00d6RIGE STANDARDS:<\/strong> Der 4A-Test f\u00fcr medizinische Waschmaschinen f\u00e4llt in den Geltungsbereich der Normen ISO 13485 und 9001.<\/p>\n<p data-sourcepos=\"7:1-7:95\"><strong>VERWENDUNGSZWECK:<\/strong> Mit dem Waschmaschinentest l\u00e4sst sich kontrollieren, ob der Reinigungsvorgang erfolgreich war oder nicht.<\/p>\n<p data-sourcepos=\"9:1-9:467\"><strong>BETRIEBSBEDINGUNGEN:<\/strong> Chirurgische Instrumente werden vor dem Waschvorgang in den Drahtkorb gelegt. Der Waschtest wird aus der Aluminiumfolie entfernt und in die violette H\u00fclle gelegt. Diese dient zur \u00dcberpr\u00fcfung der Waschmaschine. Sie wird gewaschen. Sollten nach dem Waschvorgang R\u00fcckst\u00e4nde auf dem Waschtest vorhanden sein, bedeutet dies, dass der Waschvorgang nicht erfolgreich war und wiederholt werden sollte. Sind keine R\u00fcckst\u00e4nde vorhanden, war der Waschvorgang erfolgreich.<\/p>\n<p data-sourcepos=\"11:1-11:222\"><strong>PRODUKTSPEZIFIKATIONEN:<\/strong> Jeder chemische Waschtest ist nur zum Einmalgebrauch bestimmt. Besch\u00e4digte Produkte nicht verwenden. Bei Raumtemperatur (25 \u00b0C) lagern. Jede Packung enth\u00e4lt 100 St\u00fcck. 50 St\u00fcck pro Packung\/300 St\u00fcck pro Karton.<\/p>\n<p data-sourcepos=\"13:1-13:14\"><strong>VERPACKUNG:<\/strong><\/p>\n<table style=\"height: 53px\" border=\"0\" width=\"803\">\n<thead>\n<tr>\n<th>Produktname<\/th>\n<th>MENGE<\/th>\n<th>Gr\u00f6\u00dfe<\/th>\n<\/tr>\n<\/thead>\n<tbody>\n<tr>\n<td>Waschmaschinentest<\/td>\n<td>1X<\/td>\n<td>100 ST\u00dcCK<\/td>\n<\/tr>\n<\/tbody>\n<\/table>\n<p>&nbsp;<\/p>\n<p data-sourcepos=\"19:1-19:24\">","protected":false},"excerpt":{"rendered":"<ul>\n<li>Datenblatt<\/li>\n<li><a href=\"https:\/\/protectiva.de\/wp-content\/uploads\/2025\/03\/4AWT.pdf\">4AWT<\/a><\/li>\n<\/ul>\n<p>Reinigung und Desinfektion sind kritische Aspekte des Instrumentenaufbereitungskreislaufs. Deshalb wurde der Washer Test f\u00fcr die Validierung und die routinem\u00e4\u00dfige \u00dcberwachung der Reinigungseffizienz von Reinigungsprozessen in Reinigungs- und Desinfektionsger\u00e4ten f\u00fcr chirurgische Instrumente entwickelt. Der Washer Test dient zur schnellen und klaren visuellen Beurteilung der Reinigungsergebnisse. Jeder Washer Test ist nur zum einmaligen Gebrauch bestimmt. bietet 3 verschiedene Arten von Waschtests an: Washer Test: Dieser Waschtest hat keinen eigenen Kunststoffrahmen, daher sind weitere Rahmen oder Boxen erforderlich. F\u00fcr diesen Waschtest wird auch ein Waschtesthalter hergestellt. Washer Test mit Glas: Der Washer Test mit Glas hat einen eigenen Rahmen und ben\u00f6tigt keinen weiteren Rahmen oder Box. PLS Washer Test Indicator (4APLS): Der PLS Washer Test Indicator wurde sorgf\u00e4ltig entwickelt, um eine gleichwertige Leistung wie \u201eTestverschmutzungen\u201c zu erbringen, indem er den Wascher einer realistischen Mehrfachbelastung aussetzt.<\/p>\n<div id=\"gtx-trans\" style=\"position: absolute;left: -41px;top: -10px\">\n<div class=\"gtx-trans-icon\"><\/div>\n<\/div>","protected":false},"featured_media":18223,"comment_status":"open","ping_status":"closed","template":"","meta":[],"product_brand":[],"product_cat":[109,187],"product_tag":[],"class_list":{"0":"post-18496","1":"product","2":"type-product","3":"status-publish","4":"has-post-thumbnail","6":"product_cat-sterilization-n","7":"product_cat-washer-control-products","9":"first","10":"instock","11":"shipping-taxable","12":"product-type-grouped"},"yoast_head":"<!-- This site is optimized with the Yoast SEO plugin v26.2 - https:\/\/yoast.com\/wordpress\/plugins\/seo\/ -->\n<title>Washer Test - Protectiva.pl \u2013 Professionelle Medizinische und Hygieneprodukte | CE- &amp; ISO-zertifiziert<\/title>\n<meta name=\"robots\" content=\"index, follow, max-snippet:-1, max-image-preview:large, max-video-preview:-1\" \/>\n<link rel=\"canonical\" href=\"https:\/\/protectiva.de\/de\/?product=washer-test-2\" \/>\n<meta property=\"og:locale\" content=\"de_DE\" \/>\n<meta property=\"og:type\" content=\"article\" \/>\n<meta property=\"og:title\" content=\"Washer Test - Protectiva.pl \u2013 Professionelle Medizinische und Hygieneprodukte | CE- &amp; ISO-zertifiziert\" \/>\n<meta property=\"og:description\" content=\"Data Sheet  4AWT  Cleaning and disinfection are critical aspects of the instruments reprocessing loop. That is why Washer Test is designed for validation and the routine monitoring of the cleaning efficiency of cleaning processes in washer disinfectors for surgical instruments. Washer Test is for fast and clear visual assessment of cleaning resuts. Each washer test is single use only. offers 3 different types of washing tests: Washer Test: This Washing Test does not have its own plastic frame, so it is necessary to use other frames or boxes. For this Washing Test is also manufacturing Wash Test Holder. Washer Test with Glass: Washer Test with Glass has its own frame and does not need any other frame or box. PLS Washer Test Indicator (4APLS): PLS Washer Test Indicator has been carefully designed to perform in an equivalent manner to \u2018test soils\u2019 by providing a realistic multiple challenge for the washer\" \/>\n<meta property=\"og:url\" content=\"https:\/\/protectiva.de\/de\/?product=washer-test-2\" \/>\n<meta property=\"og:site_name\" content=\"Protectiva.pl \u2013 Professionelle Medizinische und Hygieneprodukte | CE- &amp; ISO-zertifiziert\" \/>\n<meta property=\"article:modified_time\" content=\"2025-03-28T19:09:48+00:00\" \/>\n<meta property=\"og:image\" content=\"https:\/\/protectiva.de\/wp-content\/uploads\/2025\/03\/4AWT.jpg\" \/>\n\t<meta property=\"og:image:width\" content=\"1000\" \/>\n\t<meta property=\"og:image:height\" content=\"1000\" \/>\n\t<meta property=\"og:image:type\" content=\"image\/jpeg\" \/>\n<meta name=\"twitter:card\" content=\"summary_large_image\" \/>\n<meta name=\"twitter:label1\" content=\"Gesch\u00e4tzte Lesezeit\" \/>\n\t<meta name=\"twitter:data1\" content=\"1\u00a0Minute\" \/>\n<script type=\"application\/ld+json\" class=\"yoast-schema-graph\">{\"@context\":\"https:\/\/schema.org\",\"@graph\":[{\"@type\":\"WebPage\",\"@id\":\"https:\/\/protectiva.de\/?product=washer-test-2\",\"url\":\"https:\/\/protectiva.de\/?product=washer-test-2\",\"name\":\"Washer Test - Protectiva.pl \u2013 Professionelle Medizinische und Hygieneprodukte | CE- &amp; ISO-zertifiziert\",\"isPartOf\":{\"@id\":\"https:\/\/protectiva.de\/#website\"},\"primaryImageOfPage\":{\"@id\":\"https:\/\/protectiva.de\/?product=washer-test-2#primaryimage\"},\"image\":{\"@id\":\"https:\/\/protectiva.de\/?product=washer-test-2#primaryimage\"},\"thumbnailUrl\":\"https:\/\/protectiva.de\/wp-content\/uploads\/2025\/03\/4AWT.jpg\",\"datePublished\":\"2025-03-27T11:05:31+00:00\",\"dateModified\":\"2025-03-28T19:09:48+00:00\",\"breadcrumb\":{\"@id\":\"https:\/\/protectiva.de\/?product=washer-test-2#breadcrumb\"},\"inLanguage\":\"de\",\"potentialAction\":[{\"@type\":\"ReadAction\",\"target\":[\"https:\/\/protectiva.de\/?product=washer-test-2\"]}]},{\"@type\":\"ImageObject\",\"inLanguage\":\"de\",\"@id\":\"https:\/\/protectiva.de\/?product=washer-test-2#primaryimage\",\"url\":\"https:\/\/protectiva.de\/wp-content\/uploads\/2025\/03\/4AWT.jpg\",\"contentUrl\":\"https:\/\/protectiva.de\/wp-content\/uploads\/2025\/03\/4AWT.jpg\",\"width\":1000,\"height\":1000},{\"@type\":\"BreadcrumbList\",\"@id\":\"https:\/\/protectiva.de\/?product=washer-test-2#breadcrumb\",\"itemListElement\":[{\"@type\":\"ListItem\",\"position\":1,\"name\":\"Home\",\"item\":\"https:\/\/protectiva.de\/\"},{\"@type\":\"ListItem\",\"position\":2,\"name\":\"All Products\",\"item\":\"https:\/\/protectiva.de\/shop\/\"},{\"@type\":\"ListItem\",\"position\":3,\"name\":\"Washer Test\"}]},{\"@type\":\"WebSite\",\"@id\":\"https:\/\/protectiva.de\/#website\",\"url\":\"https:\/\/protectiva.de\/\",\"name\":\"Protectiva\",\"description\":\"Innovative Medical Solutions Protectiva.de bietet hochwertige medizinische und Hygieneprodukte. Zuverl\u00e4ssige Schutzausr\u00fcstung, Sterilisationsl\u00f6sungen und Gesundheitsversorgung gem\u00e4\u00df CE- und ISO-Standards f\u00fcr Krankenh\u00e4user und Kliniken. Die ideale Wahl f\u00fcr sichere und komfortable Gesundheitsumgebungen.\",\"publisher\":{\"@id\":\"https:\/\/protectiva.de\/#organization\"},\"potentialAction\":[{\"@type\":\"SearchAction\",\"target\":{\"@type\":\"EntryPoint\",\"urlTemplate\":\"https:\/\/protectiva.de\/?s={search_term_string}\"},\"query-input\":{\"@type\":\"PropertyValueSpecification\",\"valueRequired\":true,\"valueName\":\"search_term_string\"}}],\"inLanguage\":\"de\"},{\"@type\":\"Organization\",\"@id\":\"https:\/\/protectiva.de\/#organization\",\"name\":\"Protectiva\",\"url\":\"https:\/\/protectiva.de\/\",\"logo\":{\"@type\":\"ImageObject\",\"inLanguage\":\"de\",\"@id\":\"https:\/\/protectiva.de\/#\/schema\/logo\/image\/\",\"url\":\"https:\/\/protectiva.de\/wp-content\/uploads\/2025\/03\/logo-protectiva-son-hali.png\",\"contentUrl\":\"https:\/\/protectiva.de\/wp-content\/uploads\/2025\/03\/logo-protectiva-son-hali.png\",\"width\":1140,\"height\":585,\"caption\":\"Protectiva\"},\"image\":{\"@id\":\"https:\/\/protectiva.de\/#\/schema\/logo\/image\/\"}}]}<\/script>\n<!-- \/ Yoast SEO plugin. -->","yoast_head_json":{"title":"Washer Test - Protectiva.pl \u2013 Professionelle Medizinische und Hygieneprodukte | CE- &amp; ISO-zertifiziert","robots":{"index":"index","follow":"follow","max-snippet":"max-snippet:-1","max-image-preview":"max-image-preview:large","max-video-preview":"max-video-preview:-1"},"canonical":"https:\/\/protectiva.de\/de\/?product=washer-test-2","og_locale":"de_DE","og_type":"article","og_title":"Washer Test - Protectiva.pl \u2013 Professionelle Medizinische und Hygieneprodukte | CE- &amp; ISO-zertifiziert","og_description":"Data Sheet  4AWT  Cleaning and disinfection are critical aspects of the instruments reprocessing loop. That is why Washer Test is designed for validation and the routine monitoring of the cleaning efficiency of cleaning processes in washer disinfectors for surgical instruments. Washer Test is for fast and clear visual assessment of cleaning resuts. Each washer test is single use only. offers 3 different types of washing tests: Washer Test: This Washing Test does not have its own plastic frame, so it is necessary to use other frames or boxes. For this Washing Test is also manufacturing Wash Test Holder. Washer Test with Glass: Washer Test with Glass has its own frame and does not need any other frame or box. PLS Washer Test Indicator (4APLS): PLS Washer Test Indicator has been carefully designed to perform in an equivalent manner to \u2018test soils\u2019 by providing a realistic multiple challenge for the washer","og_url":"https:\/\/protectiva.de\/de\/?product=washer-test-2","og_site_name":"Protectiva.pl \u2013 Professionelle Medizinische und Hygieneprodukte | CE- &amp; ISO-zertifiziert","article_modified_time":"2025-03-28T19:09:48+00:00","og_image":[{"width":1000,"height":1000,"url":"https:\/\/protectiva.de\/wp-content\/uploads\/2025\/03\/4AWT.jpg","type":"image\/jpeg"}],"twitter_card":"summary_large_image","twitter_misc":{"Gesch\u00e4tzte Lesezeit":"1\u00a0Minute"},"schema":{"@context":"https:\/\/schema.org","@graph":[{"@type":"WebPage","@id":"https:\/\/protectiva.de\/?product=washer-test-2","url":"https:\/\/protectiva.de\/?product=washer-test-2","name":"Washer Test - Protectiva.pl \u2013 Professionelle Medizinische und Hygieneprodukte | CE- &amp; ISO-zertifiziert","isPartOf":{"@id":"https:\/\/protectiva.de\/#website"},"primaryImageOfPage":{"@id":"https:\/\/protectiva.de\/?product=washer-test-2#primaryimage"},"image":{"@id":"https:\/\/protectiva.de\/?product=washer-test-2#primaryimage"},"thumbnailUrl":"https:\/\/protectiva.de\/wp-content\/uploads\/2025\/03\/4AWT.jpg","datePublished":"2025-03-27T11:05:31+00:00","dateModified":"2025-03-28T19:09:48+00:00","breadcrumb":{"@id":"https:\/\/protectiva.de\/?product=washer-test-2#breadcrumb"},"inLanguage":"de","potentialAction":[{"@type":"ReadAction","target":["https:\/\/protectiva.de\/?product=washer-test-2"]}]},{"@type":"ImageObject","inLanguage":"de","@id":"https:\/\/protectiva.de\/?product=washer-test-2#primaryimage","url":"https:\/\/protectiva.de\/wp-content\/uploads\/2025\/03\/4AWT.jpg","contentUrl":"https:\/\/protectiva.de\/wp-content\/uploads\/2025\/03\/4AWT.jpg","width":1000,"height":1000},{"@type":"BreadcrumbList","@id":"https:\/\/protectiva.de\/?product=washer-test-2#breadcrumb","itemListElement":[{"@type":"ListItem","position":1,"name":"Home","item":"https:\/\/protectiva.de\/"},{"@type":"ListItem","position":2,"name":"All Products","item":"https:\/\/protectiva.de\/shop\/"},{"@type":"ListItem","position":3,"name":"Washer Test"}]},{"@type":"WebSite","@id":"https:\/\/protectiva.de\/#website","url":"https:\/\/protectiva.de\/","name":"Protectiva","description":"Innovative Medical Solutions Protectiva.de bietet hochwertige medizinische und Hygieneprodukte. Zuverl\u00e4ssige Schutzausr\u00fcstung, Sterilisationsl\u00f6sungen und Gesundheitsversorgung gem\u00e4\u00df CE- und ISO-Standards f\u00fcr Krankenh\u00e4user und Kliniken. Die ideale Wahl f\u00fcr sichere und komfortable Gesundheitsumgebungen.","publisher":{"@id":"https:\/\/protectiva.de\/#organization"},"potentialAction":[{"@type":"SearchAction","target":{"@type":"EntryPoint","urlTemplate":"https:\/\/protectiva.de\/?s={search_term_string}"},"query-input":{"@type":"PropertyValueSpecification","valueRequired":true,"valueName":"search_term_string"}}],"inLanguage":"de"},{"@type":"Organization","@id":"https:\/\/protectiva.de\/#organization","name":"Protectiva","url":"https:\/\/protectiva.de\/","logo":{"@type":"ImageObject","inLanguage":"de","@id":"https:\/\/protectiva.de\/#\/schema\/logo\/image\/","url":"https:\/\/protectiva.de\/wp-content\/uploads\/2025\/03\/logo-protectiva-son-hali.png","contentUrl":"https:\/\/protectiva.de\/wp-content\/uploads\/2025\/03\/logo-protectiva-son-hali.png","width":1140,"height":585,"caption":"Protectiva"},"image":{"@id":"https:\/\/protectiva.de\/#\/schema\/logo\/image\/"}}]}},"_links":{"self":[{"href":"https:\/\/protectiva.de\/de\/wp-json\/wp\/v2\/product\/18496","targetHints":{"allow":["GET"]}}],"collection":[{"href":"https:\/\/protectiva.de\/de\/wp-json\/wp\/v2\/product"}],"about":[{"href":"https:\/\/protectiva.de\/de\/wp-json\/wp\/v2\/types\/product"}],"replies":[{"embeddable":true,"href":"https:\/\/protectiva.de\/de\/wp-json\/wp\/v2\/comments?post=18496"}],"wp:featuredmedia":[{"embeddable":true,"href":"https:\/\/protectiva.de\/de\/wp-json\/wp\/v2\/media\/18223"}],"wp:attachment":[{"href":"https:\/\/protectiva.de\/de\/wp-json\/wp\/v2\/media?parent=18496"}],"wp:term":[{"taxonomy":"product_brand","embeddable":true,"href":"https:\/\/protectiva.de\/de\/wp-json\/wp\/v2\/product_brand?post=18496"},{"taxonomy":"product_cat","embeddable":true,"href":"https:\/\/protectiva.de\/de\/wp-json\/wp\/v2\/product_cat?post=18496"},{"taxonomy":"product_tag","embeddable":true,"href":"https:\/\/protectiva.de\/de\/wp-json\/wp\/v2\/product_tag?post=18496"}],"curies":[{"name":"wp","href":"https:\/\/api.w.org\/{rel}","templated":true}]}}