{"id":18493,"date":"2025-03-27T10:42:56","date_gmt":"2025-03-27T10:42:56","guid":{"rendered":"https:\/\/protectiva.pl\/?post_type=product&#038;p=18493"},"modified":"2025-03-28T19:09:48","modified_gmt":"2025-03-28T19:09:48","slug":"kanulenkontrolle-2","status":"publish","type":"product","link":"https:\/\/protectiva.de\/de\/produkt\/kanulenkontrolle-2\/","title":{"rendered":"Kan\u00fclenkontrolle"},"content":{"rendered":"<p data-sourcepos=\"3:1-3:21\"><strong>TECHNISCHES DATENBLATT<\/strong><\/p>\n<p data-sourcepos=\"3:1-3:21\"><strong>PRODUKTCODE:<\/strong> 4AC<\/p>\n<p data-sourcepos=\"5:1-5:98\"><strong>ZUGEH\u00d6RIGE STANDARDS:<\/strong> Der 4A-Test f\u00fcr medizinische Kan\u00fclen unterliegt den Normen ISO 13485 und 9001.<\/p>\n<p data-sourcepos=\"7:1-7:96\"><strong>VERWENDUNGSZWECK:<\/strong> Mithilfe des Kan\u00fclentests l\u00e4sst sich kontrollieren, ob der Reinigungsvorgang erfolgreich war oder nicht.<\/p>\n<p data-sourcepos=\"9:1-9:497\"><strong>BETRIEBSBEDINGUNGEN:<\/strong> Chirurgische Instrumente werden vor dem Waschvorgang in den Drahtkorb gelegt. Der Kan\u00fclentest wird mit einer Kan\u00fcle verwendet. Der Kan\u00fclentest wird aus der Aluminiumfolie entnommen. Er wird in die Kan\u00fcle und anschlie\u00dfend in den Drahtkorb gelegt. Anschlie\u00dfend wird er gewaschen. Sollten nach dem Waschvorgang R\u00fcckst\u00e4nde auf dem Waschtest vorhanden sein, war der Waschvorgang nicht erfolgreich und sollte wiederholt werden. Sind keine R\u00fcckst\u00e4nde vorhanden, war der Waschvorgang erfolgreich.<\/p>\n<p data-sourcepos=\"11:1-11:227\"><strong>LAGERUNG UND ENTSORGUNG:<\/strong> Jeder chemische Kan\u00fclentest ist nur zum einmaligen Gebrauch bestimmt. Besch\u00e4digte Produkte nicht verwenden. Bei Raumtemperatur aufbewahren. <span class=\"katex\"><span class=\"katex-html\" aria-hidden=\"true\"><span class=\"base\"><span class=\"mord\">2<\/span><span class=\"mord\">5<span class=\"msupsub\"><span class=\"vlist-t\"><span class=\"vlist-r\"><span class=\"vlist\"><span class=\"\"><span class=\"sizing reset-size6 size3 mtight\"><span class=\"mord mtight\">\u2218<\/span><\/span><\/span><\/span><\/span><\/span><\/span><\/span><span class=\"mord mathnormal\">C<\/span><\/span><\/span><\/span>. Jede Schachtel enth\u00e4lt 100 St\u00fcck.<\/p>\n<p data-sourcepos=\"13:1-13:91\"><strong>VERPACKUNG:<\/strong> Der Kan\u00fclentest ist einzeln und dann in einer Aluminiumverpackung zu 100 St\u00fcck verpackt.<\/p>\n<table style=\"height: 49px\" border=\"0\" width=\"834\">\n<thead>\n<tr>\n<th>Produktname<\/th>\n<th>MENGE<\/th>\n<th>Gr\u00f6\u00dfe<\/th>\n<\/tr>\n<\/thead>\n<tbody>\n<tr>\n<td>Kan\u00fclenkontrolle<\/td>\n<td>1X<\/td>\n<td>100 ST\u00dcCK<\/td>\n<\/tr>\n<\/tbody>\n<\/table>\n<p>&nbsp;<\/p>\n<p>&nbsp;<\/p>\n<p data-sourcepos=\"19:1-19:24\">","protected":false},"excerpt":{"rendered":"<ul>\n<li>Datenblatt<\/li>\n<li><a href=\"https:\/\/protectiva.de\/wp-content\/uploads\/2025\/03\/4AC.pdf\">4AC<\/a><\/li>\n<\/ul>\n<p>Cannula Control testet die Wirksamkeit von Sp\u00fclvorrichtungen als Simulation von kan\u00fclierten Kontrolllumeninstrumenten. Dank Cannula Control erh\u00e4lt man Voraussicht (Informationen) \u00fcber die Reinigung des Inneren von Lumeninstrumenten. Der Washer Test Indicator dient zur Leistungspr\u00fcfung der Sp\u00fclvorrichtung. Es versteht sich, dass die Innenteile von Lumeninstrumenten nicht gereinigt werden, wenn sich auf dem Testindikator ein Blutfleck befindet.<\/p>\n<div id=\"gtx-trans\" style=\"position: absolute;left: -5px;top: -10px\">\n<div class=\"gtx-trans-icon\"><\/div>\n<\/div>","protected":false},"featured_media":18181,"comment_status":"open","ping_status":"closed","template":"","meta":[],"product_brand":[],"product_cat":[109,187],"product_tag":[],"class_list":{"0":"post-18493","1":"product","2":"type-product","3":"status-publish","4":"has-post-thumbnail","6":"product_cat-sterilization-n","7":"product_cat-washer-control-products","9":"first","10":"instock","11":"shipping-taxable","12":"product-type-grouped"},"yoast_head":"<!-- This site is optimized with the Yoast SEO plugin v26.2 - https:\/\/yoast.com\/wordpress\/plugins\/seo\/ -->\n<title>Cannula Control - Protectiva.pl \u2013 Professionelle Medizinische und Hygieneprodukte | CE- &amp; ISO-zertifiziert<\/title>\n<meta name=\"robots\" content=\"index, follow, max-snippet:-1, max-image-preview:large, max-video-preview:-1\" \/>\n<link rel=\"canonical\" href=\"https:\/\/protectiva.de\/de\/?product=cannula-control-2\" \/>\n<meta property=\"og:locale\" content=\"de_DE\" \/>\n<meta property=\"og:type\" content=\"article\" \/>\n<meta property=\"og:title\" content=\"Cannula Control - Protectiva.pl \u2013 Professionelle Medizinische und Hygieneprodukte | CE- &amp; ISO-zertifiziert\" \/>\n<meta property=\"og:description\" content=\"Data Sheet  4AC  Cannula Control tests the effectiveness of washing devices as simulations of cannulated control lumen instruments. Thanks to the Cannula Control product, foresight (information) about the cleaning of the interior of lumen instruments is obtained. Washer Test Indicator is used to test the performance of the washing device. It is understood that the inner parts of lumen instruments are not cleaned if there is a blood stain on the test indicator.\" \/>\n<meta property=\"og:url\" content=\"https:\/\/protectiva.de\/de\/?product=cannula-control-2\" \/>\n<meta property=\"og:site_name\" content=\"Protectiva.pl \u2013 Professionelle Medizinische und Hygieneprodukte | CE- &amp; ISO-zertifiziert\" \/>\n<meta property=\"article:modified_time\" content=\"2025-03-28T19:09:48+00:00\" \/>\n<meta property=\"og:image\" content=\"https:\/\/protectiva.de\/wp-content\/uploads\/2025\/03\/4AC.jpg\" \/>\n\t<meta property=\"og:image:width\" content=\"1000\" \/>\n\t<meta property=\"og:image:height\" content=\"1000\" \/>\n\t<meta property=\"og:image:type\" content=\"image\/jpeg\" \/>\n<meta name=\"twitter:card\" content=\"summary_large_image\" \/>\n<meta name=\"twitter:label1\" content=\"Gesch\u00e4tzte Lesezeit\" \/>\n\t<meta name=\"twitter:data1\" content=\"1\u00a0Minute\" \/>\n<script type=\"application\/ld+json\" class=\"yoast-schema-graph\">{\"@context\":\"https:\/\/schema.org\",\"@graph\":[{\"@type\":\"WebPage\",\"@id\":\"https:\/\/protectiva.de\/?product=cannula-control-2\",\"url\":\"https:\/\/protectiva.de\/?product=cannula-control-2\",\"name\":\"Cannula Control - Protectiva.pl \u2013 Professionelle Medizinische und Hygieneprodukte | CE- &amp; ISO-zertifiziert\",\"isPartOf\":{\"@id\":\"https:\/\/protectiva.de\/#website\"},\"primaryImageOfPage\":{\"@id\":\"https:\/\/protectiva.de\/?product=cannula-control-2#primaryimage\"},\"image\":{\"@id\":\"https:\/\/protectiva.de\/?product=cannula-control-2#primaryimage\"},\"thumbnailUrl\":\"https:\/\/protectiva.de\/wp-content\/uploads\/2025\/03\/4AC.jpg\",\"datePublished\":\"2025-03-27T10:42:56+00:00\",\"dateModified\":\"2025-03-28T19:09:48+00:00\",\"breadcrumb\":{\"@id\":\"https:\/\/protectiva.de\/?product=cannula-control-2#breadcrumb\"},\"inLanguage\":\"de\",\"potentialAction\":[{\"@type\":\"ReadAction\",\"target\":[\"https:\/\/protectiva.de\/?product=cannula-control-2\"]}]},{\"@type\":\"ImageObject\",\"inLanguage\":\"de\",\"@id\":\"https:\/\/protectiva.de\/?product=cannula-control-2#primaryimage\",\"url\":\"https:\/\/protectiva.de\/wp-content\/uploads\/2025\/03\/4AC.jpg\",\"contentUrl\":\"https:\/\/protectiva.de\/wp-content\/uploads\/2025\/03\/4AC.jpg\",\"width\":1000,\"height\":1000},{\"@type\":\"BreadcrumbList\",\"@id\":\"https:\/\/protectiva.de\/?product=cannula-control-2#breadcrumb\",\"itemListElement\":[{\"@type\":\"ListItem\",\"position\":1,\"name\":\"Home\",\"item\":\"https:\/\/protectiva.de\/\"},{\"@type\":\"ListItem\",\"position\":2,\"name\":\"All Products\",\"item\":\"https:\/\/protectiva.de\/shop\/\"},{\"@type\":\"ListItem\",\"position\":3,\"name\":\"Cannula Control\"}]},{\"@type\":\"WebSite\",\"@id\":\"https:\/\/protectiva.de\/#website\",\"url\":\"https:\/\/protectiva.de\/\",\"name\":\"Protectiva\",\"description\":\"Innovative Medical Solutions Protectiva.de bietet hochwertige medizinische und Hygieneprodukte. Zuverl\u00e4ssige Schutzausr\u00fcstung, Sterilisationsl\u00f6sungen und Gesundheitsversorgung gem\u00e4\u00df CE- und ISO-Standards f\u00fcr Krankenh\u00e4user und Kliniken. Die ideale Wahl f\u00fcr sichere und komfortable Gesundheitsumgebungen.\",\"publisher\":{\"@id\":\"https:\/\/protectiva.de\/#organization\"},\"potentialAction\":[{\"@type\":\"SearchAction\",\"target\":{\"@type\":\"EntryPoint\",\"urlTemplate\":\"https:\/\/protectiva.de\/?s={search_term_string}\"},\"query-input\":{\"@type\":\"PropertyValueSpecification\",\"valueRequired\":true,\"valueName\":\"search_term_string\"}}],\"inLanguage\":\"de\"},{\"@type\":\"Organization\",\"@id\":\"https:\/\/protectiva.de\/#organization\",\"name\":\"Protectiva\",\"url\":\"https:\/\/protectiva.de\/\",\"logo\":{\"@type\":\"ImageObject\",\"inLanguage\":\"de\",\"@id\":\"https:\/\/protectiva.de\/#\/schema\/logo\/image\/\",\"url\":\"https:\/\/protectiva.de\/wp-content\/uploads\/2025\/03\/logo-protectiva-son-hali.png\",\"contentUrl\":\"https:\/\/protectiva.de\/wp-content\/uploads\/2025\/03\/logo-protectiva-son-hali.png\",\"width\":1140,\"height\":585,\"caption\":\"Protectiva\"},\"image\":{\"@id\":\"https:\/\/protectiva.de\/#\/schema\/logo\/image\/\"}}]}<\/script>\n<!-- \/ Yoast SEO plugin. -->","yoast_head_json":{"title":"Cannula Control - Protectiva.pl \u2013 Professionelle Medizinische und Hygieneprodukte | CE- &amp; ISO-zertifiziert","robots":{"index":"index","follow":"follow","max-snippet":"max-snippet:-1","max-image-preview":"max-image-preview:large","max-video-preview":"max-video-preview:-1"},"canonical":"https:\/\/protectiva.de\/de\/?product=cannula-control-2","og_locale":"de_DE","og_type":"article","og_title":"Cannula Control - Protectiva.pl \u2013 Professionelle Medizinische und Hygieneprodukte | CE- &amp; ISO-zertifiziert","og_description":"Data Sheet  4AC  Cannula Control tests the effectiveness of washing devices as simulations of cannulated control lumen instruments. Thanks to the Cannula Control product, foresight (information) about the cleaning of the interior of lumen instruments is obtained. Washer Test Indicator is used to test the performance of the washing device. It is understood that the inner parts of lumen instruments are not cleaned if there is a blood stain on the test indicator.","og_url":"https:\/\/protectiva.de\/de\/?product=cannula-control-2","og_site_name":"Protectiva.pl \u2013 Professionelle Medizinische und Hygieneprodukte | CE- &amp; ISO-zertifiziert","article_modified_time":"2025-03-28T19:09:48+00:00","og_image":[{"width":1000,"height":1000,"url":"https:\/\/protectiva.de\/wp-content\/uploads\/2025\/03\/4AC.jpg","type":"image\/jpeg"}],"twitter_card":"summary_large_image","twitter_misc":{"Gesch\u00e4tzte Lesezeit":"1\u00a0Minute"},"schema":{"@context":"https:\/\/schema.org","@graph":[{"@type":"WebPage","@id":"https:\/\/protectiva.de\/?product=cannula-control-2","url":"https:\/\/protectiva.de\/?product=cannula-control-2","name":"Cannula Control - Protectiva.pl \u2013 Professionelle Medizinische und Hygieneprodukte | CE- &amp; ISO-zertifiziert","isPartOf":{"@id":"https:\/\/protectiva.de\/#website"},"primaryImageOfPage":{"@id":"https:\/\/protectiva.de\/?product=cannula-control-2#primaryimage"},"image":{"@id":"https:\/\/protectiva.de\/?product=cannula-control-2#primaryimage"},"thumbnailUrl":"https:\/\/protectiva.de\/wp-content\/uploads\/2025\/03\/4AC.jpg","datePublished":"2025-03-27T10:42:56+00:00","dateModified":"2025-03-28T19:09:48+00:00","breadcrumb":{"@id":"https:\/\/protectiva.de\/?product=cannula-control-2#breadcrumb"},"inLanguage":"de","potentialAction":[{"@type":"ReadAction","target":["https:\/\/protectiva.de\/?product=cannula-control-2"]}]},{"@type":"ImageObject","inLanguage":"de","@id":"https:\/\/protectiva.de\/?product=cannula-control-2#primaryimage","url":"https:\/\/protectiva.de\/wp-content\/uploads\/2025\/03\/4AC.jpg","contentUrl":"https:\/\/protectiva.de\/wp-content\/uploads\/2025\/03\/4AC.jpg","width":1000,"height":1000},{"@type":"BreadcrumbList","@id":"https:\/\/protectiva.de\/?product=cannula-control-2#breadcrumb","itemListElement":[{"@type":"ListItem","position":1,"name":"Home","item":"https:\/\/protectiva.de\/"},{"@type":"ListItem","position":2,"name":"All Products","item":"https:\/\/protectiva.de\/shop\/"},{"@type":"ListItem","position":3,"name":"Cannula Control"}]},{"@type":"WebSite","@id":"https:\/\/protectiva.de\/#website","url":"https:\/\/protectiva.de\/","name":"Protectiva","description":"Innovative Medical Solutions Protectiva.de bietet hochwertige medizinische und Hygieneprodukte. Zuverl\u00e4ssige Schutzausr\u00fcstung, Sterilisationsl\u00f6sungen und Gesundheitsversorgung gem\u00e4\u00df CE- und ISO-Standards f\u00fcr Krankenh\u00e4user und Kliniken. Die ideale Wahl f\u00fcr sichere und komfortable Gesundheitsumgebungen.","publisher":{"@id":"https:\/\/protectiva.de\/#organization"},"potentialAction":[{"@type":"SearchAction","target":{"@type":"EntryPoint","urlTemplate":"https:\/\/protectiva.de\/?s={search_term_string}"},"query-input":{"@type":"PropertyValueSpecification","valueRequired":true,"valueName":"search_term_string"}}],"inLanguage":"de"},{"@type":"Organization","@id":"https:\/\/protectiva.de\/#organization","name":"Protectiva","url":"https:\/\/protectiva.de\/","logo":{"@type":"ImageObject","inLanguage":"de","@id":"https:\/\/protectiva.de\/#\/schema\/logo\/image\/","url":"https:\/\/protectiva.de\/wp-content\/uploads\/2025\/03\/logo-protectiva-son-hali.png","contentUrl":"https:\/\/protectiva.de\/wp-content\/uploads\/2025\/03\/logo-protectiva-son-hali.png","width":1140,"height":585,"caption":"Protectiva"},"image":{"@id":"https:\/\/protectiva.de\/#\/schema\/logo\/image\/"}}]}},"_links":{"self":[{"href":"https:\/\/protectiva.de\/de\/wp-json\/wp\/v2\/product\/18493","targetHints":{"allow":["GET"]}}],"collection":[{"href":"https:\/\/protectiva.de\/de\/wp-json\/wp\/v2\/product"}],"about":[{"href":"https:\/\/protectiva.de\/de\/wp-json\/wp\/v2\/types\/product"}],"replies":[{"embeddable":true,"href":"https:\/\/protectiva.de\/de\/wp-json\/wp\/v2\/comments?post=18493"}],"wp:featuredmedia":[{"embeddable":true,"href":"https:\/\/protectiva.de\/de\/wp-json\/wp\/v2\/media\/18181"}],"wp:attachment":[{"href":"https:\/\/protectiva.de\/de\/wp-json\/wp\/v2\/media?parent=18493"}],"wp:term":[{"taxonomy":"product_brand","embeddable":true,"href":"https:\/\/protectiva.de\/de\/wp-json\/wp\/v2\/product_brand?post=18493"},{"taxonomy":"product_cat","embeddable":true,"href":"https:\/\/protectiva.de\/de\/wp-json\/wp\/v2\/product_cat?post=18493"},{"taxonomy":"product_tag","embeddable":true,"href":"https:\/\/protectiva.de\/de\/wp-json\/wp\/v2\/product_tag?post=18493"}],"curies":[{"name":"wp","href":"https:\/\/api.w.org\/{rel}","templated":true}]}}