{"id":18491,"date":"2025-03-27T10:38:39","date_gmt":"2025-03-27T10:38:39","guid":{"rendered":"https:\/\/protectiva.pl\/?post_type=product&#038;p=18491"},"modified":"2025-03-28T19:09:48","modified_gmt":"2025-03-28T19:09:48","slug":"proteintest-2","status":"publish","type":"product","link":"https:\/\/protectiva.de\/de\/produkt\/proteintest-2\/","title":{"rendered":"Proteintest"},"content":{"rendered":"<p data-sourcepos=\"15:1-15:24\"><strong>TECHNISCHES DATENBLATT<\/strong><\/p>\n<p data-sourcepos=\"17:1-17:16\"><strong>Proteintest<\/strong><\/p>\n<p data-sourcepos=\"3:1-3:23\"><strong>PRODUKTCODE:<\/strong> 4APRO<\/p>\n<p data-sourcepos=\"5:1-5:94\"><strong>ZUGEH\u00d6RIGE STANDARDS:<\/strong> Der 4A Medical PRO Test unterliegt den Normen ISO 13485 und 9001.<\/p>\n<p data-sourcepos=\"7:1-7:143\"><strong>VERWENDUNGSZWECK:<\/strong> Mit dem Pro-Test wird kontrolliert, ob der Reinigungsvorgang erfolgreich war und ob sich Proteinr\u00fcckst\u00e4nde auf der Oberfl\u00e4che befinden.<\/p>\n<p data-sourcepos=\"9:1-9:911\"><strong>BETRIEBSBEDINGUNGEN:<\/strong> Vor Beginn der Analyse m\u00fcssen wegen einer anwenderbedingten Kontamination Handschuhe getragen werden. Das im Testkit enthaltene Wattest\u00e4bchen wird \u00fcber die Teile der medizinischen und chirurgischen Instrumente gerieben, bei denen der Verdacht auf Proteinr\u00fcckst\u00e4nde besteht, um die R\u00fcckst\u00e4nde auf das Wattest\u00e4bchen zu \u00fcbertragen. Sind die R\u00fcckst\u00e4nde trocken, k\u00f6nnen sie mit klarem Wasser angefeuchtet und der Vorgang wiederholt werden. Anschlie\u00dfend wird das Wattest\u00e4bchen in das R\u00f6hrchen mit violettem Deckel gegeben und 5 Sekunden lang gesch\u00fcttelt. Nach dem Sch\u00fctteln wird das R\u00f6hrchen kopf\u00fcber auf eine ebene Fl\u00e4che gestellt. Wenn sich nach 3 Minuten auf dem St\u00e4bchen oder in der Fl\u00fcssigkeit eine violett-rosa Farbe zeigt, weist dies auf Protein auf dem verd\u00e4chtigen medizinischen\/chirurgischen Instrument hin. Eine \u00fcberm\u00e4\u00dfige Proteinmenge auf der Testfl\u00e4che kann die Fl\u00fcssigkeit vollst\u00e4ndig violett f\u00e4rben. Die Farb\u00e4nderung nach 3 Minuten darf nicht ber\u00fccksichtigt werden.<\/p>\n<p data-sourcepos=\"11:1-11:185\"><strong>LAGERUNG UND ENTSORGUNG:<\/strong> Das Testkit muss in einem dunklen Raum ohne Feuchtigkeit bei 4\u201320 \u00b0C gelagert werden. Das Verfallsdatum betr\u00e4gt 18 Monate nach dem Herstellungsdatum. Jede Packung enth\u00e4lt 24 St\u00fcck.<\/p>\n<p data-sourcepos=\"13:1-13:29\"><strong>VERPACKUNG:<\/strong> 24 St\u00fcck im Karton.<\/p>\n<table style=\"height: 57px\" border=\"0\" width=\"749\">\n<thead>\n<tr>\n<th>Produktname<\/th>\n<th>MENGE<\/th>\n<th>Gr\u00f6\u00dfe<\/th>\n<\/tr>\n<\/thead>\n<tbody>\n<tr>\n<td>Proteintest<\/td>\n<td>1X<\/td>\n<td>24 St\u00fcck<\/td>\n<\/tr>\n<\/tbody>\n<\/table>\n<p data-sourcepos=\"19:1-19:24\">\n<p>&nbsp;<\/p>\n<p data-sourcepos=\"19:1-19:24\">","protected":false},"excerpt":{"rendered":"<ul>\n<li>Datenblatt<\/li>\n<li><a href=\"https:\/\/protectiva.de\/wp-content\/uploads\/2025\/03\/4APRO.pdf\">4APRO<\/a><\/li>\n<\/ul>\n<p>Der von unserem Unternehmen entwickelte Pro Test ist ein Indikator, der in Krankenh\u00e4usern sicher eingesetzt werden kann, um die Wirksamkeit der Waschdesinfektion vor der Sterilisation zu bestimmen. Proteinr\u00fcckst\u00e4nde auf medizinischen Ger\u00e4ten sind bakteriell befallen, was zu einer erh\u00f6hten Bakterienzahl f\u00fchrt und eine ordnungsgem\u00e4\u00dfe Sterilisation erschwert. Dar\u00fcber hinaus weisen diese R\u00fcckst\u00e4nde auf medizinischen Ger\u00e4ten auf Lebensformen hin, die ein Infektionsrisiko darstellen. Um diese Infektionen zu verhindern, ist die Identifizierung und Beseitigung von Proteinr\u00fcckst\u00e4nden unerl\u00e4sslich.<\/p>","protected":false},"featured_media":18218,"comment_status":"open","ping_status":"closed","template":"","meta":[],"product_brand":[],"product_cat":[109,187],"product_tag":[],"class_list":{"0":"post-18491","1":"product","2":"type-product","3":"status-publish","4":"has-post-thumbnail","6":"product_cat-sterilization-n","7":"product_cat-washer-control-products","9":"first","10":"instock","11":"shipping-taxable","12":"product-type-grouped"},"yoast_head":"<!-- This site is optimized with the Yoast SEO plugin v26.2 - https:\/\/yoast.com\/wordpress\/plugins\/seo\/ -->\n<title>Protein Test - Protectiva.pl \u2013 Professionelle Medizinische und Hygieneprodukte | CE- &amp; ISO-zertifiziert<\/title>\n<meta name=\"robots\" content=\"index, follow, max-snippet:-1, max-image-preview:large, max-video-preview:-1\" \/>\n<link rel=\"canonical\" href=\"https:\/\/protectiva.de\/de\/?product=protein-test-2\" \/>\n<meta property=\"og:locale\" content=\"de_DE\" \/>\n<meta property=\"og:type\" content=\"article\" \/>\n<meta property=\"og:title\" content=\"Protein Test - Protectiva.pl \u2013 Professionelle Medizinische und Hygieneprodukte | CE- &amp; ISO-zertifiziert\" \/>\n<meta property=\"og:description\" content=\"Data Sheet  4APRO  Pro Test which is developed by our company, is an indicator which can be used safely at hospitals to determinate the effectiveness of the washing disinfection operations before sterilization. Protein residues on medical equipment are profiled by bacteries which results with an increase in the number of bacteria that causes a drawback for a proper sterilization. In addition, these kind of residues on these medical equipment are the sign of life forms that causes the risk for infection. To prevent these kind of infections, identification and cleaning of protein residues are obligatory.\" \/>\n<meta property=\"og:url\" content=\"https:\/\/protectiva.de\/de\/?product=protein-test-2\" \/>\n<meta property=\"og:site_name\" content=\"Protectiva.pl \u2013 Professionelle Medizinische und Hygieneprodukte | CE- &amp; ISO-zertifiziert\" \/>\n<meta property=\"article:modified_time\" content=\"2025-03-28T19:09:48+00:00\" \/>\n<meta property=\"og:image\" content=\"https:\/\/protectiva.de\/wp-content\/uploads\/2025\/03\/4APRO.jpg\" \/>\n\t<meta property=\"og:image:width\" content=\"1000\" \/>\n\t<meta property=\"og:image:height\" content=\"1000\" \/>\n\t<meta property=\"og:image:type\" content=\"image\/jpeg\" \/>\n<meta name=\"twitter:card\" content=\"summary_large_image\" \/>\n<meta name=\"twitter:label1\" content=\"Gesch\u00e4tzte Lesezeit\" \/>\n\t<meta name=\"twitter:data1\" content=\"1\u00a0Minute\" \/>\n<script type=\"application\/ld+json\" class=\"yoast-schema-graph\">{\"@context\":\"https:\/\/schema.org\",\"@graph\":[{\"@type\":\"WebPage\",\"@id\":\"https:\/\/protectiva.de\/?product=protein-test-2\",\"url\":\"https:\/\/protectiva.de\/?product=protein-test-2\",\"name\":\"Protein Test - Protectiva.pl \u2013 Professionelle Medizinische und Hygieneprodukte | CE- &amp; ISO-zertifiziert\",\"isPartOf\":{\"@id\":\"https:\/\/protectiva.de\/#website\"},\"primaryImageOfPage\":{\"@id\":\"https:\/\/protectiva.de\/?product=protein-test-2#primaryimage\"},\"image\":{\"@id\":\"https:\/\/protectiva.de\/?product=protein-test-2#primaryimage\"},\"thumbnailUrl\":\"https:\/\/protectiva.de\/wp-content\/uploads\/2025\/03\/4APRO.jpg\",\"datePublished\":\"2025-03-27T10:38:39+00:00\",\"dateModified\":\"2025-03-28T19:09:48+00:00\",\"breadcrumb\":{\"@id\":\"https:\/\/protectiva.de\/?product=protein-test-2#breadcrumb\"},\"inLanguage\":\"de\",\"potentialAction\":[{\"@type\":\"ReadAction\",\"target\":[\"https:\/\/protectiva.de\/?product=protein-test-2\"]}]},{\"@type\":\"ImageObject\",\"inLanguage\":\"de\",\"@id\":\"https:\/\/protectiva.de\/?product=protein-test-2#primaryimage\",\"url\":\"https:\/\/protectiva.de\/wp-content\/uploads\/2025\/03\/4APRO.jpg\",\"contentUrl\":\"https:\/\/protectiva.de\/wp-content\/uploads\/2025\/03\/4APRO.jpg\",\"width\":1000,\"height\":1000},{\"@type\":\"BreadcrumbList\",\"@id\":\"https:\/\/protectiva.de\/?product=protein-test-2#breadcrumb\",\"itemListElement\":[{\"@type\":\"ListItem\",\"position\":1,\"name\":\"Home\",\"item\":\"https:\/\/protectiva.de\/\"},{\"@type\":\"ListItem\",\"position\":2,\"name\":\"All Products\",\"item\":\"https:\/\/protectiva.de\/shop\/\"},{\"@type\":\"ListItem\",\"position\":3,\"name\":\"Protein Test\"}]},{\"@type\":\"WebSite\",\"@id\":\"https:\/\/protectiva.de\/#website\",\"url\":\"https:\/\/protectiva.de\/\",\"name\":\"Protectiva\",\"description\":\"Innovative Medical Solutions Protectiva.de bietet hochwertige medizinische und Hygieneprodukte. Zuverl\u00e4ssige Schutzausr\u00fcstung, Sterilisationsl\u00f6sungen und Gesundheitsversorgung gem\u00e4\u00df CE- und ISO-Standards f\u00fcr Krankenh\u00e4user und Kliniken. Die ideale Wahl f\u00fcr sichere und komfortable Gesundheitsumgebungen.\",\"publisher\":{\"@id\":\"https:\/\/protectiva.de\/#organization\"},\"potentialAction\":[{\"@type\":\"SearchAction\",\"target\":{\"@type\":\"EntryPoint\",\"urlTemplate\":\"https:\/\/protectiva.de\/?s={search_term_string}\"},\"query-input\":{\"@type\":\"PropertyValueSpecification\",\"valueRequired\":true,\"valueName\":\"search_term_string\"}}],\"inLanguage\":\"de\"},{\"@type\":\"Organization\",\"@id\":\"https:\/\/protectiva.de\/#organization\",\"name\":\"Protectiva\",\"url\":\"https:\/\/protectiva.de\/\",\"logo\":{\"@type\":\"ImageObject\",\"inLanguage\":\"de\",\"@id\":\"https:\/\/protectiva.de\/#\/schema\/logo\/image\/\",\"url\":\"https:\/\/protectiva.de\/wp-content\/uploads\/2025\/03\/logo-protectiva-son-hali.png\",\"contentUrl\":\"https:\/\/protectiva.de\/wp-content\/uploads\/2025\/03\/logo-protectiva-son-hali.png\",\"width\":1140,\"height\":585,\"caption\":\"Protectiva\"},\"image\":{\"@id\":\"https:\/\/protectiva.de\/#\/schema\/logo\/image\/\"}}]}<\/script>\n<!-- \/ Yoast SEO plugin. -->","yoast_head_json":{"title":"Protein Test - Protectiva.pl \u2013 Professionelle Medizinische und Hygieneprodukte | CE- &amp; ISO-zertifiziert","robots":{"index":"index","follow":"follow","max-snippet":"max-snippet:-1","max-image-preview":"max-image-preview:large","max-video-preview":"max-video-preview:-1"},"canonical":"https:\/\/protectiva.de\/de\/?product=protein-test-2","og_locale":"de_DE","og_type":"article","og_title":"Protein Test - Protectiva.pl \u2013 Professionelle Medizinische und Hygieneprodukte | CE- &amp; ISO-zertifiziert","og_description":"Data Sheet  4APRO  Pro Test which is developed by our company, is an indicator which can be used safely at hospitals to determinate the effectiveness of the washing disinfection operations before sterilization. Protein residues on medical equipment are profiled by bacteries which results with an increase in the number of bacteria that causes a drawback for a proper sterilization. In addition, these kind of residues on these medical equipment are the sign of life forms that causes the risk for infection. To prevent these kind of infections, identification and cleaning of protein residues are obligatory.","og_url":"https:\/\/protectiva.de\/de\/?product=protein-test-2","og_site_name":"Protectiva.pl \u2013 Professionelle Medizinische und Hygieneprodukte | CE- &amp; ISO-zertifiziert","article_modified_time":"2025-03-28T19:09:48+00:00","og_image":[{"width":1000,"height":1000,"url":"https:\/\/protectiva.de\/wp-content\/uploads\/2025\/03\/4APRO.jpg","type":"image\/jpeg"}],"twitter_card":"summary_large_image","twitter_misc":{"Gesch\u00e4tzte Lesezeit":"1\u00a0Minute"},"schema":{"@context":"https:\/\/schema.org","@graph":[{"@type":"WebPage","@id":"https:\/\/protectiva.de\/?product=protein-test-2","url":"https:\/\/protectiva.de\/?product=protein-test-2","name":"Protein Test - Protectiva.pl \u2013 Professionelle Medizinische und Hygieneprodukte | CE- &amp; ISO-zertifiziert","isPartOf":{"@id":"https:\/\/protectiva.de\/#website"},"primaryImageOfPage":{"@id":"https:\/\/protectiva.de\/?product=protein-test-2#primaryimage"},"image":{"@id":"https:\/\/protectiva.de\/?product=protein-test-2#primaryimage"},"thumbnailUrl":"https:\/\/protectiva.de\/wp-content\/uploads\/2025\/03\/4APRO.jpg","datePublished":"2025-03-27T10:38:39+00:00","dateModified":"2025-03-28T19:09:48+00:00","breadcrumb":{"@id":"https:\/\/protectiva.de\/?product=protein-test-2#breadcrumb"},"inLanguage":"de","potentialAction":[{"@type":"ReadAction","target":["https:\/\/protectiva.de\/?product=protein-test-2"]}]},{"@type":"ImageObject","inLanguage":"de","@id":"https:\/\/protectiva.de\/?product=protein-test-2#primaryimage","url":"https:\/\/protectiva.de\/wp-content\/uploads\/2025\/03\/4APRO.jpg","contentUrl":"https:\/\/protectiva.de\/wp-content\/uploads\/2025\/03\/4APRO.jpg","width":1000,"height":1000},{"@type":"BreadcrumbList","@id":"https:\/\/protectiva.de\/?product=protein-test-2#breadcrumb","itemListElement":[{"@type":"ListItem","position":1,"name":"Home","item":"https:\/\/protectiva.de\/"},{"@type":"ListItem","position":2,"name":"All Products","item":"https:\/\/protectiva.de\/shop\/"},{"@type":"ListItem","position":3,"name":"Protein Test"}]},{"@type":"WebSite","@id":"https:\/\/protectiva.de\/#website","url":"https:\/\/protectiva.de\/","name":"Protectiva","description":"Innovative Medical Solutions Protectiva.de bietet hochwertige medizinische und Hygieneprodukte. Zuverl\u00e4ssige Schutzausr\u00fcstung, Sterilisationsl\u00f6sungen und Gesundheitsversorgung gem\u00e4\u00df CE- und ISO-Standards f\u00fcr Krankenh\u00e4user und Kliniken. Die ideale Wahl f\u00fcr sichere und komfortable Gesundheitsumgebungen.","publisher":{"@id":"https:\/\/protectiva.de\/#organization"},"potentialAction":[{"@type":"SearchAction","target":{"@type":"EntryPoint","urlTemplate":"https:\/\/protectiva.de\/?s={search_term_string}"},"query-input":{"@type":"PropertyValueSpecification","valueRequired":true,"valueName":"search_term_string"}}],"inLanguage":"de"},{"@type":"Organization","@id":"https:\/\/protectiva.de\/#organization","name":"Protectiva","url":"https:\/\/protectiva.de\/","logo":{"@type":"ImageObject","inLanguage":"de","@id":"https:\/\/protectiva.de\/#\/schema\/logo\/image\/","url":"https:\/\/protectiva.de\/wp-content\/uploads\/2025\/03\/logo-protectiva-son-hali.png","contentUrl":"https:\/\/protectiva.de\/wp-content\/uploads\/2025\/03\/logo-protectiva-son-hali.png","width":1140,"height":585,"caption":"Protectiva"},"image":{"@id":"https:\/\/protectiva.de\/#\/schema\/logo\/image\/"}}]}},"_links":{"self":[{"href":"https:\/\/protectiva.de\/de\/wp-json\/wp\/v2\/product\/18491","targetHints":{"allow":["GET"]}}],"collection":[{"href":"https:\/\/protectiva.de\/de\/wp-json\/wp\/v2\/product"}],"about":[{"href":"https:\/\/protectiva.de\/de\/wp-json\/wp\/v2\/types\/product"}],"replies":[{"embeddable":true,"href":"https:\/\/protectiva.de\/de\/wp-json\/wp\/v2\/comments?post=18491"}],"wp:featuredmedia":[{"embeddable":true,"href":"https:\/\/protectiva.de\/de\/wp-json\/wp\/v2\/media\/18218"}],"wp:attachment":[{"href":"https:\/\/protectiva.de\/de\/wp-json\/wp\/v2\/media?parent=18491"}],"wp:term":[{"taxonomy":"product_brand","embeddable":true,"href":"https:\/\/protectiva.de\/de\/wp-json\/wp\/v2\/product_brand?post=18491"},{"taxonomy":"product_cat","embeddable":true,"href":"https:\/\/protectiva.de\/de\/wp-json\/wp\/v2\/product_cat?post=18491"},{"taxonomy":"product_tag","embeddable":true,"href":"https:\/\/protectiva.de\/de\/wp-json\/wp\/v2\/product_tag?post=18491"}],"curies":[{"name":"wp","href":"https:\/\/api.w.org\/{rel}","templated":true}]}}