{"id":18485,"date":"2025-03-27T10:28:27","date_gmt":"2025-03-27T10:28:27","guid":{"rendered":"https:\/\/protectiva.pl\/?post_type=product&#038;p=18485"},"modified":"2025-03-28T19:09:49","modified_gmt":"2025-03-28T19:09:49","slug":"inkubator-37c-59c-2","status":"publish","type":"product","link":"https:\/\/protectiva.de\/de\/produkt\/inkubator-37c-59c-2\/","title":{"rendered":"Inkubator 37 \u00b0C\/59 \u00b0C"},"content":{"rendered":"<p data-sourcepos=\"28:1-28:24\"><strong>TECHNISCHES DATENBLATT<\/strong><\/p>\n<p data-sourcepos=\"30:1-30:24\"><strong>INSTRUMENTENSCHUTZ<\/strong><\/p>\n<p data-sourcepos=\"3:1-3:22\"><strong>PRODUKTCODE:<\/strong> 4AIP<\/p>\n<p data-sourcepos=\"5:1-5:125\"><strong>ZUGEH\u00d6RIGE STANDARDS:<\/strong> Der Indikator des 4A Medical Instrument Protector ist gem\u00e4\u00df der Norm ISO 11140-1 als Typ 1 klassifiziert.<\/p>\n<p data-sourcepos=\"7:1-7:227\"><strong>VERWENDUNGSZWECK:<\/strong> Der 4A Medical Instrument Protector verhindert, dass die Spitzen von Instrumenten in den Sterilbeutel eindringen. Er h\u00e4lt das Instrument in ge\u00f6ffneter Position f\u00fcr eine ordnungsgem\u00e4\u00dfe Sterilisation. Er ist f\u00fcr die Verwendung in einem einzelnen Peel-Beutel vorgesehen.<\/p>\n<p data-sourcepos=\"9:1-9:98\"><strong>BETRIEBSBEDINGUNGEN:<\/strong> 4A-Schutzvorrichtungen f\u00fcr medizinische Instrumente sind f\u00fcr den Betrieb im Dampfkreislauf ausgelegt.<\/p>\n<p data-sourcepos=\"11:1-11:124\"><strong>CHEMISCHE ZUSAMMENSETZUNG:<\/strong> Die zum Drucken verwendete Sterilisationsindikatortinte enth\u00e4lt die folgenden Komponenten in ppm-Werten:<\/p>\n<ul data-sourcepos=\"12:1-15:0\">\n<li data-sourcepos=\"12:1-12:29\">Wasser (CAS #7732-18-5): 35%<\/li>\n<li data-sourcepos=\"13:1-13:38\">Diacetonalkohol (CAS#123-42-2): 3%<\/li>\n<li data-sourcepos=\"14:1-15:0\">Propriet\u00e4re Mischung (CAS #N\/A): 62%<\/li>\n<\/ul>\n<p data-sourcepos=\"16:1-16:108\">Enth\u00e4lt keine als gef\u00e4hrlich eingestuften Stoffe, die gem\u00e4\u00df EG-Richtlinien zu ber\u00fccksichtigen sind.<\/p>\n<p data-sourcepos=\"16:1-16:108\">Indikator<\/p>\n<div class=\"horizontal-scroll-wrapper\">\n<div class=\"table-block-component\">\n<div class=\"table-block table-formatting\">\n<div class=\"table-content not-end-of-paragraph\">\n<table class=\"table-formatting\" data-sourcepos=\"18:1-20:60\">\n<tbody>\n<tr data-sourcepos=\"18:1-18:60\">\n<th data-sourcepos=\"18:1-18:13\"><\/th>\n<th data-sourcepos=\"18:15-18:36\">Vor der Sterilisation<\/th>\n<th data-sourcepos=\"18:38-18:58\">Nach der Sterilisation<\/th>\n<\/tr>\n<tr data-sourcepos=\"20:1-20:60\">\n<td data-sourcepos=\"20:1-20:13\"><\/td>\n<td data-sourcepos=\"20:15-20:36\"><\/td>\n<td data-sourcepos=\"20:38-20:58\"><\/td>\n<\/tr>\n<\/tbody>\n<\/table>\n<\/div>\n<div class=\"table-footer table-formatting hide-from-message-actions ng-star-inserted\"><\/div>\n<div class=\"table-footer table-formatting hide-from-message-actions ng-star-inserted\"><strong>PRODUKTSPEZIFIKATIONEN:<\/strong> Jede Packung enth\u00e4lt 100 St\u00fcck. Der Indikator reagiert auf Temperatur, Zeit und Dampfkonzentration. Die Standardabmessungen sind 50 mm x 125 mm und 75 mm x 150 mm. Andere Abmessungen sind auf Anfrage m\u00f6glich.<\/div>\n<\/div>\n<\/div>\n<\/div>\n<p data-sourcepos=\"24:1-24:346\"><strong>LAGERUNG UND ENTSORGUNG:<\/strong> Abgelaufene Produkte d\u00fcrfen nicht verwendet werden. Sie werden bei Raumtemperatur, ohne Feuchtigkeit und Sonnenlicht gelagert. Kontakt mit Fl\u00fcssigkeiten ist zu vermeiden. Besch\u00e4digte oder defekte Produkte d\u00fcrfen nicht verwendet werden. Die Haltbarkeit betr\u00e4gt 5 Jahre ab Produktionsdatum. Nach der Sterilisation beh\u00e4lt der Indikator seine Sterilisationsfarbe f\u00fcr 6 Monate.<\/p>\n<p data-sourcepos=\"26:1-26:35\"><strong>VERPACKUNG:<\/strong> Verpackt in Kartons.<\/p>\n<p data-sourcepos=\"32:1-32:14\">\n<div id=\"gtx-trans\" style=\"position: absolute;left: -39px;top: 80px\">\n<div class=\"gtx-trans-icon\"><\/div>\n<\/div>","protected":false},"excerpt":{"rendered":"<ul>\n<li>Datenblatt<\/li>\n<li><a href=\"https:\/\/protectiva.de\/wp-content\/uploads\/2025\/03\/4AIP.pdf\">4AIP<\/a><\/li>\n<\/ul>\n<p>Der medizinische Inkubator 4A ist f\u00fcr die Inkubation von 4ASBI (24 Stunden) biologischen Dampfindikatoren f\u00fcr die Dampfsterilisation, 4AEOBI biologischen Ethylenoxidindikatoren f\u00fcr die EO-Sterilisation und 4APBI biologischen Plasmaindikatoren f\u00fcr die Wasserstoffperoxid-Sterilisation konzipiert. Die Inkubationstemperaturen variieren je nach Indikator, da sich die in den biologischen Indikatoren enthaltenen Mikroorganismen je nach Sterilisationsverfahren, f\u00fcr das sie hergestellt wurden, unterscheiden. Es stehen drei Inkubationsprogramme zur Verf\u00fcgung: MOD 1 \u2013 48 Stunden bei 370 \u00b0C f\u00fcr biologische EO-Indikatoren, MOD 2 \u2013 24 Stunden bei 570 \u00b0C f\u00fcr biologische Dampfindikatoren und MOD 3 \u2013 24 Stunden bei 600 \u00b0C f\u00fcr biologische Plasmaindikatoren. Der Inkubator erleichtert die Identifizierung positiver und negativer Ergebnisse f\u00fcr biologische Indikatoren. Bei einer negativen Sterilisation verf\u00e4rbt sich das Kulturmedium gelb. Der Farbumschlag sollte als Zeichen daf\u00fcr interpretiert werden, dass die Sterilisation nicht erfolgreich war.<\/p>","protected":false},"featured_media":19272,"comment_status":"open","ping_status":"closed","template":"","meta":[],"product_brand":[],"product_cat":[186,109],"product_tag":[],"class_list":{"0":"post-18485","1":"product","2":"type-product","3":"status-publish","4":"has-post-thumbnail","6":"product_cat-biological-indicators","7":"product_cat-sterilization-n","9":"first","10":"instock","11":"shipping-taxable","12":"product-type-grouped"},"yoast_head":"<!-- This site is optimized with the Yoast SEO plugin v26.2 - https:\/\/yoast.com\/wordpress\/plugins\/seo\/ -->\n<title>Incubator 37C\/59C - Protectiva.pl \u2013 Professionelle Medizinische und Hygieneprodukte | CE- &amp; ISO-zertifiziert<\/title>\n<meta name=\"robots\" content=\"index, follow, max-snippet:-1, max-image-preview:large, max-video-preview:-1\" \/>\n<link rel=\"canonical\" href=\"https:\/\/protectiva.de\/de\/?product=incubator-37c-59c-2\" \/>\n<meta property=\"og:locale\" content=\"de_DE\" \/>\n<meta property=\"og:type\" content=\"article\" \/>\n<meta property=\"og:title\" content=\"Incubator 37C\/59C - Protectiva.pl \u2013 Professionelle Medizinische und Hygieneprodukte | CE- &amp; ISO-zertifiziert\" \/>\n<meta property=\"og:description\" content=\"Data Sheet  4AIP  4A Medical Incubator is designed to incubate 4ASBI (24 hours) steam biological indicators for steam sterilization process, 4AEOBI Ethylene Oxide biological indicators for EO sterilization process and 4APBI plasma biological indicators for Hydrogen Peroxide sterilization process. Incubation temperatures vary depending on the indicator, because the microorganisms included within the Biological Indicators differentiate based on the sterilizing method for which they were created. Three incubation programs are available: MOD 1 \u2013 48 hours at 370C for EO biological indicators, MOD 2 \u2013 24 hours at 570C for steam biological indicators and MOD 3 \u2013 24 hours at 600C for plasma biological indicators. The incubator makes it simple to identify positive and negative results for Biological Indicators. If the sterilization success is negative, the color of the culture media turns yellow. The color change should be interpreted that the sterilization was not successful.\" \/>\n<meta property=\"og:url\" content=\"https:\/\/protectiva.de\/de\/?product=incubator-37c-59c-2\" \/>\n<meta property=\"og:site_name\" content=\"Protectiva.pl \u2013 Professionelle Medizinische und Hygieneprodukte | CE- &amp; ISO-zertifiziert\" \/>\n<meta property=\"article:modified_time\" content=\"2025-03-28T19:09:49+00:00\" \/>\n<meta property=\"og:image\" content=\"https:\/\/protectiva.de\/wp-content\/uploads\/2025\/03\/logo-protectiva-son-hali.png\" \/>\n\t<meta property=\"og:image:width\" content=\"1140\" \/>\n\t<meta property=\"og:image:height\" content=\"585\" \/>\n\t<meta property=\"og:image:type\" content=\"image\/png\" \/>\n<meta name=\"twitter:card\" content=\"summary_large_image\" \/>\n<meta name=\"twitter:label1\" content=\"Gesch\u00e4tzte Lesezeit\" \/>\n\t<meta name=\"twitter:data1\" content=\"1\u00a0Minute\" \/>\n<script type=\"application\/ld+json\" class=\"yoast-schema-graph\">{\"@context\":\"https:\/\/schema.org\",\"@graph\":[{\"@type\":\"WebPage\",\"@id\":\"https:\/\/protectiva.de\/?product=incubator-37c-59c-2\",\"url\":\"https:\/\/protectiva.de\/?product=incubator-37c-59c-2\",\"name\":\"Incubator 37C\/59C - Protectiva.pl \u2013 Professionelle Medizinische und Hygieneprodukte | CE- &amp; ISO-zertifiziert\",\"isPartOf\":{\"@id\":\"https:\/\/protectiva.de\/#website\"},\"primaryImageOfPage\":{\"@id\":\"https:\/\/protectiva.de\/?product=incubator-37c-59c-2#primaryimage\"},\"image\":{\"@id\":\"https:\/\/protectiva.de\/?product=incubator-37c-59c-2#primaryimage\"},\"thumbnailUrl\":\"https:\/\/protectiva.de\/wp-content\/uploads\/2025\/03\/logo-protectiva-son-hali.png\",\"datePublished\":\"2025-03-27T10:28:27+00:00\",\"dateModified\":\"2025-03-28T19:09:49+00:00\",\"breadcrumb\":{\"@id\":\"https:\/\/protectiva.de\/?product=incubator-37c-59c-2#breadcrumb\"},\"inLanguage\":\"de\",\"potentialAction\":[{\"@type\":\"ReadAction\",\"target\":[\"https:\/\/protectiva.de\/?product=incubator-37c-59c-2\"]}]},{\"@type\":\"ImageObject\",\"inLanguage\":\"de\",\"@id\":\"https:\/\/protectiva.de\/?product=incubator-37c-59c-2#primaryimage\",\"url\":\"https:\/\/protectiva.de\/wp-content\/uploads\/2025\/03\/logo-protectiva-son-hali.png\",\"contentUrl\":\"https:\/\/protectiva.de\/wp-content\/uploads\/2025\/03\/logo-protectiva-son-hali.png\",\"width\":1140,\"height\":585},{\"@type\":\"BreadcrumbList\",\"@id\":\"https:\/\/protectiva.de\/?product=incubator-37c-59c-2#breadcrumb\",\"itemListElement\":[{\"@type\":\"ListItem\",\"position\":1,\"name\":\"Home\",\"item\":\"https:\/\/protectiva.de\/\"},{\"@type\":\"ListItem\",\"position\":2,\"name\":\"All Products\",\"item\":\"https:\/\/protectiva.de\/shop\/\"},{\"@type\":\"ListItem\",\"position\":3,\"name\":\"Incubator 37C\/59C\"}]},{\"@type\":\"WebSite\",\"@id\":\"https:\/\/protectiva.de\/#website\",\"url\":\"https:\/\/protectiva.de\/\",\"name\":\"Protectiva\",\"description\":\"Innovative Medical Solutions Protectiva.de bietet hochwertige medizinische und Hygieneprodukte. Zuverl\u00e4ssige Schutzausr\u00fcstung, Sterilisationsl\u00f6sungen und Gesundheitsversorgung gem\u00e4\u00df CE- und ISO-Standards f\u00fcr Krankenh\u00e4user und Kliniken. Die ideale Wahl f\u00fcr sichere und komfortable Gesundheitsumgebungen.\",\"publisher\":{\"@id\":\"https:\/\/protectiva.de\/#organization\"},\"potentialAction\":[{\"@type\":\"SearchAction\",\"target\":{\"@type\":\"EntryPoint\",\"urlTemplate\":\"https:\/\/protectiva.de\/?s={search_term_string}\"},\"query-input\":{\"@type\":\"PropertyValueSpecification\",\"valueRequired\":true,\"valueName\":\"search_term_string\"}}],\"inLanguage\":\"de\"},{\"@type\":\"Organization\",\"@id\":\"https:\/\/protectiva.de\/#organization\",\"name\":\"Protectiva\",\"url\":\"https:\/\/protectiva.de\/\",\"logo\":{\"@type\":\"ImageObject\",\"inLanguage\":\"de\",\"@id\":\"https:\/\/protectiva.de\/#\/schema\/logo\/image\/\",\"url\":\"https:\/\/protectiva.de\/wp-content\/uploads\/2025\/03\/logo-protectiva-son-hali.png\",\"contentUrl\":\"https:\/\/protectiva.de\/wp-content\/uploads\/2025\/03\/logo-protectiva-son-hali.png\",\"width\":1140,\"height\":585,\"caption\":\"Protectiva\"},\"image\":{\"@id\":\"https:\/\/protectiva.de\/#\/schema\/logo\/image\/\"}}]}<\/script>\n<!-- \/ Yoast SEO plugin. -->","yoast_head_json":{"title":"Incubator 37C\/59C - Protectiva.pl \u2013 Professionelle Medizinische und Hygieneprodukte | CE- &amp; ISO-zertifiziert","robots":{"index":"index","follow":"follow","max-snippet":"max-snippet:-1","max-image-preview":"max-image-preview:large","max-video-preview":"max-video-preview:-1"},"canonical":"https:\/\/protectiva.de\/de\/?product=incubator-37c-59c-2","og_locale":"de_DE","og_type":"article","og_title":"Incubator 37C\/59C - Protectiva.pl \u2013 Professionelle Medizinische und Hygieneprodukte | CE- &amp; ISO-zertifiziert","og_description":"Data Sheet  4AIP  4A Medical Incubator is designed to incubate 4ASBI (24 hours) steam biological indicators for steam sterilization process, 4AEOBI Ethylene Oxide biological indicators for EO sterilization process and 4APBI plasma biological indicators for Hydrogen Peroxide sterilization process. Incubation temperatures vary depending on the indicator, because the microorganisms included within the Biological Indicators differentiate based on the sterilizing method for which they were created. Three incubation programs are available: MOD 1 \u2013 48 hours at 370C for EO biological indicators, MOD 2 \u2013 24 hours at 570C for steam biological indicators and MOD 3 \u2013 24 hours at 600C for plasma biological indicators. The incubator makes it simple to identify positive and negative results for Biological Indicators. If the sterilization success is negative, the color of the culture media turns yellow. The color change should be interpreted that the sterilization was not successful.","og_url":"https:\/\/protectiva.de\/de\/?product=incubator-37c-59c-2","og_site_name":"Protectiva.pl \u2013 Professionelle Medizinische und Hygieneprodukte | CE- &amp; ISO-zertifiziert","article_modified_time":"2025-03-28T19:09:49+00:00","og_image":[{"width":1140,"height":585,"url":"https:\/\/protectiva.de\/wp-content\/uploads\/2025\/03\/logo-protectiva-son-hali.png","type":"image\/png"}],"twitter_card":"summary_large_image","twitter_misc":{"Gesch\u00e4tzte Lesezeit":"1\u00a0Minute"},"schema":{"@context":"https:\/\/schema.org","@graph":[{"@type":"WebPage","@id":"https:\/\/protectiva.de\/?product=incubator-37c-59c-2","url":"https:\/\/protectiva.de\/?product=incubator-37c-59c-2","name":"Incubator 37C\/59C - Protectiva.pl \u2013 Professionelle Medizinische und Hygieneprodukte | CE- &amp; ISO-zertifiziert","isPartOf":{"@id":"https:\/\/protectiva.de\/#website"},"primaryImageOfPage":{"@id":"https:\/\/protectiva.de\/?product=incubator-37c-59c-2#primaryimage"},"image":{"@id":"https:\/\/protectiva.de\/?product=incubator-37c-59c-2#primaryimage"},"thumbnailUrl":"https:\/\/protectiva.de\/wp-content\/uploads\/2025\/03\/logo-protectiva-son-hali.png","datePublished":"2025-03-27T10:28:27+00:00","dateModified":"2025-03-28T19:09:49+00:00","breadcrumb":{"@id":"https:\/\/protectiva.de\/?product=incubator-37c-59c-2#breadcrumb"},"inLanguage":"de","potentialAction":[{"@type":"ReadAction","target":["https:\/\/protectiva.de\/?product=incubator-37c-59c-2"]}]},{"@type":"ImageObject","inLanguage":"de","@id":"https:\/\/protectiva.de\/?product=incubator-37c-59c-2#primaryimage","url":"https:\/\/protectiva.de\/wp-content\/uploads\/2025\/03\/logo-protectiva-son-hali.png","contentUrl":"https:\/\/protectiva.de\/wp-content\/uploads\/2025\/03\/logo-protectiva-son-hali.png","width":1140,"height":585},{"@type":"BreadcrumbList","@id":"https:\/\/protectiva.de\/?product=incubator-37c-59c-2#breadcrumb","itemListElement":[{"@type":"ListItem","position":1,"name":"Home","item":"https:\/\/protectiva.de\/"},{"@type":"ListItem","position":2,"name":"All Products","item":"https:\/\/protectiva.de\/shop\/"},{"@type":"ListItem","position":3,"name":"Incubator 37C\/59C"}]},{"@type":"WebSite","@id":"https:\/\/protectiva.de\/#website","url":"https:\/\/protectiva.de\/","name":"Protectiva","description":"Innovative Medical Solutions Protectiva.de bietet hochwertige medizinische und Hygieneprodukte. Zuverl\u00e4ssige Schutzausr\u00fcstung, Sterilisationsl\u00f6sungen und Gesundheitsversorgung gem\u00e4\u00df CE- und ISO-Standards f\u00fcr Krankenh\u00e4user und Kliniken. Die ideale Wahl f\u00fcr sichere und komfortable Gesundheitsumgebungen.","publisher":{"@id":"https:\/\/protectiva.de\/#organization"},"potentialAction":[{"@type":"SearchAction","target":{"@type":"EntryPoint","urlTemplate":"https:\/\/protectiva.de\/?s={search_term_string}"},"query-input":{"@type":"PropertyValueSpecification","valueRequired":true,"valueName":"search_term_string"}}],"inLanguage":"de"},{"@type":"Organization","@id":"https:\/\/protectiva.de\/#organization","name":"Protectiva","url":"https:\/\/protectiva.de\/","logo":{"@type":"ImageObject","inLanguage":"de","@id":"https:\/\/protectiva.de\/#\/schema\/logo\/image\/","url":"https:\/\/protectiva.de\/wp-content\/uploads\/2025\/03\/logo-protectiva-son-hali.png","contentUrl":"https:\/\/protectiva.de\/wp-content\/uploads\/2025\/03\/logo-protectiva-son-hali.png","width":1140,"height":585,"caption":"Protectiva"},"image":{"@id":"https:\/\/protectiva.de\/#\/schema\/logo\/image\/"}}]}},"_links":{"self":[{"href":"https:\/\/protectiva.de\/de\/wp-json\/wp\/v2\/product\/18485","targetHints":{"allow":["GET"]}}],"collection":[{"href":"https:\/\/protectiva.de\/de\/wp-json\/wp\/v2\/product"}],"about":[{"href":"https:\/\/protectiva.de\/de\/wp-json\/wp\/v2\/types\/product"}],"replies":[{"embeddable":true,"href":"https:\/\/protectiva.de\/de\/wp-json\/wp\/v2\/comments?post=18485"}],"wp:featuredmedia":[{"embeddable":true,"href":"https:\/\/protectiva.de\/de\/wp-json\/wp\/v2\/media\/19272"}],"wp:attachment":[{"href":"https:\/\/protectiva.de\/de\/wp-json\/wp\/v2\/media?parent=18485"}],"wp:term":[{"taxonomy":"product_brand","embeddable":true,"href":"https:\/\/protectiva.de\/de\/wp-json\/wp\/v2\/product_brand?post=18485"},{"taxonomy":"product_cat","embeddable":true,"href":"https:\/\/protectiva.de\/de\/wp-json\/wp\/v2\/product_cat?post=18485"},{"taxonomy":"product_tag","embeddable":true,"href":"https:\/\/protectiva.de\/de\/wp-json\/wp\/v2\/product_tag?post=18485"}],"curies":[{"name":"wp","href":"https:\/\/api.w.org\/{rel}","templated":true}]}}