{"id":18484,"date":"2025-03-27T10:25:18","date_gmt":"2025-03-27T10:25:18","guid":{"rendered":"https:\/\/protectiva.pl\/?post_type=product&#038;p=18484"},"modified":"2025-03-28T19:09:49","modified_gmt":"2025-03-28T19:09:49","slug":"dampfbiologischer-indikator-2","status":"publish","type":"product","link":"https:\/\/protectiva.de\/de\/produkt\/dampfbiologischer-indikator-2\/","title":{"rendered":"Dampfbiologischer Indikator"},"content":{"rendered":"<div class=\"container ng-tns-c253558143-62 hide\">\n<div class=\"carousel-container ng-tns-c253558143-62\">\n<div class=\"carousel-content ng-tns-c253558143-62\">\n<div class=\"sources-carousel-source ng-tns-c253558143-62 hide ng-star-inserted\" data-test-id=\"sources-carousel-source\">\n<p data-sourcepos=\"19:1-19:24\"><strong>TECHNISCHES DATENBLATT<\/strong><\/p>\n<p data-sourcepos=\"21:1-21:30\"><strong>BIOLOGISCHER DAMPFINDIKATOR<\/strong><\/p>\n<p data-sourcepos=\"3:1-3:23\"><strong>PRODUKTCODE:<\/strong> 4ASBI<\/p>\n<p data-sourcepos=\"5:1-5:102\"><strong>ZUGEH\u00d6RIGE STANDARDS:<\/strong> Der biologische Indikator 4A Medical Steam unterliegt dem Geltungsbereich der Norm ISO 11138.<\/p>\n<p data-sourcepos=\"7:1-7:623\"><strong>VERWENDUNGSZWECK:<\/strong> Der Bioindikator ist speziell f\u00fcr die \u00dcberwachung von vakuumunterst\u00fctzten Dampfsterilisationsprozessen bei 121\u2013134 \u00b0C und Schwerkraftverdr\u00e4ngungs-Dampfsterilisationszyklen bei 121\u2013134 \u00b0C konzipiert. Verwenden Sie einen nicht sterilisierten Bioindikator als <span class=\"citation-0 citation-end-0\">positive Kontrolle, wenn ein verarbeiteter biologischer Indikator inkubiert wird. Die positive Kontrolle stellt sicher, dass geeignete Inkubationsbedingungen<\/span> wurden erf\u00fcllt. <span class=\"citation-1 citation-end-1\">Inkubieren Sie den verarbeiteten biologischen Indikator und den als positive Kontrolle verwendeten Indikator maximal 24 Stunden bei 60\u00a0+\/-2\u00a0\u00b0C.<\/span> In Bezug auf sollte gemacht werden <span class=\"citation-2\">in bequemen Abst\u00e4nden von 10 Stunden.<\/span><span class=\"button-container hide-from-message-actions ng-star-inserted\"> \u00a0 <button class=\"mat-mdc-tooltip-trigger button image-fade-on hide-from-message-actions\" aria-controls=\"sources\" aria-expanded=\"false\" aria-describedby=\"cdk-describedby-message-ng-1-47\"><\/button><\/span><\/p>\n<p data-sourcepos=\"9:1-9:394\"><span class=\"citation-2 citation-end-2\">Eine Farb\u00e4nderung des Wachstumsindikatormediums von Violett nach Gelb bedeutet, dass beim Sterilisationsprozess ein Fehler aufgetreten ist.<\/span> Wenn bei <span class=\"citation-3\">24 Stunden gibt es keine Farb\u00e4nderung in den verarbeiteten Indikatoren, <\/span><span class=\"citation-3 citation-4 citation-end-3\">ein endg\u00fcltiges negatives Ergebnis vorliegt (der Sterilisationsprozess wurde<\/span><span class=\"citation-4 citation-end-4\"> akzeptabel). Der positive Kontrollindikator sollte eine gelbe Farb\u00e4nderung aufweisen, damit die Ergebnisse<\/span> gelten.<span class=\"button-container hide-from-message-actions ng-star-inserted\"> \u00a0 <button class=\"mat-mdc-tooltip-trigger button image-fade-on hide-from-message-actions\" aria-controls=\"sources\" aria-expanded=\"false\" aria-describedby=\"cdk-describedby-message-ng-1-47\"><\/button><\/span><\/p>\n<p data-sourcepos=\"11:1-11:231\"><strong>BETRIEBSBEDINGUNGEN:<\/strong> Wenn der Sterilisationsprozess nicht erfolgreich war, \u00e4ndert sich das Indikatormedium nach der Inkubation bei 60\u00a0+\/-2\u00a0\u00b0C von violett nach gelb und weist somit auf das Vorhandensein lebender Sporen von Geobacillus stearothermophilus hin.<\/p>\n<p data-sourcepos=\"13:1-13:170\">Bei erfolgreicher Sterilisation bleibt das Indikatormedium nach der Inkubation violett. Die endg\u00fcltige Messung sollte nach 24 Stunden Inkubation bei 60\u00a0+\/-2\u00a0\u00b0C erfolgen.<\/p>\n<p data-sourcepos=\"15:1-15:209\"><strong>ZUSAMMENSETZUNG:<\/strong> Jedes R\u00f6hrchen enth\u00e4lt eine Population von Sporen des Typs Geobacillus stearothermophilus ATCC 7953, die auf einem Tr\u00e4germaterial getr\u00e4nkt sind. In der Glasampulle befindet sich au\u00dferdem ein violettes Wachstumsindikatormedium.<\/p>\n<p data-sourcepos=\"17:1-17:270\"><strong>LAGERUNG UND ENTSORGUNG:<\/strong> Lagern Sie es an einem dunklen Ort bei Temperaturen zwischen 10-30\u00b0C, 30-80% <span class=\"citation-5 citation-end-5\">Relative Luftfeuchtigkeit. Nicht einfrieren. Lagern Sie diese Bioindikatoren nicht in der N\u00e4he von Sterilisationsmitteln oder anderen chemischen Produkten.<\/span> Jede Schachtel enth\u00e4lt 100 St\u00fcck Indikatoren.<span class=\"button-container hide-from-message-actions ng-star-inserted\">\u00a0 \u00a0<\/span><\/p>\n<p data-sourcepos=\"23:1-23:30\"><strong>VERPACKUNG:<\/strong> 100 St\u00fcck im Karton.<\/p>\n<table style=\"height: 39px\" border=\"0\" width=\"756\">\n<thead>\n<tr>\n<th>Produktname<\/th>\n<th>MENGE<\/th>\n<th>Gr\u00f6\u00dfe<\/th>\n<\/tr>\n<\/thead>\n<tbody>\n<tr>\n<td>Dampfbiologischer Indikator<\/td>\n<td>1x<\/td>\n<td>100 Stck.<\/td>\n<\/tr>\n<\/tbody>\n<\/table>\n<\/div>\n<\/div>\n<\/div>\n<\/div>\n<p data-sourcepos=\"21:1-21:30\">","protected":false},"excerpt":{"rendered":"<ul>\n<li>Datenblatt<\/li>\n<li><a href=\"https:\/\/protectiva.de\/wp-content\/uploads\/2025\/03\/4AEOBI.pdf\">4AEOBI<\/a><\/li>\n<\/ul>\n<p>Biologische Indikatoren sind Testsysteme mit lebensf\u00e4higen Mikroorganismen, die eine definierte Resistenz gegen ein bestimmtes Sterilisationsverfahren aufweisen. Ein biologischer Indikator gibt Auskunft dar\u00fcber, ob die notwendigen Bedingungen zur Abt\u00f6tung einer bestimmten Anzahl von Mikroorganismen f\u00fcr einen bestimmten Sterilisationsprozess erf\u00fcllt sind und schafft so Vertrauen in den Prozess. Der Dampf-Biologische Indikator (3 h und 24 h) wurde speziell f\u00fcr die \u00dcberwachung von Dampfsterilisationsprozessen bei 121\u2013134 \u00b0C entwickelt. Die endg\u00fcltige Ablesung eines verarbeiteten biologischen Indikators erfolgt je nach Indikatortyp nach 3 Stunden (4ARSBI) oder 24 Stunden (4ASBI) Inkubation bei 60 \u00b1 2 \u00b0C.<\/p>","protected":false},"featured_media":18220,"comment_status":"open","ping_status":"closed","template":"","meta":[],"product_brand":[],"product_cat":[186,109],"product_tag":[],"class_list":{"0":"post-18484","1":"product","2":"type-product","3":"status-publish","4":"has-post-thumbnail","6":"product_cat-biological-indicators","7":"product_cat-sterilization-n","9":"first","10":"instock","11":"shipping-taxable","12":"product-type-grouped"},"yoast_head":"<!-- This site is optimized with the Yoast SEO plugin v26.2 - https:\/\/yoast.com\/wordpress\/plugins\/seo\/ -->\n<title>Steam Biological Indicator - Protectiva.pl \u2013 Professionelle Medizinische und Hygieneprodukte | CE- &amp; ISO-zertifiziert<\/title>\n<meta name=\"robots\" content=\"index, follow, max-snippet:-1, max-image-preview:large, max-video-preview:-1\" \/>\n<link rel=\"canonical\" href=\"https:\/\/protectiva.de\/de\/?product=steam-biological-indicator-2\" \/>\n<meta property=\"og:locale\" content=\"de_DE\" \/>\n<meta property=\"og:type\" content=\"article\" \/>\n<meta property=\"og:title\" content=\"Steam Biological Indicator - Protectiva.pl \u2013 Professionelle Medizinische und Hygieneprodukte | CE- &amp; ISO-zertifiziert\" \/>\n<meta property=\"og:description\" content=\"Data Sheet  4AEOBI  Biological indicators are test systems containing viable microorganisms providing a defined resistance to a specific sterilization process. A biological indicator provides information on whether necessary conditions were met to kill a specified number of microorganisms for a given sterilization process, providing a level of confidence in the process. Steam Biological Indicator (3h and 24h) is specifically designed for the monitoring steam sterilization processes at 121 \u2013 134 \u00b0C. The final readout of a processed biological indicator with respect to the indicator type should be made after 3 hours (4ARSBI) or 24h (4ASBI) of incubation at 60+\/- 2 \u00b0C.\" \/>\n<meta property=\"og:url\" content=\"https:\/\/protectiva.de\/de\/?product=steam-biological-indicator-2\" \/>\n<meta property=\"og:site_name\" content=\"Protectiva.pl \u2013 Professionelle Medizinische und Hygieneprodukte | CE- &amp; ISO-zertifiziert\" \/>\n<meta property=\"article:modified_time\" content=\"2025-03-28T19:09:49+00:00\" \/>\n<meta property=\"og:image\" content=\"https:\/\/protectiva.de\/wp-content\/uploads\/2025\/03\/4ASBI.jpg\" \/>\n\t<meta property=\"og:image:width\" content=\"1000\" \/>\n\t<meta property=\"og:image:height\" content=\"1000\" \/>\n\t<meta property=\"og:image:type\" content=\"image\/jpeg\" \/>\n<meta name=\"twitter:card\" content=\"summary_large_image\" \/>\n<meta name=\"twitter:label1\" content=\"Gesch\u00e4tzte Lesezeit\" \/>\n\t<meta name=\"twitter:data1\" content=\"2\u00a0Minuten\" \/>\n<script type=\"application\/ld+json\" class=\"yoast-schema-graph\">{\"@context\":\"https:\/\/schema.org\",\"@graph\":[{\"@type\":\"WebPage\",\"@id\":\"https:\/\/protectiva.de\/?product=steam-biological-indicator-2\",\"url\":\"https:\/\/protectiva.de\/?product=steam-biological-indicator-2\",\"name\":\"Steam Biological Indicator - Protectiva.pl \u2013 Professionelle Medizinische und Hygieneprodukte | CE- &amp; ISO-zertifiziert\",\"isPartOf\":{\"@id\":\"https:\/\/protectiva.de\/#website\"},\"primaryImageOfPage\":{\"@id\":\"https:\/\/protectiva.de\/?product=steam-biological-indicator-2#primaryimage\"},\"image\":{\"@id\":\"https:\/\/protectiva.de\/?product=steam-biological-indicator-2#primaryimage\"},\"thumbnailUrl\":\"https:\/\/protectiva.de\/wp-content\/uploads\/2025\/03\/4ASBI.jpg\",\"datePublished\":\"2025-03-27T10:25:18+00:00\",\"dateModified\":\"2025-03-28T19:09:49+00:00\",\"breadcrumb\":{\"@id\":\"https:\/\/protectiva.de\/?product=steam-biological-indicator-2#breadcrumb\"},\"inLanguage\":\"de\",\"potentialAction\":[{\"@type\":\"ReadAction\",\"target\":[\"https:\/\/protectiva.de\/?product=steam-biological-indicator-2\"]}]},{\"@type\":\"ImageObject\",\"inLanguage\":\"de\",\"@id\":\"https:\/\/protectiva.de\/?product=steam-biological-indicator-2#primaryimage\",\"url\":\"https:\/\/protectiva.de\/wp-content\/uploads\/2025\/03\/4ASBI.jpg\",\"contentUrl\":\"https:\/\/protectiva.de\/wp-content\/uploads\/2025\/03\/4ASBI.jpg\",\"width\":1000,\"height\":1000},{\"@type\":\"BreadcrumbList\",\"@id\":\"https:\/\/protectiva.de\/?product=steam-biological-indicator-2#breadcrumb\",\"itemListElement\":[{\"@type\":\"ListItem\",\"position\":1,\"name\":\"Home\",\"item\":\"https:\/\/protectiva.de\/\"},{\"@type\":\"ListItem\",\"position\":2,\"name\":\"All Products\",\"item\":\"https:\/\/protectiva.de\/shop\/\"},{\"@type\":\"ListItem\",\"position\":3,\"name\":\"Steam Biological Indicator\"}]},{\"@type\":\"WebSite\",\"@id\":\"https:\/\/protectiva.de\/#website\",\"url\":\"https:\/\/protectiva.de\/\",\"name\":\"Protectiva\",\"description\":\"Innovative Medical Solutions Protectiva.de bietet hochwertige medizinische und Hygieneprodukte. Zuverl\u00e4ssige Schutzausr\u00fcstung, Sterilisationsl\u00f6sungen und Gesundheitsversorgung gem\u00e4\u00df CE- und ISO-Standards f\u00fcr Krankenh\u00e4user und Kliniken. Die ideale Wahl f\u00fcr sichere und komfortable Gesundheitsumgebungen.\",\"publisher\":{\"@id\":\"https:\/\/protectiva.de\/#organization\"},\"potentialAction\":[{\"@type\":\"SearchAction\",\"target\":{\"@type\":\"EntryPoint\",\"urlTemplate\":\"https:\/\/protectiva.de\/?s={search_term_string}\"},\"query-input\":{\"@type\":\"PropertyValueSpecification\",\"valueRequired\":true,\"valueName\":\"search_term_string\"}}],\"inLanguage\":\"de\"},{\"@type\":\"Organization\",\"@id\":\"https:\/\/protectiva.de\/#organization\",\"name\":\"Protectiva\",\"url\":\"https:\/\/protectiva.de\/\",\"logo\":{\"@type\":\"ImageObject\",\"inLanguage\":\"de\",\"@id\":\"https:\/\/protectiva.de\/#\/schema\/logo\/image\/\",\"url\":\"https:\/\/protectiva.de\/wp-content\/uploads\/2025\/03\/logo-protectiva-son-hali.png\",\"contentUrl\":\"https:\/\/protectiva.de\/wp-content\/uploads\/2025\/03\/logo-protectiva-son-hali.png\",\"width\":1140,\"height\":585,\"caption\":\"Protectiva\"},\"image\":{\"@id\":\"https:\/\/protectiva.de\/#\/schema\/logo\/image\/\"}}]}<\/script>\n<!-- \/ Yoast SEO plugin. -->","yoast_head_json":{"title":"Steam Biological Indicator - Protectiva.pl \u2013 Professionelle Medizinische und Hygieneprodukte | CE- &amp; ISO-zertifiziert","robots":{"index":"index","follow":"follow","max-snippet":"max-snippet:-1","max-image-preview":"max-image-preview:large","max-video-preview":"max-video-preview:-1"},"canonical":"https:\/\/protectiva.de\/de\/?product=steam-biological-indicator-2","og_locale":"de_DE","og_type":"article","og_title":"Steam Biological Indicator - Protectiva.pl \u2013 Professionelle Medizinische und Hygieneprodukte | CE- &amp; ISO-zertifiziert","og_description":"Data Sheet  4AEOBI  Biological indicators are test systems containing viable microorganisms providing a defined resistance to a specific sterilization process. A biological indicator provides information on whether necessary conditions were met to kill a specified number of microorganisms for a given sterilization process, providing a level of confidence in the process. Steam Biological Indicator (3h and 24h) is specifically designed for the monitoring steam sterilization processes at 121 \u2013 134 \u00b0C. The final readout of a processed biological indicator with respect to the indicator type should be made after 3 hours (4ARSBI) or 24h (4ASBI) of incubation at 60+\/- 2 \u00b0C.","og_url":"https:\/\/protectiva.de\/de\/?product=steam-biological-indicator-2","og_site_name":"Protectiva.pl \u2013 Professionelle Medizinische und Hygieneprodukte | CE- &amp; ISO-zertifiziert","article_modified_time":"2025-03-28T19:09:49+00:00","og_image":[{"width":1000,"height":1000,"url":"https:\/\/protectiva.de\/wp-content\/uploads\/2025\/03\/4ASBI.jpg","type":"image\/jpeg"}],"twitter_card":"summary_large_image","twitter_misc":{"Gesch\u00e4tzte Lesezeit":"2\u00a0Minuten"},"schema":{"@context":"https:\/\/schema.org","@graph":[{"@type":"WebPage","@id":"https:\/\/protectiva.de\/?product=steam-biological-indicator-2","url":"https:\/\/protectiva.de\/?product=steam-biological-indicator-2","name":"Steam Biological Indicator - Protectiva.pl \u2013 Professionelle Medizinische und Hygieneprodukte | CE- &amp; ISO-zertifiziert","isPartOf":{"@id":"https:\/\/protectiva.de\/#website"},"primaryImageOfPage":{"@id":"https:\/\/protectiva.de\/?product=steam-biological-indicator-2#primaryimage"},"image":{"@id":"https:\/\/protectiva.de\/?product=steam-biological-indicator-2#primaryimage"},"thumbnailUrl":"https:\/\/protectiva.de\/wp-content\/uploads\/2025\/03\/4ASBI.jpg","datePublished":"2025-03-27T10:25:18+00:00","dateModified":"2025-03-28T19:09:49+00:00","breadcrumb":{"@id":"https:\/\/protectiva.de\/?product=steam-biological-indicator-2#breadcrumb"},"inLanguage":"de","potentialAction":[{"@type":"ReadAction","target":["https:\/\/protectiva.de\/?product=steam-biological-indicator-2"]}]},{"@type":"ImageObject","inLanguage":"de","@id":"https:\/\/protectiva.de\/?product=steam-biological-indicator-2#primaryimage","url":"https:\/\/protectiva.de\/wp-content\/uploads\/2025\/03\/4ASBI.jpg","contentUrl":"https:\/\/protectiva.de\/wp-content\/uploads\/2025\/03\/4ASBI.jpg","width":1000,"height":1000},{"@type":"BreadcrumbList","@id":"https:\/\/protectiva.de\/?product=steam-biological-indicator-2#breadcrumb","itemListElement":[{"@type":"ListItem","position":1,"name":"Home","item":"https:\/\/protectiva.de\/"},{"@type":"ListItem","position":2,"name":"All Products","item":"https:\/\/protectiva.de\/shop\/"},{"@type":"ListItem","position":3,"name":"Steam Biological Indicator"}]},{"@type":"WebSite","@id":"https:\/\/protectiva.de\/#website","url":"https:\/\/protectiva.de\/","name":"Protectiva","description":"Innovative Medical Solutions Protectiva.de bietet hochwertige medizinische und Hygieneprodukte. Zuverl\u00e4ssige Schutzausr\u00fcstung, Sterilisationsl\u00f6sungen und Gesundheitsversorgung gem\u00e4\u00df CE- und ISO-Standards f\u00fcr Krankenh\u00e4user und Kliniken. Die ideale Wahl f\u00fcr sichere und komfortable Gesundheitsumgebungen.","publisher":{"@id":"https:\/\/protectiva.de\/#organization"},"potentialAction":[{"@type":"SearchAction","target":{"@type":"EntryPoint","urlTemplate":"https:\/\/protectiva.de\/?s={search_term_string}"},"query-input":{"@type":"PropertyValueSpecification","valueRequired":true,"valueName":"search_term_string"}}],"inLanguage":"de"},{"@type":"Organization","@id":"https:\/\/protectiva.de\/#organization","name":"Protectiva","url":"https:\/\/protectiva.de\/","logo":{"@type":"ImageObject","inLanguage":"de","@id":"https:\/\/protectiva.de\/#\/schema\/logo\/image\/","url":"https:\/\/protectiva.de\/wp-content\/uploads\/2025\/03\/logo-protectiva-son-hali.png","contentUrl":"https:\/\/protectiva.de\/wp-content\/uploads\/2025\/03\/logo-protectiva-son-hali.png","width":1140,"height":585,"caption":"Protectiva"},"image":{"@id":"https:\/\/protectiva.de\/#\/schema\/logo\/image\/"}}]}},"_links":{"self":[{"href":"https:\/\/protectiva.de\/de\/wp-json\/wp\/v2\/product\/18484","targetHints":{"allow":["GET"]}}],"collection":[{"href":"https:\/\/protectiva.de\/de\/wp-json\/wp\/v2\/product"}],"about":[{"href":"https:\/\/protectiva.de\/de\/wp-json\/wp\/v2\/types\/product"}],"replies":[{"embeddable":true,"href":"https:\/\/protectiva.de\/de\/wp-json\/wp\/v2\/comments?post=18484"}],"wp:featuredmedia":[{"embeddable":true,"href":"https:\/\/protectiva.de\/de\/wp-json\/wp\/v2\/media\/18220"}],"wp:attachment":[{"href":"https:\/\/protectiva.de\/de\/wp-json\/wp\/v2\/media?parent=18484"}],"wp:term":[{"taxonomy":"product_brand","embeddable":true,"href":"https:\/\/protectiva.de\/de\/wp-json\/wp\/v2\/product_brand?post=18484"},{"taxonomy":"product_cat","embeddable":true,"href":"https:\/\/protectiva.de\/de\/wp-json\/wp\/v2\/product_cat?post=18484"},{"taxonomy":"product_tag","embeddable":true,"href":"https:\/\/protectiva.de\/de\/wp-json\/wp\/v2\/product_tag?post=18484"}],"curies":[{"name":"wp","href":"https:\/\/api.w.org\/{rel}","templated":true}]}}