{"id":18479,"date":"2025-03-27T10:06:42","date_gmt":"2025-03-27T10:06:42","guid":{"rendered":"https:\/\/protectiva.pl\/?post_type=product&#038;p=18479"},"modified":"2025-03-28T19:09:49","modified_gmt":"2025-03-28T19:09:49","slug":"plasma-bioindikator-2","status":"publish","type":"product","link":"https:\/\/protectiva.de\/de\/produkt\/plasma-bioindikator-2\/","title":{"rendered":"Plasma-Biologischer Indikator"},"content":{"rendered":"<p>TECHNISCHES DATENBLATT<br \/>\nBIOLOGISCHER PLASMAINDIKATOR<br \/>\nPRODUKTCODE: 4APBI<br \/>\nZUGEH\u00d6RIGE NORMEN: Der biologische Indikator 4A f\u00fcr medizinisches Plasma f\u00e4llt in den Geltungsbereich der Norm ISO 11138.<br \/>\nLAGERUNG UND ENTSORGUNG: An einem dunklen Ort bei Temperaturen zwischen 15-30\u00b0C lagern. , 35-60% relativ<br \/>\nFeuchtigkeit. Nicht einfrieren. Lagern Sie diese biologischen Indikatoren nicht in der N\u00e4he von Sterilisationsger\u00e4ten.<br \/>\noder anderen chemischen Produkten.<br \/>\nZUSAMMENSETZUNG: Jedes R\u00f6hrchen enth\u00e4lt eine Population von Geobacillus sterothermophilus ATCC 7953<br \/>\nSporen, die sich auf der Innenseite des Kunststoffrohrbodens ablagern. Es hat auch eine<br \/>\nIn der Glasampulle ist ein violettes Wachstumsindikatormedium enthalten.<br \/>\nVERPACKUNG: 100 St\u00fcck im Karton.<br \/>\nVERWENDUNGSZWECK: Der Bioindikator ist speziell f\u00fcr die \u00dcberwachung von Wasserstoff konzipiert<br \/>\nPeroxid-Sterilisationsverfahren. Wenn der Sterilisationsprozess nicht erfolgreich war,<br \/>\nDas Indikatormedium \u00e4ndert seine Farbe von violett nach gelb nach einer Inkubation bei 60\u00a0+\/- 2\u00a0\u00b0C<br \/>\n, was auf das Vorhandensein lebender Sporen von Geobacillus sterothermophilus hinweist.<br \/>\nInkubieren Sie den verarbeiteten biologischen Indikator und den als Positivindikator verwendeten Indikator<br \/>\nKontrolle f\u00fcr maximal 24 Stunden bei 60\u00a0+\/- 2\u00a0\u00b0C. Ein Farbwechsel von violett nach<br \/>\nGelb des Wachstumsindikatormediums bedeutet, dass ein Sterilisationsprozess fehlgeschlagen ist<br \/>\nWenn nach 24 Stunden keine Farb\u00e4nderung in den verarbeiteten Indikatoren auftritt,<br \/>\nendg\u00fcltiges negatives Ergebnis vorliegt (der Sterilisationsprozess war akzeptabel). Die<br \/>\nDer positive Kontrollindikator sollte einen Farbumschlag in Gelb aufweisen, damit die Ergebnisse<br \/>\ng\u00fcltig.<br \/>\nBETRIEBSBEDINGUNGEN: Wenn der Sterilisationsprozess erfolgreich war, bleibt das Indikatormedium violett<br \/>\nnach der Inkubation. Die endg\u00fcltige Ablesung sollte nach 24 Stunden Inkubation bei<br \/>\n60+\/- 2 \u00b0C.<br \/>\nHERSTELLER DORT-A TIP MALZEMELERI SAN. ITH. IHR. TIC. LTD. STI.<br \/>\nBal\u0131khisar Mahallesi, K\u00f6yi\u00e7i Serpmeleri, No:795 Akyurt, Ankara, T\u00fcrkei<br \/>\nTel.: +90 312 363 50 52 \/ 53 Fax: +90 312 363 52 10<br \/>\nWeb: http:\/\/www.4amedical.com E-Mail: export@4amedical.com<\/p>\n<table style=\"height: 56px\" border=\"0\" width=\"783\">\n<thead>\n<tr>\n<th>Produktname<\/th>\n<th>MENGE<\/th>\n<th>Gr\u00f6\u00dfe<\/th>\n<\/tr>\n<\/thead>\n<tbody>\n<tr>\n<td>Plasma-Biologischer Indikator<\/td>\n<td>1x<\/td>\n<td>100 Stck.<\/td>\n<\/tr>\n<\/tbody>\n<\/table>","protected":false},"excerpt":{"rendered":"<ul>\n<li>Datenblatt<\/li>\n<li><a href=\"https:\/\/protectiva.de\/wp-content\/uploads\/2025\/03\/4APBI.pdf\">4APBI<\/a><\/li>\n<\/ul>\n<p>Biologische Indikatoren sind Testsysteme mit lebensf\u00e4higen Mikroorganismen, die eine definierte Resistenz gegen ein bestimmtes Sterilisationsverfahren aufweisen. Ein biologischer Indikator gibt Auskunft dar\u00fcber, ob die notwendigen Bedingungen zur Abt\u00f6tung einer bestimmten Anzahl von Mikroorganismen f\u00fcr einen bestimmten Sterilisationsprozess erf\u00fcllt sind und schafft so Vertrauen in den Prozess. Der Plasma-Biologische Indikator (4APBI) wurde speziell f\u00fcr die \u00dcberwachung von Wasserstoffperoxid-Sterilisationsprozessen entwickelt. Die endg\u00fcltige Messung sollte nach 24 Stunden Inkubation bei 60 \u00b1 2 \u00b0C erfolgen.<\/p>\n<div id=\"gtx-trans\" style=\"position: absolute;left: 4px;top: -10px\">\n<div class=\"gtx-trans-icon\"><\/div>\n<\/div>","protected":false},"featured_media":18216,"comment_status":"open","ping_status":"closed","template":"","meta":[],"product_brand":[],"product_cat":[186,109],"product_tag":[],"class_list":{"0":"post-18479","1":"product","2":"type-product","3":"status-publish","4":"has-post-thumbnail","6":"product_cat-biological-indicators","7":"product_cat-sterilization-n","9":"first","10":"instock","11":"shipping-taxable","12":"product-type-grouped"},"yoast_head":"<!-- This site is optimized with the Yoast SEO plugin v26.2 - https:\/\/yoast.com\/wordpress\/plugins\/seo\/ -->\n<title>Plasma Biological Indicator - Protectiva.pl \u2013 Professionelle Medizinische und Hygieneprodukte | CE- &amp; ISO-zertifiziert<\/title>\n<meta name=\"robots\" content=\"index, follow, max-snippet:-1, max-image-preview:large, max-video-preview:-1\" \/>\n<link rel=\"canonical\" href=\"https:\/\/protectiva.de\/de\/?product=plasma-biological-indicator-2\" \/>\n<meta property=\"og:locale\" content=\"de_DE\" \/>\n<meta property=\"og:type\" content=\"article\" \/>\n<meta property=\"og:title\" content=\"Plasma Biological Indicator - Protectiva.pl \u2013 Professionelle Medizinische und Hygieneprodukte | CE- &amp; ISO-zertifiziert\" \/>\n<meta property=\"og:description\" content=\"Data Sheet  4APBI  Biological indicators are test systems containing viable microorganisms providing a defined resistance to a specific sterilization process. A biological indicator provides information on whether necessary conditions were met to kill a specified number of microorganisms for a given sterilization process, providing a level of confidence in the process. Plasma Biological Indicator (4APBI) is specifically designed for the monitoring of Hydrogen Peroxide sterilization processes. The final readout should be made after 24hours of incubation at 60+\/- 2 \u00b0C.\" \/>\n<meta property=\"og:url\" content=\"https:\/\/protectiva.de\/de\/?product=plasma-biological-indicator-2\" \/>\n<meta property=\"og:site_name\" content=\"Protectiva.pl \u2013 Professionelle Medizinische und Hygieneprodukte | CE- &amp; ISO-zertifiziert\" \/>\n<meta property=\"article:modified_time\" content=\"2025-03-28T19:09:49+00:00\" \/>\n<meta property=\"og:image\" content=\"https:\/\/protectiva.de\/wp-content\/uploads\/2025\/03\/4APBI.jpg\" \/>\n\t<meta property=\"og:image:width\" content=\"1000\" \/>\n\t<meta property=\"og:image:height\" content=\"1000\" \/>\n\t<meta property=\"og:image:type\" content=\"image\/jpeg\" \/>\n<meta name=\"twitter:card\" content=\"summary_large_image\" \/>\n<meta name=\"twitter:label1\" content=\"Gesch\u00e4tzte Lesezeit\" \/>\n\t<meta name=\"twitter:data1\" content=\"1\u00a0Minute\" \/>\n<script type=\"application\/ld+json\" class=\"yoast-schema-graph\">{\"@context\":\"https:\/\/schema.org\",\"@graph\":[{\"@type\":\"WebPage\",\"@id\":\"https:\/\/protectiva.de\/?product=plasma-biological-indicator-2\",\"url\":\"https:\/\/protectiva.de\/?product=plasma-biological-indicator-2\",\"name\":\"Plasma Biological Indicator - Protectiva.pl \u2013 Professionelle Medizinische und Hygieneprodukte | CE- &amp; ISO-zertifiziert\",\"isPartOf\":{\"@id\":\"https:\/\/protectiva.de\/#website\"},\"primaryImageOfPage\":{\"@id\":\"https:\/\/protectiva.de\/?product=plasma-biological-indicator-2#primaryimage\"},\"image\":{\"@id\":\"https:\/\/protectiva.de\/?product=plasma-biological-indicator-2#primaryimage\"},\"thumbnailUrl\":\"https:\/\/protectiva.de\/wp-content\/uploads\/2025\/03\/4APBI.jpg\",\"datePublished\":\"2025-03-27T10:06:42+00:00\",\"dateModified\":\"2025-03-28T19:09:49+00:00\",\"breadcrumb\":{\"@id\":\"https:\/\/protectiva.de\/?product=plasma-biological-indicator-2#breadcrumb\"},\"inLanguage\":\"de\",\"potentialAction\":[{\"@type\":\"ReadAction\",\"target\":[\"https:\/\/protectiva.de\/?product=plasma-biological-indicator-2\"]}]},{\"@type\":\"ImageObject\",\"inLanguage\":\"de\",\"@id\":\"https:\/\/protectiva.de\/?product=plasma-biological-indicator-2#primaryimage\",\"url\":\"https:\/\/protectiva.de\/wp-content\/uploads\/2025\/03\/4APBI.jpg\",\"contentUrl\":\"https:\/\/protectiva.de\/wp-content\/uploads\/2025\/03\/4APBI.jpg\",\"width\":1000,\"height\":1000},{\"@type\":\"BreadcrumbList\",\"@id\":\"https:\/\/protectiva.de\/?product=plasma-biological-indicator-2#breadcrumb\",\"itemListElement\":[{\"@type\":\"ListItem\",\"position\":1,\"name\":\"Home\",\"item\":\"https:\/\/protectiva.de\/\"},{\"@type\":\"ListItem\",\"position\":2,\"name\":\"All Products\",\"item\":\"https:\/\/protectiva.de\/shop\/\"},{\"@type\":\"ListItem\",\"position\":3,\"name\":\"Plasma Biological Indicator\"}]},{\"@type\":\"WebSite\",\"@id\":\"https:\/\/protectiva.de\/#website\",\"url\":\"https:\/\/protectiva.de\/\",\"name\":\"Protectiva\",\"description\":\"Innovative Medical Solutions Protectiva.de bietet hochwertige medizinische und Hygieneprodukte. Zuverl\u00e4ssige Schutzausr\u00fcstung, Sterilisationsl\u00f6sungen und Gesundheitsversorgung gem\u00e4\u00df CE- und ISO-Standards f\u00fcr Krankenh\u00e4user und Kliniken. Die ideale Wahl f\u00fcr sichere und komfortable Gesundheitsumgebungen.\",\"publisher\":{\"@id\":\"https:\/\/protectiva.de\/#organization\"},\"potentialAction\":[{\"@type\":\"SearchAction\",\"target\":{\"@type\":\"EntryPoint\",\"urlTemplate\":\"https:\/\/protectiva.de\/?s={search_term_string}\"},\"query-input\":{\"@type\":\"PropertyValueSpecification\",\"valueRequired\":true,\"valueName\":\"search_term_string\"}}],\"inLanguage\":\"de\"},{\"@type\":\"Organization\",\"@id\":\"https:\/\/protectiva.de\/#organization\",\"name\":\"Protectiva\",\"url\":\"https:\/\/protectiva.de\/\",\"logo\":{\"@type\":\"ImageObject\",\"inLanguage\":\"de\",\"@id\":\"https:\/\/protectiva.de\/#\/schema\/logo\/image\/\",\"url\":\"https:\/\/protectiva.de\/wp-content\/uploads\/2025\/03\/logo-protectiva-son-hali.png\",\"contentUrl\":\"https:\/\/protectiva.de\/wp-content\/uploads\/2025\/03\/logo-protectiva-son-hali.png\",\"width\":1140,\"height\":585,\"caption\":\"Protectiva\"},\"image\":{\"@id\":\"https:\/\/protectiva.de\/#\/schema\/logo\/image\/\"}}]}<\/script>\n<!-- \/ Yoast SEO plugin. -->","yoast_head_json":{"title":"Plasma Biological Indicator - Protectiva.pl \u2013 Professionelle Medizinische und Hygieneprodukte | CE- &amp; ISO-zertifiziert","robots":{"index":"index","follow":"follow","max-snippet":"max-snippet:-1","max-image-preview":"max-image-preview:large","max-video-preview":"max-video-preview:-1"},"canonical":"https:\/\/protectiva.de\/de\/?product=plasma-biological-indicator-2","og_locale":"de_DE","og_type":"article","og_title":"Plasma Biological Indicator - Protectiva.pl \u2013 Professionelle Medizinische und Hygieneprodukte | CE- &amp; ISO-zertifiziert","og_description":"Data Sheet  4APBI  Biological indicators are test systems containing viable microorganisms providing a defined resistance to a specific sterilization process. A biological indicator provides information on whether necessary conditions were met to kill a specified number of microorganisms for a given sterilization process, providing a level of confidence in the process. Plasma Biological Indicator (4APBI) is specifically designed for the monitoring of Hydrogen Peroxide sterilization processes. The final readout should be made after 24hours of incubation at 60+\/- 2 \u00b0C.","og_url":"https:\/\/protectiva.de\/de\/?product=plasma-biological-indicator-2","og_site_name":"Protectiva.pl \u2013 Professionelle Medizinische und Hygieneprodukte | CE- &amp; ISO-zertifiziert","article_modified_time":"2025-03-28T19:09:49+00:00","og_image":[{"width":1000,"height":1000,"url":"https:\/\/protectiva.de\/wp-content\/uploads\/2025\/03\/4APBI.jpg","type":"image\/jpeg"}],"twitter_card":"summary_large_image","twitter_misc":{"Gesch\u00e4tzte Lesezeit":"1\u00a0Minute"},"schema":{"@context":"https:\/\/schema.org","@graph":[{"@type":"WebPage","@id":"https:\/\/protectiva.de\/?product=plasma-biological-indicator-2","url":"https:\/\/protectiva.de\/?product=plasma-biological-indicator-2","name":"Plasma Biological Indicator - Protectiva.pl \u2013 Professionelle Medizinische und Hygieneprodukte | CE- &amp; ISO-zertifiziert","isPartOf":{"@id":"https:\/\/protectiva.de\/#website"},"primaryImageOfPage":{"@id":"https:\/\/protectiva.de\/?product=plasma-biological-indicator-2#primaryimage"},"image":{"@id":"https:\/\/protectiva.de\/?product=plasma-biological-indicator-2#primaryimage"},"thumbnailUrl":"https:\/\/protectiva.de\/wp-content\/uploads\/2025\/03\/4APBI.jpg","datePublished":"2025-03-27T10:06:42+00:00","dateModified":"2025-03-28T19:09:49+00:00","breadcrumb":{"@id":"https:\/\/protectiva.de\/?product=plasma-biological-indicator-2#breadcrumb"},"inLanguage":"de","potentialAction":[{"@type":"ReadAction","target":["https:\/\/protectiva.de\/?product=plasma-biological-indicator-2"]}]},{"@type":"ImageObject","inLanguage":"de","@id":"https:\/\/protectiva.de\/?product=plasma-biological-indicator-2#primaryimage","url":"https:\/\/protectiva.de\/wp-content\/uploads\/2025\/03\/4APBI.jpg","contentUrl":"https:\/\/protectiva.de\/wp-content\/uploads\/2025\/03\/4APBI.jpg","width":1000,"height":1000},{"@type":"BreadcrumbList","@id":"https:\/\/protectiva.de\/?product=plasma-biological-indicator-2#breadcrumb","itemListElement":[{"@type":"ListItem","position":1,"name":"Home","item":"https:\/\/protectiva.de\/"},{"@type":"ListItem","position":2,"name":"All Products","item":"https:\/\/protectiva.de\/shop\/"},{"@type":"ListItem","position":3,"name":"Plasma Biological Indicator"}]},{"@type":"WebSite","@id":"https:\/\/protectiva.de\/#website","url":"https:\/\/protectiva.de\/","name":"Protectiva","description":"Innovative Medical Solutions Protectiva.de bietet hochwertige medizinische und Hygieneprodukte. Zuverl\u00e4ssige Schutzausr\u00fcstung, Sterilisationsl\u00f6sungen und Gesundheitsversorgung gem\u00e4\u00df CE- und ISO-Standards f\u00fcr Krankenh\u00e4user und Kliniken. Die ideale Wahl f\u00fcr sichere und komfortable Gesundheitsumgebungen.","publisher":{"@id":"https:\/\/protectiva.de\/#organization"},"potentialAction":[{"@type":"SearchAction","target":{"@type":"EntryPoint","urlTemplate":"https:\/\/protectiva.de\/?s={search_term_string}"},"query-input":{"@type":"PropertyValueSpecification","valueRequired":true,"valueName":"search_term_string"}}],"inLanguage":"de"},{"@type":"Organization","@id":"https:\/\/protectiva.de\/#organization","name":"Protectiva","url":"https:\/\/protectiva.de\/","logo":{"@type":"ImageObject","inLanguage":"de","@id":"https:\/\/protectiva.de\/#\/schema\/logo\/image\/","url":"https:\/\/protectiva.de\/wp-content\/uploads\/2025\/03\/logo-protectiva-son-hali.png","contentUrl":"https:\/\/protectiva.de\/wp-content\/uploads\/2025\/03\/logo-protectiva-son-hali.png","width":1140,"height":585,"caption":"Protectiva"},"image":{"@id":"https:\/\/protectiva.de\/#\/schema\/logo\/image\/"}}]}},"_links":{"self":[{"href":"https:\/\/protectiva.de\/de\/wp-json\/wp\/v2\/product\/18479","targetHints":{"allow":["GET"]}}],"collection":[{"href":"https:\/\/protectiva.de\/de\/wp-json\/wp\/v2\/product"}],"about":[{"href":"https:\/\/protectiva.de\/de\/wp-json\/wp\/v2\/types\/product"}],"replies":[{"embeddable":true,"href":"https:\/\/protectiva.de\/de\/wp-json\/wp\/v2\/comments?post=18479"}],"wp:featuredmedia":[{"embeddable":true,"href":"https:\/\/protectiva.de\/de\/wp-json\/wp\/v2\/media\/18216"}],"wp:attachment":[{"href":"https:\/\/protectiva.de\/de\/wp-json\/wp\/v2\/media?parent=18479"}],"wp:term":[{"taxonomy":"product_brand","embeddable":true,"href":"https:\/\/protectiva.de\/de\/wp-json\/wp\/v2\/product_brand?post=18479"},{"taxonomy":"product_cat","embeddable":true,"href":"https:\/\/protectiva.de\/de\/wp-json\/wp\/v2\/product_cat?post=18479"},{"taxonomy":"product_tag","embeddable":true,"href":"https:\/\/protectiva.de\/de\/wp-json\/wp\/v2\/product_tag?post=18479"}],"curies":[{"name":"wp","href":"https:\/\/api.w.org\/{rel}","templated":true}]}}