{"id":18475,"date":"2025-03-27T09:51:02","date_gmt":"2025-03-27T09:51:02","guid":{"rendered":"https:\/\/protectiva.pl\/?post_type=product&#038;p=18475"},"modified":"2025-03-28T19:09:49","modified_gmt":"2025-03-28T19:09:49","slug":"plasma-h2o2-chemischer-indikator-2","status":"publish","type":"product","link":"https:\/\/protectiva.de\/de\/produkt\/plasma-h2o2-chemischer-indikator-2\/","title":{"rendered":"Plasma (H2O2) Chemischer Indikator"},"content":{"rendered":"<p>TECHNISCHES DATENBLATT<br \/>\nWASSERSTOFFPEROXID (PLASMA) PLASMA-CHEMIEINDIKATOR<br \/>\nPRODUKTCODE: 4API<br \/>\nZUGEH\u00d6RIGE NORMEN: Das Produkt ist gem\u00e4\u00df der Norm ISO 11140-1 als Indikator Typ 4 klassifiziert.<br \/>\nVERWENDUNGSZWECK: Der Plasma-Sterilisationsindikator wird in Wasserstoffperoxid bei niedrigen Temperaturen verwendet<br \/>\nAnweisungen zum Plasmasterilisationsprozess.<br \/>\nBETRIEBSBEDINGUNGEN: Wird verwendet, um den Prozess der HP-Plasma-Sterilisation zu bewerten. Korrekte Farbe<br \/>\nDie \u00c4nderung zeigt an, ob das Objekt einem Sterilisationsprozess unterzogen wurde oder nicht. HP Plasma<br \/>\nDer Indikator ist ein wasserbasierter und ungiftiger chemischer Indikator.<br \/>\nPRODUKTSPEZIFIKATIONEN: Jede Schachtel enth\u00e4lt 500 St\u00fcck bedruckte Kartonbl\u00e4tter. Der Indikator ist<br \/>\nWasserstoffperoxidkonzentration empfindlich.<br \/>\nLAGERUNG UND ENTSORGUNG: Die abgelaufenen Produkte werden nicht verwendet. Es wird an Orten mit Raumtemperatur aufbewahrt<br \/>\nohne Feuchtigkeit und Sonnenlicht. Es sollte nicht mit Fl\u00fcssigkeit in Ber\u00fchrung kommen. Besch\u00e4digt<br \/>\nund fehlerhafte Produkte nicht verwendet werden. Die Haltbarkeit betr\u00e4gt 5 Jahre nach Produktionsdatum.<br \/>\nNach der Sterilisation beh\u00e4lt der Indikator die Sterilisationsfarbe f\u00fcr 6 Monate<br \/>\nVERPACKUNG<\/p>\n<p>HERSTELLER:<br \/>\n20 Packungen im Karton.<br \/>\nDORT-A TIPP MALZEMELERI SAN. ITH. IHR. TIC. LTD. STI.<br \/>\nBal\u0131khisar Mahallesi, K\u00f6yi\u00e7i Serpmeleri, No:795 Akyurt, Ankara, T\u00fcrkei<br \/>\nTel.: +90 312 363 50 52 \/ 53 Fax: +90 312 363 52 10<br \/>\nWeb: http:\/\/www.4amedical.com E-Mail: export@4amedical.com<\/p>\n<table style=\"height: 61px\" border=\"0\" width=\"726\">\n<thead>\n<tr>\n<th>Produktname<\/th>\n<th>MENGE<\/th>\n<th>Gr\u00f6\u00dfe<\/th>\n<\/tr>\n<\/thead>\n<tbody>\n<tr>\n<td>Plasma (H2O2) Chemischer Indikator<\/td>\n<td>1x<\/td>\n<td>500 Stck.<\/td>\n<\/tr>\n<\/tbody>\n<\/table>","protected":false},"excerpt":{"rendered":"<ul>\n<li>Datenblatt<\/li>\n<li><a href=\"https:\/\/protectiva.de\/wp-content\/uploads\/2025\/03\/4API.pdf\">4API<\/a><\/li>\n<\/ul>\n<p>Plasmaindikatoren des Typs 5 sind chemische Indikatoren, die bei der Sterilisation in Verpackungen mit Wasserstoffperoxid verwendet werden. Hinweis: Produkte k\u00f6nnen mit Ihrem Markenzeichen hergestellt werden.<\/p>\n<div id=\"gtx-trans\" style=\"position: absolute;left: 5px;top: -10px\">\n<div class=\"gtx-trans-icon\"><\/div>\n<\/div>","protected":false},"featured_media":18217,"comment_status":"open","ping_status":"closed","template":"","meta":[],"product_brand":[],"product_cat":[109,185],"product_tag":[],"class_list":{"0":"post-18475","1":"product","2":"type-product","3":"status-publish","4":"has-post-thumbnail","6":"product_cat-sterilization-n","7":"product_cat-sterilization-chemical-indicators-s","9":"first","10":"instock","11":"shipping-taxable","12":"product-type-grouped"},"yoast_head":"<!-- This site is optimized with the Yoast SEO plugin v26.2 - https:\/\/yoast.com\/wordpress\/plugins\/seo\/ -->\n<title>Plasma (H202) Chemical Indicator - Protectiva.pl \u2013 Professionelle Medizinische und Hygieneprodukte | CE- &amp; ISO-zertifiziert<\/title>\n<meta name=\"robots\" content=\"index, follow, max-snippet:-1, max-image-preview:large, max-video-preview:-1\" \/>\n<link rel=\"canonical\" href=\"https:\/\/protectiva.de\/de\/?product=plasma-h202-chemical-indicator-2\" \/>\n<meta property=\"og:locale\" content=\"de_DE\" \/>\n<meta property=\"og:type\" content=\"article\" \/>\n<meta property=\"og:title\" content=\"Plasma (H202) Chemical Indicator - Protectiva.pl \u2013 Professionelle Medizinische und Hygieneprodukte | CE- &amp; ISO-zertifiziert\" \/>\n<meta property=\"og:description\" content=\"Data Sheet  4API  Plasma Indicators which are Type 5 indicators are chemical indicators which are used in sterilization inside package for sterilization with hydrogen peroxide. Note: Products can be produced with your trademark\" \/>\n<meta property=\"og:url\" content=\"https:\/\/protectiva.de\/de\/?product=plasma-h202-chemical-indicator-2\" \/>\n<meta property=\"og:site_name\" content=\"Protectiva.pl \u2013 Professionelle Medizinische und Hygieneprodukte | CE- &amp; ISO-zertifiziert\" \/>\n<meta property=\"article:modified_time\" content=\"2025-03-28T19:09:49+00:00\" \/>\n<meta property=\"og:image\" content=\"https:\/\/protectiva.de\/wp-content\/uploads\/2025\/03\/4API.jpg\" \/>\n\t<meta property=\"og:image:width\" content=\"1000\" \/>\n\t<meta property=\"og:image:height\" content=\"1000\" \/>\n\t<meta property=\"og:image:type\" content=\"image\/jpeg\" \/>\n<meta name=\"twitter:card\" content=\"summary_large_image\" \/>\n<meta name=\"twitter:label1\" content=\"Gesch\u00e4tzte Lesezeit\" \/>\n\t<meta name=\"twitter:data1\" content=\"1\u00a0Minute\" \/>\n<script type=\"application\/ld+json\" class=\"yoast-schema-graph\">{\"@context\":\"https:\/\/schema.org\",\"@graph\":[{\"@type\":\"WebPage\",\"@id\":\"https:\/\/protectiva.de\/?product=plasma-h202-chemical-indicator-2\",\"url\":\"https:\/\/protectiva.de\/?product=plasma-h202-chemical-indicator-2\",\"name\":\"Plasma (H202) Chemical Indicator - Protectiva.pl \u2013 Professionelle Medizinische und Hygieneprodukte | CE- &amp; ISO-zertifiziert\",\"isPartOf\":{\"@id\":\"https:\/\/protectiva.de\/#website\"},\"primaryImageOfPage\":{\"@id\":\"https:\/\/protectiva.de\/?product=plasma-h202-chemical-indicator-2#primaryimage\"},\"image\":{\"@id\":\"https:\/\/protectiva.de\/?product=plasma-h202-chemical-indicator-2#primaryimage\"},\"thumbnailUrl\":\"https:\/\/protectiva.de\/wp-content\/uploads\/2025\/03\/4API.jpg\",\"datePublished\":\"2025-03-27T09:51:02+00:00\",\"dateModified\":\"2025-03-28T19:09:49+00:00\",\"breadcrumb\":{\"@id\":\"https:\/\/protectiva.de\/?product=plasma-h202-chemical-indicator-2#breadcrumb\"},\"inLanguage\":\"de\",\"potentialAction\":[{\"@type\":\"ReadAction\",\"target\":[\"https:\/\/protectiva.de\/?product=plasma-h202-chemical-indicator-2\"]}]},{\"@type\":\"ImageObject\",\"inLanguage\":\"de\",\"@id\":\"https:\/\/protectiva.de\/?product=plasma-h202-chemical-indicator-2#primaryimage\",\"url\":\"https:\/\/protectiva.de\/wp-content\/uploads\/2025\/03\/4API.jpg\",\"contentUrl\":\"https:\/\/protectiva.de\/wp-content\/uploads\/2025\/03\/4API.jpg\",\"width\":1000,\"height\":1000},{\"@type\":\"BreadcrumbList\",\"@id\":\"https:\/\/protectiva.de\/?product=plasma-h202-chemical-indicator-2#breadcrumb\",\"itemListElement\":[{\"@type\":\"ListItem\",\"position\":1,\"name\":\"Home\",\"item\":\"https:\/\/protectiva.de\/\"},{\"@type\":\"ListItem\",\"position\":2,\"name\":\"All Products\",\"item\":\"https:\/\/protectiva.de\/shop\/\"},{\"@type\":\"ListItem\",\"position\":3,\"name\":\"Plasma (H202) Chemical Indicator\"}]},{\"@type\":\"WebSite\",\"@id\":\"https:\/\/protectiva.de\/#website\",\"url\":\"https:\/\/protectiva.de\/\",\"name\":\"Protectiva\",\"description\":\"Innovative Medical Solutions Protectiva.de bietet hochwertige medizinische und Hygieneprodukte. Zuverl\u00e4ssige Schutzausr\u00fcstung, Sterilisationsl\u00f6sungen und Gesundheitsversorgung gem\u00e4\u00df CE- und ISO-Standards f\u00fcr Krankenh\u00e4user und Kliniken. Die ideale Wahl f\u00fcr sichere und komfortable Gesundheitsumgebungen.\",\"publisher\":{\"@id\":\"https:\/\/protectiva.de\/#organization\"},\"potentialAction\":[{\"@type\":\"SearchAction\",\"target\":{\"@type\":\"EntryPoint\",\"urlTemplate\":\"https:\/\/protectiva.de\/?s={search_term_string}\"},\"query-input\":{\"@type\":\"PropertyValueSpecification\",\"valueRequired\":true,\"valueName\":\"search_term_string\"}}],\"inLanguage\":\"de\"},{\"@type\":\"Organization\",\"@id\":\"https:\/\/protectiva.de\/#organization\",\"name\":\"Protectiva\",\"url\":\"https:\/\/protectiva.de\/\",\"logo\":{\"@type\":\"ImageObject\",\"inLanguage\":\"de\",\"@id\":\"https:\/\/protectiva.de\/#\/schema\/logo\/image\/\",\"url\":\"https:\/\/protectiva.de\/wp-content\/uploads\/2025\/03\/logo-protectiva-son-hali.png\",\"contentUrl\":\"https:\/\/protectiva.de\/wp-content\/uploads\/2025\/03\/logo-protectiva-son-hali.png\",\"width\":1140,\"height\":585,\"caption\":\"Protectiva\"},\"image\":{\"@id\":\"https:\/\/protectiva.de\/#\/schema\/logo\/image\/\"}}]}<\/script>\n<!-- \/ Yoast SEO plugin. -->","yoast_head_json":{"title":"Plasma (H202) Chemical Indicator - Protectiva.pl \u2013 Professionelle Medizinische und Hygieneprodukte | CE- &amp; ISO-zertifiziert","robots":{"index":"index","follow":"follow","max-snippet":"max-snippet:-1","max-image-preview":"max-image-preview:large","max-video-preview":"max-video-preview:-1"},"canonical":"https:\/\/protectiva.de\/de\/?product=plasma-h202-chemical-indicator-2","og_locale":"de_DE","og_type":"article","og_title":"Plasma (H202) Chemical Indicator - Protectiva.pl \u2013 Professionelle Medizinische und Hygieneprodukte | CE- &amp; ISO-zertifiziert","og_description":"Data Sheet  4API  Plasma Indicators which are Type 5 indicators are chemical indicators which are used in sterilization inside package for sterilization with hydrogen peroxide. Note: Products can be produced with your trademark","og_url":"https:\/\/protectiva.de\/de\/?product=plasma-h202-chemical-indicator-2","og_site_name":"Protectiva.pl \u2013 Professionelle Medizinische und Hygieneprodukte | CE- &amp; ISO-zertifiziert","article_modified_time":"2025-03-28T19:09:49+00:00","og_image":[{"width":1000,"height":1000,"url":"https:\/\/protectiva.de\/wp-content\/uploads\/2025\/03\/4API.jpg","type":"image\/jpeg"}],"twitter_card":"summary_large_image","twitter_misc":{"Gesch\u00e4tzte Lesezeit":"1\u00a0Minute"},"schema":{"@context":"https:\/\/schema.org","@graph":[{"@type":"WebPage","@id":"https:\/\/protectiva.de\/?product=plasma-h202-chemical-indicator-2","url":"https:\/\/protectiva.de\/?product=plasma-h202-chemical-indicator-2","name":"Plasma (H202) Chemical Indicator - Protectiva.pl \u2013 Professionelle Medizinische und Hygieneprodukte | CE- &amp; ISO-zertifiziert","isPartOf":{"@id":"https:\/\/protectiva.de\/#website"},"primaryImageOfPage":{"@id":"https:\/\/protectiva.de\/?product=plasma-h202-chemical-indicator-2#primaryimage"},"image":{"@id":"https:\/\/protectiva.de\/?product=plasma-h202-chemical-indicator-2#primaryimage"},"thumbnailUrl":"https:\/\/protectiva.de\/wp-content\/uploads\/2025\/03\/4API.jpg","datePublished":"2025-03-27T09:51:02+00:00","dateModified":"2025-03-28T19:09:49+00:00","breadcrumb":{"@id":"https:\/\/protectiva.de\/?product=plasma-h202-chemical-indicator-2#breadcrumb"},"inLanguage":"de","potentialAction":[{"@type":"ReadAction","target":["https:\/\/protectiva.de\/?product=plasma-h202-chemical-indicator-2"]}]},{"@type":"ImageObject","inLanguage":"de","@id":"https:\/\/protectiva.de\/?product=plasma-h202-chemical-indicator-2#primaryimage","url":"https:\/\/protectiva.de\/wp-content\/uploads\/2025\/03\/4API.jpg","contentUrl":"https:\/\/protectiva.de\/wp-content\/uploads\/2025\/03\/4API.jpg","width":1000,"height":1000},{"@type":"BreadcrumbList","@id":"https:\/\/protectiva.de\/?product=plasma-h202-chemical-indicator-2#breadcrumb","itemListElement":[{"@type":"ListItem","position":1,"name":"Home","item":"https:\/\/protectiva.de\/"},{"@type":"ListItem","position":2,"name":"All Products","item":"https:\/\/protectiva.de\/shop\/"},{"@type":"ListItem","position":3,"name":"Plasma (H202) Chemical Indicator"}]},{"@type":"WebSite","@id":"https:\/\/protectiva.de\/#website","url":"https:\/\/protectiva.de\/","name":"Protectiva","description":"Innovative Medical Solutions Protectiva.de bietet hochwertige medizinische und Hygieneprodukte. Zuverl\u00e4ssige Schutzausr\u00fcstung, Sterilisationsl\u00f6sungen und Gesundheitsversorgung gem\u00e4\u00df CE- und ISO-Standards f\u00fcr Krankenh\u00e4user und Kliniken. Die ideale Wahl f\u00fcr sichere und komfortable Gesundheitsumgebungen.","publisher":{"@id":"https:\/\/protectiva.de\/#organization"},"potentialAction":[{"@type":"SearchAction","target":{"@type":"EntryPoint","urlTemplate":"https:\/\/protectiva.de\/?s={search_term_string}"},"query-input":{"@type":"PropertyValueSpecification","valueRequired":true,"valueName":"search_term_string"}}],"inLanguage":"de"},{"@type":"Organization","@id":"https:\/\/protectiva.de\/#organization","name":"Protectiva","url":"https:\/\/protectiva.de\/","logo":{"@type":"ImageObject","inLanguage":"de","@id":"https:\/\/protectiva.de\/#\/schema\/logo\/image\/","url":"https:\/\/protectiva.de\/wp-content\/uploads\/2025\/03\/logo-protectiva-son-hali.png","contentUrl":"https:\/\/protectiva.de\/wp-content\/uploads\/2025\/03\/logo-protectiva-son-hali.png","width":1140,"height":585,"caption":"Protectiva"},"image":{"@id":"https:\/\/protectiva.de\/#\/schema\/logo\/image\/"}}]}},"_links":{"self":[{"href":"https:\/\/protectiva.de\/de\/wp-json\/wp\/v2\/product\/18475","targetHints":{"allow":["GET"]}}],"collection":[{"href":"https:\/\/protectiva.de\/de\/wp-json\/wp\/v2\/product"}],"about":[{"href":"https:\/\/protectiva.de\/de\/wp-json\/wp\/v2\/types\/product"}],"replies":[{"embeddable":true,"href":"https:\/\/protectiva.de\/de\/wp-json\/wp\/v2\/comments?post=18475"}],"wp:featuredmedia":[{"embeddable":true,"href":"https:\/\/protectiva.de\/de\/wp-json\/wp\/v2\/media\/18217"}],"wp:attachment":[{"href":"https:\/\/protectiva.de\/de\/wp-json\/wp\/v2\/media?parent=18475"}],"wp:term":[{"taxonomy":"product_brand","embeddable":true,"href":"https:\/\/protectiva.de\/de\/wp-json\/wp\/v2\/product_brand?post=18475"},{"taxonomy":"product_cat","embeddable":true,"href":"https:\/\/protectiva.de\/de\/wp-json\/wp\/v2\/product_cat?post=18475"},{"taxonomy":"product_tag","embeddable":true,"href":"https:\/\/protectiva.de\/de\/wp-json\/wp\/v2\/product_tag?post=18475"}],"curies":[{"name":"wp","href":"https:\/\/api.w.org\/{rel}","templated":true}]}}