{"id":18472,"date":"2025-03-27T09:42:49","date_gmt":"2025-03-27T09:42:49","guid":{"rendered":"https:\/\/protectiva.pl\/?post_type=product&#038;p=18472"},"modified":"2025-03-28T19:09:49","modified_gmt":"2025-03-28T19:09:49","slug":"formaldehyd-chemieindikator-2","status":"publish","type":"product","link":"https:\/\/protectiva.de\/de\/produkt\/formaldehyd-chemieindikator-2\/","title":{"rendered":"Chemischer Formaldehydindikator"},"content":{"rendered":"<p>&nbsp;<\/p>\n<p>TECHNISCHES DATENBLATT<br \/>\nFormaldehyd-Chemieindikator<br \/>\nPRODUKTCODE: 4AFOI<br \/>\nZUGEH\u00d6RIGE STANDARDS: 4A Medizinischer Formaldehyd-Chemieindikator ist als Typ 4 klassifiziert<br \/>\ngem\u00e4\u00df ISO 11140-1-Standard.<\/p>\n<p>BESTIMMUNGSGEM\u00c4SSE VERWENDUNG BETRIEBSBEDINGUNGEN<\/p>\n<p>Es handelt sich um einen Indikator f\u00fcr Verpackungen, die bei der Sterilisation mit Formaldehyd verwendet werden.<br \/>\nhergestellt nach ISO 11140 Standards. Indikatoren, die enthalten sind<br \/>\nin Typ 4 gem\u00e4\u00df ISO 11140 Standards gibt dem Benutzer Informationen<br \/>\nob das Material in der Verpackung steril ist oder nicht.<br \/>\nEs wird verwendet, um den Prozess der Formaldehyd-Sterilisation zu bewerten. 4A Medical<br \/>\nFormaldehydindikatoren sind wasserbasiert und enthalten keine giftigen<br \/>\nSubstanzen.<br \/>\nVor der Sterilisation<br \/>\nNach der Sterilisation<\/p>\n<p>PRODUKTSPEZIFIKATIONEN<br \/>\nJede Schachtel enth\u00e4lt 500 St\u00fcck bedruckte Kartonbl\u00e4tter. Der Indikator<br \/>\nist konzentrationsabh\u00e4ngig gegen\u00fcber Formaldehyd.<\/p>\n<p>HERSTELLER VON LAGER- UND ENTSORGUNGSVERPACKUNGEN<br \/>\nDie abgelaufenen Produkte werden nicht verwendet. Es wird an den Orten mit Platz aufbewahrt<br \/>\nTemperatur ohne Feuchtigkeit und Sonnenlicht. Es sollte nicht in Kontakt mit<br \/>\nFl\u00fcssigkeit. Besch\u00e4digte und defekte Produkte werden nicht verwendet. Die Haltbarkeit betr\u00e4gt 5 Jahre<br \/>\nnach dem Produktionsdatum. Nach der Sterilisationsanzeige bleibt die Sterilisationsfarbe erhalten<br \/>\nf\u00fcr 6 Monate.<br \/>\n20 Packungen im Karton.<\/p>\n<p>DORT-A TIPP MALZEMELERI SAN. ITH. IHR. TIC. LTD. STI.<br \/>\nBal\u0131khisar Mahallesi, K\u00f6yi\u00e7i Serpmeleri, No:795 Akyurt, Ankara, T\u00fcrkei<br \/>\nTel.: +90 312 363 50 52 \/ 53 Fax: +90 312 363 52 10<br \/>\nWeb: http:\/\/www.4amedical.com E-Mail: export@4amedical.com Ebenen.<\/p>\n<table style=\"height: 61px\" border=\"0\" width=\"785\">\n<thead>\n<tr>\n<th>Produktname<\/th>\n<th>MENGE<\/th>\n<th>Gr\u00f6\u00dfe<\/th>\n<\/tr>\n<\/thead>\n<tbody>\n<tr>\n<td>Chemischer Formaldehydindikator<\/td>\n<td>1x<\/td>\n<td>500 Stck.<\/td>\n<\/tr>\n<\/tbody>\n<\/table>","protected":false},"excerpt":{"rendered":"<ul>\n<li>Datenblatt<\/li>\n<li><a href=\"https:\/\/protectiva.de\/wp-content\/uploads\/2025\/03\/4AFOI.pdf\">4AFOI<\/a><\/li>\n<\/ul>\n<p>Formaldehydindikatoren werden im Sterilisationsbeutel bei der Formaldehydsterilisation eingesetzt. Diese Indikatoren, die gem\u00e4\u00df ISO 11140 in Typ 4 enthalten sind, geben dem Benutzer Auskunft dar\u00fcber, ob das Material in der Verpackung steril ist oder nicht.<\/p>\n<div id=\"gtx-trans\" style=\"position: absolute;left: -2px;top: -10px\">\n<div class=\"gtx-trans-icon\"><\/div>\n<\/div>","protected":false},"featured_media":18215,"comment_status":"open","ping_status":"closed","template":"","meta":[],"product_brand":[],"product_cat":[109,185],"product_tag":[],"class_list":{"0":"post-18472","1":"product","2":"type-product","3":"status-publish","4":"has-post-thumbnail","6":"product_cat-sterilization-n","7":"product_cat-sterilization-chemical-indicators-s","9":"first","10":"instock","11":"shipping-taxable","12":"product-type-grouped"},"yoast_head":"<!-- This site is optimized with the Yoast SEO plugin v26.2 - https:\/\/yoast.com\/wordpress\/plugins\/seo\/ -->\n<title>Formaldehyde Chemical Indicator - Protectiva.pl \u2013 Professionelle Medizinische und Hygieneprodukte | CE- &amp; ISO-zertifiziert<\/title>\n<meta name=\"robots\" content=\"index, follow, max-snippet:-1, max-image-preview:large, max-video-preview:-1\" \/>\n<link rel=\"canonical\" href=\"https:\/\/protectiva.de\/de\/?product=formaldehyde-chemical-indicator-2\" \/>\n<meta property=\"og:locale\" content=\"de_DE\" \/>\n<meta property=\"og:type\" content=\"article\" \/>\n<meta property=\"og:title\" content=\"Formaldehyde Chemical Indicator - Protectiva.pl \u2013 Professionelle Medizinische und Hygieneprodukte | CE- &amp; ISO-zertifiziert\" \/>\n<meta property=\"og:description\" content=\"Data Sheet  4AFOI  Formaldehyde Indicators are indicators used inside sterilization pouch in formaldehyde sterilization. These indicators which are included in Type 4 according to ISO 11140 standarts give information to user whether material inside the package is steril or not.\" \/>\n<meta property=\"og:url\" content=\"https:\/\/protectiva.de\/de\/?product=formaldehyde-chemical-indicator-2\" \/>\n<meta property=\"og:site_name\" content=\"Protectiva.pl \u2013 Professionelle Medizinische und Hygieneprodukte | CE- &amp; ISO-zertifiziert\" \/>\n<meta property=\"article:modified_time\" content=\"2025-03-28T19:09:49+00:00\" \/>\n<meta property=\"og:image\" content=\"https:\/\/protectiva.de\/wp-content\/uploads\/2025\/03\/4AFOI.jpg\" \/>\n\t<meta property=\"og:image:width\" content=\"1000\" \/>\n\t<meta property=\"og:image:height\" content=\"1000\" \/>\n\t<meta property=\"og:image:type\" content=\"image\/jpeg\" \/>\n<meta name=\"twitter:card\" content=\"summary_large_image\" \/>\n<meta name=\"twitter:label1\" content=\"Gesch\u00e4tzte Lesezeit\" \/>\n\t<meta name=\"twitter:data1\" content=\"1\u00a0Minute\" \/>\n<script type=\"application\/ld+json\" class=\"yoast-schema-graph\">{\"@context\":\"https:\/\/schema.org\",\"@graph\":[{\"@type\":\"WebPage\",\"@id\":\"https:\/\/protectiva.de\/?product=formaldehyde-chemical-indicator-2\",\"url\":\"https:\/\/protectiva.de\/?product=formaldehyde-chemical-indicator-2\",\"name\":\"Formaldehyde Chemical Indicator - Protectiva.pl \u2013 Professionelle Medizinische und Hygieneprodukte | CE- &amp; ISO-zertifiziert\",\"isPartOf\":{\"@id\":\"https:\/\/protectiva.de\/#website\"},\"primaryImageOfPage\":{\"@id\":\"https:\/\/protectiva.de\/?product=formaldehyde-chemical-indicator-2#primaryimage\"},\"image\":{\"@id\":\"https:\/\/protectiva.de\/?product=formaldehyde-chemical-indicator-2#primaryimage\"},\"thumbnailUrl\":\"https:\/\/protectiva.de\/wp-content\/uploads\/2025\/03\/4AFOI.jpg\",\"datePublished\":\"2025-03-27T09:42:49+00:00\",\"dateModified\":\"2025-03-28T19:09:49+00:00\",\"breadcrumb\":{\"@id\":\"https:\/\/protectiva.de\/?product=formaldehyde-chemical-indicator-2#breadcrumb\"},\"inLanguage\":\"de\",\"potentialAction\":[{\"@type\":\"ReadAction\",\"target\":[\"https:\/\/protectiva.de\/?product=formaldehyde-chemical-indicator-2\"]}]},{\"@type\":\"ImageObject\",\"inLanguage\":\"de\",\"@id\":\"https:\/\/protectiva.de\/?product=formaldehyde-chemical-indicator-2#primaryimage\",\"url\":\"https:\/\/protectiva.de\/wp-content\/uploads\/2025\/03\/4AFOI.jpg\",\"contentUrl\":\"https:\/\/protectiva.de\/wp-content\/uploads\/2025\/03\/4AFOI.jpg\",\"width\":1000,\"height\":1000},{\"@type\":\"BreadcrumbList\",\"@id\":\"https:\/\/protectiva.de\/?product=formaldehyde-chemical-indicator-2#breadcrumb\",\"itemListElement\":[{\"@type\":\"ListItem\",\"position\":1,\"name\":\"Home\",\"item\":\"https:\/\/protectiva.de\/\"},{\"@type\":\"ListItem\",\"position\":2,\"name\":\"All Products\",\"item\":\"https:\/\/protectiva.de\/shop\/\"},{\"@type\":\"ListItem\",\"position\":3,\"name\":\"Formaldehyde Chemical Indicator\"}]},{\"@type\":\"WebSite\",\"@id\":\"https:\/\/protectiva.de\/#website\",\"url\":\"https:\/\/protectiva.de\/\",\"name\":\"Protectiva\",\"description\":\"Innovative Medical Solutions Protectiva.de bietet hochwertige medizinische und Hygieneprodukte. Zuverl\u00e4ssige Schutzausr\u00fcstung, Sterilisationsl\u00f6sungen und Gesundheitsversorgung gem\u00e4\u00df CE- und ISO-Standards f\u00fcr Krankenh\u00e4user und Kliniken. Die ideale Wahl f\u00fcr sichere und komfortable Gesundheitsumgebungen.\",\"publisher\":{\"@id\":\"https:\/\/protectiva.de\/#organization\"},\"potentialAction\":[{\"@type\":\"SearchAction\",\"target\":{\"@type\":\"EntryPoint\",\"urlTemplate\":\"https:\/\/protectiva.de\/?s={search_term_string}\"},\"query-input\":{\"@type\":\"PropertyValueSpecification\",\"valueRequired\":true,\"valueName\":\"search_term_string\"}}],\"inLanguage\":\"de\"},{\"@type\":\"Organization\",\"@id\":\"https:\/\/protectiva.de\/#organization\",\"name\":\"Protectiva\",\"url\":\"https:\/\/protectiva.de\/\",\"logo\":{\"@type\":\"ImageObject\",\"inLanguage\":\"de\",\"@id\":\"https:\/\/protectiva.de\/#\/schema\/logo\/image\/\",\"url\":\"https:\/\/protectiva.de\/wp-content\/uploads\/2025\/03\/logo-protectiva-son-hali.png\",\"contentUrl\":\"https:\/\/protectiva.de\/wp-content\/uploads\/2025\/03\/logo-protectiva-son-hali.png\",\"width\":1140,\"height\":585,\"caption\":\"Protectiva\"},\"image\":{\"@id\":\"https:\/\/protectiva.de\/#\/schema\/logo\/image\/\"}}]}<\/script>\n<!-- \/ Yoast SEO plugin. -->","yoast_head_json":{"title":"Formaldehyde Chemical Indicator - Protectiva.pl \u2013 Professionelle Medizinische und Hygieneprodukte | CE- &amp; ISO-zertifiziert","robots":{"index":"index","follow":"follow","max-snippet":"max-snippet:-1","max-image-preview":"max-image-preview:large","max-video-preview":"max-video-preview:-1"},"canonical":"https:\/\/protectiva.de\/de\/?product=formaldehyde-chemical-indicator-2","og_locale":"de_DE","og_type":"article","og_title":"Formaldehyde Chemical Indicator - Protectiva.pl \u2013 Professionelle Medizinische und Hygieneprodukte | CE- &amp; ISO-zertifiziert","og_description":"Data Sheet  4AFOI  Formaldehyde Indicators are indicators used inside sterilization pouch in formaldehyde sterilization. These indicators which are included in Type 4 according to ISO 11140 standarts give information to user whether material inside the package is steril or not.","og_url":"https:\/\/protectiva.de\/de\/?product=formaldehyde-chemical-indicator-2","og_site_name":"Protectiva.pl \u2013 Professionelle Medizinische und Hygieneprodukte | CE- &amp; ISO-zertifiziert","article_modified_time":"2025-03-28T19:09:49+00:00","og_image":[{"width":1000,"height":1000,"url":"https:\/\/protectiva.de\/wp-content\/uploads\/2025\/03\/4AFOI.jpg","type":"image\/jpeg"}],"twitter_card":"summary_large_image","twitter_misc":{"Gesch\u00e4tzte Lesezeit":"1\u00a0Minute"},"schema":{"@context":"https:\/\/schema.org","@graph":[{"@type":"WebPage","@id":"https:\/\/protectiva.de\/?product=formaldehyde-chemical-indicator-2","url":"https:\/\/protectiva.de\/?product=formaldehyde-chemical-indicator-2","name":"Formaldehyde Chemical Indicator - Protectiva.pl \u2013 Professionelle Medizinische und Hygieneprodukte | CE- &amp; ISO-zertifiziert","isPartOf":{"@id":"https:\/\/protectiva.de\/#website"},"primaryImageOfPage":{"@id":"https:\/\/protectiva.de\/?product=formaldehyde-chemical-indicator-2#primaryimage"},"image":{"@id":"https:\/\/protectiva.de\/?product=formaldehyde-chemical-indicator-2#primaryimage"},"thumbnailUrl":"https:\/\/protectiva.de\/wp-content\/uploads\/2025\/03\/4AFOI.jpg","datePublished":"2025-03-27T09:42:49+00:00","dateModified":"2025-03-28T19:09:49+00:00","breadcrumb":{"@id":"https:\/\/protectiva.de\/?product=formaldehyde-chemical-indicator-2#breadcrumb"},"inLanguage":"de","potentialAction":[{"@type":"ReadAction","target":["https:\/\/protectiva.de\/?product=formaldehyde-chemical-indicator-2"]}]},{"@type":"ImageObject","inLanguage":"de","@id":"https:\/\/protectiva.de\/?product=formaldehyde-chemical-indicator-2#primaryimage","url":"https:\/\/protectiva.de\/wp-content\/uploads\/2025\/03\/4AFOI.jpg","contentUrl":"https:\/\/protectiva.de\/wp-content\/uploads\/2025\/03\/4AFOI.jpg","width":1000,"height":1000},{"@type":"BreadcrumbList","@id":"https:\/\/protectiva.de\/?product=formaldehyde-chemical-indicator-2#breadcrumb","itemListElement":[{"@type":"ListItem","position":1,"name":"Home","item":"https:\/\/protectiva.de\/"},{"@type":"ListItem","position":2,"name":"All Products","item":"https:\/\/protectiva.de\/shop\/"},{"@type":"ListItem","position":3,"name":"Formaldehyde Chemical Indicator"}]},{"@type":"WebSite","@id":"https:\/\/protectiva.de\/#website","url":"https:\/\/protectiva.de\/","name":"Protectiva","description":"Innovative Medical Solutions Protectiva.de bietet hochwertige medizinische und Hygieneprodukte. Zuverl\u00e4ssige Schutzausr\u00fcstung, Sterilisationsl\u00f6sungen und Gesundheitsversorgung gem\u00e4\u00df CE- und ISO-Standards f\u00fcr Krankenh\u00e4user und Kliniken. Die ideale Wahl f\u00fcr sichere und komfortable Gesundheitsumgebungen.","publisher":{"@id":"https:\/\/protectiva.de\/#organization"},"potentialAction":[{"@type":"SearchAction","target":{"@type":"EntryPoint","urlTemplate":"https:\/\/protectiva.de\/?s={search_term_string}"},"query-input":{"@type":"PropertyValueSpecification","valueRequired":true,"valueName":"search_term_string"}}],"inLanguage":"de"},{"@type":"Organization","@id":"https:\/\/protectiva.de\/#organization","name":"Protectiva","url":"https:\/\/protectiva.de\/","logo":{"@type":"ImageObject","inLanguage":"de","@id":"https:\/\/protectiva.de\/#\/schema\/logo\/image\/","url":"https:\/\/protectiva.de\/wp-content\/uploads\/2025\/03\/logo-protectiva-son-hali.png","contentUrl":"https:\/\/protectiva.de\/wp-content\/uploads\/2025\/03\/logo-protectiva-son-hali.png","width":1140,"height":585,"caption":"Protectiva"},"image":{"@id":"https:\/\/protectiva.de\/#\/schema\/logo\/image\/"}}]}},"_links":{"self":[{"href":"https:\/\/protectiva.de\/de\/wp-json\/wp\/v2\/product\/18472","targetHints":{"allow":["GET"]}}],"collection":[{"href":"https:\/\/protectiva.de\/de\/wp-json\/wp\/v2\/product"}],"about":[{"href":"https:\/\/protectiva.de\/de\/wp-json\/wp\/v2\/types\/product"}],"replies":[{"embeddable":true,"href":"https:\/\/protectiva.de\/de\/wp-json\/wp\/v2\/comments?post=18472"}],"wp:featuredmedia":[{"embeddable":true,"href":"https:\/\/protectiva.de\/de\/wp-json\/wp\/v2\/media\/18215"}],"wp:attachment":[{"href":"https:\/\/protectiva.de\/de\/wp-json\/wp\/v2\/media?parent=18472"}],"wp:term":[{"taxonomy":"product_brand","embeddable":true,"href":"https:\/\/protectiva.de\/de\/wp-json\/wp\/v2\/product_brand?post=18472"},{"taxonomy":"product_cat","embeddable":true,"href":"https:\/\/protectiva.de\/de\/wp-json\/wp\/v2\/product_cat?post=18472"},{"taxonomy":"product_tag","embeddable":true,"href":"https:\/\/protectiva.de\/de\/wp-json\/wp\/v2\/product_tag?post=18472"}],"curies":[{"name":"wp","href":"https:\/\/api.w.org\/{rel}","templated":true}]}}