{"id":18466,"date":"2025-03-27T09:24:07","date_gmt":"2025-03-27T09:24:07","guid":{"rendered":"https:\/\/protectiva.pl\/?post_type=product&#038;p=18466"},"modified":"2025-03-28T19:09:50","modified_gmt":"2025-03-28T19:09:50","slug":"dampfchemischer-indikator-typ-6-2","status":"publish","type":"product","link":"https:\/\/protectiva.de\/de\/produkt\/dampfchemischer-indikator-typ-6-2\/","title":{"rendered":"Dampfchemischer Indikator Typ 6"},"content":{"rendered":"<p>TECHNISCHES DATENBLATT<br \/>\nDAMPFCHEMIEINDIKATOR TYP 6 (3,5 Min.)<br \/>\nPRODUKTCODE: 4AC6<br \/>\nZUGEH\u00d6RIGE NORMEN: Der medizinische Dampfindikator 4A ist gem\u00e4\u00df ISO 11140-1 als Typ 6 klassifiziert<br \/>\nStandard.<br \/>\nWasser 35% (CAS # 7732-18-5)<br \/>\nDiacetonalkohol 3% (CAS # 123-42-2)<br \/>\nPropriet\u00e4re Mischung 62% (CAS # N\/A)<br \/>\nVERPACKUNG: 100 Schachteln aus Karton.<\/p>\n<p>PRODUKTSPEZIFIKATIONEN:<br \/>\nJede Schachtel enth\u00e4lt 250 St\u00fcck bedruckte Kartonbl\u00e4tter. Der Indikator ist<br \/>\nTemperatur-, Zeit- und Dampfkonzentrationsabh\u00e4ngig.<br \/>\nLAGERUNG UND ENTSORGUNG: Die abgelaufenen Produkte werden nicht verwendet. Es wird an Orten mit Raumtemperatur aufbewahrt<br \/>\nohne Feuchtigkeit und Sonnenlicht. Es sollte nicht mit Fl\u00fcssigkeit in Ber\u00fchrung kommen. Besch\u00e4digte und<br \/>\nDefekte Produkte werden nicht verwendet. Die Haltbarkeit betr\u00e4gt 5 Jahre nach Produktionsdatum. Nach<br \/>\nDer Sterilisationsindikator beh\u00e4lt die Sterilisationsfarbe 6 Monate lang.<\/p>\n<p>HERSTELLER:<\/p>\n<p>DORT-A TIPP MALZEMELERI SAN. ITH. IHR. TIC. LTD. STI.<br \/>\nBal\u0131khisar Mahallesi, K\u00f6yi\u00e7i Serpmeleri, No:795 Akyurt, Ankara, T\u00fcrkei<br \/>\nTel.: +90 312 363 50 52 \/ 53 Fax: +90 312 363 52 10<br \/>\nWeb: http:\/\/www.4amedical.com E-Mail: export@4amedical.com<\/p>\n<p>Vor der Sterilisation Nach der Sterilisation<\/p>\n<p>VERWENDUNGSZWECK 4A Medizinische Dampfindikatoren sind Zyklus\u00fcberpr\u00fcfungsindikatoren, die die<br \/>\nVorhandensein oder Fehlen bestimmter Zeit- und Temperaturparameter w\u00e4hrend eines Zyklus.<br \/>\nDie Produkte erm\u00f6glichen dem Endverbraucher, falsche Verpackungen, Ladeprobleme und<br \/>\nSterilisationsfehler.<\/p>\n<p>BETRIEBSBEDINGUNGEN 4A Medizinische Dampfindikatoren sind f\u00fcr den Betrieb bei einem Dampfzyklus von 134\u00baC \u2013 3,5 ausgelegt<br \/>\nMinuten oder 121 \u00baC \u2013 15 Minuten Betriebsbedingungen.<\/p>\n<p>CHEMISCHE ZUSAMMENSETZUNG Die zum Drucken verwendete Sterilisationsindikatortinte enth\u00e4lt die folgenden Komponenten in ppm-Werten.<\/p>\n<table style=\"height: 61px\" border=\"0\" width=\"695\">\n<thead>\n<tr>\n<th>Produktname<\/th>\n<th>MENGE<\/th>\n<th>Gr\u00f6\u00dfe<\/th>\n<\/tr>\n<\/thead>\n<tbody>\n<tr>\n<td>Dampfchemischer Indikator Typ 6<\/td>\n<td>1x<\/td>\n<td>250 Stck.<\/td>\n<\/tr>\n<\/tbody>\n<\/table>","protected":false},"excerpt":{"rendered":"<ul>\n<li>Datenblatt<\/li>\n<li><a href=\"https:\/\/protectiva.de\/wp-content\/uploads\/2025\/03\/4AC6.pdf\">4AC6<\/a>6<\/li>\n<\/ul>\n<p>Dampfchemische Indikatoren sind Produkte, die jeder Sterilisationsverpackung beigef\u00fcgt werden und die den Erfolg der Sterilisation anzeigen. Dampfchemische Indikatoren Typ 6 sind Indikatoren zur Zyklusverifizierung, die das Vorhandensein oder Nichtvorhandensein bestimmter Zeit-, Temperatur- und Druckparameter w\u00e4hrend eines Zyklus best\u00e4tigen. Der Dampfchemische Indikatoren Typ 6 f\u00fcr 3,5 Minuten arbeitet bis zu 15 Minuten bei 121 \u00b0C oder bis zu 3,5 Minuten bei 134 \u00b0C. Der Dampfchemische Indikatoren Typ 6 f\u00fcr 7 Minuten arbeitet bis zu 20 Minuten bei 121 \u00b0C und bis zu 7 Minuten bei 134 \u00b0C. Wir bieten die folgenden Typen von Dampfchemischen Indikatoren Typ 6 an: Neben dem Standard-Dampfchemischen Indikatoren Typ 6 f\u00fcr 3,5 Minuten haben wir einen selbstklebenden Dampfchemischen Indikatoren Typ 6 f\u00fcr 3,5 Minuten und einen perforierten Dampfchemischen Indikatoren Typ 6 f\u00fcr 3,5 Minuten. Neben dem Standard-Dampfchemischen Indikatoren Typ 6 f\u00fcr 7 Minuten haben wir einen selbstklebenden Dampfchemischen Indikatoren Typ 6 f\u00fcr 7 Minuten und einen perforierten Dampfchemischen Indikatoren Typ 6 f\u00fcr 7 Minuten.<\/p>","protected":false},"featured_media":18187,"comment_status":"open","ping_status":"closed","template":"","meta":[],"product_brand":[],"product_cat":[109,185],"product_tag":[],"class_list":{"0":"post-18466","1":"product","2":"type-product","3":"status-publish","4":"has-post-thumbnail","6":"product_cat-sterilization-n","7":"product_cat-sterilization-chemical-indicators-s","9":"first","10":"instock","11":"shipping-taxable","12":"product-type-grouped"},"yoast_head":"<!-- This site is optimized with the Yoast SEO plugin v26.2 - https:\/\/yoast.com\/wordpress\/plugins\/seo\/ -->\n<title>Type 6 Steam Chemical Indicator - Protectiva.pl \u2013 Professionelle Medizinische und Hygieneprodukte | CE- &amp; ISO-zertifiziert<\/title>\n<meta name=\"robots\" content=\"index, follow, max-snippet:-1, max-image-preview:large, max-video-preview:-1\" \/>\n<link rel=\"canonical\" href=\"https:\/\/protectiva.de\/de\/?product=type-6-steam-chemical-indicator-2\" \/>\n<meta property=\"og:locale\" content=\"de_DE\" \/>\n<meta property=\"og:type\" content=\"article\" \/>\n<meta property=\"og:title\" content=\"Type 6 Steam Chemical Indicator - Protectiva.pl \u2013 Professionelle Medizinische und Hygieneprodukte | CE- &amp; ISO-zertifiziert\" \/>\n<meta property=\"og:description\" content=\"Data Sheet  4AC66  Steam Chemical Indicators are the products that are put into each sterilization package and that indicate success of the sterilization. Type 6 Steam Chemical Indicators are cycle verification indicators that confirm the presence or absence of specific time, temperature and pressure parameters during a cycle. Type 6 Steam Chemical Indicator 3,5 minutes operates up to 15 minutes at 121\u00b0C or up to 3,5 minutes at 134\u00b0C. Type 6 Steam Chemical Indicator 7 minutes operates up to 20 minutes at 121\u00b0C and up to 7 minutes at 134\u00b0C. We have the following Type 6 Steam Chemical Indicator types: Besides standart Type 6 Steam Chemical Indicator 3,5 minutes we have Self \u2013 Adhesive Type 6 Steam Chemical Indicator 3,5 minutes and Perforated Type 6 Steam Chemical Indicator 3,5 minutes. Besides standart Type 6 Steam Chemical Indicator 7 minutes we have Self \u2013 Adhesive Type 6 Steam Chemical Indicator 7 minutes and Perforated Type 6 Steam Chemical Indicator 7 minutes.\" \/>\n<meta property=\"og:url\" content=\"https:\/\/protectiva.de\/de\/?product=type-6-steam-chemical-indicator-2\" \/>\n<meta property=\"og:site_name\" content=\"Protectiva.pl \u2013 Professionelle Medizinische und Hygieneprodukte | CE- &amp; ISO-zertifiziert\" \/>\n<meta property=\"article:modified_time\" content=\"2025-03-28T19:09:50+00:00\" \/>\n<meta property=\"og:image\" content=\"https:\/\/protectiva.de\/wp-content\/uploads\/2025\/03\/4AC6.jpg\" \/>\n\t<meta property=\"og:image:width\" content=\"1000\" \/>\n\t<meta property=\"og:image:height\" content=\"1000\" \/>\n\t<meta property=\"og:image:type\" content=\"image\/jpeg\" \/>\n<meta name=\"twitter:card\" content=\"summary_large_image\" \/>\n<meta name=\"twitter:label1\" content=\"Gesch\u00e4tzte Lesezeit\" \/>\n\t<meta name=\"twitter:data1\" content=\"1\u00a0Minute\" \/>\n<script type=\"application\/ld+json\" class=\"yoast-schema-graph\">{\"@context\":\"https:\/\/schema.org\",\"@graph\":[{\"@type\":\"WebPage\",\"@id\":\"https:\/\/protectiva.de\/?product=type-6-steam-chemical-indicator-2\",\"url\":\"https:\/\/protectiva.de\/?product=type-6-steam-chemical-indicator-2\",\"name\":\"Type 6 Steam Chemical Indicator - Protectiva.pl \u2013 Professionelle Medizinische und Hygieneprodukte | CE- &amp; ISO-zertifiziert\",\"isPartOf\":{\"@id\":\"https:\/\/protectiva.de\/#website\"},\"primaryImageOfPage\":{\"@id\":\"https:\/\/protectiva.de\/?product=type-6-steam-chemical-indicator-2#primaryimage\"},\"image\":{\"@id\":\"https:\/\/protectiva.de\/?product=type-6-steam-chemical-indicator-2#primaryimage\"},\"thumbnailUrl\":\"https:\/\/protectiva.de\/wp-content\/uploads\/2025\/03\/4AC6.jpg\",\"datePublished\":\"2025-03-27T09:24:07+00:00\",\"dateModified\":\"2025-03-28T19:09:50+00:00\",\"breadcrumb\":{\"@id\":\"https:\/\/protectiva.de\/?product=type-6-steam-chemical-indicator-2#breadcrumb\"},\"inLanguage\":\"de\",\"potentialAction\":[{\"@type\":\"ReadAction\",\"target\":[\"https:\/\/protectiva.de\/?product=type-6-steam-chemical-indicator-2\"]}]},{\"@type\":\"ImageObject\",\"inLanguage\":\"de\",\"@id\":\"https:\/\/protectiva.de\/?product=type-6-steam-chemical-indicator-2#primaryimage\",\"url\":\"https:\/\/protectiva.de\/wp-content\/uploads\/2025\/03\/4AC6.jpg\",\"contentUrl\":\"https:\/\/protectiva.de\/wp-content\/uploads\/2025\/03\/4AC6.jpg\",\"width\":1000,\"height\":1000},{\"@type\":\"BreadcrumbList\",\"@id\":\"https:\/\/protectiva.de\/?product=type-6-steam-chemical-indicator-2#breadcrumb\",\"itemListElement\":[{\"@type\":\"ListItem\",\"position\":1,\"name\":\"Home\",\"item\":\"https:\/\/protectiva.de\/\"},{\"@type\":\"ListItem\",\"position\":2,\"name\":\"All Products\",\"item\":\"https:\/\/protectiva.de\/shop\/\"},{\"@type\":\"ListItem\",\"position\":3,\"name\":\"Type 6 Steam Chemical Indicator\"}]},{\"@type\":\"WebSite\",\"@id\":\"https:\/\/protectiva.de\/#website\",\"url\":\"https:\/\/protectiva.de\/\",\"name\":\"Protectiva\",\"description\":\"Innovative Medical Solutions Protectiva.de bietet hochwertige medizinische und Hygieneprodukte. Zuverl\u00e4ssige Schutzausr\u00fcstung, Sterilisationsl\u00f6sungen und Gesundheitsversorgung gem\u00e4\u00df CE- und ISO-Standards f\u00fcr Krankenh\u00e4user und Kliniken. Die ideale Wahl f\u00fcr sichere und komfortable Gesundheitsumgebungen.\",\"publisher\":{\"@id\":\"https:\/\/protectiva.de\/#organization\"},\"potentialAction\":[{\"@type\":\"SearchAction\",\"target\":{\"@type\":\"EntryPoint\",\"urlTemplate\":\"https:\/\/protectiva.de\/?s={search_term_string}\"},\"query-input\":{\"@type\":\"PropertyValueSpecification\",\"valueRequired\":true,\"valueName\":\"search_term_string\"}}],\"inLanguage\":\"de\"},{\"@type\":\"Organization\",\"@id\":\"https:\/\/protectiva.de\/#organization\",\"name\":\"Protectiva\",\"url\":\"https:\/\/protectiva.de\/\",\"logo\":{\"@type\":\"ImageObject\",\"inLanguage\":\"de\",\"@id\":\"https:\/\/protectiva.de\/#\/schema\/logo\/image\/\",\"url\":\"https:\/\/protectiva.de\/wp-content\/uploads\/2025\/03\/logo-protectiva-son-hali.png\",\"contentUrl\":\"https:\/\/protectiva.de\/wp-content\/uploads\/2025\/03\/logo-protectiva-son-hali.png\",\"width\":1140,\"height\":585,\"caption\":\"Protectiva\"},\"image\":{\"@id\":\"https:\/\/protectiva.de\/#\/schema\/logo\/image\/\"}}]}<\/script>\n<!-- \/ Yoast SEO plugin. -->","yoast_head_json":{"title":"Type 6 Steam Chemical Indicator - Protectiva.pl \u2013 Professionelle Medizinische und Hygieneprodukte | CE- &amp; ISO-zertifiziert","robots":{"index":"index","follow":"follow","max-snippet":"max-snippet:-1","max-image-preview":"max-image-preview:large","max-video-preview":"max-video-preview:-1"},"canonical":"https:\/\/protectiva.de\/de\/?product=type-6-steam-chemical-indicator-2","og_locale":"de_DE","og_type":"article","og_title":"Type 6 Steam Chemical Indicator - Protectiva.pl \u2013 Professionelle Medizinische und Hygieneprodukte | CE- &amp; ISO-zertifiziert","og_description":"Data Sheet  4AC66  Steam Chemical Indicators are the products that are put into each sterilization package and that indicate success of the sterilization. Type 6 Steam Chemical Indicators are cycle verification indicators that confirm the presence or absence of specific time, temperature and pressure parameters during a cycle. Type 6 Steam Chemical Indicator 3,5 minutes operates up to 15 minutes at 121\u00b0C or up to 3,5 minutes at 134\u00b0C. Type 6 Steam Chemical Indicator 7 minutes operates up to 20 minutes at 121\u00b0C and up to 7 minutes at 134\u00b0C. We have the following Type 6 Steam Chemical Indicator types: Besides standart Type 6 Steam Chemical Indicator 3,5 minutes we have Self \u2013 Adhesive Type 6 Steam Chemical Indicator 3,5 minutes and Perforated Type 6 Steam Chemical Indicator 3,5 minutes. Besides standart Type 6 Steam Chemical Indicator 7 minutes we have Self \u2013 Adhesive Type 6 Steam Chemical Indicator 7 minutes and Perforated Type 6 Steam Chemical Indicator 7 minutes.","og_url":"https:\/\/protectiva.de\/de\/?product=type-6-steam-chemical-indicator-2","og_site_name":"Protectiva.pl \u2013 Professionelle Medizinische und Hygieneprodukte | CE- &amp; ISO-zertifiziert","article_modified_time":"2025-03-28T19:09:50+00:00","og_image":[{"width":1000,"height":1000,"url":"https:\/\/protectiva.de\/wp-content\/uploads\/2025\/03\/4AC6.jpg","type":"image\/jpeg"}],"twitter_card":"summary_large_image","twitter_misc":{"Gesch\u00e4tzte Lesezeit":"1\u00a0Minute"},"schema":{"@context":"https:\/\/schema.org","@graph":[{"@type":"WebPage","@id":"https:\/\/protectiva.de\/?product=type-6-steam-chemical-indicator-2","url":"https:\/\/protectiva.de\/?product=type-6-steam-chemical-indicator-2","name":"Type 6 Steam Chemical Indicator - Protectiva.pl \u2013 Professionelle Medizinische und Hygieneprodukte | CE- &amp; ISO-zertifiziert","isPartOf":{"@id":"https:\/\/protectiva.de\/#website"},"primaryImageOfPage":{"@id":"https:\/\/protectiva.de\/?product=type-6-steam-chemical-indicator-2#primaryimage"},"image":{"@id":"https:\/\/protectiva.de\/?product=type-6-steam-chemical-indicator-2#primaryimage"},"thumbnailUrl":"https:\/\/protectiva.de\/wp-content\/uploads\/2025\/03\/4AC6.jpg","datePublished":"2025-03-27T09:24:07+00:00","dateModified":"2025-03-28T19:09:50+00:00","breadcrumb":{"@id":"https:\/\/protectiva.de\/?product=type-6-steam-chemical-indicator-2#breadcrumb"},"inLanguage":"de","potentialAction":[{"@type":"ReadAction","target":["https:\/\/protectiva.de\/?product=type-6-steam-chemical-indicator-2"]}]},{"@type":"ImageObject","inLanguage":"de","@id":"https:\/\/protectiva.de\/?product=type-6-steam-chemical-indicator-2#primaryimage","url":"https:\/\/protectiva.de\/wp-content\/uploads\/2025\/03\/4AC6.jpg","contentUrl":"https:\/\/protectiva.de\/wp-content\/uploads\/2025\/03\/4AC6.jpg","width":1000,"height":1000},{"@type":"BreadcrumbList","@id":"https:\/\/protectiva.de\/?product=type-6-steam-chemical-indicator-2#breadcrumb","itemListElement":[{"@type":"ListItem","position":1,"name":"Home","item":"https:\/\/protectiva.de\/"},{"@type":"ListItem","position":2,"name":"All Products","item":"https:\/\/protectiva.de\/shop\/"},{"@type":"ListItem","position":3,"name":"Type 6 Steam Chemical Indicator"}]},{"@type":"WebSite","@id":"https:\/\/protectiva.de\/#website","url":"https:\/\/protectiva.de\/","name":"Protectiva","description":"Innovative Medical Solutions Protectiva.de bietet hochwertige medizinische und Hygieneprodukte. Zuverl\u00e4ssige Schutzausr\u00fcstung, Sterilisationsl\u00f6sungen und Gesundheitsversorgung gem\u00e4\u00df CE- und ISO-Standards f\u00fcr Krankenh\u00e4user und Kliniken. Die ideale Wahl f\u00fcr sichere und komfortable Gesundheitsumgebungen.","publisher":{"@id":"https:\/\/protectiva.de\/#organization"},"potentialAction":[{"@type":"SearchAction","target":{"@type":"EntryPoint","urlTemplate":"https:\/\/protectiva.de\/?s={search_term_string}"},"query-input":{"@type":"PropertyValueSpecification","valueRequired":true,"valueName":"search_term_string"}}],"inLanguage":"de"},{"@type":"Organization","@id":"https:\/\/protectiva.de\/#organization","name":"Protectiva","url":"https:\/\/protectiva.de\/","logo":{"@type":"ImageObject","inLanguage":"de","@id":"https:\/\/protectiva.de\/#\/schema\/logo\/image\/","url":"https:\/\/protectiva.de\/wp-content\/uploads\/2025\/03\/logo-protectiva-son-hali.png","contentUrl":"https:\/\/protectiva.de\/wp-content\/uploads\/2025\/03\/logo-protectiva-son-hali.png","width":1140,"height":585,"caption":"Protectiva"},"image":{"@id":"https:\/\/protectiva.de\/#\/schema\/logo\/image\/"}}]}},"_links":{"self":[{"href":"https:\/\/protectiva.de\/de\/wp-json\/wp\/v2\/product\/18466","targetHints":{"allow":["GET"]}}],"collection":[{"href":"https:\/\/protectiva.de\/de\/wp-json\/wp\/v2\/product"}],"about":[{"href":"https:\/\/protectiva.de\/de\/wp-json\/wp\/v2\/types\/product"}],"replies":[{"embeddable":true,"href":"https:\/\/protectiva.de\/de\/wp-json\/wp\/v2\/comments?post=18466"}],"wp:featuredmedia":[{"embeddable":true,"href":"https:\/\/protectiva.de\/de\/wp-json\/wp\/v2\/media\/18187"}],"wp:attachment":[{"href":"https:\/\/protectiva.de\/de\/wp-json\/wp\/v2\/media?parent=18466"}],"wp:term":[{"taxonomy":"product_brand","embeddable":true,"href":"https:\/\/protectiva.de\/de\/wp-json\/wp\/v2\/product_brand?post=18466"},{"taxonomy":"product_cat","embeddable":true,"href":"https:\/\/protectiva.de\/de\/wp-json\/wp\/v2\/product_cat?post=18466"},{"taxonomy":"product_tag","embeddable":true,"href":"https:\/\/protectiva.de\/de\/wp-json\/wp\/v2\/product_tag?post=18466"}],"curies":[{"name":"wp","href":"https:\/\/api.w.org\/{rel}","templated":true}]}}