{"id":18460,"date":"2025-03-27T09:00:02","date_gmt":"2025-03-27T09:00:02","guid":{"rendered":"https:\/\/protectiva.pl\/?post_type=product&#038;p=18460"},"modified":"2025-03-28T19:09:50","modified_gmt":"2025-03-28T19:09:50","slug":"dampfchemischer-integrator-typ-5-2","status":"publish","type":"product","link":"https:\/\/protectiva.de\/de\/produkt\/dampfchemischer-integrator-typ-5-2\/","title":{"rendered":"Dampfchemischer Integrator Typ 5"},"content":{"rendered":"<p><strong><u>TECHNISCHES DATENBLATT<\/u><\/strong><\/p>\n<p><strong>TYP<\/strong> <strong>5 DAMPFCHEMIEINTEGRATOR<\/strong><\/p>\n<h1>PRODUKTCODEBEZOGENE NORMEN<\/h1>\n<p><strong>BEABSICHTIGT<\/strong> <strong>VERWENDEN<\/strong><\/p>\n<p><strong>:\u00a0\u00a0\u00a0\u00a0 <\/strong><strong>4AC5INT<\/strong><\/p>\n<p><strong>:\u00a0\u00a0\u00a0\u00a0 <\/strong>Der 4A Medical Steam Integrator ist gem\u00e4\u00df der Norm ISO 11140-1 als Typ 5 klassifiziert.<\/p>\n<p><strong>:\u00a0\u00a0\u00a0\u00a0 <\/strong>4A Medical Steam Integrator sind Zyklusverifizierungsindikatoren, die das Vorhandensein oder Fehlen bestimmter Zeit-, Temperatur- und Sattdampfparameter w\u00e4hrend eines Zyklus best\u00e4tigen. Die Produkte erm\u00f6glichen dem Endbenutzer, falsche Verpackungen, Beladungsprobleme und Sterilisationsfehler zu erkennen.<\/p>\n<h1>BETRIEBSBEDINGUNGEN:<\/h1>\n<p>4A Medical Steam Integrators sind f\u00fcr den Betrieb bei Dampfzyklen von 121 \u00b0C und 134 \u00b0C ausgelegt. Wird der Integrator zusammen mit der Beladung in einen Sterilisator gegeben und sind die Sterilisationsbedingungen erf\u00fcllt, verwandelt sich die Tinte von fest zu fl\u00fcssig, die langsam von einem Streifen absorbiert wird. Wird der Akzeptanzpunkt erreicht, ist die Sterilisation erfolgreich. Wird der Akzeptanzpunkt nicht erreicht, ist die Sterilisation nicht erfolgreich.<\/p>\n<h1>TERILISATIONSERGEBNISSE<\/h1>\n<p><strong>PRODUKT<\/strong> <strong>SPEZIFIKATIONEN: <\/strong>Der Indikator ist temperatur-, zeit- und ges\u00e4ttigter Dampfkonzentration empfindlich.<\/p>\n<p><strong>LAGERUNG UND ENTSORGUNG: <\/strong>Die abgelaufenen Produkte werden nicht verwendet. Es wird an den Orten mit Raumtemperatur aufbewahrt<\/p>\n<p>Ohne Feuchtigkeit und Sonneneinstrahlung. Kontakt mit Fl\u00fcssigkeiten vermeiden. Besch\u00e4digte oder defekte Produkte nicht verwenden. Die Haltbarkeit betr\u00e4gt 4 Jahre ab Herstellungsdatum.<\/p>\n<p><strong>VERPACKUNG<\/strong><strong>:\u00a0 <\/strong>Die Verpackung enth\u00e4lt 250 Integratoren. In einem Karton befinden sich 20 Packungen.<\/p>\n<table style=\"height: 29px\" border=\"0\" width=\"684\">\n<thead>\n<tr>\n<th>Produktname<\/th>\n<th>MENGE<\/th>\n<th>Gr\u00f6\u00dfe<\/th>\n<\/tr>\n<\/thead>\n<tbody>\n<tr>\n<td>Dampfchemischer Integrator Typ 5<\/td>\n<td>1x<\/td>\n<td>250 Stck.<\/td>\n<\/tr>\n<\/tbody>\n<\/table>","protected":false},"excerpt":{"rendered":"<ul>\n<li>Datenblatt<\/li>\n<li><a href=\"https:\/\/protectiva.de\/wp-content\/uploads\/2025\/03\/4AC5IN.pdf\">4AC5IN<\/a><\/li>\n<\/ul>\n<p>Chemische Integratoren Typ 5 liefern Ergebnisse, die dem biologischen Indikator \u00e4hneln, und wirken direkt proportional zum biologischen Tod. Dieses Produkt, das in einer Verpackung w\u00e4hrend der Dampfsterilisation verwendet wird, besteht aus einer chemischen Mischung, die sich bei erfolgreicher Sterilisation im Annahmebereich und bei fehlgeschlagener Sterilisation im Ausschussbereich befindet. Integratoren haben keine Referenzfarbe, und die Ergebnisse k\u00f6nnen anhand der durch das Fenster wandernden Mischung interpretiert werden.<\/p>","protected":false},"featured_media":18184,"comment_status":"open","ping_status":"closed","template":"","meta":[],"product_brand":[],"product_cat":[109,185],"product_tag":[],"class_list":{"0":"post-18460","1":"product","2":"type-product","3":"status-publish","4":"has-post-thumbnail","6":"product_cat-sterilization-n","7":"product_cat-sterilization-chemical-indicators-s","9":"first","10":"instock","11":"shipping-taxable","12":"product-type-grouped"},"yoast_head":"<!-- This site is optimized with the Yoast SEO plugin v26.2 - https:\/\/yoast.com\/wordpress\/plugins\/seo\/ -->\n<title>Type 5 Steam Chemical Integrator - Protectiva.pl \u2013 Professionelle Medizinische und Hygieneprodukte | CE- &amp; ISO-zertifiziert<\/title>\n<meta name=\"robots\" content=\"index, follow, max-snippet:-1, max-image-preview:large, max-video-preview:-1\" \/>\n<link rel=\"canonical\" href=\"https:\/\/protectiva.de\/de\/?product=type-5-steam-chemical-integrator-2\" \/>\n<meta property=\"og:locale\" content=\"de_DE\" \/>\n<meta property=\"og:type\" content=\"article\" \/>\n<meta property=\"og:title\" content=\"Type 5 Steam Chemical Integrator - Protectiva.pl \u2013 Professionelle Medizinische und Hygieneprodukte | CE- &amp; ISO-zertifiziert\" \/>\n<meta property=\"og:description\" content=\"Data Sheet  4AC5IN  Type 5 Chemical Integrators are the indicators which give proximate result to the biological indicator and they operate in direct proportion to biological death. This product that is used in a package during steam sterilization process consists of the chemical mixture which is on the part of the acceptance area if the sterilization is successful and on the part of reject area if the sterilization fails. There is no reference color in integrators, and the results can be interpreted according to the mixture migrating through the window.\" \/>\n<meta property=\"og:url\" content=\"https:\/\/protectiva.de\/de\/?product=type-5-steam-chemical-integrator-2\" \/>\n<meta property=\"og:site_name\" content=\"Protectiva.pl \u2013 Professionelle Medizinische und Hygieneprodukte | CE- &amp; ISO-zertifiziert\" \/>\n<meta property=\"article:modified_time\" content=\"2025-03-28T19:09:50+00:00\" \/>\n<meta property=\"og:image\" content=\"https:\/\/protectiva.de\/wp-content\/uploads\/2025\/03\/4AC5IN.jpg\" \/>\n\t<meta property=\"og:image:width\" content=\"1000\" \/>\n\t<meta property=\"og:image:height\" content=\"1000\" \/>\n\t<meta property=\"og:image:type\" content=\"image\/jpeg\" \/>\n<meta name=\"twitter:card\" content=\"summary_large_image\" \/>\n<meta name=\"twitter:label1\" content=\"Gesch\u00e4tzte Lesezeit\" \/>\n\t<meta name=\"twitter:data1\" content=\"1\u00a0Minute\" \/>\n<script type=\"application\/ld+json\" class=\"yoast-schema-graph\">{\"@context\":\"https:\/\/schema.org\",\"@graph\":[{\"@type\":\"WebPage\",\"@id\":\"https:\/\/protectiva.de\/?product=type-5-steam-chemical-integrator-2\",\"url\":\"https:\/\/protectiva.de\/?product=type-5-steam-chemical-integrator-2\",\"name\":\"Type 5 Steam Chemical Integrator - Protectiva.pl \u2013 Professionelle Medizinische und Hygieneprodukte | CE- &amp; ISO-zertifiziert\",\"isPartOf\":{\"@id\":\"https:\/\/protectiva.de\/#website\"},\"primaryImageOfPage\":{\"@id\":\"https:\/\/protectiva.de\/?product=type-5-steam-chemical-integrator-2#primaryimage\"},\"image\":{\"@id\":\"https:\/\/protectiva.de\/?product=type-5-steam-chemical-integrator-2#primaryimage\"},\"thumbnailUrl\":\"https:\/\/protectiva.de\/wp-content\/uploads\/2025\/03\/4AC5IN.jpg\",\"datePublished\":\"2025-03-27T09:00:02+00:00\",\"dateModified\":\"2025-03-28T19:09:50+00:00\",\"breadcrumb\":{\"@id\":\"https:\/\/protectiva.de\/?product=type-5-steam-chemical-integrator-2#breadcrumb\"},\"inLanguage\":\"de\",\"potentialAction\":[{\"@type\":\"ReadAction\",\"target\":[\"https:\/\/protectiva.de\/?product=type-5-steam-chemical-integrator-2\"]}]},{\"@type\":\"ImageObject\",\"inLanguage\":\"de\",\"@id\":\"https:\/\/protectiva.de\/?product=type-5-steam-chemical-integrator-2#primaryimage\",\"url\":\"https:\/\/protectiva.de\/wp-content\/uploads\/2025\/03\/4AC5IN.jpg\",\"contentUrl\":\"https:\/\/protectiva.de\/wp-content\/uploads\/2025\/03\/4AC5IN.jpg\",\"width\":1000,\"height\":1000},{\"@type\":\"BreadcrumbList\",\"@id\":\"https:\/\/protectiva.de\/?product=type-5-steam-chemical-integrator-2#breadcrumb\",\"itemListElement\":[{\"@type\":\"ListItem\",\"position\":1,\"name\":\"Home\",\"item\":\"https:\/\/protectiva.de\/\"},{\"@type\":\"ListItem\",\"position\":2,\"name\":\"All Products\",\"item\":\"https:\/\/protectiva.de\/shop\/\"},{\"@type\":\"ListItem\",\"position\":3,\"name\":\"Type 5 Steam Chemical Integrator\"}]},{\"@type\":\"WebSite\",\"@id\":\"https:\/\/protectiva.de\/#website\",\"url\":\"https:\/\/protectiva.de\/\",\"name\":\"Protectiva\",\"description\":\"Innovative Medical Solutions Protectiva.de bietet hochwertige medizinische und Hygieneprodukte. Zuverl\u00e4ssige Schutzausr\u00fcstung, Sterilisationsl\u00f6sungen und Gesundheitsversorgung gem\u00e4\u00df CE- und ISO-Standards f\u00fcr Krankenh\u00e4user und Kliniken. Die ideale Wahl f\u00fcr sichere und komfortable Gesundheitsumgebungen.\",\"publisher\":{\"@id\":\"https:\/\/protectiva.de\/#organization\"},\"potentialAction\":[{\"@type\":\"SearchAction\",\"target\":{\"@type\":\"EntryPoint\",\"urlTemplate\":\"https:\/\/protectiva.de\/?s={search_term_string}\"},\"query-input\":{\"@type\":\"PropertyValueSpecification\",\"valueRequired\":true,\"valueName\":\"search_term_string\"}}],\"inLanguage\":\"de\"},{\"@type\":\"Organization\",\"@id\":\"https:\/\/protectiva.de\/#organization\",\"name\":\"Protectiva\",\"url\":\"https:\/\/protectiva.de\/\",\"logo\":{\"@type\":\"ImageObject\",\"inLanguage\":\"de\",\"@id\":\"https:\/\/protectiva.de\/#\/schema\/logo\/image\/\",\"url\":\"https:\/\/protectiva.de\/wp-content\/uploads\/2025\/03\/logo-protectiva-son-hali.png\",\"contentUrl\":\"https:\/\/protectiva.de\/wp-content\/uploads\/2025\/03\/logo-protectiva-son-hali.png\",\"width\":1140,\"height\":585,\"caption\":\"Protectiva\"},\"image\":{\"@id\":\"https:\/\/protectiva.de\/#\/schema\/logo\/image\/\"}}]}<\/script>\n<!-- \/ Yoast SEO plugin. -->","yoast_head_json":{"title":"Type 5 Steam Chemical Integrator - Protectiva.pl \u2013 Professionelle Medizinische und Hygieneprodukte | CE- &amp; ISO-zertifiziert","robots":{"index":"index","follow":"follow","max-snippet":"max-snippet:-1","max-image-preview":"max-image-preview:large","max-video-preview":"max-video-preview:-1"},"canonical":"https:\/\/protectiva.de\/de\/?product=type-5-steam-chemical-integrator-2","og_locale":"de_DE","og_type":"article","og_title":"Type 5 Steam Chemical Integrator - Protectiva.pl \u2013 Professionelle Medizinische und Hygieneprodukte | CE- &amp; ISO-zertifiziert","og_description":"Data Sheet  4AC5IN  Type 5 Chemical Integrators are the indicators which give proximate result to the biological indicator and they operate in direct proportion to biological death. This product that is used in a package during steam sterilization process consists of the chemical mixture which is on the part of the acceptance area if the sterilization is successful and on the part of reject area if the sterilization fails. There is no reference color in integrators, and the results can be interpreted according to the mixture migrating through the window.","og_url":"https:\/\/protectiva.de\/de\/?product=type-5-steam-chemical-integrator-2","og_site_name":"Protectiva.pl \u2013 Professionelle Medizinische und Hygieneprodukte | CE- &amp; ISO-zertifiziert","article_modified_time":"2025-03-28T19:09:50+00:00","og_image":[{"width":1000,"height":1000,"url":"https:\/\/protectiva.de\/wp-content\/uploads\/2025\/03\/4AC5IN.jpg","type":"image\/jpeg"}],"twitter_card":"summary_large_image","twitter_misc":{"Gesch\u00e4tzte Lesezeit":"1\u00a0Minute"},"schema":{"@context":"https:\/\/schema.org","@graph":[{"@type":"WebPage","@id":"https:\/\/protectiva.de\/?product=type-5-steam-chemical-integrator-2","url":"https:\/\/protectiva.de\/?product=type-5-steam-chemical-integrator-2","name":"Type 5 Steam Chemical Integrator - Protectiva.pl \u2013 Professionelle Medizinische und Hygieneprodukte | CE- &amp; ISO-zertifiziert","isPartOf":{"@id":"https:\/\/protectiva.de\/#website"},"primaryImageOfPage":{"@id":"https:\/\/protectiva.de\/?product=type-5-steam-chemical-integrator-2#primaryimage"},"image":{"@id":"https:\/\/protectiva.de\/?product=type-5-steam-chemical-integrator-2#primaryimage"},"thumbnailUrl":"https:\/\/protectiva.de\/wp-content\/uploads\/2025\/03\/4AC5IN.jpg","datePublished":"2025-03-27T09:00:02+00:00","dateModified":"2025-03-28T19:09:50+00:00","breadcrumb":{"@id":"https:\/\/protectiva.de\/?product=type-5-steam-chemical-integrator-2#breadcrumb"},"inLanguage":"de","potentialAction":[{"@type":"ReadAction","target":["https:\/\/protectiva.de\/?product=type-5-steam-chemical-integrator-2"]}]},{"@type":"ImageObject","inLanguage":"de","@id":"https:\/\/protectiva.de\/?product=type-5-steam-chemical-integrator-2#primaryimage","url":"https:\/\/protectiva.de\/wp-content\/uploads\/2025\/03\/4AC5IN.jpg","contentUrl":"https:\/\/protectiva.de\/wp-content\/uploads\/2025\/03\/4AC5IN.jpg","width":1000,"height":1000},{"@type":"BreadcrumbList","@id":"https:\/\/protectiva.de\/?product=type-5-steam-chemical-integrator-2#breadcrumb","itemListElement":[{"@type":"ListItem","position":1,"name":"Home","item":"https:\/\/protectiva.de\/"},{"@type":"ListItem","position":2,"name":"All Products","item":"https:\/\/protectiva.de\/shop\/"},{"@type":"ListItem","position":3,"name":"Type 5 Steam Chemical Integrator"}]},{"@type":"WebSite","@id":"https:\/\/protectiva.de\/#website","url":"https:\/\/protectiva.de\/","name":"Protectiva","description":"Innovative Medical Solutions Protectiva.de bietet hochwertige medizinische und Hygieneprodukte. Zuverl\u00e4ssige Schutzausr\u00fcstung, Sterilisationsl\u00f6sungen und Gesundheitsversorgung gem\u00e4\u00df CE- und ISO-Standards f\u00fcr Krankenh\u00e4user und Kliniken. Die ideale Wahl f\u00fcr sichere und komfortable Gesundheitsumgebungen.","publisher":{"@id":"https:\/\/protectiva.de\/#organization"},"potentialAction":[{"@type":"SearchAction","target":{"@type":"EntryPoint","urlTemplate":"https:\/\/protectiva.de\/?s={search_term_string}"},"query-input":{"@type":"PropertyValueSpecification","valueRequired":true,"valueName":"search_term_string"}}],"inLanguage":"de"},{"@type":"Organization","@id":"https:\/\/protectiva.de\/#organization","name":"Protectiva","url":"https:\/\/protectiva.de\/","logo":{"@type":"ImageObject","inLanguage":"de","@id":"https:\/\/protectiva.de\/#\/schema\/logo\/image\/","url":"https:\/\/protectiva.de\/wp-content\/uploads\/2025\/03\/logo-protectiva-son-hali.png","contentUrl":"https:\/\/protectiva.de\/wp-content\/uploads\/2025\/03\/logo-protectiva-son-hali.png","width":1140,"height":585,"caption":"Protectiva"},"image":{"@id":"https:\/\/protectiva.de\/#\/schema\/logo\/image\/"}}]}},"_links":{"self":[{"href":"https:\/\/protectiva.de\/de\/wp-json\/wp\/v2\/product\/18460","targetHints":{"allow":["GET"]}}],"collection":[{"href":"https:\/\/protectiva.de\/de\/wp-json\/wp\/v2\/product"}],"about":[{"href":"https:\/\/protectiva.de\/de\/wp-json\/wp\/v2\/types\/product"}],"replies":[{"embeddable":true,"href":"https:\/\/protectiva.de\/de\/wp-json\/wp\/v2\/comments?post=18460"}],"wp:featuredmedia":[{"embeddable":true,"href":"https:\/\/protectiva.de\/de\/wp-json\/wp\/v2\/media\/18184"}],"wp:attachment":[{"href":"https:\/\/protectiva.de\/de\/wp-json\/wp\/v2\/media?parent=18460"}],"wp:term":[{"taxonomy":"product_brand","embeddable":true,"href":"https:\/\/protectiva.de\/de\/wp-json\/wp\/v2\/product_brand?post=18460"},{"taxonomy":"product_cat","embeddable":true,"href":"https:\/\/protectiva.de\/de\/wp-json\/wp\/v2\/product_cat?post=18460"},{"taxonomy":"product_tag","embeddable":true,"href":"https:\/\/protectiva.de\/de\/wp-json\/wp\/v2\/product_tag?post=18460"}],"curies":[{"name":"wp","href":"https:\/\/api.w.org\/{rel}","templated":true}]}}