{"id":18456,"date":"2025-03-27T08:46:48","date_gmt":"2025-03-27T08:46:48","guid":{"rendered":"https:\/\/protectiva.pl\/?post_type=product&#038;p=18456"},"modified":"2025-07-27T12:30:55","modified_gmt":"2025-07-27T12:30:55","slug":"typ-4-dampfchemischer-indikator-2","status":"publish","type":"product","link":"https:\/\/protectiva.de\/de\/produkt\/typ-4-dampfchemischer-indikator-2\/","title":{"rendered":"Dampfchemischer Indikator Typ 4"},"content":{"rendered":"<p><u>\u00a0<\/u><strong><u>TECHNISCHES DATENBLATT<\/u><\/strong><\/p>\n<p><strong>TYP<\/strong> <strong>4 DAMPFANZEIGE<\/strong><\/p>\n<p><strong>PR<\/strong><strong>O<\/strong><strong>DUCT CO<\/strong><strong>D<\/strong><strong>E\u00a0 <\/strong><strong>: <\/strong><strong>\u00a04AC4<\/strong><strong>\u00a0<\/strong><\/p>\n<h2><strong>ZUGEH\u00d6RIGE NORMEN\u00a0 \u00a0<\/strong><\/h2>\n<p>4A Medizinischer Dampfindikator, Indikator ist gem\u00e4\u00df ISO 11140-1-Standard als Typ 4 klassifiziert.<\/p>\n<p>4A Medizinische Dampfindikatoren Typ 4 erm\u00f6glichen dem Endbenutzer, falsche Verpackungen, Beladungsprobleme und Sterilisationsfehler zu erkennen.<\/p>\n<p>4A Medizinische Dampfindikatoren Typ 4 sind f\u00fcr den Betrieb im Dampfzyklus ausgelegt.<\/p>\n<h2>CHEMISCHE ZUSAMMENSETZUNG:<\/h2>\n<p>Die zum Drucken verwendete Sterilisationsindikatortinte enth\u00e4lt folgende Komponenten in ppm-Werten<\/p>\n<p>Wasser 35%<\/p>\n<p>Diacetonalkohol 3%<\/p>\n<p>Propriet\u00e4re Mischung 62%<\/p>\n<p>(CAS # 7732-18-5)<\/p>\n<p>(CAS # 123-42-2) (CAS # nicht zutreffend)<\/p>\n<p>Enth\u00e4lt keine als gef\u00e4hrlich eingestuften Stoffe, die gem\u00e4\u00df EG-Richtlinien zu ber\u00fccksichtigen sind.<\/p>\n<p>&nbsp;<\/p>\n<div id=\"gtx-trans\" style=\"position: absolute;left: -29px;top: 120px\">\n<div class=\"gtx-trans-icon\"><\/div>\n<\/div>","protected":false},"excerpt":{"rendered":"<ul>\n<li>Datenblatt<\/li>\n<li><a href=\"https:\/\/protectiva.de\/wp-content\/uploads\/2025\/03\/4AC4.pdf\">4AC4<\/a><\/li>\n<\/ul>\n<p>Dampfchemische Indikatoren Typ 4 werden in Sterilisationsverpackungen w\u00e4hrend der Dampfsterilisation verwendet. Bei Erreichen mehrerer Parameter \u00e4ndert sich die Farbe in die Referenzfarbe. Mit den Dampfchemischen Indikatoren Typ 4A k\u00f6nnen Endbenutzer falsche Verpackungen, Beladungsprobleme und Sterilisationsfehler erkennen. Neben dem Standard-Dampfchemischen Indikatoren Typ 4 bieten wir auch selbstklebende Dampfchemische Indikatoren Typ 4 mit selbstklebender R\u00fcckseite zur einfacheren Dokumentation sowie perforierte Dampfchemische Indikatoren Typ 4 an. Hinweis: Produkte k\u00f6nnen mit Ihrem Markenzeichen hergestellt werden.<\/p>","protected":false},"featured_media":18182,"comment_status":"open","ping_status":"closed","template":"","meta":[],"product_brand":[],"product_cat":[109,185],"product_tag":[],"class_list":{"0":"post-18456","1":"product","2":"type-product","3":"status-publish","4":"has-post-thumbnail","6":"product_cat-sterilization-n","7":"product_cat-sterilization-chemical-indicators-s","9":"first","10":"instock","11":"shipping-taxable","12":"product-type-grouped"},"yoast_head":"<!-- This site is optimized with the Yoast SEO plugin v26.2 - https:\/\/yoast.com\/wordpress\/plugins\/seo\/ -->\n<title>Type 4 Steam Chemical Indicator - Protectiva.pl \u2013 Professionelle Medizinische und Hygieneprodukte | CE- &amp; ISO-zertifiziert<\/title>\n<meta name=\"robots\" content=\"index, follow, max-snippet:-1, max-image-preview:large, max-video-preview:-1\" \/>\n<link rel=\"canonical\" href=\"https:\/\/protectiva.de\/de\/?product=type-4-steam-chemical-indicator-2\" \/>\n<meta property=\"og:locale\" content=\"de_DE\" \/>\n<meta property=\"og:type\" content=\"article\" \/>\n<meta property=\"og:title\" content=\"Type 4 Steam Chemical Indicator - Protectiva.pl \u2013 Professionelle Medizinische und Hygieneprodukte | CE- &amp; ISO-zertifiziert\" \/>\n<meta property=\"og:description\" content=\"Data Sheet  4AC4  Type 4 Steam Chemical Indicators are the indicators used inside sterilization packages during the steam sterilization and when multi parameters are obtained, the color turns into its referance color. 4A Type 4 Steam Chemical Indicators allow the end user to identify incorrect packaging, loading problems and sterilization failures. Besides standard Type 4 Steam Chemical Indicator we also have Self Adhesive Type 4 Steam Chemical Indicator with self adhesive feature on the back for easier documentation as well as Perforated Type 4 Steam Chemical Indicator Note: Products can be produced with your trademark.\" \/>\n<meta property=\"og:url\" content=\"https:\/\/protectiva.de\/de\/?product=type-4-steam-chemical-indicator-2\" \/>\n<meta property=\"og:site_name\" content=\"Protectiva.pl \u2013 Professionelle Medizinische und Hygieneprodukte | CE- &amp; ISO-zertifiziert\" \/>\n<meta property=\"article:modified_time\" content=\"2025-07-27T12:30:55+00:00\" \/>\n<meta property=\"og:image\" content=\"https:\/\/protectiva.de\/wp-content\/uploads\/2025\/03\/4AC4.jpg\" \/>\n\t<meta property=\"og:image:width\" content=\"1000\" \/>\n\t<meta property=\"og:image:height\" content=\"1000\" \/>\n\t<meta property=\"og:image:type\" content=\"image\/jpeg\" \/>\n<meta name=\"twitter:card\" content=\"summary_large_image\" \/>\n<meta name=\"twitter:label1\" content=\"Gesch\u00e4tzte Lesezeit\" \/>\n\t<meta name=\"twitter:data1\" content=\"1\u00a0Minute\" \/>\n<script type=\"application\/ld+json\" class=\"yoast-schema-graph\">{\"@context\":\"https:\/\/schema.org\",\"@graph\":[{\"@type\":\"WebPage\",\"@id\":\"https:\/\/protectiva.de\/?product=type-4-steam-chemical-indicator-2\",\"url\":\"https:\/\/protectiva.de\/?product=type-4-steam-chemical-indicator-2\",\"name\":\"Type 4 Steam Chemical Indicator - Protectiva.pl \u2013 Professionelle Medizinische und Hygieneprodukte | CE- &amp; ISO-zertifiziert\",\"isPartOf\":{\"@id\":\"https:\/\/protectiva.de\/#website\"},\"primaryImageOfPage\":{\"@id\":\"https:\/\/protectiva.de\/?product=type-4-steam-chemical-indicator-2#primaryimage\"},\"image\":{\"@id\":\"https:\/\/protectiva.de\/?product=type-4-steam-chemical-indicator-2#primaryimage\"},\"thumbnailUrl\":\"https:\/\/protectiva.de\/wp-content\/uploads\/2025\/03\/4AC4.jpg\",\"datePublished\":\"2025-03-27T08:46:48+00:00\",\"dateModified\":\"2025-07-27T12:30:55+00:00\",\"breadcrumb\":{\"@id\":\"https:\/\/protectiva.de\/?product=type-4-steam-chemical-indicator-2#breadcrumb\"},\"inLanguage\":\"de\",\"potentialAction\":[{\"@type\":\"ReadAction\",\"target\":[\"https:\/\/protectiva.de\/?product=type-4-steam-chemical-indicator-2\"]}]},{\"@type\":\"ImageObject\",\"inLanguage\":\"de\",\"@id\":\"https:\/\/protectiva.de\/?product=type-4-steam-chemical-indicator-2#primaryimage\",\"url\":\"https:\/\/protectiva.de\/wp-content\/uploads\/2025\/03\/4AC4.jpg\",\"contentUrl\":\"https:\/\/protectiva.de\/wp-content\/uploads\/2025\/03\/4AC4.jpg\",\"width\":1000,\"height\":1000},{\"@type\":\"BreadcrumbList\",\"@id\":\"https:\/\/protectiva.de\/?product=type-4-steam-chemical-indicator-2#breadcrumb\",\"itemListElement\":[{\"@type\":\"ListItem\",\"position\":1,\"name\":\"Home\",\"item\":\"https:\/\/protectiva.de\/\"},{\"@type\":\"ListItem\",\"position\":2,\"name\":\"All Products\",\"item\":\"https:\/\/protectiva.de\/shop\/\"},{\"@type\":\"ListItem\",\"position\":3,\"name\":\"Type 4 Steam Chemical Indicator\"}]},{\"@type\":\"WebSite\",\"@id\":\"https:\/\/protectiva.de\/#website\",\"url\":\"https:\/\/protectiva.de\/\",\"name\":\"Protectiva\",\"description\":\"Innovative Medical Solutions Protectiva.de bietet hochwertige medizinische und Hygieneprodukte. Zuverl\u00e4ssige Schutzausr\u00fcstung, Sterilisationsl\u00f6sungen und Gesundheitsversorgung gem\u00e4\u00df CE- und ISO-Standards f\u00fcr Krankenh\u00e4user und Kliniken. Die ideale Wahl f\u00fcr sichere und komfortable Gesundheitsumgebungen.\",\"publisher\":{\"@id\":\"https:\/\/protectiva.de\/#organization\"},\"potentialAction\":[{\"@type\":\"SearchAction\",\"target\":{\"@type\":\"EntryPoint\",\"urlTemplate\":\"https:\/\/protectiva.de\/?s={search_term_string}\"},\"query-input\":{\"@type\":\"PropertyValueSpecification\",\"valueRequired\":true,\"valueName\":\"search_term_string\"}}],\"inLanguage\":\"de\"},{\"@type\":\"Organization\",\"@id\":\"https:\/\/protectiva.de\/#organization\",\"name\":\"Protectiva\",\"url\":\"https:\/\/protectiva.de\/\",\"logo\":{\"@type\":\"ImageObject\",\"inLanguage\":\"de\",\"@id\":\"https:\/\/protectiva.de\/#\/schema\/logo\/image\/\",\"url\":\"https:\/\/protectiva.de\/wp-content\/uploads\/2025\/03\/logo-protectiva-son-hali.png\",\"contentUrl\":\"https:\/\/protectiva.de\/wp-content\/uploads\/2025\/03\/logo-protectiva-son-hali.png\",\"width\":1140,\"height\":585,\"caption\":\"Protectiva\"},\"image\":{\"@id\":\"https:\/\/protectiva.de\/#\/schema\/logo\/image\/\"}}]}<\/script>\n<!-- \/ Yoast SEO plugin. -->","yoast_head_json":{"title":"Type 4 Steam Chemical Indicator - Protectiva.pl \u2013 Professionelle Medizinische und Hygieneprodukte | CE- &amp; ISO-zertifiziert","robots":{"index":"index","follow":"follow","max-snippet":"max-snippet:-1","max-image-preview":"max-image-preview:large","max-video-preview":"max-video-preview:-1"},"canonical":"https:\/\/protectiva.de\/de\/?product=type-4-steam-chemical-indicator-2","og_locale":"de_DE","og_type":"article","og_title":"Type 4 Steam Chemical Indicator - Protectiva.pl \u2013 Professionelle Medizinische und Hygieneprodukte | CE- &amp; ISO-zertifiziert","og_description":"Data Sheet  4AC4  Type 4 Steam Chemical Indicators are the indicators used inside sterilization packages during the steam sterilization and when multi parameters are obtained, the color turns into its referance color. 4A Type 4 Steam Chemical Indicators allow the end user to identify incorrect packaging, loading problems and sterilization failures. Besides standard Type 4 Steam Chemical Indicator we also have Self Adhesive Type 4 Steam Chemical Indicator with self adhesive feature on the back for easier documentation as well as Perforated Type 4 Steam Chemical Indicator Note: Products can be produced with your trademark.","og_url":"https:\/\/protectiva.de\/de\/?product=type-4-steam-chemical-indicator-2","og_site_name":"Protectiva.pl \u2013 Professionelle Medizinische und Hygieneprodukte | CE- &amp; ISO-zertifiziert","article_modified_time":"2025-07-27T12:30:55+00:00","og_image":[{"width":1000,"height":1000,"url":"https:\/\/protectiva.de\/wp-content\/uploads\/2025\/03\/4AC4.jpg","type":"image\/jpeg"}],"twitter_card":"summary_large_image","twitter_misc":{"Gesch\u00e4tzte Lesezeit":"1\u00a0Minute"},"schema":{"@context":"https:\/\/schema.org","@graph":[{"@type":"WebPage","@id":"https:\/\/protectiva.de\/?product=type-4-steam-chemical-indicator-2","url":"https:\/\/protectiva.de\/?product=type-4-steam-chemical-indicator-2","name":"Type 4 Steam Chemical Indicator - Protectiva.pl \u2013 Professionelle Medizinische und Hygieneprodukte | CE- &amp; ISO-zertifiziert","isPartOf":{"@id":"https:\/\/protectiva.de\/#website"},"primaryImageOfPage":{"@id":"https:\/\/protectiva.de\/?product=type-4-steam-chemical-indicator-2#primaryimage"},"image":{"@id":"https:\/\/protectiva.de\/?product=type-4-steam-chemical-indicator-2#primaryimage"},"thumbnailUrl":"https:\/\/protectiva.de\/wp-content\/uploads\/2025\/03\/4AC4.jpg","datePublished":"2025-03-27T08:46:48+00:00","dateModified":"2025-07-27T12:30:55+00:00","breadcrumb":{"@id":"https:\/\/protectiva.de\/?product=type-4-steam-chemical-indicator-2#breadcrumb"},"inLanguage":"de","potentialAction":[{"@type":"ReadAction","target":["https:\/\/protectiva.de\/?product=type-4-steam-chemical-indicator-2"]}]},{"@type":"ImageObject","inLanguage":"de","@id":"https:\/\/protectiva.de\/?product=type-4-steam-chemical-indicator-2#primaryimage","url":"https:\/\/protectiva.de\/wp-content\/uploads\/2025\/03\/4AC4.jpg","contentUrl":"https:\/\/protectiva.de\/wp-content\/uploads\/2025\/03\/4AC4.jpg","width":1000,"height":1000},{"@type":"BreadcrumbList","@id":"https:\/\/protectiva.de\/?product=type-4-steam-chemical-indicator-2#breadcrumb","itemListElement":[{"@type":"ListItem","position":1,"name":"Home","item":"https:\/\/protectiva.de\/"},{"@type":"ListItem","position":2,"name":"All Products","item":"https:\/\/protectiva.de\/shop\/"},{"@type":"ListItem","position":3,"name":"Type 4 Steam Chemical Indicator"}]},{"@type":"WebSite","@id":"https:\/\/protectiva.de\/#website","url":"https:\/\/protectiva.de\/","name":"Protectiva","description":"Innovative Medical Solutions Protectiva.de bietet hochwertige medizinische und Hygieneprodukte. Zuverl\u00e4ssige Schutzausr\u00fcstung, Sterilisationsl\u00f6sungen und Gesundheitsversorgung gem\u00e4\u00df CE- und ISO-Standards f\u00fcr Krankenh\u00e4user und Kliniken. Die ideale Wahl f\u00fcr sichere und komfortable Gesundheitsumgebungen.","publisher":{"@id":"https:\/\/protectiva.de\/#organization"},"potentialAction":[{"@type":"SearchAction","target":{"@type":"EntryPoint","urlTemplate":"https:\/\/protectiva.de\/?s={search_term_string}"},"query-input":{"@type":"PropertyValueSpecification","valueRequired":true,"valueName":"search_term_string"}}],"inLanguage":"de"},{"@type":"Organization","@id":"https:\/\/protectiva.de\/#organization","name":"Protectiva","url":"https:\/\/protectiva.de\/","logo":{"@type":"ImageObject","inLanguage":"de","@id":"https:\/\/protectiva.de\/#\/schema\/logo\/image\/","url":"https:\/\/protectiva.de\/wp-content\/uploads\/2025\/03\/logo-protectiva-son-hali.png","contentUrl":"https:\/\/protectiva.de\/wp-content\/uploads\/2025\/03\/logo-protectiva-son-hali.png","width":1140,"height":585,"caption":"Protectiva"},"image":{"@id":"https:\/\/protectiva.de\/#\/schema\/logo\/image\/"}}]}},"_links":{"self":[{"href":"https:\/\/protectiva.de\/de\/wp-json\/wp\/v2\/product\/18456","targetHints":{"allow":["GET"]}}],"collection":[{"href":"https:\/\/protectiva.de\/de\/wp-json\/wp\/v2\/product"}],"about":[{"href":"https:\/\/protectiva.de\/de\/wp-json\/wp\/v2\/types\/product"}],"replies":[{"embeddable":true,"href":"https:\/\/protectiva.de\/de\/wp-json\/wp\/v2\/comments?post=18456"}],"wp:featuredmedia":[{"embeddable":true,"href":"https:\/\/protectiva.de\/de\/wp-json\/wp\/v2\/media\/18182"}],"wp:attachment":[{"href":"https:\/\/protectiva.de\/de\/wp-json\/wp\/v2\/media?parent=18456"}],"wp:term":[{"taxonomy":"product_brand","embeddable":true,"href":"https:\/\/protectiva.de\/de\/wp-json\/wp\/v2\/product_brand?post=18456"},{"taxonomy":"product_cat","embeddable":true,"href":"https:\/\/protectiva.de\/de\/wp-json\/wp\/v2\/product_cat?post=18456"},{"taxonomy":"product_tag","embeddable":true,"href":"https:\/\/protectiva.de\/de\/wp-json\/wp\/v2\/product_tag?post=18456"}],"curies":[{"name":"wp","href":"https:\/\/api.w.org\/{rel}","templated":true}]}}