{"id":17827,"date":"2025-03-25T13:26:16","date_gmt":"2025-03-25T13:26:16","guid":{"rendered":"https:\/\/protectiva.pl\/product\/adult-underpad\/"},"modified":"2025-03-28T19:11:24","modified_gmt":"2025-03-28T19:11:24","slug":"unterlage-fur-erwachsene","status":"publish","type":"product","link":"https:\/\/protectiva.de\/de\/produkt\/unterlage-fur-erwachsene\/","title":{"rendered":"Unterlage f\u00fcr Erwachsene"},"content":{"rendered":"<p>Produktcode: 152.03.01.01.01442<\/p>\n<h1>\u00a0ABSCHNITT 1: IDENTIFIZIERUNG DES STOFFS\/GEMISCHS UND DES UNTERNEHMENS<\/h1>\n<ul>\n<li><strong><u>Produkt<\/u><\/strong> <strong><u>Kennung<\/u><\/strong> <strong><u>Handel <\/u><\/strong><strong><u>Name:<\/u><\/strong> Bettlaken\/Wickelunterlage f\u00fcr Babywindeln<\/li>\n<li><\/li>\n<\/ul>\n<ul>\n<li><strong><u>Relevant<\/u><\/strong> <strong><u>identifizierte Verwendungen<\/u><\/strong><strong><u> des Stoffs oder Gemischs und Verwendungen, von denen abgeraten wird<\/u><\/strong> <strong>Identifiziert<\/strong> <strong>Anwendungsgebiete:<\/strong> Bettlaken\/Wickelunterlage f\u00fcr Babywindeln<\/li>\n<\/ul>\n<h1>\u00a0ABSCHNITT 2: GEFAHRENIDENTIFIZIERUNG<\/h1>\n<ul>\n<li><strong>Klassifizierung von<\/strong><strong> des Stoffs oder Gemischs Einstufung gem\u00e4\u00df Verordnung (EG) Nr. 1272\/2008 <\/strong>Ungef\u00e4hrlich<\/li>\n<li><strong>Etikett<\/strong><strong> Elemente Gefahrenpiktogramme: <\/strong>Keiner <strong>Signal<\/strong> <strong>Wort:<\/strong> Keiner <strong>Gefahrenhinweise: <\/strong>Keiner <strong>Sicherheitshinweise<\/strong><\/li>\n<li><strong>Andere<\/strong> <strong>Gefahren<\/strong><\/li>\n<\/ul>\n<p><strong>Ergebnisse<\/strong><strong> der PBT- und vPvB-Beurteilung: PBT- <\/strong>Nicht zutreffend.<\/p>\n<p><strong>vPvB-<\/strong> Nicht zutreffend.<\/p>\n<h1>\u00a0ABSCHNITT 3: ZUSAMMENSETZUNG\/ANGABEN ZU DEN BESTANDTEILEN<\/h1>\n<ul>\n<li><strong>Substanzen<\/strong><\/li>\n<\/ul>\n<table>\n<tbody>\n<tr>\n<td width=\"217\"><strong>SUBSTANZEN<\/strong><\/td>\n<td width=\"95\"><strong>CAS-NUMMER<\/strong><\/td>\n<td width=\"113\"><strong>EINECS\/ELICS<\/strong> <strong>NUMMER<\/strong><\/td>\n<td width=\"235\"><strong>GEFAHR <\/strong><strong>STELLUNGNAHME<\/strong> <strong>CODE(S)<\/strong><\/td>\n<\/tr>\n<tr>\n<td width=\"217\"><strong>\u00a0<\/strong><\/p>\n<p>ZELLULOSE (FLUFF)<\/td>\n<td width=\"95\"><strong>\u00a0<\/strong><\/p>\n<p>65996-61-4<\/td>\n<td width=\"113\"><strong>\u00a0<\/strong><\/p>\n<p>&#8211;<\/td>\n<td width=\"235\"><em>Nach <\/em><em>Bei der Mehrzahl der Meldungen, die Unternehmen im Rahmen von CLP-Meldungen an die ECHA \u00fcbermittelt haben, wurden keine Gefahren eingestuft.<\/em><\/td>\n<\/tr>\n<tr>\n<td width=\"217\">VLIES (TS)<\/td>\n<td width=\"95\">&#8211;<\/td>\n<td width=\"113\">&#8211;<\/td>\n<td width=\"235\"><em>Nicht<\/em><em> klassifiziert<\/em><\/td>\n<\/tr>\n<tr>\n<td width=\"217\">BS<\/td>\n<td width=\"95\">&#8211;<\/td>\n<td width=\"113\">&#8211;<\/td>\n<td width=\"235\"><em>Nicht<\/em><em> klassifiziert<\/em><\/td>\n<\/tr>\n<tr>\n<td width=\"217\">HEISSSCHMELZ<\/td>\n<td width=\"95\">&#8211;<\/td>\n<td width=\"113\">&#8211;<\/td>\n<td width=\"235\"><em>Nicht<\/em><em> klassifiziert<\/em><\/td>\n<\/tr>\n<\/tbody>\n<\/table>\n<p>&nbsp;<\/p>\n<p><strong>TS: <\/strong>Oberschicht<\/p>\n<p><strong>BS: <\/strong>R\u00dcCKSEITE<\/p>\n<h1>3.2. Gemische:<\/h1>\n<p>N \/ A<\/p>\n<h1>\u00a0ABSCHNITT 4: ERSTE-HILFE-MASSNAHMEN<\/h1>\n<p><strong>Augenkontakt: <\/strong>Es sind keine gesundheitlichen Auswirkungen zu erwarten. <strong>Haut<\/strong> <strong>Kontakt<\/strong><strong> : <\/strong>Es sind keine gesundheitlichen Auswirkungen zu erwarten. <strong>Einatmen : <\/strong>Es sind keine gesundheitlichen Auswirkungen zu erwarten.<\/p>\n<p><strong>Verschlucken<\/strong> <strong>: <\/strong>Bei Unwohlsein \u00e4rztlichen Rat einholen.<\/p>\n<h1>\u00a0ABSCHNITT 5: BRANDBEK\u00c4MPFUNGSMASSNAHMEN<\/h1>\n<p><strong>Selbstentz\u00fcndung<\/strong> <strong>Temperatur<\/strong> <strong>: <\/strong>Nicht zutreffend.<\/p>\n<p><strong>Blitz<\/strong> <strong>Punkt<\/strong> <strong>: <\/strong>Nicht zutreffend.<\/p>\n<p><strong>Entz\u00fcndlich<\/strong> <strong>Grenzen<\/strong> <strong>(UEG)<\/strong> <strong>\/ UEL) : <\/strong>Nicht zutreffend.<\/p>\n<h1>Spezielle Schutzausr\u00fcstung f\u00fcr Feuerwehrleute<\/h1>\n<p>Feuerwehrleute m\u00fcssen Schutzausr\u00fcstung und ein umluftunabh\u00e4ngiges Atemschutzger\u00e4t mit Vollmaske tragen, das im \u00dcberdruckmodus betrieben wird.<\/p>\n<p>&nbsp;<\/p>\n<h1>\u00a0ABSCHNITT 6: MASSNAHMEN BEI UNBEABSICHTIGTER FREISETZUNG<\/h1>\n<p>Ma\u00dfnahmen bei unbeabsichtigter Freisetzung: Nicht anwendbar.<\/p>\n<h1>\u00a0ABSCHNITT 7: HANDHABUNG UND LAGERUNG<\/h1>\n<p><strong>Handhabung <\/strong><strong>: <\/strong>Keine besonderen Verfahren erforderlich.<\/p>\n<p><strong>Lagerung : <\/strong>An einem k\u00fchlen, trockenen Ort aufbewahren und vor direkter Sonneneinstrahlung sch\u00fctzen.<\/p>\n<h1>\u00a0ABSCHNITT 8: EXPOSITIONSBEGRENZUNG\/PERS\u00d6NLICHE SCHUTZAUSR\u00dcSTUNG<\/h1>\n<p><strong>Bel\u00fcftung<\/strong> <strong>: <\/strong>Normalerweise ist keine spezielle Bel\u00fcftung erforderlich.<\/p>\n<p><strong>Atemwege<\/strong> <strong>Schutz<\/strong> <strong>: <\/strong>Normalerweise ist keine pers\u00f6nliche Atemschutzausr\u00fcstung erforderlich.<\/p>\n<p><strong>Schutz<\/strong> <strong>Handschuhe<\/strong> <strong>: <\/strong>Nicht erforderlich.<\/p>\n<p><strong>Augenschutz : <\/strong>F\u00fcr den normalen Gebrauch ist keines erforderlich.<\/p>\n<p><strong>Exposition durch Beruf<\/strong> <strong>Bedienelemente <\/strong><strong>: <\/strong>Bei normaler Handhabung oder Verwendung durch den Verbraucher sind keine Kontrollen erforderlich.<\/p>\n<h1>\u00a0ABSCHNITT 9: PHYSIKALISCHE UND CHEMISCHE EIGENSCHAFTEN <strong>e : <\/strong>Solide<\/h1>\n<p><strong>Geruch<\/strong> <strong>: <\/strong>Besonderer Geruch<\/p>\n<p><strong>Selbstentz\u00fcndungstemperatur<\/strong> <strong>: <\/strong>Nicht zutreffend <strong>Explosionsgrenzen (UEG \/ OEG): <\/strong>Nicht zutreffend <strong>pH-Wert: <\/strong>Nicht zutreffend<\/p>\n<p><strong>Schmelzen<\/strong> <strong>Punkt<\/strong><strong> : <\/strong>Nicht zutreffend <strong>Viskosit\u00e4t: <\/strong>Nicht zutreffend <strong>Wasserl\u00f6slichkeit: <\/strong>Nicht l\u00f6slich <strong>Siedepunkt: <\/strong>Nicht zutreffend <strong>Flammpunkt : <\/strong>Nicht zutreffend<\/p>\n<p><strong>Explosiv<\/strong> <strong>Eigenschaften <\/strong><strong>: <\/strong>Nicht zutreffend<\/p>\n<p><strong>Dampfdruck<\/strong> <strong>: <\/strong>Nicht zutreffend<\/p>\n<h1>9.2. Sonstige Informationen<\/h1>\n<p>Keine weiteren relevanten Informationen verf\u00fcgbar.<\/p>\n<h1>\u00a0ABSCHNITT 10: STABILIT\u00c4T UND REAKTIVIT\u00c4T<\/h1>\n<p><strong>Stabilit\u00e4t<\/strong><strong> : <\/strong>Stabil<\/p>\n<p><strong>Materialien<\/strong> <strong>und Bedingungen<\/strong><strong> Zu<\/strong><strong> Vermeiden <\/strong><strong>: <\/strong>Die Hitzetemperatur darf 250 \u00b0C nicht \u00fcberschreiten. \u00dcber 250 \u00b0C kann freigesetzt werden<\/p>\n<p>giftige und brennbare Gase, Kohlenmonoxid, Kohlendioxid.<\/p>\n<p><strong>Gef\u00e4hrliche Zersetzung: <\/strong>Unter den empfohlenen Verwendungsbedingungen sind keine gef\u00e4hrlichen Zersetzungsprodukte zu erwarten. Gef\u00e4hrliche Zersetzungsprodukte k\u00f6nnen durch Oxidation, Erhitzung oder Reaktion mit anderen Materialien entstehen.<\/p>\n<h1>\u00a0ABSCHNITT 11: TOXIKOLOGISCHE INFORMATIONEN<\/h1>\n<p>Unter normalen Bedingungen sind keine toxischen Reaktionen bekannt.<\/p>\n<h1>\u00a0ABSCHNITT 12: \u00d6KOLOGISCHE INFORMATIONEN<\/h1>\n<p>Da dieses Material auf \u00e4hnlichen Substanzen basiert, ist davon auszugehen, dass es im Wesentlichen nicht biologisch abbaubar ist.<\/p>\n<p>Die Inhaltsstoffe des Produkts gelten in den Konzentrationen als sicher f\u00fcr die Umwelt, da die vorhergesagten Komponenten mit den herk\u00f6mmlichen Verfahren zur Feststoffabfallbewirtschaftung kompatibel sind.<\/p>\n<h1>\u00a0ABSCHNITT 13: HINWEISE ZUR ENTSORGUNG<\/h1>\n<p>Entsorgen Sie es gem\u00e4\u00df allen geltenden Vorschriften.<\/p>\n<h1>\u00a0ABSCHNITT 14: TRANSPORTINFORMATIONEN<\/h1>\n<p><strong><u>ADR \/ IATA \/ IMDG<\/u><\/strong><\/p>\n<ul>\n<li><strong>UN<\/strong> <strong>Nummer<\/strong><\/li>\n<\/ul>\n<p>Kein Sondertransport erforderlich<\/p>\n<h1>14.2 Ordnungsgem\u00e4\u00dfe UN-Versandbezeichnung<\/h1>\n<p>Kein Sondertransport erforderlich<\/p>\n<h1>14.3. Transportgefahrenklassen<\/h1>\n<p>Kein Sondertransport erforderlich<\/p>\n<h1>14.4 Verpackungsgruppe<\/h1>\n<p>Kein Sondertransport erforderlich<\/p>\n<h1>14.5. Umweltgefahren<\/h1>\n<p>Keiner<\/p>\n<h1>14.6 Besondere Vorsichtsma\u00dfnahmen f\u00fcr den Anwender<\/h1>\n<p>Keiner<\/p>\n<h1>14.7. Massengutbef\u00f6rderung gem\u00e4\u00df Anlage II des Marpol-\u00dcbereinkommens und dem IBC-Code<\/h1>\n<p>Nicht zutreffend.<\/p>\n<h1>\u00a0ABSCHNITT 15: ZUS\u00c4TZLICHE RECHTSVORSCHRIFTEN<\/h1>\n<p><strong>15.1.<\/strong><strong> Sicherheits-, Gesundheits- und Umweltschutzbestimmungen\/spezifische Rechtsvorschriften f\u00fcr den Stoff oder das Gemisch<\/strong><\/p>\n<ul>\n<li>VERORDNUNG (EG) Nr. 1272\/2008 des Europ\u00e4ischen Parlaments und des Rates vom 16. Dezember 2008 \u00fcber die Einstufung, Kennzeichnung und Verpackung von Stoffen und Gemischen, zur \u00c4nderung und Aufhebung der Richtlinien 67\/548\/EWG und 1999\/45\/EG und zur \u00c4nderung der Verordnung (EG) Nr. 1907\/2006.<\/li>\n<li>VERORDNUNG (EU) 2020\/878 DER KOMMISSION vom 18. Juni 2020 zur \u00c4nderung von Anhang II der Verordnung (EG) Nr. 1907\/2006 des Europ\u00e4ischen Parlaments und des Rates zur Registrierung, Bewertung, Zulassung und Beschr\u00e4nkung chemischer Stoffe (REACH)<\/li>\n<\/ul>\n<h1>\u00a0ABSCHNITT 16: SONSTIGE INFORMATIONEN<\/h1>\n<p>Diese Informationen dienen ausschlie\u00dflich Dokumentationszwecken.<\/p>\n<p>Unter normalen Verwendungsbedingungen gilt dieses Produkt nicht als gef\u00e4hrlich.<\/p>\n<p>Die gesamte Bandbreite der Bedingungen und Verwendungsmethoden liegt au\u00dferhalb unserer Kontrolle. Daher \u00fcbernehmen wir keine Verantwortung und lehnen ausdr\u00fccklich jegliche Haftung f\u00fcr die Verwendung dieses Produkts ab. Die hierin enthaltenen Informationen gelten nach bestem Wissen und Gewissen. Alle Angaben und Vorschl\u00e4ge erfolgen jedoch ohne ausdr\u00fcckliche oder stillschweigende Gew\u00e4hrleistung hinsichtlich der Richtigkeit der Informationen, der mit der Verwendung des Materials verbundenen Gefahren oder der durch dessen Verwendung erzielten Ergebnisse. Die Einhaltung aller geltenden Bundes-, Landes- und Kommunalgesetze sowie der \u00f6rtlichen Vorschriften liegt in der Verantwortung des Anwenders. Dieses Sicherheitsdatenblatt kann nicht alle m\u00f6glichen Situationen abdecken, die w\u00e4hrend der Verarbeitung auftreten k\u00f6nnen. Jeder Aspekt Ihres Betriebs sollte gepr\u00fcft werden, um festzustellen, ob oder wo zus\u00e4tzliche Vorsichtsma\u00dfnahmen erforderlich sind. Alle in diesem Bulletin enthaltenen Gesundheits- und Sicherheitsinformationen sollten Ihren Mitarbeitern zur Verf\u00fcgung gestellt werden.<\/p>\n<p><strong>Zertifikat<\/strong> <strong>NEIN.: <\/strong>T\u00dcV\/11.06.11<\/p>\n<table style=\"height: 88px\" border=\"0\" width=\"794\">\n<thead>\n<tr>\n<th>Produktcode<\/th>\n<th>Produktname<\/th>\n<th>MENGE<\/th>\n<th>Gr\u00f6\u00dfe<\/th>\n<\/tr>\n<\/thead>\n<tbody>\n<tr>\n<td>152.03.01.01.01443<\/td>\n<td><\/td>\n<td>10x<\/td>\n<td>60x90cm<\/td>\n<\/tr>\n<tr>\n<td>152.03.01.02.01444<\/td>\n<td><\/td>\n<td>30x<\/td>\n<td>60x90cm<\/td>\n<\/tr>\n<\/tbody>\n<\/table>\n<p>&nbsp;<\/p>\n<p>&nbsp;<\/p>\n<p>&nbsp;<\/p>\n<p>&nbsp;<\/p>","protected":false},"excerpt":{"rendered":"<ul>\n<li>Datenblatt<\/li>\n<li><a href=\"https:\/\/protectiva.de\/wp-content\/uploads\/2025\/03\/152.03.01.01.01442.pdf\">152.03.01.01.01442<\/a><\/li>\n<\/ul>","protected":false},"featured_media":18231,"comment_status":"open","ping_status":"closed","template":"","meta":[],"product_brand":[],"product_cat":[81,165],"product_tag":[],"class_list":{"0":"post-17827","1":"product","2":"type-product","3":"status-publish","4":"has-post-thumbnail","6":"product_cat-higiene","7":"product_cat-inpatient-care","9":"first","10":"instock","11":"shipping-taxable","12":"product-type-grouped"},"yoast_head":"<!-- This site is optimized with the Yoast SEO plugin v26.2 - https:\/\/yoast.com\/wordpress\/plugins\/seo\/ -->\n<title>Adult Underpad - Protectiva.pl \u2013 Professionelle Medizinische und Hygieneprodukte | CE- &amp; ISO-zertifiziert<\/title>\n<meta name=\"robots\" content=\"index, follow, max-snippet:-1, max-image-preview:large, max-video-preview:-1\" \/>\n<link rel=\"canonical\" href=\"https:\/\/protectiva.de\/de\/?product=adult-underpad\" \/>\n<meta property=\"og:locale\" content=\"de_DE\" \/>\n<meta property=\"og:type\" content=\"article\" \/>\n<meta property=\"og:title\" content=\"Adult Underpad - Protectiva.pl \u2013 Professionelle Medizinische und Hygieneprodukte | CE- &amp; ISO-zertifiziert\" \/>\n<meta property=\"og:description\" content=\"Data Sheet  152.03.01.01.01442\" \/>\n<meta property=\"og:url\" content=\"https:\/\/protectiva.de\/de\/?product=adult-underpad\" \/>\n<meta property=\"og:site_name\" content=\"Protectiva.pl \u2013 Professionelle Medizinische und Hygieneprodukte | CE- &amp; ISO-zertifiziert\" \/>\n<meta property=\"article:modified_time\" content=\"2025-03-28T19:11:24+00:00\" \/>\n<meta property=\"og:image\" content=\"https:\/\/protectiva.de\/wp-content\/uploads\/2025\/03\/152.03.01.01.01442.jpg\" \/>\n\t<meta property=\"og:image:width\" content=\"462\" \/>\n\t<meta property=\"og:image:height\" content=\"384\" \/>\n\t<meta property=\"og:image:type\" content=\"image\/jpeg\" \/>\n<meta name=\"twitter:card\" content=\"summary_large_image\" \/>\n<meta name=\"twitter:label1\" content=\"Gesch\u00e4tzte Lesezeit\" \/>\n\t<meta name=\"twitter:data1\" content=\"4\u00a0Minuten\" \/>\n<script type=\"application\/ld+json\" class=\"yoast-schema-graph\">{\"@context\":\"https:\/\/schema.org\",\"@graph\":[{\"@type\":\"WebPage\",\"@id\":\"https:\/\/protectiva.de\/?product=adult-underpad\",\"url\":\"https:\/\/protectiva.de\/?product=adult-underpad\",\"name\":\"Adult Underpad - Protectiva.pl \u2013 Professionelle Medizinische und Hygieneprodukte | CE- &amp; ISO-zertifiziert\",\"isPartOf\":{\"@id\":\"https:\/\/protectiva.de\/#website\"},\"primaryImageOfPage\":{\"@id\":\"https:\/\/protectiva.de\/?product=adult-underpad#primaryimage\"},\"image\":{\"@id\":\"https:\/\/protectiva.de\/?product=adult-underpad#primaryimage\"},\"thumbnailUrl\":\"https:\/\/protectiva.de\/wp-content\/uploads\/2025\/03\/152.03.01.01.01442.jpg\",\"datePublished\":\"2025-03-25T13:26:16+00:00\",\"dateModified\":\"2025-03-28T19:11:24+00:00\",\"breadcrumb\":{\"@id\":\"https:\/\/protectiva.de\/?product=adult-underpad#breadcrumb\"},\"inLanguage\":\"de\",\"potentialAction\":[{\"@type\":\"ReadAction\",\"target\":[\"https:\/\/protectiva.de\/?product=adult-underpad\"]}]},{\"@type\":\"ImageObject\",\"inLanguage\":\"de\",\"@id\":\"https:\/\/protectiva.de\/?product=adult-underpad#primaryimage\",\"url\":\"https:\/\/protectiva.de\/wp-content\/uploads\/2025\/03\/152.03.01.01.01442.jpg\",\"contentUrl\":\"https:\/\/protectiva.de\/wp-content\/uploads\/2025\/03\/152.03.01.01.01442.jpg\",\"width\":462,\"height\":384},{\"@type\":\"BreadcrumbList\",\"@id\":\"https:\/\/protectiva.de\/?product=adult-underpad#breadcrumb\",\"itemListElement\":[{\"@type\":\"ListItem\",\"position\":1,\"name\":\"Home\",\"item\":\"https:\/\/protectiva.de\/\"},{\"@type\":\"ListItem\",\"position\":2,\"name\":\"All Products\",\"item\":\"https:\/\/protectiva.de\/shop\/\"},{\"@type\":\"ListItem\",\"position\":3,\"name\":\"Adult Underpad\"}]},{\"@type\":\"WebSite\",\"@id\":\"https:\/\/protectiva.de\/#website\",\"url\":\"https:\/\/protectiva.de\/\",\"name\":\"Protectiva\",\"description\":\"Innovative Medical Solutions Protectiva.de bietet hochwertige medizinische und Hygieneprodukte. Zuverl\u00e4ssige Schutzausr\u00fcstung, Sterilisationsl\u00f6sungen und Gesundheitsversorgung gem\u00e4\u00df CE- und ISO-Standards f\u00fcr Krankenh\u00e4user und Kliniken. Die ideale Wahl f\u00fcr sichere und komfortable Gesundheitsumgebungen.\",\"publisher\":{\"@id\":\"https:\/\/protectiva.de\/#organization\"},\"potentialAction\":[{\"@type\":\"SearchAction\",\"target\":{\"@type\":\"EntryPoint\",\"urlTemplate\":\"https:\/\/protectiva.de\/?s={search_term_string}\"},\"query-input\":{\"@type\":\"PropertyValueSpecification\",\"valueRequired\":true,\"valueName\":\"search_term_string\"}}],\"inLanguage\":\"de\"},{\"@type\":\"Organization\",\"@id\":\"https:\/\/protectiva.de\/#organization\",\"name\":\"Protectiva\",\"url\":\"https:\/\/protectiva.de\/\",\"logo\":{\"@type\":\"ImageObject\",\"inLanguage\":\"de\",\"@id\":\"https:\/\/protectiva.de\/#\/schema\/logo\/image\/\",\"url\":\"https:\/\/protectiva.de\/wp-content\/uploads\/2025\/03\/logo-protectiva-son-hali.png\",\"contentUrl\":\"https:\/\/protectiva.de\/wp-content\/uploads\/2025\/03\/logo-protectiva-son-hali.png\",\"width\":1140,\"height\":585,\"caption\":\"Protectiva\"},\"image\":{\"@id\":\"https:\/\/protectiva.de\/#\/schema\/logo\/image\/\"}}]}<\/script>\n<!-- \/ Yoast SEO plugin. -->","yoast_head_json":{"title":"Adult Underpad - Protectiva.pl \u2013 Professionelle Medizinische und Hygieneprodukte | CE- &amp; ISO-zertifiziert","robots":{"index":"index","follow":"follow","max-snippet":"max-snippet:-1","max-image-preview":"max-image-preview:large","max-video-preview":"max-video-preview:-1"},"canonical":"https:\/\/protectiva.de\/de\/?product=adult-underpad","og_locale":"de_DE","og_type":"article","og_title":"Adult Underpad - Protectiva.pl \u2013 Professionelle Medizinische und Hygieneprodukte | CE- &amp; ISO-zertifiziert","og_description":"Data Sheet  152.03.01.01.01442","og_url":"https:\/\/protectiva.de\/de\/?product=adult-underpad","og_site_name":"Protectiva.pl \u2013 Professionelle Medizinische und Hygieneprodukte | CE- &amp; ISO-zertifiziert","article_modified_time":"2025-03-28T19:11:24+00:00","og_image":[{"width":462,"height":384,"url":"https:\/\/protectiva.de\/wp-content\/uploads\/2025\/03\/152.03.01.01.01442.jpg","type":"image\/jpeg"}],"twitter_card":"summary_large_image","twitter_misc":{"Gesch\u00e4tzte Lesezeit":"4\u00a0Minuten"},"schema":{"@context":"https:\/\/schema.org","@graph":[{"@type":"WebPage","@id":"https:\/\/protectiva.de\/?product=adult-underpad","url":"https:\/\/protectiva.de\/?product=adult-underpad","name":"Adult Underpad - Protectiva.pl \u2013 Professionelle Medizinische und Hygieneprodukte | CE- &amp; ISO-zertifiziert","isPartOf":{"@id":"https:\/\/protectiva.de\/#website"},"primaryImageOfPage":{"@id":"https:\/\/protectiva.de\/?product=adult-underpad#primaryimage"},"image":{"@id":"https:\/\/protectiva.de\/?product=adult-underpad#primaryimage"},"thumbnailUrl":"https:\/\/protectiva.de\/wp-content\/uploads\/2025\/03\/152.03.01.01.01442.jpg","datePublished":"2025-03-25T13:26:16+00:00","dateModified":"2025-03-28T19:11:24+00:00","breadcrumb":{"@id":"https:\/\/protectiva.de\/?product=adult-underpad#breadcrumb"},"inLanguage":"de","potentialAction":[{"@type":"ReadAction","target":["https:\/\/protectiva.de\/?product=adult-underpad"]}]},{"@type":"ImageObject","inLanguage":"de","@id":"https:\/\/protectiva.de\/?product=adult-underpad#primaryimage","url":"https:\/\/protectiva.de\/wp-content\/uploads\/2025\/03\/152.03.01.01.01442.jpg","contentUrl":"https:\/\/protectiva.de\/wp-content\/uploads\/2025\/03\/152.03.01.01.01442.jpg","width":462,"height":384},{"@type":"BreadcrumbList","@id":"https:\/\/protectiva.de\/?product=adult-underpad#breadcrumb","itemListElement":[{"@type":"ListItem","position":1,"name":"Home","item":"https:\/\/protectiva.de\/"},{"@type":"ListItem","position":2,"name":"All Products","item":"https:\/\/protectiva.de\/shop\/"},{"@type":"ListItem","position":3,"name":"Adult Underpad"}]},{"@type":"WebSite","@id":"https:\/\/protectiva.de\/#website","url":"https:\/\/protectiva.de\/","name":"Protectiva","description":"Innovative Medical Solutions Protectiva.de bietet hochwertige medizinische und Hygieneprodukte. Zuverl\u00e4ssige Schutzausr\u00fcstung, Sterilisationsl\u00f6sungen und Gesundheitsversorgung gem\u00e4\u00df CE- und ISO-Standards f\u00fcr Krankenh\u00e4user und Kliniken. Die ideale Wahl f\u00fcr sichere und komfortable Gesundheitsumgebungen.","publisher":{"@id":"https:\/\/protectiva.de\/#organization"},"potentialAction":[{"@type":"SearchAction","target":{"@type":"EntryPoint","urlTemplate":"https:\/\/protectiva.de\/?s={search_term_string}"},"query-input":{"@type":"PropertyValueSpecification","valueRequired":true,"valueName":"search_term_string"}}],"inLanguage":"de"},{"@type":"Organization","@id":"https:\/\/protectiva.de\/#organization","name":"Protectiva","url":"https:\/\/protectiva.de\/","logo":{"@type":"ImageObject","inLanguage":"de","@id":"https:\/\/protectiva.de\/#\/schema\/logo\/image\/","url":"https:\/\/protectiva.de\/wp-content\/uploads\/2025\/03\/logo-protectiva-son-hali.png","contentUrl":"https:\/\/protectiva.de\/wp-content\/uploads\/2025\/03\/logo-protectiva-son-hali.png","width":1140,"height":585,"caption":"Protectiva"},"image":{"@id":"https:\/\/protectiva.de\/#\/schema\/logo\/image\/"}}]}},"_links":{"self":[{"href":"https:\/\/protectiva.de\/de\/wp-json\/wp\/v2\/product\/17827","targetHints":{"allow":["GET"]}}],"collection":[{"href":"https:\/\/protectiva.de\/de\/wp-json\/wp\/v2\/product"}],"about":[{"href":"https:\/\/protectiva.de\/de\/wp-json\/wp\/v2\/types\/product"}],"replies":[{"embeddable":true,"href":"https:\/\/protectiva.de\/de\/wp-json\/wp\/v2\/comments?post=17827"}],"wp:featuredmedia":[{"embeddable":true,"href":"https:\/\/protectiva.de\/de\/wp-json\/wp\/v2\/media\/18231"}],"wp:attachment":[{"href":"https:\/\/protectiva.de\/de\/wp-json\/wp\/v2\/media?parent=17827"}],"wp:term":[{"taxonomy":"product_brand","embeddable":true,"href":"https:\/\/protectiva.de\/de\/wp-json\/wp\/v2\/product_brand?post=17827"},{"taxonomy":"product_cat","embeddable":true,"href":"https:\/\/protectiva.de\/de\/wp-json\/wp\/v2\/product_cat?post=17827"},{"taxonomy":"product_tag","embeddable":true,"href":"https:\/\/protectiva.de\/de\/wp-json\/wp\/v2\/product_tag?post=17827"}],"curies":[{"name":"wp","href":"https:\/\/api.w.org\/{rel}","templated":true}]}}