{"id":17824,"date":"2025-03-25T13:26:15","date_gmt":"2025-03-25T13:26:15","guid":{"rendered":"https:\/\/protectiva.pl\/product\/wet-wipe\/"},"modified":"2025-03-28T19:11:24","modified_gmt":"2025-03-28T19:11:24","slug":"feuchttuch","status":"publish","type":"product","link":"https:\/\/protectiva.de\/de\/produkt\/feuchttuch\/","title":{"rendered":"Feuchttuch"},"content":{"rendered":"<table style=\"height: 154px\" border=\"0\" width=\"738\">\n<thead>\n<tr>\n<th>Produktcode<\/th>\n<th>Produktname<\/th>\n<th>MENGE<\/th>\n<th>Gr\u00f6\u00dfe<\/th>\n<\/tr>\n<\/thead>\n<tbody>\n<tr>\n<td>152.05.03.17.01168<\/td>\n<td>Feuchttuch Aloe Vera<\/td>\n<td>100 x<\/td>\n<td><\/td>\n<\/tr>\n<tr>\n<td>152.05.01.25.01031<\/td>\n<td>Feuchttuch antibakteriell<\/td>\n<td>55 x<\/td>\n<td><\/td>\n<\/tr>\n<tr>\n<td>152.05.01.34.01313<\/td>\n<td>Feuchttuch Wei\u00dfe Seife<\/td>\n<td>72x<\/td>\n<td><\/td>\n<\/tr>\n<tr>\n<td>152.05.02.13.01174<\/td>\n<td>Feuchttuch Kamille<\/td>\n<td>65\/120x<\/td>\n<\/tr>\n<\/tbody>\n<\/table>\n<h1>1.1.<\/h1>\n<table>\n<tbody>\n<tr>\n<td width=\"670\">\n<table width=\"100%\">\n<tbody>\n<tr>\n<td><strong>JOYFUL Baby Feuchtt\u00fccher \u2013 Sensitiv<\/strong><\/td>\n<\/tr>\n<\/tbody>\n<\/table>\n<\/td>\n<\/tr>\n<\/tbody>\n<\/table>\n<h1><u>Produktkennung<\/u><\/h1>\n<p>ONLEM Baby Feuchtt\u00fccher \u2013 Sensitiv<\/p>\n<p>JOYFUL Baby Feuchtt\u00fccher \u2013 Sensitiv<\/p>\n<ul>\n<li><\/li>\n<\/ul>\n<ul>\n<li><strong><u>Relevant<\/u><\/strong> <strong><u>identifizierte Verwendungen<\/u><\/strong> <strong><u>von<\/u><\/strong><strong><u> den Stoff oder das Gemisch und Verwendungen, von denen abgeraten wird<\/u><\/strong> <strong>Identifiziert<\/strong> <strong>Anwendungsgebiete: <\/strong>Kosmetische Verwendung, Babyprodukt, nass<\/li>\n<\/ul>\n<h1><u>1.4. Notrufnummer<\/u><\/h1>\n<ul>\n<li><strong>Klassifizierung von<\/strong><strong> der Stoff oder das Gemisch<\/strong><\/li>\n<\/ul>\n<p>Es handelt sich um ein K\u00f6rperpflege- oder Kosmetikprodukt, das bei bestimmungsgem\u00e4\u00dfer und vorhersehbarer Verwendung f\u00fcr Verbraucher und andere Anwender sicher ist. Weitere Informationen zu toxikologischen Endpunkten sind auf Anfrage beim Lieferanten erh\u00e4ltlich.<\/p>\n<p>Nach Pr\u00fcfung der Angaben zum Produkt und seinen Inhaltsstoffen entspricht dieses Produkt der EG-Verordnung 1223\/2009.<\/p>\n<h1>Einstufung gem\u00e4\u00df Verordnung (EG) Nr. 1272\/2008<\/h1>\n<p>Ungef\u00e4hrlich<\/p>\n<h1>2.2 Kennzeichnungselemente Gefahrenpiktogramme: Keine Signalwort: Keine Gefahrenhinweise: Keine<\/h1>\n<p><strong>Vorsorglich<\/strong> <strong>Aussagen:<\/strong> Keiner<\/p>\n<ul>\n<li><strong>Andere<\/strong> <strong>Gefahren<\/strong><\/li>\n<\/ul>\n<p>*Ungef\u00e4hrlich gem\u00e4\u00df der Verordnung (EG) Nr. 1223\/2009 der Europ\u00e4ischen Kommission und der Cosmetic Ingredients Review.<\/p>\n<h1>\u00a0ABSCHNITT 3: ZUSAMMENSETZUNG\/ANGABEN ZU DEN BESTANDTEILEN<\/h1>\n<ul>\n<li><strong>Substanzen<\/strong><\/li>\n<\/ul>\n<p>Nicht zutreffend<\/p>\n<h1>3.2. Gemische<\/h1>\n<p><strong>Beschreibung: <\/strong>Mehrkomponentenmischung<\/p>\n<h1>Die vollst\u00e4ndige Zutatenliste f\u00fcr das fertige Produkt lautet wie folgt:<\/h1>\n<p>Aqua, Natriumanisat.<\/p>\n<h1>\u00a0ABSCHNITT 4: ERSTE-HILFE-MASSNAHMEN<\/h1>\n<ul>\n<li><strong>Beschreibung von<\/strong><strong> Erste-Hilfe-Ma\u00dfnahmen<\/strong><\/li>\n<\/ul>\n<p><strong>Allgemeine Informationen: <\/strong>Allgemeine Erste Hilfe: Ruhe, warme und frische Luft. Bei Bewusstlosigkeit nichts zu trinken geben. Bei anhaltenden Beschwerden \u00e4rztliche Hilfe hinzuziehen.<\/p>\n<p><strong>Auge: <\/strong>Eventuell vorhandene Kontaktlinsen sofort entfernen und mindestens 15 Minuten lang mit viel Wasser aussp\u00fclen. Gegebenenfalls einen Arzt aufsuchen.<\/p>\n<p><strong>Hautproblem: \u00a0<\/strong>Bei R\u00f6tungen, Brennen oder Juckreiz der Haut mit reichlich Wasser absp\u00fclen. Bei anhaltender Reizung einen Arzt konsultieren und das Produkt nicht verwenden.<\/p>\n<p><strong>Inhalation: <\/strong>Kein erwarteter Expositionsweg. Bei Reizung der Atemwege die betroffene Person an die frische Luft bringen. Bei Bedarf einen Arzt konsultieren.<\/p>\n<p><strong>Verschlucken: <\/strong>Nicht erwarteter Expositionsweg. Bei versehentlichem Verschlucken des Produkts ist m\u00f6glicherweise \u00e4rztliche Hilfe erforderlich. Kein Erbrechen herbeif\u00fchren.<\/p>\n<h1>4.2. Wichtigste akute und verz\u00f6gert auftretende Symptome und Wirkungen<\/h1>\n<p>Es liegen keine weiteren Informationen vor.<\/p>\n<h1>4.3 Hinweise auf \u00e4rztliche Soforthilfe oder Spezialbehandlung<\/h1>\n<p>Es liegen keine weiteren Informationen vor.<\/p>\n<h1>\u00a0ABSCHNITT 5: BRANDBEK\u00c4MPFUNGSMASSNAHMEN<\/h1>\n<ul>\n<li><strong>L\u00f6schmittel<\/strong><\/li>\n<\/ul>\n<p><strong>Geeignet: <\/strong>Verwenden Sie chemischen Schaum, trockenes chemisches Pulver, Kohlendioxid (CO2) oder Wasser.<\/p>\n<p><strong>Ungeeignet: <\/strong>Druckwasser<\/p>\n<h1>5.2. Besondere vom Stoff oder Gemisch ausgehende Gefahren<\/h1>\n<p>Im Brandfall Entstehung gef\u00e4hrlicher Brandgase oder D\u00e4mpfe m\u00f6glich.<\/p>\n<h1>5.3 Hinweise f\u00fcr Feuerwehrleute<\/h1>\n<p>Im Brandfall vollst\u00e4ndige Schutzausr\u00fcstung einschlie\u00dflich umgebungsunabh\u00e4ngigem Atemschutzger\u00e4t tragen.<\/p>\n<h1>6.1. Personenbezogene Vorsichtsma\u00dfnahmen, Schutzausr\u00fcstungen und Notfallma\u00dfnahmen<\/h1>\n<p>Besondere Rutschgefahr durch ausgelaufenes\/versch\u00fcttetes Produkt. Augenkontakt vermeiden.<\/p>\n<h1>6.2. Umweltschutzma\u00dfnahmen<\/h1>\n<p>Treffen Sie die notwendigen Vorkehrungen, um die Verbreitung gro\u00dfer Mengen zu verhindern. Nicht in die Kanalisation gelangen lassen.<\/p>\n<h1>6.3. Methoden und Material f\u00fcr R\u00fcckhaltung und Reinigung<\/h1>\n<p>Abfl\u00fcsse abdecken. Versch\u00fcttetes auffangen, binden und abpumpen.<\/p>\n<p>Beachten Sie m\u00f6gliche Materialbeschr\u00e4nkungen (siehe Abschnitte 7.2 und 10.5).<\/p>\n<p>Mit fl\u00fcssigkeitsbindendem Material aufnehmen. Ordnungsgem\u00e4\u00df entsorgen. Betroffene Stelle reinigen.<\/p>\n<h1>6.4. Verweis auf andere Abschnitte<\/h1>\n<p>Lesen Sie die Sicherheitshinweise zur Handhabung in Abschnitt 7, die pers\u00f6nlichen Schutzma\u00dfnahmen in Abschnitt 8 und die Entsorgungsma\u00dfnahmen in Abschnitt 13.<\/p>\n<h1>\u00a0ABSCHNITT 7: HANDHABUNG UND LAGERUNG<\/h1>\n<ul>\n<li><strong>Vorsichtsma\u00dfnahmen<\/strong> <strong>f\u00fcr<\/strong> <strong>sichere Handhabung<\/strong><\/li>\n<\/ul>\n<p>Kontakt mit den Augen vermeiden. Au\u00dferhalb der Reichweite von Kindern aufbewahren.<strong>.<\/strong><\/p>\n<h1>7.2 Bedingungen zur sicheren Lagerung unter Ber\u00fccksichtigung von Unvertr\u00e4glichkeiten<\/h1>\n<p>Die beste Lagertemperatur liegt zwischen 15 \u00b0C und 25 \u00b0C. K\u00fchl, trocken und bel\u00fcftet sowie lichtgesch\u00fctzt im fest verschlossenen Originalbeh\u00e4lter lagern.<\/p>\n<h1>7.3. Spezifische Endverwendungen<\/h1>\n<p>Au\u00dfer den in Abschnitt 1.2 genannten Verwendungszwecken sind keine weiteren spezifischen Verwendungszwecke vorgeschrieben.<\/p>\n<h1>\u00a0ABSCHNITT 8: EXPOSITIONSBEGRENZUNG\/PERS\u00d6NLICHE SCHUTZAUSR\u00dcSTUNG <strong>Kontrolle<\/strong> <strong>Parameter<\/strong><\/h1>\n<p>Bei bestimmungsgem\u00e4\u00dfer Verwendung des Produkts im Haushalt sind die Expositionsrichtlinien nicht relevant.<\/p>\n<h1>8.2. Begrenzung und \u00dcberwachung der Exposition<\/h1>\n<p><strong>Allgemein<\/strong> <strong>Schutz<\/strong> <strong>Und<\/strong> <strong>hygienisch<\/strong> <strong>Ma\u00dfnahmen:<\/strong> Von Nahrungsmitteln, Getr\u00e4nken und Futtermitteln fernhalten. Beschmutzte oder kontaminierte Kleidung sofort ausziehen. Kontakt mit den Augen vermeiden.<\/p>\n<p><strong>Atemwege<\/strong> <strong>Schutz:<\/strong> Keine besondere Schutzausr\u00fcstung erforderlich.<\/p>\n<p><strong>Schutz von<\/strong><strong> H\u00e4nde: <\/strong>Keine besondere Schutzausr\u00fcstung erforderlich.<\/p>\n<p><strong>Augenschutz: <\/strong>Kontakt mit den Augen vermeiden.<\/p>\n<p><strong>K\u00f6rper<\/strong> <strong>Schutz: <\/strong>Keine besondere Schutzausr\u00fcstung erforderlich.<\/p>\n<h1>9.1. Angaben zu den grundlegenden physikalischen und chemischen Eigenschaften Aussehen: Fl\u00fcssigkeit<\/h1>\n<p><strong>Farbe: <\/strong>Merkmal <strong>Geruch: <\/strong>Merkmal <strong>pH-Wert: <\/strong>5-6<\/p>\n<p><strong>Dichte<\/strong>: 1\u00b1%5 g\/ml<\/p>\n<h1>9.2. Sonstige Informationen<\/h1>\n<p>Keine weiteren relevanten Informationen verf\u00fcgbar.<\/p>\n<h1>\u00a0ABSCHNITT 10: STABILIT\u00c4T UND REAKTIVIT\u00c4T<\/h1>\n<ul>\n<li><strong>Reaktivit\u00e4t<\/strong><\/li>\n<\/ul>\n<p>Keine unter normalen Nutzungsbedingungen.<\/p>\n<h1>10.2 Chemische Stabilit\u00e4t<\/h1>\n<p>Diese Produkte sind bei Raumtemperatur in geschlossenen Beh\u00e4ltern unter normalen Lager- und Handhabungsbedingungen stabil.<\/p>\n<h1>10.3 M\u00f6glichkeit gef\u00e4hrlicher Reaktionen<\/h1>\n<p>Unter normalen Lager- und Verwendungsbedingungen sind keine gef\u00e4hrlichen Reaktionen zu erwarten.<\/p>\n<h1>10.4. Zu vermeidende Bedingungen<\/h1>\n<p>Vermeiden Sie Hitze, Flammen und andere Z\u00fcndquellen.<\/p>\n<h1>10.5 Unvertr\u00e4gliche Materialien<\/h1>\n<p>Von starken Oxidationsmitteln, Laugen und \u00e4tzenden Substanzen fernhalten.<\/p>\n<h1>10.6. Gef\u00e4hrliche Zersetzungsprodukte<\/h1>\n<p>Keine Verschlechterung unter normalen Temperaturbedingungen und empfohlener Verwendung.<\/p>\n<p><strong>11.1.<\/strong> <strong>Informationen zu toxikologischen<\/strong> <strong>Effekte<\/strong><\/p>\n<p>Dies ist ein K\u00f6rperpflege- oder Kosmetikprodukt, das bei bestimmungsgem\u00e4\u00dfer und vern\u00fcnftigerweise vorhersehbarer Verwendung f\u00fcr Verbraucher und andere Benutzer sicher ist.<\/p>\n<h1><u>Akute Toxizit\u00e4t<\/u><\/h1>\n<p>Basierend auf bekannten oder bereitgestellten Informationen stellt das Produkt keine akute Toxizit\u00e4tsgefahr dar.<\/p>\n<p><strong>Inhalation: <\/strong>Kein erwarteter Expositionsweg.<\/p>\n<p><strong>Hautkontakt: <\/strong>Bei empfindlichen Personen besteht m\u00f6glicherweise das Risiko einer Sensibilisierung oder allergischen Reaktion.<\/p>\n<p><strong>Verschlucken: <\/strong>Kein erwarteter Expositionsweg.<\/p>\n<p><strong>Augenkontakt: <\/strong>Kann Reizungen, R\u00f6tungen und Schmerzen verursachen.<\/p>\n<h1><u>Chronische Toxizit\u00e4t<\/u><\/h1>\n<p>Es ist nicht zu erwarten, dass das fertige Produkt chronische Auswirkungen auf die Gesundheit hat.<\/p>\n<p><strong>Zielorgane: <\/strong>F\u00fcr das Endprodukt sind keine gesundheitssch\u00e4dlichen Auswirkungen auf die Zielorgane zu erwarten.<\/p>\n<p><strong>Sensibilisierung: <\/strong>Keine Daten verf\u00fcgbar<\/p>\n<p><strong>Genetische Toxizit\u00e4t: <\/strong>Keine Daten verf\u00fcgbar<\/p>\n<p><strong>Toxizit\u00e4t bei wiederholter Gabe: <\/strong>Keine Daten verf\u00fcgbar<\/p>\n<p><strong>Karzinogenit\u00e4t: <\/strong>Es wird nicht erwartet, dass das fertige Produkt krebserregend ist.<\/p>\n<p><strong>Reproduktionstoxizit\u00e4t: <\/strong>Das Produkt enth\u00e4lt keine bekannterma\u00dfen gesundheitssch\u00e4dlichen Stoffe in zu ber\u00fccksichtigenden Konzentrationen.<\/p>\n<p><strong>Mutagene Wirkungen: <\/strong>Dieses Produkt enth\u00e4lt keine bekannten mutagenen Chemikalien.<\/p>\n<h1>\u00a0ABSCHNITT 12: \u00d6KOLOGISCHE INFORMATIONEN<\/h1>\n<ul>\n<li><strong>Toxizit\u00e4t<\/strong><\/li>\n<\/ul>\n<p>Die Inhaltsstoffe des Produkts sind in den bei normalem Gebrauch und versehentlichem Versch\u00fctten zu erwartenden Konzentrationen voraussichtlich umweltvertr\u00e4glich. Die Verpackungskomponenten sind mit den \u00fcblichen Abfallentsorgungspraktiken kompatibel. Weitere Informationen sind auf Anfrage beim Lieferanten erh\u00e4ltlich.<\/p>\n<h1>12.2 Persistenz und Abbaubarkeit<\/h1>\n<p>Keine Informationen verf\u00fcgbar<\/p>\n<h1>12.3. Bioakkumulationspotenzial<\/h1>\n<p>Keine Informationen verf\u00fcgbar<\/p>\n<h1>12.4 Mobilit\u00e4t im Boden<\/h1>\n<p>Keine Informationen verf\u00fcgbar<\/p>\n<h1>12.5 Ergebnisse der PBT- und vPvB-Beurteilung<\/h1>\n<p>Keine Informationen verf\u00fcgbar<\/p>\n<h1>12.6 Andere sch\u00e4dliche Wirkungen<\/h1>\n<p>Einmischen in die Kanalisation, Oberfl\u00e4chengew\u00e4sser und das Grundwasser verhindern.<\/p>\n<h1>\u00a0ABSCHNITT 13: HINWEISE ZUR ENTSORGUNG<\/h1>\n<p><strong>13.1.<\/strong> <strong>Abfall<\/strong> <strong>Behandlung<\/strong><strong> Methoden<\/strong><\/p>\n<p>Die Entsorgung muss gem\u00e4\u00df den geltenden regionalen, nationalen und lokalen Gesetzen und Vorschriften erfolgen.<\/p>\n<p>\u201eONLEM Baby Wet Wipes \u2013 Sensitive\u201c unterliegt nicht den internationalen Vorschriften f\u00fcr den Transport gef\u00e4hrlicher G\u00fcter (IMDG, IATA, ADR\/RID) und ist daher nicht klassifiziert. Au\u00dfer den in Abschnitt 8 genannten sind keine besonderen Vorsichtsma\u00dfnahmen erforderlich.<\/p>\n<h1>14.1 UN-Nummer<\/h1>\n<p>Kein Sondertransport erforderlich<\/p>\n<h1>14.2 Ordnungsgem\u00e4\u00dfe UN-Versandbezeichnung<\/h1>\n<p>Kein Sondertransport erforderlich<\/p>\n<h1>14.3. Transportgefahrenklassen<\/h1>\n<p>Kein Sondertransport erforderlich<\/p>\n<h1>14.4 Verpackungsgruppe<\/h1>\n<p>Kein Sondertransport erforderlich<\/p>\n<h1>14.5. Umweltgefahren<\/h1>\n<p>Keiner<\/p>\n<h1>14.6 Besondere Vorsichtsma\u00dfnahmen f\u00fcr den Anwender<\/h1>\n<p>Keiner<\/p>\n<h1>14.7. Massengutbef\u00f6rderung gem\u00e4\u00df Anlage II des Marpol-\u00dcbereinkommens und dem IBC-Code<\/h1>\n<p>Nicht zutreffend.<\/p>\n<h1>\u00a0ABSCHNITT 15: ZUS\u00c4TZLICHE RECHTSVORSCHRIFTEN<\/h1>\n<ul>\n<li><strong>Sicherheit,<\/strong> <strong>Gesundheit und Umwelt<\/strong> <strong>Vorschriften\/Gesetze speziell f\u00fcr<\/strong> <strong>Die<\/strong> <strong>Substanz oder<\/strong> <strong>Mischung<\/strong><\/li>\n<\/ul>\n<ul>\n<li>VERORDNUNG (EG) Nr. 1272\/2008 des Europ\u00e4ischen Parlaments und des Rates vom 16. Dezember 2008 \u00fcber die Einstufung, Kennzeichnung und Verpackung von Stoffen und Gemischen, zur \u00c4nderung und Aufhebung der Richtlinien 67\/548\/EWG und 1999\/45\/EG und zur \u00c4nderung der Verordnung (EG) Nr. 1907\/2006.<\/li>\n<li>VERORDNUNG (EU) Nr. 2015\/830 DER KOMMISSION vom 28. Mai 2015 zur \u00c4nderung der Verordnung (EG) Nr. 1907\/2006 des Europ\u00e4ischen Parlaments und des Rates zur Registrierung, Bewertung, Zulassung und Beschr\u00e4nkung chemischer Stoffe (REACH)<\/li>\n<li>Verordnung (EG) Nr. 1223\/2009 des Europ\u00e4ischen Parlaments und des Rates vom 30. November 2009 \u00fcber kosmetische Mittel<\/li>\n<\/ul>\n<h1>15.2. Stoffsicherheitsbeurteilung<\/h1>\n<p>Eine Stoffsicherheitsbeurteilung wurde nicht durchgef\u00fchrt.<\/p>\n<h1>\u00a0ABSCHNITT 16: SONSTIGE INFORMATIONEN<\/h1>\n<p><strong>Weitere Informationen: <\/strong>Dies ist ein K\u00f6rperpflege- oder Kosmetikprodukt, das bei bestimmungsgem\u00e4\u00dfer und vern\u00fcnftigerweise vorhersehbarer Verwendung f\u00fcr Verbraucher und andere Benutzer sicher ist.<\/p>\n<p>Nach Pr\u00fcfung der Angaben zum Produkt und seinen Inhaltsstoffen entspricht dieses Produkt der EG-Verordnung 1223\/2009.<\/p>\n<p>Diese Informationen dienen ausschlie\u00dflich Dokumentationszwecken.<\/p>\n<p>Unter normalen Verwendungsbedingungen gilt dieses Produkt nicht als gef\u00e4hrlich.<\/p>\n<p>Verantwortung und lehnen ausdr\u00fccklich jegliche Haftung f\u00fcr die Verwendung dieses Produkts ab. Die hierin enthaltenen Informationen gelten als wahr und genau. Alle Angaben und Vorschl\u00e4ge erfolgen jedoch ohne ausdr\u00fcckliche oder stillschweigende Gew\u00e4hrleistung hinsichtlich der Richtigkeit der Informationen, der mit der Verwendung des Materials verbundenen Gefahren oder der durch dessen Verwendung erzielten Ergebnisse. Die Einhaltung aller geltenden Bundes-, Landes- und Kommunalgesetze sowie der \u00f6rtlichen Vorschriften liegt in der Verantwortung des Benutzers. Dieses Sicherheitsdatenblatt kann nicht alle m\u00f6glichen Situationen abdecken, die w\u00e4hrend der Verarbeitung auftreten k\u00f6nnen. Jeder Aspekt Ihres Betriebs sollte gepr\u00fcft werden, um festzustellen, ob oder wo zus\u00e4tzliche Vorsichtsma\u00dfnahmen erforderlich sein k\u00f6nnten. Alle in diesem Bulletin enthaltenen Gesundheits- und Sicherheitsinformationen sollten Ihren Mitarbeitern zur Verf\u00fcgung gestellt werden.<\/p>","protected":false},"excerpt":{"rendered":"<ul>\n<li>Datenblatt<\/li>\n<li><a href=\"https:\/\/protectiva.de\/wp-content\/uploads\/2025\/03\/152.05.03.17.01167.pdf\">152.05.03.17.01167<\/a><\/li>\n<\/ul>","protected":false},"featured_media":18234,"comment_status":"open","ping_status":"closed","template":"","meta":[],"product_brand":[],"product_cat":[81,177],"product_tag":[],"class_list":{"0":"post-17824","1":"product","2":"type-product","3":"status-publish","4":"has-post-thumbnail","6":"product_cat-higiene","7":"product_cat-multi-purpose","9":"first","10":"instock","11":"shipping-taxable","12":"product-type-grouped"},"yoast_head":"<!-- This site is optimized with the Yoast SEO plugin v26.2 - https:\/\/yoast.com\/wordpress\/plugins\/seo\/ -->\n<title>Wet Wipe - Protectiva.pl \u2013 Professionelle Medizinische und Hygieneprodukte | CE- &amp; ISO-zertifiziert<\/title>\n<meta name=\"robots\" content=\"index, follow, max-snippet:-1, max-image-preview:large, max-video-preview:-1\" \/>\n<link rel=\"canonical\" href=\"https:\/\/protectiva.de\/de\/?product=wet-wipe\" \/>\n<meta property=\"og:locale\" content=\"de_DE\" \/>\n<meta property=\"og:type\" content=\"article\" \/>\n<meta property=\"og:title\" content=\"Wet Wipe - Protectiva.pl \u2013 Professionelle Medizinische und Hygieneprodukte | CE- &amp; ISO-zertifiziert\" \/>\n<meta property=\"og:description\" content=\"Data Sheet  152.05.03.17.01167\" \/>\n<meta property=\"og:url\" content=\"https:\/\/protectiva.de\/de\/?product=wet-wipe\" \/>\n<meta property=\"og:site_name\" content=\"Protectiva.pl \u2013 Professionelle Medizinische und Hygieneprodukte | CE- &amp; ISO-zertifiziert\" \/>\n<meta property=\"article:modified_time\" content=\"2025-03-28T19:11:24+00:00\" \/>\n<meta property=\"og:image\" content=\"https:\/\/protectiva.de\/wp-content\/uploads\/2025\/03\/152.05.03.17.01167.jpg\" \/>\n\t<meta property=\"og:image:width\" content=\"1178\" \/>\n\t<meta property=\"og:image:height\" content=\"610\" \/>\n\t<meta property=\"og:image:type\" content=\"image\/jpeg\" \/>\n<meta name=\"twitter:card\" content=\"summary_large_image\" \/>\n<meta name=\"twitter:label1\" content=\"Gesch\u00e4tzte Lesezeit\" \/>\n\t<meta name=\"twitter:data1\" content=\"7\u00a0Minuten\" \/>\n<script type=\"application\/ld+json\" class=\"yoast-schema-graph\">{\"@context\":\"https:\/\/schema.org\",\"@graph\":[{\"@type\":\"WebPage\",\"@id\":\"https:\/\/protectiva.de\/?product=wet-wipe\",\"url\":\"https:\/\/protectiva.de\/?product=wet-wipe\",\"name\":\"Wet Wipe - Protectiva.pl \u2013 Professionelle Medizinische und Hygieneprodukte | CE- &amp; ISO-zertifiziert\",\"isPartOf\":{\"@id\":\"https:\/\/protectiva.de\/#website\"},\"primaryImageOfPage\":{\"@id\":\"https:\/\/protectiva.de\/?product=wet-wipe#primaryimage\"},\"image\":{\"@id\":\"https:\/\/protectiva.de\/?product=wet-wipe#primaryimage\"},\"thumbnailUrl\":\"https:\/\/protectiva.de\/wp-content\/uploads\/2025\/03\/152.05.03.17.01167.jpg\",\"datePublished\":\"2025-03-25T13:26:15+00:00\",\"dateModified\":\"2025-03-28T19:11:24+00:00\",\"breadcrumb\":{\"@id\":\"https:\/\/protectiva.de\/?product=wet-wipe#breadcrumb\"},\"inLanguage\":\"de\",\"potentialAction\":[{\"@type\":\"ReadAction\",\"target\":[\"https:\/\/protectiva.de\/?product=wet-wipe\"]}]},{\"@type\":\"ImageObject\",\"inLanguage\":\"de\",\"@id\":\"https:\/\/protectiva.de\/?product=wet-wipe#primaryimage\",\"url\":\"https:\/\/protectiva.de\/wp-content\/uploads\/2025\/03\/152.05.03.17.01167.jpg\",\"contentUrl\":\"https:\/\/protectiva.de\/wp-content\/uploads\/2025\/03\/152.05.03.17.01167.jpg\",\"width\":1178,\"height\":610},{\"@type\":\"BreadcrumbList\",\"@id\":\"https:\/\/protectiva.de\/?product=wet-wipe#breadcrumb\",\"itemListElement\":[{\"@type\":\"ListItem\",\"position\":1,\"name\":\"Home\",\"item\":\"https:\/\/protectiva.de\/\"},{\"@type\":\"ListItem\",\"position\":2,\"name\":\"All Products\",\"item\":\"https:\/\/protectiva.de\/shop\/\"},{\"@type\":\"ListItem\",\"position\":3,\"name\":\"Wet Wipe\"}]},{\"@type\":\"WebSite\",\"@id\":\"https:\/\/protectiva.de\/#website\",\"url\":\"https:\/\/protectiva.de\/\",\"name\":\"Protectiva\",\"description\":\"Innovative Medical Solutions Protectiva.de bietet hochwertige medizinische und Hygieneprodukte. Zuverl\u00e4ssige Schutzausr\u00fcstung, Sterilisationsl\u00f6sungen und Gesundheitsversorgung gem\u00e4\u00df CE- und ISO-Standards f\u00fcr Krankenh\u00e4user und Kliniken. Die ideale Wahl f\u00fcr sichere und komfortable Gesundheitsumgebungen.\",\"publisher\":{\"@id\":\"https:\/\/protectiva.de\/#organization\"},\"potentialAction\":[{\"@type\":\"SearchAction\",\"target\":{\"@type\":\"EntryPoint\",\"urlTemplate\":\"https:\/\/protectiva.de\/?s={search_term_string}\"},\"query-input\":{\"@type\":\"PropertyValueSpecification\",\"valueRequired\":true,\"valueName\":\"search_term_string\"}}],\"inLanguage\":\"de\"},{\"@type\":\"Organization\",\"@id\":\"https:\/\/protectiva.de\/#organization\",\"name\":\"Protectiva\",\"url\":\"https:\/\/protectiva.de\/\",\"logo\":{\"@type\":\"ImageObject\",\"inLanguage\":\"de\",\"@id\":\"https:\/\/protectiva.de\/#\/schema\/logo\/image\/\",\"url\":\"https:\/\/protectiva.de\/wp-content\/uploads\/2025\/03\/logo-protectiva-son-hali.png\",\"contentUrl\":\"https:\/\/protectiva.de\/wp-content\/uploads\/2025\/03\/logo-protectiva-son-hali.png\",\"width\":1140,\"height\":585,\"caption\":\"Protectiva\"},\"image\":{\"@id\":\"https:\/\/protectiva.de\/#\/schema\/logo\/image\/\"}}]}<\/script>\n<!-- \/ Yoast SEO plugin. -->","yoast_head_json":{"title":"Wet Wipe - Protectiva.pl \u2013 Professionelle Medizinische und Hygieneprodukte | CE- &amp; ISO-zertifiziert","robots":{"index":"index","follow":"follow","max-snippet":"max-snippet:-1","max-image-preview":"max-image-preview:large","max-video-preview":"max-video-preview:-1"},"canonical":"https:\/\/protectiva.de\/de\/?product=wet-wipe","og_locale":"de_DE","og_type":"article","og_title":"Wet Wipe - Protectiva.pl \u2013 Professionelle Medizinische und Hygieneprodukte | CE- &amp; ISO-zertifiziert","og_description":"Data Sheet  152.05.03.17.01167","og_url":"https:\/\/protectiva.de\/de\/?product=wet-wipe","og_site_name":"Protectiva.pl \u2013 Professionelle Medizinische und Hygieneprodukte | CE- &amp; ISO-zertifiziert","article_modified_time":"2025-03-28T19:11:24+00:00","og_image":[{"width":1178,"height":610,"url":"https:\/\/protectiva.de\/wp-content\/uploads\/2025\/03\/152.05.03.17.01167.jpg","type":"image\/jpeg"}],"twitter_card":"summary_large_image","twitter_misc":{"Gesch\u00e4tzte Lesezeit":"7\u00a0Minuten"},"schema":{"@context":"https:\/\/schema.org","@graph":[{"@type":"WebPage","@id":"https:\/\/protectiva.de\/?product=wet-wipe","url":"https:\/\/protectiva.de\/?product=wet-wipe","name":"Wet Wipe - Protectiva.pl \u2013 Professionelle Medizinische und Hygieneprodukte | CE- &amp; ISO-zertifiziert","isPartOf":{"@id":"https:\/\/protectiva.de\/#website"},"primaryImageOfPage":{"@id":"https:\/\/protectiva.de\/?product=wet-wipe#primaryimage"},"image":{"@id":"https:\/\/protectiva.de\/?product=wet-wipe#primaryimage"},"thumbnailUrl":"https:\/\/protectiva.de\/wp-content\/uploads\/2025\/03\/152.05.03.17.01167.jpg","datePublished":"2025-03-25T13:26:15+00:00","dateModified":"2025-03-28T19:11:24+00:00","breadcrumb":{"@id":"https:\/\/protectiva.de\/?product=wet-wipe#breadcrumb"},"inLanguage":"de","potentialAction":[{"@type":"ReadAction","target":["https:\/\/protectiva.de\/?product=wet-wipe"]}]},{"@type":"ImageObject","inLanguage":"de","@id":"https:\/\/protectiva.de\/?product=wet-wipe#primaryimage","url":"https:\/\/protectiva.de\/wp-content\/uploads\/2025\/03\/152.05.03.17.01167.jpg","contentUrl":"https:\/\/protectiva.de\/wp-content\/uploads\/2025\/03\/152.05.03.17.01167.jpg","width":1178,"height":610},{"@type":"BreadcrumbList","@id":"https:\/\/protectiva.de\/?product=wet-wipe#breadcrumb","itemListElement":[{"@type":"ListItem","position":1,"name":"Home","item":"https:\/\/protectiva.de\/"},{"@type":"ListItem","position":2,"name":"All Products","item":"https:\/\/protectiva.de\/shop\/"},{"@type":"ListItem","position":3,"name":"Wet Wipe"}]},{"@type":"WebSite","@id":"https:\/\/protectiva.de\/#website","url":"https:\/\/protectiva.de\/","name":"Protectiva","description":"Innovative Medical Solutions Protectiva.de bietet hochwertige medizinische und Hygieneprodukte. Zuverl\u00e4ssige Schutzausr\u00fcstung, Sterilisationsl\u00f6sungen und Gesundheitsversorgung gem\u00e4\u00df CE- und ISO-Standards f\u00fcr Krankenh\u00e4user und Kliniken. Die ideale Wahl f\u00fcr sichere und komfortable Gesundheitsumgebungen.","publisher":{"@id":"https:\/\/protectiva.de\/#organization"},"potentialAction":[{"@type":"SearchAction","target":{"@type":"EntryPoint","urlTemplate":"https:\/\/protectiva.de\/?s={search_term_string}"},"query-input":{"@type":"PropertyValueSpecification","valueRequired":true,"valueName":"search_term_string"}}],"inLanguage":"de"},{"@type":"Organization","@id":"https:\/\/protectiva.de\/#organization","name":"Protectiva","url":"https:\/\/protectiva.de\/","logo":{"@type":"ImageObject","inLanguage":"de","@id":"https:\/\/protectiva.de\/#\/schema\/logo\/image\/","url":"https:\/\/protectiva.de\/wp-content\/uploads\/2025\/03\/logo-protectiva-son-hali.png","contentUrl":"https:\/\/protectiva.de\/wp-content\/uploads\/2025\/03\/logo-protectiva-son-hali.png","width":1140,"height":585,"caption":"Protectiva"},"image":{"@id":"https:\/\/protectiva.de\/#\/schema\/logo\/image\/"}}]}},"_links":{"self":[{"href":"https:\/\/protectiva.de\/de\/wp-json\/wp\/v2\/product\/17824","targetHints":{"allow":["GET"]}}],"collection":[{"href":"https:\/\/protectiva.de\/de\/wp-json\/wp\/v2\/product"}],"about":[{"href":"https:\/\/protectiva.de\/de\/wp-json\/wp\/v2\/types\/product"}],"replies":[{"embeddable":true,"href":"https:\/\/protectiva.de\/de\/wp-json\/wp\/v2\/comments?post=17824"}],"wp:featuredmedia":[{"embeddable":true,"href":"https:\/\/protectiva.de\/de\/wp-json\/wp\/v2\/media\/18234"}],"wp:attachment":[{"href":"https:\/\/protectiva.de\/de\/wp-json\/wp\/v2\/media?parent=17824"}],"wp:term":[{"taxonomy":"product_brand","embeddable":true,"href":"https:\/\/protectiva.de\/de\/wp-json\/wp\/v2\/product_brand?post=17824"},{"taxonomy":"product_cat","embeddable":true,"href":"https:\/\/protectiva.de\/de\/wp-json\/wp\/v2\/product_cat?post=17824"},{"taxonomy":"product_tag","embeddable":true,"href":"https:\/\/protectiva.de\/de\/wp-json\/wp\/v2\/product_tag?post=17824"}],"curies":[{"name":"wp","href":"https:\/\/api.w.org\/{rel}","templated":true}]}}