{"id":17819,"date":"2025-03-25T13:26:14","date_gmt":"2025-03-25T13:26:14","guid":{"rendered":"https:\/\/protectiva.pl\/product\/bathing-wipes\/"},"modified":"2025-03-28T19:10:52","modified_gmt":"2025-03-28T19:10:52","slug":"badetucher","status":"publish","type":"product","link":"https:\/\/protectiva.de\/de\/produkt\/badetucher\/","title":{"rendered":"Badet\u00fccher"},"content":{"rendered":"<p>Produktcode: ASF-0030<\/p>\n<p><strong>TECHNISCH<\/strong> <strong>DATEN<\/strong> <strong>BLATT (TDS)<\/strong><\/p>\n<table>\n<tbody>\n<tr>\n<td width=\"121\"><strong>Produkt<\/strong> <strong>Name:<\/strong><\/td>\n<td width=\"255\">Med-Cover Extra gro\u00dfe Badet\u00fccher<\/td>\n<\/tr>\n<tr>\n<td width=\"121\"><strong>Kategorie:<\/strong><\/td>\n<td width=\"255\">Kosmetik<\/td>\n<\/tr>\n<\/tbody>\n<\/table>\n<p>&nbsp;<\/p>\n<ol>\n<li><strong>Allgemein<\/strong> <strong>Produkt<\/strong> <strong>Beschreibung<\/strong><\/li>\n<\/ol>\n<p>Med-Cover Badet\u00fccher sind f\u00fcr die K\u00f6rperreinigung konzipiert, wenn nicht normal geduscht werden kann. Gebrauchsfertige Badet\u00fccher enthalten reinigende, feuchtigkeitsspendende, pflegende und sch\u00fctzende Wirkstoffe. Sie reinigen genauso gut wie seifen\u00e4hnliche Produkte und bieten eine deutlich bessere Pflege. Sie sind nicht so basisch wie herk\u00f6mmliche Reinigungsmittel. Sie sind f\u00fcr den t\u00e4glichen Gebrauch geeignet. Mit ihren reichhaltigen Inhaltsstoffen sorgen sie f\u00fcr eine ges\u00fcndere Haut. Bei regelm\u00e4\u00dfiger Anwendung beugen sie Hautausschl\u00e4gen vor.<\/p>\n<ul>\n<li>Sofort einsatzbereit<\/li>\n<li>Kein Wasser, kein Sp\u00fclen<\/li>\n<li>Aloe Vera<\/li>\n<li>Vitamin E<\/li>\n<li>Vitamin F<\/li>\n<li>Provitamin B5<\/li>\n<\/ul>\n<ol start=\"2\">\n<li><strong>Anweisungen<\/strong> <strong>f\u00fcr<\/strong> <strong>Verwenden<\/strong><\/li>\n<\/ol>\n<p>\u00d6ffnen Sie die Verpackung am Etikett. Bei Anwendung durch Erhitzen beachten Sie die Hinweise zur Verwendung in der Mikrowelle. Verwenden Sie f\u00fcr die verschiedenen Anwendungsbereiche separate T\u00fccher. Vermeiden Sie den Kontakt mit dem Genitalbereich. Geeignet f\u00fcr die Ganzk\u00f6rperreinigung.<\/p>\n<ol start=\"3\">\n<li><strong>Mikrowelle<\/strong> <strong>Anweisungen<\/strong><\/li>\n<\/ol>\n<p>(Optional) Wenn Sie die Packung zuerst erw\u00e4rmen m\u00f6chten, legen Sie sie f\u00fcr 20 Sekunden bei 700 W in die Mikrowelle. Achten Sie stets darauf, dass die Temperatur 40 \u00b0C (104 \u00b0F) \u00fcberschreitet.<\/p>\n<ol start=\"4\">\n<li><strong>Pr\u00e4sentationen:<\/strong><\/li>\n<\/ol>\n<p>Med Cover Badet\u00fccher werden in Packungen zu 12 St\u00fcck angeboten. Eine detaillierte Produktliste finden Sie in der folgenden Tabelle.<\/p>\n<table>\n<tbody>\n<tr>\n<td width=\"113\"><strong>Barcode<\/strong><\/td>\n<td width=\"104\"><strong>Referenz<\/strong> <strong>NEIN<\/strong><\/td>\n<td width=\"114\"><strong>Produkt<\/strong> <strong>Name<\/strong><\/td>\n<td width=\"94\"><strong>Menge<\/strong><\/td>\n<td width=\"179\"><strong>Produkt<\/strong> <strong>Typ<\/strong><\/td>\n<\/tr>\n<tr>\n<td width=\"113\">8681020477144<\/td>\n<td width=\"104\">ASF0030<\/td>\n<td width=\"114\">Badet\u00fccher<\/td>\n<td width=\"94\">12 Stck.<\/td>\n<td width=\"179\">K\u00f6rperpflegeprodukt<\/td>\n<\/tr>\n<\/tbody>\n<\/table>\n<ol start=\"5\">\n<li><strong>Bestandteil<\/strong><\/li>\n<\/ol>\n<table>\n<tbody>\n<tr>\n<td width=\"295\"><strong>INCI<\/strong> <strong>Name<\/strong><\/td>\n<td width=\"310\"><strong>Funktion<\/strong><\/td>\n<\/tr>\n<tr>\n<td width=\"295\">Aqua<\/td>\n<td width=\"310\">L\u00f6sungsmittel<\/td>\n<\/tr>\n<tr>\n<td width=\"295\">Dimethicon<\/td>\n<td width=\"310\">Entsch\u00e4umer, Feuchtigkeitsspender, Hautpflege<\/td>\n<\/tr>\n<tr>\n<td width=\"295\"><strong>\u00a0<\/strong><\/p>\n<p>Glyzerin<\/td>\n<td width=\"310\">Denaturierungsmittel, Haarpflegemittel, Feuchthaltemittel, Mundpflege, Parf\u00fcmierung, Hautschutz, Viskosit\u00e4tskontrolle<\/td>\n<\/tr>\n<tr>\n<td width=\"295\">Linoleamidopropyl PG-Dimoniumchloridphosphat (Phospholipid)<\/td>\n<td width=\"310\">Hautpflegend<\/td>\n<\/tr>\n<tr>\n<td width=\"295\">Panthenol<\/td>\n<td width=\"310\">Antistatisch, haarpflegend, hautpflegend<\/td>\n<\/tr>\n<tr>\n<td width=\"295\">Allantoin<\/td>\n<td width=\"310\">Hautpflegend, Hautsch\u00fctzend, Weichmacher<\/td>\n<\/tr>\n<tr>\n<td width=\"295\">Aloe Barbadensis-Extrakt<\/td>\n<td width=\"310\">Weichmachend, feuchtigkeitsspendend, hautpflegend<\/td>\n<\/tr>\n<tr>\n<td width=\"295\">Polysorbat 20<\/td>\n<td width=\"310\">Emulgator<\/td>\n<\/tr>\n<tr>\n<td width=\"295\">Zitronens\u00e4ure<\/td>\n<td width=\"310\">pH-Balancer<\/td>\n<\/tr>\n<tr>\n<td width=\"295\">Tocopherylacetat<\/td>\n<td width=\"310\">Antioxidans, Hautpflege<\/td>\n<\/tr>\n<tr>\n<td width=\"295\">Linols\u00e4ure<\/td>\n<td width=\"310\">Hautpflegend, Feuchtigkeitsspendend<\/td>\n<\/tr>\n<tr>\n<td width=\"295\">Linolens\u00e4ure<\/td>\n<td width=\"310\">Hautpflegend, Feuchtigkeitsspendend<\/td>\n<\/tr>\n<tr>\n<td width=\"295\">Parfum<\/td>\n<td width=\"310\">Parf\u00fcmieren<\/td>\n<\/tr>\n<tr>\n<td width=\"295\">Chamomilla Recutita-Bl\u00fctenextrakt<\/td>\n<td width=\"310\">Hautpflege<\/td>\n<\/tr>\n<tr>\n<td width=\"295\">Kaliumsorbat<\/td>\n<td width=\"310\">Konservierungsmittel<\/td>\n<\/tr>\n<tr>\n<td width=\"295\">Natriumbenzoat<\/td>\n<td width=\"310\">Konservierungsmittel<\/td>\n<\/tr>\n<\/tbody>\n<\/table>\n<ol start=\"6\">\n<li><strong>Allgemein<\/strong> <strong>Aussehen:<\/strong> Mit farbloser L\u00f6sung impr\u00e4gnierte wei\u00dfe T\u00fccher<\/li>\n<li><strong>Vlies:<\/strong> 60 g\/m\u00b2, wei\u00dfes Spunlace<\/li>\n<li><strong> pH-Wert: <\/strong>5,0-6,0<\/li>\n<li><strong>Haltbarkeit: <\/strong>2 Jahre<\/li>\n<li><strong>Prim\u00e4rverpackung: <\/strong>Flowpack, PET+PE<\/li>\n<\/ol>\n<table>\n<tbody>\n<tr>\n<td width=\"142\">Verpackungsdetails<\/td>\n<td width=\"189\">Packung\/Karton\/Palette Menge<\/td>\n<td width=\"104\">Gewicht<\/td>\n<td width=\"189\">Ma\u00dfe<\/td>\n<\/tr>\n<tr>\n<td width=\"142\">Pack<\/td>\n<td width=\"189\">12 St\u00fcck\/Packung<\/td>\n<td width=\"104\">0,200 kg<\/td>\n<td width=\"189\"><\/td>\n<\/tr>\n<tr>\n<td width=\"142\">Kasten<\/td>\n<td width=\"189\">100 Packungen\/Karton<\/td>\n<td width=\"104\">21 kg<\/td>\n<td width=\"189\">39 cm x 39 cm x 30 cm<\/td>\n<\/tr>\n<tr>\n<td width=\"142\">Palette<\/td>\n<td width=\"189\">36 Kartons\/Palette<\/td>\n<td width=\"104\">771 kg<\/td>\n<td width=\"189\">80 cm x 120 cm x 195 cm<\/td>\n<\/tr>\n<\/tbody>\n<\/table>\n<p>&nbsp;<\/p>","protected":false},"excerpt":{"rendered":"<ul>\n<li>Datenblatt<\/li>\n<li><a href=\"https:\/\/protectiva.de\/wp-content\/uploads\/2025\/03\/ASF-0030.pdf\">ASF-0030<\/a><\/li>\n<\/ul>","protected":false},"featured_media":18285,"comment_status":"open","ping_status":"closed","template":"","meta":[],"product_brand":[],"product_cat":[166,81],"product_tag":[],"class_list":{"0":"post-17819","1":"product","2":"type-product","3":"status-publish","4":"has-post-thumbnail","6":"product_cat-body-cleansing","7":"product_cat-higiene","9":"first","10":"instock","11":"shipping-taxable","12":"product-type-grouped"},"yoast_head":"<!-- This site is optimized with the Yoast SEO plugin v26.2 - https:\/\/yoast.com\/wordpress\/plugins\/seo\/ -->\n<title>Bathing Wipes - Protectiva.pl \u2013 Professionelle Medizinische und Hygieneprodukte | CE- &amp; ISO-zertifiziert<\/title>\n<meta name=\"robots\" content=\"index, follow, max-snippet:-1, max-image-preview:large, max-video-preview:-1\" \/>\n<link rel=\"canonical\" href=\"https:\/\/protectiva.de\/de\/?product=bathing-wipes\" \/>\n<meta property=\"og:locale\" content=\"de_DE\" \/>\n<meta property=\"og:type\" content=\"article\" \/>\n<meta property=\"og:title\" content=\"Bathing Wipes - Protectiva.pl \u2013 Professionelle Medizinische und Hygieneprodukte | CE- &amp; ISO-zertifiziert\" \/>\n<meta property=\"og:description\" content=\"Data Sheet  ASF-0030\" \/>\n<meta property=\"og:url\" content=\"https:\/\/protectiva.de\/de\/?product=bathing-wipes\" \/>\n<meta property=\"og:site_name\" content=\"Protectiva.pl \u2013 Professionelle Medizinische und Hygieneprodukte | CE- &amp; ISO-zertifiziert\" \/>\n<meta property=\"article:modified_time\" content=\"2025-03-28T19:10:52+00:00\" \/>\n<meta property=\"og:image\" content=\"https:\/\/protectiva.de\/wp-content\/uploads\/2025\/03\/ASF-0030.jpg\" \/>\n\t<meta property=\"og:image:width\" content=\"892\" \/>\n\t<meta property=\"og:image:height\" content=\"1026\" \/>\n\t<meta property=\"og:image:type\" content=\"image\/jpeg\" \/>\n<meta name=\"twitter:card\" content=\"summary_large_image\" \/>\n<meta name=\"twitter:label1\" content=\"Gesch\u00e4tzte Lesezeit\" \/>\n\t<meta name=\"twitter:data1\" content=\"2\u00a0Minuten\" \/>\n<script type=\"application\/ld+json\" class=\"yoast-schema-graph\">{\"@context\":\"https:\/\/schema.org\",\"@graph\":[{\"@type\":\"WebPage\",\"@id\":\"https:\/\/protectiva.de\/?product=bathing-wipes\",\"url\":\"https:\/\/protectiva.de\/?product=bathing-wipes\",\"name\":\"Bathing Wipes - Protectiva.pl \u2013 Professionelle Medizinische und Hygieneprodukte | CE- &amp; ISO-zertifiziert\",\"isPartOf\":{\"@id\":\"https:\/\/protectiva.de\/#website\"},\"primaryImageOfPage\":{\"@id\":\"https:\/\/protectiva.de\/?product=bathing-wipes#primaryimage\"},\"image\":{\"@id\":\"https:\/\/protectiva.de\/?product=bathing-wipes#primaryimage\"},\"thumbnailUrl\":\"https:\/\/protectiva.de\/wp-content\/uploads\/2025\/03\/ASF-0030.jpg\",\"datePublished\":\"2025-03-25T13:26:14+00:00\",\"dateModified\":\"2025-03-28T19:10:52+00:00\",\"breadcrumb\":{\"@id\":\"https:\/\/protectiva.de\/?product=bathing-wipes#breadcrumb\"},\"inLanguage\":\"de\",\"potentialAction\":[{\"@type\":\"ReadAction\",\"target\":[\"https:\/\/protectiva.de\/?product=bathing-wipes\"]}]},{\"@type\":\"ImageObject\",\"inLanguage\":\"de\",\"@id\":\"https:\/\/protectiva.de\/?product=bathing-wipes#primaryimage\",\"url\":\"https:\/\/protectiva.de\/wp-content\/uploads\/2025\/03\/ASF-0030.jpg\",\"contentUrl\":\"https:\/\/protectiva.de\/wp-content\/uploads\/2025\/03\/ASF-0030.jpg\",\"width\":892,\"height\":1026},{\"@type\":\"BreadcrumbList\",\"@id\":\"https:\/\/protectiva.de\/?product=bathing-wipes#breadcrumb\",\"itemListElement\":[{\"@type\":\"ListItem\",\"position\":1,\"name\":\"Home\",\"item\":\"https:\/\/protectiva.de\/\"},{\"@type\":\"ListItem\",\"position\":2,\"name\":\"All Products\",\"item\":\"https:\/\/protectiva.de\/shop\/\"},{\"@type\":\"ListItem\",\"position\":3,\"name\":\"Bathing Wipes\"}]},{\"@type\":\"WebSite\",\"@id\":\"https:\/\/protectiva.de\/#website\",\"url\":\"https:\/\/protectiva.de\/\",\"name\":\"Protectiva\",\"description\":\"Innovative Medical Solutions Protectiva.de bietet hochwertige medizinische und Hygieneprodukte. Zuverl\u00e4ssige Schutzausr\u00fcstung, Sterilisationsl\u00f6sungen und Gesundheitsversorgung gem\u00e4\u00df CE- und ISO-Standards f\u00fcr Krankenh\u00e4user und Kliniken. Die ideale Wahl f\u00fcr sichere und komfortable Gesundheitsumgebungen.\",\"publisher\":{\"@id\":\"https:\/\/protectiva.de\/#organization\"},\"potentialAction\":[{\"@type\":\"SearchAction\",\"target\":{\"@type\":\"EntryPoint\",\"urlTemplate\":\"https:\/\/protectiva.de\/?s={search_term_string}\"},\"query-input\":{\"@type\":\"PropertyValueSpecification\",\"valueRequired\":true,\"valueName\":\"search_term_string\"}}],\"inLanguage\":\"de\"},{\"@type\":\"Organization\",\"@id\":\"https:\/\/protectiva.de\/#organization\",\"name\":\"Protectiva\",\"url\":\"https:\/\/protectiva.de\/\",\"logo\":{\"@type\":\"ImageObject\",\"inLanguage\":\"de\",\"@id\":\"https:\/\/protectiva.de\/#\/schema\/logo\/image\/\",\"url\":\"https:\/\/protectiva.de\/wp-content\/uploads\/2025\/03\/logo-protectiva-son-hali.png\",\"contentUrl\":\"https:\/\/protectiva.de\/wp-content\/uploads\/2025\/03\/logo-protectiva-son-hali.png\",\"width\":1140,\"height\":585,\"caption\":\"Protectiva\"},\"image\":{\"@id\":\"https:\/\/protectiva.de\/#\/schema\/logo\/image\/\"}}]}<\/script>\n<!-- \/ Yoast SEO plugin. -->","yoast_head_json":{"title":"Bathing Wipes - Protectiva.pl \u2013 Professionelle Medizinische und Hygieneprodukte | CE- &amp; ISO-zertifiziert","robots":{"index":"index","follow":"follow","max-snippet":"max-snippet:-1","max-image-preview":"max-image-preview:large","max-video-preview":"max-video-preview:-1"},"canonical":"https:\/\/protectiva.de\/de\/?product=bathing-wipes","og_locale":"de_DE","og_type":"article","og_title":"Bathing Wipes - Protectiva.pl \u2013 Professionelle Medizinische und Hygieneprodukte | CE- &amp; ISO-zertifiziert","og_description":"Data Sheet  ASF-0030","og_url":"https:\/\/protectiva.de\/de\/?product=bathing-wipes","og_site_name":"Protectiva.pl \u2013 Professionelle Medizinische und Hygieneprodukte | CE- &amp; ISO-zertifiziert","article_modified_time":"2025-03-28T19:10:52+00:00","og_image":[{"width":892,"height":1026,"url":"https:\/\/protectiva.de\/wp-content\/uploads\/2025\/03\/ASF-0030.jpg","type":"image\/jpeg"}],"twitter_card":"summary_large_image","twitter_misc":{"Gesch\u00e4tzte Lesezeit":"2\u00a0Minuten"},"schema":{"@context":"https:\/\/schema.org","@graph":[{"@type":"WebPage","@id":"https:\/\/protectiva.de\/?product=bathing-wipes","url":"https:\/\/protectiva.de\/?product=bathing-wipes","name":"Bathing Wipes - Protectiva.pl \u2013 Professionelle Medizinische und Hygieneprodukte | CE- &amp; ISO-zertifiziert","isPartOf":{"@id":"https:\/\/protectiva.de\/#website"},"primaryImageOfPage":{"@id":"https:\/\/protectiva.de\/?product=bathing-wipes#primaryimage"},"image":{"@id":"https:\/\/protectiva.de\/?product=bathing-wipes#primaryimage"},"thumbnailUrl":"https:\/\/protectiva.de\/wp-content\/uploads\/2025\/03\/ASF-0030.jpg","datePublished":"2025-03-25T13:26:14+00:00","dateModified":"2025-03-28T19:10:52+00:00","breadcrumb":{"@id":"https:\/\/protectiva.de\/?product=bathing-wipes#breadcrumb"},"inLanguage":"de","potentialAction":[{"@type":"ReadAction","target":["https:\/\/protectiva.de\/?product=bathing-wipes"]}]},{"@type":"ImageObject","inLanguage":"de","@id":"https:\/\/protectiva.de\/?product=bathing-wipes#primaryimage","url":"https:\/\/protectiva.de\/wp-content\/uploads\/2025\/03\/ASF-0030.jpg","contentUrl":"https:\/\/protectiva.de\/wp-content\/uploads\/2025\/03\/ASF-0030.jpg","width":892,"height":1026},{"@type":"BreadcrumbList","@id":"https:\/\/protectiva.de\/?product=bathing-wipes#breadcrumb","itemListElement":[{"@type":"ListItem","position":1,"name":"Home","item":"https:\/\/protectiva.de\/"},{"@type":"ListItem","position":2,"name":"All Products","item":"https:\/\/protectiva.de\/shop\/"},{"@type":"ListItem","position":3,"name":"Bathing Wipes"}]},{"@type":"WebSite","@id":"https:\/\/protectiva.de\/#website","url":"https:\/\/protectiva.de\/","name":"Protectiva","description":"Innovative Medical Solutions Protectiva.de bietet hochwertige medizinische und Hygieneprodukte. Zuverl\u00e4ssige Schutzausr\u00fcstung, Sterilisationsl\u00f6sungen und Gesundheitsversorgung gem\u00e4\u00df CE- und ISO-Standards f\u00fcr Krankenh\u00e4user und Kliniken. Die ideale Wahl f\u00fcr sichere und komfortable Gesundheitsumgebungen.","publisher":{"@id":"https:\/\/protectiva.de\/#organization"},"potentialAction":[{"@type":"SearchAction","target":{"@type":"EntryPoint","urlTemplate":"https:\/\/protectiva.de\/?s={search_term_string}"},"query-input":{"@type":"PropertyValueSpecification","valueRequired":true,"valueName":"search_term_string"}}],"inLanguage":"de"},{"@type":"Organization","@id":"https:\/\/protectiva.de\/#organization","name":"Protectiva","url":"https:\/\/protectiva.de\/","logo":{"@type":"ImageObject","inLanguage":"de","@id":"https:\/\/protectiva.de\/#\/schema\/logo\/image\/","url":"https:\/\/protectiva.de\/wp-content\/uploads\/2025\/03\/logo-protectiva-son-hali.png","contentUrl":"https:\/\/protectiva.de\/wp-content\/uploads\/2025\/03\/logo-protectiva-son-hali.png","width":1140,"height":585,"caption":"Protectiva"},"image":{"@id":"https:\/\/protectiva.de\/#\/schema\/logo\/image\/"}}]}},"_links":{"self":[{"href":"https:\/\/protectiva.de\/de\/wp-json\/wp\/v2\/product\/17819","targetHints":{"allow":["GET"]}}],"collection":[{"href":"https:\/\/protectiva.de\/de\/wp-json\/wp\/v2\/product"}],"about":[{"href":"https:\/\/protectiva.de\/de\/wp-json\/wp\/v2\/types\/product"}],"replies":[{"embeddable":true,"href":"https:\/\/protectiva.de\/de\/wp-json\/wp\/v2\/comments?post=17819"}],"wp:featuredmedia":[{"embeddable":true,"href":"https:\/\/protectiva.de\/de\/wp-json\/wp\/v2\/media\/18285"}],"wp:attachment":[{"href":"https:\/\/protectiva.de\/de\/wp-json\/wp\/v2\/media?parent=17819"}],"wp:term":[{"taxonomy":"product_brand","embeddable":true,"href":"https:\/\/protectiva.de\/de\/wp-json\/wp\/v2\/product_brand?post=17819"},{"taxonomy":"product_cat","embeddable":true,"href":"https:\/\/protectiva.de\/de\/wp-json\/wp\/v2\/product_cat?post=17819"},{"taxonomy":"product_tag","embeddable":true,"href":"https:\/\/protectiva.de\/de\/wp-json\/wp\/v2\/product_tag?post=17819"}],"curies":[{"name":"wp","href":"https:\/\/api.w.org\/{rel}","templated":true}]}}