{"id":17818,"date":"2025-03-25T13:26:14","date_gmt":"2025-03-25T13:26:14","guid":{"rendered":"https:\/\/protectiva.pl\/product\/shampoo-and-conditioner-cap\/"},"modified":"2025-03-28T19:10:52","modified_gmt":"2025-03-28T19:10:52","slug":"shampoo-und-spulungskappe","status":"publish","type":"product","link":"https:\/\/protectiva.de\/de\/produkt\/shampoo-und-spulungskappe\/","title":{"rendered":"Shampoo- und Sp\u00fclungskappe"},"content":{"rendered":"<h1>Med-Cover Shampoo- und Sp\u00fclungskappe<\/h1>\n<p>Produktname: Med-Cover Shampoo- und Sp\u00fclungskappe<br \/>\nKategorie: Kosmetik<br \/>\nProduktcode : ASF-0020<\/p>\n<h3>1. Allgemeine Produktbeschreibung<\/h3>\n<p>RP.14.03\/02.01.2023\/00\/\u2013<br \/>\nErstellungsdatum und Revision: 02.01.2023\/0<\/p>\n<h3>TECHNISCHES DATENBLATT (TDS)<\/h3>\n<p>Med-Cover Shampoo Cap ist f\u00fcr die Reinigung der Haare, des Kopfbereichs und der Kopfhaut des<br \/>\nbettl\u00e4gerige und Intensivpatienten.<br \/>\n\u2713 Gebrauchsfertig<br \/>\n\u2713 Kein Wasser, kein Sp\u00fclen<br \/>\n\u2713 Aloe Vera<br \/>\n\u2713 Vitamin E<br \/>\n\u2713 Vitamin F<br \/>\n\u2713 Provitamin B5<\/p>\n<h3>2. Gebrauchsanweisung<\/h3>\n<p>\u00d6ffnen Sie die Verpackung an der Stelle \u201eHier \u00f6ffnen\u201c. Falls erhitzt, \u00fcberpr\u00fcfen Sie die Temperatur. Setzen Sie den Deckel auf<br \/>\nIhren Kopf, um Ihr gesamtes Haar zu bedecken. Neigen Sie Ihren Kopf vorsichtig nach hinten, falls L\u00f6sung tropft. Tragen Sie<br \/>\n2 oder 3 Minuten Massage je nach Haarl\u00e4nge. Um sicherzustellen, dass l\u00e4ngeres Haar richtig<br \/>\ngewaschen, entfernen Sie die Kappe und arbeiten Sie bis in die Haarspitzen. Entfernen Sie die Kappe und Handtuch<br \/>\nbei Bedarf trocknen.<\/p>\n<h3>3. Zubereitung in der Mikrowelle<\/h3>\n<p>(Optional) Wenn Sie die Packung zuerst erw\u00e4rmen m\u00f6chten, legen Sie sie f\u00fcr 20 Sekunden in die Mikrowelle bei<br \/>\n700 W. \u00dcberpr\u00fcfen Sie immer, ob die Temperatur 40 \u00b0C (104 \u00b0F) \u00fcberschreitet.<\/p>\n<h3>4. Pr\u00e4sentationen:<\/h3>\n<p>Das Produkt Med Cover Shampoo Cap wird in einer Packung mit 1 St\u00fcck\/Packung angeboten.<br \/>\nEine detaillierte Produktliste finden Sie in der folgenden Tabelle.<br \/>\nBarcode<br \/>\nReferenznummer<br \/>\nProduktname<br \/>\nMenge<br \/>\n8681020477038 ASF0020<br \/>\nProdukttyp<br \/>\nShampoo-Kappe<br \/>\n1 Stck.<br \/>\nK\u00f6rperpflegeprodukt (Haarpflege)<br \/>\nSeite 1 \/ 2<br \/>\n5. Zutaten<br \/>\nINCI-Bezeichnung<br \/>\nRP.14.03\/02.01.2023\/00<br \/>\n\/&#8211;<br \/>\nErstellungsdatum und Revision: 02.01.2023\/0<br \/>\nAqua<br \/>\nFunktion<br \/>\nDimethicon<br \/>\nGlyzerin<br \/>\nL\u00f6sungsmittel<br \/>\nEntsch\u00e4umer, Feuchtigkeitsspender, Hautpflege<br \/>\nDenaturierungsmittel, Haarpflegemittel, Feuchthaltemittel, Oral<br \/>\nPflege, Parf\u00fcmierung, Hautschutz, Viskosit\u00e4t<br \/>\nControlling<br \/>\nLinoleamidopropyl PG-Dimoniumchlorid<br \/>\nPhosphat (Phospholipid)<br \/>\nHautpflegend<br \/>\nPanthenol<br \/>\nAllantoin<br \/>\nAntistatisch, haarpflegend, hautpflegend<br \/>\nAloe Barbadensis-Extrakt<br \/>\nHautpflegend, Hautsch\u00fctzend, Weichmacher<br \/>\nPolysorbat 20<br \/>\nWeichmachend, feuchtigkeitsspendend, hautpflegend<br \/>\nEmulgator<br \/>\nZitronens\u00e4ure<br \/>\npH-Balancer<br \/>\nTocopherylacetat<br \/>\nAntioxidans, Hautpflege<br \/>\nLinols\u00e4ure<br \/>\nLinolens\u00e4ure<br \/>\nHautpflegend, Feuchtigkeitsspendend<br \/>\nParfum<br \/>\nHautpflegend, Feuchtigkeitsspendend<br \/>\nChamomilla Recutita-Bl\u00fctenextrakt<br \/>\nParf\u00fcmieren<br \/>\nHautpflege<br \/>\nKaliumsorbat<br \/>\nNatriumbenzoat<br \/>\nKonservierungsmittel<br \/>\nKonservierungsmittel<\/p>\n<p>6. Allgemeines Erscheinungsbild: Mit farbloser L\u00f6sung impr\u00e4gnierte wei\u00dfe Kappe<\/p>\n<p>7. Vliesstoff: 120 g\/m\u00b2, wei\u00dfes Spunlace<\/p>\n<p>8. \u00c4u\u00dferes Vlies: 35 g\/m\u00b2, wei\u00dfes Spinnvlies<\/p>\n<p>9. pH-Wert: 5,0-6,0<\/p>\n<p>10. Haltbarkeit: 2 Jahre<\/p>\n<p>11. Prim\u00e4rverpackung: Doypack, PET+PE<\/p>\n<p><strong>Verpackungsdetails<\/strong><\/p>\n<p>Packung\/Karton\/Palette Menge<br \/>\nGewicht<br \/>\nPack<br \/>\n1 Shampoo-Kappe in einer Packung<br \/>\n0,160 kg<br \/>\nMa\u00dfe<br \/>\nKasten<br \/>\n50 cm Durchmesser<br \/>\n75 Packungen im Karton<br \/>\n13 kg<br \/>\nPalette<br \/>\n39 cm x 39 cm x 30 cm<br \/>\n36 Kartons auf einer Palette<br \/>\n483 kg<br \/>\n80 cm x 120 cm x 195 cm<br \/>\nSeite 2 \/ 2<\/p>\n<table border=\"0\" width=\"100%\">\n<tbody>\n<tr>\n<td>Shampoo- und Sp\u00fclungskappe<\/td>\n<td>1x<\/td>\n<td>16\u00d728 cm<\/td>\n<\/tr>\n<\/tbody>\n<\/table>\n<p>&nbsp;<\/p>","protected":false},"excerpt":{"rendered":"<p>Med-Cover Shampoo &amp; Conditioner Cap Product Name:\u00a0 Med-Cover Shampoo&amp;Conditioner Cap Category: Cosmetic Product Code : ASF-0020 1. General Product Description RP.14.03\/02.01.2023\/00\/&#8211; Prepared Date and Rev: 02.01.2023\/0 TECHNICAL DATA SHEET (TDS) Med-Cover Shampoo Cap is intended for cleaning the hair, head area and scalp of the bedridden and intensive care patients. \u2713 Ready to Use \u2713 [&hellip;]<\/p>","protected":false},"featured_media":18284,"comment_status":"open","ping_status":"closed","template":"","meta":[],"product_brand":[],"product_cat":[166,81],"product_tag":[],"class_list":{"0":"post-17818","1":"product","2":"type-product","3":"status-publish","4":"has-post-thumbnail","6":"product_cat-body-cleansing","7":"product_cat-higiene","9":"first","10":"instock","11":"shipping-taxable","12":"product-type-grouped"},"yoast_head":"<!-- This site is optimized with the Yoast SEO plugin v26.2 - https:\/\/yoast.com\/wordpress\/plugins\/seo\/ -->\n<title>Shampoo and Conditioner Cap - Protectiva.pl \u2013 Professionelle Medizinische und Hygieneprodukte | CE- &amp; ISO-zertifiziert<\/title>\n<meta name=\"robots\" content=\"index, follow, max-snippet:-1, max-image-preview:large, max-video-preview:-1\" \/>\n<link rel=\"canonical\" href=\"https:\/\/protectiva.de\/de\/?product=shampoo-and-conditioner-cap\" \/>\n<meta property=\"og:locale\" content=\"de_DE\" \/>\n<meta property=\"og:type\" content=\"article\" \/>\n<meta property=\"og:title\" content=\"Shampoo and Conditioner Cap - Protectiva.pl \u2013 Professionelle Medizinische und Hygieneprodukte | CE- &amp; ISO-zertifiziert\" \/>\n<meta property=\"og:description\" content=\"Med-Cover Shampoo &amp; Conditioner Cap Product Name:\u00a0 Med-Cover Shampoo&amp;Conditioner Cap Category: Cosmetic Product Code : ASF-0020 1. General Product Description RP.14.03\/02.01.2023\/00\/&#8211; Prepared Date and Rev: 02.01.2023\/0 TECHNICAL DATA SHEET (TDS) Med-Cover Shampoo Cap is intended for cleaning the hair, head area and scalp of the bedridden and intensive care patients. \u2713 Ready to Use \u2713 [&hellip;]\" \/>\n<meta property=\"og:url\" content=\"https:\/\/protectiva.de\/de\/?product=shampoo-and-conditioner-cap\" \/>\n<meta property=\"og:site_name\" content=\"Protectiva.pl \u2013 Professionelle Medizinische und Hygieneprodukte | CE- &amp; ISO-zertifiziert\" \/>\n<meta property=\"article:modified_time\" content=\"2025-03-28T19:10:52+00:00\" \/>\n<meta property=\"og:image\" content=\"https:\/\/protectiva.de\/wp-content\/uploads\/2025\/03\/ASF-0020.jpg\" \/>\n\t<meta property=\"og:image:width\" content=\"168\" \/>\n\t<meta property=\"og:image:height\" content=\"238\" \/>\n\t<meta property=\"og:image:type\" content=\"image\/jpeg\" \/>\n<meta name=\"twitter:card\" content=\"summary_large_image\" \/>\n<meta name=\"twitter:label1\" content=\"Gesch\u00e4tzte Lesezeit\" \/>\n\t<meta name=\"twitter:data1\" content=\"2\u00a0Minuten\" \/>\n<script type=\"application\/ld+json\" class=\"yoast-schema-graph\">{\"@context\":\"https:\/\/schema.org\",\"@graph\":[{\"@type\":\"WebPage\",\"@id\":\"https:\/\/protectiva.de\/?product=shampoo-and-conditioner-cap\",\"url\":\"https:\/\/protectiva.de\/?product=shampoo-and-conditioner-cap\",\"name\":\"Shampoo and Conditioner Cap - Protectiva.pl \u2013 Professionelle Medizinische und Hygieneprodukte | CE- &amp; ISO-zertifiziert\",\"isPartOf\":{\"@id\":\"https:\/\/protectiva.de\/#website\"},\"primaryImageOfPage\":{\"@id\":\"https:\/\/protectiva.de\/?product=shampoo-and-conditioner-cap#primaryimage\"},\"image\":{\"@id\":\"https:\/\/protectiva.de\/?product=shampoo-and-conditioner-cap#primaryimage\"},\"thumbnailUrl\":\"https:\/\/protectiva.de\/wp-content\/uploads\/2025\/03\/ASF-0020.jpg\",\"datePublished\":\"2025-03-25T13:26:14+00:00\",\"dateModified\":\"2025-03-28T19:10:52+00:00\",\"breadcrumb\":{\"@id\":\"https:\/\/protectiva.de\/?product=shampoo-and-conditioner-cap#breadcrumb\"},\"inLanguage\":\"de\",\"potentialAction\":[{\"@type\":\"ReadAction\",\"target\":[\"https:\/\/protectiva.de\/?product=shampoo-and-conditioner-cap\"]}]},{\"@type\":\"ImageObject\",\"inLanguage\":\"de\",\"@id\":\"https:\/\/protectiva.de\/?product=shampoo-and-conditioner-cap#primaryimage\",\"url\":\"https:\/\/protectiva.de\/wp-content\/uploads\/2025\/03\/ASF-0020.jpg\",\"contentUrl\":\"https:\/\/protectiva.de\/wp-content\/uploads\/2025\/03\/ASF-0020.jpg\",\"width\":168,\"height\":238},{\"@type\":\"BreadcrumbList\",\"@id\":\"https:\/\/protectiva.de\/?product=shampoo-and-conditioner-cap#breadcrumb\",\"itemListElement\":[{\"@type\":\"ListItem\",\"position\":1,\"name\":\"Home\",\"item\":\"https:\/\/protectiva.de\/\"},{\"@type\":\"ListItem\",\"position\":2,\"name\":\"All Products\",\"item\":\"https:\/\/protectiva.de\/shop\/\"},{\"@type\":\"ListItem\",\"position\":3,\"name\":\"Shampoo and Conditioner Cap\"}]},{\"@type\":\"WebSite\",\"@id\":\"https:\/\/protectiva.de\/#website\",\"url\":\"https:\/\/protectiva.de\/\",\"name\":\"Protectiva\",\"description\":\"Innovative Medical Solutions Protectiva.de bietet hochwertige medizinische und Hygieneprodukte. Zuverl\u00e4ssige Schutzausr\u00fcstung, Sterilisationsl\u00f6sungen und Gesundheitsversorgung gem\u00e4\u00df CE- und ISO-Standards f\u00fcr Krankenh\u00e4user und Kliniken. Die ideale Wahl f\u00fcr sichere und komfortable Gesundheitsumgebungen.\",\"publisher\":{\"@id\":\"https:\/\/protectiva.de\/#organization\"},\"potentialAction\":[{\"@type\":\"SearchAction\",\"target\":{\"@type\":\"EntryPoint\",\"urlTemplate\":\"https:\/\/protectiva.de\/?s={search_term_string}\"},\"query-input\":{\"@type\":\"PropertyValueSpecification\",\"valueRequired\":true,\"valueName\":\"search_term_string\"}}],\"inLanguage\":\"de\"},{\"@type\":\"Organization\",\"@id\":\"https:\/\/protectiva.de\/#organization\",\"name\":\"Protectiva\",\"url\":\"https:\/\/protectiva.de\/\",\"logo\":{\"@type\":\"ImageObject\",\"inLanguage\":\"de\",\"@id\":\"https:\/\/protectiva.de\/#\/schema\/logo\/image\/\",\"url\":\"https:\/\/protectiva.de\/wp-content\/uploads\/2025\/03\/logo-protectiva-son-hali.png\",\"contentUrl\":\"https:\/\/protectiva.de\/wp-content\/uploads\/2025\/03\/logo-protectiva-son-hali.png\",\"width\":1140,\"height\":585,\"caption\":\"Protectiva\"},\"image\":{\"@id\":\"https:\/\/protectiva.de\/#\/schema\/logo\/image\/\"}}]}<\/script>\n<!-- \/ Yoast SEO plugin. -->","yoast_head_json":{"title":"Shampoo and Conditioner Cap - Protectiva.pl \u2013 Professionelle Medizinische und Hygieneprodukte | CE- &amp; ISO-zertifiziert","robots":{"index":"index","follow":"follow","max-snippet":"max-snippet:-1","max-image-preview":"max-image-preview:large","max-video-preview":"max-video-preview:-1"},"canonical":"https:\/\/protectiva.de\/de\/?product=shampoo-and-conditioner-cap","og_locale":"de_DE","og_type":"article","og_title":"Shampoo and Conditioner Cap - Protectiva.pl \u2013 Professionelle Medizinische und Hygieneprodukte | CE- &amp; ISO-zertifiziert","og_description":"Med-Cover Shampoo &amp; Conditioner Cap Product Name:\u00a0 Med-Cover Shampoo&amp;Conditioner Cap Category: Cosmetic Product Code : ASF-0020 1. General Product Description RP.14.03\/02.01.2023\/00\/&#8211; Prepared Date and Rev: 02.01.2023\/0 TECHNICAL DATA SHEET (TDS) Med-Cover Shampoo Cap is intended for cleaning the hair, head area and scalp of the bedridden and intensive care patients. \u2713 Ready to Use \u2713 [&hellip;]","og_url":"https:\/\/protectiva.de\/de\/?product=shampoo-and-conditioner-cap","og_site_name":"Protectiva.pl \u2013 Professionelle Medizinische und Hygieneprodukte | CE- &amp; ISO-zertifiziert","article_modified_time":"2025-03-28T19:10:52+00:00","og_image":[{"width":168,"height":238,"url":"https:\/\/protectiva.de\/wp-content\/uploads\/2025\/03\/ASF-0020.jpg","type":"image\/jpeg"}],"twitter_card":"summary_large_image","twitter_misc":{"Gesch\u00e4tzte Lesezeit":"2\u00a0Minuten"},"schema":{"@context":"https:\/\/schema.org","@graph":[{"@type":"WebPage","@id":"https:\/\/protectiva.de\/?product=shampoo-and-conditioner-cap","url":"https:\/\/protectiva.de\/?product=shampoo-and-conditioner-cap","name":"Shampoo and Conditioner Cap - Protectiva.pl \u2013 Professionelle Medizinische und Hygieneprodukte | CE- &amp; ISO-zertifiziert","isPartOf":{"@id":"https:\/\/protectiva.de\/#website"},"primaryImageOfPage":{"@id":"https:\/\/protectiva.de\/?product=shampoo-and-conditioner-cap#primaryimage"},"image":{"@id":"https:\/\/protectiva.de\/?product=shampoo-and-conditioner-cap#primaryimage"},"thumbnailUrl":"https:\/\/protectiva.de\/wp-content\/uploads\/2025\/03\/ASF-0020.jpg","datePublished":"2025-03-25T13:26:14+00:00","dateModified":"2025-03-28T19:10:52+00:00","breadcrumb":{"@id":"https:\/\/protectiva.de\/?product=shampoo-and-conditioner-cap#breadcrumb"},"inLanguage":"de","potentialAction":[{"@type":"ReadAction","target":["https:\/\/protectiva.de\/?product=shampoo-and-conditioner-cap"]}]},{"@type":"ImageObject","inLanguage":"de","@id":"https:\/\/protectiva.de\/?product=shampoo-and-conditioner-cap#primaryimage","url":"https:\/\/protectiva.de\/wp-content\/uploads\/2025\/03\/ASF-0020.jpg","contentUrl":"https:\/\/protectiva.de\/wp-content\/uploads\/2025\/03\/ASF-0020.jpg","width":168,"height":238},{"@type":"BreadcrumbList","@id":"https:\/\/protectiva.de\/?product=shampoo-and-conditioner-cap#breadcrumb","itemListElement":[{"@type":"ListItem","position":1,"name":"Home","item":"https:\/\/protectiva.de\/"},{"@type":"ListItem","position":2,"name":"All Products","item":"https:\/\/protectiva.de\/shop\/"},{"@type":"ListItem","position":3,"name":"Shampoo and Conditioner Cap"}]},{"@type":"WebSite","@id":"https:\/\/protectiva.de\/#website","url":"https:\/\/protectiva.de\/","name":"Protectiva","description":"Innovative Medical Solutions Protectiva.de bietet hochwertige medizinische und Hygieneprodukte. Zuverl\u00e4ssige Schutzausr\u00fcstung, Sterilisationsl\u00f6sungen und Gesundheitsversorgung gem\u00e4\u00df CE- und ISO-Standards f\u00fcr Krankenh\u00e4user und Kliniken. Die ideale Wahl f\u00fcr sichere und komfortable Gesundheitsumgebungen.","publisher":{"@id":"https:\/\/protectiva.de\/#organization"},"potentialAction":[{"@type":"SearchAction","target":{"@type":"EntryPoint","urlTemplate":"https:\/\/protectiva.de\/?s={search_term_string}"},"query-input":{"@type":"PropertyValueSpecification","valueRequired":true,"valueName":"search_term_string"}}],"inLanguage":"de"},{"@type":"Organization","@id":"https:\/\/protectiva.de\/#organization","name":"Protectiva","url":"https:\/\/protectiva.de\/","logo":{"@type":"ImageObject","inLanguage":"de","@id":"https:\/\/protectiva.de\/#\/schema\/logo\/image\/","url":"https:\/\/protectiva.de\/wp-content\/uploads\/2025\/03\/logo-protectiva-son-hali.png","contentUrl":"https:\/\/protectiva.de\/wp-content\/uploads\/2025\/03\/logo-protectiva-son-hali.png","width":1140,"height":585,"caption":"Protectiva"},"image":{"@id":"https:\/\/protectiva.de\/#\/schema\/logo\/image\/"}}]}},"_links":{"self":[{"href":"https:\/\/protectiva.de\/de\/wp-json\/wp\/v2\/product\/17818","targetHints":{"allow":["GET"]}}],"collection":[{"href":"https:\/\/protectiva.de\/de\/wp-json\/wp\/v2\/product"}],"about":[{"href":"https:\/\/protectiva.de\/de\/wp-json\/wp\/v2\/types\/product"}],"replies":[{"embeddable":true,"href":"https:\/\/protectiva.de\/de\/wp-json\/wp\/v2\/comments?post=17818"}],"wp:featuredmedia":[{"embeddable":true,"href":"https:\/\/protectiva.de\/de\/wp-json\/wp\/v2\/media\/18284"}],"wp:attachment":[{"href":"https:\/\/protectiva.de\/de\/wp-json\/wp\/v2\/media?parent=17818"}],"wp:term":[{"taxonomy":"product_brand","embeddable":true,"href":"https:\/\/protectiva.de\/de\/wp-json\/wp\/v2\/product_brand?post=17818"},{"taxonomy":"product_cat","embeddable":true,"href":"https:\/\/protectiva.de\/de\/wp-json\/wp\/v2\/product_cat?post=17818"},{"taxonomy":"product_tag","embeddable":true,"href":"https:\/\/protectiva.de\/de\/wp-json\/wp\/v2\/product_tag?post=17818"}],"curies":[{"name":"wp","href":"https:\/\/api.w.org\/{rel}","templated":true}]}}