{"id":17814,"date":"2025-03-25T13:26:14","date_gmt":"2025-03-25T13:26:14","guid":{"rendered":"https:\/\/protectiva.pl\/product\/sting-free-barrier-spray\/"},"modified":"2025-03-28T19:10:51","modified_gmt":"2025-03-28T19:10:51","slug":"stichfreies-barrierespray","status":"publish","type":"product","link":"https:\/\/protectiva.de\/de\/produkt\/stichfreies-barrierespray\/","title":{"rendered":"Stichfreies Barrierespray"},"content":{"rendered":"<h3>Produktcode: MCS-0010<\/h3>\n<h2>TECHNISCHES DATENBLATT (TDS)<\/h2>\n<p><strong>Produkt<\/strong> <strong>Name:\u00a0\u00a0\u00a0\u00a0\u00a0\u00a0\u00a0\u00a0\u00a0 <\/strong>Med-Cover\u00ae Barrierefolie<\/p>\n<p><strong>Kategorie:\u00a0\u00a0\u00a0\u00a0\u00a0\u00a0\u00a0\u00a0\u00a0\u00a0\u00a0\u00a0\u00a0\u00a0\u00a0\u00a0\u00a0\u00a0\u00a0\u00a0 <\/strong>Medizinprodukt<\/p>\n<p><strong>Klasse:\u00a0\u00a0\u00a0\u00a0\u00a0\u00a0\u00a0\u00a0\u00a0\u00a0\u00a0\u00a0\u00a0\u00a0\u00a0\u00a0\u00a0\u00a0\u00a0\u00a0\u00a0\u00a0\u00a0\u00a0\u00a0\u00a0\u00a0\u00a0 <\/strong>Klasse 1 \u2013 Sonstige<\/p>\n<p>(Unsteril und ohne Messfunktion)<\/p>\n<h1>1. Allgemeine Produktbeschreibung<\/h1>\n<p>Med-Cover Barrier Film basiert auf Silikon 100%. Er bildet eine langanhaltende, transparente Barriereschicht, die in maximal 35\u201345 Sekunden trocknet. Diese transparente Barriereschicht ist langlebig, atmungsaktiv, strapazierf\u00e4hig und bietet umfassenden Schutz vor m\u00f6glichen Sch\u00e4den. Das nach dem Auftragen des Produkts verwendete Pflaster bzw. der Stomaadapter verhindert nicht die Haftung von Wundpflegeprodukten. Er ist weder toxisch noch reizend.<\/p>\n<h1>2. Gebrauchsanweisung<\/h1>\n<ol>\n<li>\u00dcberpr\u00fcfen Sie die Flasche Med-Cover Barrier Film vor dem \u00d6ffnen visuell auf Besch\u00e4digungen. Verwenden Sie besch\u00e4digte<\/li>\n<li>Die Haut sollte vor der Anwendung von Barrier sauber und trocken sein<\/li>\n<li>Halten Sie die Spr\u00fchd\u00fcse 10\u201315 cm von der Haut entfernt und tragen Sie das Produkt mit weit ausholenden Bewegungen auf. Achten Sie darauf, dass die gesamte Anwendungsstelle mit Folie abgedeckt ist. Sollten Sie eine Stelle \u00fcbersehen haben, tragen Sie das Produkt dort erneut auf.<\/li>\n<li>Bei jedem Verband muss die Barrierefolie erneut aufgetragen werden und\/oder in F\u00e4llen, in denen das Auftragen auf die Haut nicht m\u00f6glich ist, kann der medizinische Klebstoff aufgetragen und leicht entfernt werden.<\/li>\n<li>Bei Verwendung als Schutz vor K\u00f6rperfl\u00fcssigkeiten, F\u00e4kalien oder Urin und wenn keine Klebeprodukte auf die Haut aufgetragen werden, wird empfohlen, die Barrierefolie je nach Situation alle 24\u201372 Stunden erneut aufzutragen.<\/li>\n<li>Bei Anwendungen, die eine h\u00e4ufige Reinigung erfordern (z. B. Stuhlgang mit st\u00e4ndigem Durchfall), kann eine h\u00e4ufigere Anwendung erforderlich sein.<\/li>\n<li>Schlie\u00dfen Sie die Abdeckung des Produkts, wenn Sie es nicht benutzen.<\/li>\n<\/ol>\n<h1>3. Pr\u00e4sentationen:<\/h1>\n<p>Med Cover Barrier Film ist in Tuben zu 30 ml und 50 ml erh\u00e4ltlich. Eine detaillierte Produktliste finden Sie in der folgenden Tabelle.<\/p>\n<table>\n<tbody>\n<tr>\n<td width=\"120\"><strong>Barcode<\/strong><\/td>\n<td width=\"135\"><strong>Referenz <\/strong><strong>NEIN<\/strong><\/td>\n<td width=\"123\"><strong>Produkt<\/strong><strong> Name<\/strong><\/td>\n<td width=\"95\"><strong>Menge<\/strong><\/td>\n<td width=\"132\"><strong>Einstufung<\/strong><\/td>\n<\/tr>\n<tr>\n<td width=\"120\">8683148050032<\/td>\n<td width=\"135\">MCS0010<\/td>\n<td width=\"123\">Barrierefolie<\/td>\n<td width=\"95\">30 ml<\/td>\n<td width=\"132\">Klasse I \u2013 Sonstige<\/td>\n<\/tr>\n<tr>\n<td width=\"120\">8683148050049<\/td>\n<td width=\"135\">MCS0020<\/td>\n<td width=\"123\">Barrierefolie<\/td>\n<td width=\"95\">50 ml<\/td>\n<td width=\"132\">Klasse I \u2013 Sonstige<\/td>\n<\/tr>\n<\/tbody>\n<\/table>\n<p>4. Zutaten<\/p>\n<table>\n<tbody>\n<tr>\n<td width=\"168\"><strong>INCI-Bezeichnung<\/strong><\/td>\n<td width=\"92\"><strong>CAS<\/strong> <strong>NEIN<\/strong><\/td>\n<td width=\"84\"><strong>EG-Nr.<\/strong><\/td>\n<td width=\"260\"><strong>Funktion<\/strong><\/td>\n<\/tr>\n<tr>\n<td width=\"168\">Polydimethylsiloxan<\/td>\n<td width=\"92\">63148-62-9<\/td>\n<td width=\"84\">613-156-5<\/td>\n<td width=\"260\">L\u00f6sungsmittel<\/td>\n<\/tr>\n<tr>\n<td width=\"168\">Cyclopentasiloxan<\/td>\n<td width=\"92\">541-02-6<\/td>\n<td width=\"84\">208-764-9<\/td>\n<td width=\"260\">L\u00f6sungsmittel<\/td>\n<\/tr>\n<tr>\n<td width=\"168\">Trimethylsiloxysilikat<\/td>\n<td width=\"92\">&#8211;<\/td>\n<td width=\"84\">&#8211;<\/td>\n<td width=\"260\">Barrierefolie<\/td>\n<\/tr>\n<tr>\n<td width=\"168\">Phenyltrimethicon<\/td>\n<td width=\"92\">2116-84-9<\/td>\n<td width=\"84\">218-320-6<\/td>\n<td width=\"260\">Abwaschbest\u00e4ndigkeit, Glanz<\/td>\n<\/tr>\n<\/tbody>\n<\/table>\n<p>&nbsp;<\/p>\n<ol start=\"5\">\n<li><strong>Allgemein<\/strong> <strong>Aussehen:<\/strong> Fl\u00fcssig, Transparent<\/li>\n<li><strong>Regal<\/strong> <strong>Leben:<\/strong> 3 Jahre<\/li>\n<li><strong>Prim\u00e4rverpackung:<\/strong> Polyethylen hoher Dichte<\/li>\n<\/ol>\n<table>\n<tbody>\n<tr>\n<td rowspan=\"4\" width=\"57\">Barrierefolie 30ml<\/td>\n<td width=\"104\">Verpackungsdetails<\/td>\n<td width=\"161\">Packung\/Karton\/Palette Menge<\/td>\n<td width=\"95\">Gewicht<\/td>\n<td width=\"189\">Ma\u00dfe<\/td>\n<\/tr>\n<tr>\n<td width=\"104\">Pack<\/td>\n<td width=\"161\">30 ml\/Flasche<\/td>\n<td width=\"95\">0,042 kg<\/td>\n<td width=\"189\">3,5 cm x 3,5 cm x 9,3 cm<\/td>\n<\/tr>\n<tr>\n<td width=\"104\">Kasten<\/td>\n<td width=\"161\">152 Flaschen\/Karton<\/td>\n<td width=\"95\">7,4 kg<\/td>\n<td width=\"189\">29,5cm x 29,5cm x 23 cm<\/td>\n<\/tr>\n<tr>\n<td width=\"104\">Palette<\/td>\n<td width=\"161\">48 Kartons\/Palette<\/td>\n<td width=\"95\">370 kg<\/td>\n<td width=\"189\">80 cm x 120 cm x 195 cm<\/td>\n<\/tr>\n<\/tbody>\n<\/table>\n<p>&nbsp;<\/p>\n<table>\n<tbody>\n<tr>\n<td rowspan=\"4\" width=\"57\">Barrierefolie 50ml<\/td>\n<td width=\"104\">Verpackungsdetails<\/td>\n<td width=\"161\">Packung\/Karton\/Palette Menge<\/td>\n<td width=\"95\">Gewicht<\/td>\n<td width=\"189\">Ma\u00dfe<\/td>\n<\/tr>\n<tr>\n<td width=\"104\">Pack<\/td>\n<td width=\"161\">50 ml\/Flasche<\/td>\n<td width=\"95\">0,069 kg<\/td>\n<td width=\"189\">3,5 cm x 3,5 cm x 12 cm<\/td>\n<\/tr>\n<tr>\n<td width=\"104\">Kasten<\/td>\n<td width=\"161\">98 Flaschen\/Karton<\/td>\n<td width=\"95\">7,8 kg<\/td>\n<td width=\"189\">29,5cm x 29,5cm x 23 cm<\/td>\n<\/tr>\n<tr>\n<td width=\"104\">Palette<\/td>\n<td width=\"161\">48 Kartons\/Palette<\/td>\n<td width=\"95\">390 kg<\/td>\n<td width=\"189\">80 cm x 120 cm x 195 cm<\/td>\n<\/tr>\n<\/tbody>\n<\/table>\n<p>&nbsp;<\/p>\n<table style=\"height: 41px\" border=\"0\" width=\"639\">\n<thead>\n<tr>\n<th>Produktname<\/th>\n<th>MENGE<\/th>\n<th>Gr\u00f6\u00dfe<\/th>\n<\/tr>\n<\/thead>\n<tbody>\n<tr>\n<td>Stichfreies Barrierespray<\/td>\n<td>1X<\/td>\n<td>30 ml<\/td>\n<\/tr>\n<\/tbody>\n<\/table>\n<div id=\"gtx-trans\" style=\"position: absolute;left: -62px;top: 3.71875px\">\n<div class=\"gtx-trans-icon\"><\/div>\n<\/div>","protected":false},"excerpt":{"rendered":"<p><a href=\"https:\/\/protectiva.de\/wp-content\/uploads\/2025\/03\/MCS-0010.pdf\">MCS-0010<\/a><\/p>","protected":false},"featured_media":18296,"comment_status":"open","ping_status":"closed","template":"","meta":[],"product_brand":[],"product_cat":[81,165],"product_tag":[],"class_list":{"0":"post-17814","1":"product","2":"type-product","3":"status-publish","4":"has-post-thumbnail","6":"product_cat-higiene","7":"product_cat-inpatient-care","9":"first","10":"instock","11":"shipping-taxable","12":"product-type-grouped"},"yoast_head":"<!-- This site is optimized with the Yoast SEO plugin v26.2 - https:\/\/yoast.com\/wordpress\/plugins\/seo\/ -->\n<title>Sting Free Barrier Spray - Protectiva.pl \u2013 Professionelle Medizinische und Hygieneprodukte | CE- &amp; ISO-zertifiziert<\/title>\n<meta name=\"robots\" content=\"index, follow, max-snippet:-1, max-image-preview:large, max-video-preview:-1\" \/>\n<link rel=\"canonical\" href=\"https:\/\/protectiva.de\/de\/?product=sting-free-barrier-spray\" \/>\n<meta property=\"og:locale\" content=\"de_DE\" \/>\n<meta property=\"og:type\" content=\"article\" \/>\n<meta property=\"og:title\" content=\"Sting Free Barrier Spray - Protectiva.pl \u2013 Professionelle Medizinische und Hygieneprodukte | CE- &amp; ISO-zertifiziert\" \/>\n<meta property=\"og:description\" content=\"MCS-0010\" \/>\n<meta property=\"og:url\" content=\"https:\/\/protectiva.de\/de\/?product=sting-free-barrier-spray\" \/>\n<meta property=\"og:site_name\" content=\"Protectiva.pl \u2013 Professionelle Medizinische und Hygieneprodukte | CE- &amp; ISO-zertifiziert\" \/>\n<meta property=\"article:modified_time\" content=\"2025-03-28T19:10:51+00:00\" \/>\n<meta property=\"og:image\" content=\"https:\/\/protectiva.de\/wp-content\/uploads\/2025\/03\/MCS-0010.jpg\" \/>\n\t<meta property=\"og:image:width\" content=\"305\" \/>\n\t<meta property=\"og:image:height\" content=\"305\" \/>\n\t<meta property=\"og:image:type\" content=\"image\/jpeg\" \/>\n<meta name=\"twitter:card\" content=\"summary_large_image\" \/>\n<meta name=\"twitter:label1\" content=\"Gesch\u00e4tzte Lesezeit\" \/>\n\t<meta name=\"twitter:data1\" content=\"2\u00a0Minuten\" \/>\n<script type=\"application\/ld+json\" class=\"yoast-schema-graph\">{\"@context\":\"https:\/\/schema.org\",\"@graph\":[{\"@type\":\"WebPage\",\"@id\":\"https:\/\/protectiva.de\/?product=sting-free-barrier-spray\",\"url\":\"https:\/\/protectiva.de\/?product=sting-free-barrier-spray\",\"name\":\"Sting Free Barrier Spray - Protectiva.pl \u2013 Professionelle Medizinische und Hygieneprodukte | CE- &amp; ISO-zertifiziert\",\"isPartOf\":{\"@id\":\"https:\/\/protectiva.de\/#website\"},\"primaryImageOfPage\":{\"@id\":\"https:\/\/protectiva.de\/?product=sting-free-barrier-spray#primaryimage\"},\"image\":{\"@id\":\"https:\/\/protectiva.de\/?product=sting-free-barrier-spray#primaryimage\"},\"thumbnailUrl\":\"https:\/\/protectiva.de\/wp-content\/uploads\/2025\/03\/MCS-0010.jpg\",\"datePublished\":\"2025-03-25T13:26:14+00:00\",\"dateModified\":\"2025-03-28T19:10:51+00:00\",\"breadcrumb\":{\"@id\":\"https:\/\/protectiva.de\/?product=sting-free-barrier-spray#breadcrumb\"},\"inLanguage\":\"de\",\"potentialAction\":[{\"@type\":\"ReadAction\",\"target\":[\"https:\/\/protectiva.de\/?product=sting-free-barrier-spray\"]}]},{\"@type\":\"ImageObject\",\"inLanguage\":\"de\",\"@id\":\"https:\/\/protectiva.de\/?product=sting-free-barrier-spray#primaryimage\",\"url\":\"https:\/\/protectiva.de\/wp-content\/uploads\/2025\/03\/MCS-0010.jpg\",\"contentUrl\":\"https:\/\/protectiva.de\/wp-content\/uploads\/2025\/03\/MCS-0010.jpg\",\"width\":305,\"height\":305},{\"@type\":\"BreadcrumbList\",\"@id\":\"https:\/\/protectiva.de\/?product=sting-free-barrier-spray#breadcrumb\",\"itemListElement\":[{\"@type\":\"ListItem\",\"position\":1,\"name\":\"Home\",\"item\":\"https:\/\/protectiva.de\/\"},{\"@type\":\"ListItem\",\"position\":2,\"name\":\"All Products\",\"item\":\"https:\/\/protectiva.de\/shop\/\"},{\"@type\":\"ListItem\",\"position\":3,\"name\":\"Sting Free Barrier Spray\"}]},{\"@type\":\"WebSite\",\"@id\":\"https:\/\/protectiva.de\/#website\",\"url\":\"https:\/\/protectiva.de\/\",\"name\":\"Protectiva\",\"description\":\"Innovative Medical Solutions Protectiva.de bietet hochwertige medizinische und Hygieneprodukte. Zuverl\u00e4ssige Schutzausr\u00fcstung, Sterilisationsl\u00f6sungen und Gesundheitsversorgung gem\u00e4\u00df CE- und ISO-Standards f\u00fcr Krankenh\u00e4user und Kliniken. Die ideale Wahl f\u00fcr sichere und komfortable Gesundheitsumgebungen.\",\"publisher\":{\"@id\":\"https:\/\/protectiva.de\/#organization\"},\"potentialAction\":[{\"@type\":\"SearchAction\",\"target\":{\"@type\":\"EntryPoint\",\"urlTemplate\":\"https:\/\/protectiva.de\/?s={search_term_string}\"},\"query-input\":{\"@type\":\"PropertyValueSpecification\",\"valueRequired\":true,\"valueName\":\"search_term_string\"}}],\"inLanguage\":\"de\"},{\"@type\":\"Organization\",\"@id\":\"https:\/\/protectiva.de\/#organization\",\"name\":\"Protectiva\",\"url\":\"https:\/\/protectiva.de\/\",\"logo\":{\"@type\":\"ImageObject\",\"inLanguage\":\"de\",\"@id\":\"https:\/\/protectiva.de\/#\/schema\/logo\/image\/\",\"url\":\"https:\/\/protectiva.de\/wp-content\/uploads\/2025\/03\/logo-protectiva-son-hali.png\",\"contentUrl\":\"https:\/\/protectiva.de\/wp-content\/uploads\/2025\/03\/logo-protectiva-son-hali.png\",\"width\":1140,\"height\":585,\"caption\":\"Protectiva\"},\"image\":{\"@id\":\"https:\/\/protectiva.de\/#\/schema\/logo\/image\/\"}}]}<\/script>\n<!-- \/ Yoast SEO plugin. -->","yoast_head_json":{"title":"Sting Free Barrier Spray - Protectiva.pl \u2013 Professionelle Medizinische und Hygieneprodukte | CE- &amp; ISO-zertifiziert","robots":{"index":"index","follow":"follow","max-snippet":"max-snippet:-1","max-image-preview":"max-image-preview:large","max-video-preview":"max-video-preview:-1"},"canonical":"https:\/\/protectiva.de\/de\/?product=sting-free-barrier-spray","og_locale":"de_DE","og_type":"article","og_title":"Sting Free Barrier Spray - Protectiva.pl \u2013 Professionelle Medizinische und Hygieneprodukte | CE- &amp; ISO-zertifiziert","og_description":"MCS-0010","og_url":"https:\/\/protectiva.de\/de\/?product=sting-free-barrier-spray","og_site_name":"Protectiva.pl \u2013 Professionelle Medizinische und Hygieneprodukte | CE- &amp; ISO-zertifiziert","article_modified_time":"2025-03-28T19:10:51+00:00","og_image":[{"width":305,"height":305,"url":"https:\/\/protectiva.de\/wp-content\/uploads\/2025\/03\/MCS-0010.jpg","type":"image\/jpeg"}],"twitter_card":"summary_large_image","twitter_misc":{"Gesch\u00e4tzte Lesezeit":"2\u00a0Minuten"},"schema":{"@context":"https:\/\/schema.org","@graph":[{"@type":"WebPage","@id":"https:\/\/protectiva.de\/?product=sting-free-barrier-spray","url":"https:\/\/protectiva.de\/?product=sting-free-barrier-spray","name":"Sting Free Barrier Spray - Protectiva.pl \u2013 Professionelle Medizinische und Hygieneprodukte | CE- &amp; ISO-zertifiziert","isPartOf":{"@id":"https:\/\/protectiva.de\/#website"},"primaryImageOfPage":{"@id":"https:\/\/protectiva.de\/?product=sting-free-barrier-spray#primaryimage"},"image":{"@id":"https:\/\/protectiva.de\/?product=sting-free-barrier-spray#primaryimage"},"thumbnailUrl":"https:\/\/protectiva.de\/wp-content\/uploads\/2025\/03\/MCS-0010.jpg","datePublished":"2025-03-25T13:26:14+00:00","dateModified":"2025-03-28T19:10:51+00:00","breadcrumb":{"@id":"https:\/\/protectiva.de\/?product=sting-free-barrier-spray#breadcrumb"},"inLanguage":"de","potentialAction":[{"@type":"ReadAction","target":["https:\/\/protectiva.de\/?product=sting-free-barrier-spray"]}]},{"@type":"ImageObject","inLanguage":"de","@id":"https:\/\/protectiva.de\/?product=sting-free-barrier-spray#primaryimage","url":"https:\/\/protectiva.de\/wp-content\/uploads\/2025\/03\/MCS-0010.jpg","contentUrl":"https:\/\/protectiva.de\/wp-content\/uploads\/2025\/03\/MCS-0010.jpg","width":305,"height":305},{"@type":"BreadcrumbList","@id":"https:\/\/protectiva.de\/?product=sting-free-barrier-spray#breadcrumb","itemListElement":[{"@type":"ListItem","position":1,"name":"Home","item":"https:\/\/protectiva.de\/"},{"@type":"ListItem","position":2,"name":"All Products","item":"https:\/\/protectiva.de\/shop\/"},{"@type":"ListItem","position":3,"name":"Sting Free Barrier Spray"}]},{"@type":"WebSite","@id":"https:\/\/protectiva.de\/#website","url":"https:\/\/protectiva.de\/","name":"Protectiva","description":"Innovative Medical Solutions Protectiva.de bietet hochwertige medizinische und Hygieneprodukte. Zuverl\u00e4ssige Schutzausr\u00fcstung, Sterilisationsl\u00f6sungen und Gesundheitsversorgung gem\u00e4\u00df CE- und ISO-Standards f\u00fcr Krankenh\u00e4user und Kliniken. Die ideale Wahl f\u00fcr sichere und komfortable Gesundheitsumgebungen.","publisher":{"@id":"https:\/\/protectiva.de\/#organization"},"potentialAction":[{"@type":"SearchAction","target":{"@type":"EntryPoint","urlTemplate":"https:\/\/protectiva.de\/?s={search_term_string}"},"query-input":{"@type":"PropertyValueSpecification","valueRequired":true,"valueName":"search_term_string"}}],"inLanguage":"de"},{"@type":"Organization","@id":"https:\/\/protectiva.de\/#organization","name":"Protectiva","url":"https:\/\/protectiva.de\/","logo":{"@type":"ImageObject","inLanguage":"de","@id":"https:\/\/protectiva.de\/#\/schema\/logo\/image\/","url":"https:\/\/protectiva.de\/wp-content\/uploads\/2025\/03\/logo-protectiva-son-hali.png","contentUrl":"https:\/\/protectiva.de\/wp-content\/uploads\/2025\/03\/logo-protectiva-son-hali.png","width":1140,"height":585,"caption":"Protectiva"},"image":{"@id":"https:\/\/protectiva.de\/#\/schema\/logo\/image\/"}}]}},"_links":{"self":[{"href":"https:\/\/protectiva.de\/de\/wp-json\/wp\/v2\/product\/17814","targetHints":{"allow":["GET"]}}],"collection":[{"href":"https:\/\/protectiva.de\/de\/wp-json\/wp\/v2\/product"}],"about":[{"href":"https:\/\/protectiva.de\/de\/wp-json\/wp\/v2\/types\/product"}],"replies":[{"embeddable":true,"href":"https:\/\/protectiva.de\/de\/wp-json\/wp\/v2\/comments?post=17814"}],"wp:featuredmedia":[{"embeddable":true,"href":"https:\/\/protectiva.de\/de\/wp-json\/wp\/v2\/media\/18296"}],"wp:attachment":[{"href":"https:\/\/protectiva.de\/de\/wp-json\/wp\/v2\/media?parent=17814"}],"wp:term":[{"taxonomy":"product_brand","embeddable":true,"href":"https:\/\/protectiva.de\/de\/wp-json\/wp\/v2\/product_brand?post=17814"},{"taxonomy":"product_cat","embeddable":true,"href":"https:\/\/protectiva.de\/de\/wp-json\/wp\/v2\/product_cat?post=17814"},{"taxonomy":"product_tag","embeddable":true,"href":"https:\/\/protectiva.de\/de\/wp-json\/wp\/v2\/product_tag?post=17814"}],"curies":[{"name":"wp","href":"https:\/\/api.w.org\/{rel}","templated":true}]}}