{"id":17811,"date":"2025-03-25T13:26:14","date_gmt":"2025-03-25T13:26:14","guid":{"rendered":"https:\/\/protectiva.pl\/product\/barrier-cream-cloths\/"},"modified":"2025-03-28T19:10:51","modified_gmt":"2025-03-28T19:10:51","slug":"barrierecremetucher","status":"publish","type":"product","link":"https:\/\/protectiva.de\/de\/produkt\/barrierecremetucher\/","title":{"rendered":"Barrierecremet\u00fccher"},"content":{"rendered":"<p>Produktcode: MC-0040<\/p>\n<p>&nbsp;<\/p>\n<h1>1. Allgemeine Produktbeschreibung<\/h1>\n<p>Es hilft, die intakte Haut des Dammbereichs vor Dermatitis zu sch\u00fctzen, die durch Inkontinenz bei Patienten mit eingeschr\u00e4nkter Mobilit\u00e4t, Bettl\u00e4gerigkeit und besonderen Bed\u00fcrfnissen wie Intensivpatienten verursacht wird.<\/p>\n<p>Patienten mit Inkontinenz sind gef\u00e4hrdet, eine Inkontinenz-assoziierte Dermatitis (IAD) zu entwickeln. Dadurch besteht das Risiko von Hautverletzungen. Studien zeigen, dass Hautsch\u00e4digungen durch das Anlegen einer Barriere nach jeder Inkontinenzepisode reduziert werden k\u00f6nnen. Das mit Dimethicone angereicherte Med-Cover Barrier Cream Perineal Wipe unterst\u00fctzt Sie bei der kontinuierlichen Patientenversorgung, indem es jedes Mal eine wirksame Barriere anlegt. Jedes Tuch bietet Hautreinigung, Feuchtigkeitsversorgung, Desodorierung, Pflege und Barriereschutz in einem.<\/p>\n<p>Die Dimethicon-Formel hilft bei der Behandlung und Vorbeugung von Dammdermatitis und hilft, Feuchtigkeit zu versiegeln. Die atmungsaktive, transparente Dimethicon-Barriere erleichtert die Hautbeurteilung. CHG-kompatibel und parabenfrei. Nicht reizend.<\/p>\n<h1>2. Gebrauchsanweisung<\/h1>\n<p>Bitte tragen Sie vor der Anwendung Gummihandschuhe, um den Kontakt mit K\u00f6rperfl\u00fcssigkeiten zu vermeiden. \u00d6ffnen Sie die Verpackung \u00fcber die Markierung \u201eHier \u00f6ffnen\u201c auf dem Etikett. Wegen der Empfindlichkeit des Dammbereichs vorsichtig anwenden. Verwenden Sie f\u00fcr jede K\u00f6rperstelle ein separates Tuch. Zus\u00e4tzliches Wasser, Sp\u00fclmittel oder andere Reinigungsmittel sind nicht erforderlich.<\/p>\n<h1>3. Gebrauchsanweisung f\u00fcr die Mikrowelle (optional)<\/h1>\n<ol>\n<li>Legen Sie die Verpackung in die Mikrowelle.<\/li>\n<li>Halten Sie 20 Sekunden lang<\/li>\n<li>\u00dcberpr\u00fcfen Sie die Temperatur von<\/li>\n<li>Nicht \u00fcber 35\u201340 \u00b0C verwenden.<\/li>\n<\/ol>\n<h1>4. Vorsicht und Erste Hilfe:<\/h1>\n<ul>\n<li>Besch\u00e4digte Verpackungen nicht mehr verwenden<\/li>\n<li>Produkte sind Reinigung und Pflege<\/li>\n<li>Verwenden Sie die gebrauchten<\/li>\n<li>Babys im Alter von 0 bis 6 Monaten sowie stillende und schwangere Frauen m\u00fcssen es unter Aufsicht von<\/li>\n<li>Verwenden Sie vor und nach der Anwendung dieses Produkts keine Reinigungsmittel.<\/li>\n<li>Vermeiden Sie den Kontakt mit. Wenn es dennoch zu einem Kontakt kommt, waschen Sie die Augen mit viel Wasser.<\/li>\n<\/ul>\n<p>&nbsp;<\/p>\n<table style=\"height: 51px\" border=\"0\" width=\"738\">\n<thead>\n<tr>\n<th>Produktname<\/th>\n<th>MENGE<\/th>\n<th>Gr\u00f6\u00dfe<\/th>\n<\/tr>\n<\/thead>\n<tbody>\n<tr>\n<td>Barrierecremet\u00fccher<\/td>\n<td>8\/12\/50X<\/td>\n<td>22X22CM<\/td>\n<\/tr>\n<\/tbody>\n<\/table>","protected":false},"excerpt":{"rendered":"<p>Product Code:\u00a0MC-0040 &nbsp; 1.\u00a0\u00a0\u00a0\u00a0\u00a0\u00a0 General Product Description It helps to protect the intact skin of the perineal area from dermatitis which is caused by incontinence of patients with limited mobility, bedridden and special needs such as intensive care patients. Patients with incontinence are at risk of developing incontinence-associated dermatitis (IAD). This puts them at risk [&hellip;]<\/p>","protected":false},"featured_media":18289,"comment_status":"open","ping_status":"closed","template":"","meta":[],"product_brand":[],"product_cat":[81,165],"product_tag":[],"class_list":{"0":"post-17811","1":"product","2":"type-product","3":"status-publish","4":"has-post-thumbnail","6":"product_cat-higiene","7":"product_cat-inpatient-care","9":"first","10":"instock","11":"shipping-taxable","12":"product-type-grouped"},"yoast_head":"<!-- This site is optimized with the Yoast SEO plugin v26.2 - https:\/\/yoast.com\/wordpress\/plugins\/seo\/ -->\n<title>Barrier Cream Cloths - Protectiva.pl \u2013 Professionelle Medizinische und Hygieneprodukte | CE- &amp; ISO-zertifiziert<\/title>\n<meta name=\"robots\" content=\"index, follow, max-snippet:-1, max-image-preview:large, max-video-preview:-1\" \/>\n<link rel=\"canonical\" href=\"https:\/\/protectiva.de\/de\/?product=barrier-cream-cloths\" \/>\n<meta property=\"og:locale\" content=\"de_DE\" \/>\n<meta property=\"og:type\" content=\"article\" \/>\n<meta property=\"og:title\" content=\"Barrier Cream Cloths - Protectiva.pl \u2013 Professionelle Medizinische und Hygieneprodukte | CE- &amp; ISO-zertifiziert\" \/>\n<meta property=\"og:description\" content=\"Product Code:\u00a0MC-0040 &nbsp; 1.\u00a0\u00a0\u00a0\u00a0\u00a0\u00a0 General Product Description It helps to protect the intact skin of the perineal area from dermatitis which is caused by incontinence of patients with limited mobility, bedridden and special needs such as intensive care patients. Patients with incontinence are at risk of developing incontinence-associated dermatitis (IAD). This puts them at risk [&hellip;]\" \/>\n<meta property=\"og:url\" content=\"https:\/\/protectiva.de\/de\/?product=barrier-cream-cloths\" \/>\n<meta property=\"og:site_name\" content=\"Protectiva.pl \u2013 Professionelle Medizinische und Hygieneprodukte | CE- &amp; ISO-zertifiziert\" \/>\n<meta property=\"article:modified_time\" content=\"2025-03-28T19:10:51+00:00\" \/>\n<meta property=\"og:image\" content=\"https:\/\/protectiva.de\/wp-content\/uploads\/2025\/03\/MC-0040.jpg\" \/>\n\t<meta property=\"og:image:width\" content=\"289\" \/>\n\t<meta property=\"og:image:height\" content=\"217\" \/>\n\t<meta property=\"og:image:type\" content=\"image\/jpeg\" \/>\n<meta name=\"twitter:card\" content=\"summary_large_image\" \/>\n<meta name=\"twitter:label1\" content=\"Gesch\u00e4tzte Lesezeit\" \/>\n\t<meta name=\"twitter:data1\" content=\"1\u00a0Minute\" \/>\n<script type=\"application\/ld+json\" class=\"yoast-schema-graph\">{\"@context\":\"https:\/\/schema.org\",\"@graph\":[{\"@type\":\"WebPage\",\"@id\":\"https:\/\/protectiva.de\/?product=barrier-cream-cloths\",\"url\":\"https:\/\/protectiva.de\/?product=barrier-cream-cloths\",\"name\":\"Barrier Cream Cloths - Protectiva.pl \u2013 Professionelle Medizinische und Hygieneprodukte | CE- &amp; ISO-zertifiziert\",\"isPartOf\":{\"@id\":\"https:\/\/protectiva.de\/#website\"},\"primaryImageOfPage\":{\"@id\":\"https:\/\/protectiva.de\/?product=barrier-cream-cloths#primaryimage\"},\"image\":{\"@id\":\"https:\/\/protectiva.de\/?product=barrier-cream-cloths#primaryimage\"},\"thumbnailUrl\":\"https:\/\/protectiva.de\/wp-content\/uploads\/2025\/03\/MC-0040.jpg\",\"datePublished\":\"2025-03-25T13:26:14+00:00\",\"dateModified\":\"2025-03-28T19:10:51+00:00\",\"breadcrumb\":{\"@id\":\"https:\/\/protectiva.de\/?product=barrier-cream-cloths#breadcrumb\"},\"inLanguage\":\"de\",\"potentialAction\":[{\"@type\":\"ReadAction\",\"target\":[\"https:\/\/protectiva.de\/?product=barrier-cream-cloths\"]}]},{\"@type\":\"ImageObject\",\"inLanguage\":\"de\",\"@id\":\"https:\/\/protectiva.de\/?product=barrier-cream-cloths#primaryimage\",\"url\":\"https:\/\/protectiva.de\/wp-content\/uploads\/2025\/03\/MC-0040.jpg\",\"contentUrl\":\"https:\/\/protectiva.de\/wp-content\/uploads\/2025\/03\/MC-0040.jpg\",\"width\":289,\"height\":217},{\"@type\":\"BreadcrumbList\",\"@id\":\"https:\/\/protectiva.de\/?product=barrier-cream-cloths#breadcrumb\",\"itemListElement\":[{\"@type\":\"ListItem\",\"position\":1,\"name\":\"Home\",\"item\":\"https:\/\/protectiva.de\/\"},{\"@type\":\"ListItem\",\"position\":2,\"name\":\"All Products\",\"item\":\"https:\/\/protectiva.de\/shop\/\"},{\"@type\":\"ListItem\",\"position\":3,\"name\":\"Barrier Cream Cloths\"}]},{\"@type\":\"WebSite\",\"@id\":\"https:\/\/protectiva.de\/#website\",\"url\":\"https:\/\/protectiva.de\/\",\"name\":\"Protectiva\",\"description\":\"Innovative Medical Solutions Protectiva.de bietet hochwertige medizinische und Hygieneprodukte. Zuverl\u00e4ssige Schutzausr\u00fcstung, Sterilisationsl\u00f6sungen und Gesundheitsversorgung gem\u00e4\u00df CE- und ISO-Standards f\u00fcr Krankenh\u00e4user und Kliniken. Die ideale Wahl f\u00fcr sichere und komfortable Gesundheitsumgebungen.\",\"publisher\":{\"@id\":\"https:\/\/protectiva.de\/#organization\"},\"potentialAction\":[{\"@type\":\"SearchAction\",\"target\":{\"@type\":\"EntryPoint\",\"urlTemplate\":\"https:\/\/protectiva.de\/?s={search_term_string}\"},\"query-input\":{\"@type\":\"PropertyValueSpecification\",\"valueRequired\":true,\"valueName\":\"search_term_string\"}}],\"inLanguage\":\"de\"},{\"@type\":\"Organization\",\"@id\":\"https:\/\/protectiva.de\/#organization\",\"name\":\"Protectiva\",\"url\":\"https:\/\/protectiva.de\/\",\"logo\":{\"@type\":\"ImageObject\",\"inLanguage\":\"de\",\"@id\":\"https:\/\/protectiva.de\/#\/schema\/logo\/image\/\",\"url\":\"https:\/\/protectiva.de\/wp-content\/uploads\/2025\/03\/logo-protectiva-son-hali.png\",\"contentUrl\":\"https:\/\/protectiva.de\/wp-content\/uploads\/2025\/03\/logo-protectiva-son-hali.png\",\"width\":1140,\"height\":585,\"caption\":\"Protectiva\"},\"image\":{\"@id\":\"https:\/\/protectiva.de\/#\/schema\/logo\/image\/\"}}]}<\/script>\n<!-- \/ Yoast SEO plugin. -->","yoast_head_json":{"title":"Barrier Cream Cloths - Protectiva.pl \u2013 Professionelle Medizinische und Hygieneprodukte | CE- &amp; ISO-zertifiziert","robots":{"index":"index","follow":"follow","max-snippet":"max-snippet:-1","max-image-preview":"max-image-preview:large","max-video-preview":"max-video-preview:-1"},"canonical":"https:\/\/protectiva.de\/de\/?product=barrier-cream-cloths","og_locale":"de_DE","og_type":"article","og_title":"Barrier Cream Cloths - Protectiva.pl \u2013 Professionelle Medizinische und Hygieneprodukte | CE- &amp; ISO-zertifiziert","og_description":"Product Code:\u00a0MC-0040 &nbsp; 1.\u00a0\u00a0\u00a0\u00a0\u00a0\u00a0 General Product Description It helps to protect the intact skin of the perineal area from dermatitis which is caused by incontinence of patients with limited mobility, bedridden and special needs such as intensive care patients. Patients with incontinence are at risk of developing incontinence-associated dermatitis (IAD). This puts them at risk [&hellip;]","og_url":"https:\/\/protectiva.de\/de\/?product=barrier-cream-cloths","og_site_name":"Protectiva.pl \u2013 Professionelle Medizinische und Hygieneprodukte | CE- &amp; ISO-zertifiziert","article_modified_time":"2025-03-28T19:10:51+00:00","og_image":[{"width":289,"height":217,"url":"https:\/\/protectiva.de\/wp-content\/uploads\/2025\/03\/MC-0040.jpg","type":"image\/jpeg"}],"twitter_card":"summary_large_image","twitter_misc":{"Gesch\u00e4tzte Lesezeit":"1\u00a0Minute"},"schema":{"@context":"https:\/\/schema.org","@graph":[{"@type":"WebPage","@id":"https:\/\/protectiva.de\/?product=barrier-cream-cloths","url":"https:\/\/protectiva.de\/?product=barrier-cream-cloths","name":"Barrier Cream Cloths - Protectiva.pl \u2013 Professionelle Medizinische und Hygieneprodukte | CE- &amp; ISO-zertifiziert","isPartOf":{"@id":"https:\/\/protectiva.de\/#website"},"primaryImageOfPage":{"@id":"https:\/\/protectiva.de\/?product=barrier-cream-cloths#primaryimage"},"image":{"@id":"https:\/\/protectiva.de\/?product=barrier-cream-cloths#primaryimage"},"thumbnailUrl":"https:\/\/protectiva.de\/wp-content\/uploads\/2025\/03\/MC-0040.jpg","datePublished":"2025-03-25T13:26:14+00:00","dateModified":"2025-03-28T19:10:51+00:00","breadcrumb":{"@id":"https:\/\/protectiva.de\/?product=barrier-cream-cloths#breadcrumb"},"inLanguage":"de","potentialAction":[{"@type":"ReadAction","target":["https:\/\/protectiva.de\/?product=barrier-cream-cloths"]}]},{"@type":"ImageObject","inLanguage":"de","@id":"https:\/\/protectiva.de\/?product=barrier-cream-cloths#primaryimage","url":"https:\/\/protectiva.de\/wp-content\/uploads\/2025\/03\/MC-0040.jpg","contentUrl":"https:\/\/protectiva.de\/wp-content\/uploads\/2025\/03\/MC-0040.jpg","width":289,"height":217},{"@type":"BreadcrumbList","@id":"https:\/\/protectiva.de\/?product=barrier-cream-cloths#breadcrumb","itemListElement":[{"@type":"ListItem","position":1,"name":"Home","item":"https:\/\/protectiva.de\/"},{"@type":"ListItem","position":2,"name":"All Products","item":"https:\/\/protectiva.de\/shop\/"},{"@type":"ListItem","position":3,"name":"Barrier Cream Cloths"}]},{"@type":"WebSite","@id":"https:\/\/protectiva.de\/#website","url":"https:\/\/protectiva.de\/","name":"Protectiva","description":"Innovative Medical Solutions Protectiva.de bietet hochwertige medizinische und Hygieneprodukte. Zuverl\u00e4ssige Schutzausr\u00fcstung, Sterilisationsl\u00f6sungen und Gesundheitsversorgung gem\u00e4\u00df CE- und ISO-Standards f\u00fcr Krankenh\u00e4user und Kliniken. Die ideale Wahl f\u00fcr sichere und komfortable Gesundheitsumgebungen.","publisher":{"@id":"https:\/\/protectiva.de\/#organization"},"potentialAction":[{"@type":"SearchAction","target":{"@type":"EntryPoint","urlTemplate":"https:\/\/protectiva.de\/?s={search_term_string}"},"query-input":{"@type":"PropertyValueSpecification","valueRequired":true,"valueName":"search_term_string"}}],"inLanguage":"de"},{"@type":"Organization","@id":"https:\/\/protectiva.de\/#organization","name":"Protectiva","url":"https:\/\/protectiva.de\/","logo":{"@type":"ImageObject","inLanguage":"de","@id":"https:\/\/protectiva.de\/#\/schema\/logo\/image\/","url":"https:\/\/protectiva.de\/wp-content\/uploads\/2025\/03\/logo-protectiva-son-hali.png","contentUrl":"https:\/\/protectiva.de\/wp-content\/uploads\/2025\/03\/logo-protectiva-son-hali.png","width":1140,"height":585,"caption":"Protectiva"},"image":{"@id":"https:\/\/protectiva.de\/#\/schema\/logo\/image\/"}}]}},"_links":{"self":[{"href":"https:\/\/protectiva.de\/de\/wp-json\/wp\/v2\/product\/17811","targetHints":{"allow":["GET"]}}],"collection":[{"href":"https:\/\/protectiva.de\/de\/wp-json\/wp\/v2\/product"}],"about":[{"href":"https:\/\/protectiva.de\/de\/wp-json\/wp\/v2\/types\/product"}],"replies":[{"embeddable":true,"href":"https:\/\/protectiva.de\/de\/wp-json\/wp\/v2\/comments?post=17811"}],"wp:featuredmedia":[{"embeddable":true,"href":"https:\/\/protectiva.de\/de\/wp-json\/wp\/v2\/media\/18289"}],"wp:attachment":[{"href":"https:\/\/protectiva.de\/de\/wp-json\/wp\/v2\/media?parent=17811"}],"wp:term":[{"taxonomy":"product_brand","embeddable":true,"href":"https:\/\/protectiva.de\/de\/wp-json\/wp\/v2\/product_brand?post=17811"},{"taxonomy":"product_cat","embeddable":true,"href":"https:\/\/protectiva.de\/de\/wp-json\/wp\/v2\/product_cat?post=17811"},{"taxonomy":"product_tag","embeddable":true,"href":"https:\/\/protectiva.de\/de\/wp-json\/wp\/v2\/product_tag?post=17811"}],"curies":[{"name":"wp","href":"https:\/\/api.w.org\/{rel}","templated":true}]}}