{"id":17805,"date":"2025-03-25T13:26:12","date_gmt":"2025-03-25T13:26:12","guid":{"rendered":"https:\/\/protectiva.pl\/product\/barrier-cream-perineal-wipe\/"},"modified":"2025-03-28T19:10:52","modified_gmt":"2025-03-28T19:10:52","slug":"barrierecreme-fur-den-dammbereich","status":"publish","type":"product","link":"https:\/\/protectiva.de\/de\/produkt\/barrierecreme-fur-den-dammbereich\/","title":{"rendered":"Barrierecreme Perineal Wipe"},"content":{"rendered":"<p><a href=\"https:\/\/protectiva.de\/wp-content\/uploads\/2025\/03\/MC-0025.pdf\">MC-0025<\/a>1.<\/p>\n<p>Allgemeine Produktbeschreibung<\/p>\n<p>Es hilft, die intakte Haut des Dammbereichs vor Dermatitis zu sch\u00fctzen, die durch Inkontinenz verursacht wird<br \/>\nvon Patienten mit eingeschr\u00e4nkter Mobilit\u00e4t, bettl\u00e4gerigen Patienten und Patienten mit besonderen Bed\u00fcrfnissen wie beispielsweise Intensivpatienten.<br \/>\nPatienten mit Inkontinenz haben das Risiko, eine Inkontinenz-assoziierte Dermatitis (IAD) zu entwickeln. Dies<br \/>\nSie sind dem Risiko einer Hautverletzung ausgesetzt. Untersuchungen zeigen, dass Hautsch\u00e4den reduziert werden k\u00f6nnen durch<br \/>\nAnlegen einer Barriere nach jeder Inkontinenzepisode. Med-Cover Barrier Cream mit Dimethicon<br \/>\nPerineal Wipe kann Ihnen dabei helfen, eine konsistente Patientenversorgung zu gew\u00e4hrleisten, indem jedes Mal eine wirksame Barriere angelegt wird.<br \/>\nJedes Tuch reinigt die Haut, spendet Feuchtigkeit, beseitigt Ger\u00fcche, pflegt sie und sch\u00fctzt sie vor Hautbarrieren.<br \/>\neins.<br \/>\nDie Dimethicon-Formel hilft bei der Behandlung und Vorbeugung von Dammdermatitis; hilft, Feuchtigkeit abzudichten. Atmungsaktiv,<br \/>\ntransparente Dimethiconbarriere erleichtert die Hautbeurteilung. CHG-kompatibel und parabenfrei. Nicht<br \/>\nirritierend.<br \/>\n2. Gebrauchsanweisung<br \/>\nBitte tragen Sie Gummihandschuhe, um den Kontakt mit den K\u00f6rperfl\u00fcssigkeiten vor der Anwendung zu vermeiden. \u00d6ffnen Sie die Verpackung von &#039;&#039;<br \/>\n\u00d6ffnen Sie hier den Abschnitt auf dem Etikett. Tragen Sie es vorsichtig auf, da der Dammbereich empfindlich ist. Bitte verwenden Sie<br \/>\nF\u00fcr jeden K\u00f6rperbereich ein separates Tuch. Kein zus\u00e4tzliches Wasser, Sp\u00fclmittel oder andere Reinigungsprodukte erforderlich.<br \/>\n3. Gebrauchsanweisung f\u00fcr die Mikrowelle (optional)<br \/>\na. Legen Sie die Verpackung in die Mikrowelle.<br \/>\nb. 20 Sekunden bei 700 W halten.<br \/>\nc. \u00dcberpr\u00fcfen Sie die Temperatur der T\u00fccher.<br \/>\nd. Nicht \u00fcber 35\u201340 \u00b0C verwenden.<br \/>\n4. Vorsicht und Erste Hilfe:<br \/>\n\u2022 Verwenden Sie keine Produkte mit besch\u00e4digter Verpackung.<br \/>\n\u2022 Produkte sind Reinigungs- und Pflegeprodukte.<br \/>\n\u2022 Verwenden Sie die gebrauchten Produkte nicht wieder.<br \/>\n\u2022 Babys im Alter von 0 bis 6 Monaten sowie stillende und schwangere Frauen m\u00fcssen es unter \u00e4rztlicher Aufsicht verwenden.<br \/>\n\u2022 Verwenden Sie vor und nach der Verwendung dieses Produkts keine Reinigungsmittel.<br \/>\n\u2022 Kontakt mit den Augen vermeiden. Sollte es dennoch zu Kontakt kommen, die Augen mit viel Wasser aussp\u00fclen.<\/p>\n<p>5. Pr\u00e4sentationen:<\/p>\n<p>Das Produkt Med-Cover Barrier Cream Perineal Wipe wird in Packungen zu 8, 12, 25 und 50 St\u00fcck angeboten.<br \/>\nEine detaillierte Produktliste finden Sie in der folgenden Tabelle.<\/p>\n<table style=\"height: 165px\" width=\"879\">\n<tbody>\n<tr>\n<td width=\"120\"><strong>Barcode<\/strong><\/td>\n<td width=\"97\"><strong>Referenz <\/strong><strong>NEIN<\/strong><\/td>\n<td width=\"189\"><strong>Produkt<\/strong><strong> Name<\/strong><\/td>\n<td width=\"76\"><strong>Menge<\/strong><\/td>\n<td width=\"123\"><strong>Einstufung<\/strong><\/td>\n<\/tr>\n<tr>\n<td width=\"120\">8681020477007<\/td>\n<td width=\"97\">MCP008<\/td>\n<td width=\"189\">Barrierecreme Perineal Wipe<\/td>\n<td width=\"76\">8 Stck.<\/td>\n<td width=\"123\">Klasse I \u2013 Sonstige<\/td>\n<\/tr>\n<tr>\n<td width=\"120\">8681020477021<\/td>\n<td width=\"97\">MCP0012<\/td>\n<td width=\"189\">Barrierecreme Perineal Wipe<\/td>\n<td width=\"76\">12 Stck.<\/td>\n<td width=\"123\">Klasse I \u2013 Sonstige<\/td>\n<\/tr>\n<tr>\n<td width=\"120\">8681020477045<\/td>\n<td width=\"97\">MCP0025<\/td>\n<td width=\"189\">Barrierecreme Perineal Wipe<\/td>\n<td width=\"76\">25 Stck.<\/td>\n<td width=\"123\">Klasse I \u2013 Sonstige<\/td>\n<\/tr>\n<tr>\n<td width=\"120\">8681020477113<\/td>\n<td width=\"97\">MCP0050<\/td>\n<td width=\"189\">Barrierecreme Perineal Wipe<\/td>\n<td width=\"76\">50 Stck.<\/td>\n<td width=\"123\">Klasse I \u2013 Sonstige<\/td>\n<\/tr>\n<\/tbody>\n<\/table>\n<p>6. Zutaten<\/p>\n<table style=\"height: 625px\" width=\"1034\">\n<tbody>\n<tr>\n<td width=\"302\"><strong>INCI-Name:<\/strong><\/td>\n<td width=\"302\"><strong>Funktion<\/strong><\/td>\n<\/tr>\n<tr>\n<td width=\"302\">Aqua<\/td>\n<td width=\"302\">L\u00f6sungsmittel<\/td>\n<\/tr>\n<tr>\n<td width=\"302\">Dimethicon<\/td>\n<td width=\"302\">Wirkstoff bildet eine mechanische Barriere<\/td>\n<\/tr>\n<tr>\n<td width=\"302\">Linoleamidopropyl-Pg-Dimoniumchloridphosphat (Phospholipid),<\/td>\n<td width=\"302\">Feuchtigkeitsspendend und pflegend<\/td>\n<\/tr>\n<tr>\n<td width=\"302\">Laurylglucosid<\/td>\n<td width=\"302\">Tensid<\/td>\n<\/tr>\n<tr>\n<td width=\"302\">Panthenol (Provitamin B5)<\/td>\n<td width=\"302\">Feuchtigkeitsspendend und reizhemmend<\/td>\n<\/tr>\n<tr>\n<td width=\"302\">Allantoin<\/td>\n<td width=\"302\">Luftbefeuchter<\/td>\n<\/tr>\n<tr>\n<td width=\"302\">Aloe Barbadensis-Extrakt<\/td>\n<td width=\"302\">Feuchtigkeitsspendend und pflegend<\/td>\n<\/tr>\n<tr>\n<td width=\"302\">Chamomilla Recutita-Extrakt<\/td>\n<td width=\"302\">Feuchtigkeitsspendend und pflegend<\/td>\n<\/tr>\n<tr>\n<td width=\"302\">Tocopherylacetat (Vitamin E)<\/td>\n<td width=\"302\">Antioxidans<\/td>\n<\/tr>\n<tr>\n<td width=\"302\">Chlorhexidingluconat<\/td>\n<td width=\"302\">Schutz<\/td>\n<\/tr>\n<tr>\n<td width=\"302\">Glyzerin<\/td>\n<td width=\"302\">Befeuchtung<\/td>\n<\/tr>\n<tr>\n<td width=\"302\">Polysorbat 20<\/td>\n<td width=\"302\">Emulgator<\/td>\n<\/tr>\n<tr>\n<td width=\"302\">Tetranatriumedta<\/td>\n<td width=\"302\">Stabilisator<\/td>\n<\/tr>\n<tr>\n<td width=\"302\">Zitronens\u00e4ure<\/td>\n<td width=\"302\">pH-Regler<\/td>\n<\/tr>\n<tr>\n<td width=\"302\">Natriumbenzoat<\/td>\n<td width=\"302\">Schutz<\/td>\n<\/tr>\n<tr>\n<td width=\"302\">Kaliumsorbat<\/td>\n<td width=\"302\">Schutz<\/td>\n<\/tr>\n<\/tbody>\n<\/table>\n<p>7. Allgemeines Erscheinungsbild: Mit L\u00f6sung impr\u00e4gniertes Vlies<br \/>\n8. pH-Wert: 5,5<br \/>\n9. Haltbarkeit: 2 Jahre<br \/>\n10. Prim\u00e4rverpackung: PET+PE<\/p>","protected":false},"excerpt":{"rendered":"<p>MC-00251. General Product Description It helps to protect the intact skin of the perineal area from dermatitis which is caused by incontinence of patients with limited mobility, bedridden and special needs such as intensive care patients. Patients with incontinence are at risk of developing incontinence-associated dermatitis (IAD). This puts them at risk of developing a [&hellip;]<\/p>","protected":false},"featured_media":18287,"comment_status":"open","ping_status":"closed","template":"","meta":[],"product_brand":[],"product_cat":[81,165],"product_tag":[],"class_list":{"0":"post-17805","1":"product","2":"type-product","3":"status-publish","4":"has-post-thumbnail","6":"product_cat-higiene","7":"product_cat-inpatient-care","9":"first","10":"instock","11":"shipping-taxable","12":"product-type-grouped"},"yoast_head":"<!-- This site is optimized with the Yoast SEO plugin v26.2 - https:\/\/yoast.com\/wordpress\/plugins\/seo\/ -->\n<title>Barrier Cream Perineal Wipe - Protectiva.pl \u2013 Professionelle Medizinische und Hygieneprodukte | CE- &amp; ISO-zertifiziert<\/title>\n<meta name=\"robots\" content=\"index, follow, max-snippet:-1, max-image-preview:large, max-video-preview:-1\" \/>\n<link rel=\"canonical\" href=\"https:\/\/protectiva.de\/de\/?product=barrier-cream-perineal-wipe\" \/>\n<meta property=\"og:locale\" content=\"de_DE\" \/>\n<meta property=\"og:type\" content=\"article\" \/>\n<meta property=\"og:title\" content=\"Barrier Cream Perineal Wipe - Protectiva.pl \u2013 Professionelle Medizinische und Hygieneprodukte | CE- &amp; ISO-zertifiziert\" \/>\n<meta property=\"og:description\" content=\"MC-00251. General Product Description It helps to protect the intact skin of the perineal area from dermatitis which is caused by incontinence of patients with limited mobility, bedridden and special needs such as intensive care patients. Patients with incontinence are at risk of developing incontinence-associated dermatitis (IAD). This puts them at risk of developing a [&hellip;]\" \/>\n<meta property=\"og:url\" content=\"https:\/\/protectiva.de\/de\/?product=barrier-cream-perineal-wipe\" \/>\n<meta property=\"og:site_name\" content=\"Protectiva.pl \u2013 Professionelle Medizinische und Hygieneprodukte | CE- &amp; ISO-zertifiziert\" \/>\n<meta property=\"article:modified_time\" content=\"2025-03-28T19:10:52+00:00\" \/>\n<meta property=\"og:image\" content=\"https:\/\/protectiva.de\/wp-content\/uploads\/2025\/03\/MC-0025.jpg\" \/>\n\t<meta property=\"og:image:width\" content=\"181\" \/>\n\t<meta property=\"og:image:height\" content=\"181\" \/>\n\t<meta property=\"og:image:type\" content=\"image\/jpeg\" \/>\n<meta name=\"twitter:card\" content=\"summary_large_image\" \/>\n<meta name=\"twitter:label1\" content=\"Gesch\u00e4tzte Lesezeit\" \/>\n\t<meta name=\"twitter:data1\" content=\"2\u00a0Minuten\" \/>\n<script type=\"application\/ld+json\" class=\"yoast-schema-graph\">{\"@context\":\"https:\/\/schema.org\",\"@graph\":[{\"@type\":\"WebPage\",\"@id\":\"https:\/\/protectiva.de\/?product=barrier-cream-perineal-wipe\",\"url\":\"https:\/\/protectiva.de\/?product=barrier-cream-perineal-wipe\",\"name\":\"Barrier Cream Perineal Wipe - Protectiva.pl \u2013 Professionelle Medizinische und Hygieneprodukte | CE- &amp; ISO-zertifiziert\",\"isPartOf\":{\"@id\":\"https:\/\/protectiva.de\/#website\"},\"primaryImageOfPage\":{\"@id\":\"https:\/\/protectiva.de\/?product=barrier-cream-perineal-wipe#primaryimage\"},\"image\":{\"@id\":\"https:\/\/protectiva.de\/?product=barrier-cream-perineal-wipe#primaryimage\"},\"thumbnailUrl\":\"https:\/\/protectiva.de\/wp-content\/uploads\/2025\/03\/MC-0025.jpg\",\"datePublished\":\"2025-03-25T13:26:12+00:00\",\"dateModified\":\"2025-03-28T19:10:52+00:00\",\"breadcrumb\":{\"@id\":\"https:\/\/protectiva.de\/?product=barrier-cream-perineal-wipe#breadcrumb\"},\"inLanguage\":\"de\",\"potentialAction\":[{\"@type\":\"ReadAction\",\"target\":[\"https:\/\/protectiva.de\/?product=barrier-cream-perineal-wipe\"]}]},{\"@type\":\"ImageObject\",\"inLanguage\":\"de\",\"@id\":\"https:\/\/protectiva.de\/?product=barrier-cream-perineal-wipe#primaryimage\",\"url\":\"https:\/\/protectiva.de\/wp-content\/uploads\/2025\/03\/MC-0025.jpg\",\"contentUrl\":\"https:\/\/protectiva.de\/wp-content\/uploads\/2025\/03\/MC-0025.jpg\",\"width\":181,\"height\":181},{\"@type\":\"BreadcrumbList\",\"@id\":\"https:\/\/protectiva.de\/?product=barrier-cream-perineal-wipe#breadcrumb\",\"itemListElement\":[{\"@type\":\"ListItem\",\"position\":1,\"name\":\"Home\",\"item\":\"https:\/\/protectiva.de\/\"},{\"@type\":\"ListItem\",\"position\":2,\"name\":\"All Products\",\"item\":\"https:\/\/protectiva.de\/shop\/\"},{\"@type\":\"ListItem\",\"position\":3,\"name\":\"Barrier Cream Perineal Wipe\"}]},{\"@type\":\"WebSite\",\"@id\":\"https:\/\/protectiva.de\/#website\",\"url\":\"https:\/\/protectiva.de\/\",\"name\":\"Protectiva\",\"description\":\"Innovative Medical Solutions Protectiva.de bietet hochwertige medizinische und Hygieneprodukte. Zuverl\u00e4ssige Schutzausr\u00fcstung, Sterilisationsl\u00f6sungen und Gesundheitsversorgung gem\u00e4\u00df CE- und ISO-Standards f\u00fcr Krankenh\u00e4user und Kliniken. Die ideale Wahl f\u00fcr sichere und komfortable Gesundheitsumgebungen.\",\"publisher\":{\"@id\":\"https:\/\/protectiva.de\/#organization\"},\"potentialAction\":[{\"@type\":\"SearchAction\",\"target\":{\"@type\":\"EntryPoint\",\"urlTemplate\":\"https:\/\/protectiva.de\/?s={search_term_string}\"},\"query-input\":{\"@type\":\"PropertyValueSpecification\",\"valueRequired\":true,\"valueName\":\"search_term_string\"}}],\"inLanguage\":\"de\"},{\"@type\":\"Organization\",\"@id\":\"https:\/\/protectiva.de\/#organization\",\"name\":\"Protectiva\",\"url\":\"https:\/\/protectiva.de\/\",\"logo\":{\"@type\":\"ImageObject\",\"inLanguage\":\"de\",\"@id\":\"https:\/\/protectiva.de\/#\/schema\/logo\/image\/\",\"url\":\"https:\/\/protectiva.de\/wp-content\/uploads\/2025\/03\/logo-protectiva-son-hali.png\",\"contentUrl\":\"https:\/\/protectiva.de\/wp-content\/uploads\/2025\/03\/logo-protectiva-son-hali.png\",\"width\":1140,\"height\":585,\"caption\":\"Protectiva\"},\"image\":{\"@id\":\"https:\/\/protectiva.de\/#\/schema\/logo\/image\/\"}}]}<\/script>\n<!-- \/ Yoast SEO plugin. -->","yoast_head_json":{"title":"Barrier Cream Perineal Wipe - Protectiva.pl \u2013 Professionelle Medizinische und Hygieneprodukte | CE- &amp; ISO-zertifiziert","robots":{"index":"index","follow":"follow","max-snippet":"max-snippet:-1","max-image-preview":"max-image-preview:large","max-video-preview":"max-video-preview:-1"},"canonical":"https:\/\/protectiva.de\/de\/?product=barrier-cream-perineal-wipe","og_locale":"de_DE","og_type":"article","og_title":"Barrier Cream Perineal Wipe - Protectiva.pl \u2013 Professionelle Medizinische und Hygieneprodukte | CE- &amp; ISO-zertifiziert","og_description":"MC-00251. General Product Description It helps to protect the intact skin of the perineal area from dermatitis which is caused by incontinence of patients with limited mobility, bedridden and special needs such as intensive care patients. Patients with incontinence are at risk of developing incontinence-associated dermatitis (IAD). This puts them at risk of developing a [&hellip;]","og_url":"https:\/\/protectiva.de\/de\/?product=barrier-cream-perineal-wipe","og_site_name":"Protectiva.pl \u2013 Professionelle Medizinische und Hygieneprodukte | CE- &amp; ISO-zertifiziert","article_modified_time":"2025-03-28T19:10:52+00:00","og_image":[{"width":181,"height":181,"url":"https:\/\/protectiva.de\/wp-content\/uploads\/2025\/03\/MC-0025.jpg","type":"image\/jpeg"}],"twitter_card":"summary_large_image","twitter_misc":{"Gesch\u00e4tzte Lesezeit":"2\u00a0Minuten"},"schema":{"@context":"https:\/\/schema.org","@graph":[{"@type":"WebPage","@id":"https:\/\/protectiva.de\/?product=barrier-cream-perineal-wipe","url":"https:\/\/protectiva.de\/?product=barrier-cream-perineal-wipe","name":"Barrier Cream Perineal Wipe - Protectiva.pl \u2013 Professionelle Medizinische und Hygieneprodukte | CE- &amp; ISO-zertifiziert","isPartOf":{"@id":"https:\/\/protectiva.de\/#website"},"primaryImageOfPage":{"@id":"https:\/\/protectiva.de\/?product=barrier-cream-perineal-wipe#primaryimage"},"image":{"@id":"https:\/\/protectiva.de\/?product=barrier-cream-perineal-wipe#primaryimage"},"thumbnailUrl":"https:\/\/protectiva.de\/wp-content\/uploads\/2025\/03\/MC-0025.jpg","datePublished":"2025-03-25T13:26:12+00:00","dateModified":"2025-03-28T19:10:52+00:00","breadcrumb":{"@id":"https:\/\/protectiva.de\/?product=barrier-cream-perineal-wipe#breadcrumb"},"inLanguage":"de","potentialAction":[{"@type":"ReadAction","target":["https:\/\/protectiva.de\/?product=barrier-cream-perineal-wipe"]}]},{"@type":"ImageObject","inLanguage":"de","@id":"https:\/\/protectiva.de\/?product=barrier-cream-perineal-wipe#primaryimage","url":"https:\/\/protectiva.de\/wp-content\/uploads\/2025\/03\/MC-0025.jpg","contentUrl":"https:\/\/protectiva.de\/wp-content\/uploads\/2025\/03\/MC-0025.jpg","width":181,"height":181},{"@type":"BreadcrumbList","@id":"https:\/\/protectiva.de\/?product=barrier-cream-perineal-wipe#breadcrumb","itemListElement":[{"@type":"ListItem","position":1,"name":"Home","item":"https:\/\/protectiva.de\/"},{"@type":"ListItem","position":2,"name":"All Products","item":"https:\/\/protectiva.de\/shop\/"},{"@type":"ListItem","position":3,"name":"Barrier Cream Perineal Wipe"}]},{"@type":"WebSite","@id":"https:\/\/protectiva.de\/#website","url":"https:\/\/protectiva.de\/","name":"Protectiva","description":"Innovative Medical Solutions Protectiva.de bietet hochwertige medizinische und Hygieneprodukte. Zuverl\u00e4ssige Schutzausr\u00fcstung, Sterilisationsl\u00f6sungen und Gesundheitsversorgung gem\u00e4\u00df CE- und ISO-Standards f\u00fcr Krankenh\u00e4user und Kliniken. Die ideale Wahl f\u00fcr sichere und komfortable Gesundheitsumgebungen.","publisher":{"@id":"https:\/\/protectiva.de\/#organization"},"potentialAction":[{"@type":"SearchAction","target":{"@type":"EntryPoint","urlTemplate":"https:\/\/protectiva.de\/?s={search_term_string}"},"query-input":{"@type":"PropertyValueSpecification","valueRequired":true,"valueName":"search_term_string"}}],"inLanguage":"de"},{"@type":"Organization","@id":"https:\/\/protectiva.de\/#organization","name":"Protectiva","url":"https:\/\/protectiva.de\/","logo":{"@type":"ImageObject","inLanguage":"de","@id":"https:\/\/protectiva.de\/#\/schema\/logo\/image\/","url":"https:\/\/protectiva.de\/wp-content\/uploads\/2025\/03\/logo-protectiva-son-hali.png","contentUrl":"https:\/\/protectiva.de\/wp-content\/uploads\/2025\/03\/logo-protectiva-son-hali.png","width":1140,"height":585,"caption":"Protectiva"},"image":{"@id":"https:\/\/protectiva.de\/#\/schema\/logo\/image\/"}}]}},"_links":{"self":[{"href":"https:\/\/protectiva.de\/de\/wp-json\/wp\/v2\/product\/17805","targetHints":{"allow":["GET"]}}],"collection":[{"href":"https:\/\/protectiva.de\/de\/wp-json\/wp\/v2\/product"}],"about":[{"href":"https:\/\/protectiva.de\/de\/wp-json\/wp\/v2\/types\/product"}],"replies":[{"embeddable":true,"href":"https:\/\/protectiva.de\/de\/wp-json\/wp\/v2\/comments?post=17805"}],"wp:featuredmedia":[{"embeddable":true,"href":"https:\/\/protectiva.de\/de\/wp-json\/wp\/v2\/media\/18287"}],"wp:attachment":[{"href":"https:\/\/protectiva.de\/de\/wp-json\/wp\/v2\/media?parent=17805"}],"wp:term":[{"taxonomy":"product_brand","embeddable":true,"href":"https:\/\/protectiva.de\/de\/wp-json\/wp\/v2\/product_brand?post=17805"},{"taxonomy":"product_cat","embeddable":true,"href":"https:\/\/protectiva.de\/de\/wp-json\/wp\/v2\/product_cat?post=17805"},{"taxonomy":"product_tag","embeddable":true,"href":"https:\/\/protectiva.de\/de\/wp-json\/wp\/v2\/product_tag?post=17805"}],"curies":[{"name":"wp","href":"https:\/\/api.w.org\/{rel}","templated":true}]}}