{"id":17804,"date":"2025-03-25T13:26:12","date_gmt":"2025-03-25T13:26:12","guid":{"rendered":"https:\/\/protectiva.pl\/product\/wash-gloves-with-barrier-cream\/"},"modified":"2025-03-28T19:10:52","modified_gmt":"2025-03-28T19:10:52","slug":"waschhandschuhe-mit-schutzcreme","status":"publish","type":"product","link":"https:\/\/protectiva.de\/de\/produkt\/waschhandschuhe-mit-schutzcreme\/","title":{"rendered":"Waschhandschuhe mit Schutzcreme"},"content":{"rendered":"<p>Produktcode: MC-0010<\/p>\n<p>Med-Cover\u00ae Barrierecreme 100gr<\/p>\n<p>(Unsteril und ohne Messfunktion)<\/p>\n<p>TECHNISCHES DATENBLATT (TDS)<br \/>\nMed-cover Barrier Cream sch\u00fctzt die intakte Haut des Dammbereichs vor Dermatitis, die<br \/>\nverursacht durch Inkontinenz von Patienten mit eingeschr\u00e4nkter Mobilit\u00e4t, bettl\u00e4gerig und besonderen Bed\u00fcrfnissen wie intensiv<br \/>\nPflegepatienten.<br \/>\n2. Gebrauchsanweisung\/Warnhinweise<br \/>\nTragen Sie vor der Anwendung Handschuhe. Tragen Sie es auf die Stelle auf, an der Sie eine Barriereschicht bilden m\u00f6chten. Vermeiden Sie den Kontakt mit offenen<br \/>\nWunden. Reinigen Sie die vorherige Barriereschicht vor jedem Gebrauch. Das Produkt nicht im K\u00fchlschrank aufbewahren.<br \/>\nBei Raumtemperatur lagern.<br \/>\n\u2022 Zun\u00e4chst sollte sichergestellt werden, dass die zu behandelnde Stelle sauber und trocken ist.<br \/>\n\u2022 Es sollte mindestens 2-mal t\u00e4glich in Form einer d\u00fcnnen Schicht aufgetragen werden.<br \/>\n\u2022 Bei jeder neuen Anwendung sollte die zu behandelnde Fl\u00e4che gereinigt und die zuvor aufgetragene<br \/>\nCreme sollte von der Haut entfernt werden.<br \/>\n\u2022 Urinverlust und Stuhlverlust im Bereich der Inkontinenz sollten in jeder Windel angewendet werden<br \/>\n\u00e4ndern.<br \/>\n3. Pr\u00e4sentationen:<br \/>\nDas Produkt Med Cover Barrier Cream wird in einer Tube zu 100 g angeboten.<br \/>\nEine detaillierte Produktliste finden Sie in der folgenden Tabelle.<br \/>\nBarcode<br \/>\nReferenz<br \/>\nNEIN<br \/>\nProduktname<br \/>\nBetragsklassifizierung\/Regel<br \/>\n8681020477809 MCB0010<br \/>\nMed-Cover Barrierecreme<br \/>\n100 gr<br \/>\n4. Zutaten<br \/>\nKlasse I \u2013 Sonstige \/ Regel 1<br \/>\nAqua, Zinkoxid, Butyrospermum Parkii (Sheabutter), Bienenwachs, Dimethicone, Prunus Amygdalus<br \/>\nDulcis\u00f6l, Olea Europaea-Frucht\u00f6l, Melaleuca Alternifolia-Blatt\u00f6l, Isopropylpalmitat, Mineral\u00f6l,<br \/>\nGlycerin, Panthenol (Provitamin B5), Tocopherylacetat (Vitamin E), Aloe Barbadensis Blattextrakt,<br \/>\nKamillenbl\u00fctenextrakt, Glyceryloleat, Polyglyceryl-2-Dipolyhydroxystearat,<br \/>\nPhenoxyethanol, Ethylhexylglycerin, Natrium-PCA, Natriumlactat, Arginin, Asparagins\u00e4ure, PCA,<br \/>\nAlanin, Serin, Valin, Prolin, Threonin, Isoleucin, Histidin, Phenylalanin, Kreatin, Parfum.<br \/>\nSeite 1 \/ 2<br \/>\n5. Allgemeines Erscheinungsbild: Wei\u00dfe, glatte, viskose Creme<br \/>\n6. pH-Wert: 5,00 \u2013 6,00<br \/>\n7. Haltbarkeit: 2 Jahre<br \/>\n8. Prim\u00e4rverpackung: Laminierte Tube<br \/>\nVerpackungsdetails<br \/>\nRP.14.03\/02.01.2023\/00<br \/>\n\/&#8211;<br \/>\nErstellungsdatum und \u00dcberarbeitung: 02.01.2023<br \/>\nGewicht<br \/>\nPack<br \/>\nMa\u00dfe<br \/>\nPackung\/Karton\/Palette Menge<br \/>\n100gr\/Pack<br \/>\n\u00c4u\u00dfere Box<br \/>\n0,13 kg<br \/>\n118 St\u00fcck\/Karton<br \/>\n16,5 kg<br \/>\n4,5cm x 4,5cm x 15 cm<br \/>\nPalette<br \/>\n39 cm x 39 cm x 30 cm<br \/>\n36 Kartons\/Palette<br \/>\n610 kg<br \/>\n80 cm x 120 cm x 195 cm<br \/>\nSeite 2 \/ 2<\/p>\n<table style=\"height: 29px\" border=\"0\" width=\"693\">\n<tbody>\n<tr>\n<td>Waschhandschuhe mit Schutzcreme<\/td>\n<td>10x<\/td>\n<td>17\u00d723,5cm<\/td>\n<\/tr>\n<\/tbody>\n<\/table>","protected":false},"excerpt":{"rendered":"<p>Product Code:\u00a0MC-0010 Med-Cover\u00ae Barrier Cream 100gr (Non-sterile and without measurement function) TECHNICAL DATA SHEET (TDS) Med-cover Barrier Cream helps to protect the intact skin of the perineal area from dermatitis which is caused by incontinence of patients with limited mobility, bedridden and special needs such as intensive care patients. 2. Instructions for Use\/Warning Wear gloves [&hellip;]<\/p>","protected":false},"featured_media":18286,"comment_status":"open","ping_status":"closed","template":"","meta":[],"product_brand":[],"product_cat":[81,165],"product_tag":[],"class_list":{"0":"post-17804","1":"product","2":"type-product","3":"status-publish","4":"has-post-thumbnail","6":"product_cat-higiene","7":"product_cat-inpatient-care","9":"first","10":"instock","11":"shipping-taxable","12":"product-type-grouped"},"yoast_head":"<!-- This site is optimized with the Yoast SEO plugin v26.2 - https:\/\/yoast.com\/wordpress\/plugins\/seo\/ -->\n<title>Wash Gloves with Barrier Cream - Protectiva.pl \u2013 Professionelle Medizinische und Hygieneprodukte | CE- &amp; ISO-zertifiziert<\/title>\n<meta name=\"robots\" content=\"index, follow, max-snippet:-1, max-image-preview:large, max-video-preview:-1\" \/>\n<link rel=\"canonical\" href=\"https:\/\/protectiva.de\/de\/?product=wash-gloves-with-barrier-cream\" \/>\n<meta property=\"og:locale\" content=\"de_DE\" \/>\n<meta property=\"og:type\" content=\"article\" \/>\n<meta property=\"og:title\" content=\"Wash Gloves with Barrier Cream - Protectiva.pl \u2013 Professionelle Medizinische und Hygieneprodukte | CE- &amp; ISO-zertifiziert\" \/>\n<meta property=\"og:description\" content=\"Product Code:\u00a0MC-0010 Med-Cover\u00ae Barrier Cream 100gr (Non-sterile and without measurement function) TECHNICAL DATA SHEET (TDS) Med-cover Barrier Cream helps to protect the intact skin of the perineal area from dermatitis which is caused by incontinence of patients with limited mobility, bedridden and special needs such as intensive care patients. 2. Instructions for Use\/Warning Wear gloves [&hellip;]\" \/>\n<meta property=\"og:url\" content=\"https:\/\/protectiva.de\/de\/?product=wash-gloves-with-barrier-cream\" \/>\n<meta property=\"og:site_name\" content=\"Protectiva.pl \u2013 Professionelle Medizinische und Hygieneprodukte | CE- &amp; ISO-zertifiziert\" \/>\n<meta property=\"article:modified_time\" content=\"2025-03-28T19:10:52+00:00\" \/>\n<meta property=\"og:image\" content=\"https:\/\/protectiva.de\/wp-content\/uploads\/2025\/03\/MC-0010.jpg\" \/>\n\t<meta property=\"og:image:width\" content=\"936\" \/>\n\t<meta property=\"og:image:height\" content=\"847\" \/>\n\t<meta property=\"og:image:type\" content=\"image\/jpeg\" \/>\n<meta name=\"twitter:card\" content=\"summary_large_image\" \/>\n<meta name=\"twitter:label1\" content=\"Gesch\u00e4tzte Lesezeit\" \/>\n\t<meta name=\"twitter:data1\" content=\"2\u00a0Minuten\" \/>\n<script type=\"application\/ld+json\" class=\"yoast-schema-graph\">{\"@context\":\"https:\/\/schema.org\",\"@graph\":[{\"@type\":\"WebPage\",\"@id\":\"https:\/\/protectiva.de\/?product=wash-gloves-with-barrier-cream\",\"url\":\"https:\/\/protectiva.de\/?product=wash-gloves-with-barrier-cream\",\"name\":\"Wash Gloves with Barrier Cream - Protectiva.pl \u2013 Professionelle Medizinische und Hygieneprodukte | CE- &amp; ISO-zertifiziert\",\"isPartOf\":{\"@id\":\"https:\/\/protectiva.de\/#website\"},\"primaryImageOfPage\":{\"@id\":\"https:\/\/protectiva.de\/?product=wash-gloves-with-barrier-cream#primaryimage\"},\"image\":{\"@id\":\"https:\/\/protectiva.de\/?product=wash-gloves-with-barrier-cream#primaryimage\"},\"thumbnailUrl\":\"https:\/\/protectiva.de\/wp-content\/uploads\/2025\/03\/MC-0010.jpg\",\"datePublished\":\"2025-03-25T13:26:12+00:00\",\"dateModified\":\"2025-03-28T19:10:52+00:00\",\"breadcrumb\":{\"@id\":\"https:\/\/protectiva.de\/?product=wash-gloves-with-barrier-cream#breadcrumb\"},\"inLanguage\":\"de\",\"potentialAction\":[{\"@type\":\"ReadAction\",\"target\":[\"https:\/\/protectiva.de\/?product=wash-gloves-with-barrier-cream\"]}]},{\"@type\":\"ImageObject\",\"inLanguage\":\"de\",\"@id\":\"https:\/\/protectiva.de\/?product=wash-gloves-with-barrier-cream#primaryimage\",\"url\":\"https:\/\/protectiva.de\/wp-content\/uploads\/2025\/03\/MC-0010.jpg\",\"contentUrl\":\"https:\/\/protectiva.de\/wp-content\/uploads\/2025\/03\/MC-0010.jpg\",\"width\":936,\"height\":847},{\"@type\":\"BreadcrumbList\",\"@id\":\"https:\/\/protectiva.de\/?product=wash-gloves-with-barrier-cream#breadcrumb\",\"itemListElement\":[{\"@type\":\"ListItem\",\"position\":1,\"name\":\"Home\",\"item\":\"https:\/\/protectiva.de\/\"},{\"@type\":\"ListItem\",\"position\":2,\"name\":\"All Products\",\"item\":\"https:\/\/protectiva.de\/shop\/\"},{\"@type\":\"ListItem\",\"position\":3,\"name\":\"Wash Gloves with Barrier Cream\"}]},{\"@type\":\"WebSite\",\"@id\":\"https:\/\/protectiva.de\/#website\",\"url\":\"https:\/\/protectiva.de\/\",\"name\":\"Protectiva\",\"description\":\"Innovative Medical Solutions Protectiva.de bietet hochwertige medizinische und Hygieneprodukte. Zuverl\u00e4ssige Schutzausr\u00fcstung, Sterilisationsl\u00f6sungen und Gesundheitsversorgung gem\u00e4\u00df CE- und ISO-Standards f\u00fcr Krankenh\u00e4user und Kliniken. Die ideale Wahl f\u00fcr sichere und komfortable Gesundheitsumgebungen.\",\"publisher\":{\"@id\":\"https:\/\/protectiva.de\/#organization\"},\"potentialAction\":[{\"@type\":\"SearchAction\",\"target\":{\"@type\":\"EntryPoint\",\"urlTemplate\":\"https:\/\/protectiva.de\/?s={search_term_string}\"},\"query-input\":{\"@type\":\"PropertyValueSpecification\",\"valueRequired\":true,\"valueName\":\"search_term_string\"}}],\"inLanguage\":\"de\"},{\"@type\":\"Organization\",\"@id\":\"https:\/\/protectiva.de\/#organization\",\"name\":\"Protectiva\",\"url\":\"https:\/\/protectiva.de\/\",\"logo\":{\"@type\":\"ImageObject\",\"inLanguage\":\"de\",\"@id\":\"https:\/\/protectiva.de\/#\/schema\/logo\/image\/\",\"url\":\"https:\/\/protectiva.de\/wp-content\/uploads\/2025\/03\/logo-protectiva-son-hali.png\",\"contentUrl\":\"https:\/\/protectiva.de\/wp-content\/uploads\/2025\/03\/logo-protectiva-son-hali.png\",\"width\":1140,\"height\":585,\"caption\":\"Protectiva\"},\"image\":{\"@id\":\"https:\/\/protectiva.de\/#\/schema\/logo\/image\/\"}}]}<\/script>\n<!-- \/ Yoast SEO plugin. -->","yoast_head_json":{"title":"Wash Gloves with Barrier Cream - Protectiva.pl \u2013 Professionelle Medizinische und Hygieneprodukte | CE- &amp; ISO-zertifiziert","robots":{"index":"index","follow":"follow","max-snippet":"max-snippet:-1","max-image-preview":"max-image-preview:large","max-video-preview":"max-video-preview:-1"},"canonical":"https:\/\/protectiva.de\/de\/?product=wash-gloves-with-barrier-cream","og_locale":"de_DE","og_type":"article","og_title":"Wash Gloves with Barrier Cream - Protectiva.pl \u2013 Professionelle Medizinische und Hygieneprodukte | CE- &amp; ISO-zertifiziert","og_description":"Product Code:\u00a0MC-0010 Med-Cover\u00ae Barrier Cream 100gr (Non-sterile and without measurement function) TECHNICAL DATA SHEET (TDS) Med-cover Barrier Cream helps to protect the intact skin of the perineal area from dermatitis which is caused by incontinence of patients with limited mobility, bedridden and special needs such as intensive care patients. 2. Instructions for Use\/Warning Wear gloves [&hellip;]","og_url":"https:\/\/protectiva.de\/de\/?product=wash-gloves-with-barrier-cream","og_site_name":"Protectiva.pl \u2013 Professionelle Medizinische und Hygieneprodukte | CE- &amp; ISO-zertifiziert","article_modified_time":"2025-03-28T19:10:52+00:00","og_image":[{"width":936,"height":847,"url":"https:\/\/protectiva.de\/wp-content\/uploads\/2025\/03\/MC-0010.jpg","type":"image\/jpeg"}],"twitter_card":"summary_large_image","twitter_misc":{"Gesch\u00e4tzte Lesezeit":"2\u00a0Minuten"},"schema":{"@context":"https:\/\/schema.org","@graph":[{"@type":"WebPage","@id":"https:\/\/protectiva.de\/?product=wash-gloves-with-barrier-cream","url":"https:\/\/protectiva.de\/?product=wash-gloves-with-barrier-cream","name":"Wash Gloves with Barrier Cream - Protectiva.pl \u2013 Professionelle Medizinische und Hygieneprodukte | CE- &amp; ISO-zertifiziert","isPartOf":{"@id":"https:\/\/protectiva.de\/#website"},"primaryImageOfPage":{"@id":"https:\/\/protectiva.de\/?product=wash-gloves-with-barrier-cream#primaryimage"},"image":{"@id":"https:\/\/protectiva.de\/?product=wash-gloves-with-barrier-cream#primaryimage"},"thumbnailUrl":"https:\/\/protectiva.de\/wp-content\/uploads\/2025\/03\/MC-0010.jpg","datePublished":"2025-03-25T13:26:12+00:00","dateModified":"2025-03-28T19:10:52+00:00","breadcrumb":{"@id":"https:\/\/protectiva.de\/?product=wash-gloves-with-barrier-cream#breadcrumb"},"inLanguage":"de","potentialAction":[{"@type":"ReadAction","target":["https:\/\/protectiva.de\/?product=wash-gloves-with-barrier-cream"]}]},{"@type":"ImageObject","inLanguage":"de","@id":"https:\/\/protectiva.de\/?product=wash-gloves-with-barrier-cream#primaryimage","url":"https:\/\/protectiva.de\/wp-content\/uploads\/2025\/03\/MC-0010.jpg","contentUrl":"https:\/\/protectiva.de\/wp-content\/uploads\/2025\/03\/MC-0010.jpg","width":936,"height":847},{"@type":"BreadcrumbList","@id":"https:\/\/protectiva.de\/?product=wash-gloves-with-barrier-cream#breadcrumb","itemListElement":[{"@type":"ListItem","position":1,"name":"Home","item":"https:\/\/protectiva.de\/"},{"@type":"ListItem","position":2,"name":"All Products","item":"https:\/\/protectiva.de\/shop\/"},{"@type":"ListItem","position":3,"name":"Wash Gloves with Barrier Cream"}]},{"@type":"WebSite","@id":"https:\/\/protectiva.de\/#website","url":"https:\/\/protectiva.de\/","name":"Protectiva","description":"Innovative Medical Solutions Protectiva.de bietet hochwertige medizinische und Hygieneprodukte. Zuverl\u00e4ssige Schutzausr\u00fcstung, Sterilisationsl\u00f6sungen und Gesundheitsversorgung gem\u00e4\u00df CE- und ISO-Standards f\u00fcr Krankenh\u00e4user und Kliniken. Die ideale Wahl f\u00fcr sichere und komfortable Gesundheitsumgebungen.","publisher":{"@id":"https:\/\/protectiva.de\/#organization"},"potentialAction":[{"@type":"SearchAction","target":{"@type":"EntryPoint","urlTemplate":"https:\/\/protectiva.de\/?s={search_term_string}"},"query-input":{"@type":"PropertyValueSpecification","valueRequired":true,"valueName":"search_term_string"}}],"inLanguage":"de"},{"@type":"Organization","@id":"https:\/\/protectiva.de\/#organization","name":"Protectiva","url":"https:\/\/protectiva.de\/","logo":{"@type":"ImageObject","inLanguage":"de","@id":"https:\/\/protectiva.de\/#\/schema\/logo\/image\/","url":"https:\/\/protectiva.de\/wp-content\/uploads\/2025\/03\/logo-protectiva-son-hali.png","contentUrl":"https:\/\/protectiva.de\/wp-content\/uploads\/2025\/03\/logo-protectiva-son-hali.png","width":1140,"height":585,"caption":"Protectiva"},"image":{"@id":"https:\/\/protectiva.de\/#\/schema\/logo\/image\/"}}]}},"_links":{"self":[{"href":"https:\/\/protectiva.de\/de\/wp-json\/wp\/v2\/product\/17804","targetHints":{"allow":["GET"]}}],"collection":[{"href":"https:\/\/protectiva.de\/de\/wp-json\/wp\/v2\/product"}],"about":[{"href":"https:\/\/protectiva.de\/de\/wp-json\/wp\/v2\/types\/product"}],"replies":[{"embeddable":true,"href":"https:\/\/protectiva.de\/de\/wp-json\/wp\/v2\/comments?post=17804"}],"wp:featuredmedia":[{"embeddable":true,"href":"https:\/\/protectiva.de\/de\/wp-json\/wp\/v2\/media\/18286"}],"wp:attachment":[{"href":"https:\/\/protectiva.de\/de\/wp-json\/wp\/v2\/media?parent=17804"}],"wp:term":[{"taxonomy":"product_brand","embeddable":true,"href":"https:\/\/protectiva.de\/de\/wp-json\/wp\/v2\/product_brand?post=17804"},{"taxonomy":"product_cat","embeddable":true,"href":"https:\/\/protectiva.de\/de\/wp-json\/wp\/v2\/product_cat?post=17804"},{"taxonomy":"product_tag","embeddable":true,"href":"https:\/\/protectiva.de\/de\/wp-json\/wp\/v2\/product_tag?post=17804"}],"curies":[{"name":"wp","href":"https:\/\/api.w.org\/{rel}","templated":true}]}}