{"id":17803,"date":"2025-03-25T13:26:12","date_gmt":"2025-03-25T13:26:12","guid":{"rendered":"https:\/\/protectiva.pl\/product\/shampoo-cap\/"},"modified":"2025-03-28T19:10:52","modified_gmt":"2025-03-28T19:10:52","slug":"shampoo-kappe","status":"publish","type":"product","link":"https:\/\/protectiva.de\/de\/produkt\/shampoo-kappe\/","title":{"rendered":"Shampoo-Kappe"},"content":{"rendered":"<h1>1. Allgemeine Produktbeschreibung<\/h1>\n<p>Produktcode: MC-0030<\/p>\n<p>Med-Cover Shampoo-Haube zur Reinigung und Pflege der Haare und des Kopfbereichs von station\u00e4ren,<br \/>\nbettl\u00e4gerige Patienten und Patienten, die eine besondere Pflege ben\u00f6tigen, wie etwa Intensivpatienten.<br \/>\nEntfernt abgestorbene Zellen aus dem Haar mit einer speziellen Formel. Hilft, die Kopfhaut gesund zu halten mit<br \/>\nVitamin E und Provitamin B5. Med-Cover-Shampoo-Kappe sorgt f\u00fcr bequeme und sichere Reinigung<br \/>\nund Pflegebetrieb. Da eine gew\u00f6hnliche Shampoo-Kappe kein Latex enth\u00e4lt. Die Haarreinigung ist<br \/>\nKomplett in kurzer Zeit wie drei Minuten Shampoo Cap ist geeignet f\u00fcr den allgemeinen Gebrauch Ursache<br \/>\nEnth\u00e4lt keinen Alkohol, Lanolin und Latex. Es entfernt effektiv EEG-Gel, Blut und Jod<br \/>\nvom Kopf oder der Kopfhaut.<\/p>\n<h2>2. Gebrauchsanweisung<\/h2>\n<p>Nehmen Sie zuerst die Kappe aus der Packung und setzen Sie sie auf den Kopf. Achten Sie dabei darauf, dass alle Haare<br \/>\nbefindet sich in der Kappe. Beginnen Sie, das Haar vom gesamten Kopf bis 3 Minuten zu massieren, dann entfernen<br \/>\nDie Kappe. Nach der Verwendung der Shampoo Cap ist kein Aussp\u00fclen erforderlich. Entsorgen Sie das Shampoo nach Gebrauch.<\/p>\n<h3>3. Zubereitung in der Mikrowelle<\/h3>\n<p>Legen Sie die Shampoo-Kappe f\u00fcr 20 Sekunden bei 700 W in die Mikrowelle. \u00dcberpr\u00fcfen Sie die Temperatur und<br \/>\n35\u201340 \u00b0C nicht \u00fcberschreiten.<\/p>\n<p>o Die Nutzung der Mikrowelle h\u00e4ngt vom Bedarf ab.<\/p>\n<h3>4. Pr\u00e4sentationen:<\/h3>\n<p>Das Produkt Med Cover Shampoo Cap wird in einer Packung mit 1 St\u00fcck\/Packung angeboten.<br \/>\nEine detaillierte Produktliste finden Sie in der folgenden Tabelle.<\/p>\n<table style=\"height: 64px\" border=\"0\" width=\"489\">\n<thead>\n<tr>\n<th>Produktname<\/th>\n<th>MENGE<\/th>\n<th>Gr\u00f6\u00dfe<\/th>\n<\/tr>\n<\/thead>\n<tbody>\n<tr>\n<td>Shampoo-Kappe<\/td>\n<td>1x<\/td>\n<td>16\u00d728 cm<\/td>\n<\/tr>\n<\/tbody>\n<\/table>","protected":false},"excerpt":{"rendered":"<p>1. General Product Description Product Code: MC-0030 Med-cover Shampoo Cap designed for cleaning and care for hair and head area of Inpatient, bedridden patients, and patients who require special care such as intensive care patients. Removes dead cells from the hair with a special formulation. Helps keep the scalp healthy with vitamin E and provitamin [&hellip;]<\/p>","protected":false},"featured_media":18288,"comment_status":"open","ping_status":"closed","template":"","meta":[],"product_brand":[],"product_cat":[81,165],"product_tag":[],"class_list":{"0":"post-17803","1":"product","2":"type-product","3":"status-publish","4":"has-post-thumbnail","6":"product_cat-higiene","7":"product_cat-inpatient-care","9":"first","10":"instock","11":"shipping-taxable","12":"product-type-grouped"},"yoast_head":"<!-- This site is optimized with the Yoast SEO plugin v26.2 - https:\/\/yoast.com\/wordpress\/plugins\/seo\/ -->\n<title>Shampoo Cap - Protectiva.pl \u2013 Professionelle Medizinische und Hygieneprodukte | CE- &amp; ISO-zertifiziert<\/title>\n<meta name=\"robots\" content=\"index, follow, max-snippet:-1, max-image-preview:large, max-video-preview:-1\" \/>\n<link rel=\"canonical\" href=\"https:\/\/protectiva.de\/de\/?product=shampoo-cap\" \/>\n<meta property=\"og:locale\" content=\"de_DE\" \/>\n<meta property=\"og:type\" content=\"article\" \/>\n<meta property=\"og:title\" content=\"Shampoo Cap - Protectiva.pl \u2013 Professionelle Medizinische und Hygieneprodukte | CE- &amp; ISO-zertifiziert\" \/>\n<meta property=\"og:description\" content=\"1. General Product Description Product Code: MC-0030 Med-cover Shampoo Cap designed for cleaning and care for hair and head area of Inpatient, bedridden patients, and patients who require special care such as intensive care patients. Removes dead cells from the hair with a special formulation. Helps keep the scalp healthy with vitamin E and provitamin [&hellip;]\" \/>\n<meta property=\"og:url\" content=\"https:\/\/protectiva.de\/de\/?product=shampoo-cap\" \/>\n<meta property=\"og:site_name\" content=\"Protectiva.pl \u2013 Professionelle Medizinische und Hygieneprodukte | CE- &amp; ISO-zertifiziert\" \/>\n<meta property=\"article:modified_time\" content=\"2025-03-28T19:10:52+00:00\" \/>\n<meta property=\"og:image\" content=\"https:\/\/protectiva.de\/wp-content\/uploads\/2025\/03\/MC-0030.jpg\" \/>\n\t<meta property=\"og:image:width\" content=\"461\" \/>\n\t<meta property=\"og:image:height\" content=\"386\" \/>\n\t<meta property=\"og:image:type\" content=\"image\/jpeg\" \/>\n<meta name=\"twitter:card\" content=\"summary_large_image\" \/>\n<meta name=\"twitter:label1\" content=\"Gesch\u00e4tzte Lesezeit\" \/>\n\t<meta name=\"twitter:data1\" content=\"1\u00a0Minute\" \/>\n<script type=\"application\/ld+json\" class=\"yoast-schema-graph\">{\"@context\":\"https:\/\/schema.org\",\"@graph\":[{\"@type\":\"WebPage\",\"@id\":\"https:\/\/protectiva.de\/?product=shampoo-cap\",\"url\":\"https:\/\/protectiva.de\/?product=shampoo-cap\",\"name\":\"Shampoo Cap - Protectiva.pl \u2013 Professionelle Medizinische und Hygieneprodukte | CE- &amp; ISO-zertifiziert\",\"isPartOf\":{\"@id\":\"https:\/\/protectiva.de\/#website\"},\"primaryImageOfPage\":{\"@id\":\"https:\/\/protectiva.de\/?product=shampoo-cap#primaryimage\"},\"image\":{\"@id\":\"https:\/\/protectiva.de\/?product=shampoo-cap#primaryimage\"},\"thumbnailUrl\":\"https:\/\/protectiva.de\/wp-content\/uploads\/2025\/03\/MC-0030.jpg\",\"datePublished\":\"2025-03-25T13:26:12+00:00\",\"dateModified\":\"2025-03-28T19:10:52+00:00\",\"breadcrumb\":{\"@id\":\"https:\/\/protectiva.de\/?product=shampoo-cap#breadcrumb\"},\"inLanguage\":\"de\",\"potentialAction\":[{\"@type\":\"ReadAction\",\"target\":[\"https:\/\/protectiva.de\/?product=shampoo-cap\"]}]},{\"@type\":\"ImageObject\",\"inLanguage\":\"de\",\"@id\":\"https:\/\/protectiva.de\/?product=shampoo-cap#primaryimage\",\"url\":\"https:\/\/protectiva.de\/wp-content\/uploads\/2025\/03\/MC-0030.jpg\",\"contentUrl\":\"https:\/\/protectiva.de\/wp-content\/uploads\/2025\/03\/MC-0030.jpg\",\"width\":461,\"height\":386},{\"@type\":\"BreadcrumbList\",\"@id\":\"https:\/\/protectiva.de\/?product=shampoo-cap#breadcrumb\",\"itemListElement\":[{\"@type\":\"ListItem\",\"position\":1,\"name\":\"Home\",\"item\":\"https:\/\/protectiva.de\/\"},{\"@type\":\"ListItem\",\"position\":2,\"name\":\"All Products\",\"item\":\"https:\/\/protectiva.de\/shop\/\"},{\"@type\":\"ListItem\",\"position\":3,\"name\":\"Shampoo Cap\"}]},{\"@type\":\"WebSite\",\"@id\":\"https:\/\/protectiva.de\/#website\",\"url\":\"https:\/\/protectiva.de\/\",\"name\":\"Protectiva\",\"description\":\"Innovative Medical Solutions Protectiva.de bietet hochwertige medizinische und Hygieneprodukte. Zuverl\u00e4ssige Schutzausr\u00fcstung, Sterilisationsl\u00f6sungen und Gesundheitsversorgung gem\u00e4\u00df CE- und ISO-Standards f\u00fcr Krankenh\u00e4user und Kliniken. Die ideale Wahl f\u00fcr sichere und komfortable Gesundheitsumgebungen.\",\"publisher\":{\"@id\":\"https:\/\/protectiva.de\/#organization\"},\"potentialAction\":[{\"@type\":\"SearchAction\",\"target\":{\"@type\":\"EntryPoint\",\"urlTemplate\":\"https:\/\/protectiva.de\/?s={search_term_string}\"},\"query-input\":{\"@type\":\"PropertyValueSpecification\",\"valueRequired\":true,\"valueName\":\"search_term_string\"}}],\"inLanguage\":\"de\"},{\"@type\":\"Organization\",\"@id\":\"https:\/\/protectiva.de\/#organization\",\"name\":\"Protectiva\",\"url\":\"https:\/\/protectiva.de\/\",\"logo\":{\"@type\":\"ImageObject\",\"inLanguage\":\"de\",\"@id\":\"https:\/\/protectiva.de\/#\/schema\/logo\/image\/\",\"url\":\"https:\/\/protectiva.de\/wp-content\/uploads\/2025\/03\/logo-protectiva-son-hali.png\",\"contentUrl\":\"https:\/\/protectiva.de\/wp-content\/uploads\/2025\/03\/logo-protectiva-son-hali.png\",\"width\":1140,\"height\":585,\"caption\":\"Protectiva\"},\"image\":{\"@id\":\"https:\/\/protectiva.de\/#\/schema\/logo\/image\/\"}}]}<\/script>\n<!-- \/ Yoast SEO plugin. -->","yoast_head_json":{"title":"Shampoo Cap - Protectiva.pl \u2013 Professionelle Medizinische und Hygieneprodukte | CE- &amp; ISO-zertifiziert","robots":{"index":"index","follow":"follow","max-snippet":"max-snippet:-1","max-image-preview":"max-image-preview:large","max-video-preview":"max-video-preview:-1"},"canonical":"https:\/\/protectiva.de\/de\/?product=shampoo-cap","og_locale":"de_DE","og_type":"article","og_title":"Shampoo Cap - Protectiva.pl \u2013 Professionelle Medizinische und Hygieneprodukte | CE- &amp; ISO-zertifiziert","og_description":"1. General Product Description Product Code: MC-0030 Med-cover Shampoo Cap designed for cleaning and care for hair and head area of Inpatient, bedridden patients, and patients who require special care such as intensive care patients. Removes dead cells from the hair with a special formulation. Helps keep the scalp healthy with vitamin E and provitamin [&hellip;]","og_url":"https:\/\/protectiva.de\/de\/?product=shampoo-cap","og_site_name":"Protectiva.pl \u2013 Professionelle Medizinische und Hygieneprodukte | CE- &amp; ISO-zertifiziert","article_modified_time":"2025-03-28T19:10:52+00:00","og_image":[{"width":461,"height":386,"url":"https:\/\/protectiva.de\/wp-content\/uploads\/2025\/03\/MC-0030.jpg","type":"image\/jpeg"}],"twitter_card":"summary_large_image","twitter_misc":{"Gesch\u00e4tzte Lesezeit":"1\u00a0Minute"},"schema":{"@context":"https:\/\/schema.org","@graph":[{"@type":"WebPage","@id":"https:\/\/protectiva.de\/?product=shampoo-cap","url":"https:\/\/protectiva.de\/?product=shampoo-cap","name":"Shampoo Cap - Protectiva.pl \u2013 Professionelle Medizinische und Hygieneprodukte | CE- &amp; ISO-zertifiziert","isPartOf":{"@id":"https:\/\/protectiva.de\/#website"},"primaryImageOfPage":{"@id":"https:\/\/protectiva.de\/?product=shampoo-cap#primaryimage"},"image":{"@id":"https:\/\/protectiva.de\/?product=shampoo-cap#primaryimage"},"thumbnailUrl":"https:\/\/protectiva.de\/wp-content\/uploads\/2025\/03\/MC-0030.jpg","datePublished":"2025-03-25T13:26:12+00:00","dateModified":"2025-03-28T19:10:52+00:00","breadcrumb":{"@id":"https:\/\/protectiva.de\/?product=shampoo-cap#breadcrumb"},"inLanguage":"de","potentialAction":[{"@type":"ReadAction","target":["https:\/\/protectiva.de\/?product=shampoo-cap"]}]},{"@type":"ImageObject","inLanguage":"de","@id":"https:\/\/protectiva.de\/?product=shampoo-cap#primaryimage","url":"https:\/\/protectiva.de\/wp-content\/uploads\/2025\/03\/MC-0030.jpg","contentUrl":"https:\/\/protectiva.de\/wp-content\/uploads\/2025\/03\/MC-0030.jpg","width":461,"height":386},{"@type":"BreadcrumbList","@id":"https:\/\/protectiva.de\/?product=shampoo-cap#breadcrumb","itemListElement":[{"@type":"ListItem","position":1,"name":"Home","item":"https:\/\/protectiva.de\/"},{"@type":"ListItem","position":2,"name":"All Products","item":"https:\/\/protectiva.de\/shop\/"},{"@type":"ListItem","position":3,"name":"Shampoo Cap"}]},{"@type":"WebSite","@id":"https:\/\/protectiva.de\/#website","url":"https:\/\/protectiva.de\/","name":"Protectiva","description":"Innovative Medical Solutions Protectiva.de bietet hochwertige medizinische und Hygieneprodukte. Zuverl\u00e4ssige Schutzausr\u00fcstung, Sterilisationsl\u00f6sungen und Gesundheitsversorgung gem\u00e4\u00df CE- und ISO-Standards f\u00fcr Krankenh\u00e4user und Kliniken. Die ideale Wahl f\u00fcr sichere und komfortable Gesundheitsumgebungen.","publisher":{"@id":"https:\/\/protectiva.de\/#organization"},"potentialAction":[{"@type":"SearchAction","target":{"@type":"EntryPoint","urlTemplate":"https:\/\/protectiva.de\/?s={search_term_string}"},"query-input":{"@type":"PropertyValueSpecification","valueRequired":true,"valueName":"search_term_string"}}],"inLanguage":"de"},{"@type":"Organization","@id":"https:\/\/protectiva.de\/#organization","name":"Protectiva","url":"https:\/\/protectiva.de\/","logo":{"@type":"ImageObject","inLanguage":"de","@id":"https:\/\/protectiva.de\/#\/schema\/logo\/image\/","url":"https:\/\/protectiva.de\/wp-content\/uploads\/2025\/03\/logo-protectiva-son-hali.png","contentUrl":"https:\/\/protectiva.de\/wp-content\/uploads\/2025\/03\/logo-protectiva-son-hali.png","width":1140,"height":585,"caption":"Protectiva"},"image":{"@id":"https:\/\/protectiva.de\/#\/schema\/logo\/image\/"}}]}},"_links":{"self":[{"href":"https:\/\/protectiva.de\/de\/wp-json\/wp\/v2\/product\/17803","targetHints":{"allow":["GET"]}}],"collection":[{"href":"https:\/\/protectiva.de\/de\/wp-json\/wp\/v2\/product"}],"about":[{"href":"https:\/\/protectiva.de\/de\/wp-json\/wp\/v2\/types\/product"}],"replies":[{"embeddable":true,"href":"https:\/\/protectiva.de\/de\/wp-json\/wp\/v2\/comments?post=17803"}],"wp:featuredmedia":[{"embeddable":true,"href":"https:\/\/protectiva.de\/de\/wp-json\/wp\/v2\/media\/18288"}],"wp:attachment":[{"href":"https:\/\/protectiva.de\/de\/wp-json\/wp\/v2\/media?parent=17803"}],"wp:term":[{"taxonomy":"product_brand","embeddable":true,"href":"https:\/\/protectiva.de\/de\/wp-json\/wp\/v2\/product_brand?post=17803"},{"taxonomy":"product_cat","embeddable":true,"href":"https:\/\/protectiva.de\/de\/wp-json\/wp\/v2\/product_cat?post=17803"},{"taxonomy":"product_tag","embeddable":true,"href":"https:\/\/protectiva.de\/de\/wp-json\/wp\/v2\/product_tag?post=17803"}],"curies":[{"name":"wp","href":"https:\/\/api.w.org\/{rel}","templated":true}]}}