{"id":17768,"date":"2025-03-25T13:26:10","date_gmt":"2025-03-25T13:26:10","guid":{"rendered":"https:\/\/protectiva.pl\/product\/ethylene-oxide-chemical-indicator\/"},"modified":"2025-03-28T19:09:51","modified_gmt":"2025-03-28T19:09:51","slug":"chemischer-indikator-fur-ethylenoxid","status":"publish","type":"product","link":"https:\/\/protectiva.de\/de\/produkt\/chemischer-indikator-fur-ethylenoxid\/","title":{"rendered":"Chemischer Indikator f\u00fcr Ethylenoxid"},"content":{"rendered":"<h1>Chemischer Indikator f\u00fcr Ethylenoxid<\/h1>\n<p>Ethylenoxid-Indikatoren vom Typ 5 sind chemische Indikatoren, die Informationen \u00fcber den Erfolg der Sterilisation durch die Verwendung von Ethylenoxid in Sterilisationsbeuteln liefern. Hinweis: Produkte k\u00f6nnen mit Ihrem Markenzeichen hergestellt werden.<\/p>\n<p>Produktcode: 4AC6I<\/p>\n<table border=\"0\" width=\"100%\">\n<thead>\n<tr>\n<th>Produktname<\/th>\n<th>MENGE<\/th>\n<th>Gr\u00f6\u00dfe<\/th>\n<\/tr>\n<\/thead>\n<tbody>\n<tr>\n<td>Chemischer Indikator f\u00fcr Ethylenoxid<\/td>\n<td>1x<\/td>\n<td>500 Stck.<\/td>\n<\/tr>\n<\/tbody>\n<\/table>\n<h2>ETHYLENOXID-CHEMIEINDIKATOR-PAKET<\/h2>\n<p><strong>PRODUKTCODE<\/strong><br \/>\n4AIA<\/p>\n<p><strong>ZUGEH\u00d6RIGE NORMEN<\/strong><br \/>\nDer chemische Indikator 4A Medical Ethylenoxid ist gem\u00e4\u00df der Norm ISO 11140-1 als Typ 5 klassifiziert.<\/p>\n<p><strong>VERWENDUNGSZWECK<\/strong><br \/>\n4A Medical Ethylenoxid ist ein chemischer Indikator, der Informationen \u00fcber den Erfolg der Sterilisation liefert, wenn er zusammen mit Ethylenoxid in einer Sterilisationsverpackung verwendet wird.<\/p>\n<p><strong>BETRIEBSBEDINGUNGEN<\/strong><br \/>\nEs wird verwendet, um den Prozess der Ethylenoxid-Gassterilisation zu bewerten. 4A-Indikatoren, die gem\u00e4\u00df ISO 11140 hergestellt wurden, sind wasserbasiert und enthalten keine giftigen Substanzen.<\/p>\n<p><strong>PRODUKTSPEZIFIKATIONEN<\/strong><br \/>\nJede Schachtel enth\u00e4lt 500 bedruckte Kartonb\u00f6gen mit Indikator. Der Indikator reagiert empfindlich auf die Konzentration von Ethylenoxid.<\/p>\n<p><strong>LAGERUNG UND ENTSORGUNG<\/strong><br \/>\nAbgelaufene Produkte d\u00fcrfen nicht verwendet werden. Sie werden bei Raumtemperatur, ohne Feuchtigkeit und Sonneneinstrahlung gelagert. Kontakt mit Fl\u00fcssigkeiten ist zu vermeiden. Besch\u00e4digte oder defekte Produkte d\u00fcrfen nicht verwendet werden. Die Haltbarkeit betr\u00e4gt 5 Jahre ab Herstellungsdatum. Nach der Sterilisation bleibt die Sterilisationsfarbe 6 Monate lang erhalten.<\/p>\n<p><strong>VERPACKUNG<\/strong><br \/>\n20 Packungen im Karton.<\/p>","protected":false},"excerpt":{"rendered":"<p>PDF <a href=\"https:\/\/protectiva.de\/wp-content\/uploads\/2025\/03\/4AC6I-1.pdf\">4AC6I<\/a><\/p>\n<p>Produktcode: 4AC6I<\/p>","protected":false},"featured_media":18189,"comment_status":"open","ping_status":"closed","template":"","meta":[],"product_brand":[],"product_cat":[198,199],"product_tag":[],"class_list":{"0":"post-17768","1":"product","2":"type-product","3":"status-publish","4":"has-post-thumbnail","6":"product_cat-sterilization","7":"product_cat-sterilization-chemical-indicators","9":"first","10":"instock","11":"shipping-taxable","12":"product-type-simple"},"yoast_head":"<!-- This site is optimized with the Yoast SEO plugin v26.2 - https:\/\/yoast.com\/wordpress\/plugins\/seo\/ -->\n<title>Ethylene Oxide Chemical Indicator - Protectiva.pl \u2013 Professionelle Medizinische und Hygieneprodukte | CE- &amp; ISO-zertifiziert<\/title>\n<meta name=\"robots\" content=\"index, follow, max-snippet:-1, max-image-preview:large, max-video-preview:-1\" \/>\n<link rel=\"canonical\" href=\"https:\/\/protectiva.de\/de\/?product=ethylene-oxide-chemical-indicator\" \/>\n<meta property=\"og:locale\" content=\"de_DE\" \/>\n<meta property=\"og:type\" content=\"article\" \/>\n<meta property=\"og:title\" content=\"Ethylene Oxide Chemical Indicator - Protectiva.pl \u2013 Professionelle Medizinische und Hygieneprodukte | CE- &amp; ISO-zertifiziert\" \/>\n<meta property=\"og:description\" content=\"PDF 4AC6I  Product Code: 4AC6I\" \/>\n<meta property=\"og:url\" content=\"https:\/\/protectiva.de\/de\/?product=ethylene-oxide-chemical-indicator\" \/>\n<meta property=\"og:site_name\" content=\"Protectiva.pl \u2013 Professionelle Medizinische und Hygieneprodukte | CE- &amp; ISO-zertifiziert\" \/>\n<meta property=\"article:modified_time\" content=\"2025-03-28T19:09:51+00:00\" \/>\n<meta property=\"og:image\" content=\"https:\/\/protectiva.de\/wp-content\/uploads\/2025\/03\/4AC6I.jpg\" \/>\n\t<meta property=\"og:image:width\" content=\"1000\" \/>\n\t<meta property=\"og:image:height\" content=\"1000\" \/>\n\t<meta property=\"og:image:type\" content=\"image\/jpeg\" \/>\n<meta name=\"twitter:card\" content=\"summary_large_image\" \/>\n<meta name=\"twitter:label1\" content=\"Gesch\u00e4tzte Lesezeit\" \/>\n\t<meta name=\"twitter:data1\" content=\"1\u00a0Minute\" \/>\n<script type=\"application\/ld+json\" class=\"yoast-schema-graph\">{\"@context\":\"https:\/\/schema.org\",\"@graph\":[{\"@type\":\"WebPage\",\"@id\":\"https:\/\/protectiva.de\/?product=ethylene-oxide-chemical-indicator\",\"url\":\"https:\/\/protectiva.de\/?product=ethylene-oxide-chemical-indicator\",\"name\":\"Ethylene Oxide Chemical Indicator - Protectiva.pl \u2013 Professionelle Medizinische und Hygieneprodukte | CE- &amp; ISO-zertifiziert\",\"isPartOf\":{\"@id\":\"https:\/\/protectiva.de\/#website\"},\"primaryImageOfPage\":{\"@id\":\"https:\/\/protectiva.de\/?product=ethylene-oxide-chemical-indicator#primaryimage\"},\"image\":{\"@id\":\"https:\/\/protectiva.de\/?product=ethylene-oxide-chemical-indicator#primaryimage\"},\"thumbnailUrl\":\"https:\/\/protectiva.de\/wp-content\/uploads\/2025\/03\/4AC6I.jpg\",\"datePublished\":\"2025-03-25T13:26:10+00:00\",\"dateModified\":\"2025-03-28T19:09:51+00:00\",\"breadcrumb\":{\"@id\":\"https:\/\/protectiva.de\/?product=ethylene-oxide-chemical-indicator#breadcrumb\"},\"inLanguage\":\"de\",\"potentialAction\":[{\"@type\":\"ReadAction\",\"target\":[\"https:\/\/protectiva.de\/?product=ethylene-oxide-chemical-indicator\"]}]},{\"@type\":\"ImageObject\",\"inLanguage\":\"de\",\"@id\":\"https:\/\/protectiva.de\/?product=ethylene-oxide-chemical-indicator#primaryimage\",\"url\":\"https:\/\/protectiva.de\/wp-content\/uploads\/2025\/03\/4AC6I.jpg\",\"contentUrl\":\"https:\/\/protectiva.de\/wp-content\/uploads\/2025\/03\/4AC6I.jpg\",\"width\":1000,\"height\":1000},{\"@type\":\"BreadcrumbList\",\"@id\":\"https:\/\/protectiva.de\/?product=ethylene-oxide-chemical-indicator#breadcrumb\",\"itemListElement\":[{\"@type\":\"ListItem\",\"position\":1,\"name\":\"Home\",\"item\":\"https:\/\/protectiva.de\/\"},{\"@type\":\"ListItem\",\"position\":2,\"name\":\"All Products\",\"item\":\"https:\/\/protectiva.de\/shop\/\"},{\"@type\":\"ListItem\",\"position\":3,\"name\":\"Ethylene Oxide Chemical Indicator\"}]},{\"@type\":\"WebSite\",\"@id\":\"https:\/\/protectiva.de\/#website\",\"url\":\"https:\/\/protectiva.de\/\",\"name\":\"Protectiva\",\"description\":\"Innovative Medical Solutions Protectiva.de bietet hochwertige medizinische und Hygieneprodukte. Zuverl\u00e4ssige Schutzausr\u00fcstung, Sterilisationsl\u00f6sungen und Gesundheitsversorgung gem\u00e4\u00df CE- und ISO-Standards f\u00fcr Krankenh\u00e4user und Kliniken. Die ideale Wahl f\u00fcr sichere und komfortable Gesundheitsumgebungen.\",\"publisher\":{\"@id\":\"https:\/\/protectiva.de\/#organization\"},\"potentialAction\":[{\"@type\":\"SearchAction\",\"target\":{\"@type\":\"EntryPoint\",\"urlTemplate\":\"https:\/\/protectiva.de\/?s={search_term_string}\"},\"query-input\":{\"@type\":\"PropertyValueSpecification\",\"valueRequired\":true,\"valueName\":\"search_term_string\"}}],\"inLanguage\":\"de\"},{\"@type\":\"Organization\",\"@id\":\"https:\/\/protectiva.de\/#organization\",\"name\":\"Protectiva\",\"url\":\"https:\/\/protectiva.de\/\",\"logo\":{\"@type\":\"ImageObject\",\"inLanguage\":\"de\",\"@id\":\"https:\/\/protectiva.de\/#\/schema\/logo\/image\/\",\"url\":\"https:\/\/protectiva.de\/wp-content\/uploads\/2025\/03\/logo-protectiva-son-hali.png\",\"contentUrl\":\"https:\/\/protectiva.de\/wp-content\/uploads\/2025\/03\/logo-protectiva-son-hali.png\",\"width\":1140,\"height\":585,\"caption\":\"Protectiva\"},\"image\":{\"@id\":\"https:\/\/protectiva.de\/#\/schema\/logo\/image\/\"}}]}<\/script>\n<!-- \/ Yoast SEO plugin. -->","yoast_head_json":{"title":"Ethylene Oxide Chemical Indicator - Protectiva.pl \u2013 Professionelle Medizinische und Hygieneprodukte | CE- &amp; ISO-zertifiziert","robots":{"index":"index","follow":"follow","max-snippet":"max-snippet:-1","max-image-preview":"max-image-preview:large","max-video-preview":"max-video-preview:-1"},"canonical":"https:\/\/protectiva.de\/de\/?product=ethylene-oxide-chemical-indicator","og_locale":"de_DE","og_type":"article","og_title":"Ethylene Oxide Chemical Indicator - Protectiva.pl \u2013 Professionelle Medizinische und Hygieneprodukte | CE- &amp; ISO-zertifiziert","og_description":"PDF 4AC6I  Product Code: 4AC6I","og_url":"https:\/\/protectiva.de\/de\/?product=ethylene-oxide-chemical-indicator","og_site_name":"Protectiva.pl \u2013 Professionelle Medizinische und Hygieneprodukte | CE- &amp; ISO-zertifiziert","article_modified_time":"2025-03-28T19:09:51+00:00","og_image":[{"width":1000,"height":1000,"url":"https:\/\/protectiva.de\/wp-content\/uploads\/2025\/03\/4AC6I.jpg","type":"image\/jpeg"}],"twitter_card":"summary_large_image","twitter_misc":{"Gesch\u00e4tzte Lesezeit":"1\u00a0Minute"},"schema":{"@context":"https:\/\/schema.org","@graph":[{"@type":"WebPage","@id":"https:\/\/protectiva.de\/?product=ethylene-oxide-chemical-indicator","url":"https:\/\/protectiva.de\/?product=ethylene-oxide-chemical-indicator","name":"Ethylene Oxide Chemical Indicator - Protectiva.pl \u2013 Professionelle Medizinische und Hygieneprodukte | CE- &amp; ISO-zertifiziert","isPartOf":{"@id":"https:\/\/protectiva.de\/#website"},"primaryImageOfPage":{"@id":"https:\/\/protectiva.de\/?product=ethylene-oxide-chemical-indicator#primaryimage"},"image":{"@id":"https:\/\/protectiva.de\/?product=ethylene-oxide-chemical-indicator#primaryimage"},"thumbnailUrl":"https:\/\/protectiva.de\/wp-content\/uploads\/2025\/03\/4AC6I.jpg","datePublished":"2025-03-25T13:26:10+00:00","dateModified":"2025-03-28T19:09:51+00:00","breadcrumb":{"@id":"https:\/\/protectiva.de\/?product=ethylene-oxide-chemical-indicator#breadcrumb"},"inLanguage":"de","potentialAction":[{"@type":"ReadAction","target":["https:\/\/protectiva.de\/?product=ethylene-oxide-chemical-indicator"]}]},{"@type":"ImageObject","inLanguage":"de","@id":"https:\/\/protectiva.de\/?product=ethylene-oxide-chemical-indicator#primaryimage","url":"https:\/\/protectiva.de\/wp-content\/uploads\/2025\/03\/4AC6I.jpg","contentUrl":"https:\/\/protectiva.de\/wp-content\/uploads\/2025\/03\/4AC6I.jpg","width":1000,"height":1000},{"@type":"BreadcrumbList","@id":"https:\/\/protectiva.de\/?product=ethylene-oxide-chemical-indicator#breadcrumb","itemListElement":[{"@type":"ListItem","position":1,"name":"Home","item":"https:\/\/protectiva.de\/"},{"@type":"ListItem","position":2,"name":"All Products","item":"https:\/\/protectiva.de\/shop\/"},{"@type":"ListItem","position":3,"name":"Ethylene Oxide Chemical Indicator"}]},{"@type":"WebSite","@id":"https:\/\/protectiva.de\/#website","url":"https:\/\/protectiva.de\/","name":"Protectiva","description":"Innovative Medical Solutions Protectiva.de bietet hochwertige medizinische und Hygieneprodukte. Zuverl\u00e4ssige Schutzausr\u00fcstung, Sterilisationsl\u00f6sungen und Gesundheitsversorgung gem\u00e4\u00df CE- und ISO-Standards f\u00fcr Krankenh\u00e4user und Kliniken. Die ideale Wahl f\u00fcr sichere und komfortable Gesundheitsumgebungen.","publisher":{"@id":"https:\/\/protectiva.de\/#organization"},"potentialAction":[{"@type":"SearchAction","target":{"@type":"EntryPoint","urlTemplate":"https:\/\/protectiva.de\/?s={search_term_string}"},"query-input":{"@type":"PropertyValueSpecification","valueRequired":true,"valueName":"search_term_string"}}],"inLanguage":"de"},{"@type":"Organization","@id":"https:\/\/protectiva.de\/#organization","name":"Protectiva","url":"https:\/\/protectiva.de\/","logo":{"@type":"ImageObject","inLanguage":"de","@id":"https:\/\/protectiva.de\/#\/schema\/logo\/image\/","url":"https:\/\/protectiva.de\/wp-content\/uploads\/2025\/03\/logo-protectiva-son-hali.png","contentUrl":"https:\/\/protectiva.de\/wp-content\/uploads\/2025\/03\/logo-protectiva-son-hali.png","width":1140,"height":585,"caption":"Protectiva"},"image":{"@id":"https:\/\/protectiva.de\/#\/schema\/logo\/image\/"}}]}},"_links":{"self":[{"href":"https:\/\/protectiva.de\/de\/wp-json\/wp\/v2\/product\/17768","targetHints":{"allow":["GET"]}}],"collection":[{"href":"https:\/\/protectiva.de\/de\/wp-json\/wp\/v2\/product"}],"about":[{"href":"https:\/\/protectiva.de\/de\/wp-json\/wp\/v2\/types\/product"}],"replies":[{"embeddable":true,"href":"https:\/\/protectiva.de\/de\/wp-json\/wp\/v2\/comments?post=17768"}],"wp:featuredmedia":[{"embeddable":true,"href":"https:\/\/protectiva.de\/de\/wp-json\/wp\/v2\/media\/18189"}],"wp:attachment":[{"href":"https:\/\/protectiva.de\/de\/wp-json\/wp\/v2\/media?parent=17768"}],"wp:term":[{"taxonomy":"product_brand","embeddable":true,"href":"https:\/\/protectiva.de\/de\/wp-json\/wp\/v2\/product_brand?post=17768"},{"taxonomy":"product_cat","embeddable":true,"href":"https:\/\/protectiva.de\/de\/wp-json\/wp\/v2\/product_cat?post=17768"},{"taxonomy":"product_tag","embeddable":true,"href":"https:\/\/protectiva.de\/de\/wp-json\/wp\/v2\/product_tag?post=17768"}],"curies":[{"name":"wp","href":"https:\/\/api.w.org\/{rel}","templated":true}]}}