{"id":17767,"date":"2025-03-25T13:26:10","date_gmt":"2025-03-25T13:26:10","guid":{"rendered":"https:\/\/protectiva.pl\/product\/type-6-steam-chemical-indicator\/"},"modified":"2025-03-28T19:09:51","modified_gmt":"2025-03-28T19:09:51","slug":"dampfchemischer-indikator-typ-6","status":"publish","type":"product","link":"https:\/\/protectiva.de\/de\/produkt\/dampfchemischer-indikator-typ-6\/","title":{"rendered":"Dampfchemischer Indikator Typ 6"},"content":{"rendered":"<h1>Dampfchemischer Indikator Typ 6<\/h1>\n<p>6 Dampfchemikalienindikatoren sind die Produkte, die in jede Sterilisationsverpackung gegeben werden und die den Erfolg der Sterilisation anzeigen. Dampfchemikalienindikatoren Typ 6 sind Zyklusverifizierungsindikatoren, die das Vorhandensein oder Nichtvorhandensein bestimmter Zeit-, Temperatur- und Druckparameter w\u00e4hrend eines Zyklus best\u00e4tigen. Der Dampfchemikalienindikator Typ 6 3,5 Minuten arbeitet bis zu 15 Minuten bei 121 \u00b0C oder bis zu 3,5 Minuten bei 134 \u00b0C. Der Dampfchemikalienindikator Typ 6 7 Minuten arbeitet bis zu 20 Minuten bei 121 \u00b0C und bis zu 7 Minuten bei 134 \u00b0C. Wir haben die folgenden Typen von Dampfchemikalienindikatoren Typ 6: Neben dem Standard-Dampfchemikalienindikator Typ 6 3,5 Minuten haben wir einen selbstklebenden Dampfchemikalienindikator Typ 6 3,5 Minuten und einen perforierten Dampfchemikalienindikator Typ 6 3,5 Minuten. Neben dem Standard-Dampfchemikalienindikator Typ 6 7 Minuten haben wir einen selbstklebenden Dampfchemikalienindikator Typ 6 7 Minuten und einen perforierten Dampfchemikalienindikator Typ 6 7 Minuten.<\/p>\n<p>Produktcode: 4AC6<\/p>\n<table border=\"0\" width=\"100%\">\n<thead>\n<tr>\n<th>Produktname<\/th>\n<th>MENGE<\/th>\n<th>Gr\u00f6\u00dfe<\/th>\n<\/tr>\n<\/thead>\n<tbody>\n<tr>\n<td>Dampfchemischer Indikator Typ 6<\/td>\n<td>1x<\/td>\n<td>250 Stck.<\/td>\n<\/tr>\n<\/tbody>\n<\/table>\n<h2>Dampfchemischer Indikator Typ 6, PACK<\/h2>\n<p><strong>PRODUKTCODE<\/strong><br \/>\n4AC6<\/p>\n<p><strong>ZUGEH\u00d6RIGE NORMEN<\/strong><br \/>\nDer medizinische Dampfindikator 4A ist gem\u00e4\u00df der Norm ISO 11140-1 als Typ 6 klassifiziert.<\/p>\n<p><strong>VERWENDUNGSZWECK<\/strong><br \/>\n4A Medical Steam Indicators sind Zyklus\u00fcberpr\u00fcfungsindikatoren, die best\u00e4tigen, dass<br \/>\nVorhandensein oder Fehlen bestimmter Zeit- und Temperaturparameter w\u00e4hrend eines Zyklus.<br \/>\nDie Produkte erm\u00f6glichen dem Endverbraucher, falsche Verpackungen, Ladeprobleme und<br \/>\nSterilisationsfehler.<\/p>\n<p><strong>BETRIEBSBEDINGUNGEN<\/strong><br \/>\n4A Medical Steam Indicators sind f\u00fcr den Betrieb bei einem Dampfzyklus von 134\u00baC \u2013 3,5 Minuten oder 121\u00baC \u2013 15 Minuten ausgelegt.<\/p>\n<p><strong>CHEMISCHE ZUSAMMENSETZUNG<\/strong><br \/>\nDie zum Drucken verwendete Sterilisationsindikatortinte enth\u00e4lt die folgenden Komponenten in ppm-Werten.<\/p>\n<p><strong>PRODUKTSPEZIFIKATIONEN<\/strong><br \/>\nJede Schachtel enth\u00e4lt 250 bedruckte Kartonbl\u00e4tter mit Indikator. Der Indikator reagiert auf Temperatur, Zeit und Dampfkonzentration.<\/p>\n<p><strong>LAGERUNG UND ENTSORGUNG<\/strong><br \/>\nAbgelaufene Produkte d\u00fcrfen nicht verwendet werden. Sie werden bei Raumtemperatur, ohne Feuchtigkeit und Sonneneinstrahlung gelagert. Kontakt mit Fl\u00fcssigkeiten ist zu vermeiden. Besch\u00e4digte oder defekte Produkte d\u00fcrfen nicht verwendet werden. Die Haltbarkeit betr\u00e4gt 5 Jahre ab Herstellungsdatum. Nach der Sterilisation bleibt die Sterilisationsfarbe 6 Monate lang erhalten.<\/p>\n<p><strong>VERPACKUNG<\/strong><br \/>\n100 Schachteln im Karton.<\/p>","protected":false},"excerpt":{"rendered":"<p>PDF <a href=\"https:\/\/protectiva.de\/wp-content\/uploads\/2025\/03\/4AC6-1.pdf\">4AC6<\/a><\/p>\n<p>Produktcode: 4AC6<\/p>","protected":false},"featured_media":18187,"comment_status":"open","ping_status":"closed","template":"","meta":[],"product_brand":[],"product_cat":[198,199],"product_tag":[],"class_list":{"0":"post-17767","1":"product","2":"type-product","3":"status-publish","4":"has-post-thumbnail","6":"product_cat-sterilization","7":"product_cat-sterilization-chemical-indicators","9":"first","10":"instock","11":"shipping-taxable","12":"product-type-simple"},"yoast_head":"<!-- This site is optimized with the Yoast SEO plugin v26.2 - https:\/\/yoast.com\/wordpress\/plugins\/seo\/ -->\n<title>Type 6 Steam Chemical Indicator - Protectiva.pl \u2013 Professionelle Medizinische und Hygieneprodukte | CE- &amp; ISO-zertifiziert<\/title>\n<meta name=\"robots\" content=\"index, follow, max-snippet:-1, max-image-preview:large, max-video-preview:-1\" \/>\n<link rel=\"canonical\" href=\"https:\/\/protectiva.de\/de\/?product=type-6-steam-chemical-indicator\" \/>\n<meta property=\"og:locale\" content=\"de_DE\" \/>\n<meta property=\"og:type\" content=\"article\" \/>\n<meta property=\"og:title\" content=\"Type 6 Steam Chemical Indicator - Protectiva.pl \u2013 Professionelle Medizinische und Hygieneprodukte | CE- &amp; ISO-zertifiziert\" \/>\n<meta property=\"og:description\" content=\"PDF 4AC6  Product Code: 4AC6\" \/>\n<meta property=\"og:url\" content=\"https:\/\/protectiva.de\/de\/?product=type-6-steam-chemical-indicator\" \/>\n<meta property=\"og:site_name\" content=\"Protectiva.pl \u2013 Professionelle Medizinische und Hygieneprodukte | CE- &amp; ISO-zertifiziert\" \/>\n<meta property=\"article:modified_time\" content=\"2025-03-28T19:09:51+00:00\" \/>\n<meta property=\"og:image\" content=\"https:\/\/protectiva.de\/wp-content\/uploads\/2025\/03\/4AC6.jpg\" \/>\n\t<meta property=\"og:image:width\" content=\"1000\" \/>\n\t<meta property=\"og:image:height\" content=\"1000\" \/>\n\t<meta property=\"og:image:type\" content=\"image\/jpeg\" \/>\n<meta name=\"twitter:card\" content=\"summary_large_image\" \/>\n<meta name=\"twitter:label1\" content=\"Gesch\u00e4tzte Lesezeit\" \/>\n\t<meta name=\"twitter:data1\" content=\"2\u00a0Minuten\" \/>\n<script type=\"application\/ld+json\" class=\"yoast-schema-graph\">{\"@context\":\"https:\/\/schema.org\",\"@graph\":[{\"@type\":\"WebPage\",\"@id\":\"https:\/\/protectiva.de\/?product=type-6-steam-chemical-indicator\",\"url\":\"https:\/\/protectiva.de\/?product=type-6-steam-chemical-indicator\",\"name\":\"Type 6 Steam Chemical Indicator - Protectiva.pl \u2013 Professionelle Medizinische und Hygieneprodukte | CE- &amp; ISO-zertifiziert\",\"isPartOf\":{\"@id\":\"https:\/\/protectiva.de\/#website\"},\"primaryImageOfPage\":{\"@id\":\"https:\/\/protectiva.de\/?product=type-6-steam-chemical-indicator#primaryimage\"},\"image\":{\"@id\":\"https:\/\/protectiva.de\/?product=type-6-steam-chemical-indicator#primaryimage\"},\"thumbnailUrl\":\"https:\/\/protectiva.de\/wp-content\/uploads\/2025\/03\/4AC6.jpg\",\"datePublished\":\"2025-03-25T13:26:10+00:00\",\"dateModified\":\"2025-03-28T19:09:51+00:00\",\"breadcrumb\":{\"@id\":\"https:\/\/protectiva.de\/?product=type-6-steam-chemical-indicator#breadcrumb\"},\"inLanguage\":\"de\",\"potentialAction\":[{\"@type\":\"ReadAction\",\"target\":[\"https:\/\/protectiva.de\/?product=type-6-steam-chemical-indicator\"]}]},{\"@type\":\"ImageObject\",\"inLanguage\":\"de\",\"@id\":\"https:\/\/protectiva.de\/?product=type-6-steam-chemical-indicator#primaryimage\",\"url\":\"https:\/\/protectiva.de\/wp-content\/uploads\/2025\/03\/4AC6.jpg\",\"contentUrl\":\"https:\/\/protectiva.de\/wp-content\/uploads\/2025\/03\/4AC6.jpg\",\"width\":1000,\"height\":1000},{\"@type\":\"BreadcrumbList\",\"@id\":\"https:\/\/protectiva.de\/?product=type-6-steam-chemical-indicator#breadcrumb\",\"itemListElement\":[{\"@type\":\"ListItem\",\"position\":1,\"name\":\"Home\",\"item\":\"https:\/\/protectiva.de\/\"},{\"@type\":\"ListItem\",\"position\":2,\"name\":\"All Products\",\"item\":\"https:\/\/protectiva.de\/shop\/\"},{\"@type\":\"ListItem\",\"position\":3,\"name\":\"Type 6 Steam Chemical Indicator\"}]},{\"@type\":\"WebSite\",\"@id\":\"https:\/\/protectiva.de\/#website\",\"url\":\"https:\/\/protectiva.de\/\",\"name\":\"Protectiva\",\"description\":\"Innovative Medical Solutions Protectiva.de bietet hochwertige medizinische und Hygieneprodukte. Zuverl\u00e4ssige Schutzausr\u00fcstung, Sterilisationsl\u00f6sungen und Gesundheitsversorgung gem\u00e4\u00df CE- und ISO-Standards f\u00fcr Krankenh\u00e4user und Kliniken. Die ideale Wahl f\u00fcr sichere und komfortable Gesundheitsumgebungen.\",\"publisher\":{\"@id\":\"https:\/\/protectiva.de\/#organization\"},\"potentialAction\":[{\"@type\":\"SearchAction\",\"target\":{\"@type\":\"EntryPoint\",\"urlTemplate\":\"https:\/\/protectiva.de\/?s={search_term_string}\"},\"query-input\":{\"@type\":\"PropertyValueSpecification\",\"valueRequired\":true,\"valueName\":\"search_term_string\"}}],\"inLanguage\":\"de\"},{\"@type\":\"Organization\",\"@id\":\"https:\/\/protectiva.de\/#organization\",\"name\":\"Protectiva\",\"url\":\"https:\/\/protectiva.de\/\",\"logo\":{\"@type\":\"ImageObject\",\"inLanguage\":\"de\",\"@id\":\"https:\/\/protectiva.de\/#\/schema\/logo\/image\/\",\"url\":\"https:\/\/protectiva.de\/wp-content\/uploads\/2025\/03\/logo-protectiva-son-hali.png\",\"contentUrl\":\"https:\/\/protectiva.de\/wp-content\/uploads\/2025\/03\/logo-protectiva-son-hali.png\",\"width\":1140,\"height\":585,\"caption\":\"Protectiva\"},\"image\":{\"@id\":\"https:\/\/protectiva.de\/#\/schema\/logo\/image\/\"}}]}<\/script>\n<!-- \/ Yoast SEO plugin. -->","yoast_head_json":{"title":"Type 6 Steam Chemical Indicator - Protectiva.pl \u2013 Professionelle Medizinische und Hygieneprodukte | CE- &amp; ISO-zertifiziert","robots":{"index":"index","follow":"follow","max-snippet":"max-snippet:-1","max-image-preview":"max-image-preview:large","max-video-preview":"max-video-preview:-1"},"canonical":"https:\/\/protectiva.de\/de\/?product=type-6-steam-chemical-indicator","og_locale":"de_DE","og_type":"article","og_title":"Type 6 Steam Chemical Indicator - Protectiva.pl \u2013 Professionelle Medizinische und Hygieneprodukte | CE- &amp; ISO-zertifiziert","og_description":"PDF 4AC6  Product Code: 4AC6","og_url":"https:\/\/protectiva.de\/de\/?product=type-6-steam-chemical-indicator","og_site_name":"Protectiva.pl \u2013 Professionelle Medizinische und Hygieneprodukte | CE- &amp; ISO-zertifiziert","article_modified_time":"2025-03-28T19:09:51+00:00","og_image":[{"width":1000,"height":1000,"url":"https:\/\/protectiva.de\/wp-content\/uploads\/2025\/03\/4AC6.jpg","type":"image\/jpeg"}],"twitter_card":"summary_large_image","twitter_misc":{"Gesch\u00e4tzte Lesezeit":"2\u00a0Minuten"},"schema":{"@context":"https:\/\/schema.org","@graph":[{"@type":"WebPage","@id":"https:\/\/protectiva.de\/?product=type-6-steam-chemical-indicator","url":"https:\/\/protectiva.de\/?product=type-6-steam-chemical-indicator","name":"Type 6 Steam Chemical Indicator - Protectiva.pl \u2013 Professionelle Medizinische und Hygieneprodukte | CE- &amp; ISO-zertifiziert","isPartOf":{"@id":"https:\/\/protectiva.de\/#website"},"primaryImageOfPage":{"@id":"https:\/\/protectiva.de\/?product=type-6-steam-chemical-indicator#primaryimage"},"image":{"@id":"https:\/\/protectiva.de\/?product=type-6-steam-chemical-indicator#primaryimage"},"thumbnailUrl":"https:\/\/protectiva.de\/wp-content\/uploads\/2025\/03\/4AC6.jpg","datePublished":"2025-03-25T13:26:10+00:00","dateModified":"2025-03-28T19:09:51+00:00","breadcrumb":{"@id":"https:\/\/protectiva.de\/?product=type-6-steam-chemical-indicator#breadcrumb"},"inLanguage":"de","potentialAction":[{"@type":"ReadAction","target":["https:\/\/protectiva.de\/?product=type-6-steam-chemical-indicator"]}]},{"@type":"ImageObject","inLanguage":"de","@id":"https:\/\/protectiva.de\/?product=type-6-steam-chemical-indicator#primaryimage","url":"https:\/\/protectiva.de\/wp-content\/uploads\/2025\/03\/4AC6.jpg","contentUrl":"https:\/\/protectiva.de\/wp-content\/uploads\/2025\/03\/4AC6.jpg","width":1000,"height":1000},{"@type":"BreadcrumbList","@id":"https:\/\/protectiva.de\/?product=type-6-steam-chemical-indicator#breadcrumb","itemListElement":[{"@type":"ListItem","position":1,"name":"Home","item":"https:\/\/protectiva.de\/"},{"@type":"ListItem","position":2,"name":"All Products","item":"https:\/\/protectiva.de\/shop\/"},{"@type":"ListItem","position":3,"name":"Type 6 Steam Chemical Indicator"}]},{"@type":"WebSite","@id":"https:\/\/protectiva.de\/#website","url":"https:\/\/protectiva.de\/","name":"Protectiva","description":"Innovative Medical Solutions Protectiva.de bietet hochwertige medizinische und Hygieneprodukte. Zuverl\u00e4ssige Schutzausr\u00fcstung, Sterilisationsl\u00f6sungen und Gesundheitsversorgung gem\u00e4\u00df CE- und ISO-Standards f\u00fcr Krankenh\u00e4user und Kliniken. Die ideale Wahl f\u00fcr sichere und komfortable Gesundheitsumgebungen.","publisher":{"@id":"https:\/\/protectiva.de\/#organization"},"potentialAction":[{"@type":"SearchAction","target":{"@type":"EntryPoint","urlTemplate":"https:\/\/protectiva.de\/?s={search_term_string}"},"query-input":{"@type":"PropertyValueSpecification","valueRequired":true,"valueName":"search_term_string"}}],"inLanguage":"de"},{"@type":"Organization","@id":"https:\/\/protectiva.de\/#organization","name":"Protectiva","url":"https:\/\/protectiva.de\/","logo":{"@type":"ImageObject","inLanguage":"de","@id":"https:\/\/protectiva.de\/#\/schema\/logo\/image\/","url":"https:\/\/protectiva.de\/wp-content\/uploads\/2025\/03\/logo-protectiva-son-hali.png","contentUrl":"https:\/\/protectiva.de\/wp-content\/uploads\/2025\/03\/logo-protectiva-son-hali.png","width":1140,"height":585,"caption":"Protectiva"},"image":{"@id":"https:\/\/protectiva.de\/#\/schema\/logo\/image\/"}}]}},"_links":{"self":[{"href":"https:\/\/protectiva.de\/de\/wp-json\/wp\/v2\/product\/17767","targetHints":{"allow":["GET"]}}],"collection":[{"href":"https:\/\/protectiva.de\/de\/wp-json\/wp\/v2\/product"}],"about":[{"href":"https:\/\/protectiva.de\/de\/wp-json\/wp\/v2\/types\/product"}],"replies":[{"embeddable":true,"href":"https:\/\/protectiva.de\/de\/wp-json\/wp\/v2\/comments?post=17767"}],"wp:featuredmedia":[{"embeddable":true,"href":"https:\/\/protectiva.de\/de\/wp-json\/wp\/v2\/media\/18187"}],"wp:attachment":[{"href":"https:\/\/protectiva.de\/de\/wp-json\/wp\/v2\/media?parent=17767"}],"wp:term":[{"taxonomy":"product_brand","embeddable":true,"href":"https:\/\/protectiva.de\/de\/wp-json\/wp\/v2\/product_brand?post=17767"},{"taxonomy":"product_cat","embeddable":true,"href":"https:\/\/protectiva.de\/de\/wp-json\/wp\/v2\/product_cat?post=17767"},{"taxonomy":"product_tag","embeddable":true,"href":"https:\/\/protectiva.de\/de\/wp-json\/wp\/v2\/product_tag?post=17767"}],"curies":[{"name":"wp","href":"https:\/\/api.w.org\/{rel}","templated":true}]}}