{"id":17765,"date":"2025-03-25T13:26:08","date_gmt":"2025-03-25T13:26:08","guid":{"rendered":"https:\/\/protectiva.pl\/product\/type-5-steam-chemical-integrator\/"},"modified":"2025-03-28T19:09:52","modified_gmt":"2025-03-28T19:09:52","slug":"dampfchemischer-integrator-typ-5","status":"publish","type":"product","link":"https:\/\/protectiva.de\/de\/produkt\/dampfchemischer-integrator-typ-5\/","title":{"rendered":"Dampfchemischer Integrator Typ 5"},"content":{"rendered":"<h1>Dampfchemischer Integrator Typ 5<\/h1>\n<p>Chemische Integratoren Typ 5 liefern Ergebnisse, die dem biologischen Indikator \u00e4hneln, und wirken direkt proportional zum biologischen Tod. Dieses Produkt, das in einer Verpackung w\u00e4hrend der Dampfsterilisation verwendet wird, besteht aus einer chemischen Mischung, die sich bei erfolgreicher Sterilisation im Annahmebereich und bei fehlgeschlagener Sterilisation im Ausschussbereich befindet. Integratoren haben keine Referenzfarbe, und die Ergebnisse k\u00f6nnen anhand der durch das Fenster wandernden Mischung interpretiert werden.<\/p>\n<p>Produktcode: 4AC5IN<\/p>\n<table border=\"0\" width=\"100%\">\n<thead>\n<tr>\n<th>Produktname<\/th>\n<th>MENGE<\/th>\n<th>Gr\u00f6\u00dfe<\/th>\n<\/tr>\n<\/thead>\n<tbody>\n<tr>\n<td>Dampfchemischer Integrator Typ 5<\/td>\n<td>1x<\/td>\n<td>250 Stck.<\/td>\n<\/tr>\n<\/tbody>\n<\/table>\n<p>&nbsp;<\/p>\n<h2>DAMPFCHEMIEINTEGRATOR TYP 5<\/h2>\n<p><strong>PRODUKTCODE<\/strong><br \/>\n4AC5INT<\/p>\n<p><strong>ZUGEH\u00d6RIGE NORMEN<\/strong><br \/>\nDer 4A Medical Steam Integrator ist gem\u00e4\u00df der Norm ISO 11140-1 als Typ 5 klassifiziert.<\/p>\n<p><strong>VERWENDUNGSZWECK<\/strong><br \/>\nEin Medical Steam Integrator ist ein Zyklusverifizierungsindikator, der das Vorhandensein oder Fehlen bestimmter Zeit-, Temperatur- und Sattdampfparameter w\u00e4hrend eines Zyklus best\u00e4tigt. Die Produkte erm\u00f6glichen dem Endbenutzer, falsche Verpackungen, Beladungsprobleme und Sterilisationsfehler zu erkennen.<\/p>\n<p><strong>BETRIEBSBEDINGUNGEN<\/strong><br \/>\n4A Medical Steam Integrators sind f\u00fcr den Betrieb bei Dampfzyklen von 121 \u00b0C und 134 \u00b0C ausgelegt. Wird der Integrator zusammen mit der Beladung in einen Sterilisator gegeben und sind die Sterilisationsbedingungen erf\u00fcllt, verwandelt sich die Tinte von fest zu fl\u00fcssig, die langsam von einem Streifen absorbiert wird. Wird der Akzeptanzpunkt erreicht, ist die Sterilisation erfolgreich. Wird der Akzeptanzpunkt nicht erreicht, ist die Sterilisation nicht erfolgreich.<\/p>\n<p><img loading=\"lazy\" decoding=\"async\" class=\"alignnone wp-image-18546\" src=\"https:\/\/protectiva.de\/wp-content\/uploads\/2025\/03\/4AC5INT-ic-1024x229.jpg\" alt=\"\" width=\"720\" height=\"161\" srcset=\"https:\/\/protectiva.de\/wp-content\/uploads\/2025\/03\/4AC5INT-ic-1024x229.jpg 1024w, https:\/\/protectiva.de\/wp-content\/uploads\/2025\/03\/4AC5INT-ic-300x67.jpg 300w, https:\/\/protectiva.de\/wp-content\/uploads\/2025\/03\/4AC5INT-ic-768x172.jpg 768w, https:\/\/protectiva.de\/wp-content\/uploads\/2025\/03\/4AC5INT-ic-600x134.jpg 600w, https:\/\/protectiva.de\/wp-content\/uploads\/2025\/03\/4AC5INT-ic-310x69.jpg 310w, https:\/\/protectiva.de\/wp-content\/uploads\/2025\/03\/4AC5INT-ic.jpg 1055w\" sizes=\"auto, (max-width: 720px) 100vw, 720px\" \/><\/p>\n<p>&nbsp;<\/p>\n<p><strong>PRODUKTSPEZIFIKATIONEN<\/strong><br \/>\nDer Indikator ist temperatur-, zeit- und ges\u00e4ttigter Dampfkonzentration empfindlich.<\/p>\n<p><strong>LAGERUNG UND ENTSORGUNG<\/strong><br \/>\nDie abgelaufenen Produkte werden nicht verwendet. Es wird an den Orten mit Raumtemperatur aufbewahrt<br \/>\nohne Feuchtigkeit und Sonnenlicht. Es sollte nicht mit Fl\u00fcssigkeit in Ber\u00fchrung kommen. Besch\u00e4digt<br \/>\nund fehlerhafte Produkte nicht verwendet werden. Die Haltbarkeit betr\u00e4gt 4 Jahre nach Produktionsdatum.<\/p>\n<p><strong>VERPACKUNG<\/strong><br \/>\nDie Verpackung enth\u00e4lt 250 Integratoren. In einem Karton befinden sich 20 Packungen.<\/p>","protected":false},"excerpt":{"rendered":"<p>PDF <a href=\"https:\/\/protectiva.de\/wp-content\/uploads\/2025\/03\/4AC5IN-1.pdf\">4AC5IN<\/a><\/p>\n<p>Ein Medical Steam Integrator ist ein Zyklusverifizierungsindikator, der das Vorhandensein oder Fehlen bestimmter Zeit-, Temperatur- und Sattdampfparameter w\u00e4hrend eines Zyklus best\u00e4tigt. Die Produkte erm\u00f6glichen dem Endbenutzer, falsche Verpackungen, Beladungsprobleme und Sterilisationsfehler zu erkennen.<\/p>","protected":false},"featured_media":18184,"comment_status":"open","ping_status":"closed","template":"","meta":[],"product_brand":[],"product_cat":[198,199],"product_tag":[],"class_list":{"0":"post-17765","1":"product","2":"type-product","3":"status-publish","4":"has-post-thumbnail","6":"product_cat-sterilization","7":"product_cat-sterilization-chemical-indicators","9":"first","10":"instock","11":"shipping-taxable","12":"product-type-simple"},"yoast_head":"<!-- This site is optimized with the Yoast SEO plugin v26.2 - https:\/\/yoast.com\/wordpress\/plugins\/seo\/ -->\n<title>Type 5 Steam Chemical Integrator - Protectiva.pl \u2013 Professionelle Medizinische und Hygieneprodukte | CE- &amp; ISO-zertifiziert<\/title>\n<meta name=\"robots\" content=\"index, follow, max-snippet:-1, max-image-preview:large, max-video-preview:-1\" \/>\n<link rel=\"canonical\" href=\"https:\/\/protectiva.de\/de\/?product=type-5-steam-chemical-integrator\" \/>\n<meta property=\"og:locale\" content=\"de_DE\" \/>\n<meta property=\"og:type\" content=\"article\" \/>\n<meta property=\"og:title\" content=\"Type 5 Steam Chemical Integrator - Protectiva.pl \u2013 Professionelle Medizinische und Hygieneprodukte | CE- &amp; ISO-zertifiziert\" \/>\n<meta property=\"og:description\" content=\"PDF 4AC5IN  A Medical Steam Integrator are cycle verification indicators that confirm the presence or absence of specific time and temperature and saturated steam parameters during a cycle. The products allows the end user to identify incorrect packaging, load problems and sterilization failures.\" \/>\n<meta property=\"og:url\" content=\"https:\/\/protectiva.de\/de\/?product=type-5-steam-chemical-integrator\" \/>\n<meta property=\"og:site_name\" content=\"Protectiva.pl \u2013 Professionelle Medizinische und Hygieneprodukte | CE- &amp; ISO-zertifiziert\" \/>\n<meta property=\"article:modified_time\" content=\"2025-03-28T19:09:52+00:00\" \/>\n<meta property=\"og:image\" content=\"https:\/\/protectiva.de\/wp-content\/uploads\/2025\/03\/4AC5IN.jpg\" \/>\n\t<meta property=\"og:image:width\" content=\"1000\" \/>\n\t<meta property=\"og:image:height\" content=\"1000\" \/>\n\t<meta property=\"og:image:type\" content=\"image\/jpeg\" \/>\n<meta name=\"twitter:card\" content=\"summary_large_image\" \/>\n<meta name=\"twitter:label1\" content=\"Gesch\u00e4tzte Lesezeit\" \/>\n\t<meta name=\"twitter:data1\" content=\"2\u00a0Minuten\" \/>\n<script type=\"application\/ld+json\" class=\"yoast-schema-graph\">{\"@context\":\"https:\/\/schema.org\",\"@graph\":[{\"@type\":\"WebPage\",\"@id\":\"https:\/\/protectiva.de\/?product=type-5-steam-chemical-integrator\",\"url\":\"https:\/\/protectiva.de\/?product=type-5-steam-chemical-integrator\",\"name\":\"Type 5 Steam Chemical Integrator - Protectiva.pl \u2013 Professionelle Medizinische und Hygieneprodukte | CE- &amp; ISO-zertifiziert\",\"isPartOf\":{\"@id\":\"https:\/\/protectiva.de\/#website\"},\"primaryImageOfPage\":{\"@id\":\"https:\/\/protectiva.de\/?product=type-5-steam-chemical-integrator#primaryimage\"},\"image\":{\"@id\":\"https:\/\/protectiva.de\/?product=type-5-steam-chemical-integrator#primaryimage\"},\"thumbnailUrl\":\"https:\/\/protectiva.de\/wp-content\/uploads\/2025\/03\/4AC5IN.jpg\",\"datePublished\":\"2025-03-25T13:26:08+00:00\",\"dateModified\":\"2025-03-28T19:09:52+00:00\",\"breadcrumb\":{\"@id\":\"https:\/\/protectiva.de\/?product=type-5-steam-chemical-integrator#breadcrumb\"},\"inLanguage\":\"de\",\"potentialAction\":[{\"@type\":\"ReadAction\",\"target\":[\"https:\/\/protectiva.de\/?product=type-5-steam-chemical-integrator\"]}]},{\"@type\":\"ImageObject\",\"inLanguage\":\"de\",\"@id\":\"https:\/\/protectiva.de\/?product=type-5-steam-chemical-integrator#primaryimage\",\"url\":\"https:\/\/protectiva.de\/wp-content\/uploads\/2025\/03\/4AC5IN.jpg\",\"contentUrl\":\"https:\/\/protectiva.de\/wp-content\/uploads\/2025\/03\/4AC5IN.jpg\",\"width\":1000,\"height\":1000},{\"@type\":\"BreadcrumbList\",\"@id\":\"https:\/\/protectiva.de\/?product=type-5-steam-chemical-integrator#breadcrumb\",\"itemListElement\":[{\"@type\":\"ListItem\",\"position\":1,\"name\":\"Home\",\"item\":\"https:\/\/protectiva.de\/\"},{\"@type\":\"ListItem\",\"position\":2,\"name\":\"All Products\",\"item\":\"https:\/\/protectiva.de\/shop\/\"},{\"@type\":\"ListItem\",\"position\":3,\"name\":\"Type 5 Steam Chemical Integrator\"}]},{\"@type\":\"WebSite\",\"@id\":\"https:\/\/protectiva.de\/#website\",\"url\":\"https:\/\/protectiva.de\/\",\"name\":\"Protectiva\",\"description\":\"Innovative Medical Solutions Protectiva.de bietet hochwertige medizinische und Hygieneprodukte. Zuverl\u00e4ssige Schutzausr\u00fcstung, Sterilisationsl\u00f6sungen und Gesundheitsversorgung gem\u00e4\u00df CE- und ISO-Standards f\u00fcr Krankenh\u00e4user und Kliniken. Die ideale Wahl f\u00fcr sichere und komfortable Gesundheitsumgebungen.\",\"publisher\":{\"@id\":\"https:\/\/protectiva.de\/#organization\"},\"potentialAction\":[{\"@type\":\"SearchAction\",\"target\":{\"@type\":\"EntryPoint\",\"urlTemplate\":\"https:\/\/protectiva.de\/?s={search_term_string}\"},\"query-input\":{\"@type\":\"PropertyValueSpecification\",\"valueRequired\":true,\"valueName\":\"search_term_string\"}}],\"inLanguage\":\"de\"},{\"@type\":\"Organization\",\"@id\":\"https:\/\/protectiva.de\/#organization\",\"name\":\"Protectiva\",\"url\":\"https:\/\/protectiva.de\/\",\"logo\":{\"@type\":\"ImageObject\",\"inLanguage\":\"de\",\"@id\":\"https:\/\/protectiva.de\/#\/schema\/logo\/image\/\",\"url\":\"https:\/\/protectiva.de\/wp-content\/uploads\/2025\/03\/logo-protectiva-son-hali.png\",\"contentUrl\":\"https:\/\/protectiva.de\/wp-content\/uploads\/2025\/03\/logo-protectiva-son-hali.png\",\"width\":1140,\"height\":585,\"caption\":\"Protectiva\"},\"image\":{\"@id\":\"https:\/\/protectiva.de\/#\/schema\/logo\/image\/\"}}]}<\/script>\n<!-- \/ Yoast SEO plugin. -->","yoast_head_json":{"title":"Type 5 Steam Chemical Integrator - Protectiva.pl \u2013 Professionelle Medizinische und Hygieneprodukte | CE- &amp; ISO-zertifiziert","robots":{"index":"index","follow":"follow","max-snippet":"max-snippet:-1","max-image-preview":"max-image-preview:large","max-video-preview":"max-video-preview:-1"},"canonical":"https:\/\/protectiva.de\/de\/?product=type-5-steam-chemical-integrator","og_locale":"de_DE","og_type":"article","og_title":"Type 5 Steam Chemical Integrator - Protectiva.pl \u2013 Professionelle Medizinische und Hygieneprodukte | CE- &amp; ISO-zertifiziert","og_description":"PDF 4AC5IN  A Medical Steam Integrator are cycle verification indicators that confirm the presence or absence of specific time and temperature and saturated steam parameters during a cycle. The products allows the end user to identify incorrect packaging, load problems and sterilization failures.","og_url":"https:\/\/protectiva.de\/de\/?product=type-5-steam-chemical-integrator","og_site_name":"Protectiva.pl \u2013 Professionelle Medizinische und Hygieneprodukte | CE- &amp; ISO-zertifiziert","article_modified_time":"2025-03-28T19:09:52+00:00","og_image":[{"width":1000,"height":1000,"url":"https:\/\/protectiva.de\/wp-content\/uploads\/2025\/03\/4AC5IN.jpg","type":"image\/jpeg"}],"twitter_card":"summary_large_image","twitter_misc":{"Gesch\u00e4tzte Lesezeit":"2\u00a0Minuten"},"schema":{"@context":"https:\/\/schema.org","@graph":[{"@type":"WebPage","@id":"https:\/\/protectiva.de\/?product=type-5-steam-chemical-integrator","url":"https:\/\/protectiva.de\/?product=type-5-steam-chemical-integrator","name":"Type 5 Steam Chemical Integrator - Protectiva.pl \u2013 Professionelle Medizinische und Hygieneprodukte | CE- &amp; ISO-zertifiziert","isPartOf":{"@id":"https:\/\/protectiva.de\/#website"},"primaryImageOfPage":{"@id":"https:\/\/protectiva.de\/?product=type-5-steam-chemical-integrator#primaryimage"},"image":{"@id":"https:\/\/protectiva.de\/?product=type-5-steam-chemical-integrator#primaryimage"},"thumbnailUrl":"https:\/\/protectiva.de\/wp-content\/uploads\/2025\/03\/4AC5IN.jpg","datePublished":"2025-03-25T13:26:08+00:00","dateModified":"2025-03-28T19:09:52+00:00","breadcrumb":{"@id":"https:\/\/protectiva.de\/?product=type-5-steam-chemical-integrator#breadcrumb"},"inLanguage":"de","potentialAction":[{"@type":"ReadAction","target":["https:\/\/protectiva.de\/?product=type-5-steam-chemical-integrator"]}]},{"@type":"ImageObject","inLanguage":"de","@id":"https:\/\/protectiva.de\/?product=type-5-steam-chemical-integrator#primaryimage","url":"https:\/\/protectiva.de\/wp-content\/uploads\/2025\/03\/4AC5IN.jpg","contentUrl":"https:\/\/protectiva.de\/wp-content\/uploads\/2025\/03\/4AC5IN.jpg","width":1000,"height":1000},{"@type":"BreadcrumbList","@id":"https:\/\/protectiva.de\/?product=type-5-steam-chemical-integrator#breadcrumb","itemListElement":[{"@type":"ListItem","position":1,"name":"Home","item":"https:\/\/protectiva.de\/"},{"@type":"ListItem","position":2,"name":"All Products","item":"https:\/\/protectiva.de\/shop\/"},{"@type":"ListItem","position":3,"name":"Type 5 Steam Chemical Integrator"}]},{"@type":"WebSite","@id":"https:\/\/protectiva.de\/#website","url":"https:\/\/protectiva.de\/","name":"Protectiva","description":"Innovative Medical Solutions Protectiva.de bietet hochwertige medizinische und Hygieneprodukte. Zuverl\u00e4ssige Schutzausr\u00fcstung, Sterilisationsl\u00f6sungen und Gesundheitsversorgung gem\u00e4\u00df CE- und ISO-Standards f\u00fcr Krankenh\u00e4user und Kliniken. Die ideale Wahl f\u00fcr sichere und komfortable Gesundheitsumgebungen.","publisher":{"@id":"https:\/\/protectiva.de\/#organization"},"potentialAction":[{"@type":"SearchAction","target":{"@type":"EntryPoint","urlTemplate":"https:\/\/protectiva.de\/?s={search_term_string}"},"query-input":{"@type":"PropertyValueSpecification","valueRequired":true,"valueName":"search_term_string"}}],"inLanguage":"de"},{"@type":"Organization","@id":"https:\/\/protectiva.de\/#organization","name":"Protectiva","url":"https:\/\/protectiva.de\/","logo":{"@type":"ImageObject","inLanguage":"de","@id":"https:\/\/protectiva.de\/#\/schema\/logo\/image\/","url":"https:\/\/protectiva.de\/wp-content\/uploads\/2025\/03\/logo-protectiva-son-hali.png","contentUrl":"https:\/\/protectiva.de\/wp-content\/uploads\/2025\/03\/logo-protectiva-son-hali.png","width":1140,"height":585,"caption":"Protectiva"},"image":{"@id":"https:\/\/protectiva.de\/#\/schema\/logo\/image\/"}}]}},"_links":{"self":[{"href":"https:\/\/protectiva.de\/de\/wp-json\/wp\/v2\/product\/17765","targetHints":{"allow":["GET"]}}],"collection":[{"href":"https:\/\/protectiva.de\/de\/wp-json\/wp\/v2\/product"}],"about":[{"href":"https:\/\/protectiva.de\/de\/wp-json\/wp\/v2\/types\/product"}],"replies":[{"embeddable":true,"href":"https:\/\/protectiva.de\/de\/wp-json\/wp\/v2\/comments?post=17765"}],"wp:featuredmedia":[{"embeddable":true,"href":"https:\/\/protectiva.de\/de\/wp-json\/wp\/v2\/media\/18184"}],"wp:attachment":[{"href":"https:\/\/protectiva.de\/de\/wp-json\/wp\/v2\/media?parent=17765"}],"wp:term":[{"taxonomy":"product_brand","embeddable":true,"href":"https:\/\/protectiva.de\/de\/wp-json\/wp\/v2\/product_brand?post=17765"},{"taxonomy":"product_cat","embeddable":true,"href":"https:\/\/protectiva.de\/de\/wp-json\/wp\/v2\/product_cat?post=17765"},{"taxonomy":"product_tag","embeddable":true,"href":"https:\/\/protectiva.de\/de\/wp-json\/wp\/v2\/product_tag?post=17765"}],"curies":[{"name":"wp","href":"https:\/\/api.w.org\/{rel}","templated":true}]}}