{"id":17764,"date":"2025-03-25T13:26:08","date_gmt":"2025-03-25T13:26:08","guid":{"rendered":"https:\/\/protectiva.pl\/product\/type-4-steam-chemical-indicator\/"},"modified":"2025-03-28T19:09:52","modified_gmt":"2025-03-28T19:09:52","slug":"dampfchemischer-indikator-typ-4","status":"publish","type":"product","link":"https:\/\/protectiva.de\/de\/produkt\/dampfchemischer-indikator-typ-4\/","title":{"rendered":"Dampfchemischer Indikator Typ 4"},"content":{"rendered":"<h1>Dampfchemischer Indikator Typ 4<\/h1>\n<p>Dampfchemische Indikatoren Typ 4 werden in Sterilisationsverpackungen w\u00e4hrend der Dampfsterilisation verwendet. Bei Erreichen mehrerer Parameter \u00e4ndert sich die Farbe in die Referenzfarbe. Mit den Dampfchemischen Indikatoren Typ 4A k\u00f6nnen Endbenutzer falsche Verpackungen, Beladungsprobleme und Sterilisationsfehler erkennen. Neben dem Standard-Dampfchemischen Indikatoren Typ 4 bieten wir auch selbstklebende Dampfchemische Indikatoren Typ 4 mit selbstklebender R\u00fcckseite zur einfacheren Dokumentation sowie perforierte Dampfchemische Indikatoren Typ 4 an. Hinweis: Produkte k\u00f6nnen mit Ihrem Markenzeichen hergestellt werden.<\/p>\n<p>Produktcode: 4AC4<\/p>\n<table border=\"0\" width=\"100%\">\n<thead>\n<tr>\n<th>Produktname<\/th>\n<th>MENGE<\/th>\n<th>Gr\u00f6\u00dfe<\/th>\n<\/tr>\n<\/thead>\n<tbody>\n<tr>\n<td>Dampfchemischer Indikator Typ 4<\/td>\n<td>1x<\/td>\n<td>250 Stck.<\/td>\n<\/tr>\n<\/tbody>\n<\/table>\n<h2>DAMPFANZEIGE TYP 4<\/h2>\n<p><strong>PRODUKTCODE<\/strong><br \/>\n4AC4<\/p>\n<p><strong>ZUGEH\u00d6RIGE NORMEN<\/strong><br \/>\n4A Medizinischer Dampfindikator, Indikator ist gem\u00e4\u00df ISO 11140-1-Standard als Typ 4 klassifiziert.<\/p>\n<p><strong>VERWENDUNGSZWECK<\/strong><br \/>\n4A Medizinische Dampfindikatoren Typ 4 erm\u00f6glichen dem Endbenutzer, falsche Verpackungen, Beladungsprobleme und Sterilisationsfehler zu erkennen.<br \/>\nBETRIEBSBEDINGUNGEN 4A Medizinische Dampfindikatoren Typ 4 sind f\u00fcr den Betrieb im Dampfzyklus ausgelegt.<\/p>\n<p><strong>PRODUKTSPEZIFIKATIONEN<\/strong><br \/>\nJede Schachtel enth\u00e4lt 250 bedruckte Kartonbl\u00e4tter mit Indikator. Der Indikator reagiert auf Temperatur, Zeit und Dampfkonzentration.<\/p>\n<p><strong>LAGERUNG UND ENTSORGUNG<\/strong><br \/>\nDie abgelaufenen Produkte werden nicht verwendet. Es wird an den Orten mit Raumtemperatur aufbewahrt<br \/>\nohne Feuchtigkeit und Sonnenlicht. Es sollte nicht mit Fl\u00fcssigkeit in Ber\u00fchrung kommen. Besch\u00e4digt<br \/>\nund fehlerhafte Produkte nicht verwendet werden. Die Haltbarkeit betr\u00e4gt 5 Jahre nach Produktionsdatum.<br \/>\nNach der Sterilisation beh\u00e4lt der Indikator die Sterilisationsfarbe f\u00fcr 6 Monate<\/p>\n<p><strong>VERPACKUNG<\/strong><br \/>\n100 Schachteln im Karton<\/p>","protected":false},"excerpt":{"rendered":"<p>PDF <a href=\"https:\/\/protectiva.de\/wp-content\/uploads\/2025\/03\/4AC4-1.pdf\">4AC4<\/a><\/p>","protected":false},"featured_media":18182,"comment_status":"open","ping_status":"closed","template":"","meta":[],"product_brand":[],"product_cat":[198,199],"product_tag":[],"class_list":{"0":"post-17764","1":"product","2":"type-product","3":"status-publish","4":"has-post-thumbnail","6":"product_cat-sterilization","7":"product_cat-sterilization-chemical-indicators","9":"first","10":"instock","11":"shipping-taxable","12":"product-type-simple"},"yoast_head":"<!-- This site is optimized with the Yoast SEO plugin v26.2 - https:\/\/yoast.com\/wordpress\/plugins\/seo\/ -->\n<title>Type 4 Steam Chemical Indicator - Protectiva.pl \u2013 Professionelle Medizinische und Hygieneprodukte | CE- &amp; ISO-zertifiziert<\/title>\n<meta name=\"robots\" content=\"index, follow, max-snippet:-1, max-image-preview:large, max-video-preview:-1\" \/>\n<link rel=\"canonical\" href=\"https:\/\/protectiva.de\/de\/?product=type-4-steam-chemical-indicator\" \/>\n<meta property=\"og:locale\" content=\"de_DE\" \/>\n<meta property=\"og:type\" content=\"article\" \/>\n<meta property=\"og:title\" content=\"Type 4 Steam Chemical Indicator - Protectiva.pl \u2013 Professionelle Medizinische und Hygieneprodukte | CE- &amp; ISO-zertifiziert\" \/>\n<meta property=\"og:description\" content=\"PDF 4AC4\" \/>\n<meta property=\"og:url\" content=\"https:\/\/protectiva.de\/de\/?product=type-4-steam-chemical-indicator\" \/>\n<meta property=\"og:site_name\" content=\"Protectiva.pl \u2013 Professionelle Medizinische und Hygieneprodukte | CE- &amp; ISO-zertifiziert\" \/>\n<meta property=\"article:modified_time\" content=\"2025-03-28T19:09:52+00:00\" \/>\n<meta property=\"og:image\" content=\"https:\/\/protectiva.de\/wp-content\/uploads\/2025\/03\/4AC4.jpg\" \/>\n\t<meta property=\"og:image:width\" content=\"1000\" \/>\n\t<meta property=\"og:image:height\" content=\"1000\" \/>\n\t<meta property=\"og:image:type\" content=\"image\/jpeg\" \/>\n<meta name=\"twitter:card\" content=\"summary_large_image\" \/>\n<meta name=\"twitter:label1\" content=\"Gesch\u00e4tzte Lesezeit\" \/>\n\t<meta name=\"twitter:data1\" content=\"1\u00a0Minute\" \/>\n<script type=\"application\/ld+json\" class=\"yoast-schema-graph\">{\"@context\":\"https:\/\/schema.org\",\"@graph\":[{\"@type\":\"WebPage\",\"@id\":\"https:\/\/protectiva.de\/?product=type-4-steam-chemical-indicator\",\"url\":\"https:\/\/protectiva.de\/?product=type-4-steam-chemical-indicator\",\"name\":\"Type 4 Steam Chemical Indicator - Protectiva.pl \u2013 Professionelle Medizinische und Hygieneprodukte | CE- &amp; ISO-zertifiziert\",\"isPartOf\":{\"@id\":\"https:\/\/protectiva.de\/#website\"},\"primaryImageOfPage\":{\"@id\":\"https:\/\/protectiva.de\/?product=type-4-steam-chemical-indicator#primaryimage\"},\"image\":{\"@id\":\"https:\/\/protectiva.de\/?product=type-4-steam-chemical-indicator#primaryimage\"},\"thumbnailUrl\":\"https:\/\/protectiva.de\/wp-content\/uploads\/2025\/03\/4AC4.jpg\",\"datePublished\":\"2025-03-25T13:26:08+00:00\",\"dateModified\":\"2025-03-28T19:09:52+00:00\",\"breadcrumb\":{\"@id\":\"https:\/\/protectiva.de\/?product=type-4-steam-chemical-indicator#breadcrumb\"},\"inLanguage\":\"de\",\"potentialAction\":[{\"@type\":\"ReadAction\",\"target\":[\"https:\/\/protectiva.de\/?product=type-4-steam-chemical-indicator\"]}]},{\"@type\":\"ImageObject\",\"inLanguage\":\"de\",\"@id\":\"https:\/\/protectiva.de\/?product=type-4-steam-chemical-indicator#primaryimage\",\"url\":\"https:\/\/protectiva.de\/wp-content\/uploads\/2025\/03\/4AC4.jpg\",\"contentUrl\":\"https:\/\/protectiva.de\/wp-content\/uploads\/2025\/03\/4AC4.jpg\",\"width\":1000,\"height\":1000},{\"@type\":\"BreadcrumbList\",\"@id\":\"https:\/\/protectiva.de\/?product=type-4-steam-chemical-indicator#breadcrumb\",\"itemListElement\":[{\"@type\":\"ListItem\",\"position\":1,\"name\":\"Home\",\"item\":\"https:\/\/protectiva.de\/\"},{\"@type\":\"ListItem\",\"position\":2,\"name\":\"All Products\",\"item\":\"https:\/\/protectiva.de\/shop\/\"},{\"@type\":\"ListItem\",\"position\":3,\"name\":\"Type 4 Steam Chemical Indicator\"}]},{\"@type\":\"WebSite\",\"@id\":\"https:\/\/protectiva.de\/#website\",\"url\":\"https:\/\/protectiva.de\/\",\"name\":\"Protectiva\",\"description\":\"Innovative Medical Solutions Protectiva.de bietet hochwertige medizinische und Hygieneprodukte. Zuverl\u00e4ssige Schutzausr\u00fcstung, Sterilisationsl\u00f6sungen und Gesundheitsversorgung gem\u00e4\u00df CE- und ISO-Standards f\u00fcr Krankenh\u00e4user und Kliniken. Die ideale Wahl f\u00fcr sichere und komfortable Gesundheitsumgebungen.\",\"publisher\":{\"@id\":\"https:\/\/protectiva.de\/#organization\"},\"potentialAction\":[{\"@type\":\"SearchAction\",\"target\":{\"@type\":\"EntryPoint\",\"urlTemplate\":\"https:\/\/protectiva.de\/?s={search_term_string}\"},\"query-input\":{\"@type\":\"PropertyValueSpecification\",\"valueRequired\":true,\"valueName\":\"search_term_string\"}}],\"inLanguage\":\"de\"},{\"@type\":\"Organization\",\"@id\":\"https:\/\/protectiva.de\/#organization\",\"name\":\"Protectiva\",\"url\":\"https:\/\/protectiva.de\/\",\"logo\":{\"@type\":\"ImageObject\",\"inLanguage\":\"de\",\"@id\":\"https:\/\/protectiva.de\/#\/schema\/logo\/image\/\",\"url\":\"https:\/\/protectiva.de\/wp-content\/uploads\/2025\/03\/logo-protectiva-son-hali.png\",\"contentUrl\":\"https:\/\/protectiva.de\/wp-content\/uploads\/2025\/03\/logo-protectiva-son-hali.png\",\"width\":1140,\"height\":585,\"caption\":\"Protectiva\"},\"image\":{\"@id\":\"https:\/\/protectiva.de\/#\/schema\/logo\/image\/\"}}]}<\/script>\n<!-- \/ Yoast SEO plugin. -->","yoast_head_json":{"title":"Type 4 Steam Chemical Indicator - Protectiva.pl \u2013 Professionelle Medizinische und Hygieneprodukte | CE- &amp; ISO-zertifiziert","robots":{"index":"index","follow":"follow","max-snippet":"max-snippet:-1","max-image-preview":"max-image-preview:large","max-video-preview":"max-video-preview:-1"},"canonical":"https:\/\/protectiva.de\/de\/?product=type-4-steam-chemical-indicator","og_locale":"de_DE","og_type":"article","og_title":"Type 4 Steam Chemical Indicator - Protectiva.pl \u2013 Professionelle Medizinische und Hygieneprodukte | CE- &amp; ISO-zertifiziert","og_description":"PDF 4AC4","og_url":"https:\/\/protectiva.de\/de\/?product=type-4-steam-chemical-indicator","og_site_name":"Protectiva.pl \u2013 Professionelle Medizinische und Hygieneprodukte | CE- &amp; ISO-zertifiziert","article_modified_time":"2025-03-28T19:09:52+00:00","og_image":[{"width":1000,"height":1000,"url":"https:\/\/protectiva.de\/wp-content\/uploads\/2025\/03\/4AC4.jpg","type":"image\/jpeg"}],"twitter_card":"summary_large_image","twitter_misc":{"Gesch\u00e4tzte Lesezeit":"1\u00a0Minute"},"schema":{"@context":"https:\/\/schema.org","@graph":[{"@type":"WebPage","@id":"https:\/\/protectiva.de\/?product=type-4-steam-chemical-indicator","url":"https:\/\/protectiva.de\/?product=type-4-steam-chemical-indicator","name":"Type 4 Steam Chemical Indicator - Protectiva.pl \u2013 Professionelle Medizinische und Hygieneprodukte | CE- &amp; ISO-zertifiziert","isPartOf":{"@id":"https:\/\/protectiva.de\/#website"},"primaryImageOfPage":{"@id":"https:\/\/protectiva.de\/?product=type-4-steam-chemical-indicator#primaryimage"},"image":{"@id":"https:\/\/protectiva.de\/?product=type-4-steam-chemical-indicator#primaryimage"},"thumbnailUrl":"https:\/\/protectiva.de\/wp-content\/uploads\/2025\/03\/4AC4.jpg","datePublished":"2025-03-25T13:26:08+00:00","dateModified":"2025-03-28T19:09:52+00:00","breadcrumb":{"@id":"https:\/\/protectiva.de\/?product=type-4-steam-chemical-indicator#breadcrumb"},"inLanguage":"de","potentialAction":[{"@type":"ReadAction","target":["https:\/\/protectiva.de\/?product=type-4-steam-chemical-indicator"]}]},{"@type":"ImageObject","inLanguage":"de","@id":"https:\/\/protectiva.de\/?product=type-4-steam-chemical-indicator#primaryimage","url":"https:\/\/protectiva.de\/wp-content\/uploads\/2025\/03\/4AC4.jpg","contentUrl":"https:\/\/protectiva.de\/wp-content\/uploads\/2025\/03\/4AC4.jpg","width":1000,"height":1000},{"@type":"BreadcrumbList","@id":"https:\/\/protectiva.de\/?product=type-4-steam-chemical-indicator#breadcrumb","itemListElement":[{"@type":"ListItem","position":1,"name":"Home","item":"https:\/\/protectiva.de\/"},{"@type":"ListItem","position":2,"name":"All Products","item":"https:\/\/protectiva.de\/shop\/"},{"@type":"ListItem","position":3,"name":"Type 4 Steam Chemical Indicator"}]},{"@type":"WebSite","@id":"https:\/\/protectiva.de\/#website","url":"https:\/\/protectiva.de\/","name":"Protectiva","description":"Innovative Medical Solutions Protectiva.de bietet hochwertige medizinische und Hygieneprodukte. Zuverl\u00e4ssige Schutzausr\u00fcstung, Sterilisationsl\u00f6sungen und Gesundheitsversorgung gem\u00e4\u00df CE- und ISO-Standards f\u00fcr Krankenh\u00e4user und Kliniken. Die ideale Wahl f\u00fcr sichere und komfortable Gesundheitsumgebungen.","publisher":{"@id":"https:\/\/protectiva.de\/#organization"},"potentialAction":[{"@type":"SearchAction","target":{"@type":"EntryPoint","urlTemplate":"https:\/\/protectiva.de\/?s={search_term_string}"},"query-input":{"@type":"PropertyValueSpecification","valueRequired":true,"valueName":"search_term_string"}}],"inLanguage":"de"},{"@type":"Organization","@id":"https:\/\/protectiva.de\/#organization","name":"Protectiva","url":"https:\/\/protectiva.de\/","logo":{"@type":"ImageObject","inLanguage":"de","@id":"https:\/\/protectiva.de\/#\/schema\/logo\/image\/","url":"https:\/\/protectiva.de\/wp-content\/uploads\/2025\/03\/logo-protectiva-son-hali.png","contentUrl":"https:\/\/protectiva.de\/wp-content\/uploads\/2025\/03\/logo-protectiva-son-hali.png","width":1140,"height":585,"caption":"Protectiva"},"image":{"@id":"https:\/\/protectiva.de\/#\/schema\/logo\/image\/"}}]}},"_links":{"self":[{"href":"https:\/\/protectiva.de\/de\/wp-json\/wp\/v2\/product\/17764","targetHints":{"allow":["GET"]}}],"collection":[{"href":"https:\/\/protectiva.de\/de\/wp-json\/wp\/v2\/product"}],"about":[{"href":"https:\/\/protectiva.de\/de\/wp-json\/wp\/v2\/types\/product"}],"replies":[{"embeddable":true,"href":"https:\/\/protectiva.de\/de\/wp-json\/wp\/v2\/comments?post=17764"}],"wp:featuredmedia":[{"embeddable":true,"href":"https:\/\/protectiva.de\/de\/wp-json\/wp\/v2\/media\/18182"}],"wp:attachment":[{"href":"https:\/\/protectiva.de\/de\/wp-json\/wp\/v2\/media?parent=17764"}],"wp:term":[{"taxonomy":"product_brand","embeddable":true,"href":"https:\/\/protectiva.de\/de\/wp-json\/wp\/v2\/product_brand?post=17764"},{"taxonomy":"product_cat","embeddable":true,"href":"https:\/\/protectiva.de\/de\/wp-json\/wp\/v2\/product_cat?post=17764"},{"taxonomy":"product_tag","embeddable":true,"href":"https:\/\/protectiva.de\/de\/wp-json\/wp\/v2\/product_tag?post=17764"}],"curies":[{"name":"wp","href":"https:\/\/api.w.org\/{rel}","templated":true}]}}