{"id":4182,"date":"2015-06-20T16:11:19","date_gmt":"2015-06-20T16:11:19","guid":{"rendered":"https:\/\/protectiva.pl\/?page_id=4182"},"modified":"2025-05-21T15:31:43","modified_gmt":"2025-05-21T15:31:43","slug":"uber-uns","status":"publish","type":"page","link":"https:\/\/protectiva.de\/de\/uber-uns\/","title":{"rendered":"\u00dcber uns"},"content":{"rendered":"<div class=\"wpb-content-wrapper\"><div class=\"vc_row wpb_row vc_row-fluid vc_custom_1604285148356 vc_column-gap-default ts-row-wide\"  ><div class=\"wpb_column vc_column_container vc_col-sm-6\">\n\t<div class=\"wpb_wrapper\">\n\t\n\t<div class=\"wpb_text_column wpb_content_element vc_custom_1745069715765\" >\n\t\t<div class=\"wpb_wrapper\">\n\t\t\t<h1>Innovative medizinische L\u00f6sungen<\/h1>\n<ul>\n<li>Mit unserer 20-j\u00e4hrigen Erfahrung und erfahrenen Mitarbeitern setzen wir uns sowohl f\u00fcr den Gesundheitssektor als auch f\u00fcr die menschliche Gesundheit ein.<\/li>\n<li>Mit mehr Qualit\u00e4t, mehr Sorgfalt, mehr Zuverl\u00e4ssigkeit und mehr Komfort bringen wir mit unseren Produkten das gewisse Extra auf den Markt.<\/li>\n<li>Mit unseren Produkten, die sich durch Qualit\u00e4t, schnelle Lieferzeiten und ein gutes Preis-Leistungs-Verh\u00e4ltnis auszeichnen, erf\u00fcllen wir die Anforderungen der Branche.<\/li>\n<li>Unsere Perspektive, stets auf h\u00f6chste Standards zu zielen, bringt uns viele Vorteile wie Kundentreue und Vertrauen.<\/li>\n<\/ul>\n\n\t\t<\/div>\n\t<\/div>\n\n\t<div class=\"wpb_text_column wpb_content_element\" >\n\t\t<div class=\"wpb_wrapper\">\n\t\t\t<p><span style=\"color: #000000;\"><em>Protectiva hat sich mit seinen Niederlassungen in Polen, Deutschland, Holland und den USA die Vision gesetzt, ein f\u00fchrendes Unternehmen in der Branche zu werden, dessen Verst\u00e4ndnis auf Kundenzufriedenheit, kontinuierlicher Entwicklung, Qualit\u00e4t, Teamarbeit, sozialer Verantwortung, einem professionellen Managementansatz, der Einhaltung technologischer Entwicklungen und der Weitergabe basiert.<\/em><\/span><\/p>\n\n\t\t<\/div>\n\t<\/div>\n\t<\/div>\n<\/div><div class=\"wpb_column vc_column_container vc_col-sm-6\">\n\t<div class=\"wpb_wrapper\">\n\t<div class=\"vc_empty_space\"   style=\"height: 32px\"><span class=\"vc_empty_space_inner\"><\/span><\/div>\n\t<div class=\"wpb_text_column wpb_content_element\" >\n\t\t<div class=\"wpb_wrapper\">\n\t\t\t<p><img loading=\"lazy\" decoding=\"async\" class=\"aligncenter wp-image-19252\" src=\"https:\/\/protectiva.pl\/wp-content\/uploads\/2025\/04\/protectiva-about-1024x658.jpeg\" alt=\"\" width=\"768\" height=\"494\" \/><\/p>\n\n\t\t<\/div>\n\t<\/div>\n\t<\/div>\n<\/div><\/div>\t<div  class=\"vc_row wpb_row vc_row-fluid vc_column-gap-default ts-row-wide\"  ><div class=\"wpb_column vc_column_container vc_col-sm-12\">\n\t<div class=\"wpb_wrapper\">\n\t\n\t<div class=\"wpb_text_column wpb_content_element\" >\n\t\t<div class=\"wpb_wrapper\">\n\t\t\t<p>Wir halten die Kundenzufriedenheit auf h\u00f6chstem Niveau, um in unserem Dienstleistungsbereich der Beste zu sein. Wir sichern die Lebensqualit\u00e4t und nutzen und verfolgen die neuesten Technologien in den entsprechenden Bereichen. Wir f\u00fcgen mit unserem ununterbrochenen Verst\u00e4ndnis jeden Tag neue Werte hinzu. Anstelle des Verst\u00e4ndnisses \u201eQualit\u00e4tsprodukte und -dienstleistungen f\u00fcr einen bestimmten Kunden\u201c arbeiten wir Tag f\u00fcr Tag mit dem Verst\u00e4ndnis \u201eQualit\u00e4tsprodukte und -dienstleistungen f\u00fcr alle\u201c und entwickeln unsere Partnerschaften. Wir streben danach, die Mitarbeiterzufriedenheit auf h\u00f6chstem Niveau zu halten und aufrechtzuerhalten sowie die Arbeits- und Arbeitersicherheit aufrechtzuerhalten. Wir m\u00f6chten ein Unternehmen sein, das ihnen als Beispiel dienen m\u00f6chte und den Unternehmen in seinem T\u00e4tigkeitsbereich einen Schritt voraus ist.<\/p>\n\n\t\t<\/div>\n\t<\/div>\n\t<\/div>\n<\/div><\/div>\t<div  class=\"vc_row wpb_row vc_row-fluid vc_column-gap-default ts-row-wide\"  ><div class=\"wpb_column vc_column_container vc_col-sm-2\/5\">\n\t<div class=\"wpb_wrapper\">\n\t\n\t<div class=\"wpb_text_column wpb_content_element\" >\n\t\t<div class=\"wpb_wrapper\">\n\t\t\t<p><img loading=\"lazy\" decoding=\"async\" class=\"aligncenter wp-image-19253 size-full\" src=\"https:\/\/protectiva.pl\/wp-content\/uploads\/2025\/04\/protectiva-health-about.jpeg\" alt=\"Schutz\" width=\"735\" height=\"490\" \/><\/p>\n\n\t\t<\/div>\n\t<\/div>\n\t<\/div>\n<\/div><div class=\"wpb_column vc_column_container vc_col-sm-3\/5\">\n\t<div class=\"wpb_wrapper\">\n\t<div class=\"vc_empty_space\"   style=\"height: 32px\"><span class=\"vc_empty_space_inner\"><\/span><\/div>\n\t<div class=\"wpb_text_column wpb_content_element\" >\n\t\t<div class=\"wpb_wrapper\">\n\t\t\t<h2>Alles f\u00fcr die Gesundheit!<\/h2>\n<p><span style=\"color: #000000;\"><em>\u2013 Einf\u00fchrung von Produkten nach internationalen Standards, die auf den Schutz der menschlichen Gesundheit und die Bereitstellung von Behandlungsm\u00f6glichkeiten auf dem nationalen und lokalen Markt abzielen.<\/em><\/span><\/p>\n<p><span style=\"color: #000000;\"><em>\u2013 Kontinuierliches und ausgewogenes Wachstum, Zufriedenheit und Gesundheit unserer Kunden<\/em><\/span><\/p>\n<p><span style=\"color: #000000;\"><em>\u2013 Respektieren Sie die Umwelt und die Gesellschaft und erf\u00fcllen Sie gleichzeitig die Erwartungen der Branche<\/em><\/span><\/p>\n<p><span style=\"color: #000000;\"><em>\u2013 Ziel ist es, unseren Gesundheitseinrichtungen unsere hochtechnologischen Produkte mit hervorragender Servicequalit\u00e4t und unserem gut ausgestatteten und geschulten Personal anzubieten.<\/em><\/span><\/p>\n\n\t\t<\/div>\n\t<\/div>\n\t<\/div>\n<\/div><\/div>\t<div  class=\"vc_row wpb_row vc_row-fluid vc_column-gap-default ts-row-wide\"  ><div class=\"wpb_column vc_column_container vc_col-sm-12\">\n\t<div class=\"wpb_wrapper\">\n\t<div class=\"vc_empty_space\"   style=\"height: 32px\"><span class=\"vc_empty_space_inner\"><\/span><\/div>\t<\/div>\n<\/div><\/div>\t<div  class=\"vc_row wpb_row vc_row-fluid vc_column-gap-default ts-row-wide\"  ><div class=\"wpb_column vc_column_container vc_col-sm-12\">\n\t<div class=\"wpb_wrapper\">\n\t\n\t<div class=\"wpb_video_widget wpb_content_element vc_clearfix   vc_video-aspect-ratio-169 vc_video-el-width-100 vc_video-align-left\" >\n\t\t<div class=\"wpb_wrapper\">\n\t\t\t\n\t\t\t<div class=\"wpb_video_wrapper\"><iframe loading=\"lazy\" title=\"Protectiva Global\" width=\"500\" height=\"281\" src=\"https:\/\/www.youtube.com\/embed\/qCgjXh4O3pA?feature=oembed\" frameborder=\"0\" allow=\"accelerometer; autoplay; clipboard-write; encrypted-media; gyroscope; picture-in-picture; web-share\" referrerpolicy=\"strict-origin-when-cross-origin\" allowfullscreen><\/iframe><\/div>\n\t\t<\/div>\n\t<\/div>\n\t<\/div>\n<\/div><\/div>\n<\/div>","protected":false},"excerpt":{"rendered":"Innovative Medical Solutions With our 20 year experience and veteran staffs we are serving for both health sector and human health. With extra quality, extra care, extra reliability, and extra convenience, we are adding extras to the market with our products. With our products that stand out in terms of quality, fast delivery, and price-performance, [...]","protected":false},"author":1,"featured_media":0,"parent":0,"menu_order":0,"comment_status":"closed","ping_status":"closed","template":"","meta":{"footnotes":""},"class_list":["post-4182","page","type-page","status-publish","hentry"],"yoast_head":"<!-- This site is optimized with the Yoast SEO plugin v26.2 - https:\/\/yoast.com\/wordpress\/plugins\/seo\/ -->\n<title>About us - Protectiva.pl \u2013 Professionelle Medizinische und Hygieneprodukte | CE- &amp; ISO-zertifiziert<\/title>\n<meta name=\"robots\" content=\"index, follow, max-snippet:-1, max-image-preview:large, max-video-preview:-1\" \/>\n<link rel=\"canonical\" href=\"https:\/\/protectiva.de\/de\/uber-uns\/\" \/>\n<meta property=\"og:locale\" content=\"de_DE\" \/>\n<meta property=\"og:type\" content=\"article\" \/>\n<meta property=\"og:title\" content=\"About us - Protectiva.pl \u2013 Professionelle Medizinische und Hygieneprodukte | CE- &amp; ISO-zertifiziert\" \/>\n<meta property=\"og:url\" content=\"https:\/\/protectiva.de\/de\/uber-uns\/\" \/>\n<meta property=\"og:site_name\" content=\"Protectiva.pl \u2013 Professionelle Medizinische und Hygieneprodukte | CE- &amp; ISO-zertifiziert\" \/>\n<meta property=\"article:modified_time\" content=\"2025-05-21T15:31:43+00:00\" \/>\n<meta name=\"twitter:card\" content=\"summary_large_image\" \/>\n<meta name=\"twitter:label1\" content=\"Gesch\u00e4tzte Lesezeit\" \/>\n\t<meta name=\"twitter:data1\" content=\"2\u00a0Minuten\" \/>\n<script type=\"application\/ld+json\" class=\"yoast-schema-graph\">{\"@context\":\"https:\/\/schema.org\",\"@graph\":[{\"@type\":\"WebPage\",\"@id\":\"https:\/\/protectiva.de\/about-us\/\",\"url\":\"https:\/\/protectiva.de\/about-us\/\",\"name\":\"About us - Protectiva.pl \u2013 Professionelle Medizinische und Hygieneprodukte | CE- &amp; ISO-zertifiziert\",\"isPartOf\":{\"@id\":\"https:\/\/protectiva.de\/#website\"},\"primaryImageOfPage\":{\"@id\":\"https:\/\/protectiva.de\/about-us\/#primaryimage\"},\"image\":{\"@id\":\"https:\/\/protectiva.de\/about-us\/#primaryimage\"},\"thumbnailUrl\":\"https:\/\/protectiva.pl\/wp-content\/uploads\/2025\/04\/protectiva-about-1024x658.jpeg\",\"datePublished\":\"2015-06-20T16:11:19+00:00\",\"dateModified\":\"2025-05-21T15:31:43+00:00\",\"breadcrumb\":{\"@id\":\"https:\/\/protectiva.de\/about-us\/#breadcrumb\"},\"inLanguage\":\"de\",\"potentialAction\":[{\"@type\":\"ReadAction\",\"target\":[\"https:\/\/protectiva.de\/about-us\/\"]}]},{\"@type\":\"ImageObject\",\"inLanguage\":\"de\",\"@id\":\"https:\/\/protectiva.de\/about-us\/#primaryimage\",\"url\":\"https:\/\/protectiva.pl\/wp-content\/uploads\/2025\/04\/protectiva-about-1024x658.jpeg\",\"contentUrl\":\"https:\/\/protectiva.pl\/wp-content\/uploads\/2025\/04\/protectiva-about-1024x658.jpeg\"},{\"@type\":\"BreadcrumbList\",\"@id\":\"https:\/\/protectiva.de\/about-us\/#breadcrumb\",\"itemListElement\":[{\"@type\":\"ListItem\",\"position\":1,\"name\":\"Home\",\"item\":\"https:\/\/protectiva.de\/\"},{\"@type\":\"ListItem\",\"position\":2,\"name\":\"About us\"}]},{\"@type\":\"WebSite\",\"@id\":\"https:\/\/protectiva.de\/#website\",\"url\":\"https:\/\/protectiva.de\/\",\"name\":\"Protectiva\",\"description\":\"Innovative Medical Solutions Protectiva.de bietet hochwertige medizinische und Hygieneprodukte. Zuverl\u00e4ssige Schutzausr\u00fcstung, Sterilisationsl\u00f6sungen und Gesundheitsversorgung gem\u00e4\u00df CE- und ISO-Standards f\u00fcr Krankenh\u00e4user und Kliniken. Die ideale Wahl f\u00fcr sichere und komfortable Gesundheitsumgebungen.\",\"publisher\":{\"@id\":\"https:\/\/protectiva.de\/#organization\"},\"potentialAction\":[{\"@type\":\"SearchAction\",\"target\":{\"@type\":\"EntryPoint\",\"urlTemplate\":\"https:\/\/protectiva.de\/?s={search_term_string}\"},\"query-input\":{\"@type\":\"PropertyValueSpecification\",\"valueRequired\":true,\"valueName\":\"search_term_string\"}}],\"inLanguage\":\"de\"},{\"@type\":\"Organization\",\"@id\":\"https:\/\/protectiva.de\/#organization\",\"name\":\"Protectiva\",\"url\":\"https:\/\/protectiva.de\/\",\"logo\":{\"@type\":\"ImageObject\",\"inLanguage\":\"de\",\"@id\":\"https:\/\/protectiva.de\/#\/schema\/logo\/image\/\",\"url\":\"https:\/\/protectiva.de\/wp-content\/uploads\/2025\/03\/logo-protectiva-son-hali.png\",\"contentUrl\":\"https:\/\/protectiva.de\/wp-content\/uploads\/2025\/03\/logo-protectiva-son-hali.png\",\"width\":1140,\"height\":585,\"caption\":\"Protectiva\"},\"image\":{\"@id\":\"https:\/\/protectiva.de\/#\/schema\/logo\/image\/\"}}]}<\/script>\n<!-- \/ Yoast SEO plugin. -->","yoast_head_json":{"title":"About us - Protectiva.pl \u2013 Professionelle Medizinische und Hygieneprodukte | CE- &amp; ISO-zertifiziert","robots":{"index":"index","follow":"follow","max-snippet":"max-snippet:-1","max-image-preview":"max-image-preview:large","max-video-preview":"max-video-preview:-1"},"canonical":"https:\/\/protectiva.de\/de\/uber-uns\/","og_locale":"de_DE","og_type":"article","og_title":"About us - Protectiva.pl \u2013 Professionelle Medizinische und Hygieneprodukte | CE- &amp; ISO-zertifiziert","og_url":"https:\/\/protectiva.de\/de\/uber-uns\/","og_site_name":"Protectiva.pl \u2013 Professionelle Medizinische und Hygieneprodukte | CE- &amp; ISO-zertifiziert","article_modified_time":"2025-05-21T15:31:43+00:00","twitter_card":"summary_large_image","twitter_misc":{"Gesch\u00e4tzte Lesezeit":"2\u00a0Minuten"},"schema":{"@context":"https:\/\/schema.org","@graph":[{"@type":"WebPage","@id":"https:\/\/protectiva.de\/about-us\/","url":"https:\/\/protectiva.de\/about-us\/","name":"About us - Protectiva.pl \u2013 Professionelle Medizinische und Hygieneprodukte | CE- &amp; ISO-zertifiziert","isPartOf":{"@id":"https:\/\/protectiva.de\/#website"},"primaryImageOfPage":{"@id":"https:\/\/protectiva.de\/about-us\/#primaryimage"},"image":{"@id":"https:\/\/protectiva.de\/about-us\/#primaryimage"},"thumbnailUrl":"https:\/\/protectiva.pl\/wp-content\/uploads\/2025\/04\/protectiva-about-1024x658.jpeg","datePublished":"2015-06-20T16:11:19+00:00","dateModified":"2025-05-21T15:31:43+00:00","breadcrumb":{"@id":"https:\/\/protectiva.de\/about-us\/#breadcrumb"},"inLanguage":"de","potentialAction":[{"@type":"ReadAction","target":["https:\/\/protectiva.de\/about-us\/"]}]},{"@type":"ImageObject","inLanguage":"de","@id":"https:\/\/protectiva.de\/about-us\/#primaryimage","url":"https:\/\/protectiva.pl\/wp-content\/uploads\/2025\/04\/protectiva-about-1024x658.jpeg","contentUrl":"https:\/\/protectiva.pl\/wp-content\/uploads\/2025\/04\/protectiva-about-1024x658.jpeg"},{"@type":"BreadcrumbList","@id":"https:\/\/protectiva.de\/about-us\/#breadcrumb","itemListElement":[{"@type":"ListItem","position":1,"name":"Home","item":"https:\/\/protectiva.de\/"},{"@type":"ListItem","position":2,"name":"About us"}]},{"@type":"WebSite","@id":"https:\/\/protectiva.de\/#website","url":"https:\/\/protectiva.de\/","name":"Protectiva","description":"Innovative Medical Solutions Protectiva.de bietet hochwertige medizinische und Hygieneprodukte. Zuverl\u00e4ssige Schutzausr\u00fcstung, Sterilisationsl\u00f6sungen und Gesundheitsversorgung gem\u00e4\u00df CE- und ISO-Standards f\u00fcr Krankenh\u00e4user und Kliniken. Die ideale Wahl f\u00fcr sichere und komfortable Gesundheitsumgebungen.","publisher":{"@id":"https:\/\/protectiva.de\/#organization"},"potentialAction":[{"@type":"SearchAction","target":{"@type":"EntryPoint","urlTemplate":"https:\/\/protectiva.de\/?s={search_term_string}"},"query-input":{"@type":"PropertyValueSpecification","valueRequired":true,"valueName":"search_term_string"}}],"inLanguage":"de"},{"@type":"Organization","@id":"https:\/\/protectiva.de\/#organization","name":"Protectiva","url":"https:\/\/protectiva.de\/","logo":{"@type":"ImageObject","inLanguage":"de","@id":"https:\/\/protectiva.de\/#\/schema\/logo\/image\/","url":"https:\/\/protectiva.de\/wp-content\/uploads\/2025\/03\/logo-protectiva-son-hali.png","contentUrl":"https:\/\/protectiva.de\/wp-content\/uploads\/2025\/03\/logo-protectiva-son-hali.png","width":1140,"height":585,"caption":"Protectiva"},"image":{"@id":"https:\/\/protectiva.de\/#\/schema\/logo\/image\/"}}]}},"_links":{"self":[{"href":"https:\/\/protectiva.de\/de\/wp-json\/wp\/v2\/pages\/4182","targetHints":{"allow":["GET"]}}],"collection":[{"href":"https:\/\/protectiva.de\/de\/wp-json\/wp\/v2\/pages"}],"about":[{"href":"https:\/\/protectiva.de\/de\/wp-json\/wp\/v2\/types\/page"}],"author":[{"embeddable":true,"href":"https:\/\/protectiva.de\/de\/wp-json\/wp\/v2\/users\/1"}],"replies":[{"embeddable":true,"href":"https:\/\/protectiva.de\/de\/wp-json\/wp\/v2\/comments?post=4182"}],"version-history":[{"count":1,"href":"https:\/\/protectiva.de\/de\/wp-json\/wp\/v2\/pages\/4182\/revisions"}],"predecessor-version":[{"id":19362,"href":"https:\/\/protectiva.de\/de\/wp-json\/wp\/v2\/pages\/4182\/revisions\/19362"}],"wp:attachment":[{"href":"https:\/\/protectiva.de\/de\/wp-json\/wp\/v2\/media?parent=4182"}],"curies":[{"name":"wp","href":"https:\/\/api.w.org\/{rel}","templated":true}]}}